{"id":1361,"date":"2025-01-26T17:38:08","date_gmt":"2025-01-26T14:38:08","guid":{"rendered":"https:\/\/ticaret.edu.tr\/havacilik-yonetimi\/?page_id=1361"},"modified":"2026-01-21T10:19:19","modified_gmt":"2026-01-21T07:19:19","slug":"departments-quality-assurance-committee","status":"publish","type":"page","link":"http:\/\/ticaret.edu.tr\/havacilik-yonetimi\/en\/departments-quality-assurance-committee\/","title":{"rendered":"Department&#8217;s Quality Assurance Committee"},"content":{"rendered":"<p data-start=\"0\" data-end=\"65\"><strong data-start=\"0\" data-end=\"65\">Department of Aviation Management Quality Assurance Committee<\/strong><\/p>\n<p data-start=\"67\" data-end=\"107\"><strong data-start=\"67\" data-end=\"89\">Head of Department<\/strong><br data-start=\"89\" data-end=\"92\" \/>Dr. Tuncel \u00d6z<\/p>\n<p data-start=\"109\" data-end=\"158\"><strong data-start=\"109\" data-end=\"131\">Quality Ambassador<\/strong><br data-start=\"131\" data-end=\"134\" \/>Res. Asst. \u015e\u00fckr\u00fc Budak<\/p>\n<p data-start=\"160\" data-end=\"198\"><strong data-start=\"160\" data-end=\"178\">Elected Member<\/strong><br data-start=\"178\" data-end=\"181\" \/>Dr. \u00dcmit Kanmaz<\/p>\n<p data-start=\"200\" data-end=\"244\" data-is-last-node=\"\" data-is-only-node=\"\"><strong data-start=\"200\" data-end=\"226\">Student Representative<\/strong><br data-start=\"226\" data-end=\"229\" \/>Melikcan Sel\u00e7uk<\/p>\n","protected":false},"excerpt":{"rendered":"<p>Department of Aviation Management Quality Assurance Committee Head of DepartmentDr. Tuncel \u00d6z Quality AmbassadorRes. Asst. \u015e\u00fckr\u00fc Budak Elected MemberDr. \u00dcmit Kanmaz Student RepresentativeMelikcan Sel\u00e7uk<\/p>\n","protected":false},"author":139,"featured_media":0,"parent":0,"menu_order":0,"comment_status":"closed","ping_status":"closed","template":"genel_sayfa.php","meta":{"footnotes":""},"yoast_head":"<!-- This site is optimized with the Yoast SEO Premium plugin v22.1 (Yoast SEO v22.1) - https:\/\/yoast.com\/wordpress\/plugins\/seo\/ -->\n<title>Department&#039;s Quality Assurance Committee - Havac\u0131l\u0131k Y\u00f6netimi<\/title>\n<meta name=\"robots\" content=\"index, follow, max-snippet:-1, max-image-preview:large, max-video-preview:-1\" \/>\n<link rel=\"canonical\" href=\"http:\/\/ticaret.edu.tr\/havacilik-yonetimi\/en\/departments-quality-assurance-committee\/\" \/>\n<meta property=\"og:locale\" content=\"tr_TR\" \/>\n<meta property=\"og:type\" content=\"article\" \/>\n<meta property=\"og:title\" content=\"Department&#039;s Quality Assurance Committee\" \/>\n<meta property=\"og:description\" content=\"Department of Aviation Management Quality Assurance Committee Head of DepartmentDr. Tuncel \u00d6z Quality AmbassadorRes. Asst. \u015e\u00fckr\u00fc Budak Elected MemberDr. \u00dcmit Kanmaz Student RepresentativeMelikcan Sel\u00e7uk\" \/>\n<meta property=\"og:url\" content=\"http:\/\/ticaret.edu.tr\/havacilik-yonetimi\/en\/departments-quality-assurance-committee\/\" \/>\n<meta property=\"og:site_name\" content=\"Havac\u0131l\u0131k Y\u00f6netimi\" \/>\n<meta property=\"article:publisher\" content=\"https:\/\/www.facebook.com\/ticaretedutr\" \/>\n<meta property=\"article:modified_time\" content=\"2026-01-21T07:19:19+00:00\" \/>\n<meta property=\"og:image\" content=\"http:\/\/ticaret.edu.tr\/havacilik-yonetimi\/wp-content\/uploads\/sites\/10\/2021\/11\/web_logo-01.jpg\" \/>\n\t<meta property=\"og:image:width\" content=\"1250\" \/>\n\t<meta property=\"og:image:height\" content=\"833\" \/>\n\t<meta property=\"og:image:type\" content=\"image\/jpeg\" \/>\n<meta name=\"twitter:card\" content=\"summary_large_image\" \/>\n<meta name=\"twitter:site\" content=\"@ticaretedutr\" \/>\n<meta name=\"twitter:label1\" content=\"Tahmini okuma s\u00fcresi\" \/>\n\t<meta name=\"twitter:data1\" content=\"1 dakika\" \/>\n<script type=\"application\/ld+json\" class=\"yoast-schema-graph\">{\"@context\":\"https:\/\/schema.org\",\"@graph\":[{\"@type\":\"WebPage\",\"@id\":\"http:\/\/ticaret.edu.tr\/havacilik-yonetimi\/en\/departments-quality-assurance-committee\/\",\"url\":\"http:\/\/ticaret.edu.tr\/havacilik-yonetimi\/en\/departments-quality-assurance-committee\/\",\"name\":\"Department's Quality Assurance Committee - Havac\u0131l\u0131k Y\u00f6netimi\",\"isPartOf\":{\"@id\":\"https:\/\/ticaret.edu.tr\/havacilik-yonetimi\/en\/#website\"},\"datePublished\":\"2025-01-26T14:38:08+00:00\",\"dateModified\":\"2026-01-21T07:19:19+00:00\",\"breadcrumb\":{\"@id\":\"http:\/\/ticaret.edu.tr\/havacilik-yonetimi\/en\/departments-quality-assurance-committee\/#breadcrumb\"},\"inLanguage\":\"tr\",\"potentialAction\":[{\"@type\":\"ReadAction\",\"target\":[\"http:\/\/ticaret.edu.tr\/havacilik-yonetimi\/en\/departments-quality-assurance-committee\/\"]}]},{\"@type\":\"BreadcrumbList\",\"@id\":\"http:\/\/ticaret.edu.tr\/havacilik-yonetimi\/en\/departments-quality-assurance-committee\/#breadcrumb\",\"itemListElement\":[{\"@type\":\"ListItem\",\"position\":1,\"name\":\"Ana sayfa\",\"item\":\"https:\/\/ticaret.edu.tr\/havacilik-yonetimi\/\"},{\"@type\":\"ListItem\",\"position\":2,\"name\":\"Department&#8217;s Quality Assurance Committee\"}]},{\"@type\":\"WebSite\",\"@id\":\"https:\/\/ticaret.edu.tr\/havacilik-yonetimi\/en\/#website\",\"url\":\"https:\/\/ticaret.edu.tr\/havacilik-yonetimi\/en\/\",\"name\":\"Havac\u0131l\u0131k Y\u00f6netimi\",\"description\":\"\",\"potentialAction\":[{\"@type\":\"SearchAction\",\"target\":{\"@type\":\"EntryPoint\",\"urlTemplate\":\"https:\/\/ticaret.edu.tr\/havacilik-yonetimi\/en\/?s={search_term_string}\"},\"query-input\":\"required name=search_term_string\"}],\"inLanguage\":\"tr\"}]}<\/script>\n<!-- \/ Yoast SEO Premium plugin. -->","yoast_head_json":{"title":"Department's Quality Assurance Committee - Havac\u0131l\u0131k Y\u00f6netimi","robots":{"index":"index","follow":"follow","max-snippet":"max-snippet:-1","max-image-preview":"max-image-preview:large","max-video-preview":"max-video-preview:-1"},"canonical":"http:\/\/ticaret.edu.tr\/havacilik-yonetimi\/en\/departments-quality-assurance-committee\/","og_locale":"tr_TR","og_type":"article","og_title":"Department's Quality Assurance Committee","og_description":"Department of Aviation Management Quality Assurance Committee Head of DepartmentDr. Tuncel \u00d6z Quality AmbassadorRes. Asst. \u015e\u00fckr\u00fc Budak Elected MemberDr. \u00dcmit Kanmaz Student RepresentativeMelikcan Sel\u00e7uk","og_url":"http:\/\/ticaret.edu.tr\/havacilik-yonetimi\/en\/departments-quality-assurance-committee\/","og_site_name":"Havac\u0131l\u0131k Y\u00f6netimi","article_publisher":"https:\/\/www.facebook.com\/ticaretedutr","article_modified_time":"2026-01-21T07:19:19+00:00","og_image":[{"width":1250,"height":833,"url":"http:\/\/ticaret.edu.tr\/havacilik-yonetimi\/wp-content\/uploads\/sites\/10\/2021\/11\/web_logo-01.jpg","type":"image\/jpeg"}],"twitter_card":"summary_large_image","twitter_site":"@ticaretedutr","twitter_misc":{"Tahmini okuma s\u00fcresi":"1 dakika"},"schema":{"@context":"https:\/\/schema.org","@graph":[{"@type":"WebPage","@id":"http:\/\/ticaret.edu.tr\/havacilik-yonetimi\/en\/departments-quality-assurance-committee\/","url":"http:\/\/ticaret.edu.tr\/havacilik-yonetimi\/en\/departments-quality-assurance-committee\/","name":"Department's Quality Assurance Committee - Havac\u0131l\u0131k Y\u00f6netimi","isPartOf":{"@id":"https:\/\/ticaret.edu.tr\/havacilik-yonetimi\/en\/#website"},"datePublished":"2025-01-26T14:38:08+00:00","dateModified":"2026-01-21T07:19:19+00:00","breadcrumb":{"@id":"http:\/\/ticaret.edu.tr\/havacilik-yonetimi\/en\/departments-quality-assurance-committee\/#breadcrumb"},"inLanguage":"tr","potentialAction":[{"@type":"ReadAction","target":["http:\/\/ticaret.edu.tr\/havacilik-yonetimi\/en\/departments-quality-assurance-committee\/"]}]},{"@type":"BreadcrumbList","@id":"http:\/\/ticaret.edu.tr\/havacilik-yonetimi\/en\/departments-quality-assurance-committee\/#breadcrumb","itemListElement":[{"@type":"ListItem","position":1,"name":"Ana sayfa","item":"https:\/\/ticaret.edu.tr\/havacilik-yonetimi\/"},{"@type":"ListItem","position":2,"name":"Department&#8217;s Quality Assurance Committee"}]},{"@type":"WebSite","@id":"https:\/\/ticaret.edu.tr\/havacilik-yonetimi\/en\/#website","url":"https:\/\/ticaret.edu.tr\/havacilik-yonetimi\/en\/","name":"Havac\u0131l\u0131k Y\u00f6netimi","description":"","potentialAction":[{"@type":"SearchAction","target":{"@type":"EntryPoint","urlTemplate":"https:\/\/ticaret.edu.tr\/havacilik-yonetimi\/en\/?s={search_term_string}"},"query-input":"required name=search_term_string"}],"inLanguage":"tr"}]}},"lang":"en","translations":{"en":1361,"tr":1359},"pll_sync_post":[],"_links":{"self":[{"href":"http:\/\/ticaret.edu.tr\/havacilik-yonetimi\/wp-json\/wp\/v2\/pages\/1361"}],"collection":[{"href":"http:\/\/ticaret.edu.tr\/havacilik-yonetimi\/wp-json\/wp\/v2\/pages"}],"about":[{"href":"http:\/\/ticaret.edu.tr\/havacilik-yonetimi\/wp-json\/wp\/v2\/types\/page"}],"author":[{"embeddable":true,"href":"http:\/\/ticaret.edu.tr\/havacilik-yonetimi\/wp-json\/wp\/v2\/users\/139"}],"replies":[{"embeddable":true,"href":"http:\/\/ticaret.edu.tr\/havacilik-yonetimi\/wp-json\/wp\/v2\/comments?post=1361"}],"version-history":[{"count":2,"href":"http:\/\/ticaret.edu.tr\/havacilik-yonetimi\/wp-json\/wp\/v2\/pages\/1361\/revisions"}],"predecessor-version":[{"id":1961,"href":"http:\/\/ticaret.edu.tr\/havacilik-yonetimi\/wp-json\/wp\/v2\/pages\/1361\/revisions\/1961"}],"wp:attachment":[{"href":"http:\/\/ticaret.edu.tr\/havacilik-yonetimi\/wp-json\/wp\/v2\/media?parent=1361"}],"curies":[{"name":"wp","href":"https:\/\/api.w.org\/{rel}","templated":true}]}}