{"id":1363,"date":"2025-01-26T17:38:23","date_gmt":"2025-01-26T14:38:23","guid":{"rendered":"https:\/\/ticaret.edu.tr\/havacilik-yonetimi\/?page_id=1363"},"modified":"2025-12-22T10:36:49","modified_gmt":"2025-12-22T07:36:49","slug":"bolum-danisma-kurulu","status":"publish","type":"page","link":"http:\/\/ticaret.edu.tr\/havacilik-yonetimi\/bolum-danisma-kurulu\/","title":{"rendered":"B\u00f6l\u00fcm Dan\u0131\u015fma Kurulu"},"content":{"rendered":"<p><a href=\"http:\/\/ticaret.edu.tr\/havacilik-yonetimi\/wp-content\/uploads\/sites\/10\/2025\/03\/HAVACILIK-YONETIMI-BOLUMU-DANISMA-KURULU.docx\">HAVACILIK Y\u00d6NET\u0130M\u0130 B\u00d6L\u00dcM\u00dc DANI\u015eMA KURULU<\/a><\/p>\n<table width=\"653\">\n<tbody>\n<tr>\n<td colspan=\"3\" width=\"642\"><strong>HAVACILIK Y\u00d6NET\u0130M\u0130 B\u00d6L\u00dcM\u00dc DANI\u015eMA KURULU<\/strong><\/td>\n<\/tr>\n<tr>\n<td width=\"191\"><strong>Unvan \/ Ad Soyad<\/strong><\/td>\n<td width=\"218\"><strong>\u00c7al\u0131\u015ft\u0131\u011f\u0131 Kurum<\/strong><\/td>\n<td width=\"232\"><strong>G\u00f6revi<\/strong><\/td>\n<\/tr>\n<tr>\n<td width=\"191\">Dr. \u00d6\u011fr. \u00dcyesi Tuncel \u00d6z<\/td>\n<td width=\"218\">\u0130stanbul Ticaret \u00dcniversitesi<\/td>\n<td width=\"232\">B\u00f6l\u00fcm Ba\u015fkan\u0131<\/td>\n<\/tr>\n<tr>\n<td width=\"191\">Dr. \u00d6\u011fr. \u00dcyesi \u00dcmit Kanmaz<\/td>\n<td width=\"218\">\u0130stanbul Ticaret \u00dcniversitesi<\/td>\n<td width=\"232\">B\u00f6l\u00fcm \u00d6\u011fretim \u00dcyesi<\/td>\n<\/tr>\n<tr>\n<td width=\"191\">Ar\u015f. G\u00f6r. \u015e\u00fckr\u00fc Budak<\/td>\n<td width=\"218\">\u0130stanbul Ticaret \u00dcniversitesi<\/td>\n<td width=\"232\">B\u00f6l\u00fcm Kalite El\u00e7isi<\/td>\n<\/tr>\n<tr>\n<td width=\"191\">Melikcan Sel\u00e7uk<\/td>\n<td width=\"218\">\u0130stanbul Ticaret \u00dcniversitesi<\/td>\n<td width=\"232\">B\u00f6l\u00fcm \u00d6\u011frenci Temsilcisi<\/td>\n<\/tr>\n<tr>\n<td width=\"191\">Dr. Sel\u00e7uk \u00c7apuk<\/td>\n<td width=\"218\">TGS Yer Hizmetleri A.\u015e \/ Ni\u015fanta\u015f\u0131 \u00dcniversitesi<\/td>\n<td width=\"232\">Sabiha G\u00f6k\u00e7en Havaliman\u0131 \u0130stasyon M\u00fcd\u00fcr\u00fc<\/td>\n<\/tr>\n<tr>\n<td width=\"191\">Dr. Sencerhan Avc\u0131<\/td>\n<td width=\"218\">T\u00fcrk Hava Yollar\u0131<\/td>\n<td width=\"232\">Loadmaster Koordinasyon ve Planlama M\u00fcd\u00fcr\u00fc<\/td>\n<\/tr>\n<tr>\n<td width=\"191\">Derya Pekruh Ger\u00e7eker<\/td>\n<td width=\"218\">Singapore Airlines<\/td>\n<td width=\"232\">Pazarlama ve Hizmetler M\u00fcd\u00fcr\u00fc<\/td>\n<\/tr>\n<\/tbody>\n<\/table>\n<p>&nbsp;<\/p>\n<p><a href=\"http:\/\/ticaret.edu.tr\/havacilik-yonetimi\/wp-content\/uploads\/sites\/10\/2025\/12\/11.09.2025-Bolum-Danisma-Kurulu-Toplantisi.pdf\">11.09.2025 B\u00f6l\u00fcm Dan\u0131\u015fma Kurulu Toplant\u0131s\u0131<\/a><\/p>\n<p><a href=\"http:\/\/ticaret.edu.tr\/havacilik-yonetimi\/wp-content\/uploads\/sites\/10\/2025\/12\/20.03.2025-Bolum-Danisma-Kurulu-Toplantisi.pdf\">20.03.2025 B\u00f6l\u00fcm Dan\u0131\u015fma Kurulu Toplant\u0131s\u0131<\/a><\/p>\n","protected":false},"excerpt":{"rendered":"<p>HAVACILIK Y\u00d6NET\u0130M\u0130 B\u00d6L\u00dcM\u00dc DANI\u015eMA KURULU HAVACILIK Y\u00d6NET\u0130M\u0130 B\u00d6L\u00dcM\u00dc DANI\u015eMA KURULU Unvan \/ Ad Soyad \u00c7al\u0131\u015ft\u0131\u011f\u0131 Kurum G\u00f6revi Dr. \u00d6\u011fr. \u00dcyesi Tuncel \u00d6z \u0130stanbul Ticaret \u00dcniversitesi B\u00f6l\u00fcm Ba\u015fkan\u0131 Dr. \u00d6\u011fr. \u00dcyesi \u00dcmit Kanmaz \u0130stanbul Ticaret \u00dcniversitesi B\u00f6l\u00fcm \u00d6\u011fretim \u00dcyesi Ar\u015f. G\u00f6r. \u015e\u00fckr\u00fc Budak \u0130stanbul Ticaret \u00dcniversitesi B\u00f6l\u00fcm Kalite El\u00e7isi Melikcan Sel\u00e7uk \u0130stanbul Ticaret \u00dcniversitesi B\u00f6l\u00fcm \u00d6\u011frenci [&hellip;]<\/p>\n","protected":false},"author":139,"featured_media":0,"parent":0,"menu_order":0,"comment_status":"closed","ping_status":"closed","template":"genel_sayfa.php","meta":{"footnotes":""},"yoast_head":"<!-- This site is optimized with the Yoast SEO Premium plugin v22.1 (Yoast SEO v22.1) - https:\/\/yoast.com\/wordpress\/plugins\/seo\/ -->\n<title>B\u00f6l\u00fcm Dan\u0131\u015fma Kurulu - Havac\u0131l\u0131k Y\u00f6netimi<\/title>\n<meta name=\"robots\" content=\"index, follow, max-snippet:-1, max-image-preview:large, max-video-preview:-1\" \/>\n<link rel=\"canonical\" href=\"http:\/\/ticaret.edu.tr\/havacilik-yonetimi\/bolum-danisma-kurulu\/\" \/>\n<meta property=\"og:locale\" content=\"tr_TR\" \/>\n<meta property=\"og:type\" content=\"article\" \/>\n<meta property=\"og:title\" content=\"B\u00f6l\u00fcm Dan\u0131\u015fma Kurulu\" \/>\n<meta property=\"og:description\" content=\"HAVACILIK Y\u00d6NET\u0130M\u0130 B\u00d6L\u00dcM\u00dc DANI\u015eMA KURULU HAVACILIK Y\u00d6NET\u0130M\u0130 B\u00d6L\u00dcM\u00dc DANI\u015eMA KURULU Unvan \/ Ad Soyad \u00c7al\u0131\u015ft\u0131\u011f\u0131 Kurum G\u00f6revi Dr. \u00d6\u011fr. \u00dcyesi Tuncel \u00d6z \u0130stanbul Ticaret \u00dcniversitesi B\u00f6l\u00fcm Ba\u015fkan\u0131 Dr. \u00d6\u011fr. \u00dcyesi \u00dcmit Kanmaz \u0130stanbul Ticaret \u00dcniversitesi B\u00f6l\u00fcm \u00d6\u011fretim \u00dcyesi Ar\u015f. G\u00f6r. \u015e\u00fckr\u00fc Budak \u0130stanbul Ticaret \u00dcniversitesi B\u00f6l\u00fcm Kalite El\u00e7isi Melikcan Sel\u00e7uk \u0130stanbul Ticaret \u00dcniversitesi B\u00f6l\u00fcm \u00d6\u011frenci [&hellip;]\" \/>\n<meta property=\"og:url\" content=\"http:\/\/ticaret.edu.tr\/havacilik-yonetimi\/bolum-danisma-kurulu\/\" \/>\n<meta property=\"og:site_name\" content=\"Havac\u0131l\u0131k Y\u00f6netimi\" \/>\n<meta property=\"article:publisher\" content=\"https:\/\/www.facebook.com\/ticaretedutr\" \/>\n<meta property=\"article:modified_time\" content=\"2025-12-22T07:36:49+00:00\" \/>\n<meta property=\"og:image\" content=\"http:\/\/ticaret.edu.tr\/havacilik-yonetimi\/wp-content\/uploads\/sites\/10\/2021\/11\/web_logo-01.jpg\" \/>\n\t<meta property=\"og:image:width\" content=\"1250\" \/>\n\t<meta property=\"og:image:height\" content=\"833\" \/>\n\t<meta property=\"og:image:type\" content=\"image\/jpeg\" \/>\n<meta name=\"twitter:card\" content=\"summary_large_image\" \/>\n<meta name=\"twitter:site\" content=\"@ticaretedutr\" \/>\n<meta name=\"twitter:label1\" content=\"Tahmini okuma s\u00fcresi\" \/>\n\t<meta name=\"twitter:data1\" content=\"1 dakika\" \/>\n<script type=\"application\/ld+json\" class=\"yoast-schema-graph\">{\"@context\":\"https:\/\/schema.org\",\"@graph\":[{\"@type\":\"WebPage\",\"@id\":\"http:\/\/ticaret.edu.tr\/havacilik-yonetimi\/bolum-danisma-kurulu\/\",\"url\":\"http:\/\/ticaret.edu.tr\/havacilik-yonetimi\/bolum-danisma-kurulu\/\",\"name\":\"B\u00f6l\u00fcm Dan\u0131\u015fma Kurulu - Havac\u0131l\u0131k Y\u00f6netimi\",\"isPartOf\":{\"@id\":\"https:\/\/ticaret.edu.tr\/havacilik-yonetimi\/en\/#website\"},\"datePublished\":\"2025-01-26T14:38:23+00:00\",\"dateModified\":\"2025-12-22T07:36:49+00:00\",\"breadcrumb\":{\"@id\":\"http:\/\/ticaret.edu.tr\/havacilik-yonetimi\/bolum-danisma-kurulu\/#breadcrumb\"},\"inLanguage\":\"tr\",\"potentialAction\":[{\"@type\":\"ReadAction\",\"target\":[\"http:\/\/ticaret.edu.tr\/havacilik-yonetimi\/bolum-danisma-kurulu\/\"]}]},{\"@type\":\"BreadcrumbList\",\"@id\":\"http:\/\/ticaret.edu.tr\/havacilik-yonetimi\/bolum-danisma-kurulu\/#breadcrumb\",\"itemListElement\":[{\"@type\":\"ListItem\",\"position\":1,\"name\":\"Ana sayfa\",\"item\":\"https:\/\/ticaret.edu.tr\/havacilik-yonetimi\/\"},{\"@type\":\"ListItem\",\"position\":2,\"name\":\"B\u00f6l\u00fcm Dan\u0131\u015fma Kurulu\"}]},{\"@type\":\"WebSite\",\"@id\":\"https:\/\/ticaret.edu.tr\/havacilik-yonetimi\/en\/#website\",\"url\":\"https:\/\/ticaret.edu.tr\/havacilik-yonetimi\/en\/\",\"name\":\"Havac\u0131l\u0131k Y\u00f6netimi\",\"description\":\"\",\"potentialAction\":[{\"@type\":\"SearchAction\",\"target\":{\"@type\":\"EntryPoint\",\"urlTemplate\":\"https:\/\/ticaret.edu.tr\/havacilik-yonetimi\/en\/?s={search_term_string}\"},\"query-input\":\"required name=search_term_string\"}],\"inLanguage\":\"tr\"}]}<\/script>\n<!-- \/ Yoast SEO Premium plugin. -->","yoast_head_json":{"title":"B\u00f6l\u00fcm Dan\u0131\u015fma Kurulu - Havac\u0131l\u0131k Y\u00f6netimi","robots":{"index":"index","follow":"follow","max-snippet":"max-snippet:-1","max-image-preview":"max-image-preview:large","max-video-preview":"max-video-preview:-1"},"canonical":"http:\/\/ticaret.edu.tr\/havacilik-yonetimi\/bolum-danisma-kurulu\/","og_locale":"tr_TR","og_type":"article","og_title":"B\u00f6l\u00fcm Dan\u0131\u015fma Kurulu","og_description":"HAVACILIK Y\u00d6NET\u0130M\u0130 B\u00d6L\u00dcM\u00dc DANI\u015eMA KURULU HAVACILIK Y\u00d6NET\u0130M\u0130 B\u00d6L\u00dcM\u00dc DANI\u015eMA KURULU Unvan \/ Ad Soyad \u00c7al\u0131\u015ft\u0131\u011f\u0131 Kurum G\u00f6revi Dr. \u00d6\u011fr. \u00dcyesi Tuncel \u00d6z \u0130stanbul Ticaret \u00dcniversitesi B\u00f6l\u00fcm Ba\u015fkan\u0131 Dr. \u00d6\u011fr. \u00dcyesi \u00dcmit Kanmaz \u0130stanbul Ticaret \u00dcniversitesi B\u00f6l\u00fcm \u00d6\u011fretim \u00dcyesi Ar\u015f. G\u00f6r. \u015e\u00fckr\u00fc Budak \u0130stanbul Ticaret \u00dcniversitesi B\u00f6l\u00fcm Kalite El\u00e7isi Melikcan Sel\u00e7uk \u0130stanbul Ticaret \u00dcniversitesi B\u00f6l\u00fcm \u00d6\u011frenci [&hellip;]","og_url":"http:\/\/ticaret.edu.tr\/havacilik-yonetimi\/bolum-danisma-kurulu\/","og_site_name":"Havac\u0131l\u0131k Y\u00f6netimi","article_publisher":"https:\/\/www.facebook.com\/ticaretedutr","article_modified_time":"2025-12-22T07:36:49+00:00","og_image":[{"width":1250,"height":833,"url":"http:\/\/ticaret.edu.tr\/havacilik-yonetimi\/wp-content\/uploads\/sites\/10\/2021\/11\/web_logo-01.jpg","type":"image\/jpeg"}],"twitter_card":"summary_large_image","twitter_site":"@ticaretedutr","twitter_misc":{"Tahmini okuma s\u00fcresi":"1 dakika"},"schema":{"@context":"https:\/\/schema.org","@graph":[{"@type":"WebPage","@id":"http:\/\/ticaret.edu.tr\/havacilik-yonetimi\/bolum-danisma-kurulu\/","url":"http:\/\/ticaret.edu.tr\/havacilik-yonetimi\/bolum-danisma-kurulu\/","name":"B\u00f6l\u00fcm Dan\u0131\u015fma Kurulu - Havac\u0131l\u0131k Y\u00f6netimi","isPartOf":{"@id":"https:\/\/ticaret.edu.tr\/havacilik-yonetimi\/en\/#website"},"datePublished":"2025-01-26T14:38:23+00:00","dateModified":"2025-12-22T07:36:49+00:00","breadcrumb":{"@id":"http:\/\/ticaret.edu.tr\/havacilik-yonetimi\/bolum-danisma-kurulu\/#breadcrumb"},"inLanguage":"tr","potentialAction":[{"@type":"ReadAction","target":["http:\/\/ticaret.edu.tr\/havacilik-yonetimi\/bolum-danisma-kurulu\/"]}]},{"@type":"BreadcrumbList","@id":"http:\/\/ticaret.edu.tr\/havacilik-yonetimi\/bolum-danisma-kurulu\/#breadcrumb","itemListElement":[{"@type":"ListItem","position":1,"name":"Ana sayfa","item":"https:\/\/ticaret.edu.tr\/havacilik-yonetimi\/"},{"@type":"ListItem","position":2,"name":"B\u00f6l\u00fcm Dan\u0131\u015fma Kurulu"}]},{"@type":"WebSite","@id":"https:\/\/ticaret.edu.tr\/havacilik-yonetimi\/en\/#website","url":"https:\/\/ticaret.edu.tr\/havacilik-yonetimi\/en\/","name":"Havac\u0131l\u0131k Y\u00f6netimi","description":"","potentialAction":[{"@type":"SearchAction","target":{"@type":"EntryPoint","urlTemplate":"https:\/\/ticaret.edu.tr\/havacilik-yonetimi\/en\/?s={search_term_string}"},"query-input":"required name=search_term_string"}],"inLanguage":"tr"}]}},"lang":"tr","translations":{"en":1365,"tr":1363},"pll_sync_post":[],"_links":{"self":[{"href":"http:\/\/ticaret.edu.tr\/havacilik-yonetimi\/wp-json\/wp\/v2\/pages\/1363"}],"collection":[{"href":"http:\/\/ticaret.edu.tr\/havacilik-yonetimi\/wp-json\/wp\/v2\/pages"}],"about":[{"href":"http:\/\/ticaret.edu.tr\/havacilik-yonetimi\/wp-json\/wp\/v2\/types\/page"}],"author":[{"embeddable":true,"href":"http:\/\/ticaret.edu.tr\/havacilik-yonetimi\/wp-json\/wp\/v2\/users\/139"}],"replies":[{"embeddable":true,"href":"http:\/\/ticaret.edu.tr\/havacilik-yonetimi\/wp-json\/wp\/v2\/comments?post=1363"}],"version-history":[{"count":9,"href":"http:\/\/ticaret.edu.tr\/havacilik-yonetimi\/wp-json\/wp\/v2\/pages\/1363\/revisions"}],"predecessor-version":[{"id":1873,"href":"http:\/\/ticaret.edu.tr\/havacilik-yonetimi\/wp-json\/wp\/v2\/pages\/1363\/revisions\/1873"}],"wp:attachment":[{"href":"http:\/\/ticaret.edu.tr\/havacilik-yonetimi\/wp-json\/wp\/v2\/media?parent=1363"}],"curies":[{"name":"wp","href":"https:\/\/api.w.org\/{rel}","templated":true}]}}