{"id":1365,"date":"2025-01-26T17:38:39","date_gmt":"2025-01-26T14:38:39","guid":{"rendered":"https:\/\/ticaret.edu.tr\/havacilik-yonetimi\/?page_id=1365"},"modified":"2026-01-21T10:22:45","modified_gmt":"2026-01-21T07:22:45","slug":"departments-advisory-board","status":"publish","type":"page","link":"http:\/\/ticaret.edu.tr\/havacilik-yonetimi\/en\/departments-advisory-board\/","title":{"rendered":"Department&#8217;s Advisory Board"},"content":{"rendered":"<p data-start=\"0\" data-end=\"51\"><strong>Department of Aviation Management Advisory Board<\/strong><\/p>\n<div class=\"TyagGW_tableContainer\">\n<div class=\"group TyagGW_tableWrapper flex flex-col-reverse w-fit\">\n<table class=\"w-fit min-w-(--thread-content-width)\" data-start=\"53\" data-end=\"725\">\n<thead data-start=\"53\" data-end=\"99\">\n<tr data-start=\"53\" data-end=\"99\">\n<th data-start=\"53\" data-end=\"73\" data-col-size=\"sm\">Title \/ Full Name<\/th>\n<th data-start=\"73\" data-end=\"87\" data-col-size=\"md\">Affiliation<\/th>\n<th data-start=\"87\" data-end=\"99\" data-col-size=\"md\">Position<\/th>\n<\/tr>\n<\/thead>\n<tbody data-start=\"114\" data-end=\"725\">\n<tr data-start=\"114\" data-end=\"197\">\n<td data-start=\"114\" data-end=\"144\" data-col-size=\"sm\">Assist. Prof. Dr. Tuncel \u00d6z<\/td>\n<td data-start=\"144\" data-end=\"175\" data-col-size=\"md\">Istanbul Ticaret University<\/td>\n<td data-start=\"175\" data-end=\"197\" data-col-size=\"md\">Head of Department<\/td>\n<\/tr>\n<tr data-start=\"198\" data-end=\"279\">\n<td data-start=\"198\" data-end=\"230\" data-col-size=\"sm\">Assist. Prof. Dr. \u00dcmit Kanmaz<\/td>\n<td data-start=\"230\" data-end=\"261\" data-col-size=\"md\">Istanbul Ticaret University<\/td>\n<td data-start=\"261\" data-end=\"279\" data-col-size=\"md\">Faculty Member<\/td>\n<\/tr>\n<tr data-start=\"280\" data-end=\"369\">\n<td data-start=\"280\" data-end=\"305\" data-col-size=\"sm\">Res. Asst. \u015e\u00fckr\u00fc Budak<\/td>\n<td data-start=\"305\" data-end=\"336\" data-col-size=\"md\">Istanbul Ticaret University<\/td>\n<td data-start=\"336\" data-end=\"369\" data-col-size=\"md\">Department Quality Ambassador<\/td>\n<\/tr>\n<tr data-start=\"370\" data-end=\"445\">\n<td data-start=\"370\" data-end=\"388\" data-col-size=\"sm\">Melikcan Sel\u00e7uk<\/td>\n<td data-start=\"388\" data-end=\"419\" data-col-size=\"md\">Istanbul Ticaret University<\/td>\n<td data-start=\"419\" data-end=\"445\" data-col-size=\"md\">Student Representative<\/td>\n<\/tr>\n<tr data-start=\"446\" data-end=\"556\">\n<td data-start=\"446\" data-end=\"465\" data-col-size=\"sm\">Dr. Sel\u00e7uk \u00c7apuk<\/td>\n<td data-start=\"465\" data-end=\"515\" data-col-size=\"md\">TGS Ground Services Inc. \/ Ni\u015fanta\u015f\u0131 University<\/td>\n<td data-start=\"515\" data-end=\"556\" data-col-size=\"md\">Sabiha G\u00f6k\u00e7en Airport Station Manager<\/td>\n<\/tr>\n<tr data-start=\"557\" data-end=\"645\">\n<td data-start=\"557\" data-end=\"578\" data-col-size=\"sm\">Dr. Sencerhan Avc\u0131<\/td>\n<td data-col-size=\"md\" data-start=\"578\" data-end=\"597\">Turkish Airlines<\/td>\n<td data-col-size=\"md\" data-start=\"597\" data-end=\"645\">Loadmaster Coordination and Planning Manager<\/td>\n<\/tr>\n<tr data-start=\"646\" data-end=\"725\">\n<td data-start=\"646\" data-end=\"670\" data-col-size=\"sm\">Derya Pekruh Ger\u00e7eker<\/td>\n<td data-col-size=\"md\" data-start=\"670\" data-end=\"691\">Singapore Airlines<\/td>\n<td data-col-size=\"md\" data-start=\"691\" data-end=\"725\">Marketing and Services Manager<\/td>\n<\/tr>\n<\/tbody>\n<\/table>\n<\/div>\n<\/div>\n<p data-start=\"727\" data-end=\"765\"><strong>Department Advisory Board Meetings<\/strong><\/p>\n<p><a href=\"http:\/\/ticaret.edu.tr\/havacilik-yonetimi\/wp-content\/uploads\/sites\/10\/2025\/12\/11.09.2025-Bolum-Danisma-Kurulu-Toplantisi.pdf\">11.09.2025 Department Advisory Board Meeting<\/a><\/p>\n<p><a href=\"http:\/\/ticaret.edu.tr\/havacilik-yonetimi\/wp-content\/uploads\/sites\/10\/2025\/12\/20.03.2025-Bolum-Danisma-Kurulu-Toplantisi.pdf\">20.03.2025 Department Advisory Board Meeting<\/a><\/p>\n","protected":false},"excerpt":{"rendered":"<p>Department of Aviation Management Advisory Board Title \/ Full Name Affiliation Position Assist. Prof. Dr. Tuncel \u00d6z Istanbul Ticaret University Head of Department Assist. Prof. Dr. \u00dcmit Kanmaz Istanbul Ticaret University Faculty Member Res. Asst. \u015e\u00fckr\u00fc Budak Istanbul Ticaret University Department Quality Ambassador Melikcan Sel\u00e7uk Istanbul Ticaret University Student Representative Dr. Sel\u00e7uk \u00c7apuk TGS Ground [&hellip;]<\/p>\n","protected":false},"author":139,"featured_media":0,"parent":0,"menu_order":0,"comment_status":"closed","ping_status":"closed","template":"genel_sayfa.php","meta":{"footnotes":""},"yoast_head":"<!-- This site is optimized with the Yoast SEO Premium plugin v22.1 (Yoast SEO v22.1) - https:\/\/yoast.com\/wordpress\/plugins\/seo\/ -->\n<title>Department&#039;s Advisory Board - Havac\u0131l\u0131k Y\u00f6netimi<\/title>\n<meta name=\"robots\" content=\"index, follow, max-snippet:-1, max-image-preview:large, max-video-preview:-1\" \/>\n<link rel=\"canonical\" href=\"https:\/\/ticaret.edu.tr\/havacilik-yonetimi\/en\/departments-advisory-board\/\" \/>\n<meta property=\"og:locale\" content=\"tr_TR\" \/>\n<meta property=\"og:type\" content=\"article\" \/>\n<meta property=\"og:title\" content=\"Department&#039;s Advisory Board\" \/>\n<meta property=\"og:description\" content=\"Department of Aviation Management Advisory Board Title \/ Full Name Affiliation Position Assist. Prof. Dr. Tuncel \u00d6z Istanbul Ticaret University Head of Department Assist. Prof. Dr. \u00dcmit Kanmaz Istanbul Ticaret University Faculty Member Res. Asst. \u015e\u00fckr\u00fc Budak Istanbul Ticaret University Department Quality Ambassador Melikcan Sel\u00e7uk Istanbul Ticaret University Student Representative Dr. Sel\u00e7uk \u00c7apuk TGS Ground [&hellip;]\" \/>\n<meta property=\"og:url\" content=\"https:\/\/ticaret.edu.tr\/havacilik-yonetimi\/en\/departments-advisory-board\/\" \/>\n<meta property=\"og:site_name\" content=\"Havac\u0131l\u0131k Y\u00f6netimi\" \/>\n<meta property=\"article:publisher\" content=\"https:\/\/www.facebook.com\/ticaretedutr\" \/>\n<meta property=\"article:modified_time\" content=\"2026-01-21T07:22:45+00:00\" \/>\n<meta property=\"og:image\" content=\"http:\/\/ticaret.edu.tr\/havacilik-yonetimi\/wp-content\/uploads\/sites\/10\/2021\/11\/web_logo-01.jpg\" \/>\n\t<meta property=\"og:image:width\" content=\"1250\" \/>\n\t<meta property=\"og:image:height\" content=\"833\" \/>\n\t<meta property=\"og:image:type\" content=\"image\/jpeg\" \/>\n<meta name=\"twitter:card\" content=\"summary_large_image\" \/>\n<meta name=\"twitter:site\" content=\"@ticaretedutr\" \/>\n<meta name=\"twitter:label1\" content=\"Tahmini okuma s\u00fcresi\" \/>\n\t<meta name=\"twitter:data1\" content=\"1 dakika\" \/>\n<script type=\"application\/ld+json\" class=\"yoast-schema-graph\">{\"@context\":\"https:\/\/schema.org\",\"@graph\":[{\"@type\":\"WebPage\",\"@id\":\"https:\/\/ticaret.edu.tr\/havacilik-yonetimi\/en\/departments-advisory-board\/\",\"url\":\"https:\/\/ticaret.edu.tr\/havacilik-yonetimi\/en\/departments-advisory-board\/\",\"name\":\"Department's Advisory Board - Havac\u0131l\u0131k Y\u00f6netimi\",\"isPartOf\":{\"@id\":\"https:\/\/ticaret.edu.tr\/havacilik-yonetimi\/#website\"},\"datePublished\":\"2025-01-26T14:38:39+00:00\",\"dateModified\":\"2026-01-21T07:22:45+00:00\",\"breadcrumb\":{\"@id\":\"https:\/\/ticaret.edu.tr\/havacilik-yonetimi\/en\/departments-advisory-board\/#breadcrumb\"},\"inLanguage\":\"tr\",\"potentialAction\":[{\"@type\":\"ReadAction\",\"target\":[\"https:\/\/ticaret.edu.tr\/havacilik-yonetimi\/en\/departments-advisory-board\/\"]}]},{\"@type\":\"BreadcrumbList\",\"@id\":\"https:\/\/ticaret.edu.tr\/havacilik-yonetimi\/en\/departments-advisory-board\/#breadcrumb\",\"itemListElement\":[{\"@type\":\"ListItem\",\"position\":1,\"name\":\"Ana sayfa\",\"item\":\"https:\/\/ticaret.edu.tr\/havacilik-yonetimi\/\"},{\"@type\":\"ListItem\",\"position\":2,\"name\":\"Department&#8217;s Advisory Board\"}]},{\"@type\":\"WebSite\",\"@id\":\"https:\/\/ticaret.edu.tr\/havacilik-yonetimi\/#website\",\"url\":\"https:\/\/ticaret.edu.tr\/havacilik-yonetimi\/\",\"name\":\"Havac\u0131l\u0131k Y\u00f6netimi\",\"description\":\"\",\"potentialAction\":[{\"@type\":\"SearchAction\",\"target\":{\"@type\":\"EntryPoint\",\"urlTemplate\":\"https:\/\/ticaret.edu.tr\/havacilik-yonetimi\/?s={search_term_string}\"},\"query-input\":\"required name=search_term_string\"}],\"inLanguage\":\"tr\"}]}<\/script>\n<!-- \/ Yoast SEO Premium plugin. -->","yoast_head_json":{"title":"Department's Advisory Board - Havac\u0131l\u0131k Y\u00f6netimi","robots":{"index":"index","follow":"follow","max-snippet":"max-snippet:-1","max-image-preview":"max-image-preview:large","max-video-preview":"max-video-preview:-1"},"canonical":"https:\/\/ticaret.edu.tr\/havacilik-yonetimi\/en\/departments-advisory-board\/","og_locale":"tr_TR","og_type":"article","og_title":"Department's Advisory Board","og_description":"Department of Aviation Management Advisory Board Title \/ Full Name Affiliation Position Assist. Prof. Dr. Tuncel \u00d6z Istanbul Ticaret University Head of Department Assist. Prof. Dr. \u00dcmit Kanmaz Istanbul Ticaret University Faculty Member Res. Asst. \u015e\u00fckr\u00fc Budak Istanbul Ticaret University Department Quality Ambassador Melikcan Sel\u00e7uk Istanbul Ticaret University Student Representative Dr. Sel\u00e7uk \u00c7apuk TGS Ground [&hellip;]","og_url":"https:\/\/ticaret.edu.tr\/havacilik-yonetimi\/en\/departments-advisory-board\/","og_site_name":"Havac\u0131l\u0131k Y\u00f6netimi","article_publisher":"https:\/\/www.facebook.com\/ticaretedutr","article_modified_time":"2026-01-21T07:22:45+00:00","og_image":[{"width":1250,"height":833,"url":"http:\/\/ticaret.edu.tr\/havacilik-yonetimi\/wp-content\/uploads\/sites\/10\/2021\/11\/web_logo-01.jpg","type":"image\/jpeg"}],"twitter_card":"summary_large_image","twitter_site":"@ticaretedutr","twitter_misc":{"Tahmini okuma s\u00fcresi":"1 dakika"},"schema":{"@context":"https:\/\/schema.org","@graph":[{"@type":"WebPage","@id":"https:\/\/ticaret.edu.tr\/havacilik-yonetimi\/en\/departments-advisory-board\/","url":"https:\/\/ticaret.edu.tr\/havacilik-yonetimi\/en\/departments-advisory-board\/","name":"Department's Advisory Board - Havac\u0131l\u0131k Y\u00f6netimi","isPartOf":{"@id":"https:\/\/ticaret.edu.tr\/havacilik-yonetimi\/#website"},"datePublished":"2025-01-26T14:38:39+00:00","dateModified":"2026-01-21T07:22:45+00:00","breadcrumb":{"@id":"https:\/\/ticaret.edu.tr\/havacilik-yonetimi\/en\/departments-advisory-board\/#breadcrumb"},"inLanguage":"tr","potentialAction":[{"@type":"ReadAction","target":["https:\/\/ticaret.edu.tr\/havacilik-yonetimi\/en\/departments-advisory-board\/"]}]},{"@type":"BreadcrumbList","@id":"https:\/\/ticaret.edu.tr\/havacilik-yonetimi\/en\/departments-advisory-board\/#breadcrumb","itemListElement":[{"@type":"ListItem","position":1,"name":"Ana sayfa","item":"https:\/\/ticaret.edu.tr\/havacilik-yonetimi\/"},{"@type":"ListItem","position":2,"name":"Department&#8217;s Advisory Board"}]},{"@type":"WebSite","@id":"https:\/\/ticaret.edu.tr\/havacilik-yonetimi\/#website","url":"https:\/\/ticaret.edu.tr\/havacilik-yonetimi\/","name":"Havac\u0131l\u0131k Y\u00f6netimi","description":"","potentialAction":[{"@type":"SearchAction","target":{"@type":"EntryPoint","urlTemplate":"https:\/\/ticaret.edu.tr\/havacilik-yonetimi\/?s={search_term_string}"},"query-input":"required name=search_term_string"}],"inLanguage":"tr"}]}},"lang":"en","translations":{"en":1365,"tr":1363},"pll_sync_post":[],"_links":{"self":[{"href":"http:\/\/ticaret.edu.tr\/havacilik-yonetimi\/wp-json\/wp\/v2\/pages\/1365"}],"collection":[{"href":"http:\/\/ticaret.edu.tr\/havacilik-yonetimi\/wp-json\/wp\/v2\/pages"}],"about":[{"href":"http:\/\/ticaret.edu.tr\/havacilik-yonetimi\/wp-json\/wp\/v2\/types\/page"}],"author":[{"embeddable":true,"href":"http:\/\/ticaret.edu.tr\/havacilik-yonetimi\/wp-json\/wp\/v2\/users\/139"}],"replies":[{"embeddable":true,"href":"http:\/\/ticaret.edu.tr\/havacilik-yonetimi\/wp-json\/wp\/v2\/comments?post=1365"}],"version-history":[{"count":3,"href":"http:\/\/ticaret.edu.tr\/havacilik-yonetimi\/wp-json\/wp\/v2\/pages\/1365\/revisions"}],"predecessor-version":[{"id":1963,"href":"http:\/\/ticaret.edu.tr\/havacilik-yonetimi\/wp-json\/wp\/v2\/pages\/1365\/revisions\/1963"}],"wp:attachment":[{"href":"http:\/\/ticaret.edu.tr\/havacilik-yonetimi\/wp-json\/wp\/v2\/media?parent=1365"}],"curies":[{"name":"wp","href":"https:\/\/api.w.org\/{rel}","templated":true}]}}