{"id":1015,"date":"2025-01-26T22:35:23","date_gmt":"2025-01-26T19:35:23","guid":{"rendered":"https:\/\/ticaret.edu.tr\/ic-mimarlik-ve-cevre-tasarimi\/?page_id=1015"},"modified":"2025-10-20T19:58:27","modified_gmt":"2025-10-20T16:58:27","slug":"bir-ust-dereceye-gecis","status":"publish","type":"page","link":"http:\/\/ticaret.edu.tr\/ic-mimarlik-ve-cevre-tasarimi\/bir-ust-dereceye-gecis\/","title":{"rendered":"Bir \u00dcst Dereceye Ge\u00e7i\u015f"},"content":{"rendered":"<p>1. Lisans diplomas\u0131na sahip olanlar, y\u00fcksek lisans programlar\u0131na ve ilgili \u015fartlar\u0131 sa\u011flamalar\u0131 halinde lisans derecesi ile kabul edilen doktora programlar\u0131na devam edebilirler.<br \/>\n2. Lisans \u00f6\u011frencileri, e\u011fitim almakta olduklar\u0131 y\u00fcksek\u00f6\u011fretim kurumlar\u0131n\u0131n a\u00e7t\u0131klar\u0131 \u00e7ift anadal programlar\u0131na kat\u0131lma hakk\u0131na sahiptir. \u00c7ift anadal programlar\u0131na kay\u0131tl\u0131 \u00f6\u011frenciler, iki diploma program\u0131ndan e\u015f zamanl\u0131 olarak ders al\u0131p, ba\u015far\u0131l\u0131 olmalar\u0131 halinde iki ayr\u0131 lisans diplomas\u0131 alabilirler.<\/p>\n","protected":false},"excerpt":{"rendered":"<p>1. Lisans diplomas\u0131na sahip olanlar, y\u00fcksek lisans programlar\u0131na ve ilgili \u015fartlar\u0131 sa\u011flamalar\u0131 halinde lisans derecesi ile kabul edilen doktora programlar\u0131na devam edebilirler. 2. Lisans \u00f6\u011frencileri, e\u011fitim almakta olduklar\u0131 y\u00fcksek\u00f6\u011fretim kurumlar\u0131n\u0131n a\u00e7t\u0131klar\u0131 \u00e7ift anadal programlar\u0131na kat\u0131lma hakk\u0131na sahiptir. \u00c7ift anadal programlar\u0131na kay\u0131tl\u0131 \u00f6\u011frenciler, iki diploma program\u0131ndan e\u015f zamanl\u0131 olarak ders al\u0131p, ba\u015far\u0131l\u0131 olmalar\u0131 halinde iki ayr\u0131 [&hellip;]<\/p>\n","protected":false},"author":224,"featured_media":0,"parent":0,"menu_order":0,"comment_status":"closed","ping_status":"closed","template":"genel_sayfa.php","meta":{"footnotes":""},"yoast_head":"<!-- This site is optimized with the Yoast SEO Premium plugin v22.1 (Yoast SEO v22.1) - https:\/\/yoast.com\/wordpress\/plugins\/seo\/ -->\n<title>Bir \u00dcst Dereceye Ge\u00e7i\u015f - \u0130\u00e7 Mimarl\u0131k ve \u00c7evre Tasar\u0131m\u0131<\/title>\n<meta name=\"robots\" content=\"index, follow, max-snippet:-1, max-image-preview:large, max-video-preview:-1\" \/>\n<link rel=\"canonical\" href=\"http:\/\/ticaret.edu.tr\/ic-mimarlik-ve-cevre-tasarimi\/bir-ust-dereceye-gecis\/\" \/>\n<meta property=\"og:locale\" content=\"tr_TR\" \/>\n<meta property=\"og:type\" content=\"article\" \/>\n<meta property=\"og:title\" content=\"Bir \u00dcst Dereceye Ge\u00e7i\u015f\" \/>\n<meta property=\"og:description\" content=\"1. Lisans diplomas\u0131na sahip olanlar, y\u00fcksek lisans programlar\u0131na ve ilgili \u015fartlar\u0131 sa\u011flamalar\u0131 halinde lisans derecesi ile kabul edilen doktora programlar\u0131na devam edebilirler. 2. Lisans \u00f6\u011frencileri, e\u011fitim almakta olduklar\u0131 y\u00fcksek\u00f6\u011fretim kurumlar\u0131n\u0131n a\u00e7t\u0131klar\u0131 \u00e7ift anadal programlar\u0131na kat\u0131lma hakk\u0131na sahiptir. \u00c7ift anadal programlar\u0131na kay\u0131tl\u0131 \u00f6\u011frenciler, iki diploma program\u0131ndan e\u015f zamanl\u0131 olarak ders al\u0131p, ba\u015far\u0131l\u0131 olmalar\u0131 halinde iki ayr\u0131 [&hellip;]\" \/>\n<meta property=\"og:url\" content=\"http:\/\/ticaret.edu.tr\/ic-mimarlik-ve-cevre-tasarimi\/bir-ust-dereceye-gecis\/\" \/>\n<meta property=\"og:site_name\" content=\"\u0130\u00e7 Mimarl\u0131k ve \u00c7evre Tasar\u0131m\u0131\" \/>\n<meta property=\"article:publisher\" content=\"https:\/\/www.facebook.com\/ticaretedutr\" \/>\n<meta property=\"article:modified_time\" content=\"2025-10-20T16:58:27+00:00\" \/>\n<meta property=\"og:image\" content=\"http:\/\/ticaret.edu.tr\/ic-mimarlik-ve-cevre-tasarimi\/wp-content\/uploads\/sites\/24\/2021\/11\/web_logo-01.jpg\" \/>\n\t<meta property=\"og:image:width\" content=\"1250\" \/>\n\t<meta property=\"og:image:height\" content=\"833\" \/>\n\t<meta property=\"og:image:type\" content=\"image\/jpeg\" \/>\n<meta name=\"twitter:card\" content=\"summary_large_image\" \/>\n<meta name=\"twitter:site\" content=\"@ticaretedutr\" \/>\n<script type=\"application\/ld+json\" class=\"yoast-schema-graph\">{\"@context\":\"https:\/\/schema.org\",\"@graph\":[{\"@type\":\"WebPage\",\"@id\":\"http:\/\/ticaret.edu.tr\/ic-mimarlik-ve-cevre-tasarimi\/bir-ust-dereceye-gecis\/\",\"url\":\"http:\/\/ticaret.edu.tr\/ic-mimarlik-ve-cevre-tasarimi\/bir-ust-dereceye-gecis\/\",\"name\":\"Bir \u00dcst Dereceye Ge\u00e7i\u015f - \u0130\u00e7 Mimarl\u0131k ve \u00c7evre Tasar\u0131m\u0131\",\"isPartOf\":{\"@id\":\"http:\/\/ticaret.edu.tr\/ic-mimarlik-ve-cevre-tasarimi\/en\/#website\"},\"datePublished\":\"2025-01-26T19:35:23+00:00\",\"dateModified\":\"2025-10-20T16:58:27+00:00\",\"breadcrumb\":{\"@id\":\"http:\/\/ticaret.edu.tr\/ic-mimarlik-ve-cevre-tasarimi\/bir-ust-dereceye-gecis\/#breadcrumb\"},\"inLanguage\":\"tr\",\"potentialAction\":[{\"@type\":\"ReadAction\",\"target\":[\"http:\/\/ticaret.edu.tr\/ic-mimarlik-ve-cevre-tasarimi\/bir-ust-dereceye-gecis\/\"]}]},{\"@type\":\"BreadcrumbList\",\"@id\":\"http:\/\/ticaret.edu.tr\/ic-mimarlik-ve-cevre-tasarimi\/bir-ust-dereceye-gecis\/#breadcrumb\",\"itemListElement\":[{\"@type\":\"ListItem\",\"position\":1,\"name\":\"Ana sayfa\",\"item\":\"http:\/\/ticaret.edu.tr\/ic-mimarlik-ve-cevre-tasarimi\/\"},{\"@type\":\"ListItem\",\"position\":2,\"name\":\"Bir \u00dcst Dereceye Ge\u00e7i\u015f\"}]},{\"@type\":\"WebSite\",\"@id\":\"http:\/\/ticaret.edu.tr\/ic-mimarlik-ve-cevre-tasarimi\/en\/#website\",\"url\":\"http:\/\/ticaret.edu.tr\/ic-mimarlik-ve-cevre-tasarimi\/en\/\",\"name\":\"\u0130\u00e7 Mimarl\u0131k ve \u00c7evre Tasar\u0131m\u0131\",\"description\":\"\",\"potentialAction\":[{\"@type\":\"SearchAction\",\"target\":{\"@type\":\"EntryPoint\",\"urlTemplate\":\"http:\/\/ticaret.edu.tr\/ic-mimarlik-ve-cevre-tasarimi\/en\/?s={search_term_string}\"},\"query-input\":\"required name=search_term_string\"}],\"inLanguage\":\"tr\"}]}<\/script>\n<!-- \/ Yoast SEO Premium plugin. -->","yoast_head_json":{"title":"Bir \u00dcst Dereceye Ge\u00e7i\u015f - \u0130\u00e7 Mimarl\u0131k ve \u00c7evre Tasar\u0131m\u0131","robots":{"index":"index","follow":"follow","max-snippet":"max-snippet:-1","max-image-preview":"max-image-preview:large","max-video-preview":"max-video-preview:-1"},"canonical":"http:\/\/ticaret.edu.tr\/ic-mimarlik-ve-cevre-tasarimi\/bir-ust-dereceye-gecis\/","og_locale":"tr_TR","og_type":"article","og_title":"Bir \u00dcst Dereceye Ge\u00e7i\u015f","og_description":"1. Lisans diplomas\u0131na sahip olanlar, y\u00fcksek lisans programlar\u0131na ve ilgili \u015fartlar\u0131 sa\u011flamalar\u0131 halinde lisans derecesi ile kabul edilen doktora programlar\u0131na devam edebilirler. 2. Lisans \u00f6\u011frencileri, e\u011fitim almakta olduklar\u0131 y\u00fcksek\u00f6\u011fretim kurumlar\u0131n\u0131n a\u00e7t\u0131klar\u0131 \u00e7ift anadal programlar\u0131na kat\u0131lma hakk\u0131na sahiptir. \u00c7ift anadal programlar\u0131na kay\u0131tl\u0131 \u00f6\u011frenciler, iki diploma program\u0131ndan e\u015f zamanl\u0131 olarak ders al\u0131p, ba\u015far\u0131l\u0131 olmalar\u0131 halinde iki ayr\u0131 [&hellip;]","og_url":"http:\/\/ticaret.edu.tr\/ic-mimarlik-ve-cevre-tasarimi\/bir-ust-dereceye-gecis\/","og_site_name":"\u0130\u00e7 Mimarl\u0131k ve \u00c7evre Tasar\u0131m\u0131","article_publisher":"https:\/\/www.facebook.com\/ticaretedutr","article_modified_time":"2025-10-20T16:58:27+00:00","og_image":[{"width":1250,"height":833,"url":"http:\/\/ticaret.edu.tr\/ic-mimarlik-ve-cevre-tasarimi\/wp-content\/uploads\/sites\/24\/2021\/11\/web_logo-01.jpg","type":"image\/jpeg"}],"twitter_card":"summary_large_image","twitter_site":"@ticaretedutr","schema":{"@context":"https:\/\/schema.org","@graph":[{"@type":"WebPage","@id":"http:\/\/ticaret.edu.tr\/ic-mimarlik-ve-cevre-tasarimi\/bir-ust-dereceye-gecis\/","url":"http:\/\/ticaret.edu.tr\/ic-mimarlik-ve-cevre-tasarimi\/bir-ust-dereceye-gecis\/","name":"Bir \u00dcst Dereceye Ge\u00e7i\u015f - \u0130\u00e7 Mimarl\u0131k ve \u00c7evre Tasar\u0131m\u0131","isPartOf":{"@id":"http:\/\/ticaret.edu.tr\/ic-mimarlik-ve-cevre-tasarimi\/en\/#website"},"datePublished":"2025-01-26T19:35:23+00:00","dateModified":"2025-10-20T16:58:27+00:00","breadcrumb":{"@id":"http:\/\/ticaret.edu.tr\/ic-mimarlik-ve-cevre-tasarimi\/bir-ust-dereceye-gecis\/#breadcrumb"},"inLanguage":"tr","potentialAction":[{"@type":"ReadAction","target":["http:\/\/ticaret.edu.tr\/ic-mimarlik-ve-cevre-tasarimi\/bir-ust-dereceye-gecis\/"]}]},{"@type":"BreadcrumbList","@id":"http:\/\/ticaret.edu.tr\/ic-mimarlik-ve-cevre-tasarimi\/bir-ust-dereceye-gecis\/#breadcrumb","itemListElement":[{"@type":"ListItem","position":1,"name":"Ana sayfa","item":"http:\/\/ticaret.edu.tr\/ic-mimarlik-ve-cevre-tasarimi\/"},{"@type":"ListItem","position":2,"name":"Bir \u00dcst Dereceye Ge\u00e7i\u015f"}]},{"@type":"WebSite","@id":"http:\/\/ticaret.edu.tr\/ic-mimarlik-ve-cevre-tasarimi\/en\/#website","url":"http:\/\/ticaret.edu.tr\/ic-mimarlik-ve-cevre-tasarimi\/en\/","name":"\u0130\u00e7 Mimarl\u0131k ve \u00c7evre Tasar\u0131m\u0131","description":"","potentialAction":[{"@type":"SearchAction","target":{"@type":"EntryPoint","urlTemplate":"http:\/\/ticaret.edu.tr\/ic-mimarlik-ve-cevre-tasarimi\/en\/?s={search_term_string}"},"query-input":"required name=search_term_string"}],"inLanguage":"tr"}]}},"lang":"tr","translations":{"tr":1015,"en":1017},"pll_sync_post":[],"_links":{"self":[{"href":"http:\/\/ticaret.edu.tr\/ic-mimarlik-ve-cevre-tasarimi\/wp-json\/wp\/v2\/pages\/1015"}],"collection":[{"href":"http:\/\/ticaret.edu.tr\/ic-mimarlik-ve-cevre-tasarimi\/wp-json\/wp\/v2\/pages"}],"about":[{"href":"http:\/\/ticaret.edu.tr\/ic-mimarlik-ve-cevre-tasarimi\/wp-json\/wp\/v2\/types\/page"}],"author":[{"embeddable":true,"href":"http:\/\/ticaret.edu.tr\/ic-mimarlik-ve-cevre-tasarimi\/wp-json\/wp\/v2\/users\/224"}],"replies":[{"embeddable":true,"href":"http:\/\/ticaret.edu.tr\/ic-mimarlik-ve-cevre-tasarimi\/wp-json\/wp\/v2\/comments?post=1015"}],"version-history":[{"count":2,"href":"http:\/\/ticaret.edu.tr\/ic-mimarlik-ve-cevre-tasarimi\/wp-json\/wp\/v2\/pages\/1015\/revisions"}],"predecessor-version":[{"id":1460,"href":"http:\/\/ticaret.edu.tr\/ic-mimarlik-ve-cevre-tasarimi\/wp-json\/wp\/v2\/pages\/1015\/revisions\/1460"}],"wp:attachment":[{"href":"http:\/\/ticaret.edu.tr\/ic-mimarlik-ve-cevre-tasarimi\/wp-json\/wp\/v2\/media?parent=1015"}],"curies":[{"name":"wp","href":"https:\/\/api.w.org\/{rel}","templated":true}]}}