{"id":1019,"date":"2025-01-26T22:36:55","date_gmt":"2025-01-26T19:36:55","guid":{"rendered":"https:\/\/ticaret.edu.tr\/ic-mimarlik-ve-cevre-tasarimi\/?page_id=1019"},"modified":"2025-10-20T20:23:10","modified_gmt":"2025-10-20T17:23:10","slug":"program-egitim-amaclari","status":"publish","type":"page","link":"http:\/\/ticaret.edu.tr\/ic-mimarlik-ve-cevre-tasarimi\/program-egitim-amaclari\/","title":{"rendered":"Program E\u011fitim Ama\u00e7lar\u0131"},"content":{"rendered":"<p>\u0130\u00e7 Mimarl\u0131k ve \u00c7evre Tasar\u0131m\u0131 B\u00f6l\u00fcm\u00fcn\u00fcn e\u011fitim ama\u00e7lar\u0131 a\u015fa\u011f\u0131da s\u0131ralanm\u0131\u015ft\u0131r:<\/p>\n<ol>\n<li><strong>Disiplinleraras\u0131 D\u00fc\u015f\u00fcnce ve Tasar\u0131m Yetkinli\u011fi Kazand\u0131rmak<\/strong><br \/>\nMezunlar\u0131n, farkl\u0131 disiplinlerle i\u015fbirli\u011fi yaparak, i\u00e7 mimarl\u0131k ve \u00e7evre tasar\u0131m\u0131 alan\u0131nda estetik, teknik ve i\u015flevsel gereklilikleri bir arada de\u011ferlendirebilen yarat\u0131c\u0131 tasar\u0131mc\u0131lar olmalar\u0131n\u0131 sa\u011flamak.<\/li>\n<li><strong>Tasar\u0131m S\u00fcre\u00e7lerinde Kuramsal ve Uygulamal\u0131 Bilgiye Hakimiyet Kazand\u0131rmak<\/strong><br \/>\nTasar\u0131m ve uygulama problemlerini \u00e7\u00f6zebilen, ara\u015ft\u0131rmac\u0131, ayn\u0131 zamanda kuramsal bilgiyi uygulama alan\u0131nda da etkin bir bi\u00e7imde kullanabilen \u0130\u00e7 Mimar ve tasar\u0131mc\u0131lar yeti\u015ftirmek.<\/li>\n<li><strong>S\u00fcrd\u00fcr\u00fclebilirlik ve Etik De\u011ferleri G\u00f6zeten Tasar\u0131mc\u0131lar Yeti\u015ftirmek<\/strong><br \/>\nDo\u011fal kaynaklara duyarl\u0131, kullan\u0131c\u0131 ihtiya\u00e7lar\u0131n\u0131 g\u00f6zeten ve etik ilkelere ba\u011fl\u0131 tasar\u0131mlar geli\u015ftiren bireyler yeti\u015ftirmek.<\/li>\n<li><strong>Ya\u015fam Boyu \u00d6\u011frenmeyi ve Teknolojik Geli\u015fmelere A\u00e7\u0131kl\u0131\u011f\u0131 Te\u015fvik Etmek<\/strong><br \/>\nMezunlar\u0131n \u00e7a\u011fda\u015f ya\u015fam\u0131n getirdi\u011fi ve gerektirdi\u011fi teknolojiyi kullanabilmesini sa\u011flayacak \u015fekilde, mesleki geli\u015fimlerini s\u00fcrd\u00fcrebilecekleri, dijital tasar\u0131m ara\u00e7lar\u0131n\u0131 etkin kullanabilecekleri bir altyap\u0131 sunmak.<\/li>\n<li><strong>Profesyonel Hayata Haz\u0131r, \u0130leti\u015fim ve \u0130\u015fbirli\u011fi Becerileri Y\u00fcksek Mezunlar Vermek<\/strong><br \/>\n\u0130\u00e7 mimarl\u0131k sekt\u00f6r\u00fcnde etkin rol alabilen, tak\u0131m \u00e7al\u0131\u015fmas\u0131na yatk\u0131n, ileti\u015fim becerileri geli\u015fmi\u015f bireyler yeti\u015ftirmek.<\/li>\n<\/ol>\n<p>&nbsp;<\/p>\n","protected":false},"excerpt":{"rendered":"<p>\u0130\u00e7 Mimarl\u0131k ve \u00c7evre Tasar\u0131m\u0131 B\u00f6l\u00fcm\u00fcn\u00fcn e\u011fitim ama\u00e7lar\u0131 a\u015fa\u011f\u0131da s\u0131ralanm\u0131\u015ft\u0131r: Disiplinleraras\u0131 D\u00fc\u015f\u00fcnce ve Tasar\u0131m Yetkinli\u011fi Kazand\u0131rmak Mezunlar\u0131n, farkl\u0131 disiplinlerle i\u015fbirli\u011fi yaparak, i\u00e7 mimarl\u0131k ve \u00e7evre tasar\u0131m\u0131 alan\u0131nda estetik, teknik ve i\u015flevsel gereklilikleri bir arada de\u011ferlendirebilen yarat\u0131c\u0131 tasar\u0131mc\u0131lar olmalar\u0131n\u0131 sa\u011flamak. Tasar\u0131m S\u00fcre\u00e7lerinde Kuramsal ve Uygulamal\u0131 Bilgiye Hakimiyet Kazand\u0131rmak Tasar\u0131m ve uygulama problemlerini \u00e7\u00f6zebilen, ara\u015ft\u0131rmac\u0131, ayn\u0131 zamanda [&hellip;]<\/p>\n","protected":false},"author":224,"featured_media":0,"parent":0,"menu_order":0,"comment_status":"closed","ping_status":"closed","template":"genel_sayfa.php","meta":{"footnotes":""},"yoast_head":"<!-- This site is optimized with the Yoast SEO Premium plugin v22.1 (Yoast SEO v22.1) - https:\/\/yoast.com\/wordpress\/plugins\/seo\/ -->\n<title>Program E\u011fitim Ama\u00e7lar\u0131 - \u0130\u00e7 Mimarl\u0131k ve \u00c7evre Tasar\u0131m\u0131<\/title>\n<meta name=\"robots\" content=\"index, follow, max-snippet:-1, max-image-preview:large, max-video-preview:-1\" \/>\n<link rel=\"canonical\" href=\"http:\/\/ticaret.edu.tr\/ic-mimarlik-ve-cevre-tasarimi\/program-egitim-amaclari\/\" \/>\n<meta property=\"og:locale\" content=\"tr_TR\" \/>\n<meta property=\"og:type\" content=\"article\" \/>\n<meta property=\"og:title\" content=\"Program E\u011fitim Ama\u00e7lar\u0131\" \/>\n<meta property=\"og:description\" content=\"\u0130\u00e7 Mimarl\u0131k ve \u00c7evre Tasar\u0131m\u0131 B\u00f6l\u00fcm\u00fcn\u00fcn e\u011fitim ama\u00e7lar\u0131 a\u015fa\u011f\u0131da s\u0131ralanm\u0131\u015ft\u0131r: Disiplinleraras\u0131 D\u00fc\u015f\u00fcnce ve Tasar\u0131m Yetkinli\u011fi Kazand\u0131rmak Mezunlar\u0131n, farkl\u0131 disiplinlerle i\u015fbirli\u011fi yaparak, i\u00e7 mimarl\u0131k ve \u00e7evre tasar\u0131m\u0131 alan\u0131nda estetik, teknik ve i\u015flevsel gereklilikleri bir arada de\u011ferlendirebilen yarat\u0131c\u0131 tasar\u0131mc\u0131lar olmalar\u0131n\u0131 sa\u011flamak. Tasar\u0131m S\u00fcre\u00e7lerinde Kuramsal ve Uygulamal\u0131 Bilgiye Hakimiyet Kazand\u0131rmak Tasar\u0131m ve uygulama problemlerini \u00e7\u00f6zebilen, ara\u015ft\u0131rmac\u0131, ayn\u0131 zamanda [&hellip;]\" \/>\n<meta property=\"og:url\" content=\"http:\/\/ticaret.edu.tr\/ic-mimarlik-ve-cevre-tasarimi\/program-egitim-amaclari\/\" \/>\n<meta property=\"og:site_name\" content=\"\u0130\u00e7 Mimarl\u0131k ve \u00c7evre Tasar\u0131m\u0131\" \/>\n<meta property=\"article:publisher\" content=\"https:\/\/www.facebook.com\/ticaretedutr\" \/>\n<meta property=\"article:modified_time\" content=\"2025-10-20T17:23:10+00:00\" \/>\n<meta property=\"og:image\" content=\"http:\/\/ticaret.edu.tr\/ic-mimarlik-ve-cevre-tasarimi\/wp-content\/uploads\/sites\/24\/2021\/11\/web_logo-01.jpg\" \/>\n\t<meta property=\"og:image:width\" content=\"1250\" \/>\n\t<meta property=\"og:image:height\" content=\"833\" \/>\n\t<meta property=\"og:image:type\" content=\"image\/jpeg\" \/>\n<meta name=\"twitter:card\" content=\"summary_large_image\" \/>\n<meta name=\"twitter:site\" content=\"@ticaretedutr\" \/>\n<meta name=\"twitter:label1\" content=\"Tahmini okuma s\u00fcresi\" \/>\n\t<meta name=\"twitter:data1\" content=\"1 dakika\" \/>\n<script type=\"application\/ld+json\" class=\"yoast-schema-graph\">{\"@context\":\"https:\/\/schema.org\",\"@graph\":[{\"@type\":\"WebPage\",\"@id\":\"http:\/\/ticaret.edu.tr\/ic-mimarlik-ve-cevre-tasarimi\/program-egitim-amaclari\/\",\"url\":\"http:\/\/ticaret.edu.tr\/ic-mimarlik-ve-cevre-tasarimi\/program-egitim-amaclari\/\",\"name\":\"Program E\u011fitim Ama\u00e7lar\u0131 - \u0130\u00e7 Mimarl\u0131k ve \u00c7evre Tasar\u0131m\u0131\",\"isPartOf\":{\"@id\":\"http:\/\/ticaret.edu.tr\/ic-mimarlik-ve-cevre-tasarimi\/en\/#website\"},\"datePublished\":\"2025-01-26T19:36:55+00:00\",\"dateModified\":\"2025-10-20T17:23:10+00:00\",\"breadcrumb\":{\"@id\":\"http:\/\/ticaret.edu.tr\/ic-mimarlik-ve-cevre-tasarimi\/program-egitim-amaclari\/#breadcrumb\"},\"inLanguage\":\"tr\",\"potentialAction\":[{\"@type\":\"ReadAction\",\"target\":[\"http:\/\/ticaret.edu.tr\/ic-mimarlik-ve-cevre-tasarimi\/program-egitim-amaclari\/\"]}]},{\"@type\":\"BreadcrumbList\",\"@id\":\"http:\/\/ticaret.edu.tr\/ic-mimarlik-ve-cevre-tasarimi\/program-egitim-amaclari\/#breadcrumb\",\"itemListElement\":[{\"@type\":\"ListItem\",\"position\":1,\"name\":\"Ana sayfa\",\"item\":\"http:\/\/ticaret.edu.tr\/ic-mimarlik-ve-cevre-tasarimi\/\"},{\"@type\":\"ListItem\",\"position\":2,\"name\":\"Program E\u011fitim Ama\u00e7lar\u0131\"}]},{\"@type\":\"WebSite\",\"@id\":\"http:\/\/ticaret.edu.tr\/ic-mimarlik-ve-cevre-tasarimi\/en\/#website\",\"url\":\"http:\/\/ticaret.edu.tr\/ic-mimarlik-ve-cevre-tasarimi\/en\/\",\"name\":\"\u0130\u00e7 Mimarl\u0131k ve \u00c7evre Tasar\u0131m\u0131\",\"description\":\"\",\"potentialAction\":[{\"@type\":\"SearchAction\",\"target\":{\"@type\":\"EntryPoint\",\"urlTemplate\":\"http:\/\/ticaret.edu.tr\/ic-mimarlik-ve-cevre-tasarimi\/en\/?s={search_term_string}\"},\"query-input\":\"required name=search_term_string\"}],\"inLanguage\":\"tr\"}]}<\/script>\n<!-- \/ Yoast SEO Premium plugin. -->","yoast_head_json":{"title":"Program E\u011fitim Ama\u00e7lar\u0131 - \u0130\u00e7 Mimarl\u0131k ve \u00c7evre Tasar\u0131m\u0131","robots":{"index":"index","follow":"follow","max-snippet":"max-snippet:-1","max-image-preview":"max-image-preview:large","max-video-preview":"max-video-preview:-1"},"canonical":"http:\/\/ticaret.edu.tr\/ic-mimarlik-ve-cevre-tasarimi\/program-egitim-amaclari\/","og_locale":"tr_TR","og_type":"article","og_title":"Program E\u011fitim Ama\u00e7lar\u0131","og_description":"\u0130\u00e7 Mimarl\u0131k ve \u00c7evre Tasar\u0131m\u0131 B\u00f6l\u00fcm\u00fcn\u00fcn e\u011fitim ama\u00e7lar\u0131 a\u015fa\u011f\u0131da s\u0131ralanm\u0131\u015ft\u0131r: Disiplinleraras\u0131 D\u00fc\u015f\u00fcnce ve Tasar\u0131m Yetkinli\u011fi Kazand\u0131rmak Mezunlar\u0131n, farkl\u0131 disiplinlerle i\u015fbirli\u011fi yaparak, i\u00e7 mimarl\u0131k ve \u00e7evre tasar\u0131m\u0131 alan\u0131nda estetik, teknik ve i\u015flevsel gereklilikleri bir arada de\u011ferlendirebilen yarat\u0131c\u0131 tasar\u0131mc\u0131lar olmalar\u0131n\u0131 sa\u011flamak. Tasar\u0131m S\u00fcre\u00e7lerinde Kuramsal ve Uygulamal\u0131 Bilgiye Hakimiyet Kazand\u0131rmak Tasar\u0131m ve uygulama problemlerini \u00e7\u00f6zebilen, ara\u015ft\u0131rmac\u0131, ayn\u0131 zamanda [&hellip;]","og_url":"http:\/\/ticaret.edu.tr\/ic-mimarlik-ve-cevre-tasarimi\/program-egitim-amaclari\/","og_site_name":"\u0130\u00e7 Mimarl\u0131k ve \u00c7evre Tasar\u0131m\u0131","article_publisher":"https:\/\/www.facebook.com\/ticaretedutr","article_modified_time":"2025-10-20T17:23:10+00:00","og_image":[{"width":1250,"height":833,"url":"http:\/\/ticaret.edu.tr\/ic-mimarlik-ve-cevre-tasarimi\/wp-content\/uploads\/sites\/24\/2021\/11\/web_logo-01.jpg","type":"image\/jpeg"}],"twitter_card":"summary_large_image","twitter_site":"@ticaretedutr","twitter_misc":{"Tahmini okuma s\u00fcresi":"1 dakika"},"schema":{"@context":"https:\/\/schema.org","@graph":[{"@type":"WebPage","@id":"http:\/\/ticaret.edu.tr\/ic-mimarlik-ve-cevre-tasarimi\/program-egitim-amaclari\/","url":"http:\/\/ticaret.edu.tr\/ic-mimarlik-ve-cevre-tasarimi\/program-egitim-amaclari\/","name":"Program E\u011fitim Ama\u00e7lar\u0131 - \u0130\u00e7 Mimarl\u0131k ve \u00c7evre Tasar\u0131m\u0131","isPartOf":{"@id":"http:\/\/ticaret.edu.tr\/ic-mimarlik-ve-cevre-tasarimi\/en\/#website"},"datePublished":"2025-01-26T19:36:55+00:00","dateModified":"2025-10-20T17:23:10+00:00","breadcrumb":{"@id":"http:\/\/ticaret.edu.tr\/ic-mimarlik-ve-cevre-tasarimi\/program-egitim-amaclari\/#breadcrumb"},"inLanguage":"tr","potentialAction":[{"@type":"ReadAction","target":["http:\/\/ticaret.edu.tr\/ic-mimarlik-ve-cevre-tasarimi\/program-egitim-amaclari\/"]}]},{"@type":"BreadcrumbList","@id":"http:\/\/ticaret.edu.tr\/ic-mimarlik-ve-cevre-tasarimi\/program-egitim-amaclari\/#breadcrumb","itemListElement":[{"@type":"ListItem","position":1,"name":"Ana sayfa","item":"http:\/\/ticaret.edu.tr\/ic-mimarlik-ve-cevre-tasarimi\/"},{"@type":"ListItem","position":2,"name":"Program E\u011fitim Ama\u00e7lar\u0131"}]},{"@type":"WebSite","@id":"http:\/\/ticaret.edu.tr\/ic-mimarlik-ve-cevre-tasarimi\/en\/#website","url":"http:\/\/ticaret.edu.tr\/ic-mimarlik-ve-cevre-tasarimi\/en\/","name":"\u0130\u00e7 Mimarl\u0131k ve \u00c7evre Tasar\u0131m\u0131","description":"","potentialAction":[{"@type":"SearchAction","target":{"@type":"EntryPoint","urlTemplate":"http:\/\/ticaret.edu.tr\/ic-mimarlik-ve-cevre-tasarimi\/en\/?s={search_term_string}"},"query-input":"required name=search_term_string"}],"inLanguage":"tr"}]}},"lang":"tr","translations":{"tr":1019,"en":1021},"pll_sync_post":[],"_links":{"self":[{"href":"http:\/\/ticaret.edu.tr\/ic-mimarlik-ve-cevre-tasarimi\/wp-json\/wp\/v2\/pages\/1019"}],"collection":[{"href":"http:\/\/ticaret.edu.tr\/ic-mimarlik-ve-cevre-tasarimi\/wp-json\/wp\/v2\/pages"}],"about":[{"href":"http:\/\/ticaret.edu.tr\/ic-mimarlik-ve-cevre-tasarimi\/wp-json\/wp\/v2\/types\/page"}],"author":[{"embeddable":true,"href":"http:\/\/ticaret.edu.tr\/ic-mimarlik-ve-cevre-tasarimi\/wp-json\/wp\/v2\/users\/224"}],"replies":[{"embeddable":true,"href":"http:\/\/ticaret.edu.tr\/ic-mimarlik-ve-cevre-tasarimi\/wp-json\/wp\/v2\/comments?post=1019"}],"version-history":[{"count":3,"href":"http:\/\/ticaret.edu.tr\/ic-mimarlik-ve-cevre-tasarimi\/wp-json\/wp\/v2\/pages\/1019\/revisions"}],"predecessor-version":[{"id":1470,"href":"http:\/\/ticaret.edu.tr\/ic-mimarlik-ve-cevre-tasarimi\/wp-json\/wp\/v2\/pages\/1019\/revisions\/1470"}],"wp:attachment":[{"href":"http:\/\/ticaret.edu.tr\/ic-mimarlik-ve-cevre-tasarimi\/wp-json\/wp\/v2\/media?parent=1019"}],"curies":[{"name":"wp","href":"https:\/\/api.w.org\/{rel}","templated":true}]}}