{"id":1023,"date":"2025-01-26T22:38:14","date_gmt":"2025-01-26T19:38:14","guid":{"rendered":"https:\/\/ticaret.edu.tr\/ic-mimarlik-ve-cevre-tasarimi\/?page_id=1023"},"modified":"2025-12-19T17:13:52","modified_gmt":"2025-12-19T14:13:52","slug":"program-ogretim-ciktilari","status":"publish","type":"page","link":"http:\/\/ticaret.edu.tr\/ic-mimarlik-ve-cevre-tasarimi\/program-ogretim-ciktilari\/","title":{"rendered":"Program \u00d6\u011fretim \u00c7\u0131kt\u0131lar\u0131"},"content":{"rendered":"<p>1. \u0130\u00e7 mimarl\u0131k mesle\u011fini uygulayabilecek temel tasar\u0131m, tarih ve teknik bilgisine sahip olma ve bu alanlardaki kuramsal, y\u00f6ntemsel ve uygulamal\u0131 bilgileri i\u00e7 mimari tasar\u0131m \u00f6nerileri ve uygulamalar\u0131 geli\u015ftirmek i\u00e7in bir arada kullanabilme becerisi<br \/>\n2. Ya\u015fad\u0131\u011f\u0131m\u0131z i\u00e7 mekanlar ve yap\u0131l\u0131 \u00e7evrelere kar\u015f\u0131 duyarl\u0131 olma, bu mekanlardaki problemleri ve ihtiya\u00e7lar\u0131 ele\u015ftirel ve ak\u0131lc\u0131 bak\u0131\u015f a\u00e7\u0131s\u0131yla tespit edebilme becerisi<br \/>\n3. Ger\u00e7ek\u00e7i fiziksel, sosyal ve ekonomik k\u0131s\u0131tlar alt\u0131nda ve estetik de\u011ferler ve kullan\u0131c\u0131 ihtiya\u00e7lar\u0131n\u0131 \u00e7er\u00e7evesinde, \u00e7a\u011fda\u015f, yarat\u0131c\u0131 ve estetik tasar\u0131m \u00f6nerileri olu\u015fturabilme ve uygulayabilme becerisi<br \/>\n4. \u0130\u00e7 mimarl\u0131k alan\u0131ndaki projelerin tasar\u0131mdan uygulamaya kadar olan t\u00fcm a\u015famalar\u0131nda tasar\u0131mc\u0131 nosyonu ile hareket edebilme becerisi; bu s\u00fcre\u00e7te kullanaca\u011f\u0131 projelendirme, tasar\u0131m, \u00e7izim, yaz\u0131l\u0131m, uygulama konular\u0131na dair modern ara\u00e7, teknik ve teknolojileri se\u00e7ebilme ve etkin kullanabilme becerisi<br \/>\n5. \u0130\u00e7 mimarl\u0131k alan\u0131ndaki kavramlara, tart\u0131\u015fmalara ve geli\u015fmelere dair bilgiye eri\u015febilme becerisi; bu ama\u00e7la kaynak ara\u015ft\u0131rmas\u0131 yapabilme, veri tabanlar\u0131 ve di\u011fer bilgi kaynaklar\u0131n\u0131 ara\u015ft\u0131rabilme becerisi<br \/>\n6. Toplanan veriyi analiz edebilme, farkl\u0131 bilgi ve d\u00fc\u015f\u00fcnceleri sentezleyebilme, elde edilen sonu\u00e7lar\u0131 yorumlayabilme becerisi ve bunlar\u0131 i\u00e7 mimari tasar\u0131m s\u00fcreci i\u00e7inde kullanabilme becerisi<br \/>\n7. Tak\u0131m \u00e7al\u0131\u015fmas\u0131 yapabilme, \u00e7ok disiplinli alanlarda bir tak\u0131m halinde etkin \u00e7al\u0131\u015fabilme, ileti\u015fim kurabilme ve sorumluluk alabilme becerisi<br \/>\n8. Bireysel \u00e7al\u0131\u015fabilme ve inisiyatif kullanabilme becerisi ve \u0130\u00e7 mimarl\u0131k mesle\u011fini ilgilendiren mesleki, bilimsel ve etik sorumluluk bilinci<br \/>\n9. T\u00fcrk\u00e7e s\u00f6zl\u00fc ve yaz\u0131l\u0131 etkin ileti\u015fim kurabilme becerisi ve \u0130\u00e7 mimarl\u0131k konusunda mesleki literat\u00fcr\u00fc ve uluslararas\u0131 di\u011fer geli\u015fmeleri takip edip, kullanabilecek ve meslekta\u015flar\u0131yla ileti\u015fim kurabilecek d\u00fczeyde en az bir yabanc\u0131 dil bilgisine sahip olma<br \/>\n10. Proje ve \u015fantiye y\u00f6netimi ve uygulamalar\u0131, \u00e7al\u0131\u015fanlar\u0131n sa\u011fl\u0131\u011f\u0131, \u00e7evre ve i\u015f g\u00fcvenli\u011fi konular\u0131nda bilin\u00e7, i\u00e7 mimari uygulamalar\u0131n hukuksal sonu\u00e7lar\u0131 hakk\u0131nda fark\u0131ndal\u0131k<br \/>\n11. Mesleki bir fikre ya da bir mimari projeye ait analizleri, bulgular\u0131, sonu\u00e7lar\u0131, \u00f6nerileri ve de\u011ferlendirmeleri g\u00f6rsel elemanlarla sunabilme ve gerekti\u011finde konuyla ilgili rapor yazabilme becerisi<br \/>\n12. Ya\u015fam boyu \u00f6\u011frenmenin gereklili\u011finin bilincinde olmak; kendisini s\u00fcrekli yenileme becerisi ve \u0130\u00e7 mimari tasar\u0131m ve uygulamalar\u0131n\u0131n evrensel, toplumsal ve \u00e7evresel boyutlardaki etkilerinin bilincinde olmak; s\u00fcrd\u00fcr\u00fclebilir geli\u015fme, yenilik\u00e7ilik ve giri\u015fimcilik konular\u0131n\u0131n fark\u0131nda olmak<\/p>\n","protected":false},"excerpt":{"rendered":"<p>1. \u0130\u00e7 mimarl\u0131k mesle\u011fini uygulayabilecek temel tasar\u0131m, tarih ve teknik bilgisine sahip olma ve bu alanlardaki kuramsal, y\u00f6ntemsel ve uygulamal\u0131 bilgileri i\u00e7 mimari tasar\u0131m \u00f6nerileri ve uygulamalar\u0131 geli\u015ftirmek i\u00e7in bir arada kullanabilme becerisi 2. Ya\u015fad\u0131\u011f\u0131m\u0131z i\u00e7 mekanlar ve yap\u0131l\u0131 \u00e7evrelere kar\u015f\u0131 duyarl\u0131 olma, bu mekanlardaki problemleri ve ihtiya\u00e7lar\u0131 ele\u015ftirel ve ak\u0131lc\u0131 bak\u0131\u015f a\u00e7\u0131s\u0131yla tespit edebilme [&hellip;]<\/p>\n","protected":false},"author":224,"featured_media":0,"parent":0,"menu_order":0,"comment_status":"closed","ping_status":"closed","template":"genel_sayfa.php","meta":{"footnotes":""},"yoast_head":"<!-- This site is optimized with the Yoast SEO Premium plugin v22.1 (Yoast SEO v22.1) - https:\/\/yoast.com\/wordpress\/plugins\/seo\/ -->\n<title>Program \u00d6\u011fretim \u00c7\u0131kt\u0131lar\u0131 - \u0130\u00e7 Mimarl\u0131k ve \u00c7evre Tasar\u0131m\u0131<\/title>\n<meta name=\"robots\" content=\"index, follow, max-snippet:-1, max-image-preview:large, max-video-preview:-1\" \/>\n<link rel=\"canonical\" href=\"http:\/\/ticaret.edu.tr\/ic-mimarlik-ve-cevre-tasarimi\/program-ogretim-ciktilari\/\" \/>\n<meta property=\"og:locale\" content=\"tr_TR\" \/>\n<meta property=\"og:type\" content=\"article\" \/>\n<meta property=\"og:title\" content=\"Program \u00d6\u011fretim \u00c7\u0131kt\u0131lar\u0131\" \/>\n<meta property=\"og:description\" content=\"1. \u0130\u00e7 mimarl\u0131k mesle\u011fini uygulayabilecek temel tasar\u0131m, tarih ve teknik bilgisine sahip olma ve bu alanlardaki kuramsal, y\u00f6ntemsel ve uygulamal\u0131 bilgileri i\u00e7 mimari tasar\u0131m \u00f6nerileri ve uygulamalar\u0131 geli\u015ftirmek i\u00e7in bir arada kullanabilme becerisi 2. Ya\u015fad\u0131\u011f\u0131m\u0131z i\u00e7 mekanlar ve yap\u0131l\u0131 \u00e7evrelere kar\u015f\u0131 duyarl\u0131 olma, bu mekanlardaki problemleri ve ihtiya\u00e7lar\u0131 ele\u015ftirel ve ak\u0131lc\u0131 bak\u0131\u015f a\u00e7\u0131s\u0131yla tespit edebilme [&hellip;]\" \/>\n<meta property=\"og:url\" content=\"http:\/\/ticaret.edu.tr\/ic-mimarlik-ve-cevre-tasarimi\/program-ogretim-ciktilari\/\" \/>\n<meta property=\"og:site_name\" content=\"\u0130\u00e7 Mimarl\u0131k ve \u00c7evre Tasar\u0131m\u0131\" \/>\n<meta property=\"article:publisher\" content=\"https:\/\/www.facebook.com\/ticaretedutr\" \/>\n<meta property=\"article:modified_time\" content=\"2025-12-19T14:13:52+00:00\" \/>\n<meta property=\"og:image\" content=\"http:\/\/ticaret.edu.tr\/ic-mimarlik-ve-cevre-tasarimi\/wp-content\/uploads\/sites\/24\/2021\/11\/web_logo-01.jpg\" \/>\n\t<meta property=\"og:image:width\" content=\"1250\" \/>\n\t<meta property=\"og:image:height\" content=\"833\" \/>\n\t<meta property=\"og:image:type\" content=\"image\/jpeg\" \/>\n<meta name=\"twitter:card\" content=\"summary_large_image\" \/>\n<meta name=\"twitter:site\" content=\"@ticaretedutr\" \/>\n<meta name=\"twitter:label1\" content=\"Tahmini okuma s\u00fcresi\" \/>\n\t<meta name=\"twitter:data1\" content=\"2 dakika\" \/>\n<script type=\"application\/ld+json\" class=\"yoast-schema-graph\">{\"@context\":\"https:\/\/schema.org\",\"@graph\":[{\"@type\":\"WebPage\",\"@id\":\"http:\/\/ticaret.edu.tr\/ic-mimarlik-ve-cevre-tasarimi\/program-ogretim-ciktilari\/\",\"url\":\"http:\/\/ticaret.edu.tr\/ic-mimarlik-ve-cevre-tasarimi\/program-ogretim-ciktilari\/\",\"name\":\"Program \u00d6\u011fretim \u00c7\u0131kt\u0131lar\u0131 - \u0130\u00e7 Mimarl\u0131k ve \u00c7evre Tasar\u0131m\u0131\",\"isPartOf\":{\"@id\":\"http:\/\/ticaret.edu.tr\/ic-mimarlik-ve-cevre-tasarimi\/en\/#website\"},\"datePublished\":\"2025-01-26T19:38:14+00:00\",\"dateModified\":\"2025-12-19T14:13:52+00:00\",\"breadcrumb\":{\"@id\":\"http:\/\/ticaret.edu.tr\/ic-mimarlik-ve-cevre-tasarimi\/program-ogretim-ciktilari\/#breadcrumb\"},\"inLanguage\":\"tr\",\"potentialAction\":[{\"@type\":\"ReadAction\",\"target\":[\"http:\/\/ticaret.edu.tr\/ic-mimarlik-ve-cevre-tasarimi\/program-ogretim-ciktilari\/\"]}]},{\"@type\":\"BreadcrumbList\",\"@id\":\"http:\/\/ticaret.edu.tr\/ic-mimarlik-ve-cevre-tasarimi\/program-ogretim-ciktilari\/#breadcrumb\",\"itemListElement\":[{\"@type\":\"ListItem\",\"position\":1,\"name\":\"Ana sayfa\",\"item\":\"http:\/\/ticaret.edu.tr\/ic-mimarlik-ve-cevre-tasarimi\/\"},{\"@type\":\"ListItem\",\"position\":2,\"name\":\"Program \u00d6\u011fretim \u00c7\u0131kt\u0131lar\u0131\"}]},{\"@type\":\"WebSite\",\"@id\":\"http:\/\/ticaret.edu.tr\/ic-mimarlik-ve-cevre-tasarimi\/en\/#website\",\"url\":\"http:\/\/ticaret.edu.tr\/ic-mimarlik-ve-cevre-tasarimi\/en\/\",\"name\":\"\u0130\u00e7 Mimarl\u0131k ve \u00c7evre Tasar\u0131m\u0131\",\"description\":\"\",\"potentialAction\":[{\"@type\":\"SearchAction\",\"target\":{\"@type\":\"EntryPoint\",\"urlTemplate\":\"http:\/\/ticaret.edu.tr\/ic-mimarlik-ve-cevre-tasarimi\/en\/?s={search_term_string}\"},\"query-input\":\"required name=search_term_string\"}],\"inLanguage\":\"tr\"}]}<\/script>\n<!-- \/ Yoast SEO Premium plugin. -->","yoast_head_json":{"title":"Program \u00d6\u011fretim \u00c7\u0131kt\u0131lar\u0131 - \u0130\u00e7 Mimarl\u0131k ve \u00c7evre Tasar\u0131m\u0131","robots":{"index":"index","follow":"follow","max-snippet":"max-snippet:-1","max-image-preview":"max-image-preview:large","max-video-preview":"max-video-preview:-1"},"canonical":"http:\/\/ticaret.edu.tr\/ic-mimarlik-ve-cevre-tasarimi\/program-ogretim-ciktilari\/","og_locale":"tr_TR","og_type":"article","og_title":"Program \u00d6\u011fretim \u00c7\u0131kt\u0131lar\u0131","og_description":"1. \u0130\u00e7 mimarl\u0131k mesle\u011fini uygulayabilecek temel tasar\u0131m, tarih ve teknik bilgisine sahip olma ve bu alanlardaki kuramsal, y\u00f6ntemsel ve uygulamal\u0131 bilgileri i\u00e7 mimari tasar\u0131m \u00f6nerileri ve uygulamalar\u0131 geli\u015ftirmek i\u00e7in bir arada kullanabilme becerisi 2. Ya\u015fad\u0131\u011f\u0131m\u0131z i\u00e7 mekanlar ve yap\u0131l\u0131 \u00e7evrelere kar\u015f\u0131 duyarl\u0131 olma, bu mekanlardaki problemleri ve ihtiya\u00e7lar\u0131 ele\u015ftirel ve ak\u0131lc\u0131 bak\u0131\u015f a\u00e7\u0131s\u0131yla tespit edebilme [&hellip;]","og_url":"http:\/\/ticaret.edu.tr\/ic-mimarlik-ve-cevre-tasarimi\/program-ogretim-ciktilari\/","og_site_name":"\u0130\u00e7 Mimarl\u0131k ve \u00c7evre Tasar\u0131m\u0131","article_publisher":"https:\/\/www.facebook.com\/ticaretedutr","article_modified_time":"2025-12-19T14:13:52+00:00","og_image":[{"width":1250,"height":833,"url":"http:\/\/ticaret.edu.tr\/ic-mimarlik-ve-cevre-tasarimi\/wp-content\/uploads\/sites\/24\/2021\/11\/web_logo-01.jpg","type":"image\/jpeg"}],"twitter_card":"summary_large_image","twitter_site":"@ticaretedutr","twitter_misc":{"Tahmini okuma s\u00fcresi":"2 dakika"},"schema":{"@context":"https:\/\/schema.org","@graph":[{"@type":"WebPage","@id":"http:\/\/ticaret.edu.tr\/ic-mimarlik-ve-cevre-tasarimi\/program-ogretim-ciktilari\/","url":"http:\/\/ticaret.edu.tr\/ic-mimarlik-ve-cevre-tasarimi\/program-ogretim-ciktilari\/","name":"Program \u00d6\u011fretim \u00c7\u0131kt\u0131lar\u0131 - \u0130\u00e7 Mimarl\u0131k ve \u00c7evre Tasar\u0131m\u0131","isPartOf":{"@id":"http:\/\/ticaret.edu.tr\/ic-mimarlik-ve-cevre-tasarimi\/en\/#website"},"datePublished":"2025-01-26T19:38:14+00:00","dateModified":"2025-12-19T14:13:52+00:00","breadcrumb":{"@id":"http:\/\/ticaret.edu.tr\/ic-mimarlik-ve-cevre-tasarimi\/program-ogretim-ciktilari\/#breadcrumb"},"inLanguage":"tr","potentialAction":[{"@type":"ReadAction","target":["http:\/\/ticaret.edu.tr\/ic-mimarlik-ve-cevre-tasarimi\/program-ogretim-ciktilari\/"]}]},{"@type":"BreadcrumbList","@id":"http:\/\/ticaret.edu.tr\/ic-mimarlik-ve-cevre-tasarimi\/program-ogretim-ciktilari\/#breadcrumb","itemListElement":[{"@type":"ListItem","position":1,"name":"Ana sayfa","item":"http:\/\/ticaret.edu.tr\/ic-mimarlik-ve-cevre-tasarimi\/"},{"@type":"ListItem","position":2,"name":"Program \u00d6\u011fretim \u00c7\u0131kt\u0131lar\u0131"}]},{"@type":"WebSite","@id":"http:\/\/ticaret.edu.tr\/ic-mimarlik-ve-cevre-tasarimi\/en\/#website","url":"http:\/\/ticaret.edu.tr\/ic-mimarlik-ve-cevre-tasarimi\/en\/","name":"\u0130\u00e7 Mimarl\u0131k ve \u00c7evre Tasar\u0131m\u0131","description":"","potentialAction":[{"@type":"SearchAction","target":{"@type":"EntryPoint","urlTemplate":"http:\/\/ticaret.edu.tr\/ic-mimarlik-ve-cevre-tasarimi\/en\/?s={search_term_string}"},"query-input":"required name=search_term_string"}],"inLanguage":"tr"}]}},"lang":"tr","translations":{"tr":1023,"en":1025},"pll_sync_post":[],"_links":{"self":[{"href":"http:\/\/ticaret.edu.tr\/ic-mimarlik-ve-cevre-tasarimi\/wp-json\/wp\/v2\/pages\/1023"}],"collection":[{"href":"http:\/\/ticaret.edu.tr\/ic-mimarlik-ve-cevre-tasarimi\/wp-json\/wp\/v2\/pages"}],"about":[{"href":"http:\/\/ticaret.edu.tr\/ic-mimarlik-ve-cevre-tasarimi\/wp-json\/wp\/v2\/types\/page"}],"author":[{"embeddable":true,"href":"http:\/\/ticaret.edu.tr\/ic-mimarlik-ve-cevre-tasarimi\/wp-json\/wp\/v2\/users\/224"}],"replies":[{"embeddable":true,"href":"http:\/\/ticaret.edu.tr\/ic-mimarlik-ve-cevre-tasarimi\/wp-json\/wp\/v2\/comments?post=1023"}],"version-history":[{"count":3,"href":"http:\/\/ticaret.edu.tr\/ic-mimarlik-ve-cevre-tasarimi\/wp-json\/wp\/v2\/pages\/1023\/revisions"}],"predecessor-version":[{"id":1537,"href":"http:\/\/ticaret.edu.tr\/ic-mimarlik-ve-cevre-tasarimi\/wp-json\/wp\/v2\/pages\/1023\/revisions\/1537"}],"wp:attachment":[{"href":"http:\/\/ticaret.edu.tr\/ic-mimarlik-ve-cevre-tasarimi\/wp-json\/wp\/v2\/media?parent=1023"}],"curies":[{"name":"wp","href":"https:\/\/api.w.org\/{rel}","templated":true}]}}