{"id":1031,"date":"2025-01-26T22:41:16","date_gmt":"2025-01-26T19:41:16","guid":{"rendered":"https:\/\/ticaret.edu.tr\/ic-mimarlik-ve-cevre-tasarimi\/?page_id=1031"},"modified":"2025-10-21T15:51:47","modified_gmt":"2025-10-21T12:51:47","slug":"kazanilan-derecenin-duzeyi","status":"publish","type":"page","link":"http:\/\/ticaret.edu.tr\/ic-mimarlik-ve-cevre-tasarimi\/kazanilan-derecenin-duzeyi\/","title":{"rendered":"Kazan\u0131lan Derecenin D\u00fczeyi"},"content":{"rendered":"<p><strong>Derece D\u00fczeyi ve Yeterlilik Seviyesi<\/strong><\/p>\n<p>Bu program\u0131 ba\u015far\u0131yla tamamlayan \u00f6\u011frenciler a\u015fa\u011f\u0131daki derece d\u00fczeyine sahiptir:<\/p>\n<ul>\n<li>Derece D\u00fczeyi: Lisans<\/li>\n<li>T\u00fcrkiye Y\u00fcksek\u00f6\u011fretim Yeterlilikler \u00c7er\u00e7evesi (TYY\u00c7) Seviyesi: 6. D\u00fczey<\/li>\n<\/ul>\n<p>Lisans d\u00fczeyi, orta\u00f6\u011fretim sonras\u0131 akademik e\u011fitimin ilk a\u015famas\u0131n\u0131 temsil eder ve mezunlara akademik ve profesyonel kariyerlerinde ilerleme f\u0131rsat\u0131 sunar.<\/p>\n","protected":false},"excerpt":{"rendered":"<p>Derece D\u00fczeyi ve Yeterlilik Seviyesi Bu program\u0131 ba\u015far\u0131yla tamamlayan \u00f6\u011frenciler a\u015fa\u011f\u0131daki derece d\u00fczeyine sahiptir: Derece D\u00fczeyi: Lisans T\u00fcrkiye Y\u00fcksek\u00f6\u011fretim Yeterlilikler \u00c7er\u00e7evesi (TYY\u00c7) Seviyesi: 6. D\u00fczey Lisans d\u00fczeyi, orta\u00f6\u011fretim sonras\u0131 akademik e\u011fitimin ilk a\u015famas\u0131n\u0131 temsil eder ve mezunlara akademik ve profesyonel kariyerlerinde ilerleme f\u0131rsat\u0131 sunar.<\/p>\n","protected":false},"author":224,"featured_media":0,"parent":0,"menu_order":0,"comment_status":"closed","ping_status":"closed","template":"genel_sayfa.php","meta":{"footnotes":""},"yoast_head":"<!-- This site is optimized with the Yoast SEO Premium plugin v22.1 (Yoast SEO v22.1) - https:\/\/yoast.com\/wordpress\/plugins\/seo\/ -->\n<title>Kazan\u0131lan Derecenin D\u00fczeyi - \u0130\u00e7 Mimarl\u0131k ve \u00c7evre Tasar\u0131m\u0131<\/title>\n<meta name=\"robots\" content=\"index, follow, max-snippet:-1, max-image-preview:large, max-video-preview:-1\" \/>\n<link rel=\"canonical\" href=\"http:\/\/ticaret.edu.tr\/ic-mimarlik-ve-cevre-tasarimi\/kazanilan-derecenin-duzeyi\/\" \/>\n<meta property=\"og:locale\" content=\"tr_TR\" \/>\n<meta property=\"og:type\" content=\"article\" \/>\n<meta property=\"og:title\" content=\"Kazan\u0131lan Derecenin D\u00fczeyi\" \/>\n<meta property=\"og:description\" content=\"Derece D\u00fczeyi ve Yeterlilik Seviyesi Bu program\u0131 ba\u015far\u0131yla tamamlayan \u00f6\u011frenciler a\u015fa\u011f\u0131daki derece d\u00fczeyine sahiptir: Derece D\u00fczeyi: Lisans T\u00fcrkiye Y\u00fcksek\u00f6\u011fretim Yeterlilikler \u00c7er\u00e7evesi (TYY\u00c7) Seviyesi: 6. D\u00fczey Lisans d\u00fczeyi, orta\u00f6\u011fretim sonras\u0131 akademik e\u011fitimin ilk a\u015famas\u0131n\u0131 temsil eder ve mezunlara akademik ve profesyonel kariyerlerinde ilerleme f\u0131rsat\u0131 sunar.\" \/>\n<meta property=\"og:url\" content=\"http:\/\/ticaret.edu.tr\/ic-mimarlik-ve-cevre-tasarimi\/kazanilan-derecenin-duzeyi\/\" \/>\n<meta property=\"og:site_name\" content=\"\u0130\u00e7 Mimarl\u0131k ve \u00c7evre Tasar\u0131m\u0131\" \/>\n<meta property=\"article:publisher\" content=\"https:\/\/www.facebook.com\/ticaretedutr\" \/>\n<meta property=\"article:modified_time\" content=\"2025-10-21T12:51:47+00:00\" \/>\n<meta property=\"og:image\" content=\"http:\/\/ticaret.edu.tr\/ic-mimarlik-ve-cevre-tasarimi\/wp-content\/uploads\/sites\/24\/2021\/11\/web_logo-01.jpg\" \/>\n\t<meta property=\"og:image:width\" content=\"1250\" \/>\n\t<meta property=\"og:image:height\" content=\"833\" \/>\n\t<meta property=\"og:image:type\" content=\"image\/jpeg\" \/>\n<meta name=\"twitter:card\" content=\"summary_large_image\" \/>\n<meta name=\"twitter:site\" content=\"@ticaretedutr\" \/>\n<meta name=\"twitter:label1\" content=\"Tahmini okuma s\u00fcresi\" \/>\n\t<meta name=\"twitter:data1\" content=\"1 dakika\" \/>\n<script type=\"application\/ld+json\" class=\"yoast-schema-graph\">{\"@context\":\"https:\/\/schema.org\",\"@graph\":[{\"@type\":\"WebPage\",\"@id\":\"http:\/\/ticaret.edu.tr\/ic-mimarlik-ve-cevre-tasarimi\/kazanilan-derecenin-duzeyi\/\",\"url\":\"http:\/\/ticaret.edu.tr\/ic-mimarlik-ve-cevre-tasarimi\/kazanilan-derecenin-duzeyi\/\",\"name\":\"Kazan\u0131lan Derecenin D\u00fczeyi - \u0130\u00e7 Mimarl\u0131k ve \u00c7evre Tasar\u0131m\u0131\",\"isPartOf\":{\"@id\":\"http:\/\/ticaret.edu.tr\/ic-mimarlik-ve-cevre-tasarimi\/en\/#website\"},\"datePublished\":\"2025-01-26T19:41:16+00:00\",\"dateModified\":\"2025-10-21T12:51:47+00:00\",\"breadcrumb\":{\"@id\":\"http:\/\/ticaret.edu.tr\/ic-mimarlik-ve-cevre-tasarimi\/kazanilan-derecenin-duzeyi\/#breadcrumb\"},\"inLanguage\":\"tr\",\"potentialAction\":[{\"@type\":\"ReadAction\",\"target\":[\"http:\/\/ticaret.edu.tr\/ic-mimarlik-ve-cevre-tasarimi\/kazanilan-derecenin-duzeyi\/\"]}]},{\"@type\":\"BreadcrumbList\",\"@id\":\"http:\/\/ticaret.edu.tr\/ic-mimarlik-ve-cevre-tasarimi\/kazanilan-derecenin-duzeyi\/#breadcrumb\",\"itemListElement\":[{\"@type\":\"ListItem\",\"position\":1,\"name\":\"Ana sayfa\",\"item\":\"http:\/\/ticaret.edu.tr\/ic-mimarlik-ve-cevre-tasarimi\/\"},{\"@type\":\"ListItem\",\"position\":2,\"name\":\"Kazan\u0131lan Derecenin D\u00fczeyi\"}]},{\"@type\":\"WebSite\",\"@id\":\"http:\/\/ticaret.edu.tr\/ic-mimarlik-ve-cevre-tasarimi\/en\/#website\",\"url\":\"http:\/\/ticaret.edu.tr\/ic-mimarlik-ve-cevre-tasarimi\/en\/\",\"name\":\"\u0130\u00e7 Mimarl\u0131k ve \u00c7evre Tasar\u0131m\u0131\",\"description\":\"\",\"potentialAction\":[{\"@type\":\"SearchAction\",\"target\":{\"@type\":\"EntryPoint\",\"urlTemplate\":\"http:\/\/ticaret.edu.tr\/ic-mimarlik-ve-cevre-tasarimi\/en\/?s={search_term_string}\"},\"query-input\":\"required name=search_term_string\"}],\"inLanguage\":\"tr\"}]}<\/script>\n<!-- \/ Yoast SEO Premium plugin. -->","yoast_head_json":{"title":"Kazan\u0131lan Derecenin D\u00fczeyi - \u0130\u00e7 Mimarl\u0131k ve \u00c7evre Tasar\u0131m\u0131","robots":{"index":"index","follow":"follow","max-snippet":"max-snippet:-1","max-image-preview":"max-image-preview:large","max-video-preview":"max-video-preview:-1"},"canonical":"http:\/\/ticaret.edu.tr\/ic-mimarlik-ve-cevre-tasarimi\/kazanilan-derecenin-duzeyi\/","og_locale":"tr_TR","og_type":"article","og_title":"Kazan\u0131lan Derecenin D\u00fczeyi","og_description":"Derece D\u00fczeyi ve Yeterlilik Seviyesi Bu program\u0131 ba\u015far\u0131yla tamamlayan \u00f6\u011frenciler a\u015fa\u011f\u0131daki derece d\u00fczeyine sahiptir: Derece D\u00fczeyi: Lisans T\u00fcrkiye Y\u00fcksek\u00f6\u011fretim Yeterlilikler \u00c7er\u00e7evesi (TYY\u00c7) Seviyesi: 6. D\u00fczey Lisans d\u00fczeyi, orta\u00f6\u011fretim sonras\u0131 akademik e\u011fitimin ilk a\u015famas\u0131n\u0131 temsil eder ve mezunlara akademik ve profesyonel kariyerlerinde ilerleme f\u0131rsat\u0131 sunar.","og_url":"http:\/\/ticaret.edu.tr\/ic-mimarlik-ve-cevre-tasarimi\/kazanilan-derecenin-duzeyi\/","og_site_name":"\u0130\u00e7 Mimarl\u0131k ve \u00c7evre Tasar\u0131m\u0131","article_publisher":"https:\/\/www.facebook.com\/ticaretedutr","article_modified_time":"2025-10-21T12:51:47+00:00","og_image":[{"width":1250,"height":833,"url":"http:\/\/ticaret.edu.tr\/ic-mimarlik-ve-cevre-tasarimi\/wp-content\/uploads\/sites\/24\/2021\/11\/web_logo-01.jpg","type":"image\/jpeg"}],"twitter_card":"summary_large_image","twitter_site":"@ticaretedutr","twitter_misc":{"Tahmini okuma s\u00fcresi":"1 dakika"},"schema":{"@context":"https:\/\/schema.org","@graph":[{"@type":"WebPage","@id":"http:\/\/ticaret.edu.tr\/ic-mimarlik-ve-cevre-tasarimi\/kazanilan-derecenin-duzeyi\/","url":"http:\/\/ticaret.edu.tr\/ic-mimarlik-ve-cevre-tasarimi\/kazanilan-derecenin-duzeyi\/","name":"Kazan\u0131lan Derecenin D\u00fczeyi - \u0130\u00e7 Mimarl\u0131k ve \u00c7evre Tasar\u0131m\u0131","isPartOf":{"@id":"http:\/\/ticaret.edu.tr\/ic-mimarlik-ve-cevre-tasarimi\/en\/#website"},"datePublished":"2025-01-26T19:41:16+00:00","dateModified":"2025-10-21T12:51:47+00:00","breadcrumb":{"@id":"http:\/\/ticaret.edu.tr\/ic-mimarlik-ve-cevre-tasarimi\/kazanilan-derecenin-duzeyi\/#breadcrumb"},"inLanguage":"tr","potentialAction":[{"@type":"ReadAction","target":["http:\/\/ticaret.edu.tr\/ic-mimarlik-ve-cevre-tasarimi\/kazanilan-derecenin-duzeyi\/"]}]},{"@type":"BreadcrumbList","@id":"http:\/\/ticaret.edu.tr\/ic-mimarlik-ve-cevre-tasarimi\/kazanilan-derecenin-duzeyi\/#breadcrumb","itemListElement":[{"@type":"ListItem","position":1,"name":"Ana sayfa","item":"http:\/\/ticaret.edu.tr\/ic-mimarlik-ve-cevre-tasarimi\/"},{"@type":"ListItem","position":2,"name":"Kazan\u0131lan Derecenin D\u00fczeyi"}]},{"@type":"WebSite","@id":"http:\/\/ticaret.edu.tr\/ic-mimarlik-ve-cevre-tasarimi\/en\/#website","url":"http:\/\/ticaret.edu.tr\/ic-mimarlik-ve-cevre-tasarimi\/en\/","name":"\u0130\u00e7 Mimarl\u0131k ve \u00c7evre Tasar\u0131m\u0131","description":"","potentialAction":[{"@type":"SearchAction","target":{"@type":"EntryPoint","urlTemplate":"http:\/\/ticaret.edu.tr\/ic-mimarlik-ve-cevre-tasarimi\/en\/?s={search_term_string}"},"query-input":"required name=search_term_string"}],"inLanguage":"tr"}]}},"lang":"tr","translations":{"tr":1031,"en":1033},"pll_sync_post":[],"_links":{"self":[{"href":"http:\/\/ticaret.edu.tr\/ic-mimarlik-ve-cevre-tasarimi\/wp-json\/wp\/v2\/pages\/1031"}],"collection":[{"href":"http:\/\/ticaret.edu.tr\/ic-mimarlik-ve-cevre-tasarimi\/wp-json\/wp\/v2\/pages"}],"about":[{"href":"http:\/\/ticaret.edu.tr\/ic-mimarlik-ve-cevre-tasarimi\/wp-json\/wp\/v2\/types\/page"}],"author":[{"embeddable":true,"href":"http:\/\/ticaret.edu.tr\/ic-mimarlik-ve-cevre-tasarimi\/wp-json\/wp\/v2\/users\/224"}],"replies":[{"embeddable":true,"href":"http:\/\/ticaret.edu.tr\/ic-mimarlik-ve-cevre-tasarimi\/wp-json\/wp\/v2\/comments?post=1031"}],"version-history":[{"count":2,"href":"http:\/\/ticaret.edu.tr\/ic-mimarlik-ve-cevre-tasarimi\/wp-json\/wp\/v2\/pages\/1031\/revisions"}],"predecessor-version":[{"id":1504,"href":"http:\/\/ticaret.edu.tr\/ic-mimarlik-ve-cevre-tasarimi\/wp-json\/wp\/v2\/pages\/1031\/revisions\/1504"}],"wp:attachment":[{"href":"http:\/\/ticaret.edu.tr\/ic-mimarlik-ve-cevre-tasarimi\/wp-json\/wp\/v2\/media?parent=1031"}],"curies":[{"name":"wp","href":"https:\/\/api.w.org\/{rel}","templated":true}]}}