{"id":1064,"date":"2025-01-26T22:56:34","date_gmt":"2025-01-26T19:56:34","guid":{"rendered":"https:\/\/ticaret.edu.tr\/ic-mimarlik-ve-cevre-tasarimi\/?page_id=1064"},"modified":"2025-10-20T20:27:32","modified_gmt":"2025-10-20T17:27:32","slug":"calisma-turu","status":"publish","type":"page","link":"http:\/\/ticaret.edu.tr\/ic-mimarlik-ve-cevre-tasarimi\/calisma-turu\/","title":{"rendered":"\u00c7al\u0131\u015fma T\u00fcr\u00fc"},"content":{"rendered":"<p>\u0130nsan\u0131n i\u00e7inde ya\u015fad\u0131\u011f\u0131 konut, ofis, okul, ma\u011faza, restoran, kafeterya vb. her t\u00fcr i\u00e7 mekan\u0131n tasar\u0131m s\u00fcreci ve uygulama a\u015famalar\u0131 <b>\u0130\u00e7 <\/b><b>Mimar\u0131n<\/b> sorumluluk alan\u0131d\u0131r.<\/p>\n<p>\u0130\u00e7 Mimar, mekanlar\u0131n i\u015flevsel, estetik ve teknik a\u00e7\u0131s\u0131ndan uygun olarak tasarlanmas\u0131 ve uygulanmas\u0131 a\u015famalar\u0131n\u0131 ger\u00e7ekle\u015ftirir. Bunu sa\u011flamak i\u00e7in mimarl\u0131k, m\u00fchendislik gibi farkl\u0131 disiplinlerle i\u015fbirli\u011fi yapar.<\/p>\n<p>\u0130nsan\u0131n i\u00e7inde ya\u015fad\u0131\u011f\u0131 \u00e7evrede konforlu hissetmesini sa\u011flayacak, uygun ayd\u0131nlatma, akustik, \u0131s\u0131 &#8211; nem ile ilgili ko\u015fullar\u0131 sa\u011flayacak \u00e7\u00f6z\u00fcmler geli\u015ftirir.<\/p>\n<p>Mobilya ve mek\u00e2nsal donan\u0131m tasar\u0131m\u0131 konusunda uzmanla\u015fabilir.<\/p>\n<p>Tarihi mekanlar\u0131n yeniden i\u015flevlendirilmesi konusunda, mekanlar\u0131n d\u00f6n\u00fc\u015ft\u00fcr\u00fclmesi ile ilgili \u00e7al\u0131\u015fabilir.<\/p>\n<p><b>\u0130\u00e7 Mimarl\u0131k ve \u00c7evre Tasar\u0131m\u0131 \u00c7al\u0131\u015fma Alanlar\u0131<\/b><\/p>\n<ul>\n<li>Kamu kurum ve kurulu\u015flar\u0131nda,<\/li>\n<li>\u00d6zel sekt\u00f6rde,<\/li>\n<li>Belediyelerde,<\/li>\n<li>Akademide,<\/li>\n<li>\u0130\u00e7 mekan ve \u00e7evre tasar\u0131m\u0131, Ayd\u0131nlatma \/ Akustik tasar\u0131m\u0131, Mobilya tasar\u0131m\u0131, Koruma \u2013 restorasyon (yeniden i\u015flevlendirme) alanlar\u0131nda<\/li>\n<\/ul>\n<p>tasar\u0131m ve uygulama a\u015famalar\u0131nda \u00e7al\u0131\u015fabilir.<\/p>\n","protected":false},"excerpt":{"rendered":"<p>\u0130nsan\u0131n i\u00e7inde ya\u015fad\u0131\u011f\u0131 konut, ofis, okul, ma\u011faza, restoran, kafeterya vb. her t\u00fcr i\u00e7 mekan\u0131n tasar\u0131m s\u00fcreci ve uygulama a\u015famalar\u0131 \u0130\u00e7 Mimar\u0131n sorumluluk alan\u0131d\u0131r. \u0130\u00e7 Mimar, mekanlar\u0131n i\u015flevsel, estetik ve teknik a\u00e7\u0131s\u0131ndan uygun olarak tasarlanmas\u0131 ve uygulanmas\u0131 a\u015famalar\u0131n\u0131 ger\u00e7ekle\u015ftirir. Bunu sa\u011flamak i\u00e7in mimarl\u0131k, m\u00fchendislik gibi farkl\u0131 disiplinlerle i\u015fbirli\u011fi yapar. \u0130nsan\u0131n i\u00e7inde ya\u015fad\u0131\u011f\u0131 \u00e7evrede konforlu hissetmesini sa\u011flayacak, [&hellip;]<\/p>\n","protected":false},"author":224,"featured_media":0,"parent":0,"menu_order":0,"comment_status":"closed","ping_status":"closed","template":"genel_sayfa.php","meta":{"footnotes":""},"yoast_head":"<!-- This site is optimized with the Yoast SEO Premium plugin v22.1 (Yoast SEO v22.1) - https:\/\/yoast.com\/wordpress\/plugins\/seo\/ -->\n<title>\u00c7al\u0131\u015fma T\u00fcr\u00fc - \u0130\u00e7 Mimarl\u0131k ve \u00c7evre Tasar\u0131m\u0131<\/title>\n<meta name=\"robots\" content=\"index, follow, max-snippet:-1, max-image-preview:large, max-video-preview:-1\" \/>\n<link rel=\"canonical\" href=\"http:\/\/ticaret.edu.tr\/ic-mimarlik-ve-cevre-tasarimi\/calisma-turu\/\" \/>\n<meta property=\"og:locale\" content=\"tr_TR\" \/>\n<meta property=\"og:type\" content=\"article\" \/>\n<meta property=\"og:title\" content=\"\u00c7al\u0131\u015fma T\u00fcr\u00fc\" \/>\n<meta property=\"og:description\" content=\"\u0130nsan\u0131n i\u00e7inde ya\u015fad\u0131\u011f\u0131 konut, ofis, okul, ma\u011faza, restoran, kafeterya vb. her t\u00fcr i\u00e7 mekan\u0131n tasar\u0131m s\u00fcreci ve uygulama a\u015famalar\u0131 \u0130\u00e7 Mimar\u0131n sorumluluk alan\u0131d\u0131r. \u0130\u00e7 Mimar, mekanlar\u0131n i\u015flevsel, estetik ve teknik a\u00e7\u0131s\u0131ndan uygun olarak tasarlanmas\u0131 ve uygulanmas\u0131 a\u015famalar\u0131n\u0131 ger\u00e7ekle\u015ftirir. Bunu sa\u011flamak i\u00e7in mimarl\u0131k, m\u00fchendislik gibi farkl\u0131 disiplinlerle i\u015fbirli\u011fi yapar. \u0130nsan\u0131n i\u00e7inde ya\u015fad\u0131\u011f\u0131 \u00e7evrede konforlu hissetmesini sa\u011flayacak, [&hellip;]\" \/>\n<meta property=\"og:url\" content=\"http:\/\/ticaret.edu.tr\/ic-mimarlik-ve-cevre-tasarimi\/calisma-turu\/\" \/>\n<meta property=\"og:site_name\" content=\"\u0130\u00e7 Mimarl\u0131k ve \u00c7evre Tasar\u0131m\u0131\" \/>\n<meta property=\"article:publisher\" content=\"https:\/\/www.facebook.com\/ticaretedutr\" \/>\n<meta property=\"article:modified_time\" content=\"2025-10-20T17:27:32+00:00\" \/>\n<meta property=\"og:image\" content=\"http:\/\/ticaret.edu.tr\/ic-mimarlik-ve-cevre-tasarimi\/wp-content\/uploads\/sites\/24\/2021\/11\/web_logo-01.jpg\" \/>\n\t<meta property=\"og:image:width\" content=\"1250\" \/>\n\t<meta property=\"og:image:height\" content=\"833\" \/>\n\t<meta property=\"og:image:type\" content=\"image\/jpeg\" \/>\n<meta name=\"twitter:card\" content=\"summary_large_image\" \/>\n<meta name=\"twitter:site\" content=\"@ticaretedutr\" \/>\n<meta name=\"twitter:label1\" content=\"Tahmini okuma s\u00fcresi\" \/>\n\t<meta name=\"twitter:data1\" content=\"1 dakika\" \/>\n<script type=\"application\/ld+json\" class=\"yoast-schema-graph\">{\"@context\":\"https:\/\/schema.org\",\"@graph\":[{\"@type\":\"WebPage\",\"@id\":\"http:\/\/ticaret.edu.tr\/ic-mimarlik-ve-cevre-tasarimi\/calisma-turu\/\",\"url\":\"http:\/\/ticaret.edu.tr\/ic-mimarlik-ve-cevre-tasarimi\/calisma-turu\/\",\"name\":\"\u00c7al\u0131\u015fma T\u00fcr\u00fc - \u0130\u00e7 Mimarl\u0131k ve \u00c7evre Tasar\u0131m\u0131\",\"isPartOf\":{\"@id\":\"http:\/\/ticaret.edu.tr\/ic-mimarlik-ve-cevre-tasarimi\/en\/#website\"},\"datePublished\":\"2025-01-26T19:56:34+00:00\",\"dateModified\":\"2025-10-20T17:27:32+00:00\",\"breadcrumb\":{\"@id\":\"http:\/\/ticaret.edu.tr\/ic-mimarlik-ve-cevre-tasarimi\/calisma-turu\/#breadcrumb\"},\"inLanguage\":\"tr\",\"potentialAction\":[{\"@type\":\"ReadAction\",\"target\":[\"http:\/\/ticaret.edu.tr\/ic-mimarlik-ve-cevre-tasarimi\/calisma-turu\/\"]}]},{\"@type\":\"BreadcrumbList\",\"@id\":\"http:\/\/ticaret.edu.tr\/ic-mimarlik-ve-cevre-tasarimi\/calisma-turu\/#breadcrumb\",\"itemListElement\":[{\"@type\":\"ListItem\",\"position\":1,\"name\":\"Ana sayfa\",\"item\":\"http:\/\/ticaret.edu.tr\/ic-mimarlik-ve-cevre-tasarimi\/\"},{\"@type\":\"ListItem\",\"position\":2,\"name\":\"\u00c7al\u0131\u015fma T\u00fcr\u00fc\"}]},{\"@type\":\"WebSite\",\"@id\":\"http:\/\/ticaret.edu.tr\/ic-mimarlik-ve-cevre-tasarimi\/en\/#website\",\"url\":\"http:\/\/ticaret.edu.tr\/ic-mimarlik-ve-cevre-tasarimi\/en\/\",\"name\":\"\u0130\u00e7 Mimarl\u0131k ve \u00c7evre Tasar\u0131m\u0131\",\"description\":\"\",\"potentialAction\":[{\"@type\":\"SearchAction\",\"target\":{\"@type\":\"EntryPoint\",\"urlTemplate\":\"http:\/\/ticaret.edu.tr\/ic-mimarlik-ve-cevre-tasarimi\/en\/?s={search_term_string}\"},\"query-input\":\"required name=search_term_string\"}],\"inLanguage\":\"tr\"}]}<\/script>\n<!-- \/ Yoast SEO Premium plugin. -->","yoast_head_json":{"title":"\u00c7al\u0131\u015fma T\u00fcr\u00fc - \u0130\u00e7 Mimarl\u0131k ve \u00c7evre Tasar\u0131m\u0131","robots":{"index":"index","follow":"follow","max-snippet":"max-snippet:-1","max-image-preview":"max-image-preview:large","max-video-preview":"max-video-preview:-1"},"canonical":"http:\/\/ticaret.edu.tr\/ic-mimarlik-ve-cevre-tasarimi\/calisma-turu\/","og_locale":"tr_TR","og_type":"article","og_title":"\u00c7al\u0131\u015fma T\u00fcr\u00fc","og_description":"\u0130nsan\u0131n i\u00e7inde ya\u015fad\u0131\u011f\u0131 konut, ofis, okul, ma\u011faza, restoran, kafeterya vb. her t\u00fcr i\u00e7 mekan\u0131n tasar\u0131m s\u00fcreci ve uygulama a\u015famalar\u0131 \u0130\u00e7 Mimar\u0131n sorumluluk alan\u0131d\u0131r. \u0130\u00e7 Mimar, mekanlar\u0131n i\u015flevsel, estetik ve teknik a\u00e7\u0131s\u0131ndan uygun olarak tasarlanmas\u0131 ve uygulanmas\u0131 a\u015famalar\u0131n\u0131 ger\u00e7ekle\u015ftirir. Bunu sa\u011flamak i\u00e7in mimarl\u0131k, m\u00fchendislik gibi farkl\u0131 disiplinlerle i\u015fbirli\u011fi yapar. \u0130nsan\u0131n i\u00e7inde ya\u015fad\u0131\u011f\u0131 \u00e7evrede konforlu hissetmesini sa\u011flayacak, [&hellip;]","og_url":"http:\/\/ticaret.edu.tr\/ic-mimarlik-ve-cevre-tasarimi\/calisma-turu\/","og_site_name":"\u0130\u00e7 Mimarl\u0131k ve \u00c7evre Tasar\u0131m\u0131","article_publisher":"https:\/\/www.facebook.com\/ticaretedutr","article_modified_time":"2025-10-20T17:27:32+00:00","og_image":[{"width":1250,"height":833,"url":"http:\/\/ticaret.edu.tr\/ic-mimarlik-ve-cevre-tasarimi\/wp-content\/uploads\/sites\/24\/2021\/11\/web_logo-01.jpg","type":"image\/jpeg"}],"twitter_card":"summary_large_image","twitter_site":"@ticaretedutr","twitter_misc":{"Tahmini okuma s\u00fcresi":"1 dakika"},"schema":{"@context":"https:\/\/schema.org","@graph":[{"@type":"WebPage","@id":"http:\/\/ticaret.edu.tr\/ic-mimarlik-ve-cevre-tasarimi\/calisma-turu\/","url":"http:\/\/ticaret.edu.tr\/ic-mimarlik-ve-cevre-tasarimi\/calisma-turu\/","name":"\u00c7al\u0131\u015fma T\u00fcr\u00fc - \u0130\u00e7 Mimarl\u0131k ve \u00c7evre Tasar\u0131m\u0131","isPartOf":{"@id":"http:\/\/ticaret.edu.tr\/ic-mimarlik-ve-cevre-tasarimi\/en\/#website"},"datePublished":"2025-01-26T19:56:34+00:00","dateModified":"2025-10-20T17:27:32+00:00","breadcrumb":{"@id":"http:\/\/ticaret.edu.tr\/ic-mimarlik-ve-cevre-tasarimi\/calisma-turu\/#breadcrumb"},"inLanguage":"tr","potentialAction":[{"@type":"ReadAction","target":["http:\/\/ticaret.edu.tr\/ic-mimarlik-ve-cevre-tasarimi\/calisma-turu\/"]}]},{"@type":"BreadcrumbList","@id":"http:\/\/ticaret.edu.tr\/ic-mimarlik-ve-cevre-tasarimi\/calisma-turu\/#breadcrumb","itemListElement":[{"@type":"ListItem","position":1,"name":"Ana sayfa","item":"http:\/\/ticaret.edu.tr\/ic-mimarlik-ve-cevre-tasarimi\/"},{"@type":"ListItem","position":2,"name":"\u00c7al\u0131\u015fma T\u00fcr\u00fc"}]},{"@type":"WebSite","@id":"http:\/\/ticaret.edu.tr\/ic-mimarlik-ve-cevre-tasarimi\/en\/#website","url":"http:\/\/ticaret.edu.tr\/ic-mimarlik-ve-cevre-tasarimi\/en\/","name":"\u0130\u00e7 Mimarl\u0131k ve \u00c7evre Tasar\u0131m\u0131","description":"","potentialAction":[{"@type":"SearchAction","target":{"@type":"EntryPoint","urlTemplate":"http:\/\/ticaret.edu.tr\/ic-mimarlik-ve-cevre-tasarimi\/en\/?s={search_term_string}"},"query-input":"required name=search_term_string"}],"inLanguage":"tr"}]}},"lang":"tr","translations":{"tr":1064,"en":1066},"pll_sync_post":[],"_links":{"self":[{"href":"http:\/\/ticaret.edu.tr\/ic-mimarlik-ve-cevre-tasarimi\/wp-json\/wp\/v2\/pages\/1064"}],"collection":[{"href":"http:\/\/ticaret.edu.tr\/ic-mimarlik-ve-cevre-tasarimi\/wp-json\/wp\/v2\/pages"}],"about":[{"href":"http:\/\/ticaret.edu.tr\/ic-mimarlik-ve-cevre-tasarimi\/wp-json\/wp\/v2\/types\/page"}],"author":[{"embeddable":true,"href":"http:\/\/ticaret.edu.tr\/ic-mimarlik-ve-cevre-tasarimi\/wp-json\/wp\/v2\/users\/224"}],"replies":[{"embeddable":true,"href":"http:\/\/ticaret.edu.tr\/ic-mimarlik-ve-cevre-tasarimi\/wp-json\/wp\/v2\/comments?post=1064"}],"version-history":[{"count":2,"href":"http:\/\/ticaret.edu.tr\/ic-mimarlik-ve-cevre-tasarimi\/wp-json\/wp\/v2\/pages\/1064\/revisions"}],"predecessor-version":[{"id":1472,"href":"http:\/\/ticaret.edu.tr\/ic-mimarlik-ve-cevre-tasarimi\/wp-json\/wp\/v2\/pages\/1064\/revisions\/1472"}],"wp:attachment":[{"href":"http:\/\/ticaret.edu.tr\/ic-mimarlik-ve-cevre-tasarimi\/wp-json\/wp\/v2\/media?parent=1064"}],"curies":[{"name":"wp","href":"https:\/\/api.w.org\/{rel}","templated":true}]}}