{"id":1068,"date":"2025-01-26T22:57:28","date_gmt":"2025-01-26T19:57:28","guid":{"rendered":"https:\/\/ticaret.edu.tr\/ic-mimarlik-ve-cevre-tasarimi\/?page_id=1068"},"modified":"2025-10-20T20:01:45","modified_gmt":"2025-10-20T17:01:45","slug":"onceki-ogrenmenin-tanimlanmasi","status":"publish","type":"page","link":"http:\/\/ticaret.edu.tr\/ic-mimarlik-ve-cevre-tasarimi\/onceki-ogrenmenin-tanimlanmasi\/","title":{"rendered":"\u00d6nceki \u00d6\u011frenmenin Tan\u0131mlanmas\u0131"},"content":{"rendered":"<p>Lisans program\u0131na kabul edilmek i\u00e7in:<br \/>\n&#8211; Lise Mezuniyet Belgesine sahip olmak<br \/>\n&#8211; \u00d6n lisans e\u011fitimini tamamlam\u0131\u015f olmak<br \/>\n&#8211; Yatay ge\u00e7i\u015f yapmak- Dikey ge\u00e7i\u015f yapmak<\/p>\n","protected":false},"excerpt":{"rendered":"<p>Lisans program\u0131na kabul edilmek i\u00e7in: &#8211; Lise Mezuniyet Belgesine sahip olmak &#8211; \u00d6n lisans e\u011fitimini tamamlam\u0131\u015f olmak &#8211; Yatay ge\u00e7i\u015f yapmak- Dikey ge\u00e7i\u015f yapmak<\/p>\n","protected":false},"author":224,"featured_media":0,"parent":0,"menu_order":0,"comment_status":"closed","ping_status":"closed","template":"genel_sayfa.php","meta":{"footnotes":""},"yoast_head":"<!-- This site is optimized with the Yoast SEO Premium plugin v22.1 (Yoast SEO v22.1) - https:\/\/yoast.com\/wordpress\/plugins\/seo\/ -->\n<title>\u00d6nceki \u00d6\u011frenmenin Tan\u0131mlanmas\u0131 - \u0130\u00e7 Mimarl\u0131k ve \u00c7evre Tasar\u0131m\u0131<\/title>\n<meta name=\"robots\" content=\"index, follow, max-snippet:-1, max-image-preview:large, max-video-preview:-1\" \/>\n<link rel=\"canonical\" href=\"http:\/\/ticaret.edu.tr\/ic-mimarlik-ve-cevre-tasarimi\/onceki-ogrenmenin-tanimlanmasi\/\" \/>\n<meta property=\"og:locale\" content=\"tr_TR\" \/>\n<meta property=\"og:type\" content=\"article\" \/>\n<meta property=\"og:title\" content=\"\u00d6nceki \u00d6\u011frenmenin Tan\u0131mlanmas\u0131\" \/>\n<meta property=\"og:description\" content=\"Lisans program\u0131na kabul edilmek i\u00e7in: &#8211; Lise Mezuniyet Belgesine sahip olmak &#8211; \u00d6n lisans e\u011fitimini tamamlam\u0131\u015f olmak &#8211; Yatay ge\u00e7i\u015f yapmak- Dikey ge\u00e7i\u015f yapmak\" \/>\n<meta property=\"og:url\" content=\"http:\/\/ticaret.edu.tr\/ic-mimarlik-ve-cevre-tasarimi\/onceki-ogrenmenin-tanimlanmasi\/\" \/>\n<meta property=\"og:site_name\" content=\"\u0130\u00e7 Mimarl\u0131k ve \u00c7evre Tasar\u0131m\u0131\" \/>\n<meta property=\"article:publisher\" content=\"https:\/\/www.facebook.com\/ticaretedutr\" \/>\n<meta property=\"article:modified_time\" content=\"2025-10-20T17:01:45+00:00\" \/>\n<meta property=\"og:image\" content=\"http:\/\/ticaret.edu.tr\/ic-mimarlik-ve-cevre-tasarimi\/wp-content\/uploads\/sites\/24\/2021\/11\/web_logo-01.jpg\" \/>\n\t<meta property=\"og:image:width\" content=\"1250\" \/>\n\t<meta property=\"og:image:height\" content=\"833\" \/>\n\t<meta property=\"og:image:type\" content=\"image\/jpeg\" \/>\n<meta name=\"twitter:card\" content=\"summary_large_image\" \/>\n<meta name=\"twitter:site\" content=\"@ticaretedutr\" \/>\n<script type=\"application\/ld+json\" class=\"yoast-schema-graph\">{\"@context\":\"https:\/\/schema.org\",\"@graph\":[{\"@type\":\"WebPage\",\"@id\":\"http:\/\/ticaret.edu.tr\/ic-mimarlik-ve-cevre-tasarimi\/onceki-ogrenmenin-tanimlanmasi\/\",\"url\":\"http:\/\/ticaret.edu.tr\/ic-mimarlik-ve-cevre-tasarimi\/onceki-ogrenmenin-tanimlanmasi\/\",\"name\":\"\u00d6nceki \u00d6\u011frenmenin Tan\u0131mlanmas\u0131 - \u0130\u00e7 Mimarl\u0131k ve \u00c7evre Tasar\u0131m\u0131\",\"isPartOf\":{\"@id\":\"http:\/\/ticaret.edu.tr\/ic-mimarlik-ve-cevre-tasarimi\/en\/#website\"},\"datePublished\":\"2025-01-26T19:57:28+00:00\",\"dateModified\":\"2025-10-20T17:01:45+00:00\",\"breadcrumb\":{\"@id\":\"http:\/\/ticaret.edu.tr\/ic-mimarlik-ve-cevre-tasarimi\/onceki-ogrenmenin-tanimlanmasi\/#breadcrumb\"},\"inLanguage\":\"tr\",\"potentialAction\":[{\"@type\":\"ReadAction\",\"target\":[\"http:\/\/ticaret.edu.tr\/ic-mimarlik-ve-cevre-tasarimi\/onceki-ogrenmenin-tanimlanmasi\/\"]}]},{\"@type\":\"BreadcrumbList\",\"@id\":\"http:\/\/ticaret.edu.tr\/ic-mimarlik-ve-cevre-tasarimi\/onceki-ogrenmenin-tanimlanmasi\/#breadcrumb\",\"itemListElement\":[{\"@type\":\"ListItem\",\"position\":1,\"name\":\"Ana sayfa\",\"item\":\"http:\/\/ticaret.edu.tr\/ic-mimarlik-ve-cevre-tasarimi\/\"},{\"@type\":\"ListItem\",\"position\":2,\"name\":\"\u00d6nceki \u00d6\u011frenmenin Tan\u0131mlanmas\u0131\"}]},{\"@type\":\"WebSite\",\"@id\":\"http:\/\/ticaret.edu.tr\/ic-mimarlik-ve-cevre-tasarimi\/en\/#website\",\"url\":\"http:\/\/ticaret.edu.tr\/ic-mimarlik-ve-cevre-tasarimi\/en\/\",\"name\":\"\u0130\u00e7 Mimarl\u0131k ve \u00c7evre Tasar\u0131m\u0131\",\"description\":\"\",\"potentialAction\":[{\"@type\":\"SearchAction\",\"target\":{\"@type\":\"EntryPoint\",\"urlTemplate\":\"http:\/\/ticaret.edu.tr\/ic-mimarlik-ve-cevre-tasarimi\/en\/?s={search_term_string}\"},\"query-input\":\"required name=search_term_string\"}],\"inLanguage\":\"tr\"}]}<\/script>\n<!-- \/ Yoast SEO Premium plugin. -->","yoast_head_json":{"title":"\u00d6nceki \u00d6\u011frenmenin Tan\u0131mlanmas\u0131 - \u0130\u00e7 Mimarl\u0131k ve \u00c7evre Tasar\u0131m\u0131","robots":{"index":"index","follow":"follow","max-snippet":"max-snippet:-1","max-image-preview":"max-image-preview:large","max-video-preview":"max-video-preview:-1"},"canonical":"http:\/\/ticaret.edu.tr\/ic-mimarlik-ve-cevre-tasarimi\/onceki-ogrenmenin-tanimlanmasi\/","og_locale":"tr_TR","og_type":"article","og_title":"\u00d6nceki \u00d6\u011frenmenin Tan\u0131mlanmas\u0131","og_description":"Lisans program\u0131na kabul edilmek i\u00e7in: &#8211; Lise Mezuniyet Belgesine sahip olmak &#8211; \u00d6n lisans e\u011fitimini tamamlam\u0131\u015f olmak &#8211; Yatay ge\u00e7i\u015f yapmak- Dikey ge\u00e7i\u015f yapmak","og_url":"http:\/\/ticaret.edu.tr\/ic-mimarlik-ve-cevre-tasarimi\/onceki-ogrenmenin-tanimlanmasi\/","og_site_name":"\u0130\u00e7 Mimarl\u0131k ve \u00c7evre Tasar\u0131m\u0131","article_publisher":"https:\/\/www.facebook.com\/ticaretedutr","article_modified_time":"2025-10-20T17:01:45+00:00","og_image":[{"width":1250,"height":833,"url":"http:\/\/ticaret.edu.tr\/ic-mimarlik-ve-cevre-tasarimi\/wp-content\/uploads\/sites\/24\/2021\/11\/web_logo-01.jpg","type":"image\/jpeg"}],"twitter_card":"summary_large_image","twitter_site":"@ticaretedutr","schema":{"@context":"https:\/\/schema.org","@graph":[{"@type":"WebPage","@id":"http:\/\/ticaret.edu.tr\/ic-mimarlik-ve-cevre-tasarimi\/onceki-ogrenmenin-tanimlanmasi\/","url":"http:\/\/ticaret.edu.tr\/ic-mimarlik-ve-cevre-tasarimi\/onceki-ogrenmenin-tanimlanmasi\/","name":"\u00d6nceki \u00d6\u011frenmenin Tan\u0131mlanmas\u0131 - \u0130\u00e7 Mimarl\u0131k ve \u00c7evre Tasar\u0131m\u0131","isPartOf":{"@id":"http:\/\/ticaret.edu.tr\/ic-mimarlik-ve-cevre-tasarimi\/en\/#website"},"datePublished":"2025-01-26T19:57:28+00:00","dateModified":"2025-10-20T17:01:45+00:00","breadcrumb":{"@id":"http:\/\/ticaret.edu.tr\/ic-mimarlik-ve-cevre-tasarimi\/onceki-ogrenmenin-tanimlanmasi\/#breadcrumb"},"inLanguage":"tr","potentialAction":[{"@type":"ReadAction","target":["http:\/\/ticaret.edu.tr\/ic-mimarlik-ve-cevre-tasarimi\/onceki-ogrenmenin-tanimlanmasi\/"]}]},{"@type":"BreadcrumbList","@id":"http:\/\/ticaret.edu.tr\/ic-mimarlik-ve-cevre-tasarimi\/onceki-ogrenmenin-tanimlanmasi\/#breadcrumb","itemListElement":[{"@type":"ListItem","position":1,"name":"Ana sayfa","item":"http:\/\/ticaret.edu.tr\/ic-mimarlik-ve-cevre-tasarimi\/"},{"@type":"ListItem","position":2,"name":"\u00d6nceki \u00d6\u011frenmenin Tan\u0131mlanmas\u0131"}]},{"@type":"WebSite","@id":"http:\/\/ticaret.edu.tr\/ic-mimarlik-ve-cevre-tasarimi\/en\/#website","url":"http:\/\/ticaret.edu.tr\/ic-mimarlik-ve-cevre-tasarimi\/en\/","name":"\u0130\u00e7 Mimarl\u0131k ve \u00c7evre Tasar\u0131m\u0131","description":"","potentialAction":[{"@type":"SearchAction","target":{"@type":"EntryPoint","urlTemplate":"http:\/\/ticaret.edu.tr\/ic-mimarlik-ve-cevre-tasarimi\/en\/?s={search_term_string}"},"query-input":"required name=search_term_string"}],"inLanguage":"tr"}]}},"lang":"tr","translations":{"tr":1068,"en":1070},"pll_sync_post":[],"_links":{"self":[{"href":"http:\/\/ticaret.edu.tr\/ic-mimarlik-ve-cevre-tasarimi\/wp-json\/wp\/v2\/pages\/1068"}],"collection":[{"href":"http:\/\/ticaret.edu.tr\/ic-mimarlik-ve-cevre-tasarimi\/wp-json\/wp\/v2\/pages"}],"about":[{"href":"http:\/\/ticaret.edu.tr\/ic-mimarlik-ve-cevre-tasarimi\/wp-json\/wp\/v2\/types\/page"}],"author":[{"embeddable":true,"href":"http:\/\/ticaret.edu.tr\/ic-mimarlik-ve-cevre-tasarimi\/wp-json\/wp\/v2\/users\/224"}],"replies":[{"embeddable":true,"href":"http:\/\/ticaret.edu.tr\/ic-mimarlik-ve-cevre-tasarimi\/wp-json\/wp\/v2\/comments?post=1068"}],"version-history":[{"count":2,"href":"http:\/\/ticaret.edu.tr\/ic-mimarlik-ve-cevre-tasarimi\/wp-json\/wp\/v2\/pages\/1068\/revisions"}],"predecessor-version":[{"id":1464,"href":"http:\/\/ticaret.edu.tr\/ic-mimarlik-ve-cevre-tasarimi\/wp-json\/wp\/v2\/pages\/1068\/revisions\/1464"}],"wp:attachment":[{"href":"http:\/\/ticaret.edu.tr\/ic-mimarlik-ve-cevre-tasarimi\/wp-json\/wp\/v2\/media?parent=1068"}],"curies":[{"name":"wp","href":"https:\/\/api.w.org\/{rel}","templated":true}]}}