{"id":11,"date":"2020-05-03T19:37:05","date_gmt":"2020-05-03T16:37:05","guid":{"rendered":"http:\/\/ticaret.edu.tr\/imct\/?page_id=11"},"modified":"2025-02-11T16:57:30","modified_gmt":"2025-02-11T13:57:30","slug":"akademik-kadro","status":"publish","type":"page","link":"http:\/\/ticaret.edu.tr\/ic-mimarlik-ve-cevre-tasarimi\/akademik-kadro\/","title":{"rendered":"Akademik Kadro"},"content":{"rendered":"<style media=\"screen\">\r\n  \/* .akademikkadro_list { list-style: none; padding: 0; margin: 0;}\r\n  .akademikkadro_list li { float:left; width: 50%; margin-bottom: 8px; border-bottom: 1px solid rgba(0,0,0, 0.2); transition: all 0.3s ease-in-out; background-color: #fff;}\r\n  .akademikkadro_list li:first-child { width: 100%; }\r\n  .akademikkadro_list li:first-child .akademik_left { height: 220px;}\r\n  .akademikkadro_list li:hover { background-color: rgba(0,0,0, 0.05); cursor: pointer; }\r\n  .akademik_left { float:left; width: 35%; height: 150px; padding: 10px; border-bottom: 4px solid #0d1554; }\r\n  .akademik_cover { width: 100%; background-size: cover; background-position: center center; height: 100%; border: 1px solid #0d1554;  }\r\n  .akademik_content { float:left; width: 65%; padding: 15px 0px; font-size: 13px; }\r\n  .akademik_content h4 { font-size: 14px; font-weight: 600; }\r\n  .kenar { padding-left: 0; padding-right: 0; } *\/\r\n  @media (max-width: 460px) {\r\n    .akademikkadro_list li { width: 100%!important; }\r\n    .akademikkadro_list li:first-child .akademik_left { height: 120px!important; width: 27%!important;}\r\n    .dropdown-menu .dropdown-menu .dropdown-menu { left: 0px!important; }\r\n    .akademik_content { width: 73%!important; }\r\n\r\n  }\r\n  .akademikkadro_list { list-style: none; padding: 0; margin: 0;}\r\n  .akademikkadro_list li { float:left; width: 50%; margin-bottom: 8px; border-bottom: 1px solid rgba(0,0,0, 0.2); transition: all 0.3s ease-in-out; background-color: #fff;}\r\n  .akademikkadro_list li:first-child { width: 100%; }\r\n  .akademikkadro_list li:first-child .akademik_left { height: 140px; width: 15%;}\r\n  .akademikkadro_list li:hover { background-color: rgba(0,0,0, 0.05); cursor: pointer; }\r\n  .akademik_left { float:left; width: 24%; height: 120px; padding: 10px; border-bottom: 4px solid #0d1554; }\r\n  .akademik_cover { width: 100%; background-size: cover; background-position: top center; height: 100%; border: 2px solid #0d1554; border-radius: 8px; }\r\n  .akademik_content { float:left; width: 76%; padding: 15px 0px; font-size: 13px; position: relative; }\r\n  .akademik_content h4 { font-size: 14px; font-weight: 600; }\r\n  .akademik-line { position: relative; \/*z-index: 9999999;*\/ }\r\n  .akademik_content:after { position: absolute; right: 20px; font-size: 50px; font-family: \"Font Awesome 5 Free\"; content:\"\\f2c2\"; top: 20%; color:#fff; z-index: 1; }\r\n  .kenar { padding-left: 0; padding-right: 0; }\r\n<\/style>\r\n\r\n      <ul class=\"akademikkadro_list\">\r\n                            <li class=\"akademiklist_li\" cv_target=\"https:\/\/avesis.ticaret.edu.tr\/mtubabbaskan\">\r\n            <div class=\"akademik_left\">\r\n              <div class=\"akademik_cover\" style=\"background-image: url('https:\/\/ticaret.edu.tr\/wp-content\/uploads\/2025\/05\/DSCF7168-scaled.jpg');\"><\/div>\r\n            <\/div>\r\n            <div class=\"akademik_content\">\r\n              <a href=\"https:\/\/avesis.ticaret.edu.tr\/mtubabbaskan\" target=\"_blank\"><h4>FM Dr. Makbule Tuba BOSTANCI BASKAN<\/h4><\/a>\r\n              <div class=\"akademik-line\">Faculty of Architecture and Design<\/div>\r\n              <div class=\"akademik-line\">Interior Architecture and Environmental Design<\/div>\r\n              <div class=\"akademik-line\">Head of Department<\/div>\r\n            <\/div>\r\n          <\/li>\r\n                            <li class=\"akademiklist_li\" cv_target=\"https:\/\/avesis.ticaret.edu.tr\/iogurlu\">\r\n            <div class=\"akademik_left\">\r\n              <div class=\"akademik_cover\" style=\"background-image: url('https:\/\/ticaret.edu.tr\/wp-content\/uploads\/2025\/05\/DSCF7000-scaled.jpg');\"><\/div>\r\n            <\/div>\r\n            <div class=\"akademik_content\">\r\n              <a href=\"https:\/\/avesis.ticaret.edu.tr\/iogurlu\" target=\"_blank\"><h4>Prof. Dr. \u0130dris O\u011eURLU<\/h4><\/a>\r\n              <div class=\"akademik-line\">Faculty of Architecture and Design<\/div>\r\n              <div class=\"akademik-line\">Interior Architecture and Environmental Design<\/div>\r\n              <div class=\"akademik-line\">Director of Environment and Natural Sciences Application and Research Center<\/div>\r\n            <\/div>\r\n          <\/li>\r\n                            <li class=\"akademiklist_li\" cv_target=\"https:\/\/avesis.ticaret.edu.tr\/buc\">\r\n            <div class=\"akademik_left\">\r\n              <div class=\"akademik_cover\" style=\"background-image: url('https:\/\/ticaret.edu.tr\/wp-content\/uploads\/2025\/05\/DSCF7275-scaled.jpg');\"><\/div>\r\n            <\/div>\r\n            <div class=\"akademik_content\">\r\n              <a href=\"https:\/\/avesis.ticaret.edu.tr\/buc\" target=\"_blank\"><h4>FM Dr. Bet\u00fcl U\u00c7<\/h4><\/a>\r\n              <div class=\"akademik-line\">Faculty of Architecture and Design<\/div>\r\n              <div class=\"akademik-line\">Interior Architecture and Environmental Design<\/div>\r\n              <div class=\"akademik-line\">Faculty Member<\/div>\r\n            <\/div>\r\n          <\/li>\r\n                            <li class=\"akademiklist_li\" cv_target=\"https:\/\/avesis.ticaret.edu.tr\/ecbilge\">\r\n            <div class=\"akademik_left\">\r\n              <div class=\"akademik_cover\" style=\"background-image: url('https:\/\/ticaret.edu.tr\/wp-content\/uploads\/2025\/05\/DSCF7451-scaled.jpg');\"><\/div>\r\n            <\/div>\r\n            <div class=\"akademik_content\">\r\n              <a href=\"https:\/\/avesis.ticaret.edu.tr\/ecbilge\" target=\"_blank\"><h4>FM Dr. Eymen \u00c7a\u011fatay B\u0130LGE<\/h4><\/a>\r\n              <div class=\"akademik-line\">Faculty of Architecture and Design<\/div>\r\n              <div class=\"akademik-line\">Interior Architecture and Environmental Design<\/div>\r\n              <div class=\"akademik-line\">Faculty Member<\/div>\r\n            <\/div>\r\n          <\/li>\r\n                            <li class=\"akademiklist_li\" cv_target=\"https:\/\/avesis.ticaret.edu.tr\/aergin\">\r\n            <div class=\"akademik_left\">\r\n              <div class=\"akademik_cover\" style=\"background-image: url('https:\/\/ticaret.edu.tr\/wp-content\/uploads\/2025\/05\/DSCF2917-scaled.jpg');\"><\/div>\r\n            <\/div>\r\n            <div class=\"akademik_content\">\r\n              <a href=\"https:\/\/avesis.ticaret.edu.tr\/aergin\" target=\"_blank\"><h4>Lect. Asl\u0131han ERG\u0130N ASAL<\/h4><\/a>\r\n              <div class=\"akademik-line\">Faculty of Architecture and Design<\/div>\r\n              <div class=\"akademik-line\">Interior Architecture and Environmental Design<\/div>\r\n              <div class=\"akademik-line\">Lecturer<\/div>\r\n            <\/div>\r\n          <\/li>\r\n                            <li class=\"akademiklist_li\" cv_target=\"https:\/\/avesis.ticaret.edu.tr\/gkiyici\">\r\n            <div class=\"akademik_left\">\r\n              <div class=\"akademik_cover\" style=\"background-image: url('https:\/\/ticaret.edu.tr\/wp-content\/uploads\/2025\/05\/DSCF7685-scaled.jpg');\"><\/div>\r\n            <\/div>\r\n            <div class=\"akademik_content\">\r\n              <a href=\"https:\/\/avesis.ticaret.edu.tr\/gkiyici\" target=\"_blank\"><h4>Lect. G\u00f6khan KIYICI<\/h4><\/a>\r\n              <div class=\"akademik-line\">Faculty of Architecture and Design<\/div>\r\n              <div class=\"akademik-line\">Interior Architecture and Environmental Design<\/div>\r\n              <div class=\"akademik-line\">Lecturer<\/div>\r\n            <\/div>\r\n          <\/li>\r\n                            <li class=\"akademiklist_li\" cv_target=\"https:\/\/avesis.ticaret.edu.tr\/dhocaoglu\">\r\n            <div class=\"akademik_left\">\r\n              <div class=\"akademik_cover\" style=\"background-image: url('https:\/\/ticaret.edu.tr\/uploads\/akademik\/kadro\/dhocaoglu.jpg');\"><\/div>\r\n            <\/div>\r\n            <div class=\"akademik_content\">\r\n              <a href=\"https:\/\/avesis.ticaret.edu.tr\/dhocaoglu\" target=\"_blank\"><h4>RA Damla HOCAO\u011eLU T\u00dcRK<\/h4><\/a>\r\n              <div class=\"akademik-line\">Faculty of Architecture and Design<\/div>\r\n              <div class=\"akademik-line\">Textile And Fashion Design<\/div>\r\n              <div class=\"akademik-line\">Research Assistant<\/div>\r\n            <\/div>\r\n          <\/li>\r\n                            <li class=\"akademiklist_li\" cv_target=\"https:\/\/avesis.ticaret.edu.tr\/\">\r\n            <div class=\"akademik_left\">\r\n              <div class=\"akademik_cover\" style=\"background-image: url('http:\/\/ticaret.edu.tr\/wp-content\/uploads\/2022\/07\/akademik-boyut1.png');\"><\/div>\r\n            <\/div>\r\n            <div class=\"akademik_content\">\r\n              <a href=\"https:\/\/avesis.ticaret.edu.tr\/\" target=\"_blank\"><h4>**Dr. Elif UYAN<\/h4><\/a>\r\n              <div class=\"akademik-line\">Faculty of Architecture and Design<\/div>\r\n              <div class=\"akademik-line\">Interior Architecture and Environmental Design<\/div>\r\n              <div class=\"akademik-line\">Lecturer<\/div>\r\n            <\/div>\r\n          <\/li>\r\n                            <li class=\"akademiklist_li\" cv_target=\"https:\/\/avesis.ticaret.edu.tr\/\">\r\n            <div class=\"akademik_left\">\r\n              <div class=\"akademik_cover\" style=\"background-image: url('http:\/\/ticaret.edu.tr\/wp-content\/uploads\/2022\/07\/akademik-boyut1.png');\"><\/div>\r\n            <\/div>\r\n            <div class=\"akademik_content\">\r\n              <a href=\"https:\/\/avesis.ticaret.edu.tr\/\" target=\"_blank\"><h4>**Prof. Dr. H\u00fcseyin CENG\u0130Z<\/h4><\/a>\r\n              <div class=\"akademik-line\">Faculty of Architecture and Design<\/div>\r\n              <div class=\"akademik-line\">Interior Architecture and Environmental Design<\/div>\r\n              <div class=\"akademik-line\">Visiting Faculty Member<\/div>\r\n            <\/div>\r\n          <\/li>\r\n                            <li class=\"akademiklist_li\" cv_target=\"https:\/\/avesis.ticaret.edu.tr\/\">\r\n            <div class=\"akademik_left\">\r\n              <div class=\"akademik_cover\" style=\"background-image: url('http:\/\/ticaret.edu.tr\/wp-content\/uploads\/2022\/07\/akademik-boyut1.png');\"><\/div>\r\n            <\/div>\r\n            <div class=\"akademik_content\">\r\n              <a href=\"https:\/\/avesis.ticaret.edu.tr\/\" target=\"_blank\"><h4>**Assistant Professor Tuncay GEZG\u0130N<\/h4><\/a>\r\n              <div class=\"akademik-line\">Faculty of Architecture and Design<\/div>\r\n              <div class=\"akademik-line\">Interior Architecture and Environmental Design<\/div>\r\n              <div class=\"akademik-line\">Visiting Faculty Member<\/div>\r\n            <\/div>\r\n          <\/li>\r\n                            <li class=\"akademiklist_li\" cv_target=\"https:\/\/avesis.ticaret.edu.tr\/\">\r\n            <div class=\"akademik_left\">\r\n              <div class=\"akademik_cover\" style=\"background-image: url('http:\/\/ticaret.edu.tr\/wp-content\/uploads\/2022\/07\/akademik-boyut1.png');\"><\/div>\r\n            <\/div>\r\n            <div class=\"akademik_content\">\r\n              <a href=\"https:\/\/avesis.ticaret.edu.tr\/\" target=\"_blank\"><h4>*Assoc. Prof. Dr. Zerrin Funda \u00dcR\u00dcK<\/h4><\/a>\r\n              <div class=\"akademik-line\">Faculty of Architecture and Design<\/div>\r\n              <div class=\"akademik-line\">Interior Architecture and Environmental Design<\/div>\r\n              <div class=\"akademik-line\">Visiting Faculty Member<\/div>\r\n            <\/div>\r\n          <\/li>\r\n              <\/ul>\r\n\r\n      \n<div class=\"table-responsive\">\u201c*\u201d 2547 say\u0131l\u0131 kanunun 40-A ve 40-B maddesi uyar\u0131nca g\u00f6revlendirilmi\u015ftir.<br \/>\n\u201c**\u201d 2547 say\u0131l\u0131 kanunun 31. maddesi uyar\u0131nca g\u00f6revlendirilmi\u015ftir.<\/div>\n","protected":false},"excerpt":{"rendered":"<p>\u201c*\u201d 2547 say\u0131l\u0131 kanunun 40-A ve 40-B maddesi uyar\u0131nca g\u00f6revlendirilmi\u015ftir. \u201c**\u201d 2547 say\u0131l\u0131 kanunun 31. maddesi uyar\u0131nca g\u00f6revlendirilmi\u015ftir.<\/p>\n","protected":false},"author":1,"featured_media":0,"parent":0,"menu_order":0,"comment_status":"closed","ping_status":"closed","template":"genel_sayfa.php","meta":{"footnotes":""},"yoast_head":"<!-- This site is optimized with the Yoast SEO Premium plugin v22.1 (Yoast SEO v22.1) - https:\/\/yoast.com\/wordpress\/plugins\/seo\/ -->\n<title>Akademik Kadro - \u0130\u00e7 Mimarl\u0131k ve \u00c7evre Tasar\u0131m\u0131<\/title>\n<meta name=\"robots\" content=\"index, follow, max-snippet:-1, max-image-preview:large, max-video-preview:-1\" \/>\n<link rel=\"canonical\" href=\"https:\/\/ticaret.edu.tr\/ic-mimarlik-ve-cevre-tasarimi\/akademik-kadro\/\" \/>\n<meta property=\"og:locale\" content=\"tr_TR\" \/>\n<meta property=\"og:type\" content=\"article\" \/>\n<meta property=\"og:title\" content=\"Akademik Kadro\" \/>\n<meta property=\"og:description\" content=\"\u201c*\u201d 2547 say\u0131l\u0131 kanunun 40-A ve 40-B maddesi uyar\u0131nca g\u00f6revlendirilmi\u015ftir. \u201c**\u201d 2547 say\u0131l\u0131 kanunun 31. maddesi uyar\u0131nca g\u00f6revlendirilmi\u015ftir.\" \/>\n<meta property=\"og:url\" content=\"https:\/\/ticaret.edu.tr\/ic-mimarlik-ve-cevre-tasarimi\/akademik-kadro\/\" \/>\n<meta property=\"og:site_name\" content=\"\u0130\u00e7 Mimarl\u0131k ve \u00c7evre Tasar\u0131m\u0131\" \/>\n<meta property=\"article:publisher\" content=\"https:\/\/www.facebook.com\/ticaretedutr\" \/>\n<meta property=\"article:modified_time\" content=\"2025-02-11T13:57:30+00:00\" \/>\n<meta property=\"og:image\" content=\"http:\/\/ticaret.edu.tr\/ic-mimarlik-ve-cevre-tasarimi\/wp-content\/uploads\/sites\/24\/2021\/11\/web_logo-01.jpg\" \/>\n\t<meta property=\"og:image:width\" content=\"1250\" \/>\n\t<meta property=\"og:image:height\" content=\"833\" \/>\n\t<meta property=\"og:image:type\" content=\"image\/jpeg\" \/>\n<meta name=\"twitter:card\" content=\"summary_large_image\" \/>\n<meta name=\"twitter:site\" content=\"@ticaretedutr\" \/>\n<meta name=\"twitter:label1\" content=\"Tahmini okuma s\u00fcresi\" \/>\n\t<meta name=\"twitter:data1\" content=\"5 dakika\" \/>\n<script type=\"application\/ld+json\" class=\"yoast-schema-graph\">{\"@context\":\"https:\/\/schema.org\",\"@graph\":[{\"@type\":\"WebPage\",\"@id\":\"https:\/\/ticaret.edu.tr\/ic-mimarlik-ve-cevre-tasarimi\/akademik-kadro\/\",\"url\":\"https:\/\/ticaret.edu.tr\/ic-mimarlik-ve-cevre-tasarimi\/akademik-kadro\/\",\"name\":\"Akademik Kadro - \u0130\u00e7 Mimarl\u0131k ve \u00c7evre Tasar\u0131m\u0131\",\"isPartOf\":{\"@id\":\"http:\/\/ticaret.edu.tr\/ic-mimarlik-ve-cevre-tasarimi\/en\/#website\"},\"datePublished\":\"2020-05-03T16:37:05+00:00\",\"dateModified\":\"2025-02-11T13:57:30+00:00\",\"breadcrumb\":{\"@id\":\"https:\/\/ticaret.edu.tr\/ic-mimarlik-ve-cevre-tasarimi\/akademik-kadro\/#breadcrumb\"},\"inLanguage\":\"tr\",\"potentialAction\":[{\"@type\":\"ReadAction\",\"target\":[\"https:\/\/ticaret.edu.tr\/ic-mimarlik-ve-cevre-tasarimi\/akademik-kadro\/\"]}]},{\"@type\":\"BreadcrumbList\",\"@id\":\"https:\/\/ticaret.edu.tr\/ic-mimarlik-ve-cevre-tasarimi\/akademik-kadro\/#breadcrumb\",\"itemListElement\":[{\"@type\":\"ListItem\",\"position\":1,\"name\":\"Ana sayfa\",\"item\":\"http:\/\/ticaret.edu.tr\/ic-mimarlik-ve-cevre-tasarimi\/\"},{\"@type\":\"ListItem\",\"position\":2,\"name\":\"Akademik Kadro\"}]},{\"@type\":\"WebSite\",\"@id\":\"http:\/\/ticaret.edu.tr\/ic-mimarlik-ve-cevre-tasarimi\/en\/#website\",\"url\":\"http:\/\/ticaret.edu.tr\/ic-mimarlik-ve-cevre-tasarimi\/en\/\",\"name\":\"\u0130\u00e7 Mimarl\u0131k ve \u00c7evre Tasar\u0131m\u0131\",\"description\":\"\",\"potentialAction\":[{\"@type\":\"SearchAction\",\"target\":{\"@type\":\"EntryPoint\",\"urlTemplate\":\"http:\/\/ticaret.edu.tr\/ic-mimarlik-ve-cevre-tasarimi\/en\/?s={search_term_string}\"},\"query-input\":\"required name=search_term_string\"}],\"inLanguage\":\"tr\"}]}<\/script>\n<!-- \/ Yoast SEO Premium plugin. -->","yoast_head_json":{"title":"Akademik Kadro - \u0130\u00e7 Mimarl\u0131k ve \u00c7evre Tasar\u0131m\u0131","robots":{"index":"index","follow":"follow","max-snippet":"max-snippet:-1","max-image-preview":"max-image-preview:large","max-video-preview":"max-video-preview:-1"},"canonical":"https:\/\/ticaret.edu.tr\/ic-mimarlik-ve-cevre-tasarimi\/akademik-kadro\/","og_locale":"tr_TR","og_type":"article","og_title":"Akademik Kadro","og_description":"\u201c*\u201d 2547 say\u0131l\u0131 kanunun 40-A ve 40-B maddesi uyar\u0131nca g\u00f6revlendirilmi\u015ftir. \u201c**\u201d 2547 say\u0131l\u0131 kanunun 31. maddesi uyar\u0131nca g\u00f6revlendirilmi\u015ftir.","og_url":"https:\/\/ticaret.edu.tr\/ic-mimarlik-ve-cevre-tasarimi\/akademik-kadro\/","og_site_name":"\u0130\u00e7 Mimarl\u0131k ve \u00c7evre Tasar\u0131m\u0131","article_publisher":"https:\/\/www.facebook.com\/ticaretedutr","article_modified_time":"2025-02-11T13:57:30+00:00","og_image":[{"width":1250,"height":833,"url":"http:\/\/ticaret.edu.tr\/ic-mimarlik-ve-cevre-tasarimi\/wp-content\/uploads\/sites\/24\/2021\/11\/web_logo-01.jpg","type":"image\/jpeg"}],"twitter_card":"summary_large_image","twitter_site":"@ticaretedutr","twitter_misc":{"Tahmini okuma s\u00fcresi":"5 dakika"},"schema":{"@context":"https:\/\/schema.org","@graph":[{"@type":"WebPage","@id":"https:\/\/ticaret.edu.tr\/ic-mimarlik-ve-cevre-tasarimi\/akademik-kadro\/","url":"https:\/\/ticaret.edu.tr\/ic-mimarlik-ve-cevre-tasarimi\/akademik-kadro\/","name":"Akademik Kadro - \u0130\u00e7 Mimarl\u0131k ve \u00c7evre Tasar\u0131m\u0131","isPartOf":{"@id":"http:\/\/ticaret.edu.tr\/ic-mimarlik-ve-cevre-tasarimi\/en\/#website"},"datePublished":"2020-05-03T16:37:05+00:00","dateModified":"2025-02-11T13:57:30+00:00","breadcrumb":{"@id":"https:\/\/ticaret.edu.tr\/ic-mimarlik-ve-cevre-tasarimi\/akademik-kadro\/#breadcrumb"},"inLanguage":"tr","potentialAction":[{"@type":"ReadAction","target":["https:\/\/ticaret.edu.tr\/ic-mimarlik-ve-cevre-tasarimi\/akademik-kadro\/"]}]},{"@type":"BreadcrumbList","@id":"https:\/\/ticaret.edu.tr\/ic-mimarlik-ve-cevre-tasarimi\/akademik-kadro\/#breadcrumb","itemListElement":[{"@type":"ListItem","position":1,"name":"Ana sayfa","item":"http:\/\/ticaret.edu.tr\/ic-mimarlik-ve-cevre-tasarimi\/"},{"@type":"ListItem","position":2,"name":"Akademik Kadro"}]},{"@type":"WebSite","@id":"http:\/\/ticaret.edu.tr\/ic-mimarlik-ve-cevre-tasarimi\/en\/#website","url":"http:\/\/ticaret.edu.tr\/ic-mimarlik-ve-cevre-tasarimi\/en\/","name":"\u0130\u00e7 Mimarl\u0131k ve \u00c7evre Tasar\u0131m\u0131","description":"","potentialAction":[{"@type":"SearchAction","target":{"@type":"EntryPoint","urlTemplate":"http:\/\/ticaret.edu.tr\/ic-mimarlik-ve-cevre-tasarimi\/en\/?s={search_term_string}"},"query-input":"required name=search_term_string"}],"inLanguage":"tr"}]}},"lang":"tr","translations":{"en":391,"tr":11},"pll_sync_post":[],"_links":{"self":[{"href":"http:\/\/ticaret.edu.tr\/ic-mimarlik-ve-cevre-tasarimi\/wp-json\/wp\/v2\/pages\/11"}],"collection":[{"href":"http:\/\/ticaret.edu.tr\/ic-mimarlik-ve-cevre-tasarimi\/wp-json\/wp\/v2\/pages"}],"about":[{"href":"http:\/\/ticaret.edu.tr\/ic-mimarlik-ve-cevre-tasarimi\/wp-json\/wp\/v2\/types\/page"}],"author":[{"embeddable":true,"href":"http:\/\/ticaret.edu.tr\/ic-mimarlik-ve-cevre-tasarimi\/wp-json\/wp\/v2\/users\/1"}],"replies":[{"embeddable":true,"href":"http:\/\/ticaret.edu.tr\/ic-mimarlik-ve-cevre-tasarimi\/wp-json\/wp\/v2\/comments?post=11"}],"version-history":[{"count":14,"href":"http:\/\/ticaret.edu.tr\/ic-mimarlik-ve-cevre-tasarimi\/wp-json\/wp\/v2\/pages\/11\/revisions"}],"predecessor-version":[{"id":548,"href":"http:\/\/ticaret.edu.tr\/ic-mimarlik-ve-cevre-tasarimi\/wp-json\/wp\/v2\/pages\/11\/revisions\/548"}],"wp:attachment":[{"href":"http:\/\/ticaret.edu.tr\/ic-mimarlik-ve-cevre-tasarimi\/wp-json\/wp\/v2\/media?parent=11"}],"curies":[{"name":"wp","href":"https:\/\/api.w.org\/{rel}","templated":true}]}}