{"id":1100,"date":"2025-01-26T23:15:42","date_gmt":"2025-01-26T20:15:42","guid":{"rendered":"https:\/\/ticaret.edu.tr\/ic-mimarlik-ve-cevre-tasarimi\/?page_id=1100"},"modified":"2025-10-20T12:41:54","modified_gmt":"2025-10-20T09:41:54","slug":"cap-yandal-yatay-gecis","status":"publish","type":"page","link":"http:\/\/ticaret.edu.tr\/ic-mimarlik-ve-cevre-tasarimi\/cap-yandal-yatay-gecis\/","title":{"rendered":"\u00c7ap-Yandal \/ Yatay Ge\u00e7i\u015f"},"content":{"rendered":"<p>\u0130\u00e7 Mimarl\u0131k ve \u00c7evre Tasar\u0131m\u0131 B\u00f6l\u00fcm\u00fc, yatay ve dikey ge\u00e7i\u015f, \u00e7ift anadal ve ders muafiyet i\u015flemlerini Y\u00fcksek\u00f6\u011fretim Kurulu (Y\u00d6K) mevzuat\u0131na ve \u00dcniversitenin ilgili y\u00f6netmeliklerine g\u00f6re y\u00fcr\u00fctmektedir.<\/p>\n<p>Yatay ge\u00e7i\u015fler; genel not ortalamas\u0131 (GNO) ve merkezi yerle\u015ftirme puan\u0131 (MYP) ile olmak \u00fczere iki farkl\u0131 \u015fekilde yap\u0131lmaktad\u0131r. \u00d6\u011frenciler ilgili d\u00f6nemde MYP ve GNO yatay ge\u00e7i\u015f ba\u015fvurular\u0131nda bulunarak \u00fcniversitemizin sistemine belgelerini y\u00fcklemektedir. Yatay ge\u00e7i\u015f ba\u015fvurular\u0131 B\u00f6l\u00fcm \u0130ntibak Komisyonu taraf\u0131ndan de\u011ferlendirilmekte ve eksik belge varsa, ba\u015fvuru s\u00fcresi i\u00e7inde \u00f6\u011frencilere d\u00f6n\u00fc\u015f yap\u0131lmaktad\u0131r. Ba\u015fvuru s\u00fcresi sonunda, ilgili mevzuata g\u00f6re yatay ge\u00e7i\u015f de\u011ferlendirme tablolar\u0131 haz\u0131rlanarak, kabul edilenler (s\u0131n\u0131f\u0131, bursu vs.) ve reddedilenlerin listesi olu\u015fturulmaktad\u0131r.<\/p>\n<p>Dikey ge\u00e7i\u015fler; \u00f6n lisans program\u0131nda olan \u00f6\u011frenciler DGS s\u0131nav\u0131na girerek, ald\u0131klar\u0131 puanlara g\u00f6re \u00d6SYM taraf\u0131ndan belirlenen tercih zamanlar\u0131nda tercih yapmaktad\u0131rlar. \u00d6SYM taraf\u0131ndan a\u00e7\u0131klanarak \u00fcniversitemizi kazanan \u00f6\u011frenciler kay\u0131t yapt\u0131rd\u0131ktan sonra ilgili b\u00f6l\u00fcme dilek\u00e7esi ile ba\u015fvurmaktad\u0131r. Bu sebeple \u00f6\u011frencilerin kabul edili\u015finde herhangi bir de\u011ferlendirme tablosunun yap\u0131lmas\u0131na gerek yoktur. DGS ile gelen \u00f6\u011frenciler i\u00e7in, aksini gerektiren ko\u015fullar olmad\u0131\u011f\u0131 s\u00fcrece, ba\u015fvurudan \u00f6nce okuduklar\u0131 b\u00f6l\u00fcm ve bu b\u00f6l\u00fcmlerin dengi olan b\u00f6l\u00fcmler g\u00f6zetilerek, standart bir intibak s\u00fcreci ve formu ge\u00e7erli olmaktad\u0131r.<\/p>\n<p>\u00c7ift Anadal s\u00fcre\u00e7lerinde; ilgili e\u011fitim ve \u00f6\u011fretim y\u0131l\u0131nda g\u00fcncellenen m\u00fcfredat ve intibak dosyalar\u0131 ile \u00f6\u011frencinin kurumumuzdan gelmi\u015f oldu\u011fu b\u00f6l\u00fcmdeki (Mimarl\u0131k, End\u00fcstriyel Tasar\u0131m ve Tekstil ve Moda Tasar\u0131m\u0131) m\u00fcfredatlar ve intibak dosyalar\u0131 incelenerek derslerin TRANSFER ve SORUMLU tablosu olu\u015fturulmaktad\u0131r. Transfer dersler, kendi b\u00f6l\u00fcm\u00fcnde daha \u00f6nce al\u0131p ba\u015far\u0131yla tamamlam\u0131\u015f oldu\u011fu ve b\u00f6l\u00fcm\u00fcm\u00fczde denkli\u011fi sa\u011fland\u0131\u011f\u0131 dersler olarak kabul edilmekte, SORUMLU dersleri b\u00f6l\u00fcm\u00fcm\u00fczde almas\u0131 beklenmektedir. Tablolar genel intibak dosyas\u0131 \u015feklinde haz\u0131rlanmaktad\u0131r. \u00d6\u011frenci MUAF olaca\u011f\u0131 derslerin kontrol\u00fcn\u00fc haz\u0131rlanm\u0131\u015f olan genel dosyalardan takip etmektedir.<\/p>\n","protected":false},"excerpt":{"rendered":"<p>\u0130\u00e7 Mimarl\u0131k ve \u00c7evre Tasar\u0131m\u0131 B\u00f6l\u00fcm\u00fc, yatay ve dikey ge\u00e7i\u015f, \u00e7ift anadal ve ders muafiyet i\u015flemlerini Y\u00fcksek\u00f6\u011fretim Kurulu (Y\u00d6K) mevzuat\u0131na ve \u00dcniversitenin ilgili y\u00f6netmeliklerine g\u00f6re y\u00fcr\u00fctmektedir. Yatay ge\u00e7i\u015fler; genel not ortalamas\u0131 (GNO) ve merkezi yerle\u015ftirme puan\u0131 (MYP) ile olmak \u00fczere iki farkl\u0131 \u015fekilde yap\u0131lmaktad\u0131r. \u00d6\u011frenciler ilgili d\u00f6nemde MYP ve GNO yatay ge\u00e7i\u015f ba\u015fvurular\u0131nda bulunarak \u00fcniversitemizin [&hellip;]<\/p>\n","protected":false},"author":224,"featured_media":0,"parent":0,"menu_order":0,"comment_status":"closed","ping_status":"closed","template":"genel_sayfa.php","meta":{"footnotes":""},"yoast_head":"<!-- This site is optimized with the Yoast SEO Premium plugin v22.1 (Yoast SEO v22.1) - https:\/\/yoast.com\/wordpress\/plugins\/seo\/ -->\n<title>\u00c7ap-Yandal \/ Yatay Ge\u00e7i\u015f - \u0130\u00e7 Mimarl\u0131k ve \u00c7evre Tasar\u0131m\u0131<\/title>\n<meta name=\"robots\" content=\"index, follow, max-snippet:-1, max-image-preview:large, max-video-preview:-1\" \/>\n<link rel=\"canonical\" href=\"https:\/\/ticaret.edu.tr\/ic-mimarlik-ve-cevre-tasarimi\/cap-yandal-yatay-gecis\/\" \/>\n<meta property=\"og:locale\" content=\"tr_TR\" \/>\n<meta property=\"og:type\" content=\"article\" \/>\n<meta property=\"og:title\" content=\"\u00c7ap-Yandal \/ Yatay Ge\u00e7i\u015f\" \/>\n<meta property=\"og:description\" content=\"\u0130\u00e7 Mimarl\u0131k ve \u00c7evre Tasar\u0131m\u0131 B\u00f6l\u00fcm\u00fc, yatay ve dikey ge\u00e7i\u015f, \u00e7ift anadal ve ders muafiyet i\u015flemlerini Y\u00fcksek\u00f6\u011fretim Kurulu (Y\u00d6K) mevzuat\u0131na ve \u00dcniversitenin ilgili y\u00f6netmeliklerine g\u00f6re y\u00fcr\u00fctmektedir. Yatay ge\u00e7i\u015fler; genel not ortalamas\u0131 (GNO) ve merkezi yerle\u015ftirme puan\u0131 (MYP) ile olmak \u00fczere iki farkl\u0131 \u015fekilde yap\u0131lmaktad\u0131r. \u00d6\u011frenciler ilgili d\u00f6nemde MYP ve GNO yatay ge\u00e7i\u015f ba\u015fvurular\u0131nda bulunarak \u00fcniversitemizin [&hellip;]\" \/>\n<meta property=\"og:url\" content=\"https:\/\/ticaret.edu.tr\/ic-mimarlik-ve-cevre-tasarimi\/cap-yandal-yatay-gecis\/\" \/>\n<meta property=\"og:site_name\" content=\"\u0130\u00e7 Mimarl\u0131k ve \u00c7evre Tasar\u0131m\u0131\" \/>\n<meta property=\"article:publisher\" content=\"https:\/\/www.facebook.com\/ticaretedutr\" \/>\n<meta property=\"article:modified_time\" content=\"2025-10-20T09:41:54+00:00\" \/>\n<meta property=\"og:image\" content=\"http:\/\/ticaret.edu.tr\/ic-mimarlik-ve-cevre-tasarimi\/wp-content\/uploads\/sites\/24\/2021\/11\/web_logo-01.jpg\" \/>\n\t<meta property=\"og:image:width\" content=\"1250\" \/>\n\t<meta property=\"og:image:height\" content=\"833\" \/>\n\t<meta property=\"og:image:type\" content=\"image\/jpeg\" \/>\n<meta name=\"twitter:card\" content=\"summary_large_image\" \/>\n<meta name=\"twitter:site\" content=\"@ticaretedutr\" \/>\n<script type=\"application\/ld+json\" class=\"yoast-schema-graph\">{\"@context\":\"https:\/\/schema.org\",\"@graph\":[{\"@type\":\"WebPage\",\"@id\":\"https:\/\/ticaret.edu.tr\/ic-mimarlik-ve-cevre-tasarimi\/cap-yandal-yatay-gecis\/\",\"url\":\"https:\/\/ticaret.edu.tr\/ic-mimarlik-ve-cevre-tasarimi\/cap-yandal-yatay-gecis\/\",\"name\":\"\u00c7ap-Yandal \/ Yatay Ge\u00e7i\u015f - \u0130\u00e7 Mimarl\u0131k ve \u00c7evre Tasar\u0131m\u0131\",\"isPartOf\":{\"@id\":\"http:\/\/ticaret.edu.tr\/ic-mimarlik-ve-cevre-tasarimi\/en\/#website\"},\"datePublished\":\"2025-01-26T20:15:42+00:00\",\"dateModified\":\"2025-10-20T09:41:54+00:00\",\"breadcrumb\":{\"@id\":\"https:\/\/ticaret.edu.tr\/ic-mimarlik-ve-cevre-tasarimi\/cap-yandal-yatay-gecis\/#breadcrumb\"},\"inLanguage\":\"tr\",\"potentialAction\":[{\"@type\":\"ReadAction\",\"target\":[\"https:\/\/ticaret.edu.tr\/ic-mimarlik-ve-cevre-tasarimi\/cap-yandal-yatay-gecis\/\"]}]},{\"@type\":\"BreadcrumbList\",\"@id\":\"https:\/\/ticaret.edu.tr\/ic-mimarlik-ve-cevre-tasarimi\/cap-yandal-yatay-gecis\/#breadcrumb\",\"itemListElement\":[{\"@type\":\"ListItem\",\"position\":1,\"name\":\"Ana sayfa\",\"item\":\"http:\/\/ticaret.edu.tr\/ic-mimarlik-ve-cevre-tasarimi\/\"},{\"@type\":\"ListItem\",\"position\":2,\"name\":\"\u00c7ap-Yandal \/ Yatay Ge\u00e7i\u015f\"}]},{\"@type\":\"WebSite\",\"@id\":\"http:\/\/ticaret.edu.tr\/ic-mimarlik-ve-cevre-tasarimi\/en\/#website\",\"url\":\"http:\/\/ticaret.edu.tr\/ic-mimarlik-ve-cevre-tasarimi\/en\/\",\"name\":\"\u0130\u00e7 Mimarl\u0131k ve \u00c7evre Tasar\u0131m\u0131\",\"description\":\"\",\"potentialAction\":[{\"@type\":\"SearchAction\",\"target\":{\"@type\":\"EntryPoint\",\"urlTemplate\":\"http:\/\/ticaret.edu.tr\/ic-mimarlik-ve-cevre-tasarimi\/en\/?s={search_term_string}\"},\"query-input\":\"required name=search_term_string\"}],\"inLanguage\":\"tr\"}]}<\/script>\n<!-- \/ Yoast SEO Premium plugin. -->","yoast_head_json":{"title":"\u00c7ap-Yandal \/ Yatay Ge\u00e7i\u015f - \u0130\u00e7 Mimarl\u0131k ve \u00c7evre Tasar\u0131m\u0131","robots":{"index":"index","follow":"follow","max-snippet":"max-snippet:-1","max-image-preview":"max-image-preview:large","max-video-preview":"max-video-preview:-1"},"canonical":"https:\/\/ticaret.edu.tr\/ic-mimarlik-ve-cevre-tasarimi\/cap-yandal-yatay-gecis\/","og_locale":"tr_TR","og_type":"article","og_title":"\u00c7ap-Yandal \/ Yatay Ge\u00e7i\u015f","og_description":"\u0130\u00e7 Mimarl\u0131k ve \u00c7evre Tasar\u0131m\u0131 B\u00f6l\u00fcm\u00fc, yatay ve dikey ge\u00e7i\u015f, \u00e7ift anadal ve ders muafiyet i\u015flemlerini Y\u00fcksek\u00f6\u011fretim Kurulu (Y\u00d6K) mevzuat\u0131na ve \u00dcniversitenin ilgili y\u00f6netmeliklerine g\u00f6re y\u00fcr\u00fctmektedir. Yatay ge\u00e7i\u015fler; genel not ortalamas\u0131 (GNO) ve merkezi yerle\u015ftirme puan\u0131 (MYP) ile olmak \u00fczere iki farkl\u0131 \u015fekilde yap\u0131lmaktad\u0131r. \u00d6\u011frenciler ilgili d\u00f6nemde MYP ve GNO yatay ge\u00e7i\u015f ba\u015fvurular\u0131nda bulunarak \u00fcniversitemizin [&hellip;]","og_url":"https:\/\/ticaret.edu.tr\/ic-mimarlik-ve-cevre-tasarimi\/cap-yandal-yatay-gecis\/","og_site_name":"\u0130\u00e7 Mimarl\u0131k ve \u00c7evre Tasar\u0131m\u0131","article_publisher":"https:\/\/www.facebook.com\/ticaretedutr","article_modified_time":"2025-10-20T09:41:54+00:00","og_image":[{"width":1250,"height":833,"url":"http:\/\/ticaret.edu.tr\/ic-mimarlik-ve-cevre-tasarimi\/wp-content\/uploads\/sites\/24\/2021\/11\/web_logo-01.jpg","type":"image\/jpeg"}],"twitter_card":"summary_large_image","twitter_site":"@ticaretedutr","schema":{"@context":"https:\/\/schema.org","@graph":[{"@type":"WebPage","@id":"https:\/\/ticaret.edu.tr\/ic-mimarlik-ve-cevre-tasarimi\/cap-yandal-yatay-gecis\/","url":"https:\/\/ticaret.edu.tr\/ic-mimarlik-ve-cevre-tasarimi\/cap-yandal-yatay-gecis\/","name":"\u00c7ap-Yandal \/ Yatay Ge\u00e7i\u015f - \u0130\u00e7 Mimarl\u0131k ve \u00c7evre Tasar\u0131m\u0131","isPartOf":{"@id":"http:\/\/ticaret.edu.tr\/ic-mimarlik-ve-cevre-tasarimi\/en\/#website"},"datePublished":"2025-01-26T20:15:42+00:00","dateModified":"2025-10-20T09:41:54+00:00","breadcrumb":{"@id":"https:\/\/ticaret.edu.tr\/ic-mimarlik-ve-cevre-tasarimi\/cap-yandal-yatay-gecis\/#breadcrumb"},"inLanguage":"tr","potentialAction":[{"@type":"ReadAction","target":["https:\/\/ticaret.edu.tr\/ic-mimarlik-ve-cevre-tasarimi\/cap-yandal-yatay-gecis\/"]}]},{"@type":"BreadcrumbList","@id":"https:\/\/ticaret.edu.tr\/ic-mimarlik-ve-cevre-tasarimi\/cap-yandal-yatay-gecis\/#breadcrumb","itemListElement":[{"@type":"ListItem","position":1,"name":"Ana sayfa","item":"http:\/\/ticaret.edu.tr\/ic-mimarlik-ve-cevre-tasarimi\/"},{"@type":"ListItem","position":2,"name":"\u00c7ap-Yandal \/ Yatay Ge\u00e7i\u015f"}]},{"@type":"WebSite","@id":"http:\/\/ticaret.edu.tr\/ic-mimarlik-ve-cevre-tasarimi\/en\/#website","url":"http:\/\/ticaret.edu.tr\/ic-mimarlik-ve-cevre-tasarimi\/en\/","name":"\u0130\u00e7 Mimarl\u0131k ve \u00c7evre Tasar\u0131m\u0131","description":"","potentialAction":[{"@type":"SearchAction","target":{"@type":"EntryPoint","urlTemplate":"http:\/\/ticaret.edu.tr\/ic-mimarlik-ve-cevre-tasarimi\/en\/?s={search_term_string}"},"query-input":"required name=search_term_string"}],"inLanguage":"tr"}]}},"lang":"tr","translations":{"tr":1100,"en":1121},"pll_sync_post":[],"_links":{"self":[{"href":"http:\/\/ticaret.edu.tr\/ic-mimarlik-ve-cevre-tasarimi\/wp-json\/wp\/v2\/pages\/1100"}],"collection":[{"href":"http:\/\/ticaret.edu.tr\/ic-mimarlik-ve-cevre-tasarimi\/wp-json\/wp\/v2\/pages"}],"about":[{"href":"http:\/\/ticaret.edu.tr\/ic-mimarlik-ve-cevre-tasarimi\/wp-json\/wp\/v2\/types\/page"}],"author":[{"embeddable":true,"href":"http:\/\/ticaret.edu.tr\/ic-mimarlik-ve-cevre-tasarimi\/wp-json\/wp\/v2\/users\/224"}],"replies":[{"embeddable":true,"href":"http:\/\/ticaret.edu.tr\/ic-mimarlik-ve-cevre-tasarimi\/wp-json\/wp\/v2\/comments?post=1100"}],"version-history":[{"count":3,"href":"http:\/\/ticaret.edu.tr\/ic-mimarlik-ve-cevre-tasarimi\/wp-json\/wp\/v2\/pages\/1100\/revisions"}],"predecessor-version":[{"id":1447,"href":"http:\/\/ticaret.edu.tr\/ic-mimarlik-ve-cevre-tasarimi\/wp-json\/wp\/v2\/pages\/1100\/revisions\/1447"}],"wp:attachment":[{"href":"http:\/\/ticaret.edu.tr\/ic-mimarlik-ve-cevre-tasarimi\/wp-json\/wp\/v2\/media?parent=1100"}],"curies":[{"name":"wp","href":"https:\/\/api.w.org\/{rel}","templated":true}]}}