{"id":1102,"date":"2025-01-26T23:16:02","date_gmt":"2025-01-26T20:16:02","guid":{"rendered":"https:\/\/ticaret.edu.tr\/ic-mimarlik-ve-cevre-tasarimi\/?page_id=1102"},"modified":"2025-10-20T12:42:41","modified_gmt":"2025-10-20T09:42:41","slug":"ogrenci-degisim-programlari-erasmus","status":"publish","type":"page","link":"http:\/\/ticaret.edu.tr\/ic-mimarlik-ve-cevre-tasarimi\/ogrenci-degisim-programlari-erasmus\/","title":{"rendered":"\u00d6\u011frenci De\u011fi\u015fim Programlar\u0131 \/ Erasmus"},"content":{"rendered":"<p>Erasmus \u00f6\u011frenci hareketlili\u011fi, \u00d6\u011frenim Hareketlili\u011fi ve Staj Hareketlili\u011fi olmak \u00fczere iki \u015fekilde ger\u00e7ekle\u015fir: \u00d6\u011frenim hareketlili\u011fi, faaliyet s\u00fcresi, her bir \u00f6\u011frenim kademesi i\u00e7in ayr\u0131 ayr\u0131 ge\u00e7erli olmak \u00fczere ayn\u0131 akademik y\u0131l i\u00e7erisinde tamamlanabilecek 3 &#8211; 12 ay aras\u0131nda bir s\u00fcre (1, 2 veya baz\u0131 \u00fclkelerin sistemlerine g\u00f6re 3 d\u00f6nem) olabilir. \u00d6\u011frenim kademesi \u00f6n lisans\/lisans, y\u00fcksek lisans ve doktora d\u00fczeylerini ifade eder. Erasmus \u00d6\u011frenim Hareketlili\u011fi ba\u015fvurular\u0131 her y\u0131l Ocak ay\u0131n\u0131n son haftas\u0131nda ilana \u00e7\u0131k\u0131larak, ba\u015fvurular \u015eubat ay\u0131n\u0131n ba\u015f\u0131nda al\u0131nmaktad\u0131r. Gerekli g\u00f6r\u00fclmedi\u011fi s\u00fcrece ba\u015fvurular y\u0131lda 1 kez al\u0131nmaktad\u0131r. Staj hareketlili\u011fi, y\u00fcksek\u00f6\u011fretim kurumunda kay\u0131tl\u0131 \u00f6\u011frencinin yurtd\u0131\u015f\u0131ndaki bir i\u015fletmede staj yapmas\u0131d\u0131r. \u201cStaj\u201d, bir yararlan\u0131c\u0131n\u0131n programa kat\u0131lan ba\u015fka bir \u00fclkedeki bir i\u015fletme veya organizasyon b\u00fcnyesindeki mesleki e\u011fitim alma ve\/veya \u00e7al\u0131\u015fma deneyimi kazanma s\u00fcrecidir. Staj faaliyeti, \u00f6\u011frencinin \u00f6\u011frencisi oldu\u011fu mesleki e\u011fitim alan\u0131nda uygulamal\u0131 i\u015f deneyimi elde etmesidir.<\/p>\n","protected":false},"excerpt":{"rendered":"<p>Erasmus \u00f6\u011frenci hareketlili\u011fi, \u00d6\u011frenim Hareketlili\u011fi ve Staj Hareketlili\u011fi olmak \u00fczere iki \u015fekilde ger\u00e7ekle\u015fir: \u00d6\u011frenim hareketlili\u011fi, faaliyet s\u00fcresi, her bir \u00f6\u011frenim kademesi i\u00e7in ayr\u0131 ayr\u0131 ge\u00e7erli olmak \u00fczere ayn\u0131 akademik y\u0131l i\u00e7erisinde tamamlanabilecek 3 &#8211; 12 ay aras\u0131nda bir s\u00fcre (1, 2 veya baz\u0131 \u00fclkelerin sistemlerine g\u00f6re 3 d\u00f6nem) olabilir. \u00d6\u011frenim kademesi \u00f6n lisans\/lisans, y\u00fcksek lisans [&hellip;]<\/p>\n","protected":false},"author":224,"featured_media":0,"parent":0,"menu_order":0,"comment_status":"closed","ping_status":"closed","template":"genel_sayfa.php","meta":{"footnotes":""},"yoast_head":"<!-- This site is optimized with the Yoast SEO Premium plugin v22.1 (Yoast SEO v22.1) - https:\/\/yoast.com\/wordpress\/plugins\/seo\/ -->\n<title>\u00d6\u011frenci De\u011fi\u015fim Programlar\u0131 \/ Erasmus - \u0130\u00e7 Mimarl\u0131k ve \u00c7evre Tasar\u0131m\u0131<\/title>\n<meta name=\"robots\" content=\"index, follow, max-snippet:-1, max-image-preview:large, max-video-preview:-1\" \/>\n<link rel=\"canonical\" href=\"http:\/\/ticaret.edu.tr\/ic-mimarlik-ve-cevre-tasarimi\/ogrenci-degisim-programlari-erasmus\/\" \/>\n<meta property=\"og:locale\" content=\"tr_TR\" \/>\n<meta property=\"og:type\" content=\"article\" \/>\n<meta property=\"og:title\" content=\"\u00d6\u011frenci De\u011fi\u015fim Programlar\u0131 \/ Erasmus\" \/>\n<meta property=\"og:description\" content=\"Erasmus \u00f6\u011frenci hareketlili\u011fi, \u00d6\u011frenim Hareketlili\u011fi ve Staj Hareketlili\u011fi olmak \u00fczere iki \u015fekilde ger\u00e7ekle\u015fir: \u00d6\u011frenim hareketlili\u011fi, faaliyet s\u00fcresi, her bir \u00f6\u011frenim kademesi i\u00e7in ayr\u0131 ayr\u0131 ge\u00e7erli olmak \u00fczere ayn\u0131 akademik y\u0131l i\u00e7erisinde tamamlanabilecek 3 &#8211; 12 ay aras\u0131nda bir s\u00fcre (1, 2 veya baz\u0131 \u00fclkelerin sistemlerine g\u00f6re 3 d\u00f6nem) olabilir. \u00d6\u011frenim kademesi \u00f6n lisans\/lisans, y\u00fcksek lisans [&hellip;]\" \/>\n<meta property=\"og:url\" content=\"http:\/\/ticaret.edu.tr\/ic-mimarlik-ve-cevre-tasarimi\/ogrenci-degisim-programlari-erasmus\/\" \/>\n<meta property=\"og:site_name\" content=\"\u0130\u00e7 Mimarl\u0131k ve \u00c7evre Tasar\u0131m\u0131\" \/>\n<meta property=\"article:publisher\" content=\"https:\/\/www.facebook.com\/ticaretedutr\" \/>\n<meta property=\"article:modified_time\" content=\"2025-10-20T09:42:41+00:00\" \/>\n<meta property=\"og:image\" content=\"http:\/\/ticaret.edu.tr\/ic-mimarlik-ve-cevre-tasarimi\/wp-content\/uploads\/sites\/24\/2021\/11\/web_logo-01.jpg\" \/>\n\t<meta property=\"og:image:width\" content=\"1250\" \/>\n\t<meta property=\"og:image:height\" content=\"833\" \/>\n\t<meta property=\"og:image:type\" content=\"image\/jpeg\" \/>\n<meta name=\"twitter:card\" content=\"summary_large_image\" \/>\n<meta name=\"twitter:site\" content=\"@ticaretedutr\" \/>\n<meta name=\"twitter:label1\" content=\"Tahmini okuma s\u00fcresi\" \/>\n\t<meta name=\"twitter:data1\" content=\"2 dakika\" \/>\n<script type=\"application\/ld+json\" class=\"yoast-schema-graph\">{\"@context\":\"https:\/\/schema.org\",\"@graph\":[{\"@type\":\"WebPage\",\"@id\":\"http:\/\/ticaret.edu.tr\/ic-mimarlik-ve-cevre-tasarimi\/ogrenci-degisim-programlari-erasmus\/\",\"url\":\"http:\/\/ticaret.edu.tr\/ic-mimarlik-ve-cevre-tasarimi\/ogrenci-degisim-programlari-erasmus\/\",\"name\":\"\u00d6\u011frenci De\u011fi\u015fim Programlar\u0131 \/ Erasmus - \u0130\u00e7 Mimarl\u0131k ve \u00c7evre Tasar\u0131m\u0131\",\"isPartOf\":{\"@id\":\"http:\/\/ticaret.edu.tr\/ic-mimarlik-ve-cevre-tasarimi\/en\/#website\"},\"datePublished\":\"2025-01-26T20:16:02+00:00\",\"dateModified\":\"2025-10-20T09:42:41+00:00\",\"breadcrumb\":{\"@id\":\"http:\/\/ticaret.edu.tr\/ic-mimarlik-ve-cevre-tasarimi\/ogrenci-degisim-programlari-erasmus\/#breadcrumb\"},\"inLanguage\":\"tr\",\"potentialAction\":[{\"@type\":\"ReadAction\",\"target\":[\"http:\/\/ticaret.edu.tr\/ic-mimarlik-ve-cevre-tasarimi\/ogrenci-degisim-programlari-erasmus\/\"]}]},{\"@type\":\"BreadcrumbList\",\"@id\":\"http:\/\/ticaret.edu.tr\/ic-mimarlik-ve-cevre-tasarimi\/ogrenci-degisim-programlari-erasmus\/#breadcrumb\",\"itemListElement\":[{\"@type\":\"ListItem\",\"position\":1,\"name\":\"Ana sayfa\",\"item\":\"http:\/\/ticaret.edu.tr\/ic-mimarlik-ve-cevre-tasarimi\/\"},{\"@type\":\"ListItem\",\"position\":2,\"name\":\"\u00d6\u011frenci De\u011fi\u015fim Programlar\u0131 \/ Erasmus\"}]},{\"@type\":\"WebSite\",\"@id\":\"http:\/\/ticaret.edu.tr\/ic-mimarlik-ve-cevre-tasarimi\/en\/#website\",\"url\":\"http:\/\/ticaret.edu.tr\/ic-mimarlik-ve-cevre-tasarimi\/en\/\",\"name\":\"\u0130\u00e7 Mimarl\u0131k ve \u00c7evre Tasar\u0131m\u0131\",\"description\":\"\",\"potentialAction\":[{\"@type\":\"SearchAction\",\"target\":{\"@type\":\"EntryPoint\",\"urlTemplate\":\"http:\/\/ticaret.edu.tr\/ic-mimarlik-ve-cevre-tasarimi\/en\/?s={search_term_string}\"},\"query-input\":\"required name=search_term_string\"}],\"inLanguage\":\"tr\"}]}<\/script>\n<!-- \/ Yoast SEO Premium plugin. -->","yoast_head_json":{"title":"\u00d6\u011frenci De\u011fi\u015fim Programlar\u0131 \/ Erasmus - \u0130\u00e7 Mimarl\u0131k ve \u00c7evre Tasar\u0131m\u0131","robots":{"index":"index","follow":"follow","max-snippet":"max-snippet:-1","max-image-preview":"max-image-preview:large","max-video-preview":"max-video-preview:-1"},"canonical":"http:\/\/ticaret.edu.tr\/ic-mimarlik-ve-cevre-tasarimi\/ogrenci-degisim-programlari-erasmus\/","og_locale":"tr_TR","og_type":"article","og_title":"\u00d6\u011frenci De\u011fi\u015fim Programlar\u0131 \/ Erasmus","og_description":"Erasmus \u00f6\u011frenci hareketlili\u011fi, \u00d6\u011frenim Hareketlili\u011fi ve Staj Hareketlili\u011fi olmak \u00fczere iki \u015fekilde ger\u00e7ekle\u015fir: \u00d6\u011frenim hareketlili\u011fi, faaliyet s\u00fcresi, her bir \u00f6\u011frenim kademesi i\u00e7in ayr\u0131 ayr\u0131 ge\u00e7erli olmak \u00fczere ayn\u0131 akademik y\u0131l i\u00e7erisinde tamamlanabilecek 3 &#8211; 12 ay aras\u0131nda bir s\u00fcre (1, 2 veya baz\u0131 \u00fclkelerin sistemlerine g\u00f6re 3 d\u00f6nem) olabilir. \u00d6\u011frenim kademesi \u00f6n lisans\/lisans, y\u00fcksek lisans [&hellip;]","og_url":"http:\/\/ticaret.edu.tr\/ic-mimarlik-ve-cevre-tasarimi\/ogrenci-degisim-programlari-erasmus\/","og_site_name":"\u0130\u00e7 Mimarl\u0131k ve \u00c7evre Tasar\u0131m\u0131","article_publisher":"https:\/\/www.facebook.com\/ticaretedutr","article_modified_time":"2025-10-20T09:42:41+00:00","og_image":[{"width":1250,"height":833,"url":"http:\/\/ticaret.edu.tr\/ic-mimarlik-ve-cevre-tasarimi\/wp-content\/uploads\/sites\/24\/2021\/11\/web_logo-01.jpg","type":"image\/jpeg"}],"twitter_card":"summary_large_image","twitter_site":"@ticaretedutr","twitter_misc":{"Tahmini okuma s\u00fcresi":"2 dakika"},"schema":{"@context":"https:\/\/schema.org","@graph":[{"@type":"WebPage","@id":"http:\/\/ticaret.edu.tr\/ic-mimarlik-ve-cevre-tasarimi\/ogrenci-degisim-programlari-erasmus\/","url":"http:\/\/ticaret.edu.tr\/ic-mimarlik-ve-cevre-tasarimi\/ogrenci-degisim-programlari-erasmus\/","name":"\u00d6\u011frenci De\u011fi\u015fim Programlar\u0131 \/ Erasmus - \u0130\u00e7 Mimarl\u0131k ve \u00c7evre Tasar\u0131m\u0131","isPartOf":{"@id":"http:\/\/ticaret.edu.tr\/ic-mimarlik-ve-cevre-tasarimi\/en\/#website"},"datePublished":"2025-01-26T20:16:02+00:00","dateModified":"2025-10-20T09:42:41+00:00","breadcrumb":{"@id":"http:\/\/ticaret.edu.tr\/ic-mimarlik-ve-cevre-tasarimi\/ogrenci-degisim-programlari-erasmus\/#breadcrumb"},"inLanguage":"tr","potentialAction":[{"@type":"ReadAction","target":["http:\/\/ticaret.edu.tr\/ic-mimarlik-ve-cevre-tasarimi\/ogrenci-degisim-programlari-erasmus\/"]}]},{"@type":"BreadcrumbList","@id":"http:\/\/ticaret.edu.tr\/ic-mimarlik-ve-cevre-tasarimi\/ogrenci-degisim-programlari-erasmus\/#breadcrumb","itemListElement":[{"@type":"ListItem","position":1,"name":"Ana sayfa","item":"http:\/\/ticaret.edu.tr\/ic-mimarlik-ve-cevre-tasarimi\/"},{"@type":"ListItem","position":2,"name":"\u00d6\u011frenci De\u011fi\u015fim Programlar\u0131 \/ Erasmus"}]},{"@type":"WebSite","@id":"http:\/\/ticaret.edu.tr\/ic-mimarlik-ve-cevre-tasarimi\/en\/#website","url":"http:\/\/ticaret.edu.tr\/ic-mimarlik-ve-cevre-tasarimi\/en\/","name":"\u0130\u00e7 Mimarl\u0131k ve \u00c7evre Tasar\u0131m\u0131","description":"","potentialAction":[{"@type":"SearchAction","target":{"@type":"EntryPoint","urlTemplate":"http:\/\/ticaret.edu.tr\/ic-mimarlik-ve-cevre-tasarimi\/en\/?s={search_term_string}"},"query-input":"required name=search_term_string"}],"inLanguage":"tr"}]}},"lang":"tr","translations":{"tr":1102,"en":1123},"pll_sync_post":[],"_links":{"self":[{"href":"http:\/\/ticaret.edu.tr\/ic-mimarlik-ve-cevre-tasarimi\/wp-json\/wp\/v2\/pages\/1102"}],"collection":[{"href":"http:\/\/ticaret.edu.tr\/ic-mimarlik-ve-cevre-tasarimi\/wp-json\/wp\/v2\/pages"}],"about":[{"href":"http:\/\/ticaret.edu.tr\/ic-mimarlik-ve-cevre-tasarimi\/wp-json\/wp\/v2\/types\/page"}],"author":[{"embeddable":true,"href":"http:\/\/ticaret.edu.tr\/ic-mimarlik-ve-cevre-tasarimi\/wp-json\/wp\/v2\/users\/224"}],"replies":[{"embeddable":true,"href":"http:\/\/ticaret.edu.tr\/ic-mimarlik-ve-cevre-tasarimi\/wp-json\/wp\/v2\/comments?post=1102"}],"version-history":[{"count":4,"href":"http:\/\/ticaret.edu.tr\/ic-mimarlik-ve-cevre-tasarimi\/wp-json\/wp\/v2\/pages\/1102\/revisions"}],"predecessor-version":[{"id":1448,"href":"http:\/\/ticaret.edu.tr\/ic-mimarlik-ve-cevre-tasarimi\/wp-json\/wp\/v2\/pages\/1102\/revisions\/1448"}],"wp:attachment":[{"href":"http:\/\/ticaret.edu.tr\/ic-mimarlik-ve-cevre-tasarimi\/wp-json\/wp\/v2\/media?parent=1102"}],"curies":[{"name":"wp","href":"https:\/\/api.w.org\/{rel}","templated":true}]}}