{"id":1108,"date":"2025-01-26T23:16:58","date_gmt":"2025-01-26T20:16:58","guid":{"rendered":"https:\/\/ticaret.edu.tr\/ic-mimarlik-ve-cevre-tasarimi\/?page_id=1108"},"modified":"2025-10-20T13:03:01","modified_gmt":"2025-10-20T10:03:01","slug":"mezunlar","status":"publish","type":"page","link":"http:\/\/ticaret.edu.tr\/ic-mimarlik-ve-cevre-tasarimi\/mezunlar\/","title":{"rendered":"Mezunlar"},"content":{"rendered":"<p>\u0130\u00e7 Mimarl\u0131k ve \u00c7evre Tasar\u0131m\u0131 T\u00fcrk\u00e7e programdaki lisans ve lisans\u00fcst\u00fc d\u00fczeyde \u00f6\u011frenci ve mezun say\u0131lar\u0131n\u0131n y\u0131llara g\u00f6re de\u011fi\u015fimi a\u015fa\u011f\u0131da g\u00f6sterilmi\u015ftir. T\u00fcrk\u00e7e program, 2022-2023 e\u011fitim \u00f6\u011fretim y\u0131l\u0131ndan itibaren \u00f6\u011frenci alm\u0131\u015ft\u0131r.<\/p>\n<p><img loading=\"lazy\" decoding=\"async\" class=\"alignnone wp-image-1454 size-full\" src=\"http:\/\/ticaret.edu.tr\/ic-mimarlik-ve-cevre-tasarimi\/wp-content\/uploads\/sites\/24\/2025\/10\/Ekran-Resmi-2025-10-20-13.02.20.png\" alt=\"\" width=\"2018\" height=\"320\" srcset=\"http:\/\/ticaret.edu.tr\/ic-mimarlik-ve-cevre-tasarimi\/wp-content\/uploads\/sites\/24\/2025\/10\/Ekran-Resmi-2025-10-20-13.02.20.png 2018w, http:\/\/ticaret.edu.tr\/ic-mimarlik-ve-cevre-tasarimi\/wp-content\/uploads\/sites\/24\/2025\/10\/Ekran-Resmi-2025-10-20-13.02.20-300x48.png 300w, http:\/\/ticaret.edu.tr\/ic-mimarlik-ve-cevre-tasarimi\/wp-content\/uploads\/sites\/24\/2025\/10\/Ekran-Resmi-2025-10-20-13.02.20-1024x162.png 1024w, http:\/\/ticaret.edu.tr\/ic-mimarlik-ve-cevre-tasarimi\/wp-content\/uploads\/sites\/24\/2025\/10\/Ekran-Resmi-2025-10-20-13.02.20-768x122.png 768w, http:\/\/ticaret.edu.tr\/ic-mimarlik-ve-cevre-tasarimi\/wp-content\/uploads\/sites\/24\/2025\/10\/Ekran-Resmi-2025-10-20-13.02.20-1536x244.png 1536w\" sizes=\"(max-width: 2018px) 100vw, 2018px\" \/><\/p>\n","protected":false},"excerpt":{"rendered":"<p>\u0130\u00e7 Mimarl\u0131k ve \u00c7evre Tasar\u0131m\u0131 T\u00fcrk\u00e7e programdaki lisans ve lisans\u00fcst\u00fc d\u00fczeyde \u00f6\u011frenci ve mezun say\u0131lar\u0131n\u0131n y\u0131llara g\u00f6re de\u011fi\u015fimi a\u015fa\u011f\u0131da g\u00f6sterilmi\u015ftir. T\u00fcrk\u00e7e program, 2022-2023 e\u011fitim \u00f6\u011fretim y\u0131l\u0131ndan itibaren \u00f6\u011frenci alm\u0131\u015ft\u0131r.<\/p>\n","protected":false},"author":224,"featured_media":0,"parent":0,"menu_order":0,"comment_status":"closed","ping_status":"closed","template":"genel_sayfa.php","meta":{"footnotes":""},"yoast_head":"<!-- This site is optimized with the Yoast SEO Premium plugin v22.1 (Yoast SEO v22.1) - https:\/\/yoast.com\/wordpress\/plugins\/seo\/ -->\n<title>Mezunlar - \u0130\u00e7 Mimarl\u0131k ve \u00c7evre Tasar\u0131m\u0131<\/title>\n<meta name=\"robots\" content=\"index, follow, max-snippet:-1, max-image-preview:large, max-video-preview:-1\" \/>\n<link rel=\"canonical\" href=\"https:\/\/ticaret.edu.tr\/ic-mimarlik-ve-cevre-tasarimi\/mezunlar\/\" \/>\n<meta property=\"og:locale\" content=\"tr_TR\" \/>\n<meta property=\"og:type\" content=\"article\" \/>\n<meta property=\"og:title\" content=\"Mezunlar\" \/>\n<meta property=\"og:description\" content=\"\u0130\u00e7 Mimarl\u0131k ve \u00c7evre Tasar\u0131m\u0131 T\u00fcrk\u00e7e programdaki lisans ve lisans\u00fcst\u00fc d\u00fczeyde \u00f6\u011frenci ve mezun say\u0131lar\u0131n\u0131n y\u0131llara g\u00f6re de\u011fi\u015fimi a\u015fa\u011f\u0131da g\u00f6sterilmi\u015ftir. T\u00fcrk\u00e7e program, 2022-2023 e\u011fitim \u00f6\u011fretim y\u0131l\u0131ndan itibaren \u00f6\u011frenci alm\u0131\u015ft\u0131r.\" \/>\n<meta property=\"og:url\" content=\"https:\/\/ticaret.edu.tr\/ic-mimarlik-ve-cevre-tasarimi\/mezunlar\/\" \/>\n<meta property=\"og:site_name\" content=\"\u0130\u00e7 Mimarl\u0131k ve \u00c7evre Tasar\u0131m\u0131\" \/>\n<meta property=\"article:publisher\" content=\"https:\/\/www.facebook.com\/ticaretedutr\" \/>\n<meta property=\"article:modified_time\" content=\"2025-10-20T10:03:01+00:00\" \/>\n<meta property=\"og:image\" content=\"http:\/\/ticaret.edu.tr\/ic-mimarlik-ve-cevre-tasarimi\/wp-content\/uploads\/sites\/24\/2025\/10\/Ekran-Resmi-2025-10-20-13.02.20.png\" \/>\n<meta name=\"twitter:card\" content=\"summary_large_image\" \/>\n<meta name=\"twitter:site\" content=\"@ticaretedutr\" \/>\n<meta name=\"twitter:label1\" content=\"Tahmini okuma s\u00fcresi\" \/>\n\t<meta name=\"twitter:data1\" content=\"1 dakika\" \/>\n<script type=\"application\/ld+json\" class=\"yoast-schema-graph\">{\"@context\":\"https:\/\/schema.org\",\"@graph\":[{\"@type\":\"WebPage\",\"@id\":\"https:\/\/ticaret.edu.tr\/ic-mimarlik-ve-cevre-tasarimi\/mezunlar\/\",\"url\":\"https:\/\/ticaret.edu.tr\/ic-mimarlik-ve-cevre-tasarimi\/mezunlar\/\",\"name\":\"Mezunlar - \u0130\u00e7 Mimarl\u0131k ve \u00c7evre Tasar\u0131m\u0131\",\"isPartOf\":{\"@id\":\"http:\/\/ticaret.edu.tr\/ic-mimarlik-ve-cevre-tasarimi\/en\/#website\"},\"datePublished\":\"2025-01-26T20:16:58+00:00\",\"dateModified\":\"2025-10-20T10:03:01+00:00\",\"breadcrumb\":{\"@id\":\"https:\/\/ticaret.edu.tr\/ic-mimarlik-ve-cevre-tasarimi\/mezunlar\/#breadcrumb\"},\"inLanguage\":\"tr\",\"potentialAction\":[{\"@type\":\"ReadAction\",\"target\":[\"https:\/\/ticaret.edu.tr\/ic-mimarlik-ve-cevre-tasarimi\/mezunlar\/\"]}]},{\"@type\":\"BreadcrumbList\",\"@id\":\"https:\/\/ticaret.edu.tr\/ic-mimarlik-ve-cevre-tasarimi\/mezunlar\/#breadcrumb\",\"itemListElement\":[{\"@type\":\"ListItem\",\"position\":1,\"name\":\"Ana sayfa\",\"item\":\"http:\/\/ticaret.edu.tr\/ic-mimarlik-ve-cevre-tasarimi\/\"},{\"@type\":\"ListItem\",\"position\":2,\"name\":\"Mezunlar\"}]},{\"@type\":\"WebSite\",\"@id\":\"http:\/\/ticaret.edu.tr\/ic-mimarlik-ve-cevre-tasarimi\/en\/#website\",\"url\":\"http:\/\/ticaret.edu.tr\/ic-mimarlik-ve-cevre-tasarimi\/en\/\",\"name\":\"\u0130\u00e7 Mimarl\u0131k ve \u00c7evre Tasar\u0131m\u0131\",\"description\":\"\",\"potentialAction\":[{\"@type\":\"SearchAction\",\"target\":{\"@type\":\"EntryPoint\",\"urlTemplate\":\"http:\/\/ticaret.edu.tr\/ic-mimarlik-ve-cevre-tasarimi\/en\/?s={search_term_string}\"},\"query-input\":\"required name=search_term_string\"}],\"inLanguage\":\"tr\"}]}<\/script>\n<!-- \/ Yoast SEO Premium plugin. -->","yoast_head_json":{"title":"Mezunlar - \u0130\u00e7 Mimarl\u0131k ve \u00c7evre Tasar\u0131m\u0131","robots":{"index":"index","follow":"follow","max-snippet":"max-snippet:-1","max-image-preview":"max-image-preview:large","max-video-preview":"max-video-preview:-1"},"canonical":"https:\/\/ticaret.edu.tr\/ic-mimarlik-ve-cevre-tasarimi\/mezunlar\/","og_locale":"tr_TR","og_type":"article","og_title":"Mezunlar","og_description":"\u0130\u00e7 Mimarl\u0131k ve \u00c7evre Tasar\u0131m\u0131 T\u00fcrk\u00e7e programdaki lisans ve lisans\u00fcst\u00fc d\u00fczeyde \u00f6\u011frenci ve mezun say\u0131lar\u0131n\u0131n y\u0131llara g\u00f6re de\u011fi\u015fimi a\u015fa\u011f\u0131da g\u00f6sterilmi\u015ftir. T\u00fcrk\u00e7e program, 2022-2023 e\u011fitim \u00f6\u011fretim y\u0131l\u0131ndan itibaren \u00f6\u011frenci alm\u0131\u015ft\u0131r.","og_url":"https:\/\/ticaret.edu.tr\/ic-mimarlik-ve-cevre-tasarimi\/mezunlar\/","og_site_name":"\u0130\u00e7 Mimarl\u0131k ve \u00c7evre Tasar\u0131m\u0131","article_publisher":"https:\/\/www.facebook.com\/ticaretedutr","article_modified_time":"2025-10-20T10:03:01+00:00","og_image":[{"url":"http:\/\/ticaret.edu.tr\/ic-mimarlik-ve-cevre-tasarimi\/wp-content\/uploads\/sites\/24\/2025\/10\/Ekran-Resmi-2025-10-20-13.02.20.png"}],"twitter_card":"summary_large_image","twitter_site":"@ticaretedutr","twitter_misc":{"Tahmini okuma s\u00fcresi":"1 dakika"},"schema":{"@context":"https:\/\/schema.org","@graph":[{"@type":"WebPage","@id":"https:\/\/ticaret.edu.tr\/ic-mimarlik-ve-cevre-tasarimi\/mezunlar\/","url":"https:\/\/ticaret.edu.tr\/ic-mimarlik-ve-cevre-tasarimi\/mezunlar\/","name":"Mezunlar - \u0130\u00e7 Mimarl\u0131k ve \u00c7evre Tasar\u0131m\u0131","isPartOf":{"@id":"http:\/\/ticaret.edu.tr\/ic-mimarlik-ve-cevre-tasarimi\/en\/#website"},"datePublished":"2025-01-26T20:16:58+00:00","dateModified":"2025-10-20T10:03:01+00:00","breadcrumb":{"@id":"https:\/\/ticaret.edu.tr\/ic-mimarlik-ve-cevre-tasarimi\/mezunlar\/#breadcrumb"},"inLanguage":"tr","potentialAction":[{"@type":"ReadAction","target":["https:\/\/ticaret.edu.tr\/ic-mimarlik-ve-cevre-tasarimi\/mezunlar\/"]}]},{"@type":"BreadcrumbList","@id":"https:\/\/ticaret.edu.tr\/ic-mimarlik-ve-cevre-tasarimi\/mezunlar\/#breadcrumb","itemListElement":[{"@type":"ListItem","position":1,"name":"Ana sayfa","item":"http:\/\/ticaret.edu.tr\/ic-mimarlik-ve-cevre-tasarimi\/"},{"@type":"ListItem","position":2,"name":"Mezunlar"}]},{"@type":"WebSite","@id":"http:\/\/ticaret.edu.tr\/ic-mimarlik-ve-cevre-tasarimi\/en\/#website","url":"http:\/\/ticaret.edu.tr\/ic-mimarlik-ve-cevre-tasarimi\/en\/","name":"\u0130\u00e7 Mimarl\u0131k ve \u00c7evre Tasar\u0131m\u0131","description":"","potentialAction":[{"@type":"SearchAction","target":{"@type":"EntryPoint","urlTemplate":"http:\/\/ticaret.edu.tr\/ic-mimarlik-ve-cevre-tasarimi\/en\/?s={search_term_string}"},"query-input":"required name=search_term_string"}],"inLanguage":"tr"}]}},"lang":"tr","translations":{"tr":1108,"en":1129},"pll_sync_post":[],"_links":{"self":[{"href":"http:\/\/ticaret.edu.tr\/ic-mimarlik-ve-cevre-tasarimi\/wp-json\/wp\/v2\/pages\/1108"}],"collection":[{"href":"http:\/\/ticaret.edu.tr\/ic-mimarlik-ve-cevre-tasarimi\/wp-json\/wp\/v2\/pages"}],"about":[{"href":"http:\/\/ticaret.edu.tr\/ic-mimarlik-ve-cevre-tasarimi\/wp-json\/wp\/v2\/types\/page"}],"author":[{"embeddable":true,"href":"http:\/\/ticaret.edu.tr\/ic-mimarlik-ve-cevre-tasarimi\/wp-json\/wp\/v2\/users\/224"}],"replies":[{"embeddable":true,"href":"http:\/\/ticaret.edu.tr\/ic-mimarlik-ve-cevre-tasarimi\/wp-json\/wp\/v2\/comments?post=1108"}],"version-history":[{"count":2,"href":"http:\/\/ticaret.edu.tr\/ic-mimarlik-ve-cevre-tasarimi\/wp-json\/wp\/v2\/pages\/1108\/revisions"}],"predecessor-version":[{"id":1455,"href":"http:\/\/ticaret.edu.tr\/ic-mimarlik-ve-cevre-tasarimi\/wp-json\/wp\/v2\/pages\/1108\/revisions\/1455"}],"wp:attachment":[{"href":"http:\/\/ticaret.edu.tr\/ic-mimarlik-ve-cevre-tasarimi\/wp-json\/wp\/v2\/media?parent=1108"}],"curies":[{"name":"wp","href":"https:\/\/api.w.org\/{rel}","templated":true}]}}