{"id":1147,"date":"2025-01-26T23:45:05","date_gmt":"2025-01-26T20:45:05","guid":{"rendered":"https:\/\/ticaret.edu.tr\/ic-mimarlik-ve-cevre-tasarimi\/?page_id=1147"},"modified":"2025-10-21T14:59:49","modified_gmt":"2025-10-21T11:59:49","slug":"lisansustu-genel-bilgi","status":"publish","type":"page","link":"http:\/\/ticaret.edu.tr\/ic-mimarlik-ve-cevre-tasarimi\/lisansustu-genel-bilgi\/","title":{"rendered":"Genel Bilgi"},"content":{"rendered":"<p>\u0130\u00e7 Mimarl\u0131k Y\u00fcksek Lisans Program\u0131, i\u00e7 mimarl\u0131k ile ilgili tasar\u0131m ve uygulama problemlerini \u00e7\u00f6zebilen, \u00e7a\u011fda\u015f ya\u015fam\u0131n getirdi\u011fi ve gerektirdi\u011fi teknolojiyi kullanabilen, ara\u015ft\u0131rmac\u0131, ayn\u0131 zamanda bilgiyi uygulama hayat\u0131nda da etkin bir bi\u00e7imde kullanabilen tasar\u0131mc\u0131lar yeti\u015ftirmeyi hedeflemektedir.<\/p>\n<p>\u0130\u00e7 Mimarl\u0131k Y\u00fcksek Lisans Program\u0131 ile uygulamaya y\u00f6nelik \u00e7al\u0131\u015fmalar y\u00fcr\u00fctmek isteyenler i\u00e7in, kuramsal bir \u00e7er\u00e7eve kapsam\u0131nda proje yaparak uzmanl\u0131k ve deneyim kazanmak m\u00fcmk\u00fcn olacakt\u0131r. \u0130\u00e7 Mimarl\u0131ktan mezun olacak \u00f6\u011frenciler ilgi alanlar\u0131 ve yetenekleri do\u011frultusunda ya piyasada, tasar\u0131mc\u0131, yap\u0131mc\u0131, y\u00f6netici i\u00e7 mimar olarak yer alma olana\u011f\u0131 ya da akademik kariyere y\u00f6nelme olana\u011f\u0131 bulacaklard\u0131r.<\/p>\n","protected":false},"excerpt":{"rendered":"<p>\u0130\u00e7 Mimarl\u0131k Y\u00fcksek Lisans Program\u0131, i\u00e7 mimarl\u0131k ile ilgili tasar\u0131m ve uygulama problemlerini \u00e7\u00f6zebilen, \u00e7a\u011fda\u015f ya\u015fam\u0131n getirdi\u011fi ve gerektirdi\u011fi teknolojiyi kullanabilen, ara\u015ft\u0131rmac\u0131, ayn\u0131 zamanda bilgiyi uygulama hayat\u0131nda da etkin bir bi\u00e7imde kullanabilen tasar\u0131mc\u0131lar yeti\u015ftirmeyi hedeflemektedir. \u0130\u00e7 Mimarl\u0131k Y\u00fcksek Lisans Program\u0131 ile uygulamaya y\u00f6nelik \u00e7al\u0131\u015fmalar y\u00fcr\u00fctmek isteyenler i\u00e7in, kuramsal bir \u00e7er\u00e7eve kapsam\u0131nda proje yaparak uzmanl\u0131k ve [&hellip;]<\/p>\n","protected":false},"author":224,"featured_media":0,"parent":0,"menu_order":0,"comment_status":"closed","ping_status":"closed","template":"genel_sayfa.php","meta":{"footnotes":""},"yoast_head":"<!-- This site is optimized with the Yoast SEO Premium plugin v22.1 (Yoast SEO v22.1) - https:\/\/yoast.com\/wordpress\/plugins\/seo\/ -->\n<title>Genel Bilgi - \u0130\u00e7 Mimarl\u0131k ve \u00c7evre Tasar\u0131m\u0131<\/title>\n<meta name=\"robots\" content=\"index, follow, max-snippet:-1, max-image-preview:large, max-video-preview:-1\" \/>\n<link rel=\"canonical\" href=\"http:\/\/ticaret.edu.tr\/ic-mimarlik-ve-cevre-tasarimi\/lisansustu-genel-bilgi\/\" \/>\n<meta property=\"og:locale\" content=\"tr_TR\" \/>\n<meta property=\"og:type\" content=\"article\" \/>\n<meta property=\"og:title\" content=\"Genel Bilgi\" \/>\n<meta property=\"og:description\" content=\"\u0130\u00e7 Mimarl\u0131k Y\u00fcksek Lisans Program\u0131, i\u00e7 mimarl\u0131k ile ilgili tasar\u0131m ve uygulama problemlerini \u00e7\u00f6zebilen, \u00e7a\u011fda\u015f ya\u015fam\u0131n getirdi\u011fi ve gerektirdi\u011fi teknolojiyi kullanabilen, ara\u015ft\u0131rmac\u0131, ayn\u0131 zamanda bilgiyi uygulama hayat\u0131nda da etkin bir bi\u00e7imde kullanabilen tasar\u0131mc\u0131lar yeti\u015ftirmeyi hedeflemektedir. \u0130\u00e7 Mimarl\u0131k Y\u00fcksek Lisans Program\u0131 ile uygulamaya y\u00f6nelik \u00e7al\u0131\u015fmalar y\u00fcr\u00fctmek isteyenler i\u00e7in, kuramsal bir \u00e7er\u00e7eve kapsam\u0131nda proje yaparak uzmanl\u0131k ve [&hellip;]\" \/>\n<meta property=\"og:url\" content=\"http:\/\/ticaret.edu.tr\/ic-mimarlik-ve-cevre-tasarimi\/lisansustu-genel-bilgi\/\" \/>\n<meta property=\"og:site_name\" content=\"\u0130\u00e7 Mimarl\u0131k ve \u00c7evre Tasar\u0131m\u0131\" \/>\n<meta property=\"article:publisher\" content=\"https:\/\/www.facebook.com\/ticaretedutr\" \/>\n<meta property=\"article:modified_time\" content=\"2025-10-21T11:59:49+00:00\" \/>\n<meta property=\"og:image\" content=\"http:\/\/ticaret.edu.tr\/ic-mimarlik-ve-cevre-tasarimi\/wp-content\/uploads\/sites\/24\/2021\/11\/web_logo-01.jpg\" \/>\n\t<meta property=\"og:image:width\" content=\"1250\" \/>\n\t<meta property=\"og:image:height\" content=\"833\" \/>\n\t<meta property=\"og:image:type\" content=\"image\/jpeg\" \/>\n<meta name=\"twitter:card\" content=\"summary_large_image\" \/>\n<meta name=\"twitter:site\" content=\"@ticaretedutr\" \/>\n<meta name=\"twitter:label1\" content=\"Tahmini okuma s\u00fcresi\" \/>\n\t<meta name=\"twitter:data1\" content=\"1 dakika\" \/>\n<script type=\"application\/ld+json\" class=\"yoast-schema-graph\">{\"@context\":\"https:\/\/schema.org\",\"@graph\":[{\"@type\":\"WebPage\",\"@id\":\"http:\/\/ticaret.edu.tr\/ic-mimarlik-ve-cevre-tasarimi\/lisansustu-genel-bilgi\/\",\"url\":\"http:\/\/ticaret.edu.tr\/ic-mimarlik-ve-cevre-tasarimi\/lisansustu-genel-bilgi\/\",\"name\":\"Genel Bilgi - \u0130\u00e7 Mimarl\u0131k ve \u00c7evre Tasar\u0131m\u0131\",\"isPartOf\":{\"@id\":\"http:\/\/ticaret.edu.tr\/ic-mimarlik-ve-cevre-tasarimi\/en\/#website\"},\"datePublished\":\"2025-01-26T20:45:05+00:00\",\"dateModified\":\"2025-10-21T11:59:49+00:00\",\"breadcrumb\":{\"@id\":\"http:\/\/ticaret.edu.tr\/ic-mimarlik-ve-cevre-tasarimi\/lisansustu-genel-bilgi\/#breadcrumb\"},\"inLanguage\":\"tr\",\"potentialAction\":[{\"@type\":\"ReadAction\",\"target\":[\"http:\/\/ticaret.edu.tr\/ic-mimarlik-ve-cevre-tasarimi\/lisansustu-genel-bilgi\/\"]}]},{\"@type\":\"BreadcrumbList\",\"@id\":\"http:\/\/ticaret.edu.tr\/ic-mimarlik-ve-cevre-tasarimi\/lisansustu-genel-bilgi\/#breadcrumb\",\"itemListElement\":[{\"@type\":\"ListItem\",\"position\":1,\"name\":\"Ana sayfa\",\"item\":\"http:\/\/ticaret.edu.tr\/ic-mimarlik-ve-cevre-tasarimi\/\"},{\"@type\":\"ListItem\",\"position\":2,\"name\":\"Genel Bilgi\"}]},{\"@type\":\"WebSite\",\"@id\":\"http:\/\/ticaret.edu.tr\/ic-mimarlik-ve-cevre-tasarimi\/en\/#website\",\"url\":\"http:\/\/ticaret.edu.tr\/ic-mimarlik-ve-cevre-tasarimi\/en\/\",\"name\":\"\u0130\u00e7 Mimarl\u0131k ve \u00c7evre Tasar\u0131m\u0131\",\"description\":\"\",\"potentialAction\":[{\"@type\":\"SearchAction\",\"target\":{\"@type\":\"EntryPoint\",\"urlTemplate\":\"http:\/\/ticaret.edu.tr\/ic-mimarlik-ve-cevre-tasarimi\/en\/?s={search_term_string}\"},\"query-input\":\"required name=search_term_string\"}],\"inLanguage\":\"tr\"}]}<\/script>\n<!-- \/ Yoast SEO Premium plugin. -->","yoast_head_json":{"title":"Genel Bilgi - \u0130\u00e7 Mimarl\u0131k ve \u00c7evre Tasar\u0131m\u0131","robots":{"index":"index","follow":"follow","max-snippet":"max-snippet:-1","max-image-preview":"max-image-preview:large","max-video-preview":"max-video-preview:-1"},"canonical":"http:\/\/ticaret.edu.tr\/ic-mimarlik-ve-cevre-tasarimi\/lisansustu-genel-bilgi\/","og_locale":"tr_TR","og_type":"article","og_title":"Genel Bilgi","og_description":"\u0130\u00e7 Mimarl\u0131k Y\u00fcksek Lisans Program\u0131, i\u00e7 mimarl\u0131k ile ilgili tasar\u0131m ve uygulama problemlerini \u00e7\u00f6zebilen, \u00e7a\u011fda\u015f ya\u015fam\u0131n getirdi\u011fi ve gerektirdi\u011fi teknolojiyi kullanabilen, ara\u015ft\u0131rmac\u0131, ayn\u0131 zamanda bilgiyi uygulama hayat\u0131nda da etkin bir bi\u00e7imde kullanabilen tasar\u0131mc\u0131lar yeti\u015ftirmeyi hedeflemektedir. \u0130\u00e7 Mimarl\u0131k Y\u00fcksek Lisans Program\u0131 ile uygulamaya y\u00f6nelik \u00e7al\u0131\u015fmalar y\u00fcr\u00fctmek isteyenler i\u00e7in, kuramsal bir \u00e7er\u00e7eve kapsam\u0131nda proje yaparak uzmanl\u0131k ve [&hellip;]","og_url":"http:\/\/ticaret.edu.tr\/ic-mimarlik-ve-cevre-tasarimi\/lisansustu-genel-bilgi\/","og_site_name":"\u0130\u00e7 Mimarl\u0131k ve \u00c7evre Tasar\u0131m\u0131","article_publisher":"https:\/\/www.facebook.com\/ticaretedutr","article_modified_time":"2025-10-21T11:59:49+00:00","og_image":[{"width":1250,"height":833,"url":"http:\/\/ticaret.edu.tr\/ic-mimarlik-ve-cevre-tasarimi\/wp-content\/uploads\/sites\/24\/2021\/11\/web_logo-01.jpg","type":"image\/jpeg"}],"twitter_card":"summary_large_image","twitter_site":"@ticaretedutr","twitter_misc":{"Tahmini okuma s\u00fcresi":"1 dakika"},"schema":{"@context":"https:\/\/schema.org","@graph":[{"@type":"WebPage","@id":"http:\/\/ticaret.edu.tr\/ic-mimarlik-ve-cevre-tasarimi\/lisansustu-genel-bilgi\/","url":"http:\/\/ticaret.edu.tr\/ic-mimarlik-ve-cevre-tasarimi\/lisansustu-genel-bilgi\/","name":"Genel Bilgi - \u0130\u00e7 Mimarl\u0131k ve \u00c7evre Tasar\u0131m\u0131","isPartOf":{"@id":"http:\/\/ticaret.edu.tr\/ic-mimarlik-ve-cevre-tasarimi\/en\/#website"},"datePublished":"2025-01-26T20:45:05+00:00","dateModified":"2025-10-21T11:59:49+00:00","breadcrumb":{"@id":"http:\/\/ticaret.edu.tr\/ic-mimarlik-ve-cevre-tasarimi\/lisansustu-genel-bilgi\/#breadcrumb"},"inLanguage":"tr","potentialAction":[{"@type":"ReadAction","target":["http:\/\/ticaret.edu.tr\/ic-mimarlik-ve-cevre-tasarimi\/lisansustu-genel-bilgi\/"]}]},{"@type":"BreadcrumbList","@id":"http:\/\/ticaret.edu.tr\/ic-mimarlik-ve-cevre-tasarimi\/lisansustu-genel-bilgi\/#breadcrumb","itemListElement":[{"@type":"ListItem","position":1,"name":"Ana sayfa","item":"http:\/\/ticaret.edu.tr\/ic-mimarlik-ve-cevre-tasarimi\/"},{"@type":"ListItem","position":2,"name":"Genel Bilgi"}]},{"@type":"WebSite","@id":"http:\/\/ticaret.edu.tr\/ic-mimarlik-ve-cevre-tasarimi\/en\/#website","url":"http:\/\/ticaret.edu.tr\/ic-mimarlik-ve-cevre-tasarimi\/en\/","name":"\u0130\u00e7 Mimarl\u0131k ve \u00c7evre Tasar\u0131m\u0131","description":"","potentialAction":[{"@type":"SearchAction","target":{"@type":"EntryPoint","urlTemplate":"http:\/\/ticaret.edu.tr\/ic-mimarlik-ve-cevre-tasarimi\/en\/?s={search_term_string}"},"query-input":"required name=search_term_string"}],"inLanguage":"tr"}]}},"lang":"tr","translations":{"tr":1147,"en":1171},"pll_sync_post":[],"_links":{"self":[{"href":"http:\/\/ticaret.edu.tr\/ic-mimarlik-ve-cevre-tasarimi\/wp-json\/wp\/v2\/pages\/1147"}],"collection":[{"href":"http:\/\/ticaret.edu.tr\/ic-mimarlik-ve-cevre-tasarimi\/wp-json\/wp\/v2\/pages"}],"about":[{"href":"http:\/\/ticaret.edu.tr\/ic-mimarlik-ve-cevre-tasarimi\/wp-json\/wp\/v2\/types\/page"}],"author":[{"embeddable":true,"href":"http:\/\/ticaret.edu.tr\/ic-mimarlik-ve-cevre-tasarimi\/wp-json\/wp\/v2\/users\/224"}],"replies":[{"embeddable":true,"href":"http:\/\/ticaret.edu.tr\/ic-mimarlik-ve-cevre-tasarimi\/wp-json\/wp\/v2\/comments?post=1147"}],"version-history":[{"count":2,"href":"http:\/\/ticaret.edu.tr\/ic-mimarlik-ve-cevre-tasarimi\/wp-json\/wp\/v2\/pages\/1147\/revisions"}],"predecessor-version":[{"id":1495,"href":"http:\/\/ticaret.edu.tr\/ic-mimarlik-ve-cevre-tasarimi\/wp-json\/wp\/v2\/pages\/1147\/revisions\/1495"}],"wp:attachment":[{"href":"http:\/\/ticaret.edu.tr\/ic-mimarlik-ve-cevre-tasarimi\/wp-json\/wp\/v2\/media?parent=1147"}],"curies":[{"name":"wp","href":"https:\/\/api.w.org\/{rel}","templated":true}]}}