{"id":1149,"date":"2025-01-26T23:45:28","date_gmt":"2025-01-26T20:45:28","guid":{"rendered":"https:\/\/ticaret.edu.tr\/ic-mimarlik-ve-cevre-tasarimi\/?page_id=1149"},"modified":"2025-10-21T15:00:20","modified_gmt":"2025-10-21T12:00:20","slug":"basvuru-kosullari","status":"publish","type":"page","link":"http:\/\/ticaret.edu.tr\/ic-mimarlik-ve-cevre-tasarimi\/basvuru-kosullari\/","title":{"rendered":"Ba\u015fvuru Ko\u015fullar\u0131"},"content":{"rendered":"<table border=\"1\" width=\"750\" cellspacing=\"0\" cellpadding=\"0\">\n<tbody>\n<tr>\n<td colspan=\"2\"><strong>Ba\u015fvurabilecek Mezunlar<\/strong><\/td>\n<\/tr>\n<tr>\n<td>\u0130\u00e7 Mimarl\u0131k,<br \/>\n\u0130\u00e7 Mimarl\u0131k ve \u00c7evre Tasar\u0131m\u0131,<br \/>\nMimarl\u0131k B\u00f6l\u00fcm\u00fc Mezunlar\u0131<\/td>\n<td>\u00a0Bilimsel Haz\u0131rl\u0131k Gerekmez<\/td>\n<\/tr>\n<tr>\n<td>End\u00fcstri \u00dcr\u00fcnleri Tasar\u0131m\u0131,<br \/>\nPeyzaj Mimarl\u0131\u011f\u0131,<br \/>\nEnd\u00fcstriyel Tasar\u0131m,<br \/>\nGemi ve Yat Tasar\u0131m\u0131 B\u00f6l\u00fcm\u00fc Mezunlar\u0131<\/td>\n<td>\u00a0Bilimsel Haz\u0131rl\u0131k Gerekir<\/td>\n<\/tr>\n<tr>\n<td colspan=\"2\">\u00a0Tezsiz Y\u00fcksek Lisans programlar\u0131nda ALES puan\u0131 aranmamaktad\u0131r.<\/td>\n<\/tr>\n<\/tbody>\n<\/table>\n<p>&nbsp;<\/p>\n<table border=\"1\" width=\"\" cellspacing=\"0\" cellpadding=\"0\">\n<tbody>\n<tr>\n<td><strong>\u00a0Adaylarda Aranan Genel Ko\u015fullar<\/strong><\/td>\n<\/tr>\n<tr>\n<td>\u00a0ALES: 55 ve \u00fcst\u00fc Say\u0131sal veya E\u015fit A\u011f\u0131rl\u0131k Puan<\/td>\n<\/tr>\n<tr>\n<td>\u00a0Yabanc\u0131 Dil: Gerekmez.<\/td>\n<\/tr>\n<tr>\n<td>\u00a0Lisans Mezuniyet Not Ortalamas\u0131: Alt s\u0131n\u0131r belirlenmemi\u015ftir.<\/td>\n<\/tr>\n<\/tbody>\n<\/table>\n","protected":false},"excerpt":{"rendered":"<p>Ba\u015fvurabilecek Mezunlar \u0130\u00e7 Mimarl\u0131k, \u0130\u00e7 Mimarl\u0131k ve \u00c7evre Tasar\u0131m\u0131, Mimarl\u0131k B\u00f6l\u00fcm\u00fc Mezunlar\u0131 \u00a0Bilimsel Haz\u0131rl\u0131k Gerekmez End\u00fcstri \u00dcr\u00fcnleri Tasar\u0131m\u0131, Peyzaj Mimarl\u0131\u011f\u0131, End\u00fcstriyel Tasar\u0131m, Gemi ve Yat Tasar\u0131m\u0131 B\u00f6l\u00fcm\u00fc Mezunlar\u0131 \u00a0Bilimsel Haz\u0131rl\u0131k Gerekir \u00a0Tezsiz Y\u00fcksek Lisans programlar\u0131nda ALES puan\u0131 aranmamaktad\u0131r. &nbsp; \u00a0Adaylarda Aranan Genel Ko\u015fullar \u00a0ALES: 55 ve \u00fcst\u00fc Say\u0131sal veya E\u015fit A\u011f\u0131rl\u0131k Puan \u00a0Yabanc\u0131 Dil: Gerekmez. [&hellip;]<\/p>\n","protected":false},"author":224,"featured_media":0,"parent":0,"menu_order":0,"comment_status":"closed","ping_status":"closed","template":"genel_sayfa.php","meta":{"footnotes":""},"yoast_head":"<!-- This site is optimized with the Yoast SEO Premium plugin v22.1 (Yoast SEO v22.1) - https:\/\/yoast.com\/wordpress\/plugins\/seo\/ -->\n<title>Ba\u015fvuru Ko\u015fullar\u0131 - \u0130\u00e7 Mimarl\u0131k ve \u00c7evre Tasar\u0131m\u0131<\/title>\n<meta name=\"robots\" content=\"index, follow, max-snippet:-1, max-image-preview:large, max-video-preview:-1\" \/>\n<link rel=\"canonical\" href=\"http:\/\/ticaret.edu.tr\/ic-mimarlik-ve-cevre-tasarimi\/basvuru-kosullari\/\" \/>\n<meta property=\"og:locale\" content=\"tr_TR\" \/>\n<meta property=\"og:type\" content=\"article\" \/>\n<meta property=\"og:title\" content=\"Ba\u015fvuru Ko\u015fullar\u0131\" \/>\n<meta property=\"og:description\" content=\"Ba\u015fvurabilecek Mezunlar \u0130\u00e7 Mimarl\u0131k, \u0130\u00e7 Mimarl\u0131k ve \u00c7evre Tasar\u0131m\u0131, Mimarl\u0131k B\u00f6l\u00fcm\u00fc Mezunlar\u0131 \u00a0Bilimsel Haz\u0131rl\u0131k Gerekmez End\u00fcstri \u00dcr\u00fcnleri Tasar\u0131m\u0131, Peyzaj Mimarl\u0131\u011f\u0131, End\u00fcstriyel Tasar\u0131m, Gemi ve Yat Tasar\u0131m\u0131 B\u00f6l\u00fcm\u00fc Mezunlar\u0131 \u00a0Bilimsel Haz\u0131rl\u0131k Gerekir \u00a0Tezsiz Y\u00fcksek Lisans programlar\u0131nda ALES puan\u0131 aranmamaktad\u0131r. &nbsp; \u00a0Adaylarda Aranan Genel Ko\u015fullar \u00a0ALES: 55 ve \u00fcst\u00fc Say\u0131sal veya E\u015fit A\u011f\u0131rl\u0131k Puan \u00a0Yabanc\u0131 Dil: Gerekmez. [&hellip;]\" \/>\n<meta property=\"og:url\" content=\"http:\/\/ticaret.edu.tr\/ic-mimarlik-ve-cevre-tasarimi\/basvuru-kosullari\/\" \/>\n<meta property=\"og:site_name\" content=\"\u0130\u00e7 Mimarl\u0131k ve \u00c7evre Tasar\u0131m\u0131\" \/>\n<meta property=\"article:publisher\" content=\"https:\/\/www.facebook.com\/ticaretedutr\" \/>\n<meta property=\"article:modified_time\" content=\"2025-10-21T12:00:20+00:00\" \/>\n<meta property=\"og:image\" content=\"http:\/\/ticaret.edu.tr\/ic-mimarlik-ve-cevre-tasarimi\/wp-content\/uploads\/sites\/24\/2021\/11\/web_logo-01.jpg\" \/>\n\t<meta property=\"og:image:width\" content=\"1250\" \/>\n\t<meta property=\"og:image:height\" content=\"833\" \/>\n\t<meta property=\"og:image:type\" content=\"image\/jpeg\" \/>\n<meta name=\"twitter:card\" content=\"summary_large_image\" \/>\n<meta name=\"twitter:site\" content=\"@ticaretedutr\" \/>\n<meta name=\"twitter:label1\" content=\"Tahmini okuma s\u00fcresi\" \/>\n\t<meta name=\"twitter:data1\" content=\"1 dakika\" \/>\n<script type=\"application\/ld+json\" class=\"yoast-schema-graph\">{\"@context\":\"https:\/\/schema.org\",\"@graph\":[{\"@type\":\"WebPage\",\"@id\":\"http:\/\/ticaret.edu.tr\/ic-mimarlik-ve-cevre-tasarimi\/basvuru-kosullari\/\",\"url\":\"http:\/\/ticaret.edu.tr\/ic-mimarlik-ve-cevre-tasarimi\/basvuru-kosullari\/\",\"name\":\"Ba\u015fvuru Ko\u015fullar\u0131 - \u0130\u00e7 Mimarl\u0131k ve \u00c7evre Tasar\u0131m\u0131\",\"isPartOf\":{\"@id\":\"http:\/\/ticaret.edu.tr\/ic-mimarlik-ve-cevre-tasarimi\/en\/#website\"},\"datePublished\":\"2025-01-26T20:45:28+00:00\",\"dateModified\":\"2025-10-21T12:00:20+00:00\",\"breadcrumb\":{\"@id\":\"http:\/\/ticaret.edu.tr\/ic-mimarlik-ve-cevre-tasarimi\/basvuru-kosullari\/#breadcrumb\"},\"inLanguage\":\"tr\",\"potentialAction\":[{\"@type\":\"ReadAction\",\"target\":[\"http:\/\/ticaret.edu.tr\/ic-mimarlik-ve-cevre-tasarimi\/basvuru-kosullari\/\"]}]},{\"@type\":\"BreadcrumbList\",\"@id\":\"http:\/\/ticaret.edu.tr\/ic-mimarlik-ve-cevre-tasarimi\/basvuru-kosullari\/#breadcrumb\",\"itemListElement\":[{\"@type\":\"ListItem\",\"position\":1,\"name\":\"Ana sayfa\",\"item\":\"http:\/\/ticaret.edu.tr\/ic-mimarlik-ve-cevre-tasarimi\/\"},{\"@type\":\"ListItem\",\"position\":2,\"name\":\"Ba\u015fvuru Ko\u015fullar\u0131\"}]},{\"@type\":\"WebSite\",\"@id\":\"http:\/\/ticaret.edu.tr\/ic-mimarlik-ve-cevre-tasarimi\/en\/#website\",\"url\":\"http:\/\/ticaret.edu.tr\/ic-mimarlik-ve-cevre-tasarimi\/en\/\",\"name\":\"\u0130\u00e7 Mimarl\u0131k ve \u00c7evre Tasar\u0131m\u0131\",\"description\":\"\",\"potentialAction\":[{\"@type\":\"SearchAction\",\"target\":{\"@type\":\"EntryPoint\",\"urlTemplate\":\"http:\/\/ticaret.edu.tr\/ic-mimarlik-ve-cevre-tasarimi\/en\/?s={search_term_string}\"},\"query-input\":\"required name=search_term_string\"}],\"inLanguage\":\"tr\"}]}<\/script>\n<!-- \/ Yoast SEO Premium plugin. -->","yoast_head_json":{"title":"Ba\u015fvuru Ko\u015fullar\u0131 - \u0130\u00e7 Mimarl\u0131k ve \u00c7evre Tasar\u0131m\u0131","robots":{"index":"index","follow":"follow","max-snippet":"max-snippet:-1","max-image-preview":"max-image-preview:large","max-video-preview":"max-video-preview:-1"},"canonical":"http:\/\/ticaret.edu.tr\/ic-mimarlik-ve-cevre-tasarimi\/basvuru-kosullari\/","og_locale":"tr_TR","og_type":"article","og_title":"Ba\u015fvuru Ko\u015fullar\u0131","og_description":"Ba\u015fvurabilecek Mezunlar \u0130\u00e7 Mimarl\u0131k, \u0130\u00e7 Mimarl\u0131k ve \u00c7evre Tasar\u0131m\u0131, Mimarl\u0131k B\u00f6l\u00fcm\u00fc Mezunlar\u0131 \u00a0Bilimsel Haz\u0131rl\u0131k Gerekmez End\u00fcstri \u00dcr\u00fcnleri Tasar\u0131m\u0131, Peyzaj Mimarl\u0131\u011f\u0131, End\u00fcstriyel Tasar\u0131m, Gemi ve Yat Tasar\u0131m\u0131 B\u00f6l\u00fcm\u00fc Mezunlar\u0131 \u00a0Bilimsel Haz\u0131rl\u0131k Gerekir \u00a0Tezsiz Y\u00fcksek Lisans programlar\u0131nda ALES puan\u0131 aranmamaktad\u0131r. &nbsp; \u00a0Adaylarda Aranan Genel Ko\u015fullar \u00a0ALES: 55 ve \u00fcst\u00fc Say\u0131sal veya E\u015fit A\u011f\u0131rl\u0131k Puan \u00a0Yabanc\u0131 Dil: Gerekmez. [&hellip;]","og_url":"http:\/\/ticaret.edu.tr\/ic-mimarlik-ve-cevre-tasarimi\/basvuru-kosullari\/","og_site_name":"\u0130\u00e7 Mimarl\u0131k ve \u00c7evre Tasar\u0131m\u0131","article_publisher":"https:\/\/www.facebook.com\/ticaretedutr","article_modified_time":"2025-10-21T12:00:20+00:00","og_image":[{"width":1250,"height":833,"url":"http:\/\/ticaret.edu.tr\/ic-mimarlik-ve-cevre-tasarimi\/wp-content\/uploads\/sites\/24\/2021\/11\/web_logo-01.jpg","type":"image\/jpeg"}],"twitter_card":"summary_large_image","twitter_site":"@ticaretedutr","twitter_misc":{"Tahmini okuma s\u00fcresi":"1 dakika"},"schema":{"@context":"https:\/\/schema.org","@graph":[{"@type":"WebPage","@id":"http:\/\/ticaret.edu.tr\/ic-mimarlik-ve-cevre-tasarimi\/basvuru-kosullari\/","url":"http:\/\/ticaret.edu.tr\/ic-mimarlik-ve-cevre-tasarimi\/basvuru-kosullari\/","name":"Ba\u015fvuru Ko\u015fullar\u0131 - \u0130\u00e7 Mimarl\u0131k ve \u00c7evre Tasar\u0131m\u0131","isPartOf":{"@id":"http:\/\/ticaret.edu.tr\/ic-mimarlik-ve-cevre-tasarimi\/en\/#website"},"datePublished":"2025-01-26T20:45:28+00:00","dateModified":"2025-10-21T12:00:20+00:00","breadcrumb":{"@id":"http:\/\/ticaret.edu.tr\/ic-mimarlik-ve-cevre-tasarimi\/basvuru-kosullari\/#breadcrumb"},"inLanguage":"tr","potentialAction":[{"@type":"ReadAction","target":["http:\/\/ticaret.edu.tr\/ic-mimarlik-ve-cevre-tasarimi\/basvuru-kosullari\/"]}]},{"@type":"BreadcrumbList","@id":"http:\/\/ticaret.edu.tr\/ic-mimarlik-ve-cevre-tasarimi\/basvuru-kosullari\/#breadcrumb","itemListElement":[{"@type":"ListItem","position":1,"name":"Ana sayfa","item":"http:\/\/ticaret.edu.tr\/ic-mimarlik-ve-cevre-tasarimi\/"},{"@type":"ListItem","position":2,"name":"Ba\u015fvuru Ko\u015fullar\u0131"}]},{"@type":"WebSite","@id":"http:\/\/ticaret.edu.tr\/ic-mimarlik-ve-cevre-tasarimi\/en\/#website","url":"http:\/\/ticaret.edu.tr\/ic-mimarlik-ve-cevre-tasarimi\/en\/","name":"\u0130\u00e7 Mimarl\u0131k ve \u00c7evre Tasar\u0131m\u0131","description":"","potentialAction":[{"@type":"SearchAction","target":{"@type":"EntryPoint","urlTemplate":"http:\/\/ticaret.edu.tr\/ic-mimarlik-ve-cevre-tasarimi\/en\/?s={search_term_string}"},"query-input":"required name=search_term_string"}],"inLanguage":"tr"}]}},"lang":"tr","translations":{"tr":1149,"en":1173},"pll_sync_post":[],"_links":{"self":[{"href":"http:\/\/ticaret.edu.tr\/ic-mimarlik-ve-cevre-tasarimi\/wp-json\/wp\/v2\/pages\/1149"}],"collection":[{"href":"http:\/\/ticaret.edu.tr\/ic-mimarlik-ve-cevre-tasarimi\/wp-json\/wp\/v2\/pages"}],"about":[{"href":"http:\/\/ticaret.edu.tr\/ic-mimarlik-ve-cevre-tasarimi\/wp-json\/wp\/v2\/types\/page"}],"author":[{"embeddable":true,"href":"http:\/\/ticaret.edu.tr\/ic-mimarlik-ve-cevre-tasarimi\/wp-json\/wp\/v2\/users\/224"}],"replies":[{"embeddable":true,"href":"http:\/\/ticaret.edu.tr\/ic-mimarlik-ve-cevre-tasarimi\/wp-json\/wp\/v2\/comments?post=1149"}],"version-history":[{"count":2,"href":"http:\/\/ticaret.edu.tr\/ic-mimarlik-ve-cevre-tasarimi\/wp-json\/wp\/v2\/pages\/1149\/revisions"}],"predecessor-version":[{"id":1496,"href":"http:\/\/ticaret.edu.tr\/ic-mimarlik-ve-cevre-tasarimi\/wp-json\/wp\/v2\/pages\/1149\/revisions\/1496"}],"wp:attachment":[{"href":"http:\/\/ticaret.edu.tr\/ic-mimarlik-ve-cevre-tasarimi\/wp-json\/wp\/v2\/media?parent=1149"}],"curies":[{"name":"wp","href":"https:\/\/api.w.org\/{rel}","templated":true}]}}