{"id":1199,"date":"2025-01-26T23:57:13","date_gmt":"2025-01-26T20:57:13","guid":{"rendered":"https:\/\/ticaret.edu.tr\/ic-mimarlik-ve-cevre-tasarimi\/?page_id=1199"},"modified":"2025-10-21T14:00:47","modified_gmt":"2025-10-21T11:00:47","slug":"arastirma-alanlari","status":"publish","type":"page","link":"http:\/\/ticaret.edu.tr\/ic-mimarlik-ve-cevre-tasarimi\/arastirma-alanlari\/","title":{"rendered":"Ara\u015ft\u0131rma Alanlar\u0131"},"content":{"rendered":"<ul>\n<li>Prof. Dr. \u0130dris O\u011furlu: \u00a0 <strong><a href=\"https:\/\/avesis.ticaret.edu.tr\/iogurlu\">https:\/\/avesis.ticaret.edu.tr\/iogurlu<\/a><\/strong><\/li>\n<\/ul>\n<p>&nbsp;<\/p>\n<ul>\n<li>Dr. \u00d6\u011fr. \u00dcyesi Makbule Tuba Bostanc\u0131 Baskan: \u00a0\u00a0<strong><a href=\"https:\/\/avesis.ticaret.edu.tr\/mtubabbaskan\">https:\/\/avesis.ticaret.edu.tr\/mtubabbaskan<\/a><\/strong><\/li>\n<\/ul>\n<p>&nbsp;<\/p>\n<ul>\n<li>Dr. \u00d6\u011fr. \u00dcyesi Bet\u00fcl U\u00e7 Kele\u015f: \u00a0\u00a0<strong><a href=\"https:\/\/avesis.ticaret.edu.tr\/buc\">https:\/\/avesis.ticaret.edu.tr\/buc<\/a><\/strong><\/li>\n<\/ul>\n<p>&nbsp;<\/p>\n<ul>\n<li>\u00d6\u011fr. G\u00f6r. Dr. Eymen \u00c7a\u011fatay Bilge: \u00a0 <strong><a href=\"https:\/\/avesis.ticaret.edu.tr\/ecbilge\">https:\/\/avesis.ticaret.edu.tr\/ecbilge<\/a><\/strong><\/li>\n<\/ul>\n<p>&nbsp;<\/p>\n<ul>\n<li>\u00d6\u011fr. G\u00f6r. Asl\u0131han Ergin Asal: \u00a0<strong>\u00a0<a href=\"https:\/\/avesis.ticaret.edu.tr\/aergin\">https:\/\/avesis.ticaret.edu.tr\/aergin<\/a><\/strong><\/li>\n<\/ul>\n<p>&nbsp;<\/p>\n<ul>\n<li>\u00d6\u011fr. G\u00f6r. G\u00f6khan K\u0131y\u0131c\u0131: \u00a0\u00a0<strong><a href=\"https:\/\/avesis.ticaret.edu.tr\/gkiyici\">https:\/\/avesis.ticaret.edu.tr\/gkiyici<\/a><\/strong><\/li>\n<\/ul>\n<p>&nbsp;<\/p>\n<ul>\n<li>Ar\u015f. G\u00f6r. Damla Hocao\u011flu T\u00fcrk: \u00a0\u00a0<strong><a href=\"https:\/\/avesis.ticaret.edu.tr\/dhocaoglu\">https:\/\/avesis.ticaret.edu.tr\/dhocaoglu<\/a><\/strong><\/li>\n<\/ul>\n","protected":false},"excerpt":{"rendered":"<p>Prof. Dr. \u0130dris O\u011furlu: \u00a0 https:\/\/avesis.ticaret.edu.tr\/iogurlu &nbsp; Dr. \u00d6\u011fr. \u00dcyesi Makbule Tuba Bostanc\u0131 Baskan: \u00a0\u00a0https:\/\/avesis.ticaret.edu.tr\/mtubabbaskan &nbsp; Dr. \u00d6\u011fr. \u00dcyesi Bet\u00fcl U\u00e7 Kele\u015f: \u00a0\u00a0https:\/\/avesis.ticaret.edu.tr\/buc &nbsp; \u00d6\u011fr. G\u00f6r. Dr. Eymen \u00c7a\u011fatay Bilge: \u00a0 https:\/\/avesis.ticaret.edu.tr\/ecbilge &nbsp; \u00d6\u011fr. G\u00f6r. Asl\u0131han Ergin Asal: \u00a0\u00a0https:\/\/avesis.ticaret.edu.tr\/aergin &nbsp; \u00d6\u011fr. G\u00f6r. G\u00f6khan K\u0131y\u0131c\u0131: \u00a0\u00a0https:\/\/avesis.ticaret.edu.tr\/gkiyici &nbsp; Ar\u015f. G\u00f6r. Damla Hocao\u011flu T\u00fcrk: \u00a0\u00a0https:\/\/avesis.ticaret.edu.tr\/dhocaoglu<\/p>\n","protected":false},"author":224,"featured_media":0,"parent":0,"menu_order":0,"comment_status":"closed","ping_status":"closed","template":"genel_sayfa.php","meta":{"footnotes":""},"yoast_head":"<!-- This site is optimized with the Yoast SEO Premium plugin v22.1 (Yoast SEO v22.1) - https:\/\/yoast.com\/wordpress\/plugins\/seo\/ -->\n<title>Ara\u015ft\u0131rma Alanlar\u0131 - \u0130\u00e7 Mimarl\u0131k ve \u00c7evre Tasar\u0131m\u0131<\/title>\n<meta name=\"robots\" content=\"index, follow, max-snippet:-1, max-image-preview:large, max-video-preview:-1\" \/>\n<link rel=\"canonical\" href=\"http:\/\/ticaret.edu.tr\/ic-mimarlik-ve-cevre-tasarimi\/arastirma-alanlari\/\" \/>\n<meta property=\"og:locale\" content=\"tr_TR\" \/>\n<meta property=\"og:type\" content=\"article\" \/>\n<meta property=\"og:title\" content=\"Ara\u015ft\u0131rma Alanlar\u0131\" \/>\n<meta property=\"og:description\" content=\"Prof. Dr. \u0130dris O\u011furlu: \u00a0 https:\/\/avesis.ticaret.edu.tr\/iogurlu &nbsp; Dr. \u00d6\u011fr. \u00dcyesi Makbule Tuba Bostanc\u0131 Baskan: \u00a0\u00a0https:\/\/avesis.ticaret.edu.tr\/mtubabbaskan &nbsp; Dr. \u00d6\u011fr. \u00dcyesi Bet\u00fcl U\u00e7 Kele\u015f: \u00a0\u00a0https:\/\/avesis.ticaret.edu.tr\/buc &nbsp; \u00d6\u011fr. G\u00f6r. Dr. Eymen \u00c7a\u011fatay Bilge: \u00a0 https:\/\/avesis.ticaret.edu.tr\/ecbilge &nbsp; \u00d6\u011fr. G\u00f6r. Asl\u0131han Ergin Asal: \u00a0\u00a0https:\/\/avesis.ticaret.edu.tr\/aergin &nbsp; \u00d6\u011fr. G\u00f6r. G\u00f6khan K\u0131y\u0131c\u0131: \u00a0\u00a0https:\/\/avesis.ticaret.edu.tr\/gkiyici &nbsp; Ar\u015f. G\u00f6r. Damla Hocao\u011flu T\u00fcrk: \u00a0\u00a0https:\/\/avesis.ticaret.edu.tr\/dhocaoglu\" \/>\n<meta property=\"og:url\" content=\"http:\/\/ticaret.edu.tr\/ic-mimarlik-ve-cevre-tasarimi\/arastirma-alanlari\/\" \/>\n<meta property=\"og:site_name\" content=\"\u0130\u00e7 Mimarl\u0131k ve \u00c7evre Tasar\u0131m\u0131\" \/>\n<meta property=\"article:publisher\" content=\"https:\/\/www.facebook.com\/ticaretedutr\" \/>\n<meta property=\"article:modified_time\" content=\"2025-10-21T11:00:47+00:00\" \/>\n<meta property=\"og:image\" content=\"http:\/\/ticaret.edu.tr\/ic-mimarlik-ve-cevre-tasarimi\/wp-content\/uploads\/sites\/24\/2021\/11\/web_logo-01.jpg\" \/>\n\t<meta property=\"og:image:width\" content=\"1250\" \/>\n\t<meta property=\"og:image:height\" content=\"833\" \/>\n\t<meta property=\"og:image:type\" content=\"image\/jpeg\" \/>\n<meta name=\"twitter:card\" content=\"summary_large_image\" \/>\n<meta name=\"twitter:site\" content=\"@ticaretedutr\" \/>\n<script type=\"application\/ld+json\" class=\"yoast-schema-graph\">{\"@context\":\"https:\/\/schema.org\",\"@graph\":[{\"@type\":\"WebPage\",\"@id\":\"http:\/\/ticaret.edu.tr\/ic-mimarlik-ve-cevre-tasarimi\/arastirma-alanlari\/\",\"url\":\"http:\/\/ticaret.edu.tr\/ic-mimarlik-ve-cevre-tasarimi\/arastirma-alanlari\/\",\"name\":\"Ara\u015ft\u0131rma Alanlar\u0131 - \u0130\u00e7 Mimarl\u0131k ve \u00c7evre Tasar\u0131m\u0131\",\"isPartOf\":{\"@id\":\"http:\/\/ticaret.edu.tr\/ic-mimarlik-ve-cevre-tasarimi\/en\/#website\"},\"datePublished\":\"2025-01-26T20:57:13+00:00\",\"dateModified\":\"2025-10-21T11:00:47+00:00\",\"breadcrumb\":{\"@id\":\"http:\/\/ticaret.edu.tr\/ic-mimarlik-ve-cevre-tasarimi\/arastirma-alanlari\/#breadcrumb\"},\"inLanguage\":\"tr\",\"potentialAction\":[{\"@type\":\"ReadAction\",\"target\":[\"http:\/\/ticaret.edu.tr\/ic-mimarlik-ve-cevre-tasarimi\/arastirma-alanlari\/\"]}]},{\"@type\":\"BreadcrumbList\",\"@id\":\"http:\/\/ticaret.edu.tr\/ic-mimarlik-ve-cevre-tasarimi\/arastirma-alanlari\/#breadcrumb\",\"itemListElement\":[{\"@type\":\"ListItem\",\"position\":1,\"name\":\"Ana sayfa\",\"item\":\"http:\/\/ticaret.edu.tr\/ic-mimarlik-ve-cevre-tasarimi\/\"},{\"@type\":\"ListItem\",\"position\":2,\"name\":\"Ara\u015ft\u0131rma Alanlar\u0131\"}]},{\"@type\":\"WebSite\",\"@id\":\"http:\/\/ticaret.edu.tr\/ic-mimarlik-ve-cevre-tasarimi\/en\/#website\",\"url\":\"http:\/\/ticaret.edu.tr\/ic-mimarlik-ve-cevre-tasarimi\/en\/\",\"name\":\"\u0130\u00e7 Mimarl\u0131k ve \u00c7evre Tasar\u0131m\u0131\",\"description\":\"\",\"potentialAction\":[{\"@type\":\"SearchAction\",\"target\":{\"@type\":\"EntryPoint\",\"urlTemplate\":\"http:\/\/ticaret.edu.tr\/ic-mimarlik-ve-cevre-tasarimi\/en\/?s={search_term_string}\"},\"query-input\":\"required name=search_term_string\"}],\"inLanguage\":\"tr\"}]}<\/script>\n<!-- \/ Yoast SEO Premium plugin. -->","yoast_head_json":{"title":"Ara\u015ft\u0131rma Alanlar\u0131 - \u0130\u00e7 Mimarl\u0131k ve \u00c7evre Tasar\u0131m\u0131","robots":{"index":"index","follow":"follow","max-snippet":"max-snippet:-1","max-image-preview":"max-image-preview:large","max-video-preview":"max-video-preview:-1"},"canonical":"http:\/\/ticaret.edu.tr\/ic-mimarlik-ve-cevre-tasarimi\/arastirma-alanlari\/","og_locale":"tr_TR","og_type":"article","og_title":"Ara\u015ft\u0131rma Alanlar\u0131","og_description":"Prof. Dr. \u0130dris O\u011furlu: \u00a0 https:\/\/avesis.ticaret.edu.tr\/iogurlu &nbsp; Dr. \u00d6\u011fr. \u00dcyesi Makbule Tuba Bostanc\u0131 Baskan: \u00a0\u00a0https:\/\/avesis.ticaret.edu.tr\/mtubabbaskan &nbsp; Dr. \u00d6\u011fr. \u00dcyesi Bet\u00fcl U\u00e7 Kele\u015f: \u00a0\u00a0https:\/\/avesis.ticaret.edu.tr\/buc &nbsp; \u00d6\u011fr. G\u00f6r. Dr. Eymen \u00c7a\u011fatay Bilge: \u00a0 https:\/\/avesis.ticaret.edu.tr\/ecbilge &nbsp; \u00d6\u011fr. G\u00f6r. Asl\u0131han Ergin Asal: \u00a0\u00a0https:\/\/avesis.ticaret.edu.tr\/aergin &nbsp; \u00d6\u011fr. G\u00f6r. G\u00f6khan K\u0131y\u0131c\u0131: \u00a0\u00a0https:\/\/avesis.ticaret.edu.tr\/gkiyici &nbsp; Ar\u015f. G\u00f6r. Damla Hocao\u011flu T\u00fcrk: \u00a0\u00a0https:\/\/avesis.ticaret.edu.tr\/dhocaoglu","og_url":"http:\/\/ticaret.edu.tr\/ic-mimarlik-ve-cevre-tasarimi\/arastirma-alanlari\/","og_site_name":"\u0130\u00e7 Mimarl\u0131k ve \u00c7evre Tasar\u0131m\u0131","article_publisher":"https:\/\/www.facebook.com\/ticaretedutr","article_modified_time":"2025-10-21T11:00:47+00:00","og_image":[{"width":1250,"height":833,"url":"http:\/\/ticaret.edu.tr\/ic-mimarlik-ve-cevre-tasarimi\/wp-content\/uploads\/sites\/24\/2021\/11\/web_logo-01.jpg","type":"image\/jpeg"}],"twitter_card":"summary_large_image","twitter_site":"@ticaretedutr","schema":{"@context":"https:\/\/schema.org","@graph":[{"@type":"WebPage","@id":"http:\/\/ticaret.edu.tr\/ic-mimarlik-ve-cevre-tasarimi\/arastirma-alanlari\/","url":"http:\/\/ticaret.edu.tr\/ic-mimarlik-ve-cevre-tasarimi\/arastirma-alanlari\/","name":"Ara\u015ft\u0131rma Alanlar\u0131 - \u0130\u00e7 Mimarl\u0131k ve \u00c7evre Tasar\u0131m\u0131","isPartOf":{"@id":"http:\/\/ticaret.edu.tr\/ic-mimarlik-ve-cevre-tasarimi\/en\/#website"},"datePublished":"2025-01-26T20:57:13+00:00","dateModified":"2025-10-21T11:00:47+00:00","breadcrumb":{"@id":"http:\/\/ticaret.edu.tr\/ic-mimarlik-ve-cevre-tasarimi\/arastirma-alanlari\/#breadcrumb"},"inLanguage":"tr","potentialAction":[{"@type":"ReadAction","target":["http:\/\/ticaret.edu.tr\/ic-mimarlik-ve-cevre-tasarimi\/arastirma-alanlari\/"]}]},{"@type":"BreadcrumbList","@id":"http:\/\/ticaret.edu.tr\/ic-mimarlik-ve-cevre-tasarimi\/arastirma-alanlari\/#breadcrumb","itemListElement":[{"@type":"ListItem","position":1,"name":"Ana sayfa","item":"http:\/\/ticaret.edu.tr\/ic-mimarlik-ve-cevre-tasarimi\/"},{"@type":"ListItem","position":2,"name":"Ara\u015ft\u0131rma Alanlar\u0131"}]},{"@type":"WebSite","@id":"http:\/\/ticaret.edu.tr\/ic-mimarlik-ve-cevre-tasarimi\/en\/#website","url":"http:\/\/ticaret.edu.tr\/ic-mimarlik-ve-cevre-tasarimi\/en\/","name":"\u0130\u00e7 Mimarl\u0131k ve \u00c7evre Tasar\u0131m\u0131","description":"","potentialAction":[{"@type":"SearchAction","target":{"@type":"EntryPoint","urlTemplate":"http:\/\/ticaret.edu.tr\/ic-mimarlik-ve-cevre-tasarimi\/en\/?s={search_term_string}"},"query-input":"required name=search_term_string"}],"inLanguage":"tr"}]}},"lang":"tr","translations":{"tr":1199,"en":1229},"pll_sync_post":[],"_links":{"self":[{"href":"http:\/\/ticaret.edu.tr\/ic-mimarlik-ve-cevre-tasarimi\/wp-json\/wp\/v2\/pages\/1199"}],"collection":[{"href":"http:\/\/ticaret.edu.tr\/ic-mimarlik-ve-cevre-tasarimi\/wp-json\/wp\/v2\/pages"}],"about":[{"href":"http:\/\/ticaret.edu.tr\/ic-mimarlik-ve-cevre-tasarimi\/wp-json\/wp\/v2\/types\/page"}],"author":[{"embeddable":true,"href":"http:\/\/ticaret.edu.tr\/ic-mimarlik-ve-cevre-tasarimi\/wp-json\/wp\/v2\/users\/224"}],"replies":[{"embeddable":true,"href":"http:\/\/ticaret.edu.tr\/ic-mimarlik-ve-cevre-tasarimi\/wp-json\/wp\/v2\/comments?post=1199"}],"version-history":[{"count":2,"href":"http:\/\/ticaret.edu.tr\/ic-mimarlik-ve-cevre-tasarimi\/wp-json\/wp\/v2\/pages\/1199\/revisions"}],"predecessor-version":[{"id":1489,"href":"http:\/\/ticaret.edu.tr\/ic-mimarlik-ve-cevre-tasarimi\/wp-json\/wp\/v2\/pages\/1199\/revisions\/1489"}],"wp:attachment":[{"href":"http:\/\/ticaret.edu.tr\/ic-mimarlik-ve-cevre-tasarimi\/wp-json\/wp\/v2\/media?parent=1199"}],"curies":[{"name":"wp","href":"https:\/\/api.w.org\/{rel}","templated":true}]}}