{"id":1207,"date":"2025-01-26T23:58:47","date_gmt":"2025-01-26T20:58:47","guid":{"rendered":"https:\/\/ticaret.edu.tr\/ic-mimarlik-ve-cevre-tasarimi\/?page_id=1207"},"modified":"2025-10-21T14:48:45","modified_gmt":"2025-10-21T11:48:45","slug":"bolum-kalite-guvence-politikasi","status":"publish","type":"page","link":"http:\/\/ticaret.edu.tr\/ic-mimarlik-ve-cevre-tasarimi\/bolum-kalite-guvence-politikasi\/","title":{"rendered":"B\u00f6l\u00fcm Kalite G\u00fcvence Politikas\u0131"},"content":{"rendered":"<table width=\"609\">\n<tbody>\n<tr>\n<td width=\"489\">Y\u00fcksek\u00f6\u011fretim programlar\u0131n\u0131n niteli\u011finin g\u00f6zetilmesi i\u00e7in;<\/p>\n<p>\u2022 Y\u00d6K, y\u00fcksek\u00f6\u011fretim kurumlar\u0131nda ger\u00e7ekle\u015ftirilen e\u011fitim ve \u00f6\u011fretimle di\u011fer faaliyetlerin planlanmas\u0131, d\u00fczenlenmesi, y\u00f6netilmesi ve denetiminden sorumludur.<\/p>\n<p>\u2022 Y\u00d6K taraf\u0131ndan belirlenen kriterler \u00e7er\u00e7evesinde her y\u0131l haz\u0131rlanan y\u00fcksek\u00f6\u011fretim kurumlar\u0131na ait \u201c\u00dcniversite \u0130zleme ve De\u011ferlendirme Raporlar\u0131\u201d yay\u0131mlan\u0131r. Bu raporlara g\u00f6re haz\u0131rlanan, y\u00fcksek\u00f6\u011fretim kurumlar\u0131na y\u00f6nelik nicel ve nitel de\u011ferlendirmeleri i\u00e7eren raporlarda Y\u00d6K taraf\u0131ndan kamuoyu ile payla\u015f\u0131l\u0131r.<\/p>\n<p>\u2022 Y\u00d6K taraf\u0131ndan her y\u0131l vak\u0131f y\u00fcksek\u00f6\u011fretim kurumlar\u0131na ait akademik, idari ve mali verileri i\u00e7eren \u201cVak\u0131f Y\u00fcksek\u00f6\u011fretim Kurumlar\u0131 Raporu\u201d yay\u0131mlan\u0131r. Vak\u0131f y\u00fcksek\u00f6\u011fretim kurumlar\u0131na y\u00f6nelik yap\u0131lan nicel ve nitel de\u011ferlendirmeleri i\u00e7eren bu raporlar Y\u00d6K taraf\u0131ndan kamuoyu ile payla\u015f\u0131l\u0131r. Y\u00fcksek\u00f6\u011fretimde lisans programlar\u0131n\u0131n kalite g\u00fcvencesi \u201cY\u00fcksek\u00f6\u011fretim Diploma Programlar\u0131n\u0131n Kalite G\u00fcvencesinin Sa\u011flanmas\u0131na Y\u00f6nelik Usul ve Esaslar\u201d a g\u00f6re sa\u011flan\u0131r: 1. \u00d6\u011fretim Programlar\u0131n\u0131n Olu\u015fturulmas\u0131 ve Onaylanmas\u0131: 1.1. Y\u00d6K, y\u00fcksek\u00f6\u011fretim kurumlar\u0131nda lisans b\u00f6l\u00fcm ve programlar\u0131n a\u00e7\u0131lmas\u0131 i\u00e7in gerekli olan asgari standart ve \u00f6l\u00e7\u00fctleri Y\u00d6K belirler. 1.2. Y\u00fcksek\u00f6\u011fretim kurumlar\u0131nda lisans programlar\u0131n\u0131n m\u00fcfredat\u0131 ve her bir program\u0131n \u00f6\u011frenciye kazand\u0131raca\u011f\u0131 \u00f6\u011frenme kazan\u0131mlar\u0131n\u0131n neler olaca\u011f\u0131, Y\u00d6K\u2019\u00fcn bu konularda belirledi\u011fi temel ilkelere uygun olarak y\u00fcksek\u00f6\u011fretim kurumlar\u0131n\u0131n senatolar\u0131 taraf\u0131ndan belirlenir. 1.3. Ulusal \u00c7ekirdek E\u011fitim Programlar\u0131n\u0131n m\u00fcfredat\u0131 ilgili Dekanlar Konseyi taraf\u0131ndan kabul edildikten sonra Y\u00d6K\u2019\u00fcn onay\u0131yla y\u00fcksek\u00f6\u011fretim kurumlar\u0131 taraf\u0131ndan uygulan\u0131r. 2. \u00d6l\u00e7me-De\u011ferlendirme: Her bir lisans program\u0131n\u0131n \u00f6\u011frenciye kazand\u0131raca\u011f\u0131 \u00f6\u011frenme kazan\u0131mlar\u0131n\u0131n \u00f6l\u00e7me ve de\u011ferlendirmesinin nas\u0131l yap\u0131laca\u011f\u0131, Y\u00d6K\u2019\u00fcn bu konularda belirledi\u011fi temel ilkelere uygun olarak y\u00fcksek\u00f6\u011fretim kurumlar\u0131 taraf\u0131ndan haz\u0131rlanan e\u011fitim ve \u00f6\u011fretim ve s\u0131nav y\u00f6netmeli\u011fine g\u00f6re y\u00fcr\u00fct\u00fcl\u00fcr. 3. Belgelendirme: Lisans programlar\u0131na kay\u0131tl\u0131 \u00f6\u011frenciler, y\u00fcksek\u00f6\u011fretim kurumlar\u0131 taraf\u0131ndan belirlenen ders kredilerini ve di\u011fer y\u00fck\u00fcml\u00fcl\u00fckleri ba\u015far\u0131 ile tamamlamalar\u0131 halinde; lisans diplomas\u0131 al\u0131r.<\/p>\n<p>4. \u00d6z De\u011ferlendirme-D\u0131\u015f De\u011ferlendirme: Y\u00fcksek\u00f6\u011fretim kurumlar\u0131, s\u00fcrekli izleme ba\u011flam\u0131nda, her y\u0131l\u0131n ba\u015f\u0131nda bir \u00f6nceki y\u0131la ait \u201cKurum \u0130\u00e7 De\u011ferlendirme Raporlar\u0131n\u0131\u201d Y\u00fcksek\u00f6\u011fretim Kalite Kurulu (Y\u00d6KAK) taraf\u0131ndan haz\u0131rlanan Bilgi Sistemine girer. Y\u00d6KAK, y\u00fcksek\u00f6\u011fretim kurumlar\u0131n\u0131n d\u0131\u015f de\u011ferlendirmesine ili\u015fkin haz\u0131rlad\u0131\u011f\u0131 \u201cKurumsal Geri Bildirim Raporu\u201dnu kamuoyuyla payla\u015f\u0131l\u0131r. Ayr\u0131ca, Y\u00d6KAK taraf\u0131ndan yetkilendirilen veya tan\u0131nan akreditasyon kurulu\u015flar\u0131 taraf\u0131ndan verilen akreditasyon kararlar\u0131 da programlar\u0131n yeterliliklerinin kalite g\u00fcvencesinin sa\u011fland\u0131\u011f\u0131n\u0131 g\u00f6sterir. Y\u00d6KAK mevzuat\u0131 gere\u011fi belirlenen yeterliliklere ili\u015fkin d\u00fczenli g\u00f6zden ge\u00e7irme faaliyetleri yapar.<\/td>\n<\/tr>\n<\/tbody>\n<\/table>\n","protected":false},"excerpt":{"rendered":"<p>Y\u00fcksek\u00f6\u011fretim programlar\u0131n\u0131n niteli\u011finin g\u00f6zetilmesi i\u00e7in; \u2022 Y\u00d6K, y\u00fcksek\u00f6\u011fretim kurumlar\u0131nda ger\u00e7ekle\u015ftirilen e\u011fitim ve \u00f6\u011fretimle di\u011fer faaliyetlerin planlanmas\u0131, d\u00fczenlenmesi, y\u00f6netilmesi ve denetiminden sorumludur. \u2022 Y\u00d6K taraf\u0131ndan belirlenen kriterler \u00e7er\u00e7evesinde her y\u0131l haz\u0131rlanan y\u00fcksek\u00f6\u011fretim kurumlar\u0131na ait \u201c\u00dcniversite \u0130zleme ve De\u011ferlendirme Raporlar\u0131\u201d yay\u0131mlan\u0131r. Bu raporlara g\u00f6re haz\u0131rlanan, y\u00fcksek\u00f6\u011fretim kurumlar\u0131na y\u00f6nelik nicel ve nitel de\u011ferlendirmeleri i\u00e7eren raporlarda Y\u00d6K taraf\u0131ndan kamuoyu [&hellip;]<\/p>\n","protected":false},"author":224,"featured_media":0,"parent":0,"menu_order":0,"comment_status":"closed","ping_status":"closed","template":"genel_sayfa.php","meta":{"footnotes":""},"yoast_head":"<!-- This site is optimized with the Yoast SEO Premium plugin v22.1 (Yoast SEO v22.1) - https:\/\/yoast.com\/wordpress\/plugins\/seo\/ -->\n<title>B\u00f6l\u00fcm Kalite G\u00fcvence Politikas\u0131 - \u0130\u00e7 Mimarl\u0131k ve \u00c7evre Tasar\u0131m\u0131<\/title>\n<meta name=\"robots\" content=\"index, follow, max-snippet:-1, max-image-preview:large, max-video-preview:-1\" \/>\n<link rel=\"canonical\" href=\"http:\/\/ticaret.edu.tr\/ic-mimarlik-ve-cevre-tasarimi\/bolum-kalite-guvence-politikasi\/\" \/>\n<meta property=\"og:locale\" content=\"tr_TR\" \/>\n<meta property=\"og:type\" content=\"article\" \/>\n<meta property=\"og:title\" content=\"B\u00f6l\u00fcm Kalite G\u00fcvence Politikas\u0131\" \/>\n<meta property=\"og:description\" content=\"Y\u00fcksek\u00f6\u011fretim programlar\u0131n\u0131n niteli\u011finin g\u00f6zetilmesi i\u00e7in; \u2022 Y\u00d6K, y\u00fcksek\u00f6\u011fretim kurumlar\u0131nda ger\u00e7ekle\u015ftirilen e\u011fitim ve \u00f6\u011fretimle di\u011fer faaliyetlerin planlanmas\u0131, d\u00fczenlenmesi, y\u00f6netilmesi ve denetiminden sorumludur. \u2022 Y\u00d6K taraf\u0131ndan belirlenen kriterler \u00e7er\u00e7evesinde her y\u0131l haz\u0131rlanan y\u00fcksek\u00f6\u011fretim kurumlar\u0131na ait \u201c\u00dcniversite \u0130zleme ve De\u011ferlendirme Raporlar\u0131\u201d yay\u0131mlan\u0131r. Bu raporlara g\u00f6re haz\u0131rlanan, y\u00fcksek\u00f6\u011fretim kurumlar\u0131na y\u00f6nelik nicel ve nitel de\u011ferlendirmeleri i\u00e7eren raporlarda Y\u00d6K taraf\u0131ndan kamuoyu [&hellip;]\" \/>\n<meta property=\"og:url\" content=\"http:\/\/ticaret.edu.tr\/ic-mimarlik-ve-cevre-tasarimi\/bolum-kalite-guvence-politikasi\/\" \/>\n<meta property=\"og:site_name\" content=\"\u0130\u00e7 Mimarl\u0131k ve \u00c7evre Tasar\u0131m\u0131\" \/>\n<meta property=\"article:publisher\" content=\"https:\/\/www.facebook.com\/ticaretedutr\" \/>\n<meta property=\"article:modified_time\" content=\"2025-10-21T11:48:45+00:00\" \/>\n<meta property=\"og:image\" content=\"http:\/\/ticaret.edu.tr\/ic-mimarlik-ve-cevre-tasarimi\/wp-content\/uploads\/sites\/24\/2021\/11\/web_logo-01.jpg\" \/>\n\t<meta property=\"og:image:width\" content=\"1250\" \/>\n\t<meta property=\"og:image:height\" content=\"833\" \/>\n\t<meta property=\"og:image:type\" content=\"image\/jpeg\" \/>\n<meta name=\"twitter:card\" content=\"summary_large_image\" \/>\n<meta name=\"twitter:site\" content=\"@ticaretedutr\" \/>\n<meta name=\"twitter:label1\" content=\"Tahmini okuma s\u00fcresi\" \/>\n\t<meta name=\"twitter:data1\" content=\"2 dakika\" \/>\n<script type=\"application\/ld+json\" class=\"yoast-schema-graph\">{\"@context\":\"https:\/\/schema.org\",\"@graph\":[{\"@type\":\"WebPage\",\"@id\":\"http:\/\/ticaret.edu.tr\/ic-mimarlik-ve-cevre-tasarimi\/bolum-kalite-guvence-politikasi\/\",\"url\":\"http:\/\/ticaret.edu.tr\/ic-mimarlik-ve-cevre-tasarimi\/bolum-kalite-guvence-politikasi\/\",\"name\":\"B\u00f6l\u00fcm Kalite G\u00fcvence Politikas\u0131 - \u0130\u00e7 Mimarl\u0131k ve \u00c7evre Tasar\u0131m\u0131\",\"isPartOf\":{\"@id\":\"http:\/\/ticaret.edu.tr\/ic-mimarlik-ve-cevre-tasarimi\/en\/#website\"},\"datePublished\":\"2025-01-26T20:58:47+00:00\",\"dateModified\":\"2025-10-21T11:48:45+00:00\",\"breadcrumb\":{\"@id\":\"http:\/\/ticaret.edu.tr\/ic-mimarlik-ve-cevre-tasarimi\/bolum-kalite-guvence-politikasi\/#breadcrumb\"},\"inLanguage\":\"tr\",\"potentialAction\":[{\"@type\":\"ReadAction\",\"target\":[\"http:\/\/ticaret.edu.tr\/ic-mimarlik-ve-cevre-tasarimi\/bolum-kalite-guvence-politikasi\/\"]}]},{\"@type\":\"BreadcrumbList\",\"@id\":\"http:\/\/ticaret.edu.tr\/ic-mimarlik-ve-cevre-tasarimi\/bolum-kalite-guvence-politikasi\/#breadcrumb\",\"itemListElement\":[{\"@type\":\"ListItem\",\"position\":1,\"name\":\"Ana sayfa\",\"item\":\"http:\/\/ticaret.edu.tr\/ic-mimarlik-ve-cevre-tasarimi\/\"},{\"@type\":\"ListItem\",\"position\":2,\"name\":\"B\u00f6l\u00fcm Kalite G\u00fcvence Politikas\u0131\"}]},{\"@type\":\"WebSite\",\"@id\":\"http:\/\/ticaret.edu.tr\/ic-mimarlik-ve-cevre-tasarimi\/en\/#website\",\"url\":\"http:\/\/ticaret.edu.tr\/ic-mimarlik-ve-cevre-tasarimi\/en\/\",\"name\":\"\u0130\u00e7 Mimarl\u0131k ve \u00c7evre Tasar\u0131m\u0131\",\"description\":\"\",\"potentialAction\":[{\"@type\":\"SearchAction\",\"target\":{\"@type\":\"EntryPoint\",\"urlTemplate\":\"http:\/\/ticaret.edu.tr\/ic-mimarlik-ve-cevre-tasarimi\/en\/?s={search_term_string}\"},\"query-input\":\"required name=search_term_string\"}],\"inLanguage\":\"tr\"}]}<\/script>\n<!-- \/ Yoast SEO Premium plugin. -->","yoast_head_json":{"title":"B\u00f6l\u00fcm Kalite G\u00fcvence Politikas\u0131 - \u0130\u00e7 Mimarl\u0131k ve \u00c7evre Tasar\u0131m\u0131","robots":{"index":"index","follow":"follow","max-snippet":"max-snippet:-1","max-image-preview":"max-image-preview:large","max-video-preview":"max-video-preview:-1"},"canonical":"http:\/\/ticaret.edu.tr\/ic-mimarlik-ve-cevre-tasarimi\/bolum-kalite-guvence-politikasi\/","og_locale":"tr_TR","og_type":"article","og_title":"B\u00f6l\u00fcm Kalite G\u00fcvence Politikas\u0131","og_description":"Y\u00fcksek\u00f6\u011fretim programlar\u0131n\u0131n niteli\u011finin g\u00f6zetilmesi i\u00e7in; \u2022 Y\u00d6K, y\u00fcksek\u00f6\u011fretim kurumlar\u0131nda ger\u00e7ekle\u015ftirilen e\u011fitim ve \u00f6\u011fretimle di\u011fer faaliyetlerin planlanmas\u0131, d\u00fczenlenmesi, y\u00f6netilmesi ve denetiminden sorumludur. \u2022 Y\u00d6K taraf\u0131ndan belirlenen kriterler \u00e7er\u00e7evesinde her y\u0131l haz\u0131rlanan y\u00fcksek\u00f6\u011fretim kurumlar\u0131na ait \u201c\u00dcniversite \u0130zleme ve De\u011ferlendirme Raporlar\u0131\u201d yay\u0131mlan\u0131r. Bu raporlara g\u00f6re haz\u0131rlanan, y\u00fcksek\u00f6\u011fretim kurumlar\u0131na y\u00f6nelik nicel ve nitel de\u011ferlendirmeleri i\u00e7eren raporlarda Y\u00d6K taraf\u0131ndan kamuoyu [&hellip;]","og_url":"http:\/\/ticaret.edu.tr\/ic-mimarlik-ve-cevre-tasarimi\/bolum-kalite-guvence-politikasi\/","og_site_name":"\u0130\u00e7 Mimarl\u0131k ve \u00c7evre Tasar\u0131m\u0131","article_publisher":"https:\/\/www.facebook.com\/ticaretedutr","article_modified_time":"2025-10-21T11:48:45+00:00","og_image":[{"width":1250,"height":833,"url":"http:\/\/ticaret.edu.tr\/ic-mimarlik-ve-cevre-tasarimi\/wp-content\/uploads\/sites\/24\/2021\/11\/web_logo-01.jpg","type":"image\/jpeg"}],"twitter_card":"summary_large_image","twitter_site":"@ticaretedutr","twitter_misc":{"Tahmini okuma s\u00fcresi":"2 dakika"},"schema":{"@context":"https:\/\/schema.org","@graph":[{"@type":"WebPage","@id":"http:\/\/ticaret.edu.tr\/ic-mimarlik-ve-cevre-tasarimi\/bolum-kalite-guvence-politikasi\/","url":"http:\/\/ticaret.edu.tr\/ic-mimarlik-ve-cevre-tasarimi\/bolum-kalite-guvence-politikasi\/","name":"B\u00f6l\u00fcm Kalite G\u00fcvence Politikas\u0131 - \u0130\u00e7 Mimarl\u0131k ve \u00c7evre Tasar\u0131m\u0131","isPartOf":{"@id":"http:\/\/ticaret.edu.tr\/ic-mimarlik-ve-cevre-tasarimi\/en\/#website"},"datePublished":"2025-01-26T20:58:47+00:00","dateModified":"2025-10-21T11:48:45+00:00","breadcrumb":{"@id":"http:\/\/ticaret.edu.tr\/ic-mimarlik-ve-cevre-tasarimi\/bolum-kalite-guvence-politikasi\/#breadcrumb"},"inLanguage":"tr","potentialAction":[{"@type":"ReadAction","target":["http:\/\/ticaret.edu.tr\/ic-mimarlik-ve-cevre-tasarimi\/bolum-kalite-guvence-politikasi\/"]}]},{"@type":"BreadcrumbList","@id":"http:\/\/ticaret.edu.tr\/ic-mimarlik-ve-cevre-tasarimi\/bolum-kalite-guvence-politikasi\/#breadcrumb","itemListElement":[{"@type":"ListItem","position":1,"name":"Ana sayfa","item":"http:\/\/ticaret.edu.tr\/ic-mimarlik-ve-cevre-tasarimi\/"},{"@type":"ListItem","position":2,"name":"B\u00f6l\u00fcm Kalite G\u00fcvence Politikas\u0131"}]},{"@type":"WebSite","@id":"http:\/\/ticaret.edu.tr\/ic-mimarlik-ve-cevre-tasarimi\/en\/#website","url":"http:\/\/ticaret.edu.tr\/ic-mimarlik-ve-cevre-tasarimi\/en\/","name":"\u0130\u00e7 Mimarl\u0131k ve \u00c7evre Tasar\u0131m\u0131","description":"","potentialAction":[{"@type":"SearchAction","target":{"@type":"EntryPoint","urlTemplate":"http:\/\/ticaret.edu.tr\/ic-mimarlik-ve-cevre-tasarimi\/en\/?s={search_term_string}"},"query-input":"required name=search_term_string"}],"inLanguage":"tr"}]}},"lang":"tr","translations":{"tr":1207,"en":1237},"pll_sync_post":[],"_links":{"self":[{"href":"http:\/\/ticaret.edu.tr\/ic-mimarlik-ve-cevre-tasarimi\/wp-json\/wp\/v2\/pages\/1207"}],"collection":[{"href":"http:\/\/ticaret.edu.tr\/ic-mimarlik-ve-cevre-tasarimi\/wp-json\/wp\/v2\/pages"}],"about":[{"href":"http:\/\/ticaret.edu.tr\/ic-mimarlik-ve-cevre-tasarimi\/wp-json\/wp\/v2\/types\/page"}],"author":[{"embeddable":true,"href":"http:\/\/ticaret.edu.tr\/ic-mimarlik-ve-cevre-tasarimi\/wp-json\/wp\/v2\/users\/224"}],"replies":[{"embeddable":true,"href":"http:\/\/ticaret.edu.tr\/ic-mimarlik-ve-cevre-tasarimi\/wp-json\/wp\/v2\/comments?post=1207"}],"version-history":[{"count":2,"href":"http:\/\/ticaret.edu.tr\/ic-mimarlik-ve-cevre-tasarimi\/wp-json\/wp\/v2\/pages\/1207\/revisions"}],"predecessor-version":[{"id":1494,"href":"http:\/\/ticaret.edu.tr\/ic-mimarlik-ve-cevre-tasarimi\/wp-json\/wp\/v2\/pages\/1207\/revisions\/1494"}],"wp:attachment":[{"href":"http:\/\/ticaret.edu.tr\/ic-mimarlik-ve-cevre-tasarimi\/wp-json\/wp\/v2\/media?parent=1207"}],"curies":[{"name":"wp","href":"https:\/\/api.w.org\/{rel}","templated":true}]}}