{"id":1213,"date":"2025-01-26T23:59:55","date_gmt":"2025-01-26T20:59:55","guid":{"rendered":"https:\/\/ticaret.edu.tr\/ic-mimarlik-ve-cevre-tasarimi\/?page_id=1213"},"modified":"2025-12-16T10:15:18","modified_gmt":"2025-12-16T07:15:18","slug":"bolum-danisma-kurulu","status":"publish","type":"page","link":"http:\/\/ticaret.edu.tr\/ic-mimarlik-ve-cevre-tasarimi\/bolum-danisma-kurulu\/","title":{"rendered":"B\u00f6l\u00fcm Dan\u0131\u015fma Kurulu"},"content":{"rendered":"<div class=\"x_elementToProof\"><\/div>\n<table class=\"x_elementToProof\">\n<tbody>\n<tr>\n<td class=\"x_elementToProof\" colspan=\"3\">\n<div class=\"x_elementToProof\"><strong>B\u00f6l\u00fcm Dan\u0131\u015fma Kurulu \u00dcyeleri (Kurum D\u0131\u015f\u0131 \u00dcyeler)<\/strong><\/div>\n<\/td>\n<\/tr>\n<tr>\n<td class=\"x_elementToProof\">\n<div class=\"x_elementToProof\">Ad\u0131-Soyad\u0131<\/div>\n<\/td>\n<td class=\"x_elementToProof\">\n<div class=\"x_elementToProof\">Kurumu<\/div>\n<\/td>\n<td class=\"x_elementToProof\">\n<div class=\"x_elementToProof\">G\u00f6revi<\/div>\n<\/td>\n<\/tr>\n<tr>\n<td class=\"x_elementToProof\">\n<div class=\"x_elementToProof\">\u00d6mer G\u00f6mleksiz<\/div>\n<\/td>\n<td class=\"x_elementToProof\">\n<div class=\"x_elementToProof\">Mini Mimarl\u0131k Ltd. \u015eti.<\/div>\n<\/td>\n<td class=\"x_elementToProof\">\n<div class=\"x_elementToProof\">\u0130\u00e7 Mimarl\u0131k &#8211; Mimarl\u0131k Tasar\u0131m Ofisi Kurucusu, \u0130\u00e7 Mimar<\/div>\n<\/td>\n<\/tr>\n<tr>\n<td class=\"x_elementToProof\">\n<div class=\"x_elementToProof\">Berna Barut\u00e7u<\/div>\n<\/td>\n<td class=\"x_elementToProof\">\n<div class=\"x_elementToProof\">DekoLAB<\/div>\n<\/td>\n<td class=\"x_elementToProof\">\n<div class=\"x_elementToProof\">Mimari Proje ve Dan\u0131\u015fmanl\u0131k Ofisi Kurucusu, Mimar<\/div>\n<\/td>\n<\/tr>\n<tr>\n<td class=\"x_elementToProof\">\n<div class=\"x_elementToProof\">Filiz Sicim<\/div>\n<\/td>\n<td class=\"x_elementToProof\">\n<div class=\"x_elementToProof\">MOD Tasar\u0131m<\/div>\n<\/td>\n<td class=\"x_elementToProof\">\n<div class=\"x_elementToProof\">Ofis \u0130\u00e7 Mekan, Mobilya Tasar\u0131m Firmas\u0131 Kurucusu<\/div>\n<\/td>\n<\/tr>\n<tr>\n<td class=\"x_elementToProof\">\n<div class=\"x_elementToProof\">Damla Altuncu<\/div>\n<\/td>\n<td class=\"x_elementToProof\">\n<div class=\"x_elementToProof\">Mimar Sinan G\u00fczel Sanatlar \u00dcniversitesi Mimarl\u0131k Fak\u00fcltesi \u0130\u00e7 Mimarl\u0131k B\u00f6l\u00fcm\u00fc<\/div>\n<\/td>\n<td class=\"x_elementToProof\">\n<div class=\"x_elementToProof\">Prof. Dr., \u00d6\u011fretim \u00dcyesi, Y. \u0130\u00e7 Mimar<\/div>\n<\/td>\n<\/tr>\n<tr>\n<td class=\"x_elementToProof\">\n<div class=\"x_elementToProof\">Elif Uyan<\/div>\n<\/td>\n<td class=\"x_elementToProof\">\n<div class=\"x_elementToProof\">LAB1 Lighting Design<\/div>\n<\/td>\n<td class=\"x_elementToProof\">\n<div class=\"x_elementToProof\">LAB1 Ayd\u0131nlatma Tasar\u0131m\u0131 &amp; G\u00fcn\u0131\u015f\u0131\u011f\u0131 Dan\u0131\u015fmanl\u0131\u011f\u0131 Ofisi Kurucusu, Y. \u0130\u00e7 Mimar<\/div>\n<\/td>\n<\/tr>\n<\/tbody>\n<\/table>\n<div id=\"x_appendonsend\"><\/div>\n<p>&nbsp;<\/p>\n<table cellspacing=\"0\" cellpadding=\"0\">\n<tbody>\n<tr>\n<td>\n<div><strong>\u0130\u00e7 Mimarl\u0131k ve \u00c7evre Tasar\u0131m\u0131 B\u00f6l\u00fcm\u00fc Dan\u0131\u015fma Kurulu \u00dcyeleri<\/strong><\/div>\n<\/td>\n<\/tr>\n<tr>\n<td>\n<div>Dr. \u00d6\u011fr. \u00dcyesi M. Tuba BOSTANCI BASKAN &#8211; B\u00f6l\u00fcm Ba\u015fkan\u0131<\/div>\n<\/td>\n<\/tr>\n<tr>\n<td>\n<div class=\"x_elementToProof\">Dr. \u00d6\u011fr. \u00dcyesi Bet\u00fcl U\u00c7 KELE\u015e &#8211; Se\u00e7ilmi\u015f \u00dcye<\/div>\n<\/td>\n<\/tr>\n<tr>\n<td>\n<div>Ar\u015f. G\u00f6r. Damla HOCAO\u011eLU T\u00dcRK &#8211; Kalite El\u00e7isi<\/div>\n<\/td>\n<\/tr>\n<tr>\n<td>\n<div>Muharrem \u00c7AKIR &#8211; \u00d6\u011frenci Temsilcisi<\/div>\n<\/td>\n<\/tr>\n<\/tbody>\n<\/table>\n<p><strong><a href=\"http:\/\/ticaret.edu.tr\/ic-mimarlik-ve-cevre-tasarimi\/wp-content\/uploads\/sites\/24\/2025\/12\/ICM_Bolum-Danisma-Kurulu-Toplanti-Tutanagi_31-10-2025.pdf\">ICM_Bo\u0308lu\u0308m Dan\u0131s\u0327ma Kurulu Toplant\u0131 Tutanag\u0306\u0131_31 10 2025<\/a><\/strong><\/p>\n","protected":false},"excerpt":{"rendered":"<p>B\u00f6l\u00fcm Dan\u0131\u015fma Kurulu \u00dcyeleri (Kurum D\u0131\u015f\u0131 \u00dcyeler) Ad\u0131-Soyad\u0131 Kurumu G\u00f6revi \u00d6mer G\u00f6mleksiz Mini Mimarl\u0131k Ltd. \u015eti. \u0130\u00e7 Mimarl\u0131k &#8211; Mimarl\u0131k Tasar\u0131m Ofisi Kurucusu, \u0130\u00e7 Mimar Berna Barut\u00e7u DekoLAB Mimari Proje ve Dan\u0131\u015fmanl\u0131k Ofisi Kurucusu, Mimar Filiz Sicim MOD Tasar\u0131m Ofis \u0130\u00e7 Mekan, Mobilya Tasar\u0131m Firmas\u0131 Kurucusu Damla Altuncu Mimar Sinan G\u00fczel Sanatlar \u00dcniversitesi Mimarl\u0131k Fak\u00fcltesi [&hellip;]<\/p>\n","protected":false},"author":224,"featured_media":0,"parent":0,"menu_order":0,"comment_status":"closed","ping_status":"closed","template":"genel_sayfa.php","meta":{"footnotes":""},"yoast_head":"<!-- This site is optimized with the Yoast SEO Premium plugin v22.1 (Yoast SEO v22.1) - https:\/\/yoast.com\/wordpress\/plugins\/seo\/ -->\n<title>B\u00f6l\u00fcm Dan\u0131\u015fma Kurulu - \u0130\u00e7 Mimarl\u0131k ve \u00c7evre Tasar\u0131m\u0131 B\u00f6l\u00fcm\u00fc<\/title>\n<meta name=\"description\" content=\"B\u00f6l\u00fcm Dan\u0131\u015fma Kurulu - \u0130\u00e7 Mimarl\u0131k ve \u00c7evre Tasar\u0131m\u0131 B\u00f6l\u00fcm\u00fc\" \/>\n<meta name=\"robots\" content=\"index, follow, max-snippet:-1, max-image-preview:large, max-video-preview:-1\" \/>\n<link rel=\"canonical\" href=\"http:\/\/ticaret.edu.tr\/ic-mimarlik-ve-cevre-tasarimi\/bolum-danisma-kurulu\/\" \/>\n<meta property=\"og:locale\" content=\"tr_TR\" \/>\n<meta property=\"og:type\" content=\"article\" \/>\n<meta property=\"og:title\" content=\"B\u00f6l\u00fcm Dan\u0131\u015fma Kurulu\" \/>\n<meta property=\"og:description\" content=\"B\u00f6l\u00fcm Dan\u0131\u015fma Kurulu - \u0130\u00e7 Mimarl\u0131k ve \u00c7evre Tasar\u0131m\u0131 B\u00f6l\u00fcm\u00fc\" \/>\n<meta property=\"og:url\" content=\"http:\/\/ticaret.edu.tr\/ic-mimarlik-ve-cevre-tasarimi\/bolum-danisma-kurulu\/\" \/>\n<meta property=\"og:site_name\" content=\"\u0130\u00e7 Mimarl\u0131k ve \u00c7evre Tasar\u0131m\u0131\" \/>\n<meta property=\"article:publisher\" content=\"https:\/\/www.facebook.com\/ticaretedutr\" \/>\n<meta property=\"article:modified_time\" content=\"2025-12-16T07:15:18+00:00\" \/>\n<meta property=\"og:image\" content=\"http:\/\/ticaret.edu.tr\/ic-mimarlik-ve-cevre-tasarimi\/wp-content\/uploads\/sites\/24\/2021\/11\/web_logo-01.jpg\" \/>\n\t<meta property=\"og:image:width\" content=\"1250\" \/>\n\t<meta property=\"og:image:height\" content=\"833\" \/>\n\t<meta property=\"og:image:type\" content=\"image\/jpeg\" \/>\n<meta name=\"twitter:card\" content=\"summary_large_image\" \/>\n<meta name=\"twitter:site\" content=\"@ticaretedutr\" \/>\n<meta name=\"twitter:label1\" content=\"Tahmini okuma s\u00fcresi\" \/>\n\t<meta name=\"twitter:data1\" content=\"1 dakika\" \/>\n<script type=\"application\/ld+json\" class=\"yoast-schema-graph\">{\"@context\":\"https:\/\/schema.org\",\"@graph\":[{\"@type\":\"WebPage\",\"@id\":\"http:\/\/ticaret.edu.tr\/ic-mimarlik-ve-cevre-tasarimi\/bolum-danisma-kurulu\/\",\"url\":\"http:\/\/ticaret.edu.tr\/ic-mimarlik-ve-cevre-tasarimi\/bolum-danisma-kurulu\/\",\"name\":\"B\u00f6l\u00fcm Dan\u0131\u015fma Kurulu - \u0130\u00e7 Mimarl\u0131k ve \u00c7evre Tasar\u0131m\u0131 B\u00f6l\u00fcm\u00fc\",\"isPartOf\":{\"@id\":\"http:\/\/ticaret.edu.tr\/ic-mimarlik-ve-cevre-tasarimi\/en\/#website\"},\"datePublished\":\"2025-01-26T20:59:55+00:00\",\"dateModified\":\"2025-12-16T07:15:18+00:00\",\"description\":\"B\u00f6l\u00fcm Dan\u0131\u015fma Kurulu - \u0130\u00e7 Mimarl\u0131k ve \u00c7evre Tasar\u0131m\u0131 B\u00f6l\u00fcm\u00fc\",\"breadcrumb\":{\"@id\":\"http:\/\/ticaret.edu.tr\/ic-mimarlik-ve-cevre-tasarimi\/bolum-danisma-kurulu\/#breadcrumb\"},\"inLanguage\":\"tr\",\"potentialAction\":[{\"@type\":\"ReadAction\",\"target\":[\"http:\/\/ticaret.edu.tr\/ic-mimarlik-ve-cevre-tasarimi\/bolum-danisma-kurulu\/\"]}]},{\"@type\":\"BreadcrumbList\",\"@id\":\"http:\/\/ticaret.edu.tr\/ic-mimarlik-ve-cevre-tasarimi\/bolum-danisma-kurulu\/#breadcrumb\",\"itemListElement\":[{\"@type\":\"ListItem\",\"position\":1,\"name\":\"Ana sayfa\",\"item\":\"http:\/\/ticaret.edu.tr\/ic-mimarlik-ve-cevre-tasarimi\/\"},{\"@type\":\"ListItem\",\"position\":2,\"name\":\"B\u00f6l\u00fcm Dan\u0131\u015fma Kurulu\"}]},{\"@type\":\"WebSite\",\"@id\":\"http:\/\/ticaret.edu.tr\/ic-mimarlik-ve-cevre-tasarimi\/en\/#website\",\"url\":\"http:\/\/ticaret.edu.tr\/ic-mimarlik-ve-cevre-tasarimi\/en\/\",\"name\":\"\u0130\u00e7 Mimarl\u0131k ve \u00c7evre Tasar\u0131m\u0131\",\"description\":\"\",\"potentialAction\":[{\"@type\":\"SearchAction\",\"target\":{\"@type\":\"EntryPoint\",\"urlTemplate\":\"http:\/\/ticaret.edu.tr\/ic-mimarlik-ve-cevre-tasarimi\/en\/?s={search_term_string}\"},\"query-input\":\"required name=search_term_string\"}],\"inLanguage\":\"tr\"}]}<\/script>\n<!-- \/ Yoast SEO Premium plugin. -->","yoast_head_json":{"title":"B\u00f6l\u00fcm Dan\u0131\u015fma Kurulu - \u0130\u00e7 Mimarl\u0131k ve \u00c7evre Tasar\u0131m\u0131 B\u00f6l\u00fcm\u00fc","description":"B\u00f6l\u00fcm Dan\u0131\u015fma Kurulu - \u0130\u00e7 Mimarl\u0131k ve \u00c7evre Tasar\u0131m\u0131 B\u00f6l\u00fcm\u00fc","robots":{"index":"index","follow":"follow","max-snippet":"max-snippet:-1","max-image-preview":"max-image-preview:large","max-video-preview":"max-video-preview:-1"},"canonical":"http:\/\/ticaret.edu.tr\/ic-mimarlik-ve-cevre-tasarimi\/bolum-danisma-kurulu\/","og_locale":"tr_TR","og_type":"article","og_title":"B\u00f6l\u00fcm Dan\u0131\u015fma Kurulu","og_description":"B\u00f6l\u00fcm Dan\u0131\u015fma Kurulu - \u0130\u00e7 Mimarl\u0131k ve \u00c7evre Tasar\u0131m\u0131 B\u00f6l\u00fcm\u00fc","og_url":"http:\/\/ticaret.edu.tr\/ic-mimarlik-ve-cevre-tasarimi\/bolum-danisma-kurulu\/","og_site_name":"\u0130\u00e7 Mimarl\u0131k ve \u00c7evre Tasar\u0131m\u0131","article_publisher":"https:\/\/www.facebook.com\/ticaretedutr","article_modified_time":"2025-12-16T07:15:18+00:00","og_image":[{"width":1250,"height":833,"url":"http:\/\/ticaret.edu.tr\/ic-mimarlik-ve-cevre-tasarimi\/wp-content\/uploads\/sites\/24\/2021\/11\/web_logo-01.jpg","type":"image\/jpeg"}],"twitter_card":"summary_large_image","twitter_site":"@ticaretedutr","twitter_misc":{"Tahmini okuma s\u00fcresi":"1 dakika"},"schema":{"@context":"https:\/\/schema.org","@graph":[{"@type":"WebPage","@id":"http:\/\/ticaret.edu.tr\/ic-mimarlik-ve-cevre-tasarimi\/bolum-danisma-kurulu\/","url":"http:\/\/ticaret.edu.tr\/ic-mimarlik-ve-cevre-tasarimi\/bolum-danisma-kurulu\/","name":"B\u00f6l\u00fcm Dan\u0131\u015fma Kurulu - \u0130\u00e7 Mimarl\u0131k ve \u00c7evre Tasar\u0131m\u0131 B\u00f6l\u00fcm\u00fc","isPartOf":{"@id":"http:\/\/ticaret.edu.tr\/ic-mimarlik-ve-cevre-tasarimi\/en\/#website"},"datePublished":"2025-01-26T20:59:55+00:00","dateModified":"2025-12-16T07:15:18+00:00","description":"B\u00f6l\u00fcm Dan\u0131\u015fma Kurulu - \u0130\u00e7 Mimarl\u0131k ve \u00c7evre Tasar\u0131m\u0131 B\u00f6l\u00fcm\u00fc","breadcrumb":{"@id":"http:\/\/ticaret.edu.tr\/ic-mimarlik-ve-cevre-tasarimi\/bolum-danisma-kurulu\/#breadcrumb"},"inLanguage":"tr","potentialAction":[{"@type":"ReadAction","target":["http:\/\/ticaret.edu.tr\/ic-mimarlik-ve-cevre-tasarimi\/bolum-danisma-kurulu\/"]}]},{"@type":"BreadcrumbList","@id":"http:\/\/ticaret.edu.tr\/ic-mimarlik-ve-cevre-tasarimi\/bolum-danisma-kurulu\/#breadcrumb","itemListElement":[{"@type":"ListItem","position":1,"name":"Ana sayfa","item":"http:\/\/ticaret.edu.tr\/ic-mimarlik-ve-cevre-tasarimi\/"},{"@type":"ListItem","position":2,"name":"B\u00f6l\u00fcm Dan\u0131\u015fma Kurulu"}]},{"@type":"WebSite","@id":"http:\/\/ticaret.edu.tr\/ic-mimarlik-ve-cevre-tasarimi\/en\/#website","url":"http:\/\/ticaret.edu.tr\/ic-mimarlik-ve-cevre-tasarimi\/en\/","name":"\u0130\u00e7 Mimarl\u0131k ve \u00c7evre Tasar\u0131m\u0131","description":"","potentialAction":[{"@type":"SearchAction","target":{"@type":"EntryPoint","urlTemplate":"http:\/\/ticaret.edu.tr\/ic-mimarlik-ve-cevre-tasarimi\/en\/?s={search_term_string}"},"query-input":"required name=search_term_string"}],"inLanguage":"tr"}]}},"lang":"tr","translations":{"tr":1213,"en":1243},"pll_sync_post":[],"_links":{"self":[{"href":"http:\/\/ticaret.edu.tr\/ic-mimarlik-ve-cevre-tasarimi\/wp-json\/wp\/v2\/pages\/1213"}],"collection":[{"href":"http:\/\/ticaret.edu.tr\/ic-mimarlik-ve-cevre-tasarimi\/wp-json\/wp\/v2\/pages"}],"about":[{"href":"http:\/\/ticaret.edu.tr\/ic-mimarlik-ve-cevre-tasarimi\/wp-json\/wp\/v2\/types\/page"}],"author":[{"embeddable":true,"href":"http:\/\/ticaret.edu.tr\/ic-mimarlik-ve-cevre-tasarimi\/wp-json\/wp\/v2\/users\/224"}],"replies":[{"embeddable":true,"href":"http:\/\/ticaret.edu.tr\/ic-mimarlik-ve-cevre-tasarimi\/wp-json\/wp\/v2\/comments?post=1213"}],"version-history":[{"count":8,"href":"http:\/\/ticaret.edu.tr\/ic-mimarlik-ve-cevre-tasarimi\/wp-json\/wp\/v2\/pages\/1213\/revisions"}],"predecessor-version":[{"id":1533,"href":"http:\/\/ticaret.edu.tr\/ic-mimarlik-ve-cevre-tasarimi\/wp-json\/wp\/v2\/pages\/1213\/revisions\/1533"}],"wp:attachment":[{"href":"http:\/\/ticaret.edu.tr\/ic-mimarlik-ve-cevre-tasarimi\/wp-json\/wp\/v2\/media?parent=1213"}],"curies":[{"name":"wp","href":"https:\/\/api.w.org\/{rel}","templated":true}]}}