{"id":542,"date":"2022-06-14T12:56:11","date_gmt":"2022-06-14T09:56:11","guid":{"rendered":"https:\/\/ticaret.edu.tr\/ic-mimarlik-ve-cevre-tasarimi\/?page_id=542"},"modified":"2025-10-20T12:39:44","modified_gmt":"2025-10-20T09:39:44","slug":"staj","status":"publish","type":"page","link":"http:\/\/ticaret.edu.tr\/ic-mimarlik-ve-cevre-tasarimi\/staj\/","title":{"rendered":"STAJ"},"content":{"rendered":"<p>B\u00f6l\u00fcm\u00fcm\u00fczde 2 adet zorunlu staj bulunmaktad\u0131r.<\/p>\n<p><b>1- \u015eantiye staj\u0131 (30 g\u00fcn) &#8211; 2. s\u0131n\u0131f\u0131n sonunda yaz d\u00f6neminde<\/b><\/p>\n<p><b>2- Ofis staj\u0131 (30 g\u00fcn) &#8211; 3. s\u0131n\u0131f\u0131n sonunda yaz d\u00f6neminde<\/b><\/p>\n<p>\u0130lgili duyurular b\u00f6l\u00fcm ileti\u015fim kanallar\u0131, web sitesi ve duyuru panolar\u0131nda yay\u0131nlan\u0131r.<\/p>\n<p>Yaz d\u00f6neminde yap\u0131lan stajlar i\u00e7in ba\u015fvurular May\u0131s -Temmuz aras\u0131nda al\u0131n\u0131r.<\/p>\n<p>\u0130lgili t\u00fcm s\u00fcre\u00e7lere dair detayl\u0131 bilgi Kariyer Merkezi\u2019ne ait linklerde bulunabilir.<\/p>\n<p>Staj yeri bulma konusunda sorumluluk \u00f6\u011frencidedir.<\/p>\n<p>Dan\u0131\u015fmanlar ve komisyon \u00fcyeleri sadece akademik a\u00e7\u0131dan uygunlu\u011fu denetler.<\/p>\n<p>S\u00fcre\u00e7 hakk\u0131nda detayl\u0131 bilgi almak isteyenler i\u00e7in :<\/p>\n<p><a href=\"https:\/\/kariyer.ticaret.edu.tr\/\">https:\/\/kariyer.ticaret.edu.tr\/<\/a> web sitesini ziyaret edebilirler.<\/p>\n<p>&nbsp;<\/p>\n<p>Staj Komisyonu \u00dcyeleri:<\/p>\n<ul>\n<li>\u00d6\u011fr. G\u00f6r. G\u00f6khan KIYICI\u00a0 \u00a0 \u00a0 \u00a0 \u00a0 \u00a0 \u00a0 \u00a0 \u00a0 \u00a0 \u00a0 \u00a0 \u00a0 \u00a0 \u00a0 \u00a0 \u00a0 \u00a0 \u00a0 \u00a0 \u00a0 \u00a0 \u00a0 \u00a0 \u00a0 \u00a0 gkiyici@ticaret.edu.tr<\/li>\n<li>Ar. G\u00f6r. Damla HOCAO\u011eLU T\u00dcRK\u00a0 \u00a0 \u00a0 \u00a0 \u00a0 \u00a0 \u00a0 \u00a0 \u00a0 \u00a0 \u00a0 \u00a0 \u00a0 \u00a0 \u00a0 \u00a0 \u00a0 \u00a0dhocaoglu@ticaret.edu.tr<\/li>\n<\/ul>\n","protected":false},"excerpt":{"rendered":"<p>B\u00f6l\u00fcm\u00fcm\u00fczde 2 adet zorunlu staj bulunmaktad\u0131r. 1- \u015eantiye staj\u0131 (30 g\u00fcn) &#8211; 2. s\u0131n\u0131f\u0131n sonunda yaz d\u00f6neminde 2- Ofis staj\u0131 (30 g\u00fcn) &#8211; 3. s\u0131n\u0131f\u0131n sonunda yaz d\u00f6neminde \u0130lgili duyurular b\u00f6l\u00fcm ileti\u015fim kanallar\u0131, web sitesi ve duyuru panolar\u0131nda yay\u0131nlan\u0131r. Yaz d\u00f6neminde yap\u0131lan stajlar i\u00e7in ba\u015fvurular May\u0131s -Temmuz aras\u0131nda al\u0131n\u0131r. \u0130lgili t\u00fcm s\u00fcre\u00e7lere dair detayl\u0131 bilgi [&hellip;]<\/p>\n","protected":false},"author":21,"featured_media":0,"parent":0,"menu_order":0,"comment_status":"closed","ping_status":"closed","template":"genel_sayfa.php","meta":{"footnotes":""},"yoast_head":"<!-- This site is optimized with the Yoast SEO Premium plugin v22.1 (Yoast SEO v22.1) - https:\/\/yoast.com\/wordpress\/plugins\/seo\/ -->\n<title>STAJ - \u0130\u00e7 Mimarl\u0131k ve \u00c7evre Tasar\u0131m\u0131<\/title>\n<meta name=\"robots\" content=\"index, follow, max-snippet:-1, max-image-preview:large, max-video-preview:-1\" \/>\n<link rel=\"canonical\" href=\"https:\/\/ticaret.edu.tr\/ic-mimarlik-ve-cevre-tasarimi\/staj\/\" \/>\n<meta property=\"og:locale\" content=\"tr_TR\" \/>\n<meta property=\"og:type\" content=\"article\" \/>\n<meta property=\"og:title\" content=\"STAJ\" \/>\n<meta property=\"og:description\" content=\"B\u00f6l\u00fcm\u00fcm\u00fczde 2 adet zorunlu staj bulunmaktad\u0131r. 1- \u015eantiye staj\u0131 (30 g\u00fcn) &#8211; 2. s\u0131n\u0131f\u0131n sonunda yaz d\u00f6neminde 2- Ofis staj\u0131 (30 g\u00fcn) &#8211; 3. s\u0131n\u0131f\u0131n sonunda yaz d\u00f6neminde \u0130lgili duyurular b\u00f6l\u00fcm ileti\u015fim kanallar\u0131, web sitesi ve duyuru panolar\u0131nda yay\u0131nlan\u0131r. Yaz d\u00f6neminde yap\u0131lan stajlar i\u00e7in ba\u015fvurular May\u0131s -Temmuz aras\u0131nda al\u0131n\u0131r. \u0130lgili t\u00fcm s\u00fcre\u00e7lere dair detayl\u0131 bilgi [&hellip;]\" \/>\n<meta property=\"og:url\" content=\"https:\/\/ticaret.edu.tr\/ic-mimarlik-ve-cevre-tasarimi\/staj\/\" \/>\n<meta property=\"og:site_name\" content=\"\u0130\u00e7 Mimarl\u0131k ve \u00c7evre Tasar\u0131m\u0131\" \/>\n<meta property=\"article:publisher\" content=\"https:\/\/www.facebook.com\/ticaretedutr\" \/>\n<meta property=\"article:modified_time\" content=\"2025-10-20T09:39:44+00:00\" \/>\n<meta property=\"og:image\" content=\"http:\/\/ticaret.edu.tr\/ic-mimarlik-ve-cevre-tasarimi\/wp-content\/uploads\/sites\/24\/2021\/11\/web_logo-01.jpg\" \/>\n\t<meta property=\"og:image:width\" content=\"1250\" \/>\n\t<meta property=\"og:image:height\" content=\"833\" \/>\n\t<meta property=\"og:image:type\" content=\"image\/jpeg\" \/>\n<meta name=\"twitter:card\" content=\"summary_large_image\" \/>\n<meta name=\"twitter:site\" content=\"@ticaretedutr\" \/>\n<meta name=\"twitter:label1\" content=\"Tahmini okuma s\u00fcresi\" \/>\n\t<meta name=\"twitter:data1\" content=\"1 dakika\" \/>\n<script type=\"application\/ld+json\" class=\"yoast-schema-graph\">{\"@context\":\"https:\/\/schema.org\",\"@graph\":[{\"@type\":\"WebPage\",\"@id\":\"https:\/\/ticaret.edu.tr\/ic-mimarlik-ve-cevre-tasarimi\/staj\/\",\"url\":\"https:\/\/ticaret.edu.tr\/ic-mimarlik-ve-cevre-tasarimi\/staj\/\",\"name\":\"STAJ - \u0130\u00e7 Mimarl\u0131k ve \u00c7evre Tasar\u0131m\u0131\",\"isPartOf\":{\"@id\":\"http:\/\/ticaret.edu.tr\/ic-mimarlik-ve-cevre-tasarimi\/en\/#website\"},\"datePublished\":\"2022-06-14T09:56:11+00:00\",\"dateModified\":\"2025-10-20T09:39:44+00:00\",\"breadcrumb\":{\"@id\":\"https:\/\/ticaret.edu.tr\/ic-mimarlik-ve-cevre-tasarimi\/staj\/#breadcrumb\"},\"inLanguage\":\"tr\",\"potentialAction\":[{\"@type\":\"ReadAction\",\"target\":[\"https:\/\/ticaret.edu.tr\/ic-mimarlik-ve-cevre-tasarimi\/staj\/\"]}]},{\"@type\":\"BreadcrumbList\",\"@id\":\"https:\/\/ticaret.edu.tr\/ic-mimarlik-ve-cevre-tasarimi\/staj\/#breadcrumb\",\"itemListElement\":[{\"@type\":\"ListItem\",\"position\":1,\"name\":\"Ana sayfa\",\"item\":\"http:\/\/ticaret.edu.tr\/ic-mimarlik-ve-cevre-tasarimi\/\"},{\"@type\":\"ListItem\",\"position\":2,\"name\":\"STAJ\"}]},{\"@type\":\"WebSite\",\"@id\":\"http:\/\/ticaret.edu.tr\/ic-mimarlik-ve-cevre-tasarimi\/en\/#website\",\"url\":\"http:\/\/ticaret.edu.tr\/ic-mimarlik-ve-cevre-tasarimi\/en\/\",\"name\":\"\u0130\u00e7 Mimarl\u0131k ve \u00c7evre Tasar\u0131m\u0131\",\"description\":\"\",\"potentialAction\":[{\"@type\":\"SearchAction\",\"target\":{\"@type\":\"EntryPoint\",\"urlTemplate\":\"http:\/\/ticaret.edu.tr\/ic-mimarlik-ve-cevre-tasarimi\/en\/?s={search_term_string}\"},\"query-input\":\"required name=search_term_string\"}],\"inLanguage\":\"tr\"}]}<\/script>\n<!-- \/ Yoast SEO Premium plugin. -->","yoast_head_json":{"title":"STAJ - \u0130\u00e7 Mimarl\u0131k ve \u00c7evre Tasar\u0131m\u0131","robots":{"index":"index","follow":"follow","max-snippet":"max-snippet:-1","max-image-preview":"max-image-preview:large","max-video-preview":"max-video-preview:-1"},"canonical":"https:\/\/ticaret.edu.tr\/ic-mimarlik-ve-cevre-tasarimi\/staj\/","og_locale":"tr_TR","og_type":"article","og_title":"STAJ","og_description":"B\u00f6l\u00fcm\u00fcm\u00fczde 2 adet zorunlu staj bulunmaktad\u0131r. 1- \u015eantiye staj\u0131 (30 g\u00fcn) &#8211; 2. s\u0131n\u0131f\u0131n sonunda yaz d\u00f6neminde 2- Ofis staj\u0131 (30 g\u00fcn) &#8211; 3. s\u0131n\u0131f\u0131n sonunda yaz d\u00f6neminde \u0130lgili duyurular b\u00f6l\u00fcm ileti\u015fim kanallar\u0131, web sitesi ve duyuru panolar\u0131nda yay\u0131nlan\u0131r. Yaz d\u00f6neminde yap\u0131lan stajlar i\u00e7in ba\u015fvurular May\u0131s -Temmuz aras\u0131nda al\u0131n\u0131r. \u0130lgili t\u00fcm s\u00fcre\u00e7lere dair detayl\u0131 bilgi [&hellip;]","og_url":"https:\/\/ticaret.edu.tr\/ic-mimarlik-ve-cevre-tasarimi\/staj\/","og_site_name":"\u0130\u00e7 Mimarl\u0131k ve \u00c7evre Tasar\u0131m\u0131","article_publisher":"https:\/\/www.facebook.com\/ticaretedutr","article_modified_time":"2025-10-20T09:39:44+00:00","og_image":[{"width":1250,"height":833,"url":"http:\/\/ticaret.edu.tr\/ic-mimarlik-ve-cevre-tasarimi\/wp-content\/uploads\/sites\/24\/2021\/11\/web_logo-01.jpg","type":"image\/jpeg"}],"twitter_card":"summary_large_image","twitter_site":"@ticaretedutr","twitter_misc":{"Tahmini okuma s\u00fcresi":"1 dakika"},"schema":{"@context":"https:\/\/schema.org","@graph":[{"@type":"WebPage","@id":"https:\/\/ticaret.edu.tr\/ic-mimarlik-ve-cevre-tasarimi\/staj\/","url":"https:\/\/ticaret.edu.tr\/ic-mimarlik-ve-cevre-tasarimi\/staj\/","name":"STAJ - \u0130\u00e7 Mimarl\u0131k ve \u00c7evre Tasar\u0131m\u0131","isPartOf":{"@id":"http:\/\/ticaret.edu.tr\/ic-mimarlik-ve-cevre-tasarimi\/en\/#website"},"datePublished":"2022-06-14T09:56:11+00:00","dateModified":"2025-10-20T09:39:44+00:00","breadcrumb":{"@id":"https:\/\/ticaret.edu.tr\/ic-mimarlik-ve-cevre-tasarimi\/staj\/#breadcrumb"},"inLanguage":"tr","potentialAction":[{"@type":"ReadAction","target":["https:\/\/ticaret.edu.tr\/ic-mimarlik-ve-cevre-tasarimi\/staj\/"]}]},{"@type":"BreadcrumbList","@id":"https:\/\/ticaret.edu.tr\/ic-mimarlik-ve-cevre-tasarimi\/staj\/#breadcrumb","itemListElement":[{"@type":"ListItem","position":1,"name":"Ana sayfa","item":"http:\/\/ticaret.edu.tr\/ic-mimarlik-ve-cevre-tasarimi\/"},{"@type":"ListItem","position":2,"name":"STAJ"}]},{"@type":"WebSite","@id":"http:\/\/ticaret.edu.tr\/ic-mimarlik-ve-cevre-tasarimi\/en\/#website","url":"http:\/\/ticaret.edu.tr\/ic-mimarlik-ve-cevre-tasarimi\/en\/","name":"\u0130\u00e7 Mimarl\u0131k ve \u00c7evre Tasar\u0131m\u0131","description":"","potentialAction":[{"@type":"SearchAction","target":{"@type":"EntryPoint","urlTemplate":"http:\/\/ticaret.edu.tr\/ic-mimarlik-ve-cevre-tasarimi\/en\/?s={search_term_string}"},"query-input":"required name=search_term_string"}],"inLanguage":"tr"}]}},"lang":"tr","translations":{"tr":542,"en":1127},"pll_sync_post":[],"_links":{"self":[{"href":"http:\/\/ticaret.edu.tr\/ic-mimarlik-ve-cevre-tasarimi\/wp-json\/wp\/v2\/pages\/542"}],"collection":[{"href":"http:\/\/ticaret.edu.tr\/ic-mimarlik-ve-cevre-tasarimi\/wp-json\/wp\/v2\/pages"}],"about":[{"href":"http:\/\/ticaret.edu.tr\/ic-mimarlik-ve-cevre-tasarimi\/wp-json\/wp\/v2\/types\/page"}],"author":[{"embeddable":true,"href":"http:\/\/ticaret.edu.tr\/ic-mimarlik-ve-cevre-tasarimi\/wp-json\/wp\/v2\/users\/21"}],"replies":[{"embeddable":true,"href":"http:\/\/ticaret.edu.tr\/ic-mimarlik-ve-cevre-tasarimi\/wp-json\/wp\/v2\/comments?post=542"}],"version-history":[{"count":7,"href":"http:\/\/ticaret.edu.tr\/ic-mimarlik-ve-cevre-tasarimi\/wp-json\/wp\/v2\/pages\/542\/revisions"}],"predecessor-version":[{"id":1445,"href":"http:\/\/ticaret.edu.tr\/ic-mimarlik-ve-cevre-tasarimi\/wp-json\/wp\/v2\/pages\/542\/revisions\/1445"}],"wp:attachment":[{"href":"http:\/\/ticaret.edu.tr\/ic-mimarlik-ve-cevre-tasarimi\/wp-json\/wp\/v2\/media?parent=542"}],"curies":[{"name":"wp","href":"https:\/\/api.w.org\/{rel}","templated":true}]}}