{"id":951,"date":"2025-01-26T13:38:28","date_gmt":"2025-01-26T10:38:28","guid":{"rendered":"https:\/\/ticaret.edu.tr\/ic-mimarlik-ve-cevre-tasarimi\/?page_id=951"},"modified":"2025-10-21T14:45:57","modified_gmt":"2025-10-21T11:45:57","slug":"aday-ogrenci","status":"publish","type":"page","link":"http:\/\/ticaret.edu.tr\/ic-mimarlik-ve-cevre-tasarimi\/aday-ogrenci\/","title":{"rendered":"Aday \u00d6\u011frenci"},"content":{"rendered":"<p>\u0130\u00e7 Mimarl\u0131k ve \u00c7evre Tasar\u0131m\u0131 B\u00f6l\u00fcm\u00fc, insan odakl\u0131, estetik ve i\u015flevsel ya\u015fam alanlar\u0131 tasarlayabilen, \u00e7evresel duyarl\u0131l\u0131\u011f\u0131 y\u00fcksek, yarat\u0131c\u0131 ve \u00e7\u00f6z\u00fcm odakl\u0131 i\u00e7 mimarlar yeti\u015ftirmeyi ama\u00e7lamaktad\u0131r. Bu disiplin, i\u00e7 mek\u00e2n tasar\u0131m\u0131 ile \u00e7evre d\u00fczenlemesini bir b\u00fct\u00fcn olarak ele al\u0131r; bireylerin ihtiya\u00e7lar\u0131na, mekan\u0131n i\u015flevine ve estetik de\u011ferlere uygun \u00e7\u00f6z\u00fcmler \u00fcretir.<\/p>\n<p>B\u00f6l\u00fcm\u00fcm\u00fcz, i\u00e7 mimarl\u0131k, tasar\u0131m, ergonomi, yap\u0131, malzeme bilgisi, yap\u0131 fizi\u011fi, sanat tarihi ve s\u00fcrd\u00fcr\u00fclebilirlik gibi \u00e7ok disiplinli bir bak\u0131\u015f a\u00e7\u0131s\u0131yla \u015fekillendirilmi\u015f zengin bir m\u00fcfredat sunmaktad\u0131r. \u00d6\u011frencilerimiz, hem teorik bilgi hem de uygulama becerilerini geli\u015ftirebilecekleri st\u00fcdyo \u00e7al\u0131\u015fmalar\u0131, teknik \u00e7izim, 3D modelleme ve dijital tasar\u0131m dersleriyle donan\u0131ml\u0131 hale gelirler. Ayn\u0131 zamanda, \u00e7evresel ve toplumsal sorumluluk bilinciyle, ya\u015fanabilir ve s\u00fcrd\u00fcr\u00fclebilir mekanlar tasarlamalar\u0131 te\u015fvik edilir.<\/p>\n<p>Mezunlar\u0131m\u0131z, i\u00e7 mimarl\u0131k ofislerinde, mimarl\u0131k ve m\u00fchendislik firmalar\u0131nda, mobilya ve yap\u0131 sekt\u00f6r\u00fc \u015firketlerinde, sahne ve fuar tasar\u0131m\u0131 gibi farkl\u0131 alanlarda ba\u015far\u0131l\u0131 kariyerler s\u00fcrd\u00fcrebilir. Ayr\u0131ca, akademik kariyer yapmak isteyen mezunlar lisans\u00fcst\u00fc e\u011fitimlerine y\u00f6nelebilir.<\/p>\n<p>\u0130\u00e7 Mimarl\u0131k ve \u00c7evre Tasar\u0131m\u0131 B\u00f6l\u00fcm\u00fcm\u00fcz, sadece mekanlar\u0131 de\u011fil, ayn\u0131 zamanda ya\u015fam bi\u00e7imlerini de d\u00f6n\u00fc\u015ft\u00fcrmeyi hedefleyen bir vizyonla yola \u00e7\u0131kmaktad\u0131r. Yarat\u0131c\u0131l\u0131\u011f\u0131n\u0131 toplumun ihtiya\u00e7lar\u0131yla bulu\u015fturmak isteyen adaylar\u0131 bu heyecan verici yolculu\u011fa davet ediyoruz.<\/p>\n","protected":false},"excerpt":{"rendered":"<p>\u0130\u00e7 Mimarl\u0131k ve \u00c7evre Tasar\u0131m\u0131 B\u00f6l\u00fcm\u00fc, insan odakl\u0131, estetik ve i\u015flevsel ya\u015fam alanlar\u0131 tasarlayabilen, \u00e7evresel duyarl\u0131l\u0131\u011f\u0131 y\u00fcksek, yarat\u0131c\u0131 ve \u00e7\u00f6z\u00fcm odakl\u0131 i\u00e7 mimarlar yeti\u015ftirmeyi ama\u00e7lamaktad\u0131r. Bu disiplin, i\u00e7 mek\u00e2n tasar\u0131m\u0131 ile \u00e7evre d\u00fczenlemesini bir b\u00fct\u00fcn olarak ele al\u0131r; bireylerin ihtiya\u00e7lar\u0131na, mekan\u0131n i\u015flevine ve estetik de\u011ferlere uygun \u00e7\u00f6z\u00fcmler \u00fcretir. B\u00f6l\u00fcm\u00fcm\u00fcz, i\u00e7 mimarl\u0131k, tasar\u0131m, ergonomi, yap\u0131, malzeme [&hellip;]<\/p>\n","protected":false},"author":224,"featured_media":0,"parent":0,"menu_order":0,"comment_status":"closed","ping_status":"closed","template":"genel_sayfa.php","meta":{"footnotes":""},"yoast_head":"<!-- This site is optimized with the Yoast SEO Premium plugin v22.1 (Yoast SEO v22.1) - https:\/\/yoast.com\/wordpress\/plugins\/seo\/ -->\n<title>Aday \u00d6\u011frenci - \u0130\u00e7 Mimarl\u0131k ve \u00c7evre Tasar\u0131m\u0131<\/title>\n<meta name=\"robots\" content=\"index, follow, max-snippet:-1, max-image-preview:large, max-video-preview:-1\" \/>\n<link rel=\"canonical\" href=\"http:\/\/ticaret.edu.tr\/ic-mimarlik-ve-cevre-tasarimi\/aday-ogrenci\/\" \/>\n<meta property=\"og:locale\" content=\"tr_TR\" \/>\n<meta property=\"og:type\" content=\"article\" \/>\n<meta property=\"og:title\" content=\"Aday \u00d6\u011frenci\" \/>\n<meta property=\"og:description\" content=\"\u0130\u00e7 Mimarl\u0131k ve \u00c7evre Tasar\u0131m\u0131 B\u00f6l\u00fcm\u00fc, insan odakl\u0131, estetik ve i\u015flevsel ya\u015fam alanlar\u0131 tasarlayabilen, \u00e7evresel duyarl\u0131l\u0131\u011f\u0131 y\u00fcksek, yarat\u0131c\u0131 ve \u00e7\u00f6z\u00fcm odakl\u0131 i\u00e7 mimarlar yeti\u015ftirmeyi ama\u00e7lamaktad\u0131r. Bu disiplin, i\u00e7 mek\u00e2n tasar\u0131m\u0131 ile \u00e7evre d\u00fczenlemesini bir b\u00fct\u00fcn olarak ele al\u0131r; bireylerin ihtiya\u00e7lar\u0131na, mekan\u0131n i\u015flevine ve estetik de\u011ferlere uygun \u00e7\u00f6z\u00fcmler \u00fcretir. B\u00f6l\u00fcm\u00fcm\u00fcz, i\u00e7 mimarl\u0131k, tasar\u0131m, ergonomi, yap\u0131, malzeme [&hellip;]\" \/>\n<meta property=\"og:url\" content=\"http:\/\/ticaret.edu.tr\/ic-mimarlik-ve-cevre-tasarimi\/aday-ogrenci\/\" \/>\n<meta property=\"og:site_name\" content=\"\u0130\u00e7 Mimarl\u0131k ve \u00c7evre Tasar\u0131m\u0131\" \/>\n<meta property=\"article:publisher\" content=\"https:\/\/www.facebook.com\/ticaretedutr\" \/>\n<meta property=\"article:modified_time\" content=\"2025-10-21T11:45:57+00:00\" \/>\n<meta property=\"og:image\" content=\"http:\/\/ticaret.edu.tr\/ic-mimarlik-ve-cevre-tasarimi\/wp-content\/uploads\/sites\/24\/2021\/11\/web_logo-01.jpg\" \/>\n\t<meta property=\"og:image:width\" content=\"1250\" \/>\n\t<meta property=\"og:image:height\" content=\"833\" \/>\n\t<meta property=\"og:image:type\" content=\"image\/jpeg\" \/>\n<meta name=\"twitter:card\" content=\"summary_large_image\" \/>\n<meta name=\"twitter:site\" content=\"@ticaretedutr\" \/>\n<meta name=\"twitter:label1\" content=\"Tahmini okuma s\u00fcresi\" \/>\n\t<meta name=\"twitter:data1\" content=\"2 dakika\" \/>\n<script type=\"application\/ld+json\" class=\"yoast-schema-graph\">{\"@context\":\"https:\/\/schema.org\",\"@graph\":[{\"@type\":\"WebPage\",\"@id\":\"http:\/\/ticaret.edu.tr\/ic-mimarlik-ve-cevre-tasarimi\/aday-ogrenci\/\",\"url\":\"http:\/\/ticaret.edu.tr\/ic-mimarlik-ve-cevre-tasarimi\/aday-ogrenci\/\",\"name\":\"Aday \u00d6\u011frenci - \u0130\u00e7 Mimarl\u0131k ve \u00c7evre Tasar\u0131m\u0131\",\"isPartOf\":{\"@id\":\"http:\/\/ticaret.edu.tr\/ic-mimarlik-ve-cevre-tasarimi\/en\/#website\"},\"datePublished\":\"2025-01-26T10:38:28+00:00\",\"dateModified\":\"2025-10-21T11:45:57+00:00\",\"breadcrumb\":{\"@id\":\"http:\/\/ticaret.edu.tr\/ic-mimarlik-ve-cevre-tasarimi\/aday-ogrenci\/#breadcrumb\"},\"inLanguage\":\"tr\",\"potentialAction\":[{\"@type\":\"ReadAction\",\"target\":[\"http:\/\/ticaret.edu.tr\/ic-mimarlik-ve-cevre-tasarimi\/aday-ogrenci\/\"]}]},{\"@type\":\"BreadcrumbList\",\"@id\":\"http:\/\/ticaret.edu.tr\/ic-mimarlik-ve-cevre-tasarimi\/aday-ogrenci\/#breadcrumb\",\"itemListElement\":[{\"@type\":\"ListItem\",\"position\":1,\"name\":\"Ana sayfa\",\"item\":\"http:\/\/ticaret.edu.tr\/ic-mimarlik-ve-cevre-tasarimi\/\"},{\"@type\":\"ListItem\",\"position\":2,\"name\":\"Aday \u00d6\u011frenci\"}]},{\"@type\":\"WebSite\",\"@id\":\"http:\/\/ticaret.edu.tr\/ic-mimarlik-ve-cevre-tasarimi\/en\/#website\",\"url\":\"http:\/\/ticaret.edu.tr\/ic-mimarlik-ve-cevre-tasarimi\/en\/\",\"name\":\"\u0130\u00e7 Mimarl\u0131k ve \u00c7evre Tasar\u0131m\u0131\",\"description\":\"\",\"potentialAction\":[{\"@type\":\"SearchAction\",\"target\":{\"@type\":\"EntryPoint\",\"urlTemplate\":\"http:\/\/ticaret.edu.tr\/ic-mimarlik-ve-cevre-tasarimi\/en\/?s={search_term_string}\"},\"query-input\":\"required name=search_term_string\"}],\"inLanguage\":\"tr\"}]}<\/script>\n<!-- \/ Yoast SEO Premium plugin. -->","yoast_head_json":{"title":"Aday \u00d6\u011frenci - \u0130\u00e7 Mimarl\u0131k ve \u00c7evre Tasar\u0131m\u0131","robots":{"index":"index","follow":"follow","max-snippet":"max-snippet:-1","max-image-preview":"max-image-preview:large","max-video-preview":"max-video-preview:-1"},"canonical":"http:\/\/ticaret.edu.tr\/ic-mimarlik-ve-cevre-tasarimi\/aday-ogrenci\/","og_locale":"tr_TR","og_type":"article","og_title":"Aday \u00d6\u011frenci","og_description":"\u0130\u00e7 Mimarl\u0131k ve \u00c7evre Tasar\u0131m\u0131 B\u00f6l\u00fcm\u00fc, insan odakl\u0131, estetik ve i\u015flevsel ya\u015fam alanlar\u0131 tasarlayabilen, \u00e7evresel duyarl\u0131l\u0131\u011f\u0131 y\u00fcksek, yarat\u0131c\u0131 ve \u00e7\u00f6z\u00fcm odakl\u0131 i\u00e7 mimarlar yeti\u015ftirmeyi ama\u00e7lamaktad\u0131r. Bu disiplin, i\u00e7 mek\u00e2n tasar\u0131m\u0131 ile \u00e7evre d\u00fczenlemesini bir b\u00fct\u00fcn olarak ele al\u0131r; bireylerin ihtiya\u00e7lar\u0131na, mekan\u0131n i\u015flevine ve estetik de\u011ferlere uygun \u00e7\u00f6z\u00fcmler \u00fcretir. B\u00f6l\u00fcm\u00fcm\u00fcz, i\u00e7 mimarl\u0131k, tasar\u0131m, ergonomi, yap\u0131, malzeme [&hellip;]","og_url":"http:\/\/ticaret.edu.tr\/ic-mimarlik-ve-cevre-tasarimi\/aday-ogrenci\/","og_site_name":"\u0130\u00e7 Mimarl\u0131k ve \u00c7evre Tasar\u0131m\u0131","article_publisher":"https:\/\/www.facebook.com\/ticaretedutr","article_modified_time":"2025-10-21T11:45:57+00:00","og_image":[{"width":1250,"height":833,"url":"http:\/\/ticaret.edu.tr\/ic-mimarlik-ve-cevre-tasarimi\/wp-content\/uploads\/sites\/24\/2021\/11\/web_logo-01.jpg","type":"image\/jpeg"}],"twitter_card":"summary_large_image","twitter_site":"@ticaretedutr","twitter_misc":{"Tahmini okuma s\u00fcresi":"2 dakika"},"schema":{"@context":"https:\/\/schema.org","@graph":[{"@type":"WebPage","@id":"http:\/\/ticaret.edu.tr\/ic-mimarlik-ve-cevre-tasarimi\/aday-ogrenci\/","url":"http:\/\/ticaret.edu.tr\/ic-mimarlik-ve-cevre-tasarimi\/aday-ogrenci\/","name":"Aday \u00d6\u011frenci - \u0130\u00e7 Mimarl\u0131k ve \u00c7evre Tasar\u0131m\u0131","isPartOf":{"@id":"http:\/\/ticaret.edu.tr\/ic-mimarlik-ve-cevre-tasarimi\/en\/#website"},"datePublished":"2025-01-26T10:38:28+00:00","dateModified":"2025-10-21T11:45:57+00:00","breadcrumb":{"@id":"http:\/\/ticaret.edu.tr\/ic-mimarlik-ve-cevre-tasarimi\/aday-ogrenci\/#breadcrumb"},"inLanguage":"tr","potentialAction":[{"@type":"ReadAction","target":["http:\/\/ticaret.edu.tr\/ic-mimarlik-ve-cevre-tasarimi\/aday-ogrenci\/"]}]},{"@type":"BreadcrumbList","@id":"http:\/\/ticaret.edu.tr\/ic-mimarlik-ve-cevre-tasarimi\/aday-ogrenci\/#breadcrumb","itemListElement":[{"@type":"ListItem","position":1,"name":"Ana sayfa","item":"http:\/\/ticaret.edu.tr\/ic-mimarlik-ve-cevre-tasarimi\/"},{"@type":"ListItem","position":2,"name":"Aday \u00d6\u011frenci"}]},{"@type":"WebSite","@id":"http:\/\/ticaret.edu.tr\/ic-mimarlik-ve-cevre-tasarimi\/en\/#website","url":"http:\/\/ticaret.edu.tr\/ic-mimarlik-ve-cevre-tasarimi\/en\/","name":"\u0130\u00e7 Mimarl\u0131k ve \u00c7evre Tasar\u0131m\u0131","description":"","potentialAction":[{"@type":"SearchAction","target":{"@type":"EntryPoint","urlTemplate":"http:\/\/ticaret.edu.tr\/ic-mimarlik-ve-cevre-tasarimi\/en\/?s={search_term_string}"},"query-input":"required name=search_term_string"}],"inLanguage":"tr"}]}},"lang":"tr","translations":{"tr":951,"en":954},"pll_sync_post":[],"_links":{"self":[{"href":"http:\/\/ticaret.edu.tr\/ic-mimarlik-ve-cevre-tasarimi\/wp-json\/wp\/v2\/pages\/951"}],"collection":[{"href":"http:\/\/ticaret.edu.tr\/ic-mimarlik-ve-cevre-tasarimi\/wp-json\/wp\/v2\/pages"}],"about":[{"href":"http:\/\/ticaret.edu.tr\/ic-mimarlik-ve-cevre-tasarimi\/wp-json\/wp\/v2\/types\/page"}],"author":[{"embeddable":true,"href":"http:\/\/ticaret.edu.tr\/ic-mimarlik-ve-cevre-tasarimi\/wp-json\/wp\/v2\/users\/224"}],"replies":[{"embeddable":true,"href":"http:\/\/ticaret.edu.tr\/ic-mimarlik-ve-cevre-tasarimi\/wp-json\/wp\/v2\/comments?post=951"}],"version-history":[{"count":3,"href":"http:\/\/ticaret.edu.tr\/ic-mimarlik-ve-cevre-tasarimi\/wp-json\/wp\/v2\/pages\/951\/revisions"}],"predecessor-version":[{"id":1492,"href":"http:\/\/ticaret.edu.tr\/ic-mimarlik-ve-cevre-tasarimi\/wp-json\/wp\/v2\/pages\/951\/revisions\/1492"}],"wp:attachment":[{"href":"http:\/\/ticaret.edu.tr\/ic-mimarlik-ve-cevre-tasarimi\/wp-json\/wp\/v2\/media?parent=951"}],"curies":[{"name":"wp","href":"https:\/\/api.w.org\/{rel}","templated":true}]}}