{"id":969,"date":"2025-01-26T13:49:28","date_gmt":"2025-01-26T10:49:28","guid":{"rendered":"https:\/\/ticaret.edu.tr\/ic-mimarlik-ve-cevre-tasarimi\/?page_id=969"},"modified":"2025-10-20T12:53:02","modified_gmt":"2025-10-20T09:53:02","slug":"ogrenci-danismanlari","status":"publish","type":"page","link":"http:\/\/ticaret.edu.tr\/ic-mimarlik-ve-cevre-tasarimi\/ogrenci-danismanlari\/","title":{"rendered":"\u00d6\u011frenci Dan\u0131\u015fmanlar\u0131"},"content":{"rendered":"<p>Akademik takvimde ilan edilen ders se\u00e7im haftas\u0131nda \u00f6\u011frenciler d\u00f6nem m\u00fcfredat\u0131na g\u00f6re derslerini sistem \u00fczerinden se\u00e7erek ilgili dan\u0131\u015fman\u0131na iletmektedir. Dan\u0131\u015fman, \u00f6\u011frencinin d\u00f6nemi ve akademik ge\u00e7mi\u015fini dikkate alarak onay veya ret vermektedir. Ders Ekleme-B\u0131rakma Haftas\u0131nda ise \u00f6\u011frencinin se\u00e7ti\u011fi dersler dan\u0131\u015fma taraf\u0131ndan incelenmekte ve eklemeye veya b\u0131rakma i\u015flemleri yap\u0131lmaktad\u0131r. \u00d6\u011frenci, d\u00f6nem m\u00fcfredat\u0131na g\u00f6re derslerini yeniden se\u00e7ip ya da b\u0131rakarak dan\u0131\u015fman\u0131na iletmektedir. Dan\u0131\u015fman\u0131n g\u00f6nderdi\u011fi uyar\u0131 notuna g\u00f6re \u00f6\u011frenci derslerini do\u011fru bir \u015fekilde tekrar d\u00fczenleyerek dan\u0131\u015fman\u0131na g\u00f6ndermesi gerekmektedir. Son olarak, dan\u0131\u015fman \u00f6\u011frencinin d\u00f6nem bilgileri ve akademik ge\u00e7mi\u015fini de\u011ferlendirerek ekleme ve b\u0131rakma i\u015flemlerini onaylamakta ve s\u00fcre\u00e7 tamamlanmaktad\u0131r. 2024-2025 E\u011fitim \u00d6\u011fretim y\u0131l\u0131nda \u0130\u00e7 Mimarl\u0131k ve \u00c7evre Tasar\u0131m\u0131 B\u00f6l\u00fcm\u00fc T\u00fcrk\u00e7e Program\u0131\u2019nda dan\u0131\u015fmanl\u0131k yapan \u00f6\u011fretim kadromuzun bilgisi ve dan\u0131\u015fmanl\u0131k yapt\u0131\u011f\u0131 \u00f6\u011frenci say\u0131lar\u0131 a\u015fa\u011f\u0131da g\u00f6sterilmi\u015ftir.<\/p>\n<p><img loading=\"lazy\" decoding=\"async\" class=\"alignnone wp-image-1449 size-full\" src=\"http:\/\/ticaret.edu.tr\/ic-mimarlik-ve-cevre-tasarimi\/wp-content\/uploads\/sites\/24\/2025\/10\/Ekran-Resmi-2025-10-20-12.45.11.png\" alt=\"\" width=\"2038\" height=\"320\" srcset=\"http:\/\/ticaret.edu.tr\/ic-mimarlik-ve-cevre-tasarimi\/wp-content\/uploads\/sites\/24\/2025\/10\/Ekran-Resmi-2025-10-20-12.45.11.png 2038w, http:\/\/ticaret.edu.tr\/ic-mimarlik-ve-cevre-tasarimi\/wp-content\/uploads\/sites\/24\/2025\/10\/Ekran-Resmi-2025-10-20-12.45.11-300x47.png 300w, http:\/\/ticaret.edu.tr\/ic-mimarlik-ve-cevre-tasarimi\/wp-content\/uploads\/sites\/24\/2025\/10\/Ekran-Resmi-2025-10-20-12.45.11-1024x161.png 1024w, http:\/\/ticaret.edu.tr\/ic-mimarlik-ve-cevre-tasarimi\/wp-content\/uploads\/sites\/24\/2025\/10\/Ekran-Resmi-2025-10-20-12.45.11-768x121.png 768w, http:\/\/ticaret.edu.tr\/ic-mimarlik-ve-cevre-tasarimi\/wp-content\/uploads\/sites\/24\/2025\/10\/Ekran-Resmi-2025-10-20-12.45.11-1536x241.png 1536w\" sizes=\"(max-width: 2038px) 100vw, 2038px\" \/><\/p>\n<p>&nbsp;<\/p>\n<p>&nbsp;<\/p>\n","protected":false},"excerpt":{"rendered":"<p>Akademik takvimde ilan edilen ders se\u00e7im haftas\u0131nda \u00f6\u011frenciler d\u00f6nem m\u00fcfredat\u0131na g\u00f6re derslerini sistem \u00fczerinden se\u00e7erek ilgili dan\u0131\u015fman\u0131na iletmektedir. Dan\u0131\u015fman, \u00f6\u011frencinin d\u00f6nemi ve akademik ge\u00e7mi\u015fini dikkate alarak onay veya ret vermektedir. Ders Ekleme-B\u0131rakma Haftas\u0131nda ise \u00f6\u011frencinin se\u00e7ti\u011fi dersler dan\u0131\u015fma taraf\u0131ndan incelenmekte ve eklemeye veya b\u0131rakma i\u015flemleri yap\u0131lmaktad\u0131r. \u00d6\u011frenci, d\u00f6nem m\u00fcfredat\u0131na g\u00f6re derslerini yeniden se\u00e7ip ya da [&hellip;]<\/p>\n","protected":false},"author":224,"featured_media":0,"parent":0,"menu_order":0,"comment_status":"closed","ping_status":"closed","template":"genel_sayfa.php","meta":{"footnotes":""},"yoast_head":"<!-- This site is optimized with the Yoast SEO Premium plugin v22.1 (Yoast SEO v22.1) - https:\/\/yoast.com\/wordpress\/plugins\/seo\/ -->\n<title>\u00d6\u011frenci Dan\u0131\u015fmanlar\u0131 - \u0130\u00e7 Mimarl\u0131k ve \u00c7evre Tasar\u0131m\u0131<\/title>\n<meta name=\"robots\" content=\"index, follow, max-snippet:-1, max-image-preview:large, max-video-preview:-1\" \/>\n<link rel=\"canonical\" href=\"http:\/\/ticaret.edu.tr\/ic-mimarlik-ve-cevre-tasarimi\/ogrenci-danismanlari\/\" \/>\n<meta property=\"og:locale\" content=\"tr_TR\" \/>\n<meta property=\"og:type\" content=\"article\" \/>\n<meta property=\"og:title\" content=\"\u00d6\u011frenci Dan\u0131\u015fmanlar\u0131\" \/>\n<meta property=\"og:description\" content=\"Akademik takvimde ilan edilen ders se\u00e7im haftas\u0131nda \u00f6\u011frenciler d\u00f6nem m\u00fcfredat\u0131na g\u00f6re derslerini sistem \u00fczerinden se\u00e7erek ilgili dan\u0131\u015fman\u0131na iletmektedir. Dan\u0131\u015fman, \u00f6\u011frencinin d\u00f6nemi ve akademik ge\u00e7mi\u015fini dikkate alarak onay veya ret vermektedir. Ders Ekleme-B\u0131rakma Haftas\u0131nda ise \u00f6\u011frencinin se\u00e7ti\u011fi dersler dan\u0131\u015fma taraf\u0131ndan incelenmekte ve eklemeye veya b\u0131rakma i\u015flemleri yap\u0131lmaktad\u0131r. \u00d6\u011frenci, d\u00f6nem m\u00fcfredat\u0131na g\u00f6re derslerini yeniden se\u00e7ip ya da [&hellip;]\" \/>\n<meta property=\"og:url\" content=\"http:\/\/ticaret.edu.tr\/ic-mimarlik-ve-cevre-tasarimi\/ogrenci-danismanlari\/\" \/>\n<meta property=\"og:site_name\" content=\"\u0130\u00e7 Mimarl\u0131k ve \u00c7evre Tasar\u0131m\u0131\" \/>\n<meta property=\"article:publisher\" content=\"https:\/\/www.facebook.com\/ticaretedutr\" \/>\n<meta property=\"article:modified_time\" content=\"2025-10-20T09:53:02+00:00\" \/>\n<meta property=\"og:image\" content=\"http:\/\/ticaret.edu.tr\/ic-mimarlik-ve-cevre-tasarimi\/wp-content\/uploads\/sites\/24\/2025\/10\/Ekran-Resmi-2025-10-20-12.45.11.png\" \/>\n<meta name=\"twitter:card\" content=\"summary_large_image\" \/>\n<meta name=\"twitter:site\" content=\"@ticaretedutr\" \/>\n<meta name=\"twitter:label1\" content=\"Tahmini okuma s\u00fcresi\" \/>\n\t<meta name=\"twitter:data1\" content=\"1 dakika\" \/>\n<script type=\"application\/ld+json\" class=\"yoast-schema-graph\">{\"@context\":\"https:\/\/schema.org\",\"@graph\":[{\"@type\":\"WebPage\",\"@id\":\"http:\/\/ticaret.edu.tr\/ic-mimarlik-ve-cevre-tasarimi\/ogrenci-danismanlari\/\",\"url\":\"http:\/\/ticaret.edu.tr\/ic-mimarlik-ve-cevre-tasarimi\/ogrenci-danismanlari\/\",\"name\":\"\u00d6\u011frenci Dan\u0131\u015fmanlar\u0131 - \u0130\u00e7 Mimarl\u0131k ve \u00c7evre Tasar\u0131m\u0131\",\"isPartOf\":{\"@id\":\"http:\/\/ticaret.edu.tr\/ic-mimarlik-ve-cevre-tasarimi\/en\/#website\"},\"datePublished\":\"2025-01-26T10:49:28+00:00\",\"dateModified\":\"2025-10-20T09:53:02+00:00\",\"breadcrumb\":{\"@id\":\"http:\/\/ticaret.edu.tr\/ic-mimarlik-ve-cevre-tasarimi\/ogrenci-danismanlari\/#breadcrumb\"},\"inLanguage\":\"tr\",\"potentialAction\":[{\"@type\":\"ReadAction\",\"target\":[\"http:\/\/ticaret.edu.tr\/ic-mimarlik-ve-cevre-tasarimi\/ogrenci-danismanlari\/\"]}]},{\"@type\":\"BreadcrumbList\",\"@id\":\"http:\/\/ticaret.edu.tr\/ic-mimarlik-ve-cevre-tasarimi\/ogrenci-danismanlari\/#breadcrumb\",\"itemListElement\":[{\"@type\":\"ListItem\",\"position\":1,\"name\":\"Ana sayfa\",\"item\":\"http:\/\/ticaret.edu.tr\/ic-mimarlik-ve-cevre-tasarimi\/\"},{\"@type\":\"ListItem\",\"position\":2,\"name\":\"\u00d6\u011frenci Dan\u0131\u015fmanlar\u0131\"}]},{\"@type\":\"WebSite\",\"@id\":\"http:\/\/ticaret.edu.tr\/ic-mimarlik-ve-cevre-tasarimi\/en\/#website\",\"url\":\"http:\/\/ticaret.edu.tr\/ic-mimarlik-ve-cevre-tasarimi\/en\/\",\"name\":\"\u0130\u00e7 Mimarl\u0131k ve \u00c7evre Tasar\u0131m\u0131\",\"description\":\"\",\"potentialAction\":[{\"@type\":\"SearchAction\",\"target\":{\"@type\":\"EntryPoint\",\"urlTemplate\":\"http:\/\/ticaret.edu.tr\/ic-mimarlik-ve-cevre-tasarimi\/en\/?s={search_term_string}\"},\"query-input\":\"required name=search_term_string\"}],\"inLanguage\":\"tr\"}]}<\/script>\n<!-- \/ Yoast SEO Premium plugin. -->","yoast_head_json":{"title":"\u00d6\u011frenci Dan\u0131\u015fmanlar\u0131 - \u0130\u00e7 Mimarl\u0131k ve \u00c7evre Tasar\u0131m\u0131","robots":{"index":"index","follow":"follow","max-snippet":"max-snippet:-1","max-image-preview":"max-image-preview:large","max-video-preview":"max-video-preview:-1"},"canonical":"http:\/\/ticaret.edu.tr\/ic-mimarlik-ve-cevre-tasarimi\/ogrenci-danismanlari\/","og_locale":"tr_TR","og_type":"article","og_title":"\u00d6\u011frenci Dan\u0131\u015fmanlar\u0131","og_description":"Akademik takvimde ilan edilen ders se\u00e7im haftas\u0131nda \u00f6\u011frenciler d\u00f6nem m\u00fcfredat\u0131na g\u00f6re derslerini sistem \u00fczerinden se\u00e7erek ilgili dan\u0131\u015fman\u0131na iletmektedir. Dan\u0131\u015fman, \u00f6\u011frencinin d\u00f6nemi ve akademik ge\u00e7mi\u015fini dikkate alarak onay veya ret vermektedir. Ders Ekleme-B\u0131rakma Haftas\u0131nda ise \u00f6\u011frencinin se\u00e7ti\u011fi dersler dan\u0131\u015fma taraf\u0131ndan incelenmekte ve eklemeye veya b\u0131rakma i\u015flemleri yap\u0131lmaktad\u0131r. \u00d6\u011frenci, d\u00f6nem m\u00fcfredat\u0131na g\u00f6re derslerini yeniden se\u00e7ip ya da [&hellip;]","og_url":"http:\/\/ticaret.edu.tr\/ic-mimarlik-ve-cevre-tasarimi\/ogrenci-danismanlari\/","og_site_name":"\u0130\u00e7 Mimarl\u0131k ve \u00c7evre Tasar\u0131m\u0131","article_publisher":"https:\/\/www.facebook.com\/ticaretedutr","article_modified_time":"2025-10-20T09:53:02+00:00","og_image":[{"url":"http:\/\/ticaret.edu.tr\/ic-mimarlik-ve-cevre-tasarimi\/wp-content\/uploads\/sites\/24\/2025\/10\/Ekran-Resmi-2025-10-20-12.45.11.png"}],"twitter_card":"summary_large_image","twitter_site":"@ticaretedutr","twitter_misc":{"Tahmini okuma s\u00fcresi":"1 dakika"},"schema":{"@context":"https:\/\/schema.org","@graph":[{"@type":"WebPage","@id":"http:\/\/ticaret.edu.tr\/ic-mimarlik-ve-cevre-tasarimi\/ogrenci-danismanlari\/","url":"http:\/\/ticaret.edu.tr\/ic-mimarlik-ve-cevre-tasarimi\/ogrenci-danismanlari\/","name":"\u00d6\u011frenci Dan\u0131\u015fmanlar\u0131 - \u0130\u00e7 Mimarl\u0131k ve \u00c7evre Tasar\u0131m\u0131","isPartOf":{"@id":"http:\/\/ticaret.edu.tr\/ic-mimarlik-ve-cevre-tasarimi\/en\/#website"},"datePublished":"2025-01-26T10:49:28+00:00","dateModified":"2025-10-20T09:53:02+00:00","breadcrumb":{"@id":"http:\/\/ticaret.edu.tr\/ic-mimarlik-ve-cevre-tasarimi\/ogrenci-danismanlari\/#breadcrumb"},"inLanguage":"tr","potentialAction":[{"@type":"ReadAction","target":["http:\/\/ticaret.edu.tr\/ic-mimarlik-ve-cevre-tasarimi\/ogrenci-danismanlari\/"]}]},{"@type":"BreadcrumbList","@id":"http:\/\/ticaret.edu.tr\/ic-mimarlik-ve-cevre-tasarimi\/ogrenci-danismanlari\/#breadcrumb","itemListElement":[{"@type":"ListItem","position":1,"name":"Ana sayfa","item":"http:\/\/ticaret.edu.tr\/ic-mimarlik-ve-cevre-tasarimi\/"},{"@type":"ListItem","position":2,"name":"\u00d6\u011frenci Dan\u0131\u015fmanlar\u0131"}]},{"@type":"WebSite","@id":"http:\/\/ticaret.edu.tr\/ic-mimarlik-ve-cevre-tasarimi\/en\/#website","url":"http:\/\/ticaret.edu.tr\/ic-mimarlik-ve-cevre-tasarimi\/en\/","name":"\u0130\u00e7 Mimarl\u0131k ve \u00c7evre Tasar\u0131m\u0131","description":"","potentialAction":[{"@type":"SearchAction","target":{"@type":"EntryPoint","urlTemplate":"http:\/\/ticaret.edu.tr\/ic-mimarlik-ve-cevre-tasarimi\/en\/?s={search_term_string}"},"query-input":"required name=search_term_string"}],"inLanguage":"tr"}]}},"lang":"tr","translations":{"tr":969,"en":971},"pll_sync_post":[],"_links":{"self":[{"href":"http:\/\/ticaret.edu.tr\/ic-mimarlik-ve-cevre-tasarimi\/wp-json\/wp\/v2\/pages\/969"}],"collection":[{"href":"http:\/\/ticaret.edu.tr\/ic-mimarlik-ve-cevre-tasarimi\/wp-json\/wp\/v2\/pages"}],"about":[{"href":"http:\/\/ticaret.edu.tr\/ic-mimarlik-ve-cevre-tasarimi\/wp-json\/wp\/v2\/types\/page"}],"author":[{"embeddable":true,"href":"http:\/\/ticaret.edu.tr\/ic-mimarlik-ve-cevre-tasarimi\/wp-json\/wp\/v2\/users\/224"}],"replies":[{"embeddable":true,"href":"http:\/\/ticaret.edu.tr\/ic-mimarlik-ve-cevre-tasarimi\/wp-json\/wp\/v2\/comments?post=969"}],"version-history":[{"count":3,"href":"http:\/\/ticaret.edu.tr\/ic-mimarlik-ve-cevre-tasarimi\/wp-json\/wp\/v2\/pages\/969\/revisions"}],"predecessor-version":[{"id":1451,"href":"http:\/\/ticaret.edu.tr\/ic-mimarlik-ve-cevre-tasarimi\/wp-json\/wp\/v2\/pages\/969\/revisions\/1451"}],"wp:attachment":[{"href":"http:\/\/ticaret.edu.tr\/ic-mimarlik-ve-cevre-tasarimi\/wp-json\/wp\/v2\/media?parent=969"}],"curies":[{"name":"wp","href":"https:\/\/api.w.org\/{rel}","templated":true}]}}