{"id":1517,"date":"2025-01-26T19:15:53","date_gmt":"2025-01-26T16:15:53","guid":{"rendered":"https:\/\/ticaret.edu.tr\/iktisat\/?page_id=1517"},"modified":"2025-07-09T12:44:54","modified_gmt":"2025-07-09T09:44:54","slug":"giris-yazisi","status":"publish","type":"page","link":"http:\/\/ticaret.edu.tr\/iktisat\/giris-yazisi\/","title":{"rendered":"Giri\u015f Yaz\u0131s\u0131"},"content":{"rendered":"<p><img loading=\"lazy\" decoding=\"async\" class=\"aligncenter wp-image-1004 size-full\" src=\"http:\/\/ticaret.edu.tr\/iktisat\/wp-content\/uploads\/sites\/9\/2024\/04\/bolum-fotosu-1-scaled.jpg\" alt=\"\" width=\"2560\" height=\"1780\" srcset=\"http:\/\/ticaret.edu.tr\/iktisat\/wp-content\/uploads\/sites\/9\/2024\/04\/bolum-fotosu-1-scaled.jpg 2560w, http:\/\/ticaret.edu.tr\/iktisat\/wp-content\/uploads\/sites\/9\/2024\/04\/bolum-fotosu-1-300x209.jpg 300w, http:\/\/ticaret.edu.tr\/iktisat\/wp-content\/uploads\/sites\/9\/2024\/04\/bolum-fotosu-1-1024x712.jpg 1024w, http:\/\/ticaret.edu.tr\/iktisat\/wp-content\/uploads\/sites\/9\/2024\/04\/bolum-fotosu-1-768x534.jpg 768w, http:\/\/ticaret.edu.tr\/iktisat\/wp-content\/uploads\/sites\/9\/2024\/04\/bolum-fotosu-1-1536x1068.jpg 1536w, http:\/\/ticaret.edu.tr\/iktisat\/wp-content\/uploads\/sites\/9\/2024\/04\/bolum-fotosu-1-2048x1424.jpg 2048w\" sizes=\"(max-width: 2560px) 100vw, 2560px\" \/><\/p>\n<p>\u0130ktisat B\u00f6l\u00fcm\u00fc;<\/p>\n<ul>\n<li>\u0130ktisat biliminin teorik ve felsefi altyap\u0131s\u0131na hakim,<\/li>\n<li>Ekonomik akt\u00f6rlerin davran\u0131\u015flar\u0131n\u0131 analiz edebilen,<\/li>\n<li>Teknolojik d\u00f6n\u00fc\u015f\u00fcm\u00fcn ba\u015f d\u00f6nd\u00fcr\u00fcc\u00fc h\u0131zla ya\u015fand\u0131\u011f\u0131 g\u00fcn\u00fcm\u00fcz d\u00fcnyas\u0131nda iktisadi geli\u015fmeleri iyi okuyabilen ve ona y\u00f6n verebilmek i\u00e7in g\u00fcncel teknolojik ara\u00e7 ve y\u00f6ntemlerle iktisadi analizler yapabilen,<\/li>\n<li>Mikro ve makro ekonomik s\u00fcre\u00e7lerin ulusal ve uluslararas\u0131 d\u00fczeydeki de\u011fi\u015fimlerini takip edebilen,<\/li>\n<li>\u0130ktisadi verileri yorumlayabilen,<\/li>\n<li>\u0130ktisat biliminin politika, tarih, felsefe, hukuk, sosyoloji gibi farkl\u0131 bilim dallar\u0131yla ili\u015fkisini kurarak hayat\u0131 daha iyi anlayabilen<br \/>\nbireyler yeti\u015ftirmeyi ama\u00e7lamaktad\u0131r.<\/li>\n<\/ul>\n<p>B\u00fct\u00fcn bu ama\u00e7lara ula\u015fabilmek i\u00e7in \u00f6\u011frencilerini yirmi birinci y\u00fczy\u0131l\u0131n gerektirdi\u011fi nicel ve nitel bilgi, beceri ve yetkinliklerle donatmaya y\u00f6nelik bir m\u00fcfredat \u00e7er\u00e7evesinde e\u011fitim-\u00f6\u011fretim yapmaktad\u0131r.<\/p>\n<p>D\u00f6rt y\u0131ll\u0131k lisans e\u011fitiminin ilk iki y\u0131l\u0131nda ekonomi bilimine ili\u015fkin temel bilgileri i\u00e7eren derslere, sonraki y\u0131llarda ekonometri, matematik, istatistik, sosyal bilimlerde ara\u015ft\u0131rma y\u00f6ntemleri gibi dersler ile iktisad\u0131n farkl\u0131 boyutlar\u0131 ve di\u011fer bilim dallar\u0131yla kesi\u015fim k\u00fcmesini olu\u015fturan politik iktisat, iktisat tarihi, iktisat sosyolojisi gibi dersler eklenmektedir.<\/p>\n<p>2022 y\u0131l\u0131 itibariyle Sosyal S\u00fcre\u00e7 ve Sistemlerde Yapay Zeka Yo\u011funla\u015fma Program\u0131 (A Program for Concentration in Artificial Intelligence in Social Systems and Processes) projesi kapsam\u0131nda yapay zeka algoritmalar\u0131, programlama, sim\u00fclasyon paradigmalar\u0131 gibi bir dizi dersin de eklenmesiyle, mezunlar\u0131n\u0131n d\u00f6rd\u00fcnc\u00fc sanayi devrimiyle ortaya \u00e7\u0131kan dijital d\u00f6n\u00fc\u015f\u00fcm kar\u015f\u0131s\u0131nda ve yirmi birinci y\u00fczy\u0131l d\u00fcnyas\u0131nda kendilerine yer bulabilmelerini sa\u011flayacak, i\u015flevsel de\u011feri y\u00fcksek, \u201csorun \u00e7\u00f6zme\u201d ve \u201cdurum iyile\u015ftirme\u201d becerileri sa\u011flayan zengin ve yenilik\u00e7i bir m\u00fcfredat olu\u015fturulmu\u015ftur.<\/p>\n<p>\u0130ktisat B\u00f6l\u00fcm\u00fc m\u00fcfredat\u0131nda yer alan dersler ve ders i\u00e7erikleri g\u00fcncellenirken akademisyenlerden, \u00f6zel sekt\u00f6rden ve kamu kesiminden uzman isimlerden olu\u015fan b\u00f6l\u00fcm dan\u0131\u015fma kurulunun \u00f6nerileri ve b\u00f6l\u00fcm \u00f6\u011frencilerinin g\u00f6r\u00fc\u015fleri de dikkate al\u0131nmaktad\u0131r.<\/p>\n<p>Akademik donan\u0131m\u0131n\u0131 b\u00f6l\u00fcmle ili\u015fkili ara\u015ft\u0131rma ve uygulama merkezlerinin projelerine ve b\u00f6l\u00fcm\u00fcn \u00f6\u011frenci toplulu\u011funun d\u00fczenledi\u011fi akademik ve sosyal sorumluluk i\u00e7erikli etkinliklere kat\u0131larak peki\u015ftiren \u0130ktisat b\u00f6l\u00fcm\u00fc \u00f6\u011frencileri b\u00f6ylece giri\u015fimcilik kapasitesi y\u00fcksek, grup \u00e7al\u0131\u015fmas\u0131na yatk\u0131n, ortak de\u011fer \u00fcretebilen ve payla\u015fabilen, proje geli\u015ftirebilen, sorunlarla m\u00fccadele edebilen, \u00e7\u00f6z\u00fcm \u00fcretme kapasiteleri y\u00fcksek bireyler olarak yeti\u015fmektedir.<\/p>\n<p>\u0130ktisat B\u00f6l\u00fcm\u00fc mezunlar\u0131 hem kamuda hem de \u00f6zel sekt\u00f6rde geni\u015f bir istihdam olana\u011f\u0131na sahiptir. Bankalar, yat\u0131r\u0131m \u015firketleri, borsa gibi bankac\u0131l\u0131k sekt\u00f6r\u00fcnde ve sermaye piyasalar\u0131nda faaliyet g\u00f6steren finansal kurulu\u015flarda; Hazine, Maliye Bakanl\u0131\u011f\u0131, Ticaret Bakanl\u0131\u011f\u0131, T\u00fcrkiye \u0130statistik Kurumu (T\u00dc\u0130K), T\u00fcrkiye Cumhuriyet Merkez Bankas\u0131 (TCMB), Bankac\u0131l\u0131k D\u00fczenleme ve Denetleme Kurumu (BDDK), Tasarruf Mevduat\u0131 Sigorta Fonu (TMSF) gibi kamu kurumlar\u0131nda ekonomist, analist, broker, bankac\u0131, m\u00fcfetti\u015f, uzman ve y\u00f6netici pozisyonlar\u0131nda g\u00f6rev alabilirler. Ayr\u0131ca D\u00fcnya Bankas\u0131, Uluslararas\u0131 Para Fonu ve benzeri uluslararas\u0131 kurulu\u015flarda \u00e7al\u0131\u015fma imkan\u0131 bulabilirler. Bas\u0131n-yay\u0131n kurulu\u015flar\u0131nda ekonomi habercili\u011fi, ekonomi programlar\u0131 gibi alanlarda \u00e7al\u0131\u015fabilirler. Gerekli formasyonlar\u0131 tamamlamak suretiyle idari hakim olabilir, ayr\u0131ca kaymakam ve vali gibi kamu b\u00fcrokrasisinde g\u00f6rev alabilirler.<\/p>\n","protected":false},"excerpt":{"rendered":"<p>\u0130ktisat B\u00f6l\u00fcm\u00fc; \u0130ktisat biliminin teorik ve felsefi altyap\u0131s\u0131na hakim, Ekonomik akt\u00f6rlerin davran\u0131\u015flar\u0131n\u0131 analiz edebilen, Teknolojik d\u00f6n\u00fc\u015f\u00fcm\u00fcn ba\u015f d\u00f6nd\u00fcr\u00fcc\u00fc h\u0131zla ya\u015fand\u0131\u011f\u0131 g\u00fcn\u00fcm\u00fcz d\u00fcnyas\u0131nda iktisadi geli\u015fmeleri iyi okuyabilen ve ona y\u00f6n verebilmek i\u00e7in g\u00fcncel teknolojik ara\u00e7 ve y\u00f6ntemlerle iktisadi analizler yapabilen, Mikro ve makro ekonomik s\u00fcre\u00e7lerin ulusal ve uluslararas\u0131 d\u00fczeydeki de\u011fi\u015fimlerini takip edebilen, \u0130ktisadi verileri yorumlayabilen, \u0130ktisat [&hellip;]<\/p>\n","protected":false},"author":139,"featured_media":0,"parent":0,"menu_order":0,"comment_status":"closed","ping_status":"closed","template":"genel_sayfa.php","meta":{"footnotes":""},"yoast_head":"<!-- This site is optimized with the Yoast SEO Premium plugin v22.1 (Yoast SEO v22.1) - https:\/\/yoast.com\/wordpress\/plugins\/seo\/ -->\n<title>Giri\u015f Yaz\u0131s\u0131 - \u0130ktisat<\/title>\n<meta name=\"robots\" content=\"index, follow, max-snippet:-1, max-image-preview:large, max-video-preview:-1\" \/>\n<link rel=\"canonical\" href=\"https:\/\/ticaret.edu.tr\/iktisat\/giris-yazisi\/\" \/>\n<meta property=\"og:locale\" content=\"tr_TR\" \/>\n<meta property=\"og:type\" content=\"article\" \/>\n<meta property=\"og:title\" content=\"Giri\u015f Yaz\u0131s\u0131\" \/>\n<meta property=\"og:description\" content=\"\u0130ktisat B\u00f6l\u00fcm\u00fc; \u0130ktisat biliminin teorik ve felsefi altyap\u0131s\u0131na hakim, Ekonomik akt\u00f6rlerin davran\u0131\u015flar\u0131n\u0131 analiz edebilen, Teknolojik d\u00f6n\u00fc\u015f\u00fcm\u00fcn ba\u015f d\u00f6nd\u00fcr\u00fcc\u00fc h\u0131zla ya\u015fand\u0131\u011f\u0131 g\u00fcn\u00fcm\u00fcz d\u00fcnyas\u0131nda iktisadi geli\u015fmeleri iyi okuyabilen ve ona y\u00f6n verebilmek i\u00e7in g\u00fcncel teknolojik ara\u00e7 ve y\u00f6ntemlerle iktisadi analizler yapabilen, Mikro ve makro ekonomik s\u00fcre\u00e7lerin ulusal ve uluslararas\u0131 d\u00fczeydeki de\u011fi\u015fimlerini takip edebilen, \u0130ktisadi verileri yorumlayabilen, \u0130ktisat [&hellip;]\" \/>\n<meta property=\"og:url\" content=\"https:\/\/ticaret.edu.tr\/iktisat\/giris-yazisi\/\" \/>\n<meta property=\"og:site_name\" content=\"\u0130ktisat\" \/>\n<meta property=\"article:publisher\" content=\"https:\/\/www.facebook.com\/ticaretedutr\" \/>\n<meta property=\"article:modified_time\" content=\"2025-07-09T09:44:54+00:00\" \/>\n<meta property=\"og:image\" content=\"http:\/\/ticaret.edu.tr\/iktisat\/wp-content\/uploads\/sites\/9\/2024\/04\/bolum-fotosu-1-scaled.jpg\" \/>\n<meta name=\"twitter:card\" content=\"summary_large_image\" \/>\n<meta name=\"twitter:site\" content=\"@ticaretedutr\" \/>\n<meta name=\"twitter:label1\" content=\"Tahmini okuma s\u00fcresi\" \/>\n\t<meta name=\"twitter:data1\" content=\"3 dakika\" \/>\n<script type=\"application\/ld+json\" class=\"yoast-schema-graph\">{\"@context\":\"https:\/\/schema.org\",\"@graph\":[{\"@type\":\"WebPage\",\"@id\":\"https:\/\/ticaret.edu.tr\/iktisat\/giris-yazisi\/\",\"url\":\"https:\/\/ticaret.edu.tr\/iktisat\/giris-yazisi\/\",\"name\":\"Giri\u015f Yaz\u0131s\u0131 - \u0130ktisat\",\"isPartOf\":{\"@id\":\"https:\/\/ticaret.edu.tr\/iktisat\/#website\"},\"datePublished\":\"2025-01-26T16:15:53+00:00\",\"dateModified\":\"2025-07-09T09:44:54+00:00\",\"breadcrumb\":{\"@id\":\"https:\/\/ticaret.edu.tr\/iktisat\/giris-yazisi\/#breadcrumb\"},\"inLanguage\":\"tr\",\"potentialAction\":[{\"@type\":\"ReadAction\",\"target\":[\"https:\/\/ticaret.edu.tr\/iktisat\/giris-yazisi\/\"]}]},{\"@type\":\"BreadcrumbList\",\"@id\":\"https:\/\/ticaret.edu.tr\/iktisat\/giris-yazisi\/#breadcrumb\",\"itemListElement\":[{\"@type\":\"ListItem\",\"position\":1,\"name\":\"Ana sayfa\",\"item\":\"https:\/\/ticaret.edu.tr\/iktisat\/\"},{\"@type\":\"ListItem\",\"position\":2,\"name\":\"Giri\u015f Yaz\u0131s\u0131\"}]},{\"@type\":\"WebSite\",\"@id\":\"https:\/\/ticaret.edu.tr\/iktisat\/#website\",\"url\":\"https:\/\/ticaret.edu.tr\/iktisat\/\",\"name\":\"\u0130ktisat\",\"description\":\"\",\"potentialAction\":[{\"@type\":\"SearchAction\",\"target\":{\"@type\":\"EntryPoint\",\"urlTemplate\":\"https:\/\/ticaret.edu.tr\/iktisat\/?s={search_term_string}\"},\"query-input\":\"required name=search_term_string\"}],\"inLanguage\":\"tr\"}]}<\/script>\n<!-- \/ Yoast SEO Premium plugin. -->","yoast_head_json":{"title":"Giri\u015f Yaz\u0131s\u0131 - \u0130ktisat","robots":{"index":"index","follow":"follow","max-snippet":"max-snippet:-1","max-image-preview":"max-image-preview:large","max-video-preview":"max-video-preview:-1"},"canonical":"https:\/\/ticaret.edu.tr\/iktisat\/giris-yazisi\/","og_locale":"tr_TR","og_type":"article","og_title":"Giri\u015f Yaz\u0131s\u0131","og_description":"\u0130ktisat B\u00f6l\u00fcm\u00fc; \u0130ktisat biliminin teorik ve felsefi altyap\u0131s\u0131na hakim, Ekonomik akt\u00f6rlerin davran\u0131\u015flar\u0131n\u0131 analiz edebilen, Teknolojik d\u00f6n\u00fc\u015f\u00fcm\u00fcn ba\u015f d\u00f6nd\u00fcr\u00fcc\u00fc h\u0131zla ya\u015fand\u0131\u011f\u0131 g\u00fcn\u00fcm\u00fcz d\u00fcnyas\u0131nda iktisadi geli\u015fmeleri iyi okuyabilen ve ona y\u00f6n verebilmek i\u00e7in g\u00fcncel teknolojik ara\u00e7 ve y\u00f6ntemlerle iktisadi analizler yapabilen, Mikro ve makro ekonomik s\u00fcre\u00e7lerin ulusal ve uluslararas\u0131 d\u00fczeydeki de\u011fi\u015fimlerini takip edebilen, \u0130ktisadi verileri yorumlayabilen, \u0130ktisat [&hellip;]","og_url":"https:\/\/ticaret.edu.tr\/iktisat\/giris-yazisi\/","og_site_name":"\u0130ktisat","article_publisher":"https:\/\/www.facebook.com\/ticaretedutr","article_modified_time":"2025-07-09T09:44:54+00:00","og_image":[{"url":"http:\/\/ticaret.edu.tr\/iktisat\/wp-content\/uploads\/sites\/9\/2024\/04\/bolum-fotosu-1-scaled.jpg"}],"twitter_card":"summary_large_image","twitter_site":"@ticaretedutr","twitter_misc":{"Tahmini okuma s\u00fcresi":"3 dakika"},"schema":{"@context":"https:\/\/schema.org","@graph":[{"@type":"WebPage","@id":"https:\/\/ticaret.edu.tr\/iktisat\/giris-yazisi\/","url":"https:\/\/ticaret.edu.tr\/iktisat\/giris-yazisi\/","name":"Giri\u015f Yaz\u0131s\u0131 - \u0130ktisat","isPartOf":{"@id":"https:\/\/ticaret.edu.tr\/iktisat\/#website"},"datePublished":"2025-01-26T16:15:53+00:00","dateModified":"2025-07-09T09:44:54+00:00","breadcrumb":{"@id":"https:\/\/ticaret.edu.tr\/iktisat\/giris-yazisi\/#breadcrumb"},"inLanguage":"tr","potentialAction":[{"@type":"ReadAction","target":["https:\/\/ticaret.edu.tr\/iktisat\/giris-yazisi\/"]}]},{"@type":"BreadcrumbList","@id":"https:\/\/ticaret.edu.tr\/iktisat\/giris-yazisi\/#breadcrumb","itemListElement":[{"@type":"ListItem","position":1,"name":"Ana sayfa","item":"https:\/\/ticaret.edu.tr\/iktisat\/"},{"@type":"ListItem","position":2,"name":"Giri\u015f Yaz\u0131s\u0131"}]},{"@type":"WebSite","@id":"https:\/\/ticaret.edu.tr\/iktisat\/#website","url":"https:\/\/ticaret.edu.tr\/iktisat\/","name":"\u0130ktisat","description":"","potentialAction":[{"@type":"SearchAction","target":{"@type":"EntryPoint","urlTemplate":"https:\/\/ticaret.edu.tr\/iktisat\/?s={search_term_string}"},"query-input":"required name=search_term_string"}],"inLanguage":"tr"}]}},"lang":"tr","translations":{"en":1519,"tr":1517},"pll_sync_post":[],"_links":{"self":[{"href":"http:\/\/ticaret.edu.tr\/iktisat\/wp-json\/wp\/v2\/pages\/1517"}],"collection":[{"href":"http:\/\/ticaret.edu.tr\/iktisat\/wp-json\/wp\/v2\/pages"}],"about":[{"href":"http:\/\/ticaret.edu.tr\/iktisat\/wp-json\/wp\/v2\/types\/page"}],"author":[{"embeddable":true,"href":"http:\/\/ticaret.edu.tr\/iktisat\/wp-json\/wp\/v2\/users\/139"}],"replies":[{"embeddable":true,"href":"http:\/\/ticaret.edu.tr\/iktisat\/wp-json\/wp\/v2\/comments?post=1517"}],"version-history":[{"count":3,"href":"http:\/\/ticaret.edu.tr\/iktisat\/wp-json\/wp\/v2\/pages\/1517\/revisions"}],"predecessor-version":[{"id":2056,"href":"http:\/\/ticaret.edu.tr\/iktisat\/wp-json\/wp\/v2\/pages\/1517\/revisions\/2056"}],"wp:attachment":[{"href":"http:\/\/ticaret.edu.tr\/iktisat\/wp-json\/wp\/v2\/media?parent=1517"}],"curies":[{"name":"wp","href":"https:\/\/api.w.org\/{rel}","templated":true}]}}