{"id":1521,"date":"2025-01-26T19:17:05","date_gmt":"2025-01-26T16:17:05","guid":{"rendered":"https:\/\/ticaret.edu.tr\/iktisat\/?page_id=1521"},"modified":"2025-10-21T16:00:14","modified_gmt":"2025-10-21T13:00:14","slug":"aday-ogrenci","status":"publish","type":"page","link":"http:\/\/ticaret.edu.tr\/iktisat\/aday-ogrenci\/","title":{"rendered":"Aday \u00d6\u011frenci"},"content":{"rendered":"<h2>Neden \u0130stanbul Ticaret \u00dcniversitesi \u0130ktisat B\u00f6l\u00fcm\u00fc?<\/h2>\n<p>G\u00fcn\u00fcm\u00fcz d\u00fcnyas\u0131nda ekonomi, bireylerin kararlar\u0131ndan uluslararas\u0131 politikalara kadar her alan\u0131 etkileyen bir bilimdir. \u0130stanbul Ticaret \u00dcniversitesi \u0130ktisat B\u00f6l\u00fcm\u00fc olarak amac\u0131m\u0131z; \u00f6\u011frencilerimizi hem teorik bilgiyle donatmak hem de uygulamal\u0131 analiz becerileri kazand\u0131rarak onlar\u0131 gelece\u011fin ekonomi uzmanlar\u0131 haline getirmektir.<\/p>\n<p>\u0130ktisat e\u011fitimine bizimle ba\u015flayan \u00f6\u011frenciler, mezun olduklar\u0131nda sadece mevcut ekonomik d\u00fczeni anlamakla kalmaz, ayn\u0131 zamanda gelece\u011fi \u015fekillendirecek vizyon sahibi bireyler olarak yeti\u015firler. \u0130ktisat biliminin sundu\u011fu analiz g\u00fcc\u00fcyle d\u00fcnyay\u0131 anlamak ve de\u011fi\u015ftirmek istiyorsan\u0131z, sizi \u0130stanbul Ticaret \u00dcniversitesi \u0130ktisat B\u00f6l\u00fcm\u00fc\u2019ne bekliyoruz. Burada yaln\u0131zca bir diplomaya de\u011fil, k\u00fcresel d\u00fczeyde rekabet edebilecek bilgi, beceri ve vizyona sahip olacaks\u0131n\u0131z.<\/p>\n<h3>G\u00fc\u00e7l\u00fc Akademik Kadro<\/h3>\n<p>Alan\u0131nda uzman, ulusal ve uluslararas\u0131 deneyime sahip \u00f6\u011fretim \u00fcyelerimiz, \u00f6\u011frencilerimize hem sa\u011flam bir teorik temel hem de pratik beceriler kazand\u0131r\u0131r. G\u00fcncel ara\u015ft\u0131rmalarla desteklenen dersler sayesinde, ekonomi biliminin en yeni geli\u015fmelerini takip edebilirsiniz.<\/p>\n<h3>Uluslararas\u0131 F\u0131rsatlar<\/h3>\n<p>\u0130ktisat B\u00f6l\u00fcm\u00fc olarak, \u00f6\u011frencilerimize uluslararas\u0131 akademik deneyim kazand\u0131rmak ve k\u00fcresel \u00f6l\u00e7ekte f\u0131rsatlar sunmak amac\u0131yla Erasmus+ \u00f6\u011frenci de\u011fi\u015fim programlar\u0131n\u0131 desteklemekteyiz. Erasmus+ program\u0131 ile \u00f6\u011frencilerimiz Avrupa\u2019daki partner \u00fcniversitelerde e\u011fitim alabilir ve farkl\u0131 k\u00fclt\u00fcrleri deneyimleyerek akademik geli\u015fimlerine katk\u0131 sa\u011flayabilirler.<\/p>\n<h3>Zengin Kariyer Olanaklar\u0131<\/h3>\n<p>Mezunlar\u0131m\u0131z kamu kurumlar\u0131nda, \u00f6zel sekt\u00f6rde, finans kurulu\u015flar\u0131nda ve uluslararas\u0131 \u00f6rg\u00fctlerde analist, uzman, dan\u0131\u015fman veya akademisyen olarak g\u00f6rev alabilmektedir. M\u00fcfredat\u0131m\u0131z size veri analizi, politika tasar\u0131m\u0131, ekonomik modelleme ve stratejik d\u00fc\u015f\u00fcnme becerileri kazand\u0131r\u0131r.<\/p>\n<h3>Sekt\u00f6rle \u0130\u00e7 \u0130\u00e7e E\u011fitim<\/h3>\n<p>\u0130stanbul Ticaret Odas\u0131\u2019n\u0131n deste\u011fiyle kurulan \u00fcniversitemiz, i\u015f d\u00fcnyas\u0131yla g\u00fc\u00e7l\u00fc ba\u011flara sahiptir. Bu sayede \u00f6\u011frencilerimiz, daha \u00f6\u011frencilik y\u0131llar\u0131ndan itibaren sekt\u00f6r temsilcileriyle bulu\u015fma, staj yapma ve kariyer f\u0131rsatlar\u0131n\u0131 de\u011ferlendirme imk\u00e2n\u0131 bulur.<\/p>\n<h3>\u00d6\u011frenci Ya\u015fam\u0131<\/h3>\n<p>\u0130stanbul\u2019un kalbinde e\u011fitim g\u00f6ren \u00f6\u011frencilerimiz; akademik birimler ve \u00f6\u011frenci topluluklar\u0131 taraf\u0131ndan d\u00fczenlenen ekonomi seminerleri ve kariyer g\u00fcnleri gibi etkinlikler sayesinde sadece akademik de\u011fil k\u00fclt\u00fcrel ve sosyal a\u00e7\u0131dan da zengin bir \u00fcniversite hayat\u0131 ya\u015far.<\/p>\n<p>Aday \u00f6\u011frenci sayfam\u0131z \u00fczerinden mesajlar\u0131n\u0131z\u0131 iletebilirsiniz: <a style=\"color: blue;text-decoration: underline\" href=\"https:\/\/lisansaday.ticaret.edu.tr\/iktisat\/\">\u0130ktisat B\u00f6l\u00fcm\u00fc Aday \u00d6\u011frenci<\/a><\/p>\n","protected":false},"excerpt":{"rendered":"<p>Neden \u0130stanbul Ticaret \u00dcniversitesi \u0130ktisat B\u00f6l\u00fcm\u00fc? G\u00fcn\u00fcm\u00fcz d\u00fcnyas\u0131nda ekonomi, bireylerin kararlar\u0131ndan uluslararas\u0131 politikalara kadar her alan\u0131 etkileyen bir bilimdir. \u0130stanbul Ticaret \u00dcniversitesi \u0130ktisat B\u00f6l\u00fcm\u00fc olarak amac\u0131m\u0131z; \u00f6\u011frencilerimizi hem teorik bilgiyle donatmak hem de uygulamal\u0131 analiz becerileri kazand\u0131rarak onlar\u0131 gelece\u011fin ekonomi uzmanlar\u0131 haline getirmektir. \u0130ktisat e\u011fitimine bizimle ba\u015flayan \u00f6\u011frenciler, mezun olduklar\u0131nda sadece mevcut ekonomik d\u00fczeni anlamakla [&hellip;]<\/p>\n","protected":false},"author":139,"featured_media":0,"parent":0,"menu_order":0,"comment_status":"closed","ping_status":"closed","template":"genel_sayfa.php","meta":{"footnotes":""},"yoast_head":"<!-- This site is optimized with the Yoast SEO Premium plugin v22.1 (Yoast SEO v22.1) - https:\/\/yoast.com\/wordpress\/plugins\/seo\/ -->\n<title>Aday \u00d6\u011frenci - \u0130ktisat<\/title>\n<meta name=\"robots\" content=\"index, follow, max-snippet:-1, max-image-preview:large, max-video-preview:-1\" \/>\n<link rel=\"canonical\" href=\"https:\/\/ticaret.edu.tr\/iktisat\/aday-ogrenci\/\" \/>\n<meta property=\"og:locale\" content=\"tr_TR\" \/>\n<meta property=\"og:type\" content=\"article\" \/>\n<meta property=\"og:title\" content=\"Aday \u00d6\u011frenci\" \/>\n<meta property=\"og:description\" content=\"Neden \u0130stanbul Ticaret \u00dcniversitesi \u0130ktisat B\u00f6l\u00fcm\u00fc? G\u00fcn\u00fcm\u00fcz d\u00fcnyas\u0131nda ekonomi, bireylerin kararlar\u0131ndan uluslararas\u0131 politikalara kadar her alan\u0131 etkileyen bir bilimdir. \u0130stanbul Ticaret \u00dcniversitesi \u0130ktisat B\u00f6l\u00fcm\u00fc olarak amac\u0131m\u0131z; \u00f6\u011frencilerimizi hem teorik bilgiyle donatmak hem de uygulamal\u0131 analiz becerileri kazand\u0131rarak onlar\u0131 gelece\u011fin ekonomi uzmanlar\u0131 haline getirmektir. \u0130ktisat e\u011fitimine bizimle ba\u015flayan \u00f6\u011frenciler, mezun olduklar\u0131nda sadece mevcut ekonomik d\u00fczeni anlamakla [&hellip;]\" \/>\n<meta property=\"og:url\" content=\"https:\/\/ticaret.edu.tr\/iktisat\/aday-ogrenci\/\" \/>\n<meta property=\"og:site_name\" content=\"\u0130ktisat\" \/>\n<meta property=\"article:publisher\" content=\"https:\/\/www.facebook.com\/ticaretedutr\" \/>\n<meta property=\"article:modified_time\" content=\"2025-10-21T13:00:14+00:00\" \/>\n<meta property=\"og:image\" content=\"http:\/\/ticaret.edu.tr\/iktisat\/wp-content\/uploads\/sites\/9\/2021\/11\/web_logo-01.jpg\" \/>\n\t<meta property=\"og:image:width\" content=\"1250\" \/>\n\t<meta property=\"og:image:height\" content=\"833\" \/>\n\t<meta property=\"og:image:type\" content=\"image\/jpeg\" \/>\n<meta name=\"twitter:card\" content=\"summary_large_image\" \/>\n<meta name=\"twitter:site\" content=\"@ticaretedutr\" \/>\n<meta name=\"twitter:label1\" content=\"Tahmini okuma s\u00fcresi\" \/>\n\t<meta name=\"twitter:data1\" content=\"2 dakika\" \/>\n<script type=\"application\/ld+json\" class=\"yoast-schema-graph\">{\"@context\":\"https:\/\/schema.org\",\"@graph\":[{\"@type\":\"WebPage\",\"@id\":\"https:\/\/ticaret.edu.tr\/iktisat\/aday-ogrenci\/\",\"url\":\"https:\/\/ticaret.edu.tr\/iktisat\/aday-ogrenci\/\",\"name\":\"Aday \u00d6\u011frenci - \u0130ktisat\",\"isPartOf\":{\"@id\":\"https:\/\/ticaret.edu.tr\/iktisat\/#website\"},\"datePublished\":\"2025-01-26T16:17:05+00:00\",\"dateModified\":\"2025-10-21T13:00:14+00:00\",\"breadcrumb\":{\"@id\":\"https:\/\/ticaret.edu.tr\/iktisat\/aday-ogrenci\/#breadcrumb\"},\"inLanguage\":\"tr\",\"potentialAction\":[{\"@type\":\"ReadAction\",\"target\":[\"https:\/\/ticaret.edu.tr\/iktisat\/aday-ogrenci\/\"]}]},{\"@type\":\"BreadcrumbList\",\"@id\":\"https:\/\/ticaret.edu.tr\/iktisat\/aday-ogrenci\/#breadcrumb\",\"itemListElement\":[{\"@type\":\"ListItem\",\"position\":1,\"name\":\"Ana sayfa\",\"item\":\"https:\/\/ticaret.edu.tr\/iktisat\/\"},{\"@type\":\"ListItem\",\"position\":2,\"name\":\"Aday \u00d6\u011frenci\"}]},{\"@type\":\"WebSite\",\"@id\":\"https:\/\/ticaret.edu.tr\/iktisat\/#website\",\"url\":\"https:\/\/ticaret.edu.tr\/iktisat\/\",\"name\":\"\u0130ktisat\",\"description\":\"\",\"potentialAction\":[{\"@type\":\"SearchAction\",\"target\":{\"@type\":\"EntryPoint\",\"urlTemplate\":\"https:\/\/ticaret.edu.tr\/iktisat\/?s={search_term_string}\"},\"query-input\":\"required name=search_term_string\"}],\"inLanguage\":\"tr\"}]}<\/script>\n<!-- \/ Yoast SEO Premium plugin. -->","yoast_head_json":{"title":"Aday \u00d6\u011frenci - \u0130ktisat","robots":{"index":"index","follow":"follow","max-snippet":"max-snippet:-1","max-image-preview":"max-image-preview:large","max-video-preview":"max-video-preview:-1"},"canonical":"https:\/\/ticaret.edu.tr\/iktisat\/aday-ogrenci\/","og_locale":"tr_TR","og_type":"article","og_title":"Aday \u00d6\u011frenci","og_description":"Neden \u0130stanbul Ticaret \u00dcniversitesi \u0130ktisat B\u00f6l\u00fcm\u00fc? G\u00fcn\u00fcm\u00fcz d\u00fcnyas\u0131nda ekonomi, bireylerin kararlar\u0131ndan uluslararas\u0131 politikalara kadar her alan\u0131 etkileyen bir bilimdir. \u0130stanbul Ticaret \u00dcniversitesi \u0130ktisat B\u00f6l\u00fcm\u00fc olarak amac\u0131m\u0131z; \u00f6\u011frencilerimizi hem teorik bilgiyle donatmak hem de uygulamal\u0131 analiz becerileri kazand\u0131rarak onlar\u0131 gelece\u011fin ekonomi uzmanlar\u0131 haline getirmektir. \u0130ktisat e\u011fitimine bizimle ba\u015flayan \u00f6\u011frenciler, mezun olduklar\u0131nda sadece mevcut ekonomik d\u00fczeni anlamakla [&hellip;]","og_url":"https:\/\/ticaret.edu.tr\/iktisat\/aday-ogrenci\/","og_site_name":"\u0130ktisat","article_publisher":"https:\/\/www.facebook.com\/ticaretedutr","article_modified_time":"2025-10-21T13:00:14+00:00","og_image":[{"width":1250,"height":833,"url":"http:\/\/ticaret.edu.tr\/iktisat\/wp-content\/uploads\/sites\/9\/2021\/11\/web_logo-01.jpg","type":"image\/jpeg"}],"twitter_card":"summary_large_image","twitter_site":"@ticaretedutr","twitter_misc":{"Tahmini okuma s\u00fcresi":"2 dakika"},"schema":{"@context":"https:\/\/schema.org","@graph":[{"@type":"WebPage","@id":"https:\/\/ticaret.edu.tr\/iktisat\/aday-ogrenci\/","url":"https:\/\/ticaret.edu.tr\/iktisat\/aday-ogrenci\/","name":"Aday \u00d6\u011frenci - \u0130ktisat","isPartOf":{"@id":"https:\/\/ticaret.edu.tr\/iktisat\/#website"},"datePublished":"2025-01-26T16:17:05+00:00","dateModified":"2025-10-21T13:00:14+00:00","breadcrumb":{"@id":"https:\/\/ticaret.edu.tr\/iktisat\/aday-ogrenci\/#breadcrumb"},"inLanguage":"tr","potentialAction":[{"@type":"ReadAction","target":["https:\/\/ticaret.edu.tr\/iktisat\/aday-ogrenci\/"]}]},{"@type":"BreadcrumbList","@id":"https:\/\/ticaret.edu.tr\/iktisat\/aday-ogrenci\/#breadcrumb","itemListElement":[{"@type":"ListItem","position":1,"name":"Ana sayfa","item":"https:\/\/ticaret.edu.tr\/iktisat\/"},{"@type":"ListItem","position":2,"name":"Aday \u00d6\u011frenci"}]},{"@type":"WebSite","@id":"https:\/\/ticaret.edu.tr\/iktisat\/#website","url":"https:\/\/ticaret.edu.tr\/iktisat\/","name":"\u0130ktisat","description":"","potentialAction":[{"@type":"SearchAction","target":{"@type":"EntryPoint","urlTemplate":"https:\/\/ticaret.edu.tr\/iktisat\/?s={search_term_string}"},"query-input":"required name=search_term_string"}],"inLanguage":"tr"}]}},"lang":"tr","translations":{"en":1523,"tr":1521},"pll_sync_post":[],"_links":{"self":[{"href":"http:\/\/ticaret.edu.tr\/iktisat\/wp-json\/wp\/v2\/pages\/1521"}],"collection":[{"href":"http:\/\/ticaret.edu.tr\/iktisat\/wp-json\/wp\/v2\/pages"}],"about":[{"href":"http:\/\/ticaret.edu.tr\/iktisat\/wp-json\/wp\/v2\/types\/page"}],"author":[{"embeddable":true,"href":"http:\/\/ticaret.edu.tr\/iktisat\/wp-json\/wp\/v2\/users\/139"}],"replies":[{"embeddable":true,"href":"http:\/\/ticaret.edu.tr\/iktisat\/wp-json\/wp\/v2\/comments?post=1521"}],"version-history":[{"count":9,"href":"http:\/\/ticaret.edu.tr\/iktisat\/wp-json\/wp\/v2\/pages\/1521\/revisions"}],"predecessor-version":[{"id":2235,"href":"http:\/\/ticaret.edu.tr\/iktisat\/wp-json\/wp\/v2\/pages\/1521\/revisions\/2235"}],"wp:attachment":[{"href":"http:\/\/ticaret.edu.tr\/iktisat\/wp-json\/wp\/v2\/media?parent=1521"}],"curies":[{"name":"wp","href":"https:\/\/api.w.org\/{rel}","templated":true}]}}