{"id":1523,"date":"2025-01-26T19:17:20","date_gmt":"2025-01-26T16:17:20","guid":{"rendered":"https:\/\/ticaret.edu.tr\/iktisat\/?page_id=1523"},"modified":"2026-01-21T00:10:45","modified_gmt":"2026-01-20T21:10:45","slug":"prospective-students","status":"publish","type":"page","link":"http:\/\/ticaret.edu.tr\/iktisat\/en\/prospective-students\/","title":{"rendered":"Prospective Students"},"content":{"rendered":"<p data-start=\"108\" data-end=\"168\"><strong data-start=\"108\" data-end=\"168\">Why Istanbul Ticaret University Department of Economics?<\/strong><\/p>\n<p data-start=\"170\" data-end=\"526\">In today\u2019s world, economics is a discipline that influences every field, from individual decision-making to international politics. At the Istanbul Ticaret University Department of Economics, our aim is to equip our students not only with strong theoretical knowledge but also with applied analytical skills, shaping them into the economists of the future.<\/p>\n<p data-start=\"528\" data-end=\"1004\">Students who begin their education in economics with us graduate not only understanding the existing economic order, but also developing into visionary individuals capable of shaping the future. If you want to understand and change the world through the analytical power of economics, we invite you to join the Istanbul Ticaret University Department of Economics. Here, you will gain not just a diploma, but also the knowledge, skills, and vision to compete at a global level.<\/p>\n<p data-start=\"1006\" data-end=\"1328\"><strong data-start=\"1006\" data-end=\"1031\">Strong Academic Staff<\/strong><br data-start=\"1031\" data-end=\"1034\" \/>Our faculty members, who are experts in their fields with national and international experience, provide students with a solid theoretical foundation as well as practical skills. Through courses supported by up-to-date research, you can follow the latest developments in the field of economics.<\/p>\n<p data-start=\"1330\" data-end=\"1716\"><strong data-start=\"1330\" data-end=\"1361\">International Opportunities<\/strong><br data-start=\"1361\" data-end=\"1364\" \/>As the Department of Economics, we support Erasmus+ student exchange programs in order to provide our students with international academic experience and opportunities on a global scale. Through the Erasmus+ program, our students can study at partner universities across Europe and enhance their academic development by experiencing different cultures.<\/p>\n<p data-start=\"1718\" data-end=\"2039\"><strong data-start=\"1718\" data-end=\"1747\">Rich Career Opportunities<\/strong><br data-start=\"1747\" data-end=\"1750\" \/>Our graduates can work as analysts, specialists, consultants, or academics in public institutions, the private sector, financial organizations, and international institutions. Our curriculum equips you with skills in data analysis, policy design, economic modeling, and strategic thinking.<\/p>\n<p data-start=\"2041\" data-end=\"2383\"><strong data-start=\"2041\" data-end=\"2083\">Education Integrated with the Industry<\/strong><br data-start=\"2083\" data-end=\"2086\" \/>Founded with the support of the Istanbul Chamber of Commerce, our university maintains strong ties with the business world. In this way, our students have the opportunity to meet industry representatives, complete internships, and explore career opportunities from their very first years of study.<\/p>\n<p data-start=\"2385\" data-end=\"2654\"><strong data-start=\"2385\" data-end=\"2401\">Student Life<\/strong><br data-start=\"2401\" data-end=\"2404\" \/>Located in the heart of Istanbul, our students enjoy a rich university experience not only academically but also culturally and socially, through economics seminars, career days, and other events organized by academic units and student organizations.<\/p>\n<p data-start=\"2385\" data-end=\"2654\">Aday \u00f6\u011frenci sayfam\u0131z \u00fczerinden mesajlar\u0131n\u0131z\u0131 iletebilirsiniz: <a style=\"color: blue;text-decoration: underline\" href=\"https:\/\/lisansaday.ticaret.edu.tr\/iktisat\/\">\u0130ktisat B\u00f6l\u00fcm\u00fc Aday \u00d6\u011frenci<\/a><\/p>\n","protected":false},"excerpt":{"rendered":"<p>Why Istanbul Ticaret University Department of Economics? In today\u2019s world, economics is a discipline that influences every field, from individual decision-making to international politics. At the Istanbul Ticaret University Department of Economics, our aim is to equip our students not only with strong theoretical knowledge but also with applied analytical skills, shaping them into the [&hellip;]<\/p>\n","protected":false},"author":139,"featured_media":0,"parent":0,"menu_order":0,"comment_status":"closed","ping_status":"closed","template":"genel_sayfa.php","meta":{"footnotes":""},"yoast_head":"<!-- This site is optimized with the Yoast SEO Premium plugin v22.1 (Yoast SEO v22.1) - https:\/\/yoast.com\/wordpress\/plugins\/seo\/ -->\n<title>Prospective Students - \u0130ktisat<\/title>\n<meta name=\"robots\" content=\"index, follow, max-snippet:-1, max-image-preview:large, max-video-preview:-1\" \/>\n<link rel=\"canonical\" href=\"http:\/\/ticaret.edu.tr\/iktisat\/en\/prospective-students\/\" \/>\n<meta property=\"og:locale\" content=\"tr_TR\" \/>\n<meta property=\"og:type\" content=\"article\" \/>\n<meta property=\"og:title\" content=\"Prospective Students\" \/>\n<meta property=\"og:description\" content=\"Why Istanbul Ticaret University Department of Economics? In today\u2019s world, economics is a discipline that influences every field, from individual decision-making to international politics. At the Istanbul Ticaret University Department of Economics, our aim is to equip our students not only with strong theoretical knowledge but also with applied analytical skills, shaping them into the [&hellip;]\" \/>\n<meta property=\"og:url\" content=\"http:\/\/ticaret.edu.tr\/iktisat\/en\/prospective-students\/\" \/>\n<meta property=\"og:site_name\" content=\"\u0130ktisat\" \/>\n<meta property=\"article:publisher\" content=\"https:\/\/www.facebook.com\/ticaretedutr\" \/>\n<meta property=\"article:modified_time\" content=\"2026-01-20T21:10:45+00:00\" \/>\n<meta property=\"og:image\" content=\"http:\/\/ticaret.edu.tr\/iktisat\/wp-content\/uploads\/sites\/9\/2021\/11\/web_logo-01.jpg\" \/>\n\t<meta property=\"og:image:width\" content=\"1250\" \/>\n\t<meta property=\"og:image:height\" content=\"833\" \/>\n\t<meta property=\"og:image:type\" content=\"image\/jpeg\" \/>\n<meta name=\"twitter:card\" content=\"summary_large_image\" \/>\n<meta name=\"twitter:site\" content=\"@ticaretedutr\" \/>\n<meta name=\"twitter:label1\" content=\"Tahmini okuma s\u00fcresi\" \/>\n\t<meta name=\"twitter:data1\" content=\"3 dakika\" \/>\n<script type=\"application\/ld+json\" class=\"yoast-schema-graph\">{\"@context\":\"https:\/\/schema.org\",\"@graph\":[{\"@type\":\"WebPage\",\"@id\":\"http:\/\/ticaret.edu.tr\/iktisat\/en\/prospective-students\/\",\"url\":\"http:\/\/ticaret.edu.tr\/iktisat\/en\/prospective-students\/\",\"name\":\"Prospective Students - \u0130ktisat\",\"isPartOf\":{\"@id\":\"https:\/\/ticaret.edu.tr\/iktisat\/#website\"},\"datePublished\":\"2025-01-26T16:17:20+00:00\",\"dateModified\":\"2026-01-20T21:10:45+00:00\",\"breadcrumb\":{\"@id\":\"http:\/\/ticaret.edu.tr\/iktisat\/en\/prospective-students\/#breadcrumb\"},\"inLanguage\":\"tr\",\"potentialAction\":[{\"@type\":\"ReadAction\",\"target\":[\"http:\/\/ticaret.edu.tr\/iktisat\/en\/prospective-students\/\"]}]},{\"@type\":\"BreadcrumbList\",\"@id\":\"http:\/\/ticaret.edu.tr\/iktisat\/en\/prospective-students\/#breadcrumb\",\"itemListElement\":[{\"@type\":\"ListItem\",\"position\":1,\"name\":\"Ana sayfa\",\"item\":\"https:\/\/ticaret.edu.tr\/iktisat\/\"},{\"@type\":\"ListItem\",\"position\":2,\"name\":\"Prospective Students\"}]},{\"@type\":\"WebSite\",\"@id\":\"https:\/\/ticaret.edu.tr\/iktisat\/#website\",\"url\":\"https:\/\/ticaret.edu.tr\/iktisat\/\",\"name\":\"\u0130ktisat\",\"description\":\"\",\"potentialAction\":[{\"@type\":\"SearchAction\",\"target\":{\"@type\":\"EntryPoint\",\"urlTemplate\":\"https:\/\/ticaret.edu.tr\/iktisat\/?s={search_term_string}\"},\"query-input\":\"required name=search_term_string\"}],\"inLanguage\":\"tr\"}]}<\/script>\n<!-- \/ Yoast SEO Premium plugin. -->","yoast_head_json":{"title":"Prospective Students - \u0130ktisat","robots":{"index":"index","follow":"follow","max-snippet":"max-snippet:-1","max-image-preview":"max-image-preview:large","max-video-preview":"max-video-preview:-1"},"canonical":"http:\/\/ticaret.edu.tr\/iktisat\/en\/prospective-students\/","og_locale":"tr_TR","og_type":"article","og_title":"Prospective Students","og_description":"Why Istanbul Ticaret University Department of Economics? In today\u2019s world, economics is a discipline that influences every field, from individual decision-making to international politics. At the Istanbul Ticaret University Department of Economics, our aim is to equip our students not only with strong theoretical knowledge but also with applied analytical skills, shaping them into the [&hellip;]","og_url":"http:\/\/ticaret.edu.tr\/iktisat\/en\/prospective-students\/","og_site_name":"\u0130ktisat","article_publisher":"https:\/\/www.facebook.com\/ticaretedutr","article_modified_time":"2026-01-20T21:10:45+00:00","og_image":[{"width":1250,"height":833,"url":"http:\/\/ticaret.edu.tr\/iktisat\/wp-content\/uploads\/sites\/9\/2021\/11\/web_logo-01.jpg","type":"image\/jpeg"}],"twitter_card":"summary_large_image","twitter_site":"@ticaretedutr","twitter_misc":{"Tahmini okuma s\u00fcresi":"3 dakika"},"schema":{"@context":"https:\/\/schema.org","@graph":[{"@type":"WebPage","@id":"http:\/\/ticaret.edu.tr\/iktisat\/en\/prospective-students\/","url":"http:\/\/ticaret.edu.tr\/iktisat\/en\/prospective-students\/","name":"Prospective Students - \u0130ktisat","isPartOf":{"@id":"https:\/\/ticaret.edu.tr\/iktisat\/#website"},"datePublished":"2025-01-26T16:17:20+00:00","dateModified":"2026-01-20T21:10:45+00:00","breadcrumb":{"@id":"http:\/\/ticaret.edu.tr\/iktisat\/en\/prospective-students\/#breadcrumb"},"inLanguage":"tr","potentialAction":[{"@type":"ReadAction","target":["http:\/\/ticaret.edu.tr\/iktisat\/en\/prospective-students\/"]}]},{"@type":"BreadcrumbList","@id":"http:\/\/ticaret.edu.tr\/iktisat\/en\/prospective-students\/#breadcrumb","itemListElement":[{"@type":"ListItem","position":1,"name":"Ana sayfa","item":"https:\/\/ticaret.edu.tr\/iktisat\/"},{"@type":"ListItem","position":2,"name":"Prospective Students"}]},{"@type":"WebSite","@id":"https:\/\/ticaret.edu.tr\/iktisat\/#website","url":"https:\/\/ticaret.edu.tr\/iktisat\/","name":"\u0130ktisat","description":"","potentialAction":[{"@type":"SearchAction","target":{"@type":"EntryPoint","urlTemplate":"https:\/\/ticaret.edu.tr\/iktisat\/?s={search_term_string}"},"query-input":"required name=search_term_string"}],"inLanguage":"tr"}]}},"lang":"en","translations":{"en":1523,"tr":1521},"pll_sync_post":[],"_links":{"self":[{"href":"http:\/\/ticaret.edu.tr\/iktisat\/wp-json\/wp\/v2\/pages\/1523"}],"collection":[{"href":"http:\/\/ticaret.edu.tr\/iktisat\/wp-json\/wp\/v2\/pages"}],"about":[{"href":"http:\/\/ticaret.edu.tr\/iktisat\/wp-json\/wp\/v2\/types\/page"}],"author":[{"embeddable":true,"href":"http:\/\/ticaret.edu.tr\/iktisat\/wp-json\/wp\/v2\/users\/139"}],"replies":[{"embeddable":true,"href":"http:\/\/ticaret.edu.tr\/iktisat\/wp-json\/wp\/v2\/comments?post=1523"}],"version-history":[{"count":3,"href":"http:\/\/ticaret.edu.tr\/iktisat\/wp-json\/wp\/v2\/pages\/1523\/revisions"}],"predecessor-version":[{"id":2555,"href":"http:\/\/ticaret.edu.tr\/iktisat\/wp-json\/wp\/v2\/pages\/1523\/revisions\/2555"}],"wp:attachment":[{"href":"http:\/\/ticaret.edu.tr\/iktisat\/wp-json\/wp\/v2\/media?parent=1523"}],"curies":[{"name":"wp","href":"https:\/\/api.w.org\/{rel}","templated":true}]}}