{"id":1525,"date":"2025-01-26T19:17:49","date_gmt":"2025-01-26T16:17:49","guid":{"rendered":"https:\/\/ticaret.edu.tr\/iktisat\/?page_id=1525"},"modified":"2025-07-23T16:05:09","modified_gmt":"2025-07-23T13:05:09","slug":"tarihce","status":"publish","type":"page","link":"http:\/\/ticaret.edu.tr\/iktisat\/tarihce\/","title":{"rendered":"Tarih\u00e7e"},"content":{"rendered":"<p>\u0130stanbul Ticaret \u00dcniversitesi, 2001 y\u0131l\u0131nda \u0130stanbul Ticaret Odas\u0131 taraf\u0131ndan kurularak T\u00fcrkiye&#8217;nin k\u00f6kl\u00fc ticaret gelene\u011fini akademik d\u00fczleme ta\u015f\u0131ma hedefiyle e\u011fitim hayat\u0131na ba\u015flam\u0131\u015ft\u0131r. Kurulu\u015fundan itibaren sosyal bilimlerde nitelikli e\u011fitim sunmay\u0131 ama\u00e7layan \u00fcniversitemiz, bu do\u011frultuda 2012 y\u0131l\u0131nda \u0130ktisat (T\u00fcrk\u00e7e) B\u00f6l\u00fcm\u00fc&#8217;n\u00fc de b\u00fcnyesine dahil etmi\u015ftir.<\/p>\n<p>\u0130ktisat B\u00f6l\u00fcm\u00fc, T\u00fcrkiye\u2019nin ve d\u00fcnyan\u0131n kar\u015f\u0131 kar\u015f\u0131ya oldu\u011fu ekonomik meseleleri anlayabilecek, analitik d\u00fc\u015f\u00fcnebilen, g\u00fcncel ekonomik geli\u015fmeleri de\u011ferlendirebilecek ve \u00e7\u00f6z\u00fcm \u00f6nerileri geli\u015ftirebilecek bireyler yeti\u015ftirme misyonuyla faaliyet g\u00f6stermektedir. E\u011fitim dili T\u00fcrk\u00e7e olan b\u00f6l\u00fcm, teorik temellerin yan\u0131 s\u0131ra uygulamal\u0131 dersleri ve saha analizlerini de program\u0131na entegre ederek \u00f6\u011frencilerin g\u00fcncel ekonomik dinamiklere h\u00e2kim olmas\u0131n\u0131 hedefler.<\/p>\n<p>B\u00f6l\u00fcm\u00fcn akademik kadrosu, iktisad\u0131n alt alanlar\u0131nda uzmanla\u015fm\u0131\u015f, hem akademik \u00fcretime katk\u0131 sunan hem de kamu ve \u00f6zel sekt\u00f6rde deneyim sahibi \u00f6\u011fretim \u00fcyelerinden olu\u015fmaktad\u0131r. \u0130stanbul Ticaret \u00dcniversitesi\u2019nin i\u015f d\u00fcnyas\u0131yla yak\u0131n ili\u015fkileri sayesinde, \u00f6\u011frenciler uygulamal\u0131 projelere kat\u0131lma, staj yapma ve kariyer olanaklar\u0131na daha erken eri\u015fme f\u0131rsat\u0131 bulmaktad\u0131r.<\/p>\n<p>Kurulu\u015fundan bu yana, \u0130ktisat B\u00f6l\u00fcm\u00fc, T\u00fcrkiye\u2019nin \u00f6nde gelen kamu ve \u00f6zel sekt\u00f6r kurulu\u015flar\u0131nda \u00e7al\u0131\u015fan mezunlar yeti\u015ftirerek akademik ba\u015far\u0131lar\u0131n\u0131n yan\u0131 s\u0131ra i\u015f d\u00fcnyas\u0131nda da ad\u0131ndan s\u00f6z ettirmeye devam etmektedir. B\u00f6l\u00fcm, lisans e\u011fitiminin yan\u0131 s\u0131ra y\u00fcksek lisans ve doktora d\u00fczeyinde de iktisat e\u011fitimi sunmakta, b\u00f6ylece \u00f6\u011frencilerine akademik kariyer yolunda da sa\u011flam bir temel olu\u015fturmaktad\u0131r.<\/p>\n","protected":false},"excerpt":{"rendered":"<p>\u0130stanbul Ticaret \u00dcniversitesi, 2001 y\u0131l\u0131nda \u0130stanbul Ticaret Odas\u0131 taraf\u0131ndan kurularak T\u00fcrkiye&#8217;nin k\u00f6kl\u00fc ticaret gelene\u011fini akademik d\u00fczleme ta\u015f\u0131ma hedefiyle e\u011fitim hayat\u0131na ba\u015flam\u0131\u015ft\u0131r. Kurulu\u015fundan itibaren sosyal bilimlerde nitelikli e\u011fitim sunmay\u0131 ama\u00e7layan \u00fcniversitemiz, bu do\u011frultuda 2012 y\u0131l\u0131nda \u0130ktisat (T\u00fcrk\u00e7e) B\u00f6l\u00fcm\u00fc&#8217;n\u00fc de b\u00fcnyesine dahil etmi\u015ftir. \u0130ktisat B\u00f6l\u00fcm\u00fc, T\u00fcrkiye\u2019nin ve d\u00fcnyan\u0131n kar\u015f\u0131 kar\u015f\u0131ya oldu\u011fu ekonomik meseleleri anlayabilecek, analitik d\u00fc\u015f\u00fcnebilen, g\u00fcncel [&hellip;]<\/p>\n","protected":false},"author":139,"featured_media":0,"parent":0,"menu_order":0,"comment_status":"closed","ping_status":"closed","template":"genel_sayfa.php","meta":{"footnotes":""},"yoast_head":"<!-- This site is optimized with the Yoast SEO Premium plugin v22.1 (Yoast SEO v22.1) - https:\/\/yoast.com\/wordpress\/plugins\/seo\/ -->\n<title>Tarih\u00e7e - \u0130ktisat<\/title>\n<meta name=\"robots\" content=\"index, follow, max-snippet:-1, max-image-preview:large, max-video-preview:-1\" \/>\n<link rel=\"canonical\" href=\"https:\/\/ticaret.edu.tr\/iktisat\/tarihce\/\" \/>\n<meta property=\"og:locale\" content=\"tr_TR\" \/>\n<meta property=\"og:type\" content=\"article\" \/>\n<meta property=\"og:title\" content=\"Tarih\u00e7e\" \/>\n<meta property=\"og:description\" content=\"\u0130stanbul Ticaret \u00dcniversitesi, 2001 y\u0131l\u0131nda \u0130stanbul Ticaret Odas\u0131 taraf\u0131ndan kurularak T\u00fcrkiye&#8217;nin k\u00f6kl\u00fc ticaret gelene\u011fini akademik d\u00fczleme ta\u015f\u0131ma hedefiyle e\u011fitim hayat\u0131na ba\u015flam\u0131\u015ft\u0131r. Kurulu\u015fundan itibaren sosyal bilimlerde nitelikli e\u011fitim sunmay\u0131 ama\u00e7layan \u00fcniversitemiz, bu do\u011frultuda 2012 y\u0131l\u0131nda \u0130ktisat (T\u00fcrk\u00e7e) B\u00f6l\u00fcm\u00fc&#8217;n\u00fc de b\u00fcnyesine dahil etmi\u015ftir. \u0130ktisat B\u00f6l\u00fcm\u00fc, T\u00fcrkiye\u2019nin ve d\u00fcnyan\u0131n kar\u015f\u0131 kar\u015f\u0131ya oldu\u011fu ekonomik meseleleri anlayabilecek, analitik d\u00fc\u015f\u00fcnebilen, g\u00fcncel [&hellip;]\" \/>\n<meta property=\"og:url\" content=\"https:\/\/ticaret.edu.tr\/iktisat\/tarihce\/\" \/>\n<meta property=\"og:site_name\" content=\"\u0130ktisat\" \/>\n<meta property=\"article:publisher\" content=\"https:\/\/www.facebook.com\/ticaretedutr\" \/>\n<meta property=\"article:modified_time\" content=\"2025-07-23T13:05:09+00:00\" \/>\n<meta property=\"og:image\" content=\"http:\/\/ticaret.edu.tr\/iktisat\/wp-content\/uploads\/sites\/9\/2021\/11\/web_logo-01.jpg\" \/>\n\t<meta property=\"og:image:width\" content=\"1250\" \/>\n\t<meta property=\"og:image:height\" content=\"833\" \/>\n\t<meta property=\"og:image:type\" content=\"image\/jpeg\" \/>\n<meta name=\"twitter:card\" content=\"summary_large_image\" \/>\n<meta name=\"twitter:site\" content=\"@ticaretedutr\" \/>\n<meta name=\"twitter:label1\" content=\"Tahmini okuma s\u00fcresi\" \/>\n\t<meta name=\"twitter:data1\" content=\"2 dakika\" \/>\n<script type=\"application\/ld+json\" class=\"yoast-schema-graph\">{\"@context\":\"https:\/\/schema.org\",\"@graph\":[{\"@type\":\"WebPage\",\"@id\":\"https:\/\/ticaret.edu.tr\/iktisat\/tarihce\/\",\"url\":\"https:\/\/ticaret.edu.tr\/iktisat\/tarihce\/\",\"name\":\"Tarih\u00e7e - \u0130ktisat\",\"isPartOf\":{\"@id\":\"https:\/\/ticaret.edu.tr\/iktisat\/#website\"},\"datePublished\":\"2025-01-26T16:17:49+00:00\",\"dateModified\":\"2025-07-23T13:05:09+00:00\",\"breadcrumb\":{\"@id\":\"https:\/\/ticaret.edu.tr\/iktisat\/tarihce\/#breadcrumb\"},\"inLanguage\":\"tr\",\"potentialAction\":[{\"@type\":\"ReadAction\",\"target\":[\"https:\/\/ticaret.edu.tr\/iktisat\/tarihce\/\"]}]},{\"@type\":\"BreadcrumbList\",\"@id\":\"https:\/\/ticaret.edu.tr\/iktisat\/tarihce\/#breadcrumb\",\"itemListElement\":[{\"@type\":\"ListItem\",\"position\":1,\"name\":\"Ana sayfa\",\"item\":\"https:\/\/ticaret.edu.tr\/iktisat\/\"},{\"@type\":\"ListItem\",\"position\":2,\"name\":\"Tarih\u00e7e\"}]},{\"@type\":\"WebSite\",\"@id\":\"https:\/\/ticaret.edu.tr\/iktisat\/#website\",\"url\":\"https:\/\/ticaret.edu.tr\/iktisat\/\",\"name\":\"\u0130ktisat\",\"description\":\"\",\"potentialAction\":[{\"@type\":\"SearchAction\",\"target\":{\"@type\":\"EntryPoint\",\"urlTemplate\":\"https:\/\/ticaret.edu.tr\/iktisat\/?s={search_term_string}\"},\"query-input\":\"required name=search_term_string\"}],\"inLanguage\":\"tr\"}]}<\/script>\n<!-- \/ Yoast SEO Premium plugin. -->","yoast_head_json":{"title":"Tarih\u00e7e - \u0130ktisat","robots":{"index":"index","follow":"follow","max-snippet":"max-snippet:-1","max-image-preview":"max-image-preview:large","max-video-preview":"max-video-preview:-1"},"canonical":"https:\/\/ticaret.edu.tr\/iktisat\/tarihce\/","og_locale":"tr_TR","og_type":"article","og_title":"Tarih\u00e7e","og_description":"\u0130stanbul Ticaret \u00dcniversitesi, 2001 y\u0131l\u0131nda \u0130stanbul Ticaret Odas\u0131 taraf\u0131ndan kurularak T\u00fcrkiye&#8217;nin k\u00f6kl\u00fc ticaret gelene\u011fini akademik d\u00fczleme ta\u015f\u0131ma hedefiyle e\u011fitim hayat\u0131na ba\u015flam\u0131\u015ft\u0131r. Kurulu\u015fundan itibaren sosyal bilimlerde nitelikli e\u011fitim sunmay\u0131 ama\u00e7layan \u00fcniversitemiz, bu do\u011frultuda 2012 y\u0131l\u0131nda \u0130ktisat (T\u00fcrk\u00e7e) B\u00f6l\u00fcm\u00fc&#8217;n\u00fc de b\u00fcnyesine dahil etmi\u015ftir. \u0130ktisat B\u00f6l\u00fcm\u00fc, T\u00fcrkiye\u2019nin ve d\u00fcnyan\u0131n kar\u015f\u0131 kar\u015f\u0131ya oldu\u011fu ekonomik meseleleri anlayabilecek, analitik d\u00fc\u015f\u00fcnebilen, g\u00fcncel [&hellip;]","og_url":"https:\/\/ticaret.edu.tr\/iktisat\/tarihce\/","og_site_name":"\u0130ktisat","article_publisher":"https:\/\/www.facebook.com\/ticaretedutr","article_modified_time":"2025-07-23T13:05:09+00:00","og_image":[{"width":1250,"height":833,"url":"http:\/\/ticaret.edu.tr\/iktisat\/wp-content\/uploads\/sites\/9\/2021\/11\/web_logo-01.jpg","type":"image\/jpeg"}],"twitter_card":"summary_large_image","twitter_site":"@ticaretedutr","twitter_misc":{"Tahmini okuma s\u00fcresi":"2 dakika"},"schema":{"@context":"https:\/\/schema.org","@graph":[{"@type":"WebPage","@id":"https:\/\/ticaret.edu.tr\/iktisat\/tarihce\/","url":"https:\/\/ticaret.edu.tr\/iktisat\/tarihce\/","name":"Tarih\u00e7e - \u0130ktisat","isPartOf":{"@id":"https:\/\/ticaret.edu.tr\/iktisat\/#website"},"datePublished":"2025-01-26T16:17:49+00:00","dateModified":"2025-07-23T13:05:09+00:00","breadcrumb":{"@id":"https:\/\/ticaret.edu.tr\/iktisat\/tarihce\/#breadcrumb"},"inLanguage":"tr","potentialAction":[{"@type":"ReadAction","target":["https:\/\/ticaret.edu.tr\/iktisat\/tarihce\/"]}]},{"@type":"BreadcrumbList","@id":"https:\/\/ticaret.edu.tr\/iktisat\/tarihce\/#breadcrumb","itemListElement":[{"@type":"ListItem","position":1,"name":"Ana sayfa","item":"https:\/\/ticaret.edu.tr\/iktisat\/"},{"@type":"ListItem","position":2,"name":"Tarih\u00e7e"}]},{"@type":"WebSite","@id":"https:\/\/ticaret.edu.tr\/iktisat\/#website","url":"https:\/\/ticaret.edu.tr\/iktisat\/","name":"\u0130ktisat","description":"","potentialAction":[{"@type":"SearchAction","target":{"@type":"EntryPoint","urlTemplate":"https:\/\/ticaret.edu.tr\/iktisat\/?s={search_term_string}"},"query-input":"required name=search_term_string"}],"inLanguage":"tr"}]}},"lang":"tr","translations":{"en":1527,"tr":1525},"pll_sync_post":[],"_links":{"self":[{"href":"http:\/\/ticaret.edu.tr\/iktisat\/wp-json\/wp\/v2\/pages\/1525"}],"collection":[{"href":"http:\/\/ticaret.edu.tr\/iktisat\/wp-json\/wp\/v2\/pages"}],"about":[{"href":"http:\/\/ticaret.edu.tr\/iktisat\/wp-json\/wp\/v2\/types\/page"}],"author":[{"embeddable":true,"href":"http:\/\/ticaret.edu.tr\/iktisat\/wp-json\/wp\/v2\/users\/139"}],"replies":[{"embeddable":true,"href":"http:\/\/ticaret.edu.tr\/iktisat\/wp-json\/wp\/v2\/comments?post=1525"}],"version-history":[{"count":4,"href":"http:\/\/ticaret.edu.tr\/iktisat\/wp-json\/wp\/v2\/pages\/1525\/revisions"}],"predecessor-version":[{"id":2123,"href":"http:\/\/ticaret.edu.tr\/iktisat\/wp-json\/wp\/v2\/pages\/1525\/revisions\/2123"}],"wp:attachment":[{"href":"http:\/\/ticaret.edu.tr\/iktisat\/wp-json\/wp\/v2\/media?parent=1525"}],"curies":[{"name":"wp","href":"https:\/\/api.w.org\/{rel}","templated":true}]}}