{"id":1529,"date":"2025-01-26T19:18:34","date_gmt":"2025-01-26T16:18:34","guid":{"rendered":"https:\/\/ticaret.edu.tr\/iktisat\/?page_id=1529"},"modified":"2026-01-15T08:52:33","modified_gmt":"2026-01-15T05:52:33","slug":"vizyon-misyon","status":"publish","type":"page","link":"http:\/\/ticaret.edu.tr\/iktisat\/vizyon-misyon\/","title":{"rendered":"Vizyon-Misyon"},"content":{"rendered":"<p>Vizyonumuz; \u0130stanbul Ticaret \u00dcniversitesi \u0130ktisat B\u00f6l\u00fcm\u00fc\u2019n\u00fc, \u00f6\u011frencilerini bilgi, donan\u0131m, yeterlilikler \u00e7er\u00e7evesinde e\u011fitip mezun ederek gerek akademik hayatta gerek i\u015f d\u00fcnyas\u0131nda \u00f6n planda tercih edilebilen bireyler haline getirebilen nadide bir konuma yerle\u015ftirmektir.\u200b<\/p>\n<p>Misyonumuz; yenilik\u00e7i e\u011fitim-\u00f6\u011fretim y\u00f6ntemleri sayesinde evrensel bak\u0131\u015f a\u00e7\u0131s\u0131 ve i\u015f hayat\u0131n\u0131n ihtiya\u00e7lar\u0131 do\u011frultusunda bilimsel, ele\u015ftirel ve analitik d\u00fc\u015f\u00fcnce yap\u0131s\u0131na sahip, k\u00fcresel ve ulusal ihtiya\u00e7lara kar\u015f\u0131l\u0131k verebilecek alan\u0131yla ilgili akademik niteliklere sahip, sosyal ili\u015fkileri ve ileti\u015fim becerileri y\u00fcksek mezunlar yeti\u015ftirmektir.<\/p>\n<p>&nbsp;<\/p>\n","protected":false},"excerpt":{"rendered":"<p>Vizyonumuz; \u0130stanbul Ticaret \u00dcniversitesi \u0130ktisat B\u00f6l\u00fcm\u00fc\u2019n\u00fc, \u00f6\u011frencilerini bilgi, donan\u0131m, yeterlilikler \u00e7er\u00e7evesinde e\u011fitip mezun ederek gerek akademik hayatta gerek i\u015f d\u00fcnyas\u0131nda \u00f6n planda tercih edilebilen bireyler haline getirebilen nadide bir konuma yerle\u015ftirmektir.\u200b Misyonumuz; yenilik\u00e7i e\u011fitim-\u00f6\u011fretim y\u00f6ntemleri sayesinde evrensel bak\u0131\u015f a\u00e7\u0131s\u0131 ve i\u015f hayat\u0131n\u0131n ihtiya\u00e7lar\u0131 do\u011frultusunda bilimsel, ele\u015ftirel ve analitik d\u00fc\u015f\u00fcnce yap\u0131s\u0131na sahip, k\u00fcresel ve ulusal ihtiya\u00e7lara [&hellip;]<\/p>\n","protected":false},"author":139,"featured_media":0,"parent":0,"menu_order":0,"comment_status":"closed","ping_status":"closed","template":"genel_sayfa.php","meta":{"footnotes":""},"yoast_head":"<!-- This site is optimized with the Yoast SEO Premium plugin v22.1 (Yoast SEO v22.1) - https:\/\/yoast.com\/wordpress\/plugins\/seo\/ -->\n<title>Vizyon-Misyon - \u0130ktisat<\/title>\n<meta name=\"robots\" content=\"index, follow, max-snippet:-1, max-image-preview:large, max-video-preview:-1\" \/>\n<link rel=\"canonical\" href=\"https:\/\/ticaret.edu.tr\/iktisat\/vizyon-misyon\/\" \/>\n<meta property=\"og:locale\" content=\"tr_TR\" \/>\n<meta property=\"og:type\" content=\"article\" \/>\n<meta property=\"og:title\" content=\"Vizyon-Misyon\" \/>\n<meta property=\"og:description\" content=\"Vizyonumuz; \u0130stanbul Ticaret \u00dcniversitesi \u0130ktisat B\u00f6l\u00fcm\u00fc\u2019n\u00fc, \u00f6\u011frencilerini bilgi, donan\u0131m, yeterlilikler \u00e7er\u00e7evesinde e\u011fitip mezun ederek gerek akademik hayatta gerek i\u015f d\u00fcnyas\u0131nda \u00f6n planda tercih edilebilen bireyler haline getirebilen nadide bir konuma yerle\u015ftirmektir.\u200b Misyonumuz; yenilik\u00e7i e\u011fitim-\u00f6\u011fretim y\u00f6ntemleri sayesinde evrensel bak\u0131\u015f a\u00e7\u0131s\u0131 ve i\u015f hayat\u0131n\u0131n ihtiya\u00e7lar\u0131 do\u011frultusunda bilimsel, ele\u015ftirel ve analitik d\u00fc\u015f\u00fcnce yap\u0131s\u0131na sahip, k\u00fcresel ve ulusal ihtiya\u00e7lara [&hellip;]\" \/>\n<meta property=\"og:url\" content=\"https:\/\/ticaret.edu.tr\/iktisat\/vizyon-misyon\/\" \/>\n<meta property=\"og:site_name\" content=\"\u0130ktisat\" \/>\n<meta property=\"article:publisher\" content=\"https:\/\/www.facebook.com\/ticaretedutr\" \/>\n<meta property=\"article:modified_time\" content=\"2026-01-15T05:52:33+00:00\" \/>\n<meta property=\"og:image\" content=\"http:\/\/ticaret.edu.tr\/iktisat\/wp-content\/uploads\/sites\/9\/2021\/11\/web_logo-01.jpg\" \/>\n\t<meta property=\"og:image:width\" content=\"1250\" \/>\n\t<meta property=\"og:image:height\" content=\"833\" \/>\n\t<meta property=\"og:image:type\" content=\"image\/jpeg\" \/>\n<meta name=\"twitter:card\" content=\"summary_large_image\" \/>\n<meta name=\"twitter:site\" content=\"@ticaretedutr\" \/>\n<meta name=\"twitter:label1\" content=\"Tahmini okuma s\u00fcresi\" \/>\n\t<meta name=\"twitter:data1\" content=\"1 dakika\" \/>\n<script type=\"application\/ld+json\" class=\"yoast-schema-graph\">{\"@context\":\"https:\/\/schema.org\",\"@graph\":[{\"@type\":\"WebPage\",\"@id\":\"https:\/\/ticaret.edu.tr\/iktisat\/vizyon-misyon\/\",\"url\":\"https:\/\/ticaret.edu.tr\/iktisat\/vizyon-misyon\/\",\"name\":\"Vizyon-Misyon - \u0130ktisat\",\"isPartOf\":{\"@id\":\"https:\/\/ticaret.edu.tr\/iktisat\/#website\"},\"datePublished\":\"2025-01-26T16:18:34+00:00\",\"dateModified\":\"2026-01-15T05:52:33+00:00\",\"breadcrumb\":{\"@id\":\"https:\/\/ticaret.edu.tr\/iktisat\/vizyon-misyon\/#breadcrumb\"},\"inLanguage\":\"tr\",\"potentialAction\":[{\"@type\":\"ReadAction\",\"target\":[\"https:\/\/ticaret.edu.tr\/iktisat\/vizyon-misyon\/\"]}]},{\"@type\":\"BreadcrumbList\",\"@id\":\"https:\/\/ticaret.edu.tr\/iktisat\/vizyon-misyon\/#breadcrumb\",\"itemListElement\":[{\"@type\":\"ListItem\",\"position\":1,\"name\":\"Ana sayfa\",\"item\":\"https:\/\/ticaret.edu.tr\/iktisat\/\"},{\"@type\":\"ListItem\",\"position\":2,\"name\":\"Vizyon-Misyon\"}]},{\"@type\":\"WebSite\",\"@id\":\"https:\/\/ticaret.edu.tr\/iktisat\/#website\",\"url\":\"https:\/\/ticaret.edu.tr\/iktisat\/\",\"name\":\"\u0130ktisat\",\"description\":\"\",\"potentialAction\":[{\"@type\":\"SearchAction\",\"target\":{\"@type\":\"EntryPoint\",\"urlTemplate\":\"https:\/\/ticaret.edu.tr\/iktisat\/?s={search_term_string}\"},\"query-input\":\"required name=search_term_string\"}],\"inLanguage\":\"tr\"}]}<\/script>\n<!-- \/ Yoast SEO Premium plugin. -->","yoast_head_json":{"title":"Vizyon-Misyon - \u0130ktisat","robots":{"index":"index","follow":"follow","max-snippet":"max-snippet:-1","max-image-preview":"max-image-preview:large","max-video-preview":"max-video-preview:-1"},"canonical":"https:\/\/ticaret.edu.tr\/iktisat\/vizyon-misyon\/","og_locale":"tr_TR","og_type":"article","og_title":"Vizyon-Misyon","og_description":"Vizyonumuz; \u0130stanbul Ticaret \u00dcniversitesi \u0130ktisat B\u00f6l\u00fcm\u00fc\u2019n\u00fc, \u00f6\u011frencilerini bilgi, donan\u0131m, yeterlilikler \u00e7er\u00e7evesinde e\u011fitip mezun ederek gerek akademik hayatta gerek i\u015f d\u00fcnyas\u0131nda \u00f6n planda tercih edilebilen bireyler haline getirebilen nadide bir konuma yerle\u015ftirmektir.\u200b Misyonumuz; yenilik\u00e7i e\u011fitim-\u00f6\u011fretim y\u00f6ntemleri sayesinde evrensel bak\u0131\u015f a\u00e7\u0131s\u0131 ve i\u015f hayat\u0131n\u0131n ihtiya\u00e7lar\u0131 do\u011frultusunda bilimsel, ele\u015ftirel ve analitik d\u00fc\u015f\u00fcnce yap\u0131s\u0131na sahip, k\u00fcresel ve ulusal ihtiya\u00e7lara [&hellip;]","og_url":"https:\/\/ticaret.edu.tr\/iktisat\/vizyon-misyon\/","og_site_name":"\u0130ktisat","article_publisher":"https:\/\/www.facebook.com\/ticaretedutr","article_modified_time":"2026-01-15T05:52:33+00:00","og_image":[{"width":1250,"height":833,"url":"http:\/\/ticaret.edu.tr\/iktisat\/wp-content\/uploads\/sites\/9\/2021\/11\/web_logo-01.jpg","type":"image\/jpeg"}],"twitter_card":"summary_large_image","twitter_site":"@ticaretedutr","twitter_misc":{"Tahmini okuma s\u00fcresi":"1 dakika"},"schema":{"@context":"https:\/\/schema.org","@graph":[{"@type":"WebPage","@id":"https:\/\/ticaret.edu.tr\/iktisat\/vizyon-misyon\/","url":"https:\/\/ticaret.edu.tr\/iktisat\/vizyon-misyon\/","name":"Vizyon-Misyon - \u0130ktisat","isPartOf":{"@id":"https:\/\/ticaret.edu.tr\/iktisat\/#website"},"datePublished":"2025-01-26T16:18:34+00:00","dateModified":"2026-01-15T05:52:33+00:00","breadcrumb":{"@id":"https:\/\/ticaret.edu.tr\/iktisat\/vizyon-misyon\/#breadcrumb"},"inLanguage":"tr","potentialAction":[{"@type":"ReadAction","target":["https:\/\/ticaret.edu.tr\/iktisat\/vizyon-misyon\/"]}]},{"@type":"BreadcrumbList","@id":"https:\/\/ticaret.edu.tr\/iktisat\/vizyon-misyon\/#breadcrumb","itemListElement":[{"@type":"ListItem","position":1,"name":"Ana sayfa","item":"https:\/\/ticaret.edu.tr\/iktisat\/"},{"@type":"ListItem","position":2,"name":"Vizyon-Misyon"}]},{"@type":"WebSite","@id":"https:\/\/ticaret.edu.tr\/iktisat\/#website","url":"https:\/\/ticaret.edu.tr\/iktisat\/","name":"\u0130ktisat","description":"","potentialAction":[{"@type":"SearchAction","target":{"@type":"EntryPoint","urlTemplate":"https:\/\/ticaret.edu.tr\/iktisat\/?s={search_term_string}"},"query-input":"required name=search_term_string"}],"inLanguage":"tr"}]}},"lang":"tr","translations":{"en":1531,"tr":1529},"pll_sync_post":[],"_links":{"self":[{"href":"http:\/\/ticaret.edu.tr\/iktisat\/wp-json\/wp\/v2\/pages\/1529"}],"collection":[{"href":"http:\/\/ticaret.edu.tr\/iktisat\/wp-json\/wp\/v2\/pages"}],"about":[{"href":"http:\/\/ticaret.edu.tr\/iktisat\/wp-json\/wp\/v2\/types\/page"}],"author":[{"embeddable":true,"href":"http:\/\/ticaret.edu.tr\/iktisat\/wp-json\/wp\/v2\/users\/139"}],"replies":[{"embeddable":true,"href":"http:\/\/ticaret.edu.tr\/iktisat\/wp-json\/wp\/v2\/comments?post=1529"}],"version-history":[{"count":4,"href":"http:\/\/ticaret.edu.tr\/iktisat\/wp-json\/wp\/v2\/pages\/1529\/revisions"}],"predecessor-version":[{"id":2528,"href":"http:\/\/ticaret.edu.tr\/iktisat\/wp-json\/wp\/v2\/pages\/1529\/revisions\/2528"}],"wp:attachment":[{"href":"http:\/\/ticaret.edu.tr\/iktisat\/wp-json\/wp\/v2\/media?parent=1529"}],"curies":[{"name":"wp","href":"https:\/\/api.w.org\/{rel}","templated":true}]}}