{"id":1535,"date":"2025-01-26T19:19:19","date_gmt":"2025-01-26T16:19:19","guid":{"rendered":"https:\/\/ticaret.edu.tr\/iktisat\/?page_id=1535"},"modified":"2026-02-04T13:51:58","modified_gmt":"2026-02-04T10:51:58","slug":"student-advisors","status":"publish","type":"page","link":"http:\/\/ticaret.edu.tr\/iktisat\/en\/student-advisors\/","title":{"rendered":"Student Advisors"},"content":{"rendered":"<table style=\"width: 100%;border-collapse: collapse\" border=\"1\">\n<thead>\n<tr>\n<th style=\"padding: 10px;background-color: #ffd44e\">Class Year<\/th>\n<th style=\"padding: 10px;background-color: #ffd44e\">Academic Advisor<\/th>\n<th style=\"padding: 10px;background-color: #ffd44e\">Office No.<\/th>\n<th style=\"padding: 10px;background-color: #ffd44e\">E-mail<\/th>\n<\/tr>\n<\/thead>\n<tbody>\n<tr>\n<td style=\"padding: 10px;text-align: center\">1st Year<\/td>\n<td style=\"padding: 10px;text-align: left\">Dr. Tu\u011frul ARIK<\/td>\n<td style=\"padding: 10px;text-align: center\">C-406<\/td>\n<td style=\"padding: 10px;text-align: left\"><a style=\"color: blue;text-decoration: underline\" href=\"mailto:tarik@ticaret.edu.tr\" rel=\"noopener\">tarik@ticaret.edu.tr<\/a><\/td>\n<\/tr>\n<tr>\n<td style=\"padding: 10px;text-align: center\">2nd Year<\/td>\n<td style=\"padding: 10px;text-align: left\">Res. Asst. Burak Kaan \u00d6Z\u00c7EL\u0130K<\/td>\n<td style=\"padding: 10px;text-align: center\">B-109<\/td>\n<td style=\"padding: 10px;text-align: left\"><a style=\"color: blue;text-decoration: underline\" href=\"mailto:bkozcelik@ticaret.edu.tr\" rel=\"noopener\">bkozcelik@ticaret.edu.tr<\/a><\/td>\n<\/tr>\n<tr>\n<td style=\"padding: 10px;text-align: center\">3rd Year<\/td>\n<td style=\"padding: 10px;text-align: left\">Assoc. Prof. Dr. G\u00fcldenur \u00c7ET\u0130N<\/td>\n<td style=\"padding: 10px;text-align: center\">C-206<\/td>\n<td style=\"padding: 10px;text-align: left\"><a style=\"color: blue;text-decoration: underline\" href=\"mailto:gadiguzel@ticaret.edu.tr\" rel=\"noopener\">gadiguzel@ticaret.edu.tr<\/a><\/td>\n<\/tr>\n<tr>\n<td style=\"padding: 10px;text-align: center\">4th Year<\/td>\n<td style=\"padding: 10px;text-align: left\">Res. Asst. Sercan YILDIZ<\/td>\n<td style=\"padding: 10px;text-align: center\">C-106<\/td>\n<td style=\"padding: 10px;text-align: left\"><a style=\"color: blue;text-decoration: underline\" href=\"mailto:sercanyildiz@ticaret.edu.tr\" rel=\"noopener\">sercanyildiz@ticaret.edu.tr<\/a><\/td>\n<\/tr>\n<\/tbody>\n<\/table>\n","protected":false},"excerpt":{"rendered":"<p>Class Year Academic Advisor Office No. E-mail 1st Year Dr. Tu\u011frul ARIK C-406 tarik@ticaret.edu.tr 2nd Year Res. Asst. Burak Kaan \u00d6Z\u00c7EL\u0130K B-109 bkozcelik@ticaret.edu.tr 3rd Year Assoc. Prof. Dr. G\u00fcldenur \u00c7ET\u0130N C-206 gadiguzel@ticaret.edu.tr 4th Year Res. Asst. Sercan YILDIZ C-106 sercanyildiz@ticaret.edu.tr<\/p>\n","protected":false},"author":139,"featured_media":0,"parent":0,"menu_order":0,"comment_status":"closed","ping_status":"closed","template":"genel_sayfa.php","meta":{"footnotes":""},"yoast_head":"<!-- This site is optimized with the Yoast SEO Premium plugin v22.1 (Yoast SEO v22.1) - https:\/\/yoast.com\/wordpress\/plugins\/seo\/ -->\n<title>Student Advisors - \u0130ktisat<\/title>\n<meta name=\"robots\" content=\"index, follow, max-snippet:-1, max-image-preview:large, max-video-preview:-1\" \/>\n<link rel=\"canonical\" href=\"https:\/\/ticaret.edu.tr\/iktisat\/en\/student-advisors\/\" \/>\n<meta property=\"og:locale\" content=\"tr_TR\" \/>\n<meta property=\"og:type\" content=\"article\" \/>\n<meta property=\"og:title\" content=\"Student Advisors\" \/>\n<meta property=\"og:description\" content=\"Class Year Academic Advisor Office No. E-mail 1st Year Dr. Tu\u011frul ARIK C-406 tarik@ticaret.edu.tr 2nd Year Res. Asst. Burak Kaan \u00d6Z\u00c7EL\u0130K B-109 bkozcelik@ticaret.edu.tr 3rd Year Assoc. Prof. Dr. G\u00fcldenur \u00c7ET\u0130N C-206 gadiguzel@ticaret.edu.tr 4th Year Res. Asst. Sercan YILDIZ C-106 sercanyildiz@ticaret.edu.tr\" \/>\n<meta property=\"og:url\" content=\"https:\/\/ticaret.edu.tr\/iktisat\/en\/student-advisors\/\" \/>\n<meta property=\"og:site_name\" content=\"\u0130ktisat\" \/>\n<meta property=\"article:publisher\" content=\"https:\/\/www.facebook.com\/ticaretedutr\" \/>\n<meta property=\"article:modified_time\" content=\"2026-02-04T10:51:58+00:00\" \/>\n<meta property=\"og:image\" content=\"http:\/\/ticaret.edu.tr\/iktisat\/wp-content\/uploads\/sites\/9\/2021\/11\/web_logo-01.jpg\" \/>\n\t<meta property=\"og:image:width\" content=\"1250\" \/>\n\t<meta property=\"og:image:height\" content=\"833\" \/>\n\t<meta property=\"og:image:type\" content=\"image\/jpeg\" \/>\n<meta name=\"twitter:card\" content=\"summary_large_image\" \/>\n<meta name=\"twitter:site\" content=\"@ticaretedutr\" \/>\n<meta name=\"twitter:label1\" content=\"Tahmini okuma s\u00fcresi\" \/>\n\t<meta name=\"twitter:data1\" content=\"1 dakika\" \/>\n<script type=\"application\/ld+json\" class=\"yoast-schema-graph\">{\"@context\":\"https:\/\/schema.org\",\"@graph\":[{\"@type\":\"WebPage\",\"@id\":\"https:\/\/ticaret.edu.tr\/iktisat\/en\/student-advisors\/\",\"url\":\"https:\/\/ticaret.edu.tr\/iktisat\/en\/student-advisors\/\",\"name\":\"Student Advisors - \u0130ktisat\",\"isPartOf\":{\"@id\":\"https:\/\/ticaret.edu.tr\/iktisat\/#website\"},\"datePublished\":\"2025-01-26T16:19:19+00:00\",\"dateModified\":\"2026-02-04T10:51:58+00:00\",\"breadcrumb\":{\"@id\":\"https:\/\/ticaret.edu.tr\/iktisat\/en\/student-advisors\/#breadcrumb\"},\"inLanguage\":\"tr\",\"potentialAction\":[{\"@type\":\"ReadAction\",\"target\":[\"https:\/\/ticaret.edu.tr\/iktisat\/en\/student-advisors\/\"]}]},{\"@type\":\"BreadcrumbList\",\"@id\":\"https:\/\/ticaret.edu.tr\/iktisat\/en\/student-advisors\/#breadcrumb\",\"itemListElement\":[{\"@type\":\"ListItem\",\"position\":1,\"name\":\"Ana sayfa\",\"item\":\"https:\/\/ticaret.edu.tr\/iktisat\/\"},{\"@type\":\"ListItem\",\"position\":2,\"name\":\"Student Advisors\"}]},{\"@type\":\"WebSite\",\"@id\":\"https:\/\/ticaret.edu.tr\/iktisat\/#website\",\"url\":\"https:\/\/ticaret.edu.tr\/iktisat\/\",\"name\":\"\u0130ktisat\",\"description\":\"\",\"potentialAction\":[{\"@type\":\"SearchAction\",\"target\":{\"@type\":\"EntryPoint\",\"urlTemplate\":\"https:\/\/ticaret.edu.tr\/iktisat\/?s={search_term_string}\"},\"query-input\":\"required name=search_term_string\"}],\"inLanguage\":\"tr\"}]}<\/script>\n<!-- \/ Yoast SEO Premium plugin. -->","yoast_head_json":{"title":"Student Advisors - \u0130ktisat","robots":{"index":"index","follow":"follow","max-snippet":"max-snippet:-1","max-image-preview":"max-image-preview:large","max-video-preview":"max-video-preview:-1"},"canonical":"https:\/\/ticaret.edu.tr\/iktisat\/en\/student-advisors\/","og_locale":"tr_TR","og_type":"article","og_title":"Student Advisors","og_description":"Class Year Academic Advisor Office No. E-mail 1st Year Dr. Tu\u011frul ARIK C-406 tarik@ticaret.edu.tr 2nd Year Res. Asst. Burak Kaan \u00d6Z\u00c7EL\u0130K B-109 bkozcelik@ticaret.edu.tr 3rd Year Assoc. Prof. Dr. G\u00fcldenur \u00c7ET\u0130N C-206 gadiguzel@ticaret.edu.tr 4th Year Res. Asst. Sercan YILDIZ C-106 sercanyildiz@ticaret.edu.tr","og_url":"https:\/\/ticaret.edu.tr\/iktisat\/en\/student-advisors\/","og_site_name":"\u0130ktisat","article_publisher":"https:\/\/www.facebook.com\/ticaretedutr","article_modified_time":"2026-02-04T10:51:58+00:00","og_image":[{"width":1250,"height":833,"url":"http:\/\/ticaret.edu.tr\/iktisat\/wp-content\/uploads\/sites\/9\/2021\/11\/web_logo-01.jpg","type":"image\/jpeg"}],"twitter_card":"summary_large_image","twitter_site":"@ticaretedutr","twitter_misc":{"Tahmini okuma s\u00fcresi":"1 dakika"},"schema":{"@context":"https:\/\/schema.org","@graph":[{"@type":"WebPage","@id":"https:\/\/ticaret.edu.tr\/iktisat\/en\/student-advisors\/","url":"https:\/\/ticaret.edu.tr\/iktisat\/en\/student-advisors\/","name":"Student Advisors - \u0130ktisat","isPartOf":{"@id":"https:\/\/ticaret.edu.tr\/iktisat\/#website"},"datePublished":"2025-01-26T16:19:19+00:00","dateModified":"2026-02-04T10:51:58+00:00","breadcrumb":{"@id":"https:\/\/ticaret.edu.tr\/iktisat\/en\/student-advisors\/#breadcrumb"},"inLanguage":"tr","potentialAction":[{"@type":"ReadAction","target":["https:\/\/ticaret.edu.tr\/iktisat\/en\/student-advisors\/"]}]},{"@type":"BreadcrumbList","@id":"https:\/\/ticaret.edu.tr\/iktisat\/en\/student-advisors\/#breadcrumb","itemListElement":[{"@type":"ListItem","position":1,"name":"Ana sayfa","item":"https:\/\/ticaret.edu.tr\/iktisat\/"},{"@type":"ListItem","position":2,"name":"Student Advisors"}]},{"@type":"WebSite","@id":"https:\/\/ticaret.edu.tr\/iktisat\/#website","url":"https:\/\/ticaret.edu.tr\/iktisat\/","name":"\u0130ktisat","description":"","potentialAction":[{"@type":"SearchAction","target":{"@type":"EntryPoint","urlTemplate":"https:\/\/ticaret.edu.tr\/iktisat\/?s={search_term_string}"},"query-input":"required name=search_term_string"}],"inLanguage":"tr"}]}},"lang":"en","translations":{"en":1535,"tr":1533},"pll_sync_post":[],"_links":{"self":[{"href":"http:\/\/ticaret.edu.tr\/iktisat\/wp-json\/wp\/v2\/pages\/1535"}],"collection":[{"href":"http:\/\/ticaret.edu.tr\/iktisat\/wp-json\/wp\/v2\/pages"}],"about":[{"href":"http:\/\/ticaret.edu.tr\/iktisat\/wp-json\/wp\/v2\/types\/page"}],"author":[{"embeddable":true,"href":"http:\/\/ticaret.edu.tr\/iktisat\/wp-json\/wp\/v2\/users\/139"}],"replies":[{"embeddable":true,"href":"http:\/\/ticaret.edu.tr\/iktisat\/wp-json\/wp\/v2\/comments?post=1535"}],"version-history":[{"count":5,"href":"http:\/\/ticaret.edu.tr\/iktisat\/wp-json\/wp\/v2\/pages\/1535\/revisions"}],"predecessor-version":[{"id":2773,"href":"http:\/\/ticaret.edu.tr\/iktisat\/wp-json\/wp\/v2\/pages\/1535\/revisions\/2773"}],"wp:attachment":[{"href":"http:\/\/ticaret.edu.tr\/iktisat\/wp-json\/wp\/v2\/media?parent=1535"}],"curies":[{"name":"wp","href":"https:\/\/api.w.org\/{rel}","templated":true}]}}