{"id":1537,"date":"2025-01-26T19:19:35","date_gmt":"2025-01-26T16:19:35","guid":{"rendered":"https:\/\/ticaret.edu.tr\/iktisat\/?page_id=1537"},"modified":"2026-01-15T08:51:12","modified_gmt":"2026-01-15T05:51:12","slug":"ogrenci-topluluklari","status":"publish","type":"page","link":"http:\/\/ticaret.edu.tr\/iktisat\/ogrenci-topluluklari\/","title":{"rendered":"\u00d6\u011frenci Topluluklar\u0131"},"content":{"rendered":"<p data-start=\"1325\" data-end=\"1699\"><img loading=\"lazy\" decoding=\"async\" class=\"aligncenter size-full wp-image-2395\" src=\"http:\/\/ticaret.edu.tr\/iktisat\/wp-content\/uploads\/sites\/9\/2025\/12\/WhatsApp-Image-2025-12-22-at-11.05.51.jpeg\" alt=\"\" width=\"1600\" height=\"1066\" srcset=\"http:\/\/ticaret.edu.tr\/iktisat\/wp-content\/uploads\/sites\/9\/2025\/12\/WhatsApp-Image-2025-12-22-at-11.05.51.jpeg 1600w, http:\/\/ticaret.edu.tr\/iktisat\/wp-content\/uploads\/sites\/9\/2025\/12\/WhatsApp-Image-2025-12-22-at-11.05.51-300x200.jpeg 300w, http:\/\/ticaret.edu.tr\/iktisat\/wp-content\/uploads\/sites\/9\/2025\/12\/WhatsApp-Image-2025-12-22-at-11.05.51-1024x682.jpeg 1024w, http:\/\/ticaret.edu.tr\/iktisat\/wp-content\/uploads\/sites\/9\/2025\/12\/WhatsApp-Image-2025-12-22-at-11.05.51-768x512.jpeg 768w, http:\/\/ticaret.edu.tr\/iktisat\/wp-content\/uploads\/sites\/9\/2025\/12\/WhatsApp-Image-2025-12-22-at-11.05.51-1536x1023.jpeg 1536w\" sizes=\"(max-width: 1600px) 100vw, 1600px\" \/><\/p>\n<p data-start=\"1325\" data-end=\"1699\">Prof. Dr. Bet\u00fcl G\u00fcr dan\u0131\u015fmanl\u0131\u011f\u0131nda kurulan \u0130stanbul Ticaret \u00dcniversitesi S\u00fcrd\u00fcr\u00fclebilirlik Toplulu\u011fu, 19 Aral\u0131k 2025 tarihinde \u0130stanbul \u00dcniversitesi Avrupa \u0130li\u015fkiler Kul\u00fcb\u00fc ev sahipli\u011finde ger\u00e7ekle\u015ftirilen\u00a0<em>\u201cS\u00fcrd\u00fcr\u00fclebilir Kalk\u0131nma Ama\u00e7lar\u0131 (SKA) Pratik Haftas\u0131\u201d<\/em>\u00a0organizasyonunda iki ayr\u0131 birincilik elde ederek \u00f6nemli bir ba\u015far\u0131ya imza att\u0131.<\/p>\n<p data-start=\"1325\" data-end=\"1699\">Farkl\u0131 \u00fcniversitelerden \u00f6\u011frenci topluluklar\u0131n\u0131n kat\u0131l\u0131m\u0131yla d\u00fczenlenen organizasyon kapsam\u0131nda; \u00f6\u011frenci gruplar\u0131n\u0131n k\u00fcresel hedefler do\u011frultusunda fikir, politika ve \u00e7\u00f6z\u00fcm \u00f6nerileri geli\u015ftirdi\u011fi vaka \u00e7al\u0131\u015fmalar\u0131 j\u00fcri de\u011ferlendirmesine sunuldu. Etkinlik kapsam\u0131nda kat\u0131l\u0131mc\u0131lara Birle\u015fmi\u015f Milletler S\u00fcrd\u00fcr\u00fclebilir Kalk\u0131nma Ama\u00e7lar\u0131 kura y\u00f6ntemiyle da\u011f\u0131t\u0131ld\u0131. Gruplar kendilerine atanan SKA\u2019lar do\u011frultusunda g\u00fcncel toplumsal ve ekonomik sorunlar\u0131 ele alarak; uygulanabilir, \u00e7ok payda\u015fl\u0131 ve s\u00fcrd\u00fcr\u00fclebilir \u00e7\u00f6z\u00fcm \u00f6nerileri geli\u015ftirdi. Vaka \u00e7al\u0131\u015fmas\u0131 s\u00fcrecinin sonunda her grup, geli\u015ftirdi\u011fi \u00e7\u00f6z\u00fcm setini j\u00fcriye sunarak; s\u00fcrd\u00fcr\u00fclebilir kalk\u0131nma hedefleriyle uyum, uygulanabilirlik ve stratejik b\u00fct\u00fcnl\u00fck kriterleri \u00fczerinden de\u011ferlendirmeye tabi tutuldu.<\/p>\n<p data-start=\"1325\" data-end=\"1699\">S\u00fcrd\u00fcr\u00fclebilirlik Toplulu\u011fu \u00fcyelerimiz,\u00a0<em>\u201cSKA 1 \u2013 Yoksullu\u011fa Son\u201d<\/em>\u00a0ba\u015fl\u0131\u011f\u0131nda Medipol \u00dcniversitesi \u00f6\u011frencileri ile,\u00a0<em>\u201cSKA 2 \u2013 A\u00e7l\u0131\u011fa Son\u201d<\/em>\u00a0ba\u015fl\u0131\u011f\u0131 alt\u0131nda ise \u0130stanbul \u00dcniversitesi \u00f6\u011frencileri ile ortak projeler y\u00fcr\u00fctt\u00fc. Haz\u0131rlanan bu kapsaml\u0131 \u00e7al\u0131\u015fmalar, toplumsal sorunlara y\u00f6nelik uygulanabilir ve \u00e7ok payda\u015fl\u0131 \u00e7\u00f6z\u00fcm yakla\u015f\u0131mlar\u0131 sayesinde j\u00fcri taraf\u0131ndan ortak birincilik derecesine lay\u0131k g\u00f6r\u00fcld\u00fc.<\/p>\n<p data-start=\"1325\" data-end=\"1699\"><em>SKA 1 \u2013 Yoksullu\u011fa Son<\/em>\u00a0kategorisinde birincili\u011fi payla\u015fan ekipte S\u00fcrd\u00fcr\u00fclebilirlik Toplulu\u011fu Proje Planlama Komisyonu \u00fcyesi Beyza Nur Akp\u0131nar yer al\u0131rken,\u00a0<em>SKA 2 \u2013 A\u00e7l\u0131\u011fa Son<\/em>\u00a0kategorisinde birincili\u011fi payla\u015fan ekipte ise S\u00fcrd\u00fcr\u00fclebilirlik Toplulu\u011fu Genel Sekreteri Eda G\u00fclse Soylu ile topluluk \u00fcyelerimiz Kaan Mete ve Merve Yal\u00e7\u0131n yer ald\u0131.<\/p>\n<p data-start=\"1325\" data-end=\"1699\">Her iki kategoride de \u0130stanbul Ticaret \u00dcniversitesi S\u00fcrd\u00fcr\u00fclebilirlik Toplulu\u011fu \u00fcyelerinin yer almas\u0131, toplulu\u011fun disiplinleraras\u0131 yakla\u015f\u0131m\u0131n\u0131n ve saha odakl\u0131 \u00e7\u00f6z\u00fcm \u00fcretme kapasitesinin somut bir g\u00f6stergesi oldu. \u00c7ifte birincilik ba\u015far\u0131s\u0131, S\u00fcrd\u00fcr\u00fclebilirlik Toplulu\u011fu\u2019nun uygulama temelli \u00e7al\u0131\u015fmalar\u0131n\u0131n bir \u00e7\u0131kt\u0131s\u0131 olarak, \u00f6\u011frencilerimizin S\u00fcrd\u00fcr\u00fclebilir Kalk\u0131nma Hedefleri\u2019ne yaln\u0131zca teorik olarak de\u011fil, uygulanabilir ve savunulabilir \u00e7\u00f6z\u00fcmler \u00fcreterek de katk\u0131 sunabilece\u011fini ortaya koydu.<\/p>\n<p data-start=\"1325\" data-end=\"1699\">G\u00f6sterdikleri bu ba\u015far\u0131dan dolay\u0131 \u00f6\u011frencilerimiz tebrik eder, ba\u015far\u0131lar\u0131n\u0131n devam\u0131n\u0131 dileriz.<\/p>\n<p>&nbsp;<\/p>\n<hr \/>\n<p>&nbsp;<\/p>\n<p><img loading=\"lazy\" decoding=\"async\" class=\"aligncenter size-full wp-image-2279\" src=\"http:\/\/ticaret.edu.tr\/iktisat\/wp-content\/uploads\/sites\/9\/2025\/11\/logo3.png\" alt=\"\" width=\"900\" height=\"505\" srcset=\"http:\/\/ticaret.edu.tr\/iktisat\/wp-content\/uploads\/sites\/9\/2025\/11\/logo3.png 900w, http:\/\/ticaret.edu.tr\/iktisat\/wp-content\/uploads\/sites\/9\/2025\/11\/logo3-300x168.png 300w, http:\/\/ticaret.edu.tr\/iktisat\/wp-content\/uploads\/sites\/9\/2025\/11\/logo3-768x431.png 768w\" sizes=\"(max-width: 900px) 100vw, 900px\" \/><\/p>\n<p>Prof. Dr. Bet\u00fcl G\u00fcr\u2019\u00fcn akademik dan\u0131\u015fmanl\u0131\u011f\u0131nda, \u0130ktisat B\u00f6l\u00fcm\u00fc \u00f6\u011frencileri ile farkl\u0131 b\u00f6l\u00fcmlerden \u00f6\u011frencilerin bir araya gelmesiyle kurulan S\u00fcrd\u00fcr\u00fclebilirlik Toplulu\u011fu (Sustainability Society) \u00e7al\u0131\u015fmalar\u0131na ba\u015flad\u0131.<\/p>\n<p>\u0130lk y\u00f6netim kurulu toplant\u0131s\u0131nda, topluluk b\u00fcnyesinde faaliyet g\u00f6sterecek komisyonlar belirlendi ve d\u00f6nem sonuna kadar ger\u00e7ekle\u015ftirilecek etkinlikler planland\u0131.<\/p>\n<p>S\u00fcrd\u00fcr\u00fclebilirlik Toplulu\u011fu taraf\u0131ndan yap\u0131lan \u00e7a\u011fr\u0131 \u015fu \u015fekilde:<\/p>\n<p><em>Misyonumuz;<\/em><br \/>\n<em>\u2022 \u201cS\u00fcrd\u00fcr\u00fclebilirlik\u201d ve \u201cD\u00f6ng\u00fcsel Ekonomi\u201d kavramlar\u0131n\u0131n g\u00fcn\u00fcm\u00fczde artan \u00f6nemi ve kapsay\u0131c\u0131l\u0131\u011f\u0131ndan yola \u00e7\u0131karak,<\/em><br \/>\n<em>\u2022 Ekonomi bilimini merkeze alan interdisipliner bir yakla\u015f\u0131mla,<\/em><br \/>\n<em>\u2022 \u00dcniversitemizin ba\u015fta \u0130ktisat olmak \u00fczere t\u00fcm \u00f6\u011frencilerinin gerekli bilgi, beceri ve yetkinliklere sahip bireyler olarak yeti\u015fmesini,<\/em><br \/>\n<em>\u2022 Akademik ve toplumsal d\u00fczeyde de\u011fer ortaya koyma kapasitesini art\u0131rmas\u0131n\u0131 sa\u011flamakt\u0131r.<\/em><\/p>\n<p><em>Vizyonumuz;<\/em><br \/>\n<em>\u2022 \u201cS\u00fcrd\u00fcr\u00fclebilir Kalk\u0131nma Ama\u00e7lar\u0131\u201d kapsam\u0131nda farkl\u0131 alanlardaki etkinlikleriyle;<\/em><br \/>\n<em>\u2022 Akademik bilgi ve toplumsal de\u011fer \u00fcreten,<\/em><br \/>\n<em>\u2022 Kamuoyu fark\u0131ndal\u0131\u011f\u0131na katk\u0131 sa\u011flayan,<\/em><br \/>\n<em>\u2022 \u0130\u015f d\u00fcnyas\u0131n\u0131n ihtiya\u00e7 duydu\u011fu bilgi, beceri ve yetkinliklere sahip mezunlar\u0131n yeti\u015fmesine katk\u0131 sunan bir \u00f6\u011frenci toplulu\u011fu olmakt\u0131r.<\/em><\/p>\n<p><em>\u00dcniversitemizin b\u00fct\u00fcn \u00f6\u011frencilerini S\u00fcrd\u00fcr\u00fclebilirlik Toplululu\u011fu\u2019na \u00fcye olmaya; ayr\u0131ca b\u00fct\u00fcn di\u011fer \u00f6\u011frenci topluluklar\u0131n\u0131, di\u011fer \u00fcniversiteleri, ara\u015ft\u0131rma merkezlerini, kurum i\u00e7i ve kurum d\u0131\u015f\u0131 t\u00fcm payda\u015f kamu\/\u00f6zel kurum ve kurulu\u015flar\u0131n\u0131, STK\u2019lar\u0131 S\u00fcrd\u00fcr\u00fclebilirlik Toplulu\u011fu ile ortak \u00e7al\u0131\u015fmalar yapmaya davet ediyoruz.<\/em><\/p>\n<p>&nbsp;<\/p>\n<hr \/>\n<p>&nbsp;<\/p>\n<p><img loading=\"lazy\" decoding=\"async\" class=\"size-full wp-image-2051 aligncenter\" src=\"http:\/\/ticaret.edu.tr\/iktisat\/wp-content\/uploads\/sites\/9\/2025\/06\/ez3.jpeg\" alt=\"\" width=\"2048\" height=\"1366\" srcset=\"http:\/\/ticaret.edu.tr\/iktisat\/wp-content\/uploads\/sites\/9\/2025\/06\/ez3.jpeg 2048w, http:\/\/ticaret.edu.tr\/iktisat\/wp-content\/uploads\/sites\/9\/2025\/06\/ez3-300x200.jpeg 300w, http:\/\/ticaret.edu.tr\/iktisat\/wp-content\/uploads\/sites\/9\/2025\/06\/ez3-1024x683.jpeg 1024w, http:\/\/ticaret.edu.tr\/iktisat\/wp-content\/uploads\/sites\/9\/2025\/06\/ez3-768x512.jpeg 768w, http:\/\/ticaret.edu.tr\/iktisat\/wp-content\/uploads\/sites\/9\/2025\/06\/ez3-1536x1025.jpeg 1536w\" sizes=\"(max-width: 2048px) 100vw, 2048px\" \/><\/p>\n<p>\u0130stanbul Ticaret \u00dcniversitesi Ekonomi Toplulu\u011fu, ekonomi ve sosyal bilimler alan\u0131na ilgi duyan \u00f6\u011frencileri bir araya getirerek akademik ve sekt\u00f6rel geli\u015fimlerini desteklemeyi ama\u00e7layan aktif bir \u00f6\u011frenci kul\u00fcb\u00fcd\u00fcr. Toplulu\u011fumuz; seminerler, paneller, at\u00f6lyeler ve kurum ziyaretleri arac\u0131l\u0131\u011f\u0131yla \u00f6\u011frencilerin g\u00fcncel ekonomik geli\u015fmeleri takip etmelerini ve i\u015f d\u00fcnyas\u0131na haz\u0131rl\u0131kl\u0131 bireyler olarak yeti\u015fmelerini hedefler.<\/p>\n<p>Kul\u00fcb\u00fcm\u00fcz\u00fcn en kapsaml\u0131 etkinliklerinden biri olan Ekonomi Zirvesi, her y\u0131l akademisyenleri ve sekt\u00f6r temsilcilerini \u00f6\u011frencilerle bulu\u015fturan, geni\u015f kat\u0131l\u0131ml\u0131 ve prestijli bir organizasyondur. Zirvede g\u00fcncel ekonomik konular ele al\u0131narak \u00f6\u011frencilerin vizyonlar\u0131n\u0131 geli\u015ftirmeleri sa\u011flan\u0131r.<\/p>\n<p>Ekonomi Toplulu\u011fu, \u00f6\u011frencilerin teorik bilgilerini uygulama alan\u0131na ta\u015f\u0131yabilecekleri, ileti\u015fim ve liderlik becerilerini geli\u015ftirebilecekleri verimli bir ortam sunar. Yeni gelen t\u00fcm \u00f6\u011frencileri, \u00f6\u011frenmeye, \u00fcretmeye ve geli\u015fmeye a\u00e7\u0131k bu toplulu\u011fun par\u00e7as\u0131 olmaya davet ediyoruz.<\/p>\n","protected":false},"excerpt":{"rendered":"<p>Prof. Dr. Bet\u00fcl G\u00fcr dan\u0131\u015fmanl\u0131\u011f\u0131nda kurulan \u0130stanbul Ticaret \u00dcniversitesi S\u00fcrd\u00fcr\u00fclebilirlik Toplulu\u011fu, 19 Aral\u0131k 2025 tarihinde \u0130stanbul \u00dcniversitesi Avrupa \u0130li\u015fkiler Kul\u00fcb\u00fc ev sahipli\u011finde ger\u00e7ekle\u015ftirilen\u00a0\u201cS\u00fcrd\u00fcr\u00fclebilir Kalk\u0131nma Ama\u00e7lar\u0131 (SKA) Pratik Haftas\u0131\u201d\u00a0organizasyonunda iki ayr\u0131 birincilik elde ederek \u00f6nemli bir ba\u015far\u0131ya imza att\u0131. Farkl\u0131 \u00fcniversitelerden \u00f6\u011frenci topluluklar\u0131n\u0131n kat\u0131l\u0131m\u0131yla d\u00fczenlenen organizasyon kapsam\u0131nda; \u00f6\u011frenci gruplar\u0131n\u0131n k\u00fcresel hedefler do\u011frultusunda fikir, politika ve \u00e7\u00f6z\u00fcm [&hellip;]<\/p>\n","protected":false},"author":139,"featured_media":0,"parent":0,"menu_order":0,"comment_status":"closed","ping_status":"closed","template":"genel_sayfa.php","meta":{"footnotes":""},"yoast_head":"<!-- This site is optimized with the Yoast SEO Premium plugin v22.1 (Yoast SEO v22.1) - https:\/\/yoast.com\/wordpress\/plugins\/seo\/ -->\n<title>\u00d6\u011frenci Topluluklar\u0131 - \u0130ktisat<\/title>\n<meta name=\"robots\" content=\"index, follow, max-snippet:-1, max-image-preview:large, max-video-preview:-1\" \/>\n<link rel=\"canonical\" href=\"https:\/\/ticaret.edu.tr\/iktisat\/ogrenci-topluluklari\/\" \/>\n<meta property=\"og:locale\" content=\"tr_TR\" \/>\n<meta property=\"og:type\" content=\"article\" \/>\n<meta property=\"og:title\" content=\"\u00d6\u011frenci Topluluklar\u0131\" \/>\n<meta property=\"og:description\" content=\"Prof. Dr. Bet\u00fcl G\u00fcr dan\u0131\u015fmanl\u0131\u011f\u0131nda kurulan \u0130stanbul Ticaret \u00dcniversitesi S\u00fcrd\u00fcr\u00fclebilirlik Toplulu\u011fu, 19 Aral\u0131k 2025 tarihinde \u0130stanbul \u00dcniversitesi Avrupa \u0130li\u015fkiler Kul\u00fcb\u00fc ev sahipli\u011finde ger\u00e7ekle\u015ftirilen\u00a0\u201cS\u00fcrd\u00fcr\u00fclebilir Kalk\u0131nma Ama\u00e7lar\u0131 (SKA) Pratik Haftas\u0131\u201d\u00a0organizasyonunda iki ayr\u0131 birincilik elde ederek \u00f6nemli bir ba\u015far\u0131ya imza att\u0131. Farkl\u0131 \u00fcniversitelerden \u00f6\u011frenci topluluklar\u0131n\u0131n kat\u0131l\u0131m\u0131yla d\u00fczenlenen organizasyon kapsam\u0131nda; \u00f6\u011frenci gruplar\u0131n\u0131n k\u00fcresel hedefler do\u011frultusunda fikir, politika ve \u00e7\u00f6z\u00fcm [&hellip;]\" \/>\n<meta property=\"og:url\" content=\"https:\/\/ticaret.edu.tr\/iktisat\/ogrenci-topluluklari\/\" \/>\n<meta property=\"og:site_name\" content=\"\u0130ktisat\" \/>\n<meta property=\"article:publisher\" content=\"https:\/\/www.facebook.com\/ticaretedutr\" \/>\n<meta property=\"article:modified_time\" content=\"2026-01-15T05:51:12+00:00\" \/>\n<meta property=\"og:image\" content=\"http:\/\/ticaret.edu.tr\/iktisat\/wp-content\/uploads\/sites\/9\/2025\/12\/WhatsApp-Image-2025-12-22-at-11.05.51.jpeg\" \/>\n<meta name=\"twitter:card\" content=\"summary_large_image\" \/>\n<meta name=\"twitter:site\" content=\"@ticaretedutr\" \/>\n<meta name=\"twitter:label1\" content=\"Tahmini okuma s\u00fcresi\" \/>\n\t<meta name=\"twitter:data1\" content=\"4 dakika\" \/>\n<script type=\"application\/ld+json\" class=\"yoast-schema-graph\">{\"@context\":\"https:\/\/schema.org\",\"@graph\":[{\"@type\":\"WebPage\",\"@id\":\"https:\/\/ticaret.edu.tr\/iktisat\/ogrenci-topluluklari\/\",\"url\":\"https:\/\/ticaret.edu.tr\/iktisat\/ogrenci-topluluklari\/\",\"name\":\"\u00d6\u011frenci Topluluklar\u0131 - \u0130ktisat\",\"isPartOf\":{\"@id\":\"https:\/\/ticaret.edu.tr\/iktisat\/#website\"},\"datePublished\":\"2025-01-26T16:19:35+00:00\",\"dateModified\":\"2026-01-15T05:51:12+00:00\",\"breadcrumb\":{\"@id\":\"https:\/\/ticaret.edu.tr\/iktisat\/ogrenci-topluluklari\/#breadcrumb\"},\"inLanguage\":\"tr\",\"potentialAction\":[{\"@type\":\"ReadAction\",\"target\":[\"https:\/\/ticaret.edu.tr\/iktisat\/ogrenci-topluluklari\/\"]}]},{\"@type\":\"BreadcrumbList\",\"@id\":\"https:\/\/ticaret.edu.tr\/iktisat\/ogrenci-topluluklari\/#breadcrumb\",\"itemListElement\":[{\"@type\":\"ListItem\",\"position\":1,\"name\":\"Ana sayfa\",\"item\":\"https:\/\/ticaret.edu.tr\/iktisat\/\"},{\"@type\":\"ListItem\",\"position\":2,\"name\":\"\u00d6\u011frenci Topluluklar\u0131\"}]},{\"@type\":\"WebSite\",\"@id\":\"https:\/\/ticaret.edu.tr\/iktisat\/#website\",\"url\":\"https:\/\/ticaret.edu.tr\/iktisat\/\",\"name\":\"\u0130ktisat\",\"description\":\"\",\"potentialAction\":[{\"@type\":\"SearchAction\",\"target\":{\"@type\":\"EntryPoint\",\"urlTemplate\":\"https:\/\/ticaret.edu.tr\/iktisat\/?s={search_term_string}\"},\"query-input\":\"required name=search_term_string\"}],\"inLanguage\":\"tr\"}]}<\/script>\n<!-- \/ Yoast SEO Premium plugin. -->","yoast_head_json":{"title":"\u00d6\u011frenci Topluluklar\u0131 - \u0130ktisat","robots":{"index":"index","follow":"follow","max-snippet":"max-snippet:-1","max-image-preview":"max-image-preview:large","max-video-preview":"max-video-preview:-1"},"canonical":"https:\/\/ticaret.edu.tr\/iktisat\/ogrenci-topluluklari\/","og_locale":"tr_TR","og_type":"article","og_title":"\u00d6\u011frenci Topluluklar\u0131","og_description":"Prof. Dr. Bet\u00fcl G\u00fcr dan\u0131\u015fmanl\u0131\u011f\u0131nda kurulan \u0130stanbul Ticaret \u00dcniversitesi S\u00fcrd\u00fcr\u00fclebilirlik Toplulu\u011fu, 19 Aral\u0131k 2025 tarihinde \u0130stanbul \u00dcniversitesi Avrupa \u0130li\u015fkiler Kul\u00fcb\u00fc ev sahipli\u011finde ger\u00e7ekle\u015ftirilen\u00a0\u201cS\u00fcrd\u00fcr\u00fclebilir Kalk\u0131nma Ama\u00e7lar\u0131 (SKA) Pratik Haftas\u0131\u201d\u00a0organizasyonunda iki ayr\u0131 birincilik elde ederek \u00f6nemli bir ba\u015far\u0131ya imza att\u0131. Farkl\u0131 \u00fcniversitelerden \u00f6\u011frenci topluluklar\u0131n\u0131n kat\u0131l\u0131m\u0131yla d\u00fczenlenen organizasyon kapsam\u0131nda; \u00f6\u011frenci gruplar\u0131n\u0131n k\u00fcresel hedefler do\u011frultusunda fikir, politika ve \u00e7\u00f6z\u00fcm [&hellip;]","og_url":"https:\/\/ticaret.edu.tr\/iktisat\/ogrenci-topluluklari\/","og_site_name":"\u0130ktisat","article_publisher":"https:\/\/www.facebook.com\/ticaretedutr","article_modified_time":"2026-01-15T05:51:12+00:00","og_image":[{"url":"http:\/\/ticaret.edu.tr\/iktisat\/wp-content\/uploads\/sites\/9\/2025\/12\/WhatsApp-Image-2025-12-22-at-11.05.51.jpeg"}],"twitter_card":"summary_large_image","twitter_site":"@ticaretedutr","twitter_misc":{"Tahmini okuma s\u00fcresi":"4 dakika"},"schema":{"@context":"https:\/\/schema.org","@graph":[{"@type":"WebPage","@id":"https:\/\/ticaret.edu.tr\/iktisat\/ogrenci-topluluklari\/","url":"https:\/\/ticaret.edu.tr\/iktisat\/ogrenci-topluluklari\/","name":"\u00d6\u011frenci Topluluklar\u0131 - \u0130ktisat","isPartOf":{"@id":"https:\/\/ticaret.edu.tr\/iktisat\/#website"},"datePublished":"2025-01-26T16:19:35+00:00","dateModified":"2026-01-15T05:51:12+00:00","breadcrumb":{"@id":"https:\/\/ticaret.edu.tr\/iktisat\/ogrenci-topluluklari\/#breadcrumb"},"inLanguage":"tr","potentialAction":[{"@type":"ReadAction","target":["https:\/\/ticaret.edu.tr\/iktisat\/ogrenci-topluluklari\/"]}]},{"@type":"BreadcrumbList","@id":"https:\/\/ticaret.edu.tr\/iktisat\/ogrenci-topluluklari\/#breadcrumb","itemListElement":[{"@type":"ListItem","position":1,"name":"Ana sayfa","item":"https:\/\/ticaret.edu.tr\/iktisat\/"},{"@type":"ListItem","position":2,"name":"\u00d6\u011frenci Topluluklar\u0131"}]},{"@type":"WebSite","@id":"https:\/\/ticaret.edu.tr\/iktisat\/#website","url":"https:\/\/ticaret.edu.tr\/iktisat\/","name":"\u0130ktisat","description":"","potentialAction":[{"@type":"SearchAction","target":{"@type":"EntryPoint","urlTemplate":"https:\/\/ticaret.edu.tr\/iktisat\/?s={search_term_string}"},"query-input":"required name=search_term_string"}],"inLanguage":"tr"}]}},"lang":"tr","translations":{"en":1539,"tr":1537},"pll_sync_post":[],"_links":{"self":[{"href":"http:\/\/ticaret.edu.tr\/iktisat\/wp-json\/wp\/v2\/pages\/1537"}],"collection":[{"href":"http:\/\/ticaret.edu.tr\/iktisat\/wp-json\/wp\/v2\/pages"}],"about":[{"href":"http:\/\/ticaret.edu.tr\/iktisat\/wp-json\/wp\/v2\/types\/page"}],"author":[{"embeddable":true,"href":"http:\/\/ticaret.edu.tr\/iktisat\/wp-json\/wp\/v2\/users\/139"}],"replies":[{"embeddable":true,"href":"http:\/\/ticaret.edu.tr\/iktisat\/wp-json\/wp\/v2\/comments?post=1537"}],"version-history":[{"count":5,"href":"http:\/\/ticaret.edu.tr\/iktisat\/wp-json\/wp\/v2\/pages\/1537\/revisions"}],"predecessor-version":[{"id":2527,"href":"http:\/\/ticaret.edu.tr\/iktisat\/wp-json\/wp\/v2\/pages\/1537\/revisions\/2527"}],"wp:attachment":[{"href":"http:\/\/ticaret.edu.tr\/iktisat\/wp-json\/wp\/v2\/media?parent=1537"}],"curies":[{"name":"wp","href":"https:\/\/api.w.org\/{rel}","templated":true}]}}