{"id":1541,"date":"2025-01-26T19:21:04","date_gmt":"2025-01-26T16:21:04","guid":{"rendered":"https:\/\/ticaret.edu.tr\/iktisat\/?page_id=1541"},"modified":"2025-07-09T16:12:15","modified_gmt":"2025-07-09T13:12:15","slug":"bolum-kurul-ve-komisyonlari","status":"publish","type":"page","link":"http:\/\/ticaret.edu.tr\/iktisat\/bolum-kurul-ve-komisyonlari\/","title":{"rendered":"B\u00f6l\u00fcm Kurul ve Komisyonlar\u0131"},"content":{"rendered":"<table style=\"width: 100%;border-collapse: collapse\" border=\"1\">\n<thead>\n<tr>\n<th style=\"padding: 12px;text-align: center\" colspan=\"3\">DANI\u015eMA KURULU<\/th>\n<\/tr>\n<\/thead>\n<thead>\n<tr>\n<th style=\"padding: 10px;background-color: #ffd44e;text-align: center\">Unvan \/ Ad Soyad<\/th>\n<th style=\"padding: 10px;background-color: #ffd44e;text-align: center\">\u00c7al\u0131\u015ft\u0131\u011f\u0131 Kurum<\/th>\n<th style=\"padding: 10px;background-color: #ffd44e;text-align: center\">G\u00f6revi<\/th>\n<\/tr>\n<\/thead>\n<tbody>\n<tr>\n<td style=\"padding: 10px;text-align: left\">Prof. Dr. Bet\u00fcl G\u00dcR<\/td>\n<td style=\"padding: 10px;text-align: left\">\u0130stanbul Ticaret \u00dcniversitesi<\/td>\n<td style=\"padding: 10px;text-align: left\">B\u00f6l\u00fcm Ba\u015fkan\u0131<\/td>\n<\/tr>\n<tr>\n<td style=\"padding: 10px;text-align: left\">Do\u00e7. Dr. G\u00fcldenur \u00c7ET\u0130N<\/td>\n<td style=\"padding: 10px;text-align: left\">\u0130stanbul Ticaret \u00dcniversitesi<\/td>\n<td style=\"padding: 10px;text-align: left\">Kalite Komisyonu \u00dcyesi<\/td>\n<\/tr>\n<tr>\n<td style=\"padding: 10px;text-align: left\">Ar\u015f. G\u00f6r. Sercan YILDIZ<\/td>\n<td style=\"padding: 10px;text-align: left\">\u0130stanbul Ticaret \u00dcniversitesi<\/td>\n<td style=\"padding: 10px;text-align: left\">Kalite El\u00e7isi<\/td>\n<\/tr>\n<tr>\n<td style=\"padding: 10px;text-align: left\">Ay\u015fenur \u00c7EL\u0130K<\/td>\n<td style=\"padding: 10px;text-align: left\">\u0130stanbul Ticaret \u00dcniversitesi<\/td>\n<td style=\"padding: 10px;text-align: left\">\u00d6\u011frenci Temsilcisi<\/td>\n<\/tr>\n<tr>\n<td style=\"padding: 10px;text-align: left\">A. M\u00fcfit ERKARAKA\u015e<\/td>\n<td style=\"padding: 10px;text-align: left\">\u0130stanbul Yeminli Mali M\u00fc\u015favirler Odas\u0131<\/td>\n<td style=\"padding: 10px;text-align: left\">Ba\u015fkan<\/td>\n<\/tr>\n<tr>\n<td style=\"padding: 10px;text-align: left\">Berk G\u00dcLENER<\/td>\n<td style=\"padding: 10px;text-align: left\">Pladis Global<\/td>\n<td style=\"padding: 10px;text-align: left\">Sat\u0131\u015f Y\u00f6neticisi \/ Mezun<\/td>\n<\/tr>\n<tr>\n<td style=\"padding: 10px;text-align: left\">Dr. \u0130nan\u00e7 As\u0131m S\u00d6ZER<\/td>\n<td style=\"padding: 10px;text-align: left\">Vistus Glocal Dan\u0131\u015fmanl\u0131k<\/td>\n<td style=\"padding: 10px;text-align: left\">Ba\u015f Ekonomist<\/td>\n<\/tr>\n<tr>\n<td style=\"padding: 10px;text-align: left\">\u0130smail ERT\u00dcRK<\/td>\n<td style=\"padding: 10px;text-align: left\">Manchester \u00dcniversitesi<\/td>\n<td style=\"padding: 10px;text-align: left\">\u00d6\u011fretim \u00dcyesi<\/td>\n<\/tr>\n<tr>\n<td style=\"padding: 10px;text-align: left\">Prof. Dr. Murat Ali Y\u00dcLEK<\/td>\n<td style=\"padding: 10px;text-align: left\">Ostim Teknik \u00dcniversitesi<\/td>\n<td style=\"padding: 10px;text-align: left\">Rekt\u00f6r<\/td>\n<\/tr>\n<tr>\n<td style=\"padding: 10px;text-align: left\">Dr. Selahattin Arma\u011fan VURDU<\/td>\n<td style=\"padding: 10px;text-align: left\">\u0130stanbul Maden ve Metaller \u0130hracat\u00e7\u0131 Birlikleri (\u0130MM\u0130B)<\/td>\n<td style=\"padding: 10px;text-align: left\">Genel Sekreter<\/td>\n<\/tr>\n<tr>\n<td style=\"padding: 10px;text-align: left\">Vehbi KARABIYIK<\/td>\n<td style=\"padding: 10px;text-align: left\">Karden YMM A.\u015e.<\/td>\n<td style=\"padding: 10px;text-align: left\">Yeminli Mali M\u00fc\u015favir<\/td>\n<\/tr>\n<\/tbody>\n<\/table>\n<p>&nbsp;<\/p>\n<table style=\"width: 100%;border-collapse: collapse\" border=\"1\">\n<thead>\n<tr>\n<th style=\"padding: 12px;text-align: center\" colspan=\"2\">KAL\u0130TE KOM\u0130SYONU<\/th>\n<\/tr>\n<\/thead>\n<thead>\n<tr>\n<th style=\"padding: 10px;background-color: #ffd44e\">Unvan \/ Ad Soyad<\/th>\n<th style=\"padding: 10px;background-color: #ffd44e\">G\u00f6revi<\/th>\n<\/tr>\n<\/thead>\n<tbody>\n<tr>\n<td style=\"padding: 10px;text-align: left\">Prof. Dr. Bet\u00fcl G\u00dcR<\/td>\n<td style=\"padding: 10px;text-align: left\">B\u00f6l\u00fcm Ba\u015fkan\u0131 \/ Komisyon Ba\u015fkan\u0131<\/td>\n<\/tr>\n<tr>\n<td style=\"padding: 10px;text-align: left\">Do\u00e7. Dr. G\u00fcldenur \u00c7ET\u0130N<\/td>\n<td style=\"padding: 10px;text-align: left\">\u00dcye<\/td>\n<\/tr>\n<tr>\n<td style=\"padding: 10px;text-align: left\">Ar\u015f. G\u00f6r. Sercan YILDIZ<\/td>\n<td style=\"padding: 10px;text-align: left\">B\u00f6l\u00fcm Kalite El\u00e7isi<\/td>\n<\/tr>\n<tr>\n<td style=\"padding: 10px;text-align: left\">Ay\u015fenur \u00c7EL\u0130K<\/td>\n<td style=\"padding: 10px;text-align: left\">\u0130\u015fletme Fak\u00fcltesi ve \u0130ktisat B\u00f6l\u00fcm\u00fc \u00d6\u011frenci Temsilcisi<\/td>\n<\/tr>\n<\/tbody>\n<\/table>\n<p>&nbsp;<\/p>\n<table style=\"width: 100%;border-collapse: collapse\" border=\"1\">\n<thead>\n<tr>\n<th style=\"padding: 12px;text-align: center\" colspan=\"2\">AKRED\u0130TASYON KOM\u0130SYONU<\/th>\n<\/tr>\n<\/thead>\n<thead>\n<tr>\n<th style=\"padding: 10px;background-color: #ffd44e\">Unvan \/ Ad Soyad<\/th>\n<th style=\"padding: 10px;background-color: #ffd44e\">G\u00f6revi<\/th>\n<\/tr>\n<\/thead>\n<tbody>\n<tr>\n<td style=\"padding: 10px;text-align: left\">Prof. Dr. Bet\u00fcl G\u00dcR<\/td>\n<td style=\"padding: 10px;text-align: left\">B\u00f6l\u00fcm Ba\u015fkan\u0131 \/ Komisyon Ba\u015fkan\u0131<\/td>\n<\/tr>\n<tr>\n<td style=\"padding: 10px;text-align: left\">Do\u00e7. Dr. G\u00fcldenur \u00c7ET\u0130N<\/td>\n<td style=\"padding: 10px;text-align: left\">\u00dcye<\/td>\n<\/tr>\n<tr>\n<td style=\"padding: 10px;text-align: left\">Dr. \u00d6\u011fr. \u00dcy. Tu\u011frul ARIK<\/td>\n<td style=\"padding: 10px;text-align: left\">\u00dcye<\/td>\n<\/tr>\n<tr>\n<td style=\"padding: 10px;text-align: left\">Ar\u015f. G\u00f6r. Sercan YILDIZ<\/td>\n<td style=\"padding: 10px;text-align: left\">\u00dcye<\/td>\n<\/tr>\n<tr>\n<td style=\"padding: 10px;text-align: left\">Ay\u015fenur \u00c7EL\u0130K<\/td>\n<td style=\"padding: 10px;text-align: left\">\u0130\u015fletme Fak\u00fcltesi ve \u0130ktisat B\u00f6l\u00fcm\u00fc \u00d6\u011frenci Temsilcisi<\/td>\n<\/tr>\n<\/tbody>\n<\/table>\n<p>&nbsp;<\/p>\n<table style=\"width: 100%;border-collapse: collapse\" border=\"1\">\n<thead>\n<tr>\n<th style=\"padding: 12px;text-align: center\" colspan=\"2\">STAJ KOM\u0130SYONU<\/th>\n<\/tr>\n<\/thead>\n<thead>\n<tr>\n<th style=\"padding: 10px;background-color: #ffd44e\">Unvan \/ Ad Soyad<\/th>\n<th style=\"padding: 10px;background-color: #ffd44e\">G\u00f6revi<\/th>\n<\/tr>\n<\/thead>\n<tbody>\n<tr>\n<td style=\"padding: 10px;text-align: left\">Do\u00e7. Dr. G\u00fcldenur \u00c7ET\u0130N<\/td>\n<td style=\"padding: 10px;text-align: left\">Komisyon Ba\u015fkan\u0131<\/td>\n<\/tr>\n<tr>\n<td style=\"padding: 10px;text-align: left\">Prof. Dr. Bet\u00fcl G\u00dcR<\/td>\n<td style=\"padding: 10px;text-align: left\">\u00dcye<\/td>\n<\/tr>\n<tr>\n<td style=\"padding: 10px;text-align: left\">Dr. \u00d6\u011fr. \u00dcy. Tu\u011frul ARIK<\/td>\n<td style=\"padding: 10px;text-align: left\">\u00dcye<\/td>\n<\/tr>\n<tr>\n<td style=\"padding: 10px;text-align: left\">Ar\u015f. G\u00f6r. Sercan YILDIZ<\/td>\n<td style=\"padding: 10px;text-align: left\">\u00dcye<\/td>\n<\/tr>\n<\/tbody>\n<\/table>\n","protected":false},"excerpt":{"rendered":"<p>DANI\u015eMA KURULU Unvan \/ Ad Soyad \u00c7al\u0131\u015ft\u0131\u011f\u0131 Kurum G\u00f6revi Prof. Dr. Bet\u00fcl G\u00dcR \u0130stanbul Ticaret \u00dcniversitesi B\u00f6l\u00fcm Ba\u015fkan\u0131 Do\u00e7. Dr. G\u00fcldenur \u00c7ET\u0130N \u0130stanbul Ticaret \u00dcniversitesi Kalite Komisyonu \u00dcyesi Ar\u015f. G\u00f6r. Sercan YILDIZ \u0130stanbul Ticaret \u00dcniversitesi Kalite El\u00e7isi Ay\u015fenur \u00c7EL\u0130K \u0130stanbul Ticaret \u00dcniversitesi \u00d6\u011frenci Temsilcisi A. M\u00fcfit ERKARAKA\u015e \u0130stanbul Yeminli Mali M\u00fc\u015favirler Odas\u0131 Ba\u015fkan Berk G\u00dcLENER [&hellip;]<\/p>\n","protected":false},"author":139,"featured_media":0,"parent":0,"menu_order":0,"comment_status":"closed","ping_status":"closed","template":"genel_sayfa.php","meta":{"footnotes":""},"yoast_head":"<!-- This site is optimized with the Yoast SEO Premium plugin v22.1 (Yoast SEO v22.1) - https:\/\/yoast.com\/wordpress\/plugins\/seo\/ -->\n<title>B\u00f6l\u00fcm Kurul ve Komisyonlar\u0131 - \u0130ktisat<\/title>\n<meta name=\"robots\" content=\"index, follow, max-snippet:-1, max-image-preview:large, max-video-preview:-1\" \/>\n<link rel=\"canonical\" href=\"https:\/\/ticaret.edu.tr\/iktisat\/bolum-kurul-ve-komisyonlari\/\" \/>\n<meta property=\"og:locale\" content=\"tr_TR\" \/>\n<meta property=\"og:type\" content=\"article\" \/>\n<meta property=\"og:title\" content=\"B\u00f6l\u00fcm Kurul ve Komisyonlar\u0131\" \/>\n<meta property=\"og:description\" content=\"DANI\u015eMA KURULU Unvan \/ Ad Soyad \u00c7al\u0131\u015ft\u0131\u011f\u0131 Kurum G\u00f6revi Prof. Dr. Bet\u00fcl G\u00dcR \u0130stanbul Ticaret \u00dcniversitesi B\u00f6l\u00fcm Ba\u015fkan\u0131 Do\u00e7. Dr. G\u00fcldenur \u00c7ET\u0130N \u0130stanbul Ticaret \u00dcniversitesi Kalite Komisyonu \u00dcyesi Ar\u015f. G\u00f6r. Sercan YILDIZ \u0130stanbul Ticaret \u00dcniversitesi Kalite El\u00e7isi Ay\u015fenur \u00c7EL\u0130K \u0130stanbul Ticaret \u00dcniversitesi \u00d6\u011frenci Temsilcisi A. M\u00fcfit ERKARAKA\u015e \u0130stanbul Yeminli Mali M\u00fc\u015favirler Odas\u0131 Ba\u015fkan Berk G\u00dcLENER [&hellip;]\" \/>\n<meta property=\"og:url\" content=\"https:\/\/ticaret.edu.tr\/iktisat\/bolum-kurul-ve-komisyonlari\/\" \/>\n<meta property=\"og:site_name\" content=\"\u0130ktisat\" \/>\n<meta property=\"article:publisher\" content=\"https:\/\/www.facebook.com\/ticaretedutr\" \/>\n<meta property=\"article:modified_time\" content=\"2025-07-09T13:12:15+00:00\" \/>\n<meta property=\"og:image\" content=\"http:\/\/ticaret.edu.tr\/iktisat\/wp-content\/uploads\/sites\/9\/2021\/11\/web_logo-01.jpg\" \/>\n\t<meta property=\"og:image:width\" content=\"1250\" \/>\n\t<meta property=\"og:image:height\" content=\"833\" \/>\n\t<meta property=\"og:image:type\" content=\"image\/jpeg\" \/>\n<meta name=\"twitter:card\" content=\"summary_large_image\" \/>\n<meta name=\"twitter:site\" content=\"@ticaretedutr\" \/>\n<meta name=\"twitter:label1\" content=\"Tahmini okuma s\u00fcresi\" \/>\n\t<meta name=\"twitter:data1\" content=\"2 dakika\" \/>\n<script type=\"application\/ld+json\" class=\"yoast-schema-graph\">{\"@context\":\"https:\/\/schema.org\",\"@graph\":[{\"@type\":\"WebPage\",\"@id\":\"https:\/\/ticaret.edu.tr\/iktisat\/bolum-kurul-ve-komisyonlari\/\",\"url\":\"https:\/\/ticaret.edu.tr\/iktisat\/bolum-kurul-ve-komisyonlari\/\",\"name\":\"B\u00f6l\u00fcm Kurul ve Komisyonlar\u0131 - \u0130ktisat\",\"isPartOf\":{\"@id\":\"https:\/\/ticaret.edu.tr\/iktisat\/#website\"},\"datePublished\":\"2025-01-26T16:21:04+00:00\",\"dateModified\":\"2025-07-09T13:12:15+00:00\",\"breadcrumb\":{\"@id\":\"https:\/\/ticaret.edu.tr\/iktisat\/bolum-kurul-ve-komisyonlari\/#breadcrumb\"},\"inLanguage\":\"tr\",\"potentialAction\":[{\"@type\":\"ReadAction\",\"target\":[\"https:\/\/ticaret.edu.tr\/iktisat\/bolum-kurul-ve-komisyonlari\/\"]}]},{\"@type\":\"BreadcrumbList\",\"@id\":\"https:\/\/ticaret.edu.tr\/iktisat\/bolum-kurul-ve-komisyonlari\/#breadcrumb\",\"itemListElement\":[{\"@type\":\"ListItem\",\"position\":1,\"name\":\"Ana sayfa\",\"item\":\"https:\/\/ticaret.edu.tr\/iktisat\/\"},{\"@type\":\"ListItem\",\"position\":2,\"name\":\"B\u00f6l\u00fcm Kurul ve Komisyonlar\u0131\"}]},{\"@type\":\"WebSite\",\"@id\":\"https:\/\/ticaret.edu.tr\/iktisat\/#website\",\"url\":\"https:\/\/ticaret.edu.tr\/iktisat\/\",\"name\":\"\u0130ktisat\",\"description\":\"\",\"potentialAction\":[{\"@type\":\"SearchAction\",\"target\":{\"@type\":\"EntryPoint\",\"urlTemplate\":\"https:\/\/ticaret.edu.tr\/iktisat\/?s={search_term_string}\"},\"query-input\":\"required name=search_term_string\"}],\"inLanguage\":\"tr\"}]}<\/script>\n<!-- \/ Yoast SEO Premium plugin. -->","yoast_head_json":{"title":"B\u00f6l\u00fcm Kurul ve Komisyonlar\u0131 - \u0130ktisat","robots":{"index":"index","follow":"follow","max-snippet":"max-snippet:-1","max-image-preview":"max-image-preview:large","max-video-preview":"max-video-preview:-1"},"canonical":"https:\/\/ticaret.edu.tr\/iktisat\/bolum-kurul-ve-komisyonlari\/","og_locale":"tr_TR","og_type":"article","og_title":"B\u00f6l\u00fcm Kurul ve Komisyonlar\u0131","og_description":"DANI\u015eMA KURULU Unvan \/ Ad Soyad \u00c7al\u0131\u015ft\u0131\u011f\u0131 Kurum G\u00f6revi Prof. Dr. Bet\u00fcl G\u00dcR \u0130stanbul Ticaret \u00dcniversitesi B\u00f6l\u00fcm Ba\u015fkan\u0131 Do\u00e7. Dr. G\u00fcldenur \u00c7ET\u0130N \u0130stanbul Ticaret \u00dcniversitesi Kalite Komisyonu \u00dcyesi Ar\u015f. G\u00f6r. Sercan YILDIZ \u0130stanbul Ticaret \u00dcniversitesi Kalite El\u00e7isi Ay\u015fenur \u00c7EL\u0130K \u0130stanbul Ticaret \u00dcniversitesi \u00d6\u011frenci Temsilcisi A. M\u00fcfit ERKARAKA\u015e \u0130stanbul Yeminli Mali M\u00fc\u015favirler Odas\u0131 Ba\u015fkan Berk G\u00dcLENER [&hellip;]","og_url":"https:\/\/ticaret.edu.tr\/iktisat\/bolum-kurul-ve-komisyonlari\/","og_site_name":"\u0130ktisat","article_publisher":"https:\/\/www.facebook.com\/ticaretedutr","article_modified_time":"2025-07-09T13:12:15+00:00","og_image":[{"width":1250,"height":833,"url":"http:\/\/ticaret.edu.tr\/iktisat\/wp-content\/uploads\/sites\/9\/2021\/11\/web_logo-01.jpg","type":"image\/jpeg"}],"twitter_card":"summary_large_image","twitter_site":"@ticaretedutr","twitter_misc":{"Tahmini okuma s\u00fcresi":"2 dakika"},"schema":{"@context":"https:\/\/schema.org","@graph":[{"@type":"WebPage","@id":"https:\/\/ticaret.edu.tr\/iktisat\/bolum-kurul-ve-komisyonlari\/","url":"https:\/\/ticaret.edu.tr\/iktisat\/bolum-kurul-ve-komisyonlari\/","name":"B\u00f6l\u00fcm Kurul ve Komisyonlar\u0131 - \u0130ktisat","isPartOf":{"@id":"https:\/\/ticaret.edu.tr\/iktisat\/#website"},"datePublished":"2025-01-26T16:21:04+00:00","dateModified":"2025-07-09T13:12:15+00:00","breadcrumb":{"@id":"https:\/\/ticaret.edu.tr\/iktisat\/bolum-kurul-ve-komisyonlari\/#breadcrumb"},"inLanguage":"tr","potentialAction":[{"@type":"ReadAction","target":["https:\/\/ticaret.edu.tr\/iktisat\/bolum-kurul-ve-komisyonlari\/"]}]},{"@type":"BreadcrumbList","@id":"https:\/\/ticaret.edu.tr\/iktisat\/bolum-kurul-ve-komisyonlari\/#breadcrumb","itemListElement":[{"@type":"ListItem","position":1,"name":"Ana sayfa","item":"https:\/\/ticaret.edu.tr\/iktisat\/"},{"@type":"ListItem","position":2,"name":"B\u00f6l\u00fcm Kurul ve Komisyonlar\u0131"}]},{"@type":"WebSite","@id":"https:\/\/ticaret.edu.tr\/iktisat\/#website","url":"https:\/\/ticaret.edu.tr\/iktisat\/","name":"\u0130ktisat","description":"","potentialAction":[{"@type":"SearchAction","target":{"@type":"EntryPoint","urlTemplate":"https:\/\/ticaret.edu.tr\/iktisat\/?s={search_term_string}"},"query-input":"required name=search_term_string"}],"inLanguage":"tr"}]}},"lang":"tr","translations":{"en":1543,"tr":1541},"pll_sync_post":[],"_links":{"self":[{"href":"http:\/\/ticaret.edu.tr\/iktisat\/wp-json\/wp\/v2\/pages\/1541"}],"collection":[{"href":"http:\/\/ticaret.edu.tr\/iktisat\/wp-json\/wp\/v2\/pages"}],"about":[{"href":"http:\/\/ticaret.edu.tr\/iktisat\/wp-json\/wp\/v2\/types\/page"}],"author":[{"embeddable":true,"href":"http:\/\/ticaret.edu.tr\/iktisat\/wp-json\/wp\/v2\/users\/139"}],"replies":[{"embeddable":true,"href":"http:\/\/ticaret.edu.tr\/iktisat\/wp-json\/wp\/v2\/comments?post=1541"}],"version-history":[{"count":9,"href":"http:\/\/ticaret.edu.tr\/iktisat\/wp-json\/wp\/v2\/pages\/1541\/revisions"}],"predecessor-version":[{"id":2030,"href":"http:\/\/ticaret.edu.tr\/iktisat\/wp-json\/wp\/v2\/pages\/1541\/revisions\/2030"}],"wp:attachment":[{"href":"http:\/\/ticaret.edu.tr\/iktisat\/wp-json\/wp\/v2\/media?parent=1541"}],"curies":[{"name":"wp","href":"https:\/\/api.w.org\/{rel}","templated":true}]}}