{"id":1543,"date":"2025-01-26T19:21:18","date_gmt":"2025-01-26T16:21:18","guid":{"rendered":"https:\/\/ticaret.edu.tr\/iktisat\/?page_id=1543"},"modified":"2026-02-13T11:40:12","modified_gmt":"2026-02-13T08:40:12","slug":"department-boards-and-committees","status":"publish","type":"page","link":"http:\/\/ticaret.edu.tr\/iktisat\/en\/department-boards-and-committees\/","title":{"rendered":"Department Boards and Committees"},"content":{"rendered":"<table style=\"width: 100%;border-collapse: collapse\" border=\"1\">\n<thead>\n<tr>\n<th style=\"padding: 12px;text-align: center\" colspan=\"3\">ADVISORY BOARD<\/th>\n<\/tr>\n<\/thead>\n<thead>\n<tr>\n<th style=\"padding: 10px;background-color: #ffd44e;text-align: center\">Title \/ Name Surname<\/th>\n<th style=\"padding: 10px;background-color: #ffd44e;text-align: center\">Institution<\/th>\n<th style=\"padding: 10px;background-color: #ffd44e;text-align: center\">Position<\/th>\n<\/tr>\n<\/thead>\n<tbody>\n<tr>\n<td style=\"padding: 10px;text-align: left\">Prof. Dr. Bet\u00fcl G\u00dcR<\/td>\n<td style=\"padding: 10px;text-align: left\">\u0130stanbul Ticaret \u00dcniversitesi<\/td>\n<td style=\"padding: 10px;text-align: left\">Head of Department<\/td>\n<\/tr>\n<tr>\n<td style=\"padding: 10px;text-align: left\">Do\u00e7. Dr. G\u00fcldenur \u00c7ET\u0130N<\/td>\n<td style=\"padding: 10px;text-align: left\">\u0130stanbul Ticaret \u00dcniversitesi<\/td>\n<td style=\"padding: 10px;text-align: left\">Quality Commission Member<\/td>\n<\/tr>\n<tr>\n<td style=\"padding: 10px;text-align: left\">Ar\u015f. G\u00f6r. Sercan YILDIZ<\/td>\n<td style=\"padding: 10px;text-align: left\">\u0130stanbul Ticaret \u00dcniversitesi<\/td>\n<td style=\"padding: 10px;text-align: left\">Quality Ambassador<\/td>\n<\/tr>\n<tr>\n<td style=\"padding: 10px;text-align: left\">Ay\u015fenur \u00c7EL\u0130K<\/td>\n<td style=\"padding: 10px;text-align: left\">\u0130stanbul Ticaret \u00dcniversitesi<\/td>\n<td style=\"padding: 10px;text-align: left\">Student Representative<\/td>\n<\/tr>\n<tr>\n<td style=\"padding: 10px;text-align: left\">A. M\u00fcfit ERKARAKA\u015e<\/td>\n<td style=\"padding: 10px;text-align: left\">\u0130stanbul Yeminli Mali M\u00fc\u015favirler Odas\u0131<\/td>\n<td style=\"padding: 10px;text-align: left\">President<\/td>\n<\/tr>\n<tr>\n<td style=\"padding: 10px;text-align: left\">Berk G\u00dcLENER<\/td>\n<td style=\"padding: 10px;text-align: left\">Pladis Global<\/td>\n<td style=\"padding: 10px;text-align: left\">Sales Manager\/ Alumnus<\/td>\n<\/tr>\n<tr>\n<td style=\"padding: 10px;text-align: left\">Dr. \u0130nan\u00e7 As\u0131m S\u00d6ZER<\/td>\n<td style=\"padding: 10px;text-align: left\">Vistus Glocal Dan\u0131\u015fmanl\u0131k<\/td>\n<td style=\"padding: 10px;text-align: left\">Chief Economist<\/td>\n<\/tr>\n<tr>\n<td style=\"padding: 10px;text-align: left\">\u0130smail ERT\u00dcRK<\/td>\n<td style=\"padding: 10px;text-align: left\">Manchester \u00dcniversitesi<\/td>\n<td style=\"padding: 10px;text-align: left\">Faculty Member<\/td>\n<\/tr>\n<tr>\n<td style=\"padding: 10px;text-align: left\">Prof. Dr. Murat Ali Y\u00dcLEK<\/td>\n<td style=\"padding: 10px;text-align: left\">Ostim Teknik \u00dcniversitesi<\/td>\n<td style=\"padding: 10px;text-align: left\">Rector<\/td>\n<\/tr>\n<tr>\n<td style=\"padding: 10px;text-align: left\">Dr. Selahattin Arma\u011fan VURDU<\/td>\n<td style=\"padding: 10px;text-align: left\">\u0130stanbul Maden ve Metaller \u0130hracat\u00e7\u0131 Birlikleri (\u0130MM\u0130B)<\/td>\n<td style=\"padding: 10px;text-align: left\">Secretary General<\/td>\n<\/tr>\n<tr>\n<td style=\"padding: 10px;text-align: left\">Vehbi KARABIYIK<\/td>\n<td style=\"padding: 10px;text-align: left\">Karden YMM A.\u015e.<\/td>\n<td style=\"padding: 10px;text-align: left\">Certified Public Accountant<\/td>\n<\/tr>\n<\/tbody>\n<\/table>\n<p>&nbsp;<\/p>\n<table style=\"width: 100%;border-collapse: collapse\" border=\"1\">\n<thead>\n<tr>\n<th style=\"padding: 12px;text-align: center\" colspan=\"2\">QUALITY COMMISSION<\/th>\n<\/tr>\n<\/thead>\n<thead>\n<tr>\n<th style=\"padding: 10px;background-color: #ffd44e\">Title \/ Name Surname<\/th>\n<th style=\"padding: 10px;background-color: #ffd44e\">Position<\/th>\n<\/tr>\n<\/thead>\n<tbody>\n<tr>\n<td style=\"padding: 10px;text-align: left\">Prof. Dr. Bet\u00fcl G\u00dcR<\/td>\n<td style=\"padding: 10px;text-align: left\">Head of Department \/ Commission Chair<\/td>\n<\/tr>\n<tr>\n<td style=\"padding: 10px;text-align: left\">Do\u00e7. Dr. G\u00fcldenur \u00c7ET\u0130N<\/td>\n<td style=\"padding: 10px;text-align: left\">Member<\/td>\n<\/tr>\n<tr>\n<td style=\"padding: 10px;text-align: left\">Ar\u015f. G\u00f6r. Sercan YILDIZ<\/td>\n<td style=\"padding: 10px;text-align: left\">Department Quality Ambassador<\/td>\n<\/tr>\n<tr>\n<td style=\"padding: 10px;text-align: left\">Ay\u015fenur \u00c7EL\u0130K<\/td>\n<td style=\"padding: 10px;text-align: left\">Faculty of Business Administration and Department of Economics Student Representative<\/td>\n<\/tr>\n<\/tbody>\n<\/table>\n<p>&nbsp;<\/p>\n<table style=\"width: 100%;border-collapse: collapse\" border=\"1\">\n<thead>\n<tr>\n<th style=\"padding: 12px;text-align: center\" colspan=\"2\">ACCREDITATION COMISSION<\/th>\n<\/tr>\n<\/thead>\n<thead>\n<tr>\n<th style=\"padding: 10px;background-color: #ffd44e\">Title \/ Name Surname<\/th>\n<th style=\"padding: 10px;background-color: #ffd44e\">Position<\/th>\n<\/tr>\n<\/thead>\n<tbody>\n<tr>\n<td style=\"padding: 10px;text-align: left\">Prof. Dr. Bet\u00fcl G\u00dcR<\/td>\n<td style=\"padding: 10px;text-align: left\">Head of Department \/ Commission Chair<\/td>\n<\/tr>\n<tr>\n<td style=\"padding: 10px;text-align: left\">Do\u00e7. Dr. G\u00fcldenur \u00c7ET\u0130N<\/td>\n<td style=\"padding: 10px;text-align: left\">Member<\/td>\n<\/tr>\n<tr>\n<td style=\"padding: 10px;text-align: left\">Dr. \u00d6\u011fr. \u00dcy. Tu\u011frul ARIK<\/td>\n<td style=\"padding: 10px;text-align: left\">Member<\/td>\n<\/tr>\n<tr>\n<td style=\"padding: 10px;text-align: left\">Ar\u015f. G\u00f6r. Sercan YILDIZ<\/td>\n<td style=\"padding: 10px;text-align: left\">Member<\/td>\n<\/tr>\n<tr>\n<td style=\"padding: 10px;text-align: left\">Ay\u015fenur \u00c7EL\u0130K<\/td>\n<td style=\"padding: 10px;text-align: left\">Faculty of Business Administration and Department of Economics Student Representative<\/td>\n<\/tr>\n<\/tbody>\n<\/table>\n<p>&nbsp;<\/p>\n<table style=\"width: 100%;border-collapse: collapse\" border=\"1\">\n<thead>\n<tr>\n<th style=\"padding: 12px;text-align: center\" colspan=\"2\">INTERNSHIP COMMISSION<\/th>\n<\/tr>\n<\/thead>\n<thead>\n<tr>\n<th style=\"padding: 10px;background-color: #ffd44e\">Title \/ Name Surname<\/th>\n<th style=\"padding: 10px;background-color: #ffd44e\">Position<\/th>\n<\/tr>\n<\/thead>\n<tbody>\n<tr>\n<td style=\"padding: 10px;text-align: left\">Do\u00e7. Dr. G\u00fcldenur \u00c7ET\u0130N<\/td>\n<td style=\"padding: 10px;text-align: left\">Commission Chair<\/td>\n<\/tr>\n<tr>\n<td style=\"padding: 10px;text-align: left\">Prof. Dr. Bet\u00fcl G\u00dcR<\/td>\n<td style=\"padding: 10px;text-align: left\">Member<\/td>\n<\/tr>\n<tr>\n<td style=\"padding: 10px;text-align: left\">Dr. \u00d6\u011fr. \u00dcy. Tu\u011frul ARIK<\/td>\n<td style=\"padding: 10px;text-align: left\">Member<\/td>\n<\/tr>\n<tr>\n<td style=\"padding: 10px;text-align: left\">Ar\u015f. G\u00f6r. Sercan YILDIZ<\/td>\n<td style=\"padding: 10px;text-align: left\">Member<\/td>\n<\/tr>\n<\/tbody>\n<\/table>\n","protected":false},"excerpt":{"rendered":"<p>ADVISORY BOARD Title \/ Name Surname Institution Position Prof. Dr. Bet\u00fcl G\u00dcR \u0130stanbul Ticaret \u00dcniversitesi Head of Department Do\u00e7. Dr. G\u00fcldenur \u00c7ET\u0130N \u0130stanbul Ticaret \u00dcniversitesi Quality Commission Member Ar\u015f. G\u00f6r. Sercan YILDIZ \u0130stanbul Ticaret \u00dcniversitesi Quality Ambassador Ay\u015fenur \u00c7EL\u0130K \u0130stanbul Ticaret \u00dcniversitesi Student Representative A. M\u00fcfit ERKARAKA\u015e \u0130stanbul Yeminli Mali M\u00fc\u015favirler Odas\u0131 President Berk G\u00dcLENER [&hellip;]<\/p>\n","protected":false},"author":139,"featured_media":0,"parent":0,"menu_order":0,"comment_status":"closed","ping_status":"closed","template":"genel_sayfa.php","meta":{"footnotes":""},"yoast_head":"<!-- This site is optimized with the Yoast SEO Premium plugin v22.1 (Yoast SEO v22.1) - https:\/\/yoast.com\/wordpress\/plugins\/seo\/ -->\n<title>Department Boards and Committees - \u0130ktisat<\/title>\n<meta name=\"robots\" content=\"index, follow, max-snippet:-1, max-image-preview:large, max-video-preview:-1\" \/>\n<link rel=\"canonical\" href=\"http:\/\/ticaret.edu.tr\/iktisat\/en\/department-boards-and-committees\/\" \/>\n<meta property=\"og:locale\" content=\"tr_TR\" \/>\n<meta property=\"og:type\" content=\"article\" \/>\n<meta property=\"og:title\" content=\"Department Boards and Committees\" \/>\n<meta property=\"og:description\" content=\"ADVISORY BOARD Title \/ Name Surname Institution Position Prof. Dr. Bet\u00fcl G\u00dcR \u0130stanbul Ticaret \u00dcniversitesi Head of Department Do\u00e7. Dr. G\u00fcldenur \u00c7ET\u0130N \u0130stanbul Ticaret \u00dcniversitesi Quality Commission Member Ar\u015f. G\u00f6r. Sercan YILDIZ \u0130stanbul Ticaret \u00dcniversitesi Quality Ambassador Ay\u015fenur \u00c7EL\u0130K \u0130stanbul Ticaret \u00dcniversitesi Student Representative A. M\u00fcfit ERKARAKA\u015e \u0130stanbul Yeminli Mali M\u00fc\u015favirler Odas\u0131 President Berk G\u00dcLENER [&hellip;]\" \/>\n<meta property=\"og:url\" content=\"http:\/\/ticaret.edu.tr\/iktisat\/en\/department-boards-and-committees\/\" \/>\n<meta property=\"og:site_name\" content=\"\u0130ktisat\" \/>\n<meta property=\"article:publisher\" content=\"https:\/\/www.facebook.com\/ticaretedutr\" \/>\n<meta property=\"article:modified_time\" content=\"2026-02-13T08:40:12+00:00\" \/>\n<meta property=\"og:image\" content=\"http:\/\/ticaret.edu.tr\/iktisat\/wp-content\/uploads\/sites\/9\/2021\/11\/web_logo-01.jpg\" \/>\n\t<meta property=\"og:image:width\" content=\"1250\" \/>\n\t<meta property=\"og:image:height\" content=\"833\" \/>\n\t<meta property=\"og:image:type\" content=\"image\/jpeg\" \/>\n<meta name=\"twitter:card\" content=\"summary_large_image\" \/>\n<meta name=\"twitter:site\" content=\"@ticaretedutr\" \/>\n<meta name=\"twitter:label1\" content=\"Tahmini okuma s\u00fcresi\" \/>\n\t<meta name=\"twitter:data1\" content=\"2 dakika\" \/>\n<script type=\"application\/ld+json\" class=\"yoast-schema-graph\">{\"@context\":\"https:\/\/schema.org\",\"@graph\":[{\"@type\":\"WebPage\",\"@id\":\"http:\/\/ticaret.edu.tr\/iktisat\/en\/department-boards-and-committees\/\",\"url\":\"http:\/\/ticaret.edu.tr\/iktisat\/en\/department-boards-and-committees\/\",\"name\":\"Department Boards and Committees - \u0130ktisat\",\"isPartOf\":{\"@id\":\"https:\/\/ticaret.edu.tr\/iktisat\/#website\"},\"datePublished\":\"2025-01-26T16:21:18+00:00\",\"dateModified\":\"2026-02-13T08:40:12+00:00\",\"breadcrumb\":{\"@id\":\"http:\/\/ticaret.edu.tr\/iktisat\/en\/department-boards-and-committees\/#breadcrumb\"},\"inLanguage\":\"tr\",\"potentialAction\":[{\"@type\":\"ReadAction\",\"target\":[\"http:\/\/ticaret.edu.tr\/iktisat\/en\/department-boards-and-committees\/\"]}]},{\"@type\":\"BreadcrumbList\",\"@id\":\"http:\/\/ticaret.edu.tr\/iktisat\/en\/department-boards-and-committees\/#breadcrumb\",\"itemListElement\":[{\"@type\":\"ListItem\",\"position\":1,\"name\":\"Ana sayfa\",\"item\":\"https:\/\/ticaret.edu.tr\/iktisat\/\"},{\"@type\":\"ListItem\",\"position\":2,\"name\":\"Department Boards and Committees\"}]},{\"@type\":\"WebSite\",\"@id\":\"https:\/\/ticaret.edu.tr\/iktisat\/#website\",\"url\":\"https:\/\/ticaret.edu.tr\/iktisat\/\",\"name\":\"\u0130ktisat\",\"description\":\"\",\"potentialAction\":[{\"@type\":\"SearchAction\",\"target\":{\"@type\":\"EntryPoint\",\"urlTemplate\":\"https:\/\/ticaret.edu.tr\/iktisat\/?s={search_term_string}\"},\"query-input\":\"required name=search_term_string\"}],\"inLanguage\":\"tr\"}]}<\/script>\n<!-- \/ Yoast SEO Premium plugin. -->","yoast_head_json":{"title":"Department Boards and Committees - \u0130ktisat","robots":{"index":"index","follow":"follow","max-snippet":"max-snippet:-1","max-image-preview":"max-image-preview:large","max-video-preview":"max-video-preview:-1"},"canonical":"http:\/\/ticaret.edu.tr\/iktisat\/en\/department-boards-and-committees\/","og_locale":"tr_TR","og_type":"article","og_title":"Department Boards and Committees","og_description":"ADVISORY BOARD Title \/ Name Surname Institution Position Prof. Dr. Bet\u00fcl G\u00dcR \u0130stanbul Ticaret \u00dcniversitesi Head of Department Do\u00e7. Dr. G\u00fcldenur \u00c7ET\u0130N \u0130stanbul Ticaret \u00dcniversitesi Quality Commission Member Ar\u015f. G\u00f6r. Sercan YILDIZ \u0130stanbul Ticaret \u00dcniversitesi Quality Ambassador Ay\u015fenur \u00c7EL\u0130K \u0130stanbul Ticaret \u00dcniversitesi Student Representative A. M\u00fcfit ERKARAKA\u015e \u0130stanbul Yeminli Mali M\u00fc\u015favirler Odas\u0131 President Berk G\u00dcLENER [&hellip;]","og_url":"http:\/\/ticaret.edu.tr\/iktisat\/en\/department-boards-and-committees\/","og_site_name":"\u0130ktisat","article_publisher":"https:\/\/www.facebook.com\/ticaretedutr","article_modified_time":"2026-02-13T08:40:12+00:00","og_image":[{"width":1250,"height":833,"url":"http:\/\/ticaret.edu.tr\/iktisat\/wp-content\/uploads\/sites\/9\/2021\/11\/web_logo-01.jpg","type":"image\/jpeg"}],"twitter_card":"summary_large_image","twitter_site":"@ticaretedutr","twitter_misc":{"Tahmini okuma s\u00fcresi":"2 dakika"},"schema":{"@context":"https:\/\/schema.org","@graph":[{"@type":"WebPage","@id":"http:\/\/ticaret.edu.tr\/iktisat\/en\/department-boards-and-committees\/","url":"http:\/\/ticaret.edu.tr\/iktisat\/en\/department-boards-and-committees\/","name":"Department Boards and Committees - \u0130ktisat","isPartOf":{"@id":"https:\/\/ticaret.edu.tr\/iktisat\/#website"},"datePublished":"2025-01-26T16:21:18+00:00","dateModified":"2026-02-13T08:40:12+00:00","breadcrumb":{"@id":"http:\/\/ticaret.edu.tr\/iktisat\/en\/department-boards-and-committees\/#breadcrumb"},"inLanguage":"tr","potentialAction":[{"@type":"ReadAction","target":["http:\/\/ticaret.edu.tr\/iktisat\/en\/department-boards-and-committees\/"]}]},{"@type":"BreadcrumbList","@id":"http:\/\/ticaret.edu.tr\/iktisat\/en\/department-boards-and-committees\/#breadcrumb","itemListElement":[{"@type":"ListItem","position":1,"name":"Ana sayfa","item":"https:\/\/ticaret.edu.tr\/iktisat\/"},{"@type":"ListItem","position":2,"name":"Department Boards and Committees"}]},{"@type":"WebSite","@id":"https:\/\/ticaret.edu.tr\/iktisat\/#website","url":"https:\/\/ticaret.edu.tr\/iktisat\/","name":"\u0130ktisat","description":"","potentialAction":[{"@type":"SearchAction","target":{"@type":"EntryPoint","urlTemplate":"https:\/\/ticaret.edu.tr\/iktisat\/?s={search_term_string}"},"query-input":"required name=search_term_string"}],"inLanguage":"tr"}]}},"lang":"en","translations":{"en":1543,"tr":1541},"pll_sync_post":[],"_links":{"self":[{"href":"http:\/\/ticaret.edu.tr\/iktisat\/wp-json\/wp\/v2\/pages\/1543"}],"collection":[{"href":"http:\/\/ticaret.edu.tr\/iktisat\/wp-json\/wp\/v2\/pages"}],"about":[{"href":"http:\/\/ticaret.edu.tr\/iktisat\/wp-json\/wp\/v2\/types\/page"}],"author":[{"embeddable":true,"href":"http:\/\/ticaret.edu.tr\/iktisat\/wp-json\/wp\/v2\/users\/139"}],"replies":[{"embeddable":true,"href":"http:\/\/ticaret.edu.tr\/iktisat\/wp-json\/wp\/v2\/comments?post=1543"}],"version-history":[{"count":3,"href":"http:\/\/ticaret.edu.tr\/iktisat\/wp-json\/wp\/v2\/pages\/1543\/revisions"}],"predecessor-version":[{"id":2787,"href":"http:\/\/ticaret.edu.tr\/iktisat\/wp-json\/wp\/v2\/pages\/1543\/revisions\/2787"}],"wp:attachment":[{"href":"http:\/\/ticaret.edu.tr\/iktisat\/wp-json\/wp\/v2\/media?parent=1543"}],"curies":[{"name":"wp","href":"https:\/\/api.w.org\/{rel}","templated":true}]}}