{"id":1545,"date":"2025-01-26T19:21:45","date_gmt":"2025-01-26T16:21:45","guid":{"rendered":"https:\/\/ticaret.edu.tr\/iktisat\/?page_id=1545"},"modified":"2025-12-22T15:13:16","modified_gmt":"2025-12-22T12:13:16","slug":"sayisal-bilgiler","status":"publish","type":"page","link":"http:\/\/ticaret.edu.tr\/iktisat\/sayisal-bilgiler\/","title":{"rendered":"Say\u0131sal Bilgiler"},"content":{"rendered":"<h2 class=\"text-3xl font-bold text-center mb-12\" style=\"text-align: center\">Son 4 Y\u0131la Ait Taban Puanlar ve Ba\u015far\u0131 S\u0131ralar\u0131<\/h2>\n<p>&nbsp;<\/p>\n<table style=\"width: 100%;border-collapse: collapse\" border=\"1\">\n<thead>\n<tr>\n<th style=\"padding: 12px;background-color: #ffd44e;text-align: center\" colspan=\"1\"><\/th>\n<th style=\"padding: 12px;background-color: #ffd44e;text-align: center\" colspan=\"2\">Burslu<\/th>\n<th style=\"padding: 12px;background-color: #ffd44e;text-align: center\" colspan=\"2\">%50 \u0130ndirimli<\/th>\n<th style=\"padding: 12px;background-color: #ffd44e;text-align: center\" colspan=\"2\">\u00dccretli<\/th>\n<\/tr>\n<\/thead>\n<thead>\n<tr>\n<th style=\"padding: 10px;background-color: #ffd44e;text-align: center\">Y\u0131l<\/th>\n<th style=\"padding: 10px;background-color: #ffd44e;text-align: center\">Taban Puan<\/th>\n<th style=\"padding: 10px;background-color: #ffd44e;text-align: center\">Ba\u015far\u0131 S\u0131ras\u0131<\/th>\n<th style=\"padding: 10px;background-color: #ffd44e;text-align: center\">Taban Puan<\/th>\n<th style=\"padding: 10px;background-color: #ffd44e;text-align: center\">Ba\u015far\u0131 S\u0131ras\u0131<\/th>\n<th style=\"padding: 10px;background-color: #ffd44e;text-align: center\">Taban Puan<\/th>\n<th style=\"padding: 10px;background-color: #ffd44e;text-align: center\">Ba\u015far\u0131 S\u0131ras\u0131<\/th>\n<\/tr>\n<\/thead>\n<tbody>\n<tr>\n<th style=\"padding: 10px;text-align: center\">2025<\/th>\n<td style=\"padding: 10px;text-align: center\">353,79695<\/td>\n<td style=\"padding: 10px;text-align: center\">114.909<\/td>\n<td style=\"padding: 10px;text-align: center\">242,79269<\/td>\n<td style=\"padding: 10px;text-align: center\">890.993<\/td>\n<td style=\"padding: 10px;text-align: center\">194,66029<\/td>\n<td style=\"padding: 10px;text-align: center\">1.395.381<\/td>\n<\/tr>\n<tr>\n<th style=\"padding: 10px;text-align: center\">2024<\/th>\n<td style=\"padding: 10px;text-align: center\">337,84398<\/td>\n<td style=\"padding: 10px;text-align: center\">163.030<\/td>\n<td style=\"padding: 10px;text-align: center\">218,00081<\/td>\n<td style=\"padding: 10px;text-align: center\">1.275.019<\/td>\n<td style=\"padding: 10px;text-align: center\">186,60291<\/td>\n<td style=\"padding: 10px;text-align: center\">1.635.944<\/td>\n<\/tr>\n<tr>\n<th style=\"padding: 10px;text-align: center\">2023<\/th>\n<td style=\"padding: 10px;text-align: center\">346,99803<\/td>\n<td style=\"padding: 10px;text-align: center\">171.487<\/td>\n<td style=\"padding: 10px;text-align: center\">278,56548<\/td>\n<td style=\"padding: 10px;text-align: center\">585.053<\/td>\n<td style=\"padding: 10px;text-align: center\">&#8211;<\/td>\n<td style=\"padding: 10px;text-align: center\">&#8211;<\/td>\n<\/tr>\n<tr>\n<th style=\"padding: 10px;text-align: center\">2022<\/th>\n<td style=\"padding: 10px;text-align: center\">342,88042<\/td>\n<td style=\"padding: 10px;text-align: center\">199.927<\/td>\n<td style=\"padding: 10px;text-align: center\">276,64394<\/td>\n<td style=\"padding: 10px;text-align: center\">592.144<\/td>\n<td style=\"padding: 10px;text-align: center\">&#8211;<\/td>\n<td style=\"padding: 10px;text-align: center\">&#8211;<\/td>\n<\/tr>\n<\/tbody>\n<\/table>\n<p>&nbsp;<\/p>\n","protected":false},"excerpt":{"rendered":"<p>Son 4 Y\u0131la Ait Taban Puanlar ve Ba\u015far\u0131 S\u0131ralar\u0131 &nbsp; Burslu %50 \u0130ndirimli \u00dccretli Y\u0131l Taban Puan Ba\u015far\u0131 S\u0131ras\u0131 Taban Puan Ba\u015far\u0131 S\u0131ras\u0131 Taban Puan Ba\u015far\u0131 S\u0131ras\u0131 2025 353,79695 114.909 242,79269 890.993 194,66029 1.395.381 2024 337,84398 163.030 218,00081 1.275.019 186,60291 1.635.944 2023 346,99803 171.487 278,56548 585.053 &#8211; &#8211; 2022 342,88042 199.927 276,64394 592.144 &#8211; &#8211; [&hellip;]<\/p>\n","protected":false},"author":139,"featured_media":0,"parent":0,"menu_order":0,"comment_status":"closed","ping_status":"closed","template":"genel_sayfa.php","meta":{"footnotes":""},"yoast_head":"<!-- This site is optimized with the Yoast SEO Premium plugin v22.1 (Yoast SEO v22.1) - https:\/\/yoast.com\/wordpress\/plugins\/seo\/ -->\n<title>Say\u0131sal Bilgiler - \u0130ktisat<\/title>\n<meta name=\"robots\" content=\"index, follow, max-snippet:-1, max-image-preview:large, max-video-preview:-1\" \/>\n<link rel=\"canonical\" href=\"https:\/\/ticaret.edu.tr\/iktisat\/sayisal-bilgiler\/\" \/>\n<meta property=\"og:locale\" content=\"tr_TR\" \/>\n<meta property=\"og:type\" content=\"article\" \/>\n<meta property=\"og:title\" content=\"Say\u0131sal Bilgiler\" \/>\n<meta property=\"og:description\" content=\"Son 4 Y\u0131la Ait Taban Puanlar ve Ba\u015far\u0131 S\u0131ralar\u0131 &nbsp; Burslu %50 \u0130ndirimli \u00dccretli Y\u0131l Taban Puan Ba\u015far\u0131 S\u0131ras\u0131 Taban Puan Ba\u015far\u0131 S\u0131ras\u0131 Taban Puan Ba\u015far\u0131 S\u0131ras\u0131 2025 353,79695 114.909 242,79269 890.993 194,66029 1.395.381 2024 337,84398 163.030 218,00081 1.275.019 186,60291 1.635.944 2023 346,99803 171.487 278,56548 585.053 &#8211; &#8211; 2022 342,88042 199.927 276,64394 592.144 &#8211; &#8211; [&hellip;]\" \/>\n<meta property=\"og:url\" content=\"https:\/\/ticaret.edu.tr\/iktisat\/sayisal-bilgiler\/\" \/>\n<meta property=\"og:site_name\" content=\"\u0130ktisat\" \/>\n<meta property=\"article:publisher\" content=\"https:\/\/www.facebook.com\/ticaretedutr\" \/>\n<meta property=\"article:modified_time\" content=\"2025-12-22T12:13:16+00:00\" \/>\n<meta property=\"og:image\" content=\"http:\/\/ticaret.edu.tr\/iktisat\/wp-content\/uploads\/sites\/9\/2021\/11\/web_logo-01.jpg\" \/>\n\t<meta property=\"og:image:width\" content=\"1250\" \/>\n\t<meta property=\"og:image:height\" content=\"833\" \/>\n\t<meta property=\"og:image:type\" content=\"image\/jpeg\" \/>\n<meta name=\"twitter:card\" content=\"summary_large_image\" \/>\n<meta name=\"twitter:site\" content=\"@ticaretedutr\" \/>\n<meta name=\"twitter:label1\" content=\"Tahmini okuma s\u00fcresi\" \/>\n\t<meta name=\"twitter:data1\" content=\"1 dakika\" \/>\n<script type=\"application\/ld+json\" class=\"yoast-schema-graph\">{\"@context\":\"https:\/\/schema.org\",\"@graph\":[{\"@type\":\"WebPage\",\"@id\":\"https:\/\/ticaret.edu.tr\/iktisat\/sayisal-bilgiler\/\",\"url\":\"https:\/\/ticaret.edu.tr\/iktisat\/sayisal-bilgiler\/\",\"name\":\"Say\u0131sal Bilgiler - \u0130ktisat\",\"isPartOf\":{\"@id\":\"http:\/\/ticaret.edu.tr\/iktisat\/en\/#website\"},\"datePublished\":\"2025-01-26T16:21:45+00:00\",\"dateModified\":\"2025-12-22T12:13:16+00:00\",\"breadcrumb\":{\"@id\":\"https:\/\/ticaret.edu.tr\/iktisat\/sayisal-bilgiler\/#breadcrumb\"},\"inLanguage\":\"tr\",\"potentialAction\":[{\"@type\":\"ReadAction\",\"target\":[\"https:\/\/ticaret.edu.tr\/iktisat\/sayisal-bilgiler\/\"]}]},{\"@type\":\"BreadcrumbList\",\"@id\":\"https:\/\/ticaret.edu.tr\/iktisat\/sayisal-bilgiler\/#breadcrumb\",\"itemListElement\":[{\"@type\":\"ListItem\",\"position\":1,\"name\":\"Ana sayfa\",\"item\":\"https:\/\/ticaret.edu.tr\/iktisat\/\"},{\"@type\":\"ListItem\",\"position\":2,\"name\":\"Say\u0131sal Bilgiler\"}]},{\"@type\":\"WebSite\",\"@id\":\"http:\/\/ticaret.edu.tr\/iktisat\/en\/#website\",\"url\":\"http:\/\/ticaret.edu.tr\/iktisat\/en\/\",\"name\":\"\u0130ktisat\",\"description\":\"\",\"potentialAction\":[{\"@type\":\"SearchAction\",\"target\":{\"@type\":\"EntryPoint\",\"urlTemplate\":\"http:\/\/ticaret.edu.tr\/iktisat\/en\/?s={search_term_string}\"},\"query-input\":\"required name=search_term_string\"}],\"inLanguage\":\"tr\"}]}<\/script>\n<!-- \/ Yoast SEO Premium plugin. -->","yoast_head_json":{"title":"Say\u0131sal Bilgiler - \u0130ktisat","robots":{"index":"index","follow":"follow","max-snippet":"max-snippet:-1","max-image-preview":"max-image-preview:large","max-video-preview":"max-video-preview:-1"},"canonical":"https:\/\/ticaret.edu.tr\/iktisat\/sayisal-bilgiler\/","og_locale":"tr_TR","og_type":"article","og_title":"Say\u0131sal Bilgiler","og_description":"Son 4 Y\u0131la Ait Taban Puanlar ve Ba\u015far\u0131 S\u0131ralar\u0131 &nbsp; Burslu %50 \u0130ndirimli \u00dccretli Y\u0131l Taban Puan Ba\u015far\u0131 S\u0131ras\u0131 Taban Puan Ba\u015far\u0131 S\u0131ras\u0131 Taban Puan Ba\u015far\u0131 S\u0131ras\u0131 2025 353,79695 114.909 242,79269 890.993 194,66029 1.395.381 2024 337,84398 163.030 218,00081 1.275.019 186,60291 1.635.944 2023 346,99803 171.487 278,56548 585.053 &#8211; &#8211; 2022 342,88042 199.927 276,64394 592.144 &#8211; &#8211; [&hellip;]","og_url":"https:\/\/ticaret.edu.tr\/iktisat\/sayisal-bilgiler\/","og_site_name":"\u0130ktisat","article_publisher":"https:\/\/www.facebook.com\/ticaretedutr","article_modified_time":"2025-12-22T12:13:16+00:00","og_image":[{"width":1250,"height":833,"url":"http:\/\/ticaret.edu.tr\/iktisat\/wp-content\/uploads\/sites\/9\/2021\/11\/web_logo-01.jpg","type":"image\/jpeg"}],"twitter_card":"summary_large_image","twitter_site":"@ticaretedutr","twitter_misc":{"Tahmini okuma s\u00fcresi":"1 dakika"},"schema":{"@context":"https:\/\/schema.org","@graph":[{"@type":"WebPage","@id":"https:\/\/ticaret.edu.tr\/iktisat\/sayisal-bilgiler\/","url":"https:\/\/ticaret.edu.tr\/iktisat\/sayisal-bilgiler\/","name":"Say\u0131sal Bilgiler - \u0130ktisat","isPartOf":{"@id":"http:\/\/ticaret.edu.tr\/iktisat\/en\/#website"},"datePublished":"2025-01-26T16:21:45+00:00","dateModified":"2025-12-22T12:13:16+00:00","breadcrumb":{"@id":"https:\/\/ticaret.edu.tr\/iktisat\/sayisal-bilgiler\/#breadcrumb"},"inLanguage":"tr","potentialAction":[{"@type":"ReadAction","target":["https:\/\/ticaret.edu.tr\/iktisat\/sayisal-bilgiler\/"]}]},{"@type":"BreadcrumbList","@id":"https:\/\/ticaret.edu.tr\/iktisat\/sayisal-bilgiler\/#breadcrumb","itemListElement":[{"@type":"ListItem","position":1,"name":"Ana sayfa","item":"https:\/\/ticaret.edu.tr\/iktisat\/"},{"@type":"ListItem","position":2,"name":"Say\u0131sal Bilgiler"}]},{"@type":"WebSite","@id":"http:\/\/ticaret.edu.tr\/iktisat\/en\/#website","url":"http:\/\/ticaret.edu.tr\/iktisat\/en\/","name":"\u0130ktisat","description":"","potentialAction":[{"@type":"SearchAction","target":{"@type":"EntryPoint","urlTemplate":"http:\/\/ticaret.edu.tr\/iktisat\/en\/?s={search_term_string}"},"query-input":"required name=search_term_string"}],"inLanguage":"tr"}]}},"lang":"tr","translations":{"en":1547,"tr":1545},"pll_sync_post":[],"_links":{"self":[{"href":"http:\/\/ticaret.edu.tr\/iktisat\/wp-json\/wp\/v2\/pages\/1545"}],"collection":[{"href":"http:\/\/ticaret.edu.tr\/iktisat\/wp-json\/wp\/v2\/pages"}],"about":[{"href":"http:\/\/ticaret.edu.tr\/iktisat\/wp-json\/wp\/v2\/types\/page"}],"author":[{"embeddable":true,"href":"http:\/\/ticaret.edu.tr\/iktisat\/wp-json\/wp\/v2\/users\/139"}],"replies":[{"embeddable":true,"href":"http:\/\/ticaret.edu.tr\/iktisat\/wp-json\/wp\/v2\/comments?post=1545"}],"version-history":[{"count":7,"href":"http:\/\/ticaret.edu.tr\/iktisat\/wp-json\/wp\/v2\/pages\/1545\/revisions"}],"predecessor-version":[{"id":2405,"href":"http:\/\/ticaret.edu.tr\/iktisat\/wp-json\/wp\/v2\/pages\/1545\/revisions\/2405"}],"wp:attachment":[{"href":"http:\/\/ticaret.edu.tr\/iktisat\/wp-json\/wp\/v2\/media?parent=1545"}],"curies":[{"name":"wp","href":"https:\/\/api.w.org\/{rel}","templated":true}]}}