{"id":1561,"date":"2025-01-26T19:24:12","date_gmt":"2025-01-26T16:24:12","guid":{"rendered":"https:\/\/ticaret.edu.tr\/iktisat\/?page_id=1561"},"modified":"2026-03-17T13:38:44","modified_gmt":"2026-03-17T10:38:44","slug":"program-egitim-amaclari","status":"publish","type":"page","link":"http:\/\/ticaret.edu.tr\/iktisat\/program-egitim-amaclari\/","title":{"rendered":"Program E\u011fitim Ama\u00e7lar\u0131"},"content":{"rendered":"<p>1. Mezuniyetlerini izleyen ilk be\u015f y\u0131l i\u00e7inde akademide, kamu ve \u00f6zel kesimde, ulusal ve uluslararas\u0131 kurulu\u015flarda, bankac\u0131l\u0131k, sigortac\u0131l\u0131k, finansal kurulu\u015flar, yat\u0131r\u0131m ve mali m\u00fc\u015favirlik \u015firketleri, denetim \u015firketleri ve i\u015fletmelerin finans\/d\u0131\u015f ticaret\/muhasebe\/pazarlama vb. departmanlar\u0131nda y\u00f6netici, analist, uzman ve uzman yard\u0131mc\u0131s\u0131, denet\u00e7i, mali m\u00fc\u015favir, ara\u015ft\u0131rmac\u0131 gibi pozisyonlarda, ekonomik ve finansal tablolar\u0131 analiz edebilen, istatistik ve ekonometrik analiz yapabilen, muhasebe i\u015flemlerini yapabilen, d\u0131\u015f ticaret ve d\u00f6viz i\u015flemlerini yapabilen bilgi, beceri ve yetkinliklere sahip mezunlar yeti\u015ftirmek.<\/p>\n<p>2. Ekonomiyle ilgili geli\u015fmeleri, olaylar\u0131, verileri k\u00fcresel ve ulusal bak\u0131\u015f a\u00e7\u0131lar\u0131yla yorumlayabilen, sorunlar\u0131 ve \u00e7\u00f6z\u00fcme y\u00f6nelik stratejileri ortaya koyabilen, alan\u0131yla ilgili teknolojik programlama dillerini ve analiz y\u00f6ntemlerini kullanarak analiz edebilen, raporlamalar ve akademik ara\u015ft\u0131rmalar yapabilen mezunlar yeti\u015ftirmek.<\/p>\n<p>3. S\u00fcrd\u00fcr\u00fclebilir kalk\u0131nma ama\u00e7lar\u0131, ye\u015fil ve dijital d\u00f6n\u00fc\u015f\u00fcm gibi evrensel ve g\u00fcncel konular\u0131 alan\u0131yla ilgili konulara adapte ederek \u00e7al\u0131\u015fma hayat\u0131nda tercih edilen, fark yaratan liderler, giri\u015fimciler, profesyoneller yeti\u015ftirmek.<\/p>\n<p>4. \u00c7al\u0131\u015fma hayat\u0131n\u0131n beklentilerini kar\u015f\u0131layabilecek \u015fekilde hayat boyu \u00f6\u011frenmeye ve ileti\u015fime a\u00e7\u0131k, liderlik ve ekip \u00e7al\u0131\u015fmas\u0131 becerilerine sahip, yenilik\u00e7i profesyoneller yeti\u015ftirmek.<\/p>\n<p>&nbsp;<\/p>\n<p>Son G\u00fcncelleme Tarihi: 16.03.2026<\/p>\n","protected":false},"excerpt":{"rendered":"<p>1. Mezuniyetlerini izleyen ilk be\u015f y\u0131l i\u00e7inde akademide, kamu ve \u00f6zel kesimde, ulusal ve uluslararas\u0131 kurulu\u015flarda, bankac\u0131l\u0131k, sigortac\u0131l\u0131k, finansal kurulu\u015flar, yat\u0131r\u0131m ve mali m\u00fc\u015favirlik \u015firketleri, denetim \u015firketleri ve i\u015fletmelerin finans\/d\u0131\u015f ticaret\/muhasebe\/pazarlama vb. departmanlar\u0131nda y\u00f6netici, analist, uzman ve uzman yard\u0131mc\u0131s\u0131, denet\u00e7i, mali m\u00fc\u015favir, ara\u015ft\u0131rmac\u0131 gibi pozisyonlarda, ekonomik ve finansal tablolar\u0131 analiz edebilen, istatistik ve ekonometrik analiz [&hellip;]<\/p>\n","protected":false},"author":139,"featured_media":0,"parent":0,"menu_order":0,"comment_status":"closed","ping_status":"closed","template":"genel_sayfa.php","meta":{"footnotes":""},"yoast_head":"<!-- This site is optimized with the Yoast SEO Premium plugin v22.1 (Yoast SEO v22.1) - https:\/\/yoast.com\/wordpress\/plugins\/seo\/ -->\n<title>Program E\u011fitim Ama\u00e7lar\u0131 - \u0130ktisat<\/title>\n<meta name=\"robots\" content=\"index, follow, max-snippet:-1, max-image-preview:large, max-video-preview:-1\" \/>\n<link rel=\"canonical\" href=\"https:\/\/ticaret.edu.tr\/iktisat\/program-egitim-amaclari\/\" \/>\n<meta property=\"og:locale\" content=\"tr_TR\" \/>\n<meta property=\"og:type\" content=\"article\" \/>\n<meta property=\"og:title\" content=\"Program E\u011fitim Ama\u00e7lar\u0131\" \/>\n<meta property=\"og:description\" content=\"1. Mezuniyetlerini izleyen ilk be\u015f y\u0131l i\u00e7inde akademide, kamu ve \u00f6zel kesimde, ulusal ve uluslararas\u0131 kurulu\u015flarda, bankac\u0131l\u0131k, sigortac\u0131l\u0131k, finansal kurulu\u015flar, yat\u0131r\u0131m ve mali m\u00fc\u015favirlik \u015firketleri, denetim \u015firketleri ve i\u015fletmelerin finans\/d\u0131\u015f ticaret\/muhasebe\/pazarlama vb. departmanlar\u0131nda y\u00f6netici, analist, uzman ve uzman yard\u0131mc\u0131s\u0131, denet\u00e7i, mali m\u00fc\u015favir, ara\u015ft\u0131rmac\u0131 gibi pozisyonlarda, ekonomik ve finansal tablolar\u0131 analiz edebilen, istatistik ve ekonometrik analiz [&hellip;]\" \/>\n<meta property=\"og:url\" content=\"https:\/\/ticaret.edu.tr\/iktisat\/program-egitim-amaclari\/\" \/>\n<meta property=\"og:site_name\" content=\"\u0130ktisat\" \/>\n<meta property=\"article:publisher\" content=\"https:\/\/www.facebook.com\/ticaretedutr\" \/>\n<meta property=\"article:modified_time\" content=\"2026-03-17T10:38:44+00:00\" \/>\n<meta property=\"og:image\" content=\"http:\/\/ticaret.edu.tr\/iktisat\/wp-content\/uploads\/sites\/9\/2021\/11\/web_logo-01.jpg\" \/>\n\t<meta property=\"og:image:width\" content=\"1250\" \/>\n\t<meta property=\"og:image:height\" content=\"833\" \/>\n\t<meta property=\"og:image:type\" content=\"image\/jpeg\" \/>\n<meta name=\"twitter:card\" content=\"summary_large_image\" \/>\n<meta name=\"twitter:site\" content=\"@ticaretedutr\" \/>\n<meta name=\"twitter:label1\" content=\"Tahmini okuma s\u00fcresi\" \/>\n\t<meta name=\"twitter:data1\" content=\"1 dakika\" \/>\n<script type=\"application\/ld+json\" class=\"yoast-schema-graph\">{\"@context\":\"https:\/\/schema.org\",\"@graph\":[{\"@type\":\"WebPage\",\"@id\":\"https:\/\/ticaret.edu.tr\/iktisat\/program-egitim-amaclari\/\",\"url\":\"https:\/\/ticaret.edu.tr\/iktisat\/program-egitim-amaclari\/\",\"name\":\"Program E\u011fitim Ama\u00e7lar\u0131 - \u0130ktisat\",\"isPartOf\":{\"@id\":\"https:\/\/ticaret.edu.tr\/iktisat\/#website\"},\"datePublished\":\"2025-01-26T16:24:12+00:00\",\"dateModified\":\"2026-03-17T10:38:44+00:00\",\"breadcrumb\":{\"@id\":\"https:\/\/ticaret.edu.tr\/iktisat\/program-egitim-amaclari\/#breadcrumb\"},\"inLanguage\":\"tr\",\"potentialAction\":[{\"@type\":\"ReadAction\",\"target\":[\"https:\/\/ticaret.edu.tr\/iktisat\/program-egitim-amaclari\/\"]}]},{\"@type\":\"BreadcrumbList\",\"@id\":\"https:\/\/ticaret.edu.tr\/iktisat\/program-egitim-amaclari\/#breadcrumb\",\"itemListElement\":[{\"@type\":\"ListItem\",\"position\":1,\"name\":\"Ana sayfa\",\"item\":\"https:\/\/ticaret.edu.tr\/iktisat\/\"},{\"@type\":\"ListItem\",\"position\":2,\"name\":\"Program E\u011fitim Ama\u00e7lar\u0131\"}]},{\"@type\":\"WebSite\",\"@id\":\"https:\/\/ticaret.edu.tr\/iktisat\/#website\",\"url\":\"https:\/\/ticaret.edu.tr\/iktisat\/\",\"name\":\"\u0130ktisat\",\"description\":\"\",\"potentialAction\":[{\"@type\":\"SearchAction\",\"target\":{\"@type\":\"EntryPoint\",\"urlTemplate\":\"https:\/\/ticaret.edu.tr\/iktisat\/?s={search_term_string}\"},\"query-input\":\"required name=search_term_string\"}],\"inLanguage\":\"tr\"}]}<\/script>\n<!-- \/ Yoast SEO Premium plugin. -->","yoast_head_json":{"title":"Program E\u011fitim Ama\u00e7lar\u0131 - \u0130ktisat","robots":{"index":"index","follow":"follow","max-snippet":"max-snippet:-1","max-image-preview":"max-image-preview:large","max-video-preview":"max-video-preview:-1"},"canonical":"https:\/\/ticaret.edu.tr\/iktisat\/program-egitim-amaclari\/","og_locale":"tr_TR","og_type":"article","og_title":"Program E\u011fitim Ama\u00e7lar\u0131","og_description":"1. Mezuniyetlerini izleyen ilk be\u015f y\u0131l i\u00e7inde akademide, kamu ve \u00f6zel kesimde, ulusal ve uluslararas\u0131 kurulu\u015flarda, bankac\u0131l\u0131k, sigortac\u0131l\u0131k, finansal kurulu\u015flar, yat\u0131r\u0131m ve mali m\u00fc\u015favirlik \u015firketleri, denetim \u015firketleri ve i\u015fletmelerin finans\/d\u0131\u015f ticaret\/muhasebe\/pazarlama vb. departmanlar\u0131nda y\u00f6netici, analist, uzman ve uzman yard\u0131mc\u0131s\u0131, denet\u00e7i, mali m\u00fc\u015favir, ara\u015ft\u0131rmac\u0131 gibi pozisyonlarda, ekonomik ve finansal tablolar\u0131 analiz edebilen, istatistik ve ekonometrik analiz [&hellip;]","og_url":"https:\/\/ticaret.edu.tr\/iktisat\/program-egitim-amaclari\/","og_site_name":"\u0130ktisat","article_publisher":"https:\/\/www.facebook.com\/ticaretedutr","article_modified_time":"2026-03-17T10:38:44+00:00","og_image":[{"width":1250,"height":833,"url":"http:\/\/ticaret.edu.tr\/iktisat\/wp-content\/uploads\/sites\/9\/2021\/11\/web_logo-01.jpg","type":"image\/jpeg"}],"twitter_card":"summary_large_image","twitter_site":"@ticaretedutr","twitter_misc":{"Tahmini okuma s\u00fcresi":"1 dakika"},"schema":{"@context":"https:\/\/schema.org","@graph":[{"@type":"WebPage","@id":"https:\/\/ticaret.edu.tr\/iktisat\/program-egitim-amaclari\/","url":"https:\/\/ticaret.edu.tr\/iktisat\/program-egitim-amaclari\/","name":"Program E\u011fitim Ama\u00e7lar\u0131 - \u0130ktisat","isPartOf":{"@id":"https:\/\/ticaret.edu.tr\/iktisat\/#website"},"datePublished":"2025-01-26T16:24:12+00:00","dateModified":"2026-03-17T10:38:44+00:00","breadcrumb":{"@id":"https:\/\/ticaret.edu.tr\/iktisat\/program-egitim-amaclari\/#breadcrumb"},"inLanguage":"tr","potentialAction":[{"@type":"ReadAction","target":["https:\/\/ticaret.edu.tr\/iktisat\/program-egitim-amaclari\/"]}]},{"@type":"BreadcrumbList","@id":"https:\/\/ticaret.edu.tr\/iktisat\/program-egitim-amaclari\/#breadcrumb","itemListElement":[{"@type":"ListItem","position":1,"name":"Ana sayfa","item":"https:\/\/ticaret.edu.tr\/iktisat\/"},{"@type":"ListItem","position":2,"name":"Program E\u011fitim Ama\u00e7lar\u0131"}]},{"@type":"WebSite","@id":"https:\/\/ticaret.edu.tr\/iktisat\/#website","url":"https:\/\/ticaret.edu.tr\/iktisat\/","name":"\u0130ktisat","description":"","potentialAction":[{"@type":"SearchAction","target":{"@type":"EntryPoint","urlTemplate":"https:\/\/ticaret.edu.tr\/iktisat\/?s={search_term_string}"},"query-input":"required name=search_term_string"}],"inLanguage":"tr"}]}},"lang":"tr","translations":{"en":1563,"tr":1561},"pll_sync_post":[],"_links":{"self":[{"href":"http:\/\/ticaret.edu.tr\/iktisat\/wp-json\/wp\/v2\/pages\/1561"}],"collection":[{"href":"http:\/\/ticaret.edu.tr\/iktisat\/wp-json\/wp\/v2\/pages"}],"about":[{"href":"http:\/\/ticaret.edu.tr\/iktisat\/wp-json\/wp\/v2\/types\/page"}],"author":[{"embeddable":true,"href":"http:\/\/ticaret.edu.tr\/iktisat\/wp-json\/wp\/v2\/users\/139"}],"replies":[{"embeddable":true,"href":"http:\/\/ticaret.edu.tr\/iktisat\/wp-json\/wp\/v2\/comments?post=1561"}],"version-history":[{"count":7,"href":"http:\/\/ticaret.edu.tr\/iktisat\/wp-json\/wp\/v2\/pages\/1561\/revisions"}],"predecessor-version":[{"id":2824,"href":"http:\/\/ticaret.edu.tr\/iktisat\/wp-json\/wp\/v2\/pages\/1561\/revisions\/2824"}],"wp:attachment":[{"href":"http:\/\/ticaret.edu.tr\/iktisat\/wp-json\/wp\/v2\/media?parent=1561"}],"curies":[{"name":"wp","href":"https:\/\/api.w.org\/{rel}","templated":true}]}}