{"id":1565,"date":"2025-01-26T19:24:44","date_gmt":"2025-01-26T16:24:44","guid":{"rendered":"https:\/\/ticaret.edu.tr\/iktisat\/?page_id=1565"},"modified":"2026-03-10T16:45:56","modified_gmt":"2026-03-10T13:45:56","slug":"program-ogretim-ciktilari","status":"publish","type":"page","link":"http:\/\/ticaret.edu.tr\/iktisat\/program-ogretim-ciktilari\/","title":{"rendered":"Program \u00d6\u011fretim \u00c7\u0131kt\u0131lar\u0131"},"content":{"rendered":"<p>\u0130stanbul Ticaret \u00dcniversitesi \u0130ktisat B\u00f6l\u00fcm\u00fc mezunlar\u0131;<\/p>\n<p>1. Mikro ve makro iktisat kuramlar\u0131n\u0131 kullanarak bireylerin, firmalar\u0131n ve kurumlar\u0131n davran\u0131\u015flar\u0131n\u0131 analiz eder.<\/p>\n<p>2. \u0130ktisadi akt\u00f6rlerin ve piyasalar\u0131n karar alma s\u00fcre\u00e7lerini uygun nicel ve nitel analiz y\u00f6ntemleriyle modelleyerek de\u011ferlendirir.<\/p>\n<p>3. G\u00fcncel iktisat teorileri ve analitik yakla\u015f\u0131mlar \u00e7er\u00e7evesinde ulusal ekonomik geli\u015fmeleri yorumlar ve analiz eder.<\/p>\n<p>4. K\u00fcresel ekonomik geli\u015fmeleri uluslararas\u0131 iktisat perspektifi ve \u00e7a\u011fda\u015f analiz y\u00f6ntemleri do\u011frultusunda de\u011ferlendirir.<\/p>\n<p>5. \u0130ktisat biliminin hukuk, i\u015fletme, siyaset bilimi, sosyoloji ve di\u011fer disiplinlerle ili\u015fkisini analiz ederek disiplinler aras\u0131 yakla\u015f\u0131mlar geli\u015ftirir.<\/p>\n<p>6. \u0130ktisadi d\u00fc\u015f\u00fcncenin tarihsel geli\u015fimini ve temel kuramsal yakla\u015f\u0131mlar\u0131n\u0131 kar\u015f\u0131la\u015ft\u0131rmal\u0131 olarak analiz eder.<\/p>\n<p>7. \u0130ktisadi d\u00fc\u015f\u00fcncenin felsefi temellerini de\u011ferlendirerek g\u00fcncel ekonomik sorunlara y\u00f6nelik \u00e7\u0131kar\u0131mlarda bulunur.<\/p>\n<p>8. Ekonomik verileri analiz etmek amac\u0131yla istatistiksel ve say\u0131sal y\u00f6ntemleri etkin bi\u00e7imde kullan\u0131r.<\/p>\n<p>9. Ekonomik d\u00f6n\u00fc\u015f\u00fcmleri izleyerek yeni analitik ara\u00e7lar\u0131 ve bilgi teknolojilerini etkin \u015fekilde kullan\u0131r.<\/p>\n<p>10. Etik de\u011ferlere ba\u011fl\u0131 ve sosyal sorumluluk bilinciyle bireysel ve ekip \u00e7al\u0131\u015fmalar\u0131n\u0131 planlar, y\u00fcr\u00fct\u00fcr ve de\u011ferlendirir.<\/p>\n<p>&nbsp;<\/p>\n<p>Son G\u00fcncelleme Tarihi: 26.02.2026<\/p>\n","protected":false},"excerpt":{"rendered":"<p>\u0130stanbul Ticaret \u00dcniversitesi \u0130ktisat B\u00f6l\u00fcm\u00fc mezunlar\u0131; 1. Mikro ve makro iktisat kuramlar\u0131n\u0131 kullanarak bireylerin, firmalar\u0131n ve kurumlar\u0131n davran\u0131\u015flar\u0131n\u0131 analiz eder. 2. \u0130ktisadi akt\u00f6rlerin ve piyasalar\u0131n karar alma s\u00fcre\u00e7lerini uygun nicel ve nitel analiz y\u00f6ntemleriyle modelleyerek de\u011ferlendirir. 3. G\u00fcncel iktisat teorileri ve analitik yakla\u015f\u0131mlar \u00e7er\u00e7evesinde ulusal ekonomik geli\u015fmeleri yorumlar ve analiz eder. 4. K\u00fcresel ekonomik geli\u015fmeleri [&hellip;]<\/p>\n","protected":false},"author":139,"featured_media":0,"parent":0,"menu_order":0,"comment_status":"closed","ping_status":"closed","template":"genel_sayfa.php","meta":{"footnotes":""},"yoast_head":"<!-- This site is optimized with the Yoast SEO Premium plugin v22.1 (Yoast SEO v22.1) - https:\/\/yoast.com\/wordpress\/plugins\/seo\/ -->\n<title>Program \u00d6\u011fretim \u00c7\u0131kt\u0131lar\u0131 - \u0130ktisat<\/title>\n<meta name=\"robots\" content=\"index, follow, max-snippet:-1, max-image-preview:large, max-video-preview:-1\" \/>\n<link rel=\"canonical\" href=\"https:\/\/ticaret.edu.tr\/iktisat\/program-ogretim-ciktilari\/\" \/>\n<meta property=\"og:locale\" content=\"tr_TR\" \/>\n<meta property=\"og:type\" content=\"article\" \/>\n<meta property=\"og:title\" content=\"Program \u00d6\u011fretim \u00c7\u0131kt\u0131lar\u0131\" \/>\n<meta property=\"og:description\" content=\"\u0130stanbul Ticaret \u00dcniversitesi \u0130ktisat B\u00f6l\u00fcm\u00fc mezunlar\u0131; 1. Mikro ve makro iktisat kuramlar\u0131n\u0131 kullanarak bireylerin, firmalar\u0131n ve kurumlar\u0131n davran\u0131\u015flar\u0131n\u0131 analiz eder. 2. \u0130ktisadi akt\u00f6rlerin ve piyasalar\u0131n karar alma s\u00fcre\u00e7lerini uygun nicel ve nitel analiz y\u00f6ntemleriyle modelleyerek de\u011ferlendirir. 3. G\u00fcncel iktisat teorileri ve analitik yakla\u015f\u0131mlar \u00e7er\u00e7evesinde ulusal ekonomik geli\u015fmeleri yorumlar ve analiz eder. 4. K\u00fcresel ekonomik geli\u015fmeleri [&hellip;]\" \/>\n<meta property=\"og:url\" content=\"https:\/\/ticaret.edu.tr\/iktisat\/program-ogretim-ciktilari\/\" \/>\n<meta property=\"og:site_name\" content=\"\u0130ktisat\" \/>\n<meta property=\"article:publisher\" content=\"https:\/\/www.facebook.com\/ticaretedutr\" \/>\n<meta property=\"article:modified_time\" content=\"2026-03-10T13:45:56+00:00\" \/>\n<meta property=\"og:image\" content=\"http:\/\/ticaret.edu.tr\/iktisat\/wp-content\/uploads\/sites\/9\/2021\/11\/web_logo-01.jpg\" \/>\n\t<meta property=\"og:image:width\" content=\"1250\" \/>\n\t<meta property=\"og:image:height\" content=\"833\" \/>\n\t<meta property=\"og:image:type\" content=\"image\/jpeg\" \/>\n<meta name=\"twitter:card\" content=\"summary_large_image\" \/>\n<meta name=\"twitter:site\" content=\"@ticaretedutr\" \/>\n<meta name=\"twitter:label1\" content=\"Tahmini okuma s\u00fcresi\" \/>\n\t<meta name=\"twitter:data1\" content=\"1 dakika\" \/>\n<script type=\"application\/ld+json\" class=\"yoast-schema-graph\">{\"@context\":\"https:\/\/schema.org\",\"@graph\":[{\"@type\":\"WebPage\",\"@id\":\"https:\/\/ticaret.edu.tr\/iktisat\/program-ogretim-ciktilari\/\",\"url\":\"https:\/\/ticaret.edu.tr\/iktisat\/program-ogretim-ciktilari\/\",\"name\":\"Program \u00d6\u011fretim \u00c7\u0131kt\u0131lar\u0131 - \u0130ktisat\",\"isPartOf\":{\"@id\":\"https:\/\/ticaret.edu.tr\/iktisat\/#website\"},\"datePublished\":\"2025-01-26T16:24:44+00:00\",\"dateModified\":\"2026-03-10T13:45:56+00:00\",\"breadcrumb\":{\"@id\":\"https:\/\/ticaret.edu.tr\/iktisat\/program-ogretim-ciktilari\/#breadcrumb\"},\"inLanguage\":\"tr\",\"potentialAction\":[{\"@type\":\"ReadAction\",\"target\":[\"https:\/\/ticaret.edu.tr\/iktisat\/program-ogretim-ciktilari\/\"]}]},{\"@type\":\"BreadcrumbList\",\"@id\":\"https:\/\/ticaret.edu.tr\/iktisat\/program-ogretim-ciktilari\/#breadcrumb\",\"itemListElement\":[{\"@type\":\"ListItem\",\"position\":1,\"name\":\"Ana sayfa\",\"item\":\"https:\/\/ticaret.edu.tr\/iktisat\/\"},{\"@type\":\"ListItem\",\"position\":2,\"name\":\"Program \u00d6\u011fretim \u00c7\u0131kt\u0131lar\u0131\"}]},{\"@type\":\"WebSite\",\"@id\":\"https:\/\/ticaret.edu.tr\/iktisat\/#website\",\"url\":\"https:\/\/ticaret.edu.tr\/iktisat\/\",\"name\":\"\u0130ktisat\",\"description\":\"\",\"potentialAction\":[{\"@type\":\"SearchAction\",\"target\":{\"@type\":\"EntryPoint\",\"urlTemplate\":\"https:\/\/ticaret.edu.tr\/iktisat\/?s={search_term_string}\"},\"query-input\":\"required name=search_term_string\"}],\"inLanguage\":\"tr\"}]}<\/script>\n<!-- \/ Yoast SEO Premium plugin. -->","yoast_head_json":{"title":"Program \u00d6\u011fretim \u00c7\u0131kt\u0131lar\u0131 - \u0130ktisat","robots":{"index":"index","follow":"follow","max-snippet":"max-snippet:-1","max-image-preview":"max-image-preview:large","max-video-preview":"max-video-preview:-1"},"canonical":"https:\/\/ticaret.edu.tr\/iktisat\/program-ogretim-ciktilari\/","og_locale":"tr_TR","og_type":"article","og_title":"Program \u00d6\u011fretim \u00c7\u0131kt\u0131lar\u0131","og_description":"\u0130stanbul Ticaret \u00dcniversitesi \u0130ktisat B\u00f6l\u00fcm\u00fc mezunlar\u0131; 1. Mikro ve makro iktisat kuramlar\u0131n\u0131 kullanarak bireylerin, firmalar\u0131n ve kurumlar\u0131n davran\u0131\u015flar\u0131n\u0131 analiz eder. 2. \u0130ktisadi akt\u00f6rlerin ve piyasalar\u0131n karar alma s\u00fcre\u00e7lerini uygun nicel ve nitel analiz y\u00f6ntemleriyle modelleyerek de\u011ferlendirir. 3. G\u00fcncel iktisat teorileri ve analitik yakla\u015f\u0131mlar \u00e7er\u00e7evesinde ulusal ekonomik geli\u015fmeleri yorumlar ve analiz eder. 4. K\u00fcresel ekonomik geli\u015fmeleri [&hellip;]","og_url":"https:\/\/ticaret.edu.tr\/iktisat\/program-ogretim-ciktilari\/","og_site_name":"\u0130ktisat","article_publisher":"https:\/\/www.facebook.com\/ticaretedutr","article_modified_time":"2026-03-10T13:45:56+00:00","og_image":[{"width":1250,"height":833,"url":"http:\/\/ticaret.edu.tr\/iktisat\/wp-content\/uploads\/sites\/9\/2021\/11\/web_logo-01.jpg","type":"image\/jpeg"}],"twitter_card":"summary_large_image","twitter_site":"@ticaretedutr","twitter_misc":{"Tahmini okuma s\u00fcresi":"1 dakika"},"schema":{"@context":"https:\/\/schema.org","@graph":[{"@type":"WebPage","@id":"https:\/\/ticaret.edu.tr\/iktisat\/program-ogretim-ciktilari\/","url":"https:\/\/ticaret.edu.tr\/iktisat\/program-ogretim-ciktilari\/","name":"Program \u00d6\u011fretim \u00c7\u0131kt\u0131lar\u0131 - \u0130ktisat","isPartOf":{"@id":"https:\/\/ticaret.edu.tr\/iktisat\/#website"},"datePublished":"2025-01-26T16:24:44+00:00","dateModified":"2026-03-10T13:45:56+00:00","breadcrumb":{"@id":"https:\/\/ticaret.edu.tr\/iktisat\/program-ogretim-ciktilari\/#breadcrumb"},"inLanguage":"tr","potentialAction":[{"@type":"ReadAction","target":["https:\/\/ticaret.edu.tr\/iktisat\/program-ogretim-ciktilari\/"]}]},{"@type":"BreadcrumbList","@id":"https:\/\/ticaret.edu.tr\/iktisat\/program-ogretim-ciktilari\/#breadcrumb","itemListElement":[{"@type":"ListItem","position":1,"name":"Ana sayfa","item":"https:\/\/ticaret.edu.tr\/iktisat\/"},{"@type":"ListItem","position":2,"name":"Program \u00d6\u011fretim \u00c7\u0131kt\u0131lar\u0131"}]},{"@type":"WebSite","@id":"https:\/\/ticaret.edu.tr\/iktisat\/#website","url":"https:\/\/ticaret.edu.tr\/iktisat\/","name":"\u0130ktisat","description":"","potentialAction":[{"@type":"SearchAction","target":{"@type":"EntryPoint","urlTemplate":"https:\/\/ticaret.edu.tr\/iktisat\/?s={search_term_string}"},"query-input":"required name=search_term_string"}],"inLanguage":"tr"}]}},"lang":"tr","translations":{"en":1567,"tr":1565},"pll_sync_post":[],"_links":{"self":[{"href":"http:\/\/ticaret.edu.tr\/iktisat\/wp-json\/wp\/v2\/pages\/1565"}],"collection":[{"href":"http:\/\/ticaret.edu.tr\/iktisat\/wp-json\/wp\/v2\/pages"}],"about":[{"href":"http:\/\/ticaret.edu.tr\/iktisat\/wp-json\/wp\/v2\/types\/page"}],"author":[{"embeddable":true,"href":"http:\/\/ticaret.edu.tr\/iktisat\/wp-json\/wp\/v2\/users\/139"}],"replies":[{"embeddable":true,"href":"http:\/\/ticaret.edu.tr\/iktisat\/wp-json\/wp\/v2\/comments?post=1565"}],"version-history":[{"count":5,"href":"http:\/\/ticaret.edu.tr\/iktisat\/wp-json\/wp\/v2\/pages\/1565\/revisions"}],"predecessor-version":[{"id":2814,"href":"http:\/\/ticaret.edu.tr\/iktisat\/wp-json\/wp\/v2\/pages\/1565\/revisions\/2814"}],"wp:attachment":[{"href":"http:\/\/ticaret.edu.tr\/iktisat\/wp-json\/wp\/v2\/media?parent=1565"}],"curies":[{"name":"wp","href":"https:\/\/api.w.org\/{rel}","templated":true}]}}