{"id":1569,"date":"2025-01-26T19:25:19","date_gmt":"2025-01-26T16:25:19","guid":{"rendered":"https:\/\/ticaret.edu.tr\/iktisat\/?page_id=1569"},"modified":"2026-01-20T13:34:31","modified_gmt":"2026-01-20T10:34:31","slug":"kazanilan-derece","status":"publish","type":"page","link":"http:\/\/ticaret.edu.tr\/iktisat\/kazanilan-derece\/","title":{"rendered":"Kazan\u0131lan Derece"},"content":{"rendered":"<h2>Kazan\u0131lan Derece ve Unvan<\/h2>\n<p>Program\u0131 ba\u015far\u0131yla tamamlayan \u00f6\u011frenciler a\u015fa\u011f\u0131daki akademik dereceyi ve unvan\u0131 almaya hak kazan\u0131rlar:<\/p>\n<ul>\n<li>Kazan\u0131lan Derece: Lisans Diplomas\u0131<\/li>\n<li>Verilen Unvan: \u0130ktisat\u00e7\u0131\/Ekonomist<\/li>\n<li>Derecenin Seviyesi: Lisans<\/li>\n<\/ul>\n<p>&nbsp;<\/p>\n<h2 data-start=\"721\" data-end=\"763\">Derecenin Kazan\u0131lma Ko\u015fullar\u0131<\/h2>\n<p data-start=\"764\" data-end=\"874\">\u00d6\u011frencilerin\u00a0lisans diplomas\u0131 almaya hak kazanabilmesi i\u00e7in\u00a0a\u015fa\u011f\u0131daki ko\u015fullar\u0131 sa\u011flamas\u0131 gerekmektedir:<\/p>\n<ul>\n<li data-start=\"876\" data-end=\"1124\">Programda yer alan t\u00fcm dersleri ba\u015far\u0131yla tamamlamak<\/li>\n<li data-start=\"876\" data-end=\"1124\">En az 240 AKTS (ECTS) kredi toplamak<\/li>\n<li data-start=\"876\" data-end=\"1124\">Genel Not Ortalamas\u0131n\u0131n (GNO) en az 2.00\/4.00 olmas\u0131<\/li>\n<\/ul>\n<p>&nbsp;<\/p>\n<h2 data-start=\"1131\" data-end=\"1173\">Derecenin Sa\u011flad\u0131\u011f\u0131 Olanaklar<\/h2>\n<p data-start=\"1174\" data-end=\"1240\">Bu program\u0131 tamamlayan mezunlar a\u015fa\u011f\u0131daki olanaklara sahip olur:<\/p>\n<h3 data-start=\"1242\" data-end=\"1268\">Akademik Kariyer<\/h3>\n<p>Akademik kariyer yapmak isteyen mezunlar, y\u00fcksek lisans ve b\u00fct\u00fcnle\u015fik doktora programlar\u0131na ba\u015fvurarak\u00a0 ilgili programlarda e\u011fitimlerine devam edebilirler.<\/p>\n<h3 data-start=\"1440\" data-end=\"1469\">\u0130stihdam Olanaklar\u0131<\/h3>\n<p>\u0130ktisat B\u00f6l\u00fcm\u00fc mezunlar\u0131 hem kamuda hem de \u00f6zel sekt\u00f6rde geni\u015f bir istihdam olana\u011f\u0131na sahiptir. Bankalar, yat\u0131r\u0131m \u015firketleri, borsa gibi bankac\u0131l\u0131k sekt\u00f6r\u00fcnde ve sermaye piyasalar\u0131nda faaliyet g\u00f6steren finansal kurulu\u015flarda; Hazine, Maliye Bakanl\u0131\u011f\u0131, Ticaret Bakanl\u0131\u011f\u0131, T\u00fcrkiye \u0130statistik Kurumu (T\u00dc\u0130K), T\u00fcrkiye Cumhuriyet Merkez Bankas\u0131 (TCMB), Bankac\u0131l\u0131k D\u00fczenleme ve Denetleme Kurumu (BDDK), Tasarruf Mevduat\u0131 Sigorta Fonu (TMSF) gibi kamu kurumlar\u0131nda ekonomist, analist, broker, bankac\u0131, m\u00fcfetti\u015f, uzman ve y\u00f6netici pozisyonlar\u0131nda g\u00f6rev alabilirler. Ayr\u0131ca D\u00fcnya Bankas\u0131, Uluslararas\u0131 Para Fonu ve benzeri uluslararas\u0131 kurulu\u015flarda \u00e7al\u0131\u015fma imkan\u0131 bulabilirler. Bas\u0131n-yay\u0131n kurulu\u015flar\u0131nda ekonomi habercili\u011fi, ekonomi programlar\u0131 gibi alanlarda \u00e7al\u0131\u015fabilirler. Gerekli formasyonlar\u0131 tamamlamak suretiyle idari hakim olabilir, ayr\u0131ca kaymakam ve vali gibi kamu b\u00fcrokrasisinde g\u00f6rev alabilirler.<\/p>\n<h3 data-start=\"1816\" data-end=\"1846\">Uluslararas\u0131 Denklik<\/h3>\n<p>Mezunlar, yurtd\u0131\u015f\u0131nda da akademik veya profesyonel kariyer yapabilirler. Bu program,\u00a0<strong data-start=\"1861\" data-end=\"1908\">Avrupa Y\u00fcksek\u00f6\u011fretim Alan\u0131 (Bologna S\u00fcreci)<\/strong>\u00a0kriterlerine uygun olup, uluslararas\u0131 tan\u0131n\u0131rl\u0131\u011fa sahiptir.<\/p>\n","protected":false},"excerpt":{"rendered":"<p>Kazan\u0131lan Derece ve Unvan Program\u0131 ba\u015far\u0131yla tamamlayan \u00f6\u011frenciler a\u015fa\u011f\u0131daki akademik dereceyi ve unvan\u0131 almaya hak kazan\u0131rlar: Kazan\u0131lan Derece: Lisans Diplomas\u0131 Verilen Unvan: \u0130ktisat\u00e7\u0131\/Ekonomist Derecenin Seviyesi: Lisans &nbsp; Derecenin Kazan\u0131lma Ko\u015fullar\u0131 \u00d6\u011frencilerin\u00a0lisans diplomas\u0131 almaya hak kazanabilmesi i\u00e7in\u00a0a\u015fa\u011f\u0131daki ko\u015fullar\u0131 sa\u011flamas\u0131 gerekmektedir: Programda yer alan t\u00fcm dersleri ba\u015far\u0131yla tamamlamak En az 240 AKTS (ECTS) kredi toplamak Genel Not [&hellip;]<\/p>\n","protected":false},"author":139,"featured_media":0,"parent":0,"menu_order":0,"comment_status":"closed","ping_status":"closed","template":"genel_sayfa.php","meta":{"footnotes":""},"yoast_head":"<!-- This site is optimized with the Yoast SEO Premium plugin v22.1 (Yoast SEO v22.1) - https:\/\/yoast.com\/wordpress\/plugins\/seo\/ -->\n<title>Kazan\u0131lan Derece - \u0130ktisat<\/title>\n<meta name=\"robots\" content=\"index, follow, max-snippet:-1, max-image-preview:large, max-video-preview:-1\" \/>\n<link rel=\"canonical\" href=\"https:\/\/ticaret.edu.tr\/iktisat\/kazanilan-derece\/\" \/>\n<meta property=\"og:locale\" content=\"tr_TR\" \/>\n<meta property=\"og:type\" content=\"article\" \/>\n<meta property=\"og:title\" content=\"Kazan\u0131lan Derece\" \/>\n<meta property=\"og:description\" content=\"Kazan\u0131lan Derece ve Unvan Program\u0131 ba\u015far\u0131yla tamamlayan \u00f6\u011frenciler a\u015fa\u011f\u0131daki akademik dereceyi ve unvan\u0131 almaya hak kazan\u0131rlar: Kazan\u0131lan Derece: Lisans Diplomas\u0131 Verilen Unvan: \u0130ktisat\u00e7\u0131\/Ekonomist Derecenin Seviyesi: Lisans &nbsp; Derecenin Kazan\u0131lma Ko\u015fullar\u0131 \u00d6\u011frencilerin\u00a0lisans diplomas\u0131 almaya hak kazanabilmesi i\u00e7in\u00a0a\u015fa\u011f\u0131daki ko\u015fullar\u0131 sa\u011flamas\u0131 gerekmektedir: Programda yer alan t\u00fcm dersleri ba\u015far\u0131yla tamamlamak En az 240 AKTS (ECTS) kredi toplamak Genel Not [&hellip;]\" \/>\n<meta property=\"og:url\" content=\"https:\/\/ticaret.edu.tr\/iktisat\/kazanilan-derece\/\" \/>\n<meta property=\"og:site_name\" content=\"\u0130ktisat\" \/>\n<meta property=\"article:publisher\" content=\"https:\/\/www.facebook.com\/ticaretedutr\" \/>\n<meta property=\"article:modified_time\" content=\"2026-01-20T10:34:31+00:00\" \/>\n<meta property=\"og:image\" content=\"http:\/\/ticaret.edu.tr\/iktisat\/wp-content\/uploads\/sites\/9\/2021\/11\/web_logo-01.jpg\" \/>\n\t<meta property=\"og:image:width\" content=\"1250\" \/>\n\t<meta property=\"og:image:height\" content=\"833\" \/>\n\t<meta property=\"og:image:type\" content=\"image\/jpeg\" \/>\n<meta name=\"twitter:card\" content=\"summary_large_image\" \/>\n<meta name=\"twitter:site\" content=\"@ticaretedutr\" \/>\n<meta name=\"twitter:label1\" content=\"Tahmini okuma s\u00fcresi\" \/>\n\t<meta name=\"twitter:data1\" content=\"2 dakika\" \/>\n<script type=\"application\/ld+json\" class=\"yoast-schema-graph\">{\"@context\":\"https:\/\/schema.org\",\"@graph\":[{\"@type\":\"WebPage\",\"@id\":\"https:\/\/ticaret.edu.tr\/iktisat\/kazanilan-derece\/\",\"url\":\"https:\/\/ticaret.edu.tr\/iktisat\/kazanilan-derece\/\",\"name\":\"Kazan\u0131lan Derece - \u0130ktisat\",\"isPartOf\":{\"@id\":\"https:\/\/ticaret.edu.tr\/iktisat\/#website\"},\"datePublished\":\"2025-01-26T16:25:19+00:00\",\"dateModified\":\"2026-01-20T10:34:31+00:00\",\"breadcrumb\":{\"@id\":\"https:\/\/ticaret.edu.tr\/iktisat\/kazanilan-derece\/#breadcrumb\"},\"inLanguage\":\"tr\",\"potentialAction\":[{\"@type\":\"ReadAction\",\"target\":[\"https:\/\/ticaret.edu.tr\/iktisat\/kazanilan-derece\/\"]}]},{\"@type\":\"BreadcrumbList\",\"@id\":\"https:\/\/ticaret.edu.tr\/iktisat\/kazanilan-derece\/#breadcrumb\",\"itemListElement\":[{\"@type\":\"ListItem\",\"position\":1,\"name\":\"Ana sayfa\",\"item\":\"https:\/\/ticaret.edu.tr\/iktisat\/\"},{\"@type\":\"ListItem\",\"position\":2,\"name\":\"Kazan\u0131lan Derece\"}]},{\"@type\":\"WebSite\",\"@id\":\"https:\/\/ticaret.edu.tr\/iktisat\/#website\",\"url\":\"https:\/\/ticaret.edu.tr\/iktisat\/\",\"name\":\"\u0130ktisat\",\"description\":\"\",\"potentialAction\":[{\"@type\":\"SearchAction\",\"target\":{\"@type\":\"EntryPoint\",\"urlTemplate\":\"https:\/\/ticaret.edu.tr\/iktisat\/?s={search_term_string}\"},\"query-input\":\"required name=search_term_string\"}],\"inLanguage\":\"tr\"}]}<\/script>\n<!-- \/ Yoast SEO Premium plugin. -->","yoast_head_json":{"title":"Kazan\u0131lan Derece - \u0130ktisat","robots":{"index":"index","follow":"follow","max-snippet":"max-snippet:-1","max-image-preview":"max-image-preview:large","max-video-preview":"max-video-preview:-1"},"canonical":"https:\/\/ticaret.edu.tr\/iktisat\/kazanilan-derece\/","og_locale":"tr_TR","og_type":"article","og_title":"Kazan\u0131lan Derece","og_description":"Kazan\u0131lan Derece ve Unvan Program\u0131 ba\u015far\u0131yla tamamlayan \u00f6\u011frenciler a\u015fa\u011f\u0131daki akademik dereceyi ve unvan\u0131 almaya hak kazan\u0131rlar: Kazan\u0131lan Derece: Lisans Diplomas\u0131 Verilen Unvan: \u0130ktisat\u00e7\u0131\/Ekonomist Derecenin Seviyesi: Lisans &nbsp; Derecenin Kazan\u0131lma Ko\u015fullar\u0131 \u00d6\u011frencilerin\u00a0lisans diplomas\u0131 almaya hak kazanabilmesi i\u00e7in\u00a0a\u015fa\u011f\u0131daki ko\u015fullar\u0131 sa\u011flamas\u0131 gerekmektedir: Programda yer alan t\u00fcm dersleri ba\u015far\u0131yla tamamlamak En az 240 AKTS (ECTS) kredi toplamak Genel Not [&hellip;]","og_url":"https:\/\/ticaret.edu.tr\/iktisat\/kazanilan-derece\/","og_site_name":"\u0130ktisat","article_publisher":"https:\/\/www.facebook.com\/ticaretedutr","article_modified_time":"2026-01-20T10:34:31+00:00","og_image":[{"width":1250,"height":833,"url":"http:\/\/ticaret.edu.tr\/iktisat\/wp-content\/uploads\/sites\/9\/2021\/11\/web_logo-01.jpg","type":"image\/jpeg"}],"twitter_card":"summary_large_image","twitter_site":"@ticaretedutr","twitter_misc":{"Tahmini okuma s\u00fcresi":"2 dakika"},"schema":{"@context":"https:\/\/schema.org","@graph":[{"@type":"WebPage","@id":"https:\/\/ticaret.edu.tr\/iktisat\/kazanilan-derece\/","url":"https:\/\/ticaret.edu.tr\/iktisat\/kazanilan-derece\/","name":"Kazan\u0131lan Derece - \u0130ktisat","isPartOf":{"@id":"https:\/\/ticaret.edu.tr\/iktisat\/#website"},"datePublished":"2025-01-26T16:25:19+00:00","dateModified":"2026-01-20T10:34:31+00:00","breadcrumb":{"@id":"https:\/\/ticaret.edu.tr\/iktisat\/kazanilan-derece\/#breadcrumb"},"inLanguage":"tr","potentialAction":[{"@type":"ReadAction","target":["https:\/\/ticaret.edu.tr\/iktisat\/kazanilan-derece\/"]}]},{"@type":"BreadcrumbList","@id":"https:\/\/ticaret.edu.tr\/iktisat\/kazanilan-derece\/#breadcrumb","itemListElement":[{"@type":"ListItem","position":1,"name":"Ana sayfa","item":"https:\/\/ticaret.edu.tr\/iktisat\/"},{"@type":"ListItem","position":2,"name":"Kazan\u0131lan Derece"}]},{"@type":"WebSite","@id":"https:\/\/ticaret.edu.tr\/iktisat\/#website","url":"https:\/\/ticaret.edu.tr\/iktisat\/","name":"\u0130ktisat","description":"","potentialAction":[{"@type":"SearchAction","target":{"@type":"EntryPoint","urlTemplate":"https:\/\/ticaret.edu.tr\/iktisat\/?s={search_term_string}"},"query-input":"required name=search_term_string"}],"inLanguage":"tr"}]}},"lang":"tr","translations":{"en":1571,"tr":1569},"pll_sync_post":[],"_links":{"self":[{"href":"http:\/\/ticaret.edu.tr\/iktisat\/wp-json\/wp\/v2\/pages\/1569"}],"collection":[{"href":"http:\/\/ticaret.edu.tr\/iktisat\/wp-json\/wp\/v2\/pages"}],"about":[{"href":"http:\/\/ticaret.edu.tr\/iktisat\/wp-json\/wp\/v2\/types\/page"}],"author":[{"embeddable":true,"href":"http:\/\/ticaret.edu.tr\/iktisat\/wp-json\/wp\/v2\/users\/139"}],"replies":[{"embeddable":true,"href":"http:\/\/ticaret.edu.tr\/iktisat\/wp-json\/wp\/v2\/comments?post=1569"}],"version-history":[{"count":5,"href":"http:\/\/ticaret.edu.tr\/iktisat\/wp-json\/wp\/v2\/pages\/1569\/revisions"}],"predecessor-version":[{"id":2550,"href":"http:\/\/ticaret.edu.tr\/iktisat\/wp-json\/wp\/v2\/pages\/1569\/revisions\/2550"}],"wp:attachment":[{"href":"http:\/\/ticaret.edu.tr\/iktisat\/wp-json\/wp\/v2\/media?parent=1569"}],"curies":[{"name":"wp","href":"https:\/\/api.w.org\/{rel}","templated":true}]}}