{"id":1573,"date":"2025-01-26T19:25:49","date_gmt":"2025-01-26T16:25:49","guid":{"rendered":"https:\/\/ticaret.edu.tr\/iktisat\/?page_id=1573"},"modified":"2025-07-21T13:40:01","modified_gmt":"2025-07-21T10:40:01","slug":"kazanilan-derecenin-duzeyi","status":"publish","type":"page","link":"http:\/\/ticaret.edu.tr\/iktisat\/kazanilan-derecenin-duzeyi\/","title":{"rendered":"Kazan\u0131lan Derecenin D\u00fczeyi"},"content":{"rendered":"<h2 data-start=\"2311\" data-end=\"2360\"><strong data-start=\"2315\" data-end=\"2358\">Derece D\u00fczeyi<\/strong><\/h2>\n<p data-start=\"2362\" data-end=\"2450\"><strong data-start=\"2365\" data-end=\"2448\">Bu program\u0131 ba\u015far\u0131yla tamamlayan \u00f6\u011frenciler a\u015fa\u011f\u0131daki derece d\u00fczeyine sahip olur:<\/strong><\/p>\n<ul data-start=\"2452\" data-end=\"2778\">\n<li data-start=\"2452\" data-end=\"2511\"><strong data-start=\"2454\" data-end=\"2472\">Derece D\u00fczeyi:<\/strong>\u00a0Lisans (Undergraduate \u2013 First Cycle)<\/li>\n<li data-start=\"2512\" data-end=\"2591\"><strong data-start=\"2514\" data-end=\"2580\">T\u00fcrkiye Y\u00fcksek\u00f6\u011fretim Yeterlilikler \u00c7er\u00e7evesi (TYY\u00c7) Seviyesi:<\/strong>\u00a06. D\u00fczey<\/li>\n<li data-start=\"2592\" data-end=\"2691\"><strong data-start=\"2594\" data-end=\"2668\">Avrupa Y\u00fcksek\u00f6\u011fretim Alan\u0131 Yeterlilikler \u00c7er\u00e7evesi (QF-EHEA) Seviyesi:<\/strong>\u00a0First Cycle (Lisans)<\/li>\n<li data-start=\"2692\" data-end=\"2778\"><strong data-start=\"2694\" data-end=\"2767\">Avrupa Ya\u015fam Boyu \u00d6\u011frenme Yeterlilikler \u00c7er\u00e7evesi (EQF-LLL) Seviyesi:<\/strong>\u00a0Seviye 6<\/li>\n<\/ul>\n<p data-start=\"2780\" data-end=\"2940\">Lisans d\u00fczeyi,\u00a0orta\u00f6\u011fretim sonras\u0131 akademik e\u011fitimin ilk a\u015famas\u0131n\u0131 temsil eder\u00a0ve mezunlara akademik ve profesyonel kariyerlerinde ilerleme f\u0131rsat\u0131 sunar.<\/p>\n<hr data-start=\"2942\" data-end=\"2945\" \/>\n<h3 data-start=\"2947\" data-end=\"2999\"><strong data-start=\"2951\" data-end=\"2997\">Derecenin Ulusal ve Uluslararas\u0131 Konumu<\/strong><\/h3>\n<ul>\n<li data-start=\"3001\" data-end=\"3485\">T\u00fcrkiye Y\u00fcksek\u00f6\u011fretim Yeterlilikler \u00c7er\u00e7evesi (TYY\u00c7)\u00a0kapsam\u0131nda\u00a06. d\u00fczey lisans yeterlili\u011fine sahiptir.<\/li>\n<li data-start=\"3001\" data-end=\"3485\">Avrupa ve di\u011fer uluslararas\u0131 akademik \u00e7evrelerde tan\u0131nmaktad\u0131r, b\u00f6ylece mezunlar yurtd\u0131\u015f\u0131ndaki akademik programlara ba\u015fvurabilirler.<\/li>\n<li data-start=\"3001\" data-end=\"3485\">Mezunlar, ulusal ve uluslararas\u0131 i\u015f piyasalar\u0131nda ge\u00e7erli bir diploma ile kariyerlerine devam edebilirler.<\/li>\n<\/ul>\n","protected":false},"excerpt":{"rendered":"<p>Derece D\u00fczeyi Bu program\u0131 ba\u015far\u0131yla tamamlayan \u00f6\u011frenciler a\u015fa\u011f\u0131daki derece d\u00fczeyine sahip olur: Derece D\u00fczeyi:\u00a0Lisans (Undergraduate \u2013 First Cycle) T\u00fcrkiye Y\u00fcksek\u00f6\u011fretim Yeterlilikler \u00c7er\u00e7evesi (TYY\u00c7) Seviyesi:\u00a06. D\u00fczey Avrupa Y\u00fcksek\u00f6\u011fretim Alan\u0131 Yeterlilikler \u00c7er\u00e7evesi (QF-EHEA) Seviyesi:\u00a0First Cycle (Lisans) Avrupa Ya\u015fam Boyu \u00d6\u011frenme Yeterlilikler \u00c7er\u00e7evesi (EQF-LLL) Seviyesi:\u00a0Seviye 6 Lisans d\u00fczeyi,\u00a0orta\u00f6\u011fretim sonras\u0131 akademik e\u011fitimin ilk a\u015famas\u0131n\u0131 temsil eder\u00a0ve mezunlara akademik ve [&hellip;]<\/p>\n","protected":false},"author":139,"featured_media":0,"parent":0,"menu_order":0,"comment_status":"closed","ping_status":"closed","template":"genel_sayfa.php","meta":{"footnotes":""},"yoast_head":"<!-- This site is optimized with the Yoast SEO Premium plugin v22.1 (Yoast SEO v22.1) - https:\/\/yoast.com\/wordpress\/plugins\/seo\/ -->\n<title>Kazan\u0131lan Derecenin D\u00fczeyi - \u0130ktisat<\/title>\n<meta name=\"robots\" content=\"index, follow, max-snippet:-1, max-image-preview:large, max-video-preview:-1\" \/>\n<link rel=\"canonical\" href=\"https:\/\/ticaret.edu.tr\/iktisat\/kazanilan-derecenin-duzeyi\/\" \/>\n<meta property=\"og:locale\" content=\"tr_TR\" \/>\n<meta property=\"og:type\" content=\"article\" \/>\n<meta property=\"og:title\" content=\"Kazan\u0131lan Derecenin D\u00fczeyi\" \/>\n<meta property=\"og:description\" content=\"Derece D\u00fczeyi Bu program\u0131 ba\u015far\u0131yla tamamlayan \u00f6\u011frenciler a\u015fa\u011f\u0131daki derece d\u00fczeyine sahip olur: Derece D\u00fczeyi:\u00a0Lisans (Undergraduate \u2013 First Cycle) T\u00fcrkiye Y\u00fcksek\u00f6\u011fretim Yeterlilikler \u00c7er\u00e7evesi (TYY\u00c7) Seviyesi:\u00a06. D\u00fczey Avrupa Y\u00fcksek\u00f6\u011fretim Alan\u0131 Yeterlilikler \u00c7er\u00e7evesi (QF-EHEA) Seviyesi:\u00a0First Cycle (Lisans) Avrupa Ya\u015fam Boyu \u00d6\u011frenme Yeterlilikler \u00c7er\u00e7evesi (EQF-LLL) Seviyesi:\u00a0Seviye 6 Lisans d\u00fczeyi,\u00a0orta\u00f6\u011fretim sonras\u0131 akademik e\u011fitimin ilk a\u015famas\u0131n\u0131 temsil eder\u00a0ve mezunlara akademik ve [&hellip;]\" \/>\n<meta property=\"og:url\" content=\"https:\/\/ticaret.edu.tr\/iktisat\/kazanilan-derecenin-duzeyi\/\" \/>\n<meta property=\"og:site_name\" content=\"\u0130ktisat\" \/>\n<meta property=\"article:publisher\" content=\"https:\/\/www.facebook.com\/ticaretedutr\" \/>\n<meta property=\"article:modified_time\" content=\"2025-07-21T10:40:01+00:00\" \/>\n<meta property=\"og:image\" content=\"http:\/\/ticaret.edu.tr\/iktisat\/wp-content\/uploads\/sites\/9\/2021\/11\/web_logo-01.jpg\" \/>\n\t<meta property=\"og:image:width\" content=\"1250\" \/>\n\t<meta property=\"og:image:height\" content=\"833\" \/>\n\t<meta property=\"og:image:type\" content=\"image\/jpeg\" \/>\n<meta name=\"twitter:card\" content=\"summary_large_image\" \/>\n<meta name=\"twitter:site\" content=\"@ticaretedutr\" \/>\n<meta name=\"twitter:label1\" content=\"Tahmini okuma s\u00fcresi\" \/>\n\t<meta name=\"twitter:data1\" content=\"1 dakika\" \/>\n<script type=\"application\/ld+json\" class=\"yoast-schema-graph\">{\"@context\":\"https:\/\/schema.org\",\"@graph\":[{\"@type\":\"WebPage\",\"@id\":\"https:\/\/ticaret.edu.tr\/iktisat\/kazanilan-derecenin-duzeyi\/\",\"url\":\"https:\/\/ticaret.edu.tr\/iktisat\/kazanilan-derecenin-duzeyi\/\",\"name\":\"Kazan\u0131lan Derecenin D\u00fczeyi - \u0130ktisat\",\"isPartOf\":{\"@id\":\"https:\/\/ticaret.edu.tr\/iktisat\/#website\"},\"datePublished\":\"2025-01-26T16:25:49+00:00\",\"dateModified\":\"2025-07-21T10:40:01+00:00\",\"breadcrumb\":{\"@id\":\"https:\/\/ticaret.edu.tr\/iktisat\/kazanilan-derecenin-duzeyi\/#breadcrumb\"},\"inLanguage\":\"tr\",\"potentialAction\":[{\"@type\":\"ReadAction\",\"target\":[\"https:\/\/ticaret.edu.tr\/iktisat\/kazanilan-derecenin-duzeyi\/\"]}]},{\"@type\":\"BreadcrumbList\",\"@id\":\"https:\/\/ticaret.edu.tr\/iktisat\/kazanilan-derecenin-duzeyi\/#breadcrumb\",\"itemListElement\":[{\"@type\":\"ListItem\",\"position\":1,\"name\":\"Ana sayfa\",\"item\":\"https:\/\/ticaret.edu.tr\/iktisat\/\"},{\"@type\":\"ListItem\",\"position\":2,\"name\":\"Kazan\u0131lan Derecenin D\u00fczeyi\"}]},{\"@type\":\"WebSite\",\"@id\":\"https:\/\/ticaret.edu.tr\/iktisat\/#website\",\"url\":\"https:\/\/ticaret.edu.tr\/iktisat\/\",\"name\":\"\u0130ktisat\",\"description\":\"\",\"potentialAction\":[{\"@type\":\"SearchAction\",\"target\":{\"@type\":\"EntryPoint\",\"urlTemplate\":\"https:\/\/ticaret.edu.tr\/iktisat\/?s={search_term_string}\"},\"query-input\":\"required name=search_term_string\"}],\"inLanguage\":\"tr\"}]}<\/script>\n<!-- \/ Yoast SEO Premium plugin. -->","yoast_head_json":{"title":"Kazan\u0131lan Derecenin D\u00fczeyi - \u0130ktisat","robots":{"index":"index","follow":"follow","max-snippet":"max-snippet:-1","max-image-preview":"max-image-preview:large","max-video-preview":"max-video-preview:-1"},"canonical":"https:\/\/ticaret.edu.tr\/iktisat\/kazanilan-derecenin-duzeyi\/","og_locale":"tr_TR","og_type":"article","og_title":"Kazan\u0131lan Derecenin D\u00fczeyi","og_description":"Derece D\u00fczeyi Bu program\u0131 ba\u015far\u0131yla tamamlayan \u00f6\u011frenciler a\u015fa\u011f\u0131daki derece d\u00fczeyine sahip olur: Derece D\u00fczeyi:\u00a0Lisans (Undergraduate \u2013 First Cycle) T\u00fcrkiye Y\u00fcksek\u00f6\u011fretim Yeterlilikler \u00c7er\u00e7evesi (TYY\u00c7) Seviyesi:\u00a06. D\u00fczey Avrupa Y\u00fcksek\u00f6\u011fretim Alan\u0131 Yeterlilikler \u00c7er\u00e7evesi (QF-EHEA) Seviyesi:\u00a0First Cycle (Lisans) Avrupa Ya\u015fam Boyu \u00d6\u011frenme Yeterlilikler \u00c7er\u00e7evesi (EQF-LLL) Seviyesi:\u00a0Seviye 6 Lisans d\u00fczeyi,\u00a0orta\u00f6\u011fretim sonras\u0131 akademik e\u011fitimin ilk a\u015famas\u0131n\u0131 temsil eder\u00a0ve mezunlara akademik ve [&hellip;]","og_url":"https:\/\/ticaret.edu.tr\/iktisat\/kazanilan-derecenin-duzeyi\/","og_site_name":"\u0130ktisat","article_publisher":"https:\/\/www.facebook.com\/ticaretedutr","article_modified_time":"2025-07-21T10:40:01+00:00","og_image":[{"width":1250,"height":833,"url":"http:\/\/ticaret.edu.tr\/iktisat\/wp-content\/uploads\/sites\/9\/2021\/11\/web_logo-01.jpg","type":"image\/jpeg"}],"twitter_card":"summary_large_image","twitter_site":"@ticaretedutr","twitter_misc":{"Tahmini okuma s\u00fcresi":"1 dakika"},"schema":{"@context":"https:\/\/schema.org","@graph":[{"@type":"WebPage","@id":"https:\/\/ticaret.edu.tr\/iktisat\/kazanilan-derecenin-duzeyi\/","url":"https:\/\/ticaret.edu.tr\/iktisat\/kazanilan-derecenin-duzeyi\/","name":"Kazan\u0131lan Derecenin D\u00fczeyi - \u0130ktisat","isPartOf":{"@id":"https:\/\/ticaret.edu.tr\/iktisat\/#website"},"datePublished":"2025-01-26T16:25:49+00:00","dateModified":"2025-07-21T10:40:01+00:00","breadcrumb":{"@id":"https:\/\/ticaret.edu.tr\/iktisat\/kazanilan-derecenin-duzeyi\/#breadcrumb"},"inLanguage":"tr","potentialAction":[{"@type":"ReadAction","target":["https:\/\/ticaret.edu.tr\/iktisat\/kazanilan-derecenin-duzeyi\/"]}]},{"@type":"BreadcrumbList","@id":"https:\/\/ticaret.edu.tr\/iktisat\/kazanilan-derecenin-duzeyi\/#breadcrumb","itemListElement":[{"@type":"ListItem","position":1,"name":"Ana sayfa","item":"https:\/\/ticaret.edu.tr\/iktisat\/"},{"@type":"ListItem","position":2,"name":"Kazan\u0131lan Derecenin D\u00fczeyi"}]},{"@type":"WebSite","@id":"https:\/\/ticaret.edu.tr\/iktisat\/#website","url":"https:\/\/ticaret.edu.tr\/iktisat\/","name":"\u0130ktisat","description":"","potentialAction":[{"@type":"SearchAction","target":{"@type":"EntryPoint","urlTemplate":"https:\/\/ticaret.edu.tr\/iktisat\/?s={search_term_string}"},"query-input":"required name=search_term_string"}],"inLanguage":"tr"}]}},"lang":"tr","translations":{"en":1575,"tr":1573},"pll_sync_post":[],"_links":{"self":[{"href":"http:\/\/ticaret.edu.tr\/iktisat\/wp-json\/wp\/v2\/pages\/1573"}],"collection":[{"href":"http:\/\/ticaret.edu.tr\/iktisat\/wp-json\/wp\/v2\/pages"}],"about":[{"href":"http:\/\/ticaret.edu.tr\/iktisat\/wp-json\/wp\/v2\/types\/page"}],"author":[{"embeddable":true,"href":"http:\/\/ticaret.edu.tr\/iktisat\/wp-json\/wp\/v2\/users\/139"}],"replies":[{"embeddable":true,"href":"http:\/\/ticaret.edu.tr\/iktisat\/wp-json\/wp\/v2\/comments?post=1573"}],"version-history":[{"count":3,"href":"http:\/\/ticaret.edu.tr\/iktisat\/wp-json\/wp\/v2\/pages\/1573\/revisions"}],"predecessor-version":[{"id":2098,"href":"http:\/\/ticaret.edu.tr\/iktisat\/wp-json\/wp\/v2\/pages\/1573\/revisions\/2098"}],"wp:attachment":[{"href":"http:\/\/ticaret.edu.tr\/iktisat\/wp-json\/wp\/v2\/media?parent=1573"}],"curies":[{"name":"wp","href":"https:\/\/api.w.org\/{rel}","templated":true}]}}