{"id":1577,"date":"2025-01-26T19:26:20","date_gmt":"2025-01-26T16:26:20","guid":{"rendered":"https:\/\/ticaret.edu.tr\/iktisat\/?page_id=1577"},"modified":"2025-07-21T13:43:43","modified_gmt":"2025-07-21T10:43:43","slug":"kayit-kabul-sartlari","status":"publish","type":"page","link":"http:\/\/ticaret.edu.tr\/iktisat\/kayit-kabul-sartlari\/","title":{"rendered":"Kay\u0131t Kabul \u015eartlar\u0131"},"content":{"rendered":"<h2 data-start=\"200\" data-end=\"256\"><strong data-start=\"203\" data-end=\"254\">Lisans Program\u0131na Ba\u015fvuru ve Kabul Ko\u015fullar\u0131<\/strong><\/h2>\n<p data-start=\"258\" data-end=\"356\"><strong data-start=\"261\" data-end=\"354\">Programa kay\u0131t yapt\u0131rmak isteyen \u00f6\u011frencilerin a\u015fa\u011f\u0131daki \u015fartlar\u0131 sa\u011flamas\u0131 gerekmektedir:<\/strong><\/p>\n<ul>\n<li data-start=\"358\" data-end=\"783\">\u00d6SYM taraf\u0131ndan d\u00fczenlenen merkezi s\u0131navlara (TYT-AYT) kat\u0131lmak ve ilgili b\u00f6l\u00fcme yerle\u015fmek.<\/li>\n<li data-start=\"358\" data-end=\"783\">T\u00fcrkiye Cumhuriyeti vatanda\u015f\u0131 olan adaylar i\u00e7in \u00d6SYM\u2019nin belirledi\u011fi taban puan\u0131 ve s\u0131ralama \u015fartlar\u0131n\u0131 sa\u011flamak.<\/li>\n<li data-start=\"358\" data-end=\"783\">Uluslararas\u0131 \u00f6\u011frenciler i\u00e7in \u00fcniversitenin belirledi\u011fi kabul kriterlerini yerine getirmek.<\/li>\n<li data-start=\"358\" data-end=\"783\">Yatay veya dikey ge\u00e7i\u015f yapacak \u00f6\u011frenciler i\u00e7in ilgili y\u00f6netmeliklerde belirtilen ko\u015fullar\u0131 sa\u011flamak.<\/li>\n<\/ul>\n<hr \/>\n<h2 data-start=\"1702\" data-end=\"1739\"><strong data-start=\"1705\" data-end=\"1737\">Kay\u0131t S\u00fcreci ve Tarihleri<\/strong><\/h2>\n<p data-start=\"1741\" data-end=\"1836\"><strong data-start=\"1744\" data-end=\"1834\">Kay\u0131t i\u015flemleri, akademik takvimde belirtilen tarihler aras\u0131nda ger\u00e7ekle\u015ftirilmelidir.<\/strong><\/p>\n<p><strong data-start=\"1841\" data-end=\"1885\">Kay\u0131t i\u015flemleri \u015fu ad\u0131mlarla tamamlan\u0131r:<\/strong><\/p>\n<ul>\n<li data-start=\"1838\" data-end=\"2332\"><strong data-start=\"1892\" data-end=\"1912\">\u00c7evrimi\u00e7i \u00d6n Kay\u0131t:<\/strong>\u00a0\u00dcniversitenin \u00f6\u011frenci bilgi sistemi \u00fczerinden \u00f6n kay\u0131t i\u015flemi ger\u00e7ekle\u015ftirilir.<\/li>\n<li data-start=\"1838\" data-end=\"2332\"><strong data-start=\"1999\" data-end=\"2022\">Belgelerin Teslimi:<\/strong>\u00a0Gerekli belgeler eksiksiz olarak \u00f6\u011frenci i\u015fleri ofisine teslim edilir.<\/li>\n<\/ul>\n","protected":false},"excerpt":{"rendered":"<p>Lisans Program\u0131na Ba\u015fvuru ve Kabul Ko\u015fullar\u0131 Programa kay\u0131t yapt\u0131rmak isteyen \u00f6\u011frencilerin a\u015fa\u011f\u0131daki \u015fartlar\u0131 sa\u011flamas\u0131 gerekmektedir: \u00d6SYM taraf\u0131ndan d\u00fczenlenen merkezi s\u0131navlara (TYT-AYT) kat\u0131lmak ve ilgili b\u00f6l\u00fcme yerle\u015fmek. T\u00fcrkiye Cumhuriyeti vatanda\u015f\u0131 olan adaylar i\u00e7in \u00d6SYM\u2019nin belirledi\u011fi taban puan\u0131 ve s\u0131ralama \u015fartlar\u0131n\u0131 sa\u011flamak. Uluslararas\u0131 \u00f6\u011frenciler i\u00e7in \u00fcniversitenin belirledi\u011fi kabul kriterlerini yerine getirmek. Yatay veya dikey ge\u00e7i\u015f yapacak \u00f6\u011frenciler [&hellip;]<\/p>\n","protected":false},"author":139,"featured_media":0,"parent":0,"menu_order":0,"comment_status":"closed","ping_status":"closed","template":"genel_sayfa.php","meta":{"footnotes":""},"yoast_head":"<!-- This site is optimized with the Yoast SEO Premium plugin v22.1 (Yoast SEO v22.1) - https:\/\/yoast.com\/wordpress\/plugins\/seo\/ -->\n<title>Kay\u0131t Kabul \u015eartlar\u0131 - \u0130ktisat<\/title>\n<meta name=\"robots\" content=\"index, follow, max-snippet:-1, max-image-preview:large, max-video-preview:-1\" \/>\n<link rel=\"canonical\" href=\"https:\/\/ticaret.edu.tr\/iktisat\/kayit-kabul-sartlari\/\" \/>\n<meta property=\"og:locale\" content=\"tr_TR\" \/>\n<meta property=\"og:type\" content=\"article\" \/>\n<meta property=\"og:title\" content=\"Kay\u0131t Kabul \u015eartlar\u0131\" \/>\n<meta property=\"og:description\" content=\"Lisans Program\u0131na Ba\u015fvuru ve Kabul Ko\u015fullar\u0131 Programa kay\u0131t yapt\u0131rmak isteyen \u00f6\u011frencilerin a\u015fa\u011f\u0131daki \u015fartlar\u0131 sa\u011flamas\u0131 gerekmektedir: \u00d6SYM taraf\u0131ndan d\u00fczenlenen merkezi s\u0131navlara (TYT-AYT) kat\u0131lmak ve ilgili b\u00f6l\u00fcme yerle\u015fmek. T\u00fcrkiye Cumhuriyeti vatanda\u015f\u0131 olan adaylar i\u00e7in \u00d6SYM\u2019nin belirledi\u011fi taban puan\u0131 ve s\u0131ralama \u015fartlar\u0131n\u0131 sa\u011flamak. Uluslararas\u0131 \u00f6\u011frenciler i\u00e7in \u00fcniversitenin belirledi\u011fi kabul kriterlerini yerine getirmek. Yatay veya dikey ge\u00e7i\u015f yapacak \u00f6\u011frenciler [&hellip;]\" \/>\n<meta property=\"og:url\" content=\"https:\/\/ticaret.edu.tr\/iktisat\/kayit-kabul-sartlari\/\" \/>\n<meta property=\"og:site_name\" content=\"\u0130ktisat\" \/>\n<meta property=\"article:publisher\" content=\"https:\/\/www.facebook.com\/ticaretedutr\" \/>\n<meta property=\"article:modified_time\" content=\"2025-07-21T10:43:43+00:00\" \/>\n<meta property=\"og:image\" content=\"http:\/\/ticaret.edu.tr\/iktisat\/wp-content\/uploads\/sites\/9\/2021\/11\/web_logo-01.jpg\" \/>\n\t<meta property=\"og:image:width\" content=\"1250\" \/>\n\t<meta property=\"og:image:height\" content=\"833\" \/>\n\t<meta property=\"og:image:type\" content=\"image\/jpeg\" \/>\n<meta name=\"twitter:card\" content=\"summary_large_image\" \/>\n<meta name=\"twitter:site\" content=\"@ticaretedutr\" \/>\n<meta name=\"twitter:label1\" content=\"Tahmini okuma s\u00fcresi\" \/>\n\t<meta name=\"twitter:data1\" content=\"1 dakika\" \/>\n<script type=\"application\/ld+json\" class=\"yoast-schema-graph\">{\"@context\":\"https:\/\/schema.org\",\"@graph\":[{\"@type\":\"WebPage\",\"@id\":\"https:\/\/ticaret.edu.tr\/iktisat\/kayit-kabul-sartlari\/\",\"url\":\"https:\/\/ticaret.edu.tr\/iktisat\/kayit-kabul-sartlari\/\",\"name\":\"Kay\u0131t Kabul \u015eartlar\u0131 - \u0130ktisat\",\"isPartOf\":{\"@id\":\"https:\/\/ticaret.edu.tr\/iktisat\/#website\"},\"datePublished\":\"2025-01-26T16:26:20+00:00\",\"dateModified\":\"2025-07-21T10:43:43+00:00\",\"breadcrumb\":{\"@id\":\"https:\/\/ticaret.edu.tr\/iktisat\/kayit-kabul-sartlari\/#breadcrumb\"},\"inLanguage\":\"tr\",\"potentialAction\":[{\"@type\":\"ReadAction\",\"target\":[\"https:\/\/ticaret.edu.tr\/iktisat\/kayit-kabul-sartlari\/\"]}]},{\"@type\":\"BreadcrumbList\",\"@id\":\"https:\/\/ticaret.edu.tr\/iktisat\/kayit-kabul-sartlari\/#breadcrumb\",\"itemListElement\":[{\"@type\":\"ListItem\",\"position\":1,\"name\":\"Ana sayfa\",\"item\":\"https:\/\/ticaret.edu.tr\/iktisat\/\"},{\"@type\":\"ListItem\",\"position\":2,\"name\":\"Kay\u0131t Kabul \u015eartlar\u0131\"}]},{\"@type\":\"WebSite\",\"@id\":\"https:\/\/ticaret.edu.tr\/iktisat\/#website\",\"url\":\"https:\/\/ticaret.edu.tr\/iktisat\/\",\"name\":\"\u0130ktisat\",\"description\":\"\",\"potentialAction\":[{\"@type\":\"SearchAction\",\"target\":{\"@type\":\"EntryPoint\",\"urlTemplate\":\"https:\/\/ticaret.edu.tr\/iktisat\/?s={search_term_string}\"},\"query-input\":\"required name=search_term_string\"}],\"inLanguage\":\"tr\"}]}<\/script>\n<!-- \/ Yoast SEO Premium plugin. -->","yoast_head_json":{"title":"Kay\u0131t Kabul \u015eartlar\u0131 - \u0130ktisat","robots":{"index":"index","follow":"follow","max-snippet":"max-snippet:-1","max-image-preview":"max-image-preview:large","max-video-preview":"max-video-preview:-1"},"canonical":"https:\/\/ticaret.edu.tr\/iktisat\/kayit-kabul-sartlari\/","og_locale":"tr_TR","og_type":"article","og_title":"Kay\u0131t Kabul \u015eartlar\u0131","og_description":"Lisans Program\u0131na Ba\u015fvuru ve Kabul Ko\u015fullar\u0131 Programa kay\u0131t yapt\u0131rmak isteyen \u00f6\u011frencilerin a\u015fa\u011f\u0131daki \u015fartlar\u0131 sa\u011flamas\u0131 gerekmektedir: \u00d6SYM taraf\u0131ndan d\u00fczenlenen merkezi s\u0131navlara (TYT-AYT) kat\u0131lmak ve ilgili b\u00f6l\u00fcme yerle\u015fmek. T\u00fcrkiye Cumhuriyeti vatanda\u015f\u0131 olan adaylar i\u00e7in \u00d6SYM\u2019nin belirledi\u011fi taban puan\u0131 ve s\u0131ralama \u015fartlar\u0131n\u0131 sa\u011flamak. Uluslararas\u0131 \u00f6\u011frenciler i\u00e7in \u00fcniversitenin belirledi\u011fi kabul kriterlerini yerine getirmek. Yatay veya dikey ge\u00e7i\u015f yapacak \u00f6\u011frenciler [&hellip;]","og_url":"https:\/\/ticaret.edu.tr\/iktisat\/kayit-kabul-sartlari\/","og_site_name":"\u0130ktisat","article_publisher":"https:\/\/www.facebook.com\/ticaretedutr","article_modified_time":"2025-07-21T10:43:43+00:00","og_image":[{"width":1250,"height":833,"url":"http:\/\/ticaret.edu.tr\/iktisat\/wp-content\/uploads\/sites\/9\/2021\/11\/web_logo-01.jpg","type":"image\/jpeg"}],"twitter_card":"summary_large_image","twitter_site":"@ticaretedutr","twitter_misc":{"Tahmini okuma s\u00fcresi":"1 dakika"},"schema":{"@context":"https:\/\/schema.org","@graph":[{"@type":"WebPage","@id":"https:\/\/ticaret.edu.tr\/iktisat\/kayit-kabul-sartlari\/","url":"https:\/\/ticaret.edu.tr\/iktisat\/kayit-kabul-sartlari\/","name":"Kay\u0131t Kabul \u015eartlar\u0131 - \u0130ktisat","isPartOf":{"@id":"https:\/\/ticaret.edu.tr\/iktisat\/#website"},"datePublished":"2025-01-26T16:26:20+00:00","dateModified":"2025-07-21T10:43:43+00:00","breadcrumb":{"@id":"https:\/\/ticaret.edu.tr\/iktisat\/kayit-kabul-sartlari\/#breadcrumb"},"inLanguage":"tr","potentialAction":[{"@type":"ReadAction","target":["https:\/\/ticaret.edu.tr\/iktisat\/kayit-kabul-sartlari\/"]}]},{"@type":"BreadcrumbList","@id":"https:\/\/ticaret.edu.tr\/iktisat\/kayit-kabul-sartlari\/#breadcrumb","itemListElement":[{"@type":"ListItem","position":1,"name":"Ana sayfa","item":"https:\/\/ticaret.edu.tr\/iktisat\/"},{"@type":"ListItem","position":2,"name":"Kay\u0131t Kabul \u015eartlar\u0131"}]},{"@type":"WebSite","@id":"https:\/\/ticaret.edu.tr\/iktisat\/#website","url":"https:\/\/ticaret.edu.tr\/iktisat\/","name":"\u0130ktisat","description":"","potentialAction":[{"@type":"SearchAction","target":{"@type":"EntryPoint","urlTemplate":"https:\/\/ticaret.edu.tr\/iktisat\/?s={search_term_string}"},"query-input":"required name=search_term_string"}],"inLanguage":"tr"}]}},"lang":"tr","translations":{"en":1579,"tr":1577},"pll_sync_post":[],"_links":{"self":[{"href":"http:\/\/ticaret.edu.tr\/iktisat\/wp-json\/wp\/v2\/pages\/1577"}],"collection":[{"href":"http:\/\/ticaret.edu.tr\/iktisat\/wp-json\/wp\/v2\/pages"}],"about":[{"href":"http:\/\/ticaret.edu.tr\/iktisat\/wp-json\/wp\/v2\/types\/page"}],"author":[{"embeddable":true,"href":"http:\/\/ticaret.edu.tr\/iktisat\/wp-json\/wp\/v2\/users\/139"}],"replies":[{"embeddable":true,"href":"http:\/\/ticaret.edu.tr\/iktisat\/wp-json\/wp\/v2\/comments?post=1577"}],"version-history":[{"count":3,"href":"http:\/\/ticaret.edu.tr\/iktisat\/wp-json\/wp\/v2\/pages\/1577\/revisions"}],"predecessor-version":[{"id":2100,"href":"http:\/\/ticaret.edu.tr\/iktisat\/wp-json\/wp\/v2\/pages\/1577\/revisions\/2100"}],"wp:attachment":[{"href":"http:\/\/ticaret.edu.tr\/iktisat\/wp-json\/wp\/v2\/media?parent=1577"}],"curies":[{"name":"wp","href":"https:\/\/api.w.org\/{rel}","templated":true}]}}