{"id":1581,"date":"2025-01-26T19:26:50","date_gmt":"2025-01-26T16:26:50","guid":{"rendered":"https:\/\/ticaret.edu.tr\/iktisat\/?page_id=1581"},"modified":"2025-07-21T13:56:10","modified_gmt":"2025-07-21T10:56:10","slug":"kazanilan-derece-gereklilikleri-ve-kurallar","status":"publish","type":"page","link":"http:\/\/ticaret.edu.tr\/iktisat\/kazanilan-derece-gereklilikleri-ve-kurallar\/","title":{"rendered":"Kazan\u0131lan Derece Gereklilikleri ve Kurallar"},"content":{"rendered":"<h2 data-start=\"645\" data-end=\"693\"><strong data-start=\"649\" data-end=\"691\">Kazan\u0131lan Derece ve Akademik D\u00fczeyi<\/strong><\/h2>\n<p data-start=\"695\" data-end=\"798\"><strong>Bu program\u0131 ba\u015far\u0131yla tamamlayan \u00f6\u011frenciler a\u015fa\u011f\u0131daki akademik dereceyi almaya hak kazan\u0131rlar:<\/strong><\/p>\n<ul data-start=\"800\" data-end=\"987\">\n<li data-start=\"800\" data-end=\"862\"><strong data-start=\"802\" data-end=\"823\">Kazan\u0131lan Derece:<\/strong>\u00a0Lisans Diplomas\u0131 (Bachelor\u2019s Degree)<\/li>\n<li data-start=\"863\" data-end=\"913\"><strong data-start=\"865\" data-end=\"883\">Verilen Unvan:<\/strong> Ekonomist (Economist)<\/li>\n<li data-start=\"914\" data-end=\"987\"><strong data-start=\"916\" data-end=\"948\">Derecenin Akademik Seviyesi:<\/strong>\u00a0Lisans (First Cycle \u2013 Undergraduate)<\/li>\n<\/ul>\n<p>&nbsp;<\/p>\n<h2 data-start=\"1158\" data-end=\"1213\"><strong data-start=\"1162\" data-end=\"1211\">Derece Gereklilikleri ve Akademik Kurallar<\/strong><\/h2>\n<p data-start=\"1215\" data-end=\"1302\"><strong data-start=\"1218\" data-end=\"1300\">\u00d6\u011frencilerin a\u015fa\u011f\u0131daki akademik gereklilikleri yerine getirmesi gerekmektedir:<\/strong><\/p>\n<ul>\n<li data-start=\"1304\" data-end=\"1870\"><strong data-start=\"1306\" data-end=\"1326\">Normal \u00d6\u011frenim S\u00fcresi<\/strong>: Lisans e\u011fitimi\u00a04 y\u0131l (8 d\u00f6nem) olarak planlanm\u0131\u015ft\u0131r ve \u00f6\u011frencilerin bu s\u00fcre i\u00e7inde derslerini tamamlamas\u0131 beklenir.<\/li>\n<li data-start=\"1304\" data-end=\"1870\"><strong data-start=\"1452\" data-end=\"1479\">Azami \u00d6\u011frenim S\u00fcresi<\/strong>: Azami \u00f6\u011frenim s\u00fcresi, kay\u0131tl\u0131 olunan programa ili\u015fkin derslerin verildi\u011fi d\u00f6nemden ba\u015flamak \u00fczere, \u00f6\u011frencinin her yar\u0131y\u0131l i\u00e7in kay\u0131t yapt\u0131r\u0131p yapt\u0131rmad\u0131\u011f\u0131na bak\u0131lmaks\u0131z\u0131n lisans programlar\u0131 i\u00e7in 7 y\u0131ld\u0131r.<\/li>\n<li data-start=\"1304\" data-end=\"1870\"><strong data-start=\"1584\" data-end=\"1614\">Ders Y\u00fck\u00fc<\/strong>: Mezuniyet i\u00e7in m\u00fcfredattaki t\u00fcm zorunlu ve se\u00e7meli derslerden ge\u00e7er not al\u0131nmas\u0131 gerekmektedir. Se\u00e7meli ders y\u00fck\u00fcn\u00fc tamamlamak i\u00e7in 12 adet b\u00f6l\u00fcm se\u00e7meli ve 3 adet \u00fcniversite se\u00e7meli ders verilmelidir.<\/li>\n<\/ul>\n","protected":false},"excerpt":{"rendered":"<p>Kazan\u0131lan Derece ve Akademik D\u00fczeyi Bu program\u0131 ba\u015far\u0131yla tamamlayan \u00f6\u011frenciler a\u015fa\u011f\u0131daki akademik dereceyi almaya hak kazan\u0131rlar: Kazan\u0131lan Derece:\u00a0Lisans Diplomas\u0131 (Bachelor\u2019s Degree) Verilen Unvan: Ekonomist (Economist) Derecenin Akademik Seviyesi:\u00a0Lisans (First Cycle \u2013 Undergraduate) &nbsp; Derece Gereklilikleri ve Akademik Kurallar \u00d6\u011frencilerin a\u015fa\u011f\u0131daki akademik gereklilikleri yerine getirmesi gerekmektedir: Normal \u00d6\u011frenim S\u00fcresi: Lisans e\u011fitimi\u00a04 y\u0131l (8 d\u00f6nem) olarak planlanm\u0131\u015ft\u0131r [&hellip;]<\/p>\n","protected":false},"author":139,"featured_media":0,"parent":0,"menu_order":0,"comment_status":"closed","ping_status":"closed","template":"genel_sayfa.php","meta":{"footnotes":""},"yoast_head":"<!-- This site is optimized with the Yoast SEO Premium plugin v22.1 (Yoast SEO v22.1) - https:\/\/yoast.com\/wordpress\/plugins\/seo\/ -->\n<title>Kazan\u0131lan Derece Gereklilikleri ve Kurallar - \u0130ktisat<\/title>\n<meta name=\"robots\" content=\"index, follow, max-snippet:-1, max-image-preview:large, max-video-preview:-1\" \/>\n<link rel=\"canonical\" href=\"https:\/\/ticaret.edu.tr\/iktisat\/kazanilan-derece-gereklilikleri-ve-kurallar\/\" \/>\n<meta property=\"og:locale\" content=\"tr_TR\" \/>\n<meta property=\"og:type\" content=\"article\" \/>\n<meta property=\"og:title\" content=\"Kazan\u0131lan Derece Gereklilikleri ve Kurallar\" \/>\n<meta property=\"og:description\" content=\"Kazan\u0131lan Derece ve Akademik D\u00fczeyi Bu program\u0131 ba\u015far\u0131yla tamamlayan \u00f6\u011frenciler a\u015fa\u011f\u0131daki akademik dereceyi almaya hak kazan\u0131rlar: Kazan\u0131lan Derece:\u00a0Lisans Diplomas\u0131 (Bachelor\u2019s Degree) Verilen Unvan: Ekonomist (Economist) Derecenin Akademik Seviyesi:\u00a0Lisans (First Cycle \u2013 Undergraduate) &nbsp; Derece Gereklilikleri ve Akademik Kurallar \u00d6\u011frencilerin a\u015fa\u011f\u0131daki akademik gereklilikleri yerine getirmesi gerekmektedir: Normal \u00d6\u011frenim S\u00fcresi: Lisans e\u011fitimi\u00a04 y\u0131l (8 d\u00f6nem) olarak planlanm\u0131\u015ft\u0131r [&hellip;]\" \/>\n<meta property=\"og:url\" content=\"https:\/\/ticaret.edu.tr\/iktisat\/kazanilan-derece-gereklilikleri-ve-kurallar\/\" \/>\n<meta property=\"og:site_name\" content=\"\u0130ktisat\" \/>\n<meta property=\"article:publisher\" content=\"https:\/\/www.facebook.com\/ticaretedutr\" \/>\n<meta property=\"article:modified_time\" content=\"2025-07-21T10:56:10+00:00\" \/>\n<meta property=\"og:image\" content=\"http:\/\/ticaret.edu.tr\/iktisat\/wp-content\/uploads\/sites\/9\/2021\/11\/web_logo-01.jpg\" \/>\n\t<meta property=\"og:image:width\" content=\"1250\" \/>\n\t<meta property=\"og:image:height\" content=\"833\" \/>\n\t<meta property=\"og:image:type\" content=\"image\/jpeg\" \/>\n<meta name=\"twitter:card\" content=\"summary_large_image\" \/>\n<meta name=\"twitter:site\" content=\"@ticaretedutr\" \/>\n<meta name=\"twitter:label1\" content=\"Tahmini okuma s\u00fcresi\" \/>\n\t<meta name=\"twitter:data1\" content=\"1 dakika\" \/>\n<script type=\"application\/ld+json\" class=\"yoast-schema-graph\">{\"@context\":\"https:\/\/schema.org\",\"@graph\":[{\"@type\":\"WebPage\",\"@id\":\"https:\/\/ticaret.edu.tr\/iktisat\/kazanilan-derece-gereklilikleri-ve-kurallar\/\",\"url\":\"https:\/\/ticaret.edu.tr\/iktisat\/kazanilan-derece-gereklilikleri-ve-kurallar\/\",\"name\":\"Kazan\u0131lan Derece Gereklilikleri ve Kurallar - \u0130ktisat\",\"isPartOf\":{\"@id\":\"https:\/\/ticaret.edu.tr\/iktisat\/#website\"},\"datePublished\":\"2025-01-26T16:26:50+00:00\",\"dateModified\":\"2025-07-21T10:56:10+00:00\",\"breadcrumb\":{\"@id\":\"https:\/\/ticaret.edu.tr\/iktisat\/kazanilan-derece-gereklilikleri-ve-kurallar\/#breadcrumb\"},\"inLanguage\":\"tr\",\"potentialAction\":[{\"@type\":\"ReadAction\",\"target\":[\"https:\/\/ticaret.edu.tr\/iktisat\/kazanilan-derece-gereklilikleri-ve-kurallar\/\"]}]},{\"@type\":\"BreadcrumbList\",\"@id\":\"https:\/\/ticaret.edu.tr\/iktisat\/kazanilan-derece-gereklilikleri-ve-kurallar\/#breadcrumb\",\"itemListElement\":[{\"@type\":\"ListItem\",\"position\":1,\"name\":\"Ana sayfa\",\"item\":\"https:\/\/ticaret.edu.tr\/iktisat\/\"},{\"@type\":\"ListItem\",\"position\":2,\"name\":\"Kazan\u0131lan Derece Gereklilikleri ve Kurallar\"}]},{\"@type\":\"WebSite\",\"@id\":\"https:\/\/ticaret.edu.tr\/iktisat\/#website\",\"url\":\"https:\/\/ticaret.edu.tr\/iktisat\/\",\"name\":\"\u0130ktisat\",\"description\":\"\",\"potentialAction\":[{\"@type\":\"SearchAction\",\"target\":{\"@type\":\"EntryPoint\",\"urlTemplate\":\"https:\/\/ticaret.edu.tr\/iktisat\/?s={search_term_string}\"},\"query-input\":\"required name=search_term_string\"}],\"inLanguage\":\"tr\"}]}<\/script>\n<!-- \/ Yoast SEO Premium plugin. -->","yoast_head_json":{"title":"Kazan\u0131lan Derece Gereklilikleri ve Kurallar - \u0130ktisat","robots":{"index":"index","follow":"follow","max-snippet":"max-snippet:-1","max-image-preview":"max-image-preview:large","max-video-preview":"max-video-preview:-1"},"canonical":"https:\/\/ticaret.edu.tr\/iktisat\/kazanilan-derece-gereklilikleri-ve-kurallar\/","og_locale":"tr_TR","og_type":"article","og_title":"Kazan\u0131lan Derece Gereklilikleri ve Kurallar","og_description":"Kazan\u0131lan Derece ve Akademik D\u00fczeyi Bu program\u0131 ba\u015far\u0131yla tamamlayan \u00f6\u011frenciler a\u015fa\u011f\u0131daki akademik dereceyi almaya hak kazan\u0131rlar: Kazan\u0131lan Derece:\u00a0Lisans Diplomas\u0131 (Bachelor\u2019s Degree) Verilen Unvan: Ekonomist (Economist) Derecenin Akademik Seviyesi:\u00a0Lisans (First Cycle \u2013 Undergraduate) &nbsp; Derece Gereklilikleri ve Akademik Kurallar \u00d6\u011frencilerin a\u015fa\u011f\u0131daki akademik gereklilikleri yerine getirmesi gerekmektedir: Normal \u00d6\u011frenim S\u00fcresi: Lisans e\u011fitimi\u00a04 y\u0131l (8 d\u00f6nem) olarak planlanm\u0131\u015ft\u0131r [&hellip;]","og_url":"https:\/\/ticaret.edu.tr\/iktisat\/kazanilan-derece-gereklilikleri-ve-kurallar\/","og_site_name":"\u0130ktisat","article_publisher":"https:\/\/www.facebook.com\/ticaretedutr","article_modified_time":"2025-07-21T10:56:10+00:00","og_image":[{"width":1250,"height":833,"url":"http:\/\/ticaret.edu.tr\/iktisat\/wp-content\/uploads\/sites\/9\/2021\/11\/web_logo-01.jpg","type":"image\/jpeg"}],"twitter_card":"summary_large_image","twitter_site":"@ticaretedutr","twitter_misc":{"Tahmini okuma s\u00fcresi":"1 dakika"},"schema":{"@context":"https:\/\/schema.org","@graph":[{"@type":"WebPage","@id":"https:\/\/ticaret.edu.tr\/iktisat\/kazanilan-derece-gereklilikleri-ve-kurallar\/","url":"https:\/\/ticaret.edu.tr\/iktisat\/kazanilan-derece-gereklilikleri-ve-kurallar\/","name":"Kazan\u0131lan Derece Gereklilikleri ve Kurallar - \u0130ktisat","isPartOf":{"@id":"https:\/\/ticaret.edu.tr\/iktisat\/#website"},"datePublished":"2025-01-26T16:26:50+00:00","dateModified":"2025-07-21T10:56:10+00:00","breadcrumb":{"@id":"https:\/\/ticaret.edu.tr\/iktisat\/kazanilan-derece-gereklilikleri-ve-kurallar\/#breadcrumb"},"inLanguage":"tr","potentialAction":[{"@type":"ReadAction","target":["https:\/\/ticaret.edu.tr\/iktisat\/kazanilan-derece-gereklilikleri-ve-kurallar\/"]}]},{"@type":"BreadcrumbList","@id":"https:\/\/ticaret.edu.tr\/iktisat\/kazanilan-derece-gereklilikleri-ve-kurallar\/#breadcrumb","itemListElement":[{"@type":"ListItem","position":1,"name":"Ana sayfa","item":"https:\/\/ticaret.edu.tr\/iktisat\/"},{"@type":"ListItem","position":2,"name":"Kazan\u0131lan Derece Gereklilikleri ve Kurallar"}]},{"@type":"WebSite","@id":"https:\/\/ticaret.edu.tr\/iktisat\/#website","url":"https:\/\/ticaret.edu.tr\/iktisat\/","name":"\u0130ktisat","description":"","potentialAction":[{"@type":"SearchAction","target":{"@type":"EntryPoint","urlTemplate":"https:\/\/ticaret.edu.tr\/iktisat\/?s={search_term_string}"},"query-input":"required name=search_term_string"}],"inLanguage":"tr"}]}},"lang":"tr","translations":{"en":1583,"tr":1581},"pll_sync_post":[],"_links":{"self":[{"href":"http:\/\/ticaret.edu.tr\/iktisat\/wp-json\/wp\/v2\/pages\/1581"}],"collection":[{"href":"http:\/\/ticaret.edu.tr\/iktisat\/wp-json\/wp\/v2\/pages"}],"about":[{"href":"http:\/\/ticaret.edu.tr\/iktisat\/wp-json\/wp\/v2\/types\/page"}],"author":[{"embeddable":true,"href":"http:\/\/ticaret.edu.tr\/iktisat\/wp-json\/wp\/v2\/users\/139"}],"replies":[{"embeddable":true,"href":"http:\/\/ticaret.edu.tr\/iktisat\/wp-json\/wp\/v2\/comments?post=1581"}],"version-history":[{"count":3,"href":"http:\/\/ticaret.edu.tr\/iktisat\/wp-json\/wp\/v2\/pages\/1581\/revisions"}],"predecessor-version":[{"id":2102,"href":"http:\/\/ticaret.edu.tr\/iktisat\/wp-json\/wp\/v2\/pages\/1581\/revisions\/2102"}],"wp:attachment":[{"href":"http:\/\/ticaret.edu.tr\/iktisat\/wp-json\/wp\/v2\/media?parent=1581"}],"curies":[{"name":"wp","href":"https:\/\/api.w.org\/{rel}","templated":true}]}}