{"id":1585,"date":"2025-01-26T19:27:16","date_gmt":"2025-01-26T16:27:16","guid":{"rendered":"https:\/\/ticaret.edu.tr\/iktisat\/?page_id=1585"},"modified":"2025-10-22T15:01:59","modified_gmt":"2025-10-22T12:01:59","slug":"mezuniyet-kosullari","status":"publish","type":"page","link":"http:\/\/ticaret.edu.tr\/iktisat\/mezuniyet-kosullari\/","title":{"rendered":"Mezuniyet Ko\u015fullar\u0131"},"content":{"rendered":"<p data-start=\"315\" data-end=\"422\"><strong data-start=\"318\" data-end=\"420\">Lisans diplomas\u0131na hak kazanabilmek i\u00e7in \u00f6\u011frencilerin a\u015fa\u011f\u0131daki ko\u015fullar\u0131 sa\u011flamas\u0131 gerekmektedir:<\/strong><\/p>\n<ul>\n<li data-start=\"424\" data-end=\"767\">Programda yer alan t\u00fcm zorunlu ve se\u00e7meli dersleri ba\u015far\u0131yla tamamlamak.<\/li>\n<li data-start=\"424\" data-end=\"767\">En az 240 AKTS (ECTS) kredi toplamak.<\/li>\n<li data-start=\"424\" data-end=\"767\">Genel not ortalamas\u0131n\u0131n (GNO) en az 2.00\/4.00 olmas\u0131.<\/li>\n<li data-start=\"424\" data-end=\"767\">\u00dcniversiteye ait t\u00fcm mali y\u00fck\u00fcml\u00fcl\u00fckleri ve idari i\u015flemleri tamamlam\u0131\u015f olmak.<\/li>\n<\/ul>\n<p data-start=\"769\" data-end=\"865\">Akademik ba\u015far\u0131 durumu <a style=\"color: blue;text-decoration: underline\" href=\"http:\/\/obs.ticaret.edu.tr\/\">\u00d6\u011frenci Bilgi Sistemi (OBS)<\/a>\u00a0\u00fczerinden takip edilebilir.<\/p>\n","protected":false},"excerpt":{"rendered":"<p>Lisans diplomas\u0131na hak kazanabilmek i\u00e7in \u00f6\u011frencilerin a\u015fa\u011f\u0131daki ko\u015fullar\u0131 sa\u011flamas\u0131 gerekmektedir: Programda yer alan t\u00fcm zorunlu ve se\u00e7meli dersleri ba\u015far\u0131yla tamamlamak. En az 240 AKTS (ECTS) kredi toplamak. Genel not ortalamas\u0131n\u0131n (GNO) en az 2.00\/4.00 olmas\u0131. \u00dcniversiteye ait t\u00fcm mali y\u00fck\u00fcml\u00fcl\u00fckleri ve idari i\u015flemleri tamamlam\u0131\u015f olmak. Akademik ba\u015far\u0131 durumu \u00d6\u011frenci Bilgi Sistemi (OBS)\u00a0\u00fczerinden takip edilebilir.<\/p>\n","protected":false},"author":139,"featured_media":0,"parent":0,"menu_order":0,"comment_status":"closed","ping_status":"closed","template":"genel_sayfa.php","meta":{"footnotes":""},"yoast_head":"<!-- This site is optimized with the Yoast SEO Premium plugin v22.1 (Yoast SEO v22.1) - https:\/\/yoast.com\/wordpress\/plugins\/seo\/ -->\n<title>Mezuniyet Ko\u015fullar\u0131 - \u0130ktisat<\/title>\n<meta name=\"robots\" content=\"index, follow, max-snippet:-1, max-image-preview:large, max-video-preview:-1\" \/>\n<link rel=\"canonical\" href=\"https:\/\/ticaret.edu.tr\/iktisat\/mezuniyet-kosullari\/\" \/>\n<meta property=\"og:locale\" content=\"tr_TR\" \/>\n<meta property=\"og:type\" content=\"article\" \/>\n<meta property=\"og:title\" content=\"Mezuniyet Ko\u015fullar\u0131\" \/>\n<meta property=\"og:description\" content=\"Lisans diplomas\u0131na hak kazanabilmek i\u00e7in \u00f6\u011frencilerin a\u015fa\u011f\u0131daki ko\u015fullar\u0131 sa\u011flamas\u0131 gerekmektedir: Programda yer alan t\u00fcm zorunlu ve se\u00e7meli dersleri ba\u015far\u0131yla tamamlamak. En az 240 AKTS (ECTS) kredi toplamak. Genel not ortalamas\u0131n\u0131n (GNO) en az 2.00\/4.00 olmas\u0131. \u00dcniversiteye ait t\u00fcm mali y\u00fck\u00fcml\u00fcl\u00fckleri ve idari i\u015flemleri tamamlam\u0131\u015f olmak. Akademik ba\u015far\u0131 durumu \u00d6\u011frenci Bilgi Sistemi (OBS)\u00a0\u00fczerinden takip edilebilir.\" \/>\n<meta property=\"og:url\" content=\"https:\/\/ticaret.edu.tr\/iktisat\/mezuniyet-kosullari\/\" \/>\n<meta property=\"og:site_name\" content=\"\u0130ktisat\" \/>\n<meta property=\"article:publisher\" content=\"https:\/\/www.facebook.com\/ticaretedutr\" \/>\n<meta property=\"article:modified_time\" content=\"2025-10-22T12:01:59+00:00\" \/>\n<meta property=\"og:image\" content=\"http:\/\/ticaret.edu.tr\/iktisat\/wp-content\/uploads\/sites\/9\/2021\/11\/web_logo-01.jpg\" \/>\n\t<meta property=\"og:image:width\" content=\"1250\" \/>\n\t<meta property=\"og:image:height\" content=\"833\" \/>\n\t<meta property=\"og:image:type\" content=\"image\/jpeg\" \/>\n<meta name=\"twitter:card\" content=\"summary_large_image\" \/>\n<meta name=\"twitter:site\" content=\"@ticaretedutr\" \/>\n<meta name=\"twitter:label1\" content=\"Tahmini okuma s\u00fcresi\" \/>\n\t<meta name=\"twitter:data1\" content=\"1 dakika\" \/>\n<script type=\"application\/ld+json\" class=\"yoast-schema-graph\">{\"@context\":\"https:\/\/schema.org\",\"@graph\":[{\"@type\":\"WebPage\",\"@id\":\"https:\/\/ticaret.edu.tr\/iktisat\/mezuniyet-kosullari\/\",\"url\":\"https:\/\/ticaret.edu.tr\/iktisat\/mezuniyet-kosullari\/\",\"name\":\"Mezuniyet Ko\u015fullar\u0131 - \u0130ktisat\",\"isPartOf\":{\"@id\":\"https:\/\/ticaret.edu.tr\/iktisat\/#website\"},\"datePublished\":\"2025-01-26T16:27:16+00:00\",\"dateModified\":\"2025-10-22T12:01:59+00:00\",\"breadcrumb\":{\"@id\":\"https:\/\/ticaret.edu.tr\/iktisat\/mezuniyet-kosullari\/#breadcrumb\"},\"inLanguage\":\"tr\",\"potentialAction\":[{\"@type\":\"ReadAction\",\"target\":[\"https:\/\/ticaret.edu.tr\/iktisat\/mezuniyet-kosullari\/\"]}]},{\"@type\":\"BreadcrumbList\",\"@id\":\"https:\/\/ticaret.edu.tr\/iktisat\/mezuniyet-kosullari\/#breadcrumb\",\"itemListElement\":[{\"@type\":\"ListItem\",\"position\":1,\"name\":\"Ana sayfa\",\"item\":\"https:\/\/ticaret.edu.tr\/iktisat\/\"},{\"@type\":\"ListItem\",\"position\":2,\"name\":\"Mezuniyet Ko\u015fullar\u0131\"}]},{\"@type\":\"WebSite\",\"@id\":\"https:\/\/ticaret.edu.tr\/iktisat\/#website\",\"url\":\"https:\/\/ticaret.edu.tr\/iktisat\/\",\"name\":\"\u0130ktisat\",\"description\":\"\",\"potentialAction\":[{\"@type\":\"SearchAction\",\"target\":{\"@type\":\"EntryPoint\",\"urlTemplate\":\"https:\/\/ticaret.edu.tr\/iktisat\/?s={search_term_string}\"},\"query-input\":\"required name=search_term_string\"}],\"inLanguage\":\"tr\"}]}<\/script>\n<!-- \/ Yoast SEO Premium plugin. -->","yoast_head_json":{"title":"Mezuniyet Ko\u015fullar\u0131 - \u0130ktisat","robots":{"index":"index","follow":"follow","max-snippet":"max-snippet:-1","max-image-preview":"max-image-preview:large","max-video-preview":"max-video-preview:-1"},"canonical":"https:\/\/ticaret.edu.tr\/iktisat\/mezuniyet-kosullari\/","og_locale":"tr_TR","og_type":"article","og_title":"Mezuniyet Ko\u015fullar\u0131","og_description":"Lisans diplomas\u0131na hak kazanabilmek i\u00e7in \u00f6\u011frencilerin a\u015fa\u011f\u0131daki ko\u015fullar\u0131 sa\u011flamas\u0131 gerekmektedir: Programda yer alan t\u00fcm zorunlu ve se\u00e7meli dersleri ba\u015far\u0131yla tamamlamak. En az 240 AKTS (ECTS) kredi toplamak. Genel not ortalamas\u0131n\u0131n (GNO) en az 2.00\/4.00 olmas\u0131. \u00dcniversiteye ait t\u00fcm mali y\u00fck\u00fcml\u00fcl\u00fckleri ve idari i\u015flemleri tamamlam\u0131\u015f olmak. Akademik ba\u015far\u0131 durumu \u00d6\u011frenci Bilgi Sistemi (OBS)\u00a0\u00fczerinden takip edilebilir.","og_url":"https:\/\/ticaret.edu.tr\/iktisat\/mezuniyet-kosullari\/","og_site_name":"\u0130ktisat","article_publisher":"https:\/\/www.facebook.com\/ticaretedutr","article_modified_time":"2025-10-22T12:01:59+00:00","og_image":[{"width":1250,"height":833,"url":"http:\/\/ticaret.edu.tr\/iktisat\/wp-content\/uploads\/sites\/9\/2021\/11\/web_logo-01.jpg","type":"image\/jpeg"}],"twitter_card":"summary_large_image","twitter_site":"@ticaretedutr","twitter_misc":{"Tahmini okuma s\u00fcresi":"1 dakika"},"schema":{"@context":"https:\/\/schema.org","@graph":[{"@type":"WebPage","@id":"https:\/\/ticaret.edu.tr\/iktisat\/mezuniyet-kosullari\/","url":"https:\/\/ticaret.edu.tr\/iktisat\/mezuniyet-kosullari\/","name":"Mezuniyet Ko\u015fullar\u0131 - \u0130ktisat","isPartOf":{"@id":"https:\/\/ticaret.edu.tr\/iktisat\/#website"},"datePublished":"2025-01-26T16:27:16+00:00","dateModified":"2025-10-22T12:01:59+00:00","breadcrumb":{"@id":"https:\/\/ticaret.edu.tr\/iktisat\/mezuniyet-kosullari\/#breadcrumb"},"inLanguage":"tr","potentialAction":[{"@type":"ReadAction","target":["https:\/\/ticaret.edu.tr\/iktisat\/mezuniyet-kosullari\/"]}]},{"@type":"BreadcrumbList","@id":"https:\/\/ticaret.edu.tr\/iktisat\/mezuniyet-kosullari\/#breadcrumb","itemListElement":[{"@type":"ListItem","position":1,"name":"Ana sayfa","item":"https:\/\/ticaret.edu.tr\/iktisat\/"},{"@type":"ListItem","position":2,"name":"Mezuniyet Ko\u015fullar\u0131"}]},{"@type":"WebSite","@id":"https:\/\/ticaret.edu.tr\/iktisat\/#website","url":"https:\/\/ticaret.edu.tr\/iktisat\/","name":"\u0130ktisat","description":"","potentialAction":[{"@type":"SearchAction","target":{"@type":"EntryPoint","urlTemplate":"https:\/\/ticaret.edu.tr\/iktisat\/?s={search_term_string}"},"query-input":"required name=search_term_string"}],"inLanguage":"tr"}]}},"lang":"tr","translations":{"en":1587,"tr":1585},"pll_sync_post":[],"_links":{"self":[{"href":"http:\/\/ticaret.edu.tr\/iktisat\/wp-json\/wp\/v2\/pages\/1585"}],"collection":[{"href":"http:\/\/ticaret.edu.tr\/iktisat\/wp-json\/wp\/v2\/pages"}],"about":[{"href":"http:\/\/ticaret.edu.tr\/iktisat\/wp-json\/wp\/v2\/types\/page"}],"author":[{"embeddable":true,"href":"http:\/\/ticaret.edu.tr\/iktisat\/wp-json\/wp\/v2\/users\/139"}],"replies":[{"embeddable":true,"href":"http:\/\/ticaret.edu.tr\/iktisat\/wp-json\/wp\/v2\/comments?post=1585"}],"version-history":[{"count":5,"href":"http:\/\/ticaret.edu.tr\/iktisat\/wp-json\/wp\/v2\/pages\/1585\/revisions"}],"predecessor-version":[{"id":2245,"href":"http:\/\/ticaret.edu.tr\/iktisat\/wp-json\/wp\/v2\/pages\/1585\/revisions\/2245"}],"wp:attachment":[{"href":"http:\/\/ticaret.edu.tr\/iktisat\/wp-json\/wp\/v2\/media?parent=1585"}],"curies":[{"name":"wp","href":"https:\/\/api.w.org\/{rel}","templated":true}]}}