{"id":1610,"date":"2025-01-26T19:32:25","date_gmt":"2025-01-26T16:32:25","guid":{"rendered":"https:\/\/ticaret.edu.tr\/iktisat\/?page_id=1610"},"modified":"2026-01-09T14:34:03","modified_gmt":"2026-01-09T11:34:03","slug":"cap-yandal-yatay-gecis","status":"publish","type":"page","link":"http:\/\/ticaret.edu.tr\/iktisat\/cap-yandal-yatay-gecis\/","title":{"rendered":"\u00c7AP &#8211; Yan Dal \/ Yatay Ge\u00e7i\u015f"},"content":{"rendered":"<h2 data-start=\"381\" data-end=\"420\">\u00c7ift Anadal Program\u0131 (\u00c7AP)<\/h2>\n<p data-start=\"422\" data-end=\"613\">\u00c7ift Anadal Program\u0131, kendi b\u00f6l\u00fcm\u00fcnde ba\u015far\u0131 g\u00f6steren \u00f6\u011frencilerin, ba\u015fka bir lisans program\u0131ndan ders alarak ikinci bir diploma sahibi olmalar\u0131na olanak tan\u0131r.<\/p>\n<h3><\/h3>\n<h3 data-start=\"615\" data-end=\"640\">Ba\u015fvuru \u015eartlar\u0131<\/h3>\n<ul data-start=\"641\" data-end=\"1133\">\n<li data-start=\"641\" data-end=\"694\">\u00dcniversitenin bir lisans program\u0131na kay\u0131tl\u0131 olmak<\/li>\n<li data-start=\"695\" data-end=\"771\">Ba\u015fvuru yap\u0131lan d\u00f6neme kadar t\u00fcm dersleri ba\u015far\u0131yla tamamlam\u0131\u015f olmak<\/li>\n<li data-start=\"772\" data-end=\"847\">Genel Not Ortalamas\u0131 (GNO) en az 2,72\/4.00 (100 \u00fczerinden 70) olmak<\/li>\n<li data-start=\"848\" data-end=\"933\">\u00d6\u011frencinin, kendi s\u0131n\u0131f\u0131nda ba\u015far\u0131 s\u0131ralamas\u0131 itibariyle ilk %20\u2019de bulunmas\u0131<\/li>\n<li data-start=\"934\" data-end=\"1024\">\u00c7ift anadal program\u0131n\u0131n taban puan\u0131 \u015fartlar\u0131n\u0131 sa\u011flamak (e\u011fer %20 \u015fart\u0131 sa\u011flanm\u0131yorsa)<\/li>\n<li data-start=\"1025\" data-end=\"1133\">\u00c7ift anadala ba\u015fvurular 3. yar\u0131y\u0131ldan itibaren yap\u0131labilir, en ge\u00e7 5. yar\u0131y\u0131lda ba\u015fvurulmal\u0131d\u0131r.<\/li>\n<\/ul>\n<h3 data-start=\"1135\" data-end=\"1164\"><\/h3>\n<h3 data-start=\"1135\" data-end=\"1164\">Mezuniyet Ko\u015fullar\u0131<\/h3>\n<ul data-start=\"1165\" data-end=\"1470\">\n<li data-start=\"1165\" data-end=\"1274\">\u00c7ift Anadal \u00f6\u011frencileri, birinci anadal program\u0131nda mezun olmadan ikinci anadal diplomas\u0131n\u0131 alamazlar<\/li>\n<li data-start=\"1275\" data-end=\"1364\">\u0130kinci anadalda mezun olabilmek i\u00e7in GNO\u2019nun 2,72\/4.00 ve \u00fczeri olmas\u0131 gereklidir<\/li>\n<li data-start=\"1365\" data-end=\"1470\">\u00c7ift anadal program\u0131nda al\u0131nan dersler, zorunlu ve se\u00e7meli dersler dahil en az 240 AKTS olmal\u0131d\u0131r<\/li>\n<\/ul>\n<p data-start=\"1472\" data-end=\"1539\"><strong data-start=\"1472\" data-end=\"1514\">Detaylar i\u00e7in:<\/strong> <a style=\"color: blue;text-decoration: underline\" href=\"https:\/\/www.mevzuat.gov.tr\/mevzuat?MevzuatNo=7266&amp;MevzuatTur=8&amp;MevzuatTertip=5\">\u00c7AP ve Yan Dal Y\u00f6netmeli\u011fi<\/a><\/p>\n<p>&nbsp;<\/p>\n<hr \/>\n<p>&nbsp;<\/p>\n<h2 data-start=\"1546\" data-end=\"1575\">Yan Dal Program\u0131<\/h2>\n<p data-start=\"1577\" data-end=\"1873\">Yan Dal Program\u0131, \u00f6\u011frencilerin kendi lisans programlar\u0131n\u0131n yan\u0131 s\u0131ra ilgili ba\u015fka bir alanda bilgi edinmelerini sa\u011flayan ek bir e\u011fitim program\u0131d\u0131r. Yan dal program\u0131, ikinci bir diploma sa\u011flamaz ancak ba\u015far\u0131yla tamamlayan \u00f6\u011frencilere yan dal sertifikas\u0131 verilir.<\/p>\n<h3 data-start=\"1875\" data-end=\"1900\">Ba\u015fvuru \u015eartlar\u0131<\/h3>\n<ul data-start=\"1901\" data-end=\"2109\">\n<li data-start=\"1901\" data-end=\"1940\">Lisans program\u0131na kay\u0131tl\u0131 olmak.<\/li>\n<li data-start=\"1941\" data-end=\"1991\">3. yar\u0131y\u0131ldan itibaren ba\u015fvuru yap\u0131labilir.<\/li>\n<li data-start=\"1992\" data-end=\"2038\">GNO\u2019nun en az 2,60\/4.00 olmas\u0131 gerekir.<\/li>\n<li data-start=\"2039\" data-end=\"2109\">Yan dal programlar\u0131 Fak\u00fclte Y\u00f6netim Kurulu onay\u0131 ile a\u00e7\u0131l\u0131r.<\/li>\n<\/ul>\n<h3 data-start=\"2111\" data-end=\"2140\">Mezuniyet Ko\u015fullar\u0131<\/h3>\n<ul data-start=\"2141\" data-end=\"2477\">\n<li data-start=\"2141\" data-end=\"2217\">Yan dal program\u0131nda toplamda 24 AKTS\u2019lik ders al\u0131nmas\u0131 gerekmektedir.<\/li>\n<li data-start=\"2218\" data-end=\"2270\">GNO\u2019nun en az 2,30\/4.00 olmas\u0131 gerekmektedir.<\/li>\n<li data-start=\"2271\" data-end=\"2359\">Yan dal program\u0131n\u0131 tamamlayan \u00f6\u011frenciler, yan dal sertifikas\u0131 almaya hak kazan\u0131r.<\/li>\n<li data-start=\"2360\" data-end=\"2477\">Anadal program\u0131ndan mezun olmayan \u00f6\u011frenciler, yan dal program\u0131n\u0131 tamamlam\u0131\u015f olsalar bile sertifika alamazlar.<\/li>\n<\/ul>\n<p data-start=\"2479\" data-end=\"2550\"><strong data-start=\"2479\" data-end=\"2521\">Detaylar i\u00e7in:<\/strong> <a style=\"color: blue;text-decoration: underline\" href=\"https:\/\/www.mevzuat.gov.tr\/mevzuat?MevzuatNo=7266&amp;MevzuatTur=8&amp;MevzuatTertip=5\">\u00c7AP ve Yan Dal Y\u00f6netmeli\u011fi<\/a><\/p>\n<p>&nbsp;<\/p>\n<hr \/>\n<p>&nbsp;<\/p>\n<h2 data-start=\"2557\" data-end=\"2611\">Yatay Ge\u00e7i\u015f<\/h2>\n<p data-start=\"2613\" data-end=\"2892\">Yatay Ge\u00e7i\u015f, \u00f6\u011frencilerin mevcut programlar\u0131n\u0131 tamamlamadan ba\u015fka bir y\u00fcksek\u00f6\u011fretim program\u0131na ge\u00e7i\u015f yapmalar\u0131n\u0131 sa\u011flayan bir sistemdir. Yatay ge\u00e7i\u015f kurum i\u00e7i (ayn\u0131 \u00fcniversite i\u00e7inde) veya kurumlar aras\u0131 (farkl\u0131 \u00fcniversiteler aras\u0131nda) yap\u0131labilir.<\/p>\n<h3 data-start=\"2894\" data-end=\"2919\">Ba\u015fvuru \u015eartlar\u0131<\/h3>\n<ul>\n<li data-start=\"2920\" data-end=\"2980\">\u00d6nlisans ve lisans \u00f6\u011frencileri yatay ge\u00e7i\u015f yapabilir.<\/li>\n<li data-start=\"2981\" data-end=\"3065\">Yatay ge\u00e7i\u015f yapabilmek i\u00e7in GNO en az 2,29\/4.00 (100 \u00fczerinden 60) olmal\u0131d\u0131r.<\/li>\n<li data-start=\"3066\" data-end=\"3166\">\u00d6\u011frencinin ge\u00e7mek istedi\u011fi program\u0131n taban puan\u0131na e\u015fit veya daha y\u00fcksek bir puan\u0131 olmal\u0131d\u0131r.<\/li>\n<li data-start=\"3167\" data-end=\"3214\">\u0130lk ve son d\u00f6nemlerde yatay ge\u00e7i\u015f yap\u0131lamaz.<\/li>\n<li data-start=\"3215\" data-end=\"3310\">\u00d6SYM puan\u0131yla yatay ge\u00e7i\u015f yapmak isteyen \u00f6\u011frenciler i\u00e7in herhangi bir GNO s\u0131n\u0131r\u0131 yoktur.<\/li>\n<\/ul>\n<h3>Ba\u015fvuru S\u00fcreci<\/h3>\n<ul>\n<li>Ba\u015fvurular akademik takvimde belirtilen tarihlerde al\u0131n\u0131r.<\/li>\n<li>Ba\u015fvuran \u00f6\u011frencilerin GNO ve merkezi yerle\u015ftirme puan\u0131 de\u011ferlendirilir.<\/li>\n<li>Kabul edilen \u00f6\u011frenciler i\u00e7in ders intibak\u0131 yap\u0131l\u0131r ve eksik dersler belirlenir.<\/li>\n<\/ul>\n<p data-start=\"3575\" data-end=\"3642\"><strong data-start=\"3575\" data-end=\"3617\">Detaylar i\u00e7in:<\/strong> <a style=\"color: blue;text-decoration: underline\" href=\"https:\/\/www.mevzuat.gov.tr\/mevzuat?MevzuatNo=13948&amp;MevzuatTur=7&amp;MevzuatTertip=5\">Yatay Ge\u00e7i\u015f Y\u00f6netmeli\u011fi<\/a><\/p>\n","protected":false},"excerpt":{"rendered":"<p>\u00c7ift Anadal Program\u0131 (\u00c7AP) \u00c7ift Anadal Program\u0131, kendi b\u00f6l\u00fcm\u00fcnde ba\u015far\u0131 g\u00f6steren \u00f6\u011frencilerin, ba\u015fka bir lisans program\u0131ndan ders alarak ikinci bir diploma sahibi olmalar\u0131na olanak tan\u0131r. Ba\u015fvuru \u015eartlar\u0131 \u00dcniversitenin bir lisans program\u0131na kay\u0131tl\u0131 olmak Ba\u015fvuru yap\u0131lan d\u00f6neme kadar t\u00fcm dersleri ba\u015far\u0131yla tamamlam\u0131\u015f olmak Genel Not Ortalamas\u0131 (GNO) en az 2,72\/4.00 (100 \u00fczerinden 70) olmak \u00d6\u011frencinin, kendi [&hellip;]<\/p>\n","protected":false},"author":139,"featured_media":0,"parent":0,"menu_order":0,"comment_status":"closed","ping_status":"closed","template":"genel_sayfa.php","meta":{"footnotes":""},"yoast_head":"<!-- This site is optimized with the Yoast SEO Premium plugin v22.1 (Yoast SEO v22.1) - https:\/\/yoast.com\/wordpress\/plugins\/seo\/ -->\n<title>\u00c7AP - Yan Dal \/ Yatay Ge\u00e7i\u015f - \u0130ktisat<\/title>\n<meta name=\"robots\" content=\"index, follow, max-snippet:-1, max-image-preview:large, max-video-preview:-1\" \/>\n<link rel=\"canonical\" href=\"https:\/\/ticaret.edu.tr\/iktisat\/cap-yandal-yatay-gecis\/\" \/>\n<meta property=\"og:locale\" content=\"tr_TR\" \/>\n<meta property=\"og:type\" content=\"article\" \/>\n<meta property=\"og:title\" content=\"\u00c7AP - Yan Dal \/ Yatay Ge\u00e7i\u015f\" \/>\n<meta property=\"og:description\" content=\"\u00c7ift Anadal Program\u0131 (\u00c7AP) \u00c7ift Anadal Program\u0131, kendi b\u00f6l\u00fcm\u00fcnde ba\u015far\u0131 g\u00f6steren \u00f6\u011frencilerin, ba\u015fka bir lisans program\u0131ndan ders alarak ikinci bir diploma sahibi olmalar\u0131na olanak tan\u0131r. Ba\u015fvuru \u015eartlar\u0131 \u00dcniversitenin bir lisans program\u0131na kay\u0131tl\u0131 olmak Ba\u015fvuru yap\u0131lan d\u00f6neme kadar t\u00fcm dersleri ba\u015far\u0131yla tamamlam\u0131\u015f olmak Genel Not Ortalamas\u0131 (GNO) en az 2,72\/4.00 (100 \u00fczerinden 70) olmak \u00d6\u011frencinin, kendi [&hellip;]\" \/>\n<meta property=\"og:url\" content=\"https:\/\/ticaret.edu.tr\/iktisat\/cap-yandal-yatay-gecis\/\" \/>\n<meta property=\"og:site_name\" content=\"\u0130ktisat\" \/>\n<meta property=\"article:publisher\" content=\"https:\/\/www.facebook.com\/ticaretedutr\" \/>\n<meta property=\"article:modified_time\" content=\"2026-01-09T11:34:03+00:00\" \/>\n<meta property=\"og:image\" content=\"http:\/\/ticaret.edu.tr\/iktisat\/wp-content\/uploads\/sites\/9\/2021\/11\/web_logo-01.jpg\" \/>\n\t<meta property=\"og:image:width\" content=\"1250\" \/>\n\t<meta property=\"og:image:height\" content=\"833\" \/>\n\t<meta property=\"og:image:type\" content=\"image\/jpeg\" \/>\n<meta name=\"twitter:card\" content=\"summary_large_image\" \/>\n<meta name=\"twitter:site\" content=\"@ticaretedutr\" \/>\n<meta name=\"twitter:label1\" content=\"Tahmini okuma s\u00fcresi\" \/>\n\t<meta name=\"twitter:data1\" content=\"3 dakika\" \/>\n<script type=\"application\/ld+json\" class=\"yoast-schema-graph\">{\"@context\":\"https:\/\/schema.org\",\"@graph\":[{\"@type\":\"WebPage\",\"@id\":\"https:\/\/ticaret.edu.tr\/iktisat\/cap-yandal-yatay-gecis\/\",\"url\":\"https:\/\/ticaret.edu.tr\/iktisat\/cap-yandal-yatay-gecis\/\",\"name\":\"\u00c7AP - Yan Dal \/ Yatay Ge\u00e7i\u015f - \u0130ktisat\",\"isPartOf\":{\"@id\":\"http:\/\/ticaret.edu.tr\/iktisat\/en\/#website\"},\"datePublished\":\"2025-01-26T16:32:25+00:00\",\"dateModified\":\"2026-01-09T11:34:03+00:00\",\"breadcrumb\":{\"@id\":\"https:\/\/ticaret.edu.tr\/iktisat\/cap-yandal-yatay-gecis\/#breadcrumb\"},\"inLanguage\":\"tr\",\"potentialAction\":[{\"@type\":\"ReadAction\",\"target\":[\"https:\/\/ticaret.edu.tr\/iktisat\/cap-yandal-yatay-gecis\/\"]}]},{\"@type\":\"BreadcrumbList\",\"@id\":\"https:\/\/ticaret.edu.tr\/iktisat\/cap-yandal-yatay-gecis\/#breadcrumb\",\"itemListElement\":[{\"@type\":\"ListItem\",\"position\":1,\"name\":\"Ana sayfa\",\"item\":\"https:\/\/ticaret.edu.tr\/iktisat\/\"},{\"@type\":\"ListItem\",\"position\":2,\"name\":\"\u00c7AP &#8211; Yan Dal \/ Yatay Ge\u00e7i\u015f\"}]},{\"@type\":\"WebSite\",\"@id\":\"http:\/\/ticaret.edu.tr\/iktisat\/en\/#website\",\"url\":\"http:\/\/ticaret.edu.tr\/iktisat\/en\/\",\"name\":\"\u0130ktisat\",\"description\":\"\",\"potentialAction\":[{\"@type\":\"SearchAction\",\"target\":{\"@type\":\"EntryPoint\",\"urlTemplate\":\"http:\/\/ticaret.edu.tr\/iktisat\/en\/?s={search_term_string}\"},\"query-input\":\"required name=search_term_string\"}],\"inLanguage\":\"tr\"}]}<\/script>\n<!-- \/ Yoast SEO Premium plugin. -->","yoast_head_json":{"title":"\u00c7AP - Yan Dal \/ Yatay Ge\u00e7i\u015f - \u0130ktisat","robots":{"index":"index","follow":"follow","max-snippet":"max-snippet:-1","max-image-preview":"max-image-preview:large","max-video-preview":"max-video-preview:-1"},"canonical":"https:\/\/ticaret.edu.tr\/iktisat\/cap-yandal-yatay-gecis\/","og_locale":"tr_TR","og_type":"article","og_title":"\u00c7AP - Yan Dal \/ Yatay Ge\u00e7i\u015f","og_description":"\u00c7ift Anadal Program\u0131 (\u00c7AP) \u00c7ift Anadal Program\u0131, kendi b\u00f6l\u00fcm\u00fcnde ba\u015far\u0131 g\u00f6steren \u00f6\u011frencilerin, ba\u015fka bir lisans program\u0131ndan ders alarak ikinci bir diploma sahibi olmalar\u0131na olanak tan\u0131r. Ba\u015fvuru \u015eartlar\u0131 \u00dcniversitenin bir lisans program\u0131na kay\u0131tl\u0131 olmak Ba\u015fvuru yap\u0131lan d\u00f6neme kadar t\u00fcm dersleri ba\u015far\u0131yla tamamlam\u0131\u015f olmak Genel Not Ortalamas\u0131 (GNO) en az 2,72\/4.00 (100 \u00fczerinden 70) olmak \u00d6\u011frencinin, kendi [&hellip;]","og_url":"https:\/\/ticaret.edu.tr\/iktisat\/cap-yandal-yatay-gecis\/","og_site_name":"\u0130ktisat","article_publisher":"https:\/\/www.facebook.com\/ticaretedutr","article_modified_time":"2026-01-09T11:34:03+00:00","og_image":[{"width":1250,"height":833,"url":"http:\/\/ticaret.edu.tr\/iktisat\/wp-content\/uploads\/sites\/9\/2021\/11\/web_logo-01.jpg","type":"image\/jpeg"}],"twitter_card":"summary_large_image","twitter_site":"@ticaretedutr","twitter_misc":{"Tahmini okuma s\u00fcresi":"3 dakika"},"schema":{"@context":"https:\/\/schema.org","@graph":[{"@type":"WebPage","@id":"https:\/\/ticaret.edu.tr\/iktisat\/cap-yandal-yatay-gecis\/","url":"https:\/\/ticaret.edu.tr\/iktisat\/cap-yandal-yatay-gecis\/","name":"\u00c7AP - Yan Dal \/ Yatay Ge\u00e7i\u015f - \u0130ktisat","isPartOf":{"@id":"http:\/\/ticaret.edu.tr\/iktisat\/en\/#website"},"datePublished":"2025-01-26T16:32:25+00:00","dateModified":"2026-01-09T11:34:03+00:00","breadcrumb":{"@id":"https:\/\/ticaret.edu.tr\/iktisat\/cap-yandal-yatay-gecis\/#breadcrumb"},"inLanguage":"tr","potentialAction":[{"@type":"ReadAction","target":["https:\/\/ticaret.edu.tr\/iktisat\/cap-yandal-yatay-gecis\/"]}]},{"@type":"BreadcrumbList","@id":"https:\/\/ticaret.edu.tr\/iktisat\/cap-yandal-yatay-gecis\/#breadcrumb","itemListElement":[{"@type":"ListItem","position":1,"name":"Ana sayfa","item":"https:\/\/ticaret.edu.tr\/iktisat\/"},{"@type":"ListItem","position":2,"name":"\u00c7AP &#8211; Yan Dal \/ Yatay Ge\u00e7i\u015f"}]},{"@type":"WebSite","@id":"http:\/\/ticaret.edu.tr\/iktisat\/en\/#website","url":"http:\/\/ticaret.edu.tr\/iktisat\/en\/","name":"\u0130ktisat","description":"","potentialAction":[{"@type":"SearchAction","target":{"@type":"EntryPoint","urlTemplate":"http:\/\/ticaret.edu.tr\/iktisat\/en\/?s={search_term_string}"},"query-input":"required name=search_term_string"}],"inLanguage":"tr"}]}},"lang":"tr","translations":{"en":1612,"tr":1610},"pll_sync_post":[],"_links":{"self":[{"href":"http:\/\/ticaret.edu.tr\/iktisat\/wp-json\/wp\/v2\/pages\/1610"}],"collection":[{"href":"http:\/\/ticaret.edu.tr\/iktisat\/wp-json\/wp\/v2\/pages"}],"about":[{"href":"http:\/\/ticaret.edu.tr\/iktisat\/wp-json\/wp\/v2\/types\/page"}],"author":[{"embeddable":true,"href":"http:\/\/ticaret.edu.tr\/iktisat\/wp-json\/wp\/v2\/users\/139"}],"replies":[{"embeddable":true,"href":"http:\/\/ticaret.edu.tr\/iktisat\/wp-json\/wp\/v2\/comments?post=1610"}],"version-history":[{"count":23,"href":"http:\/\/ticaret.edu.tr\/iktisat\/wp-json\/wp\/v2\/pages\/1610\/revisions"}],"predecessor-version":[{"id":2523,"href":"http:\/\/ticaret.edu.tr\/iktisat\/wp-json\/wp\/v2\/pages\/1610\/revisions\/2523"}],"wp:attachment":[{"href":"http:\/\/ticaret.edu.tr\/iktisat\/wp-json\/wp\/v2\/media?parent=1610"}],"curies":[{"name":"wp","href":"https:\/\/api.w.org\/{rel}","templated":true}]}}