{"id":1625,"date":"2025-01-26T19:35:45","date_gmt":"2025-01-26T16:35:45","guid":{"rendered":"https:\/\/ticaret.edu.tr\/iktisat\/?page_id=1625"},"modified":"2025-10-22T16:04:01","modified_gmt":"2025-10-22T13:04:01","slug":"staj","status":"publish","type":"page","link":"http:\/\/ticaret.edu.tr\/iktisat\/staj\/","title":{"rendered":"Staj"},"content":{"rendered":"<p>\u0130ktisat B\u00f6l\u00fcm\u00fc&#8217;nde zorunlu staj uygulamas\u0131 yoktur. Fakat \u00f6\u011frenciye \u00fcniversite Kariyer Merkezi arac\u0131l\u0131\u011f\u0131yla iste\u011fe ba\u011fl\u0131 staj imk\u00e2n\u0131 sa\u011flanabilmektedir. Uygulama esaslar\u0131 Kariyer Merkezi arac\u0131l\u0131\u011f\u0131yla y\u00fcr\u00fct\u00fclmektedir.<\/p>\n<h3><strong>\u0130ktisat B\u00f6l\u00fcm\u00fc Staj Dan\u0131\u015fman\u0131<\/strong><\/h3>\n<p><strong>Dr. \u00d6\u011fr. \u00dcyesi Tu\u011frul ARIK<\/strong><br \/>\n<strong>E-Posta:<\/strong> <a style=\"color: blue;text-decoration: underline\" href=\"mailto:tarik@ticaret.edu.tr\" rel=\"noopener\">tarik@ticaret.edu.tr<\/a><br \/>\n<strong>Ofis No:<\/strong> C-406<\/p>\n","protected":false},"excerpt":{"rendered":"<p>\u0130ktisat B\u00f6l\u00fcm\u00fc&#8217;nde zorunlu staj uygulamas\u0131 yoktur. Fakat \u00f6\u011frenciye \u00fcniversite Kariyer Merkezi arac\u0131l\u0131\u011f\u0131yla iste\u011fe ba\u011fl\u0131 staj imk\u00e2n\u0131 sa\u011flanabilmektedir. Uygulama esaslar\u0131 Kariyer Merkezi arac\u0131l\u0131\u011f\u0131yla y\u00fcr\u00fct\u00fclmektedir. \u0130ktisat B\u00f6l\u00fcm\u00fc Staj Dan\u0131\u015fman\u0131 Dr. \u00d6\u011fr. \u00dcyesi Tu\u011frul ARIK E-Posta: tarik@ticaret.edu.tr Ofis No: C-406<\/p>\n","protected":false},"author":139,"featured_media":0,"parent":0,"menu_order":0,"comment_status":"closed","ping_status":"closed","template":"genel_sayfa.php","meta":{"footnotes":""},"yoast_head":"<!-- This site is optimized with the Yoast SEO Premium plugin v22.1 (Yoast SEO v22.1) - https:\/\/yoast.com\/wordpress\/plugins\/seo\/ -->\n<title>Staj - \u0130ktisat<\/title>\n<meta name=\"robots\" content=\"index, follow, max-snippet:-1, max-image-preview:large, max-video-preview:-1\" \/>\n<link rel=\"canonical\" href=\"http:\/\/ticaret.edu.tr\/iktisat\/staj\/\" \/>\n<meta property=\"og:locale\" content=\"tr_TR\" \/>\n<meta property=\"og:type\" content=\"article\" \/>\n<meta property=\"og:title\" content=\"Staj\" \/>\n<meta property=\"og:description\" content=\"\u0130ktisat B\u00f6l\u00fcm\u00fc&#8217;nde zorunlu staj uygulamas\u0131 yoktur. Fakat \u00f6\u011frenciye \u00fcniversite Kariyer Merkezi arac\u0131l\u0131\u011f\u0131yla iste\u011fe ba\u011fl\u0131 staj imk\u00e2n\u0131 sa\u011flanabilmektedir. Uygulama esaslar\u0131 Kariyer Merkezi arac\u0131l\u0131\u011f\u0131yla y\u00fcr\u00fct\u00fclmektedir. \u0130ktisat B\u00f6l\u00fcm\u00fc Staj Dan\u0131\u015fman\u0131 Dr. \u00d6\u011fr. \u00dcyesi Tu\u011frul ARIK E-Posta: tarik@ticaret.edu.tr Ofis No: C-406\" \/>\n<meta property=\"og:url\" content=\"http:\/\/ticaret.edu.tr\/iktisat\/staj\/\" \/>\n<meta property=\"og:site_name\" content=\"\u0130ktisat\" \/>\n<meta property=\"article:publisher\" content=\"https:\/\/www.facebook.com\/ticaretedutr\" \/>\n<meta property=\"article:modified_time\" content=\"2025-10-22T13:04:01+00:00\" \/>\n<meta property=\"og:image\" content=\"http:\/\/ticaret.edu.tr\/iktisat\/wp-content\/uploads\/sites\/9\/2021\/11\/web_logo-01.jpg\" \/>\n\t<meta property=\"og:image:width\" content=\"1250\" \/>\n\t<meta property=\"og:image:height\" content=\"833\" \/>\n\t<meta property=\"og:image:type\" content=\"image\/jpeg\" \/>\n<meta name=\"twitter:card\" content=\"summary_large_image\" \/>\n<meta name=\"twitter:site\" content=\"@ticaretedutr\" \/>\n<meta name=\"twitter:label1\" content=\"Tahmini okuma s\u00fcresi\" \/>\n\t<meta name=\"twitter:data1\" content=\"1 dakika\" \/>\n<script type=\"application\/ld+json\" class=\"yoast-schema-graph\">{\"@context\":\"https:\/\/schema.org\",\"@graph\":[{\"@type\":\"WebPage\",\"@id\":\"http:\/\/ticaret.edu.tr\/iktisat\/staj\/\",\"url\":\"http:\/\/ticaret.edu.tr\/iktisat\/staj\/\",\"name\":\"Staj - \u0130ktisat\",\"isPartOf\":{\"@id\":\"https:\/\/ticaret.edu.tr\/iktisat\/#website\"},\"datePublished\":\"2025-01-26T16:35:45+00:00\",\"dateModified\":\"2025-10-22T13:04:01+00:00\",\"breadcrumb\":{\"@id\":\"http:\/\/ticaret.edu.tr\/iktisat\/staj\/#breadcrumb\"},\"inLanguage\":\"tr\",\"potentialAction\":[{\"@type\":\"ReadAction\",\"target\":[\"http:\/\/ticaret.edu.tr\/iktisat\/staj\/\"]}]},{\"@type\":\"BreadcrumbList\",\"@id\":\"http:\/\/ticaret.edu.tr\/iktisat\/staj\/#breadcrumb\",\"itemListElement\":[{\"@type\":\"ListItem\",\"position\":1,\"name\":\"Ana sayfa\",\"item\":\"https:\/\/ticaret.edu.tr\/iktisat\/\"},{\"@type\":\"ListItem\",\"position\":2,\"name\":\"Staj\"}]},{\"@type\":\"WebSite\",\"@id\":\"https:\/\/ticaret.edu.tr\/iktisat\/#website\",\"url\":\"https:\/\/ticaret.edu.tr\/iktisat\/\",\"name\":\"\u0130ktisat\",\"description\":\"\",\"potentialAction\":[{\"@type\":\"SearchAction\",\"target\":{\"@type\":\"EntryPoint\",\"urlTemplate\":\"https:\/\/ticaret.edu.tr\/iktisat\/?s={search_term_string}\"},\"query-input\":\"required name=search_term_string\"}],\"inLanguage\":\"tr\"}]}<\/script>\n<!-- \/ Yoast SEO Premium plugin. -->","yoast_head_json":{"title":"Staj - \u0130ktisat","robots":{"index":"index","follow":"follow","max-snippet":"max-snippet:-1","max-image-preview":"max-image-preview:large","max-video-preview":"max-video-preview:-1"},"canonical":"http:\/\/ticaret.edu.tr\/iktisat\/staj\/","og_locale":"tr_TR","og_type":"article","og_title":"Staj","og_description":"\u0130ktisat B\u00f6l\u00fcm\u00fc&#8217;nde zorunlu staj uygulamas\u0131 yoktur. Fakat \u00f6\u011frenciye \u00fcniversite Kariyer Merkezi arac\u0131l\u0131\u011f\u0131yla iste\u011fe ba\u011fl\u0131 staj imk\u00e2n\u0131 sa\u011flanabilmektedir. Uygulama esaslar\u0131 Kariyer Merkezi arac\u0131l\u0131\u011f\u0131yla y\u00fcr\u00fct\u00fclmektedir. \u0130ktisat B\u00f6l\u00fcm\u00fc Staj Dan\u0131\u015fman\u0131 Dr. \u00d6\u011fr. \u00dcyesi Tu\u011frul ARIK E-Posta: tarik@ticaret.edu.tr Ofis No: C-406","og_url":"http:\/\/ticaret.edu.tr\/iktisat\/staj\/","og_site_name":"\u0130ktisat","article_publisher":"https:\/\/www.facebook.com\/ticaretedutr","article_modified_time":"2025-10-22T13:04:01+00:00","og_image":[{"width":1250,"height":833,"url":"http:\/\/ticaret.edu.tr\/iktisat\/wp-content\/uploads\/sites\/9\/2021\/11\/web_logo-01.jpg","type":"image\/jpeg"}],"twitter_card":"summary_large_image","twitter_site":"@ticaretedutr","twitter_misc":{"Tahmini okuma s\u00fcresi":"1 dakika"},"schema":{"@context":"https:\/\/schema.org","@graph":[{"@type":"WebPage","@id":"http:\/\/ticaret.edu.tr\/iktisat\/staj\/","url":"http:\/\/ticaret.edu.tr\/iktisat\/staj\/","name":"Staj - \u0130ktisat","isPartOf":{"@id":"https:\/\/ticaret.edu.tr\/iktisat\/#website"},"datePublished":"2025-01-26T16:35:45+00:00","dateModified":"2025-10-22T13:04:01+00:00","breadcrumb":{"@id":"http:\/\/ticaret.edu.tr\/iktisat\/staj\/#breadcrumb"},"inLanguage":"tr","potentialAction":[{"@type":"ReadAction","target":["http:\/\/ticaret.edu.tr\/iktisat\/staj\/"]}]},{"@type":"BreadcrumbList","@id":"http:\/\/ticaret.edu.tr\/iktisat\/staj\/#breadcrumb","itemListElement":[{"@type":"ListItem","position":1,"name":"Ana sayfa","item":"https:\/\/ticaret.edu.tr\/iktisat\/"},{"@type":"ListItem","position":2,"name":"Staj"}]},{"@type":"WebSite","@id":"https:\/\/ticaret.edu.tr\/iktisat\/#website","url":"https:\/\/ticaret.edu.tr\/iktisat\/","name":"\u0130ktisat","description":"","potentialAction":[{"@type":"SearchAction","target":{"@type":"EntryPoint","urlTemplate":"https:\/\/ticaret.edu.tr\/iktisat\/?s={search_term_string}"},"query-input":"required name=search_term_string"}],"inLanguage":"tr"}]}},"lang":"tr","translations":{"en":1627,"tr":1625},"pll_sync_post":[],"_links":{"self":[{"href":"http:\/\/ticaret.edu.tr\/iktisat\/wp-json\/wp\/v2\/pages\/1625"}],"collection":[{"href":"http:\/\/ticaret.edu.tr\/iktisat\/wp-json\/wp\/v2\/pages"}],"about":[{"href":"http:\/\/ticaret.edu.tr\/iktisat\/wp-json\/wp\/v2\/types\/page"}],"author":[{"embeddable":true,"href":"http:\/\/ticaret.edu.tr\/iktisat\/wp-json\/wp\/v2\/users\/139"}],"replies":[{"embeddable":true,"href":"http:\/\/ticaret.edu.tr\/iktisat\/wp-json\/wp\/v2\/comments?post=1625"}],"version-history":[{"count":5,"href":"http:\/\/ticaret.edu.tr\/iktisat\/wp-json\/wp\/v2\/pages\/1625\/revisions"}],"predecessor-version":[{"id":2257,"href":"http:\/\/ticaret.edu.tr\/iktisat\/wp-json\/wp\/v2\/pages\/1625\/revisions\/2257"}],"wp:attachment":[{"href":"http:\/\/ticaret.edu.tr\/iktisat\/wp-json\/wp\/v2\/media?parent=1625"}],"curies":[{"name":"wp","href":"https:\/\/api.w.org\/{rel}","templated":true}]}}