{"id":1629,"date":"2025-01-26T19:36:10","date_gmt":"2025-01-26T16:36:10","guid":{"rendered":"https:\/\/ticaret.edu.tr\/iktisat\/?page_id=1629"},"modified":"2025-10-20T18:04:02","modified_gmt":"2025-10-20T15:04:02","slug":"mezunlar","status":"publish","type":"page","link":"http:\/\/ticaret.edu.tr\/iktisat\/mezunlar\/","title":{"rendered":"Mezunlar"},"content":{"rendered":"<p><strong>Ece Melisa Arslan<\/strong><\/p>\n<p><em><strong>Stajyer Serbest Muhasebeci Mali M\u00fc\u015favir<\/strong><\/em><\/p>\n<p>\u0130stanbul Ticaret \u00dcniversitesi \u0130ktisat ve \u0130\u015fletme (\u00c7AP) b\u00f6l\u00fcmlerinden mezun oldum. Mezun oldu\u011fumda SMMM Staja giri\u015f s\u0131nav\u0131m\u0131 kazanarak mali m\u00fc\u015favirlik staj\u0131ma ba\u015flad\u0131m. Muhasebe ve Denetim Tezli Y\u00fcksek Lisans Program\u0131&#8217;nda e\u011fitimime devam etmekteyim. E\u011fitim hayat\u0131mda \u0130stanbul Ticaret \u00dcniversitesi\u2019nin sayg\u0131n akademik kadrosu sayesinde kendimi \u00e7e\u015fitli alanlarda geli\u015ftirdim. \u00d6\u011frenci asistanl\u0131\u011f\u0131 sayesinde \u00e7e\u015fitli ara\u015ft\u0131rmalar ve YAPKO projesinde faaliyet g\u00f6sterdim. Okulumuzun sa\u011flam\u0131\u015f oldu\u011fu sertifika programlar\u0131 sayesinde kendimi geli\u015ftirme imkan\u0131 buldum. Hocalar\u0131m\u0131z\u0131n cana yak\u0131nl\u0131\u011f\u0131 ve bizimle birer dost olmalar\u0131 her zaman bizim daha da geli\u015fmemizi sa\u011flad\u0131. Derslerimizi sadece ders olarak de\u011fil, \u201ckendimize ne katar\u0131z?\u201d d\u00fc\u015f\u00fcncesi ile ge\u00e7irdik. Derslerimizde \u00e7e\u015fitli bilgisayar programlar\u0131 \u00f6\u011frendim, bu programlar sayesinde iktisad\u0131n temel \u00f6\u011fretilerini bilgisayar ortam\u0131nda yapt\u0131\u011f\u0131m\u0131z analizler ile \u00f6\u011frenme \u015fans\u0131 yakalad\u0131m. Ayr\u0131ca okulumuzda ger\u00e7ekle\u015ftirilen sosyal aktiviteler, konferanslar ve \u00e7e\u015fitli seminerlerin de i\u015f hayat\u0131mda faydas\u0131n\u0131 g\u00f6rd\u00fcm. Hem lisans hem de y\u00fcksek lisans e\u011fitimimi \u0130stanbul Ticaret \u00dcniversitesi\u2019nde ald\u0131\u011f\u0131m i\u00e7in \u00e7ok memnunum.<\/p>\n<p>&nbsp;<\/p>\n<p><strong>Elif \u00d6tgen<\/strong><\/p>\n<p><em><strong>T\u00fcrkiye Emlak Kat\u0131l\u0131m Bankas\u0131 \u2013 Budget Assistant Specialist<\/strong><\/em><\/p>\n<p>\u0130ktisat B\u00f6l\u00fcm\u00fc&#8217;ndeki neredeyse her hocam\u0131n farkl\u0131 bir alana mensup olmas\u0131ndan \u00f6t\u00fcr\u00fc farkl\u0131 bak\u0131\u015f a\u00e7\u0131lar\u0131yla iktisad\u0131n teori k\u0131sm\u0131ndan \u00f6te, ayn\u0131 zamanda uygulama alanlar\u0131yla ilgili de bir\u00e7ok bilgi edinilebilmektedir. Hem okuldan k\u00fcrs\u00fcden yeti\u015fen hem sekt\u00f6rlerden, politikadan, bankac\u0131l\u0131k alan\u0131ndan gelen bir\u00e7ok hocam\u0131z\u0131n malumat\u0131n\u0131 farkl\u0131 kaynaklardan \u00f6\u011frenmek biz \u00f6\u011frencilerin bilgi birikimini g\u00fczel bir \u015fekilde zenginle\u015ftirerek kitabi bilginin d\u0131\u015f\u0131nda farkl\u0131 bak\u0131\u015f a\u00e7\u0131lar\u0131 kazanmam\u0131za yol a\u00e7makta ve ileriki kariyerimiz i\u00e7in de bir nevi \u0131\u015f\u0131k tutmaktad\u0131r. \u0130ktisattan mezun bir \u00f6\u011frenci olarak b\u00f6l\u00fcm\u00fcm sayesinde bir\u00e7ok a\u00e7\u0131dan teorik bilginin d\u0131\u015f\u0131nda, sahada da yard\u0131mc\u0131 olacak bilgiler \u00f6\u011frendi\u011fimi s\u00f6yleyebilirim. \u00d6\u011frenim g\u00f6rd\u00fc\u011f\u00fcm d\u00f6nemler boyunca, bir\u00e7ok farkl\u0131 alanda makale format\u0131nda yaz\u0131lar haz\u0131rlayarak \u00f6\u011frendi\u011fim her bilgiyi unsurlarla desteklemenin faydalar\u0131ndan yararland\u0131m. \u00d6dev, not, ders ya da herhangi bir sorun ya\u015fad\u0131\u011f\u0131mda bununla alakal\u0131 her t\u00fcrl\u00fc deste\u011fi bu zamana kadar hep g\u00f6rd\u00fcm. \u00dcniversitemizde genel olarak hocalar\u0131m\u0131z\u0131n kimi zaman bir a\u011fabey\/abla, kimi zamanda deste\u011fini esirgemeyen bir arkada\u015f, kimi zamanda sorular\u0131na cevap buldu\u011fun hepsi birbirinden de\u011ferli hocalar\u0131m oldu.<\/p>\n","protected":false},"excerpt":{"rendered":"<p>Ece Melisa Arslan Stajyer Serbest Muhasebeci Mali M\u00fc\u015favir \u0130stanbul Ticaret \u00dcniversitesi \u0130ktisat ve \u0130\u015fletme (\u00c7AP) b\u00f6l\u00fcmlerinden mezun oldum. Mezun oldu\u011fumda SMMM Staja giri\u015f s\u0131nav\u0131m\u0131 kazanarak mali m\u00fc\u015favirlik staj\u0131ma ba\u015flad\u0131m. Muhasebe ve Denetim Tezli Y\u00fcksek Lisans Program\u0131&#8217;nda e\u011fitimime devam etmekteyim. E\u011fitim hayat\u0131mda \u0130stanbul Ticaret \u00dcniversitesi\u2019nin sayg\u0131n akademik kadrosu sayesinde kendimi \u00e7e\u015fitli alanlarda geli\u015ftirdim. \u00d6\u011frenci asistanl\u0131\u011f\u0131 sayesinde [&hellip;]<\/p>\n","protected":false},"author":139,"featured_media":0,"parent":0,"menu_order":0,"comment_status":"closed","ping_status":"closed","template":"genel_sayfa.php","meta":{"footnotes":""},"yoast_head":"<!-- This site is optimized with the Yoast SEO Premium plugin v22.1 (Yoast SEO v22.1) - https:\/\/yoast.com\/wordpress\/plugins\/seo\/ -->\n<title>Mezunlar - \u0130ktisat<\/title>\n<meta name=\"robots\" content=\"index, follow, max-snippet:-1, max-image-preview:large, max-video-preview:-1\" \/>\n<link rel=\"canonical\" href=\"https:\/\/ticaret.edu.tr\/iktisat\/mezunlar\/\" \/>\n<meta property=\"og:locale\" content=\"tr_TR\" \/>\n<meta property=\"og:type\" content=\"article\" \/>\n<meta property=\"og:title\" content=\"Mezunlar\" \/>\n<meta property=\"og:description\" content=\"Ece Melisa Arslan Stajyer Serbest Muhasebeci Mali M\u00fc\u015favir \u0130stanbul Ticaret \u00dcniversitesi \u0130ktisat ve \u0130\u015fletme (\u00c7AP) b\u00f6l\u00fcmlerinden mezun oldum. Mezun oldu\u011fumda SMMM Staja giri\u015f s\u0131nav\u0131m\u0131 kazanarak mali m\u00fc\u015favirlik staj\u0131ma ba\u015flad\u0131m. Muhasebe ve Denetim Tezli Y\u00fcksek Lisans Program\u0131&#8217;nda e\u011fitimime devam etmekteyim. E\u011fitim hayat\u0131mda \u0130stanbul Ticaret \u00dcniversitesi\u2019nin sayg\u0131n akademik kadrosu sayesinde kendimi \u00e7e\u015fitli alanlarda geli\u015ftirdim. \u00d6\u011frenci asistanl\u0131\u011f\u0131 sayesinde [&hellip;]\" \/>\n<meta property=\"og:url\" content=\"https:\/\/ticaret.edu.tr\/iktisat\/mezunlar\/\" \/>\n<meta property=\"og:site_name\" content=\"\u0130ktisat\" \/>\n<meta property=\"article:publisher\" content=\"https:\/\/www.facebook.com\/ticaretedutr\" \/>\n<meta property=\"article:modified_time\" content=\"2025-10-20T15:04:02+00:00\" \/>\n<meta property=\"og:image\" content=\"http:\/\/ticaret.edu.tr\/iktisat\/wp-content\/uploads\/sites\/9\/2021\/11\/web_logo-01.jpg\" \/>\n\t<meta property=\"og:image:width\" content=\"1250\" \/>\n\t<meta property=\"og:image:height\" content=\"833\" \/>\n\t<meta property=\"og:image:type\" content=\"image\/jpeg\" \/>\n<meta name=\"twitter:card\" content=\"summary_large_image\" \/>\n<meta name=\"twitter:site\" content=\"@ticaretedutr\" \/>\n<meta name=\"twitter:label1\" content=\"Tahmini okuma s\u00fcresi\" \/>\n\t<meta name=\"twitter:data1\" content=\"2 dakika\" \/>\n<script type=\"application\/ld+json\" class=\"yoast-schema-graph\">{\"@context\":\"https:\/\/schema.org\",\"@graph\":[{\"@type\":\"WebPage\",\"@id\":\"https:\/\/ticaret.edu.tr\/iktisat\/mezunlar\/\",\"url\":\"https:\/\/ticaret.edu.tr\/iktisat\/mezunlar\/\",\"name\":\"Mezunlar - \u0130ktisat\",\"isPartOf\":{\"@id\":\"https:\/\/ticaret.edu.tr\/iktisat\/#website\"},\"datePublished\":\"2025-01-26T16:36:10+00:00\",\"dateModified\":\"2025-10-20T15:04:02+00:00\",\"breadcrumb\":{\"@id\":\"https:\/\/ticaret.edu.tr\/iktisat\/mezunlar\/#breadcrumb\"},\"inLanguage\":\"tr\",\"potentialAction\":[{\"@type\":\"ReadAction\",\"target\":[\"https:\/\/ticaret.edu.tr\/iktisat\/mezunlar\/\"]}]},{\"@type\":\"BreadcrumbList\",\"@id\":\"https:\/\/ticaret.edu.tr\/iktisat\/mezunlar\/#breadcrumb\",\"itemListElement\":[{\"@type\":\"ListItem\",\"position\":1,\"name\":\"Ana sayfa\",\"item\":\"https:\/\/ticaret.edu.tr\/iktisat\/\"},{\"@type\":\"ListItem\",\"position\":2,\"name\":\"Mezunlar\"}]},{\"@type\":\"WebSite\",\"@id\":\"https:\/\/ticaret.edu.tr\/iktisat\/#website\",\"url\":\"https:\/\/ticaret.edu.tr\/iktisat\/\",\"name\":\"\u0130ktisat\",\"description\":\"\",\"potentialAction\":[{\"@type\":\"SearchAction\",\"target\":{\"@type\":\"EntryPoint\",\"urlTemplate\":\"https:\/\/ticaret.edu.tr\/iktisat\/?s={search_term_string}\"},\"query-input\":\"required name=search_term_string\"}],\"inLanguage\":\"tr\"}]}<\/script>\n<!-- \/ Yoast SEO Premium plugin. -->","yoast_head_json":{"title":"Mezunlar - \u0130ktisat","robots":{"index":"index","follow":"follow","max-snippet":"max-snippet:-1","max-image-preview":"max-image-preview:large","max-video-preview":"max-video-preview:-1"},"canonical":"https:\/\/ticaret.edu.tr\/iktisat\/mezunlar\/","og_locale":"tr_TR","og_type":"article","og_title":"Mezunlar","og_description":"Ece Melisa Arslan Stajyer Serbest Muhasebeci Mali M\u00fc\u015favir \u0130stanbul Ticaret \u00dcniversitesi \u0130ktisat ve \u0130\u015fletme (\u00c7AP) b\u00f6l\u00fcmlerinden mezun oldum. Mezun oldu\u011fumda SMMM Staja giri\u015f s\u0131nav\u0131m\u0131 kazanarak mali m\u00fc\u015favirlik staj\u0131ma ba\u015flad\u0131m. Muhasebe ve Denetim Tezli Y\u00fcksek Lisans Program\u0131&#8217;nda e\u011fitimime devam etmekteyim. E\u011fitim hayat\u0131mda \u0130stanbul Ticaret \u00dcniversitesi\u2019nin sayg\u0131n akademik kadrosu sayesinde kendimi \u00e7e\u015fitli alanlarda geli\u015ftirdim. \u00d6\u011frenci asistanl\u0131\u011f\u0131 sayesinde [&hellip;]","og_url":"https:\/\/ticaret.edu.tr\/iktisat\/mezunlar\/","og_site_name":"\u0130ktisat","article_publisher":"https:\/\/www.facebook.com\/ticaretedutr","article_modified_time":"2025-10-20T15:04:02+00:00","og_image":[{"width":1250,"height":833,"url":"http:\/\/ticaret.edu.tr\/iktisat\/wp-content\/uploads\/sites\/9\/2021\/11\/web_logo-01.jpg","type":"image\/jpeg"}],"twitter_card":"summary_large_image","twitter_site":"@ticaretedutr","twitter_misc":{"Tahmini okuma s\u00fcresi":"2 dakika"},"schema":{"@context":"https:\/\/schema.org","@graph":[{"@type":"WebPage","@id":"https:\/\/ticaret.edu.tr\/iktisat\/mezunlar\/","url":"https:\/\/ticaret.edu.tr\/iktisat\/mezunlar\/","name":"Mezunlar - \u0130ktisat","isPartOf":{"@id":"https:\/\/ticaret.edu.tr\/iktisat\/#website"},"datePublished":"2025-01-26T16:36:10+00:00","dateModified":"2025-10-20T15:04:02+00:00","breadcrumb":{"@id":"https:\/\/ticaret.edu.tr\/iktisat\/mezunlar\/#breadcrumb"},"inLanguage":"tr","potentialAction":[{"@type":"ReadAction","target":["https:\/\/ticaret.edu.tr\/iktisat\/mezunlar\/"]}]},{"@type":"BreadcrumbList","@id":"https:\/\/ticaret.edu.tr\/iktisat\/mezunlar\/#breadcrumb","itemListElement":[{"@type":"ListItem","position":1,"name":"Ana sayfa","item":"https:\/\/ticaret.edu.tr\/iktisat\/"},{"@type":"ListItem","position":2,"name":"Mezunlar"}]},{"@type":"WebSite","@id":"https:\/\/ticaret.edu.tr\/iktisat\/#website","url":"https:\/\/ticaret.edu.tr\/iktisat\/","name":"\u0130ktisat","description":"","potentialAction":[{"@type":"SearchAction","target":{"@type":"EntryPoint","urlTemplate":"https:\/\/ticaret.edu.tr\/iktisat\/?s={search_term_string}"},"query-input":"required name=search_term_string"}],"inLanguage":"tr"}]}},"lang":"tr","translations":{"en":1632,"tr":1629},"pll_sync_post":[],"_links":{"self":[{"href":"http:\/\/ticaret.edu.tr\/iktisat\/wp-json\/wp\/v2\/pages\/1629"}],"collection":[{"href":"http:\/\/ticaret.edu.tr\/iktisat\/wp-json\/wp\/v2\/pages"}],"about":[{"href":"http:\/\/ticaret.edu.tr\/iktisat\/wp-json\/wp\/v2\/types\/page"}],"author":[{"embeddable":true,"href":"http:\/\/ticaret.edu.tr\/iktisat\/wp-json\/wp\/v2\/users\/139"}],"replies":[{"embeddable":true,"href":"http:\/\/ticaret.edu.tr\/iktisat\/wp-json\/wp\/v2\/comments?post=1629"}],"version-history":[{"count":3,"href":"http:\/\/ticaret.edu.tr\/iktisat\/wp-json\/wp\/v2\/pages\/1629\/revisions"}],"predecessor-version":[{"id":2185,"href":"http:\/\/ticaret.edu.tr\/iktisat\/wp-json\/wp\/v2\/pages\/1629\/revisions\/2185"}],"wp:attachment":[{"href":"http:\/\/ticaret.edu.tr\/iktisat\/wp-json\/wp\/v2\/media?parent=1629"}],"curies":[{"name":"wp","href":"https:\/\/api.w.org\/{rel}","templated":true}]}}