{"id":1632,"date":"2025-01-26T19:36:31","date_gmt":"2025-01-26T16:36:31","guid":{"rendered":"https:\/\/ticaret.edu.tr\/iktisat\/?page_id=1632"},"modified":"2026-01-23T21:48:15","modified_gmt":"2026-01-23T18:48:15","slug":"alumni","status":"publish","type":"page","link":"http:\/\/ticaret.edu.tr\/iktisat\/en\/alumni\/","title":{"rendered":"Alumni"},"content":{"rendered":"<p data-start=\"81\" data-end=\"144\"><strong data-start=\"81\" data-end=\"102\">Ece Melisa Arslan<\/strong><br data-start=\"102\" data-end=\"105\" \/><strong data-start=\"105\" data-end=\"144\">Trainee Certified Public Accountant<\/strong><\/p>\n<p data-start=\"146\" data-end=\"536\">I graduated from the Department of Economics and the Department of Business Administration (Double Major) at Istanbul Ticaret University. Upon graduation, I passed the Certified Public Accountant (CPA) Internship Entrance Examination and began my professional accounting internship. I am currently continuing my education in the Thesis-Based Master\u2019s Program in Accounting and Auditing.<\/p>\n<p data-start=\"538\" data-end=\"946\">Throughout my academic journey, I had the opportunity to develop myself in various fields thanks to the distinguished academic staff of Istanbul Ticaret University. Through my role as a student assistant, I took part in various research activities and contributed to the YAPKO Project. The certificate programs offered by our university also enabled me to further enhance my professional and academic skills.<\/p>\n<p data-start=\"948\" data-end=\"1409\">The approachability of our faculty members and their genuine support as mentors and colleagues consistently encouraged our personal and academic growth. We approached our courses not merely as academic requirements, but with the mindset of \u201cwhat can we gain and add to ourselves?\u201d During my studies, I learned to use various computer-based programs, which allowed me to understand the fundamental principles of economics through practical, data-driven analyses.<\/p>\n<p data-start=\"1411\" data-end=\"1695\">In addition, I benefited greatly from the social activities, conferences, and seminars organized by our university, which have proven valuable in my professional life. I am highly satisfied to have completed both my undergraduate and graduate education at Istanbul Ticaret University.<\/p>\n<hr data-start=\"1697\" data-end=\"1700\" \/>\n<p data-start=\"1702\" data-end=\"1779\"><strong data-start=\"1702\" data-end=\"1716\">Elif \u00d6tgen<\/strong><br data-start=\"1716\" data-end=\"1719\" \/><strong data-start=\"1719\" data-end=\"1779\">T\u00fcrkiye Emlak Kat\u0131l\u0131m Bank \u2013 Budget Assistant Specialist<\/strong><\/p>\n<p data-start=\"1781\" data-end=\"2311\">Because nearly every faculty member in the Department of Economics represents a different field of expertise, students are able to gain insights not only into the theoretical foundations of economics, but also into its practical applications from a variety of perspectives. Learning from academics who come from diverse backgrounds\u2014such as academia, industry, public policy, and banking\u2014enriches our knowledge base and enables us to develop perspectives beyond textbook learning, offering valuable guidance for our future careers.<\/p>\n<p data-start=\"2313\" data-end=\"2720\">As a graduate of the Department of Economics, I can confidently say that my education provided me not only with strong theoretical knowledge, but also with practical insights that are highly useful in professional settings. Throughout my studies, I prepared numerous academic papers in article format across different fields, which allowed me to reinforce what I learned with concrete analytical components.<\/p>\n<p data-start=\"2722\" data-end=\"3080\">Whenever I encountered challenges related to assignments, lecture notes, or coursework, I consistently received strong academic and personal support. At our university, our faculty members were not only instructors, but at times mentors, supportive colleagues, and trusted advisors\u2014each contributing in their own way to our academic and personal development.<\/p>\n","protected":false},"excerpt":{"rendered":"<p>Ece Melisa ArslanTrainee Certified Public Accountant I graduated from the Department of Economics and the Department of Business Administration (Double Major) at Istanbul Ticaret University. Upon graduation, I passed the Certified Public Accountant (CPA) Internship Entrance Examination and began my professional accounting internship. I am currently continuing my education in the Thesis-Based Master\u2019s Program in [&hellip;]<\/p>\n","protected":false},"author":139,"featured_media":0,"parent":0,"menu_order":0,"comment_status":"closed","ping_status":"closed","template":"genel_sayfa.php","meta":{"footnotes":""},"yoast_head":"<!-- This site is optimized with the Yoast SEO Premium plugin v22.1 (Yoast SEO v22.1) - https:\/\/yoast.com\/wordpress\/plugins\/seo\/ -->\n<title>Alumni - \u0130ktisat<\/title>\n<meta name=\"robots\" content=\"index, follow, max-snippet:-1, max-image-preview:large, max-video-preview:-1\" \/>\n<link rel=\"canonical\" href=\"http:\/\/ticaret.edu.tr\/iktisat\/en\/alumni\/\" \/>\n<meta property=\"og:locale\" content=\"tr_TR\" \/>\n<meta property=\"og:type\" content=\"article\" \/>\n<meta property=\"og:title\" content=\"Alumni\" \/>\n<meta property=\"og:description\" content=\"Ece Melisa ArslanTrainee Certified Public Accountant I graduated from the Department of Economics and the Department of Business Administration (Double Major) at Istanbul Ticaret University. Upon graduation, I passed the Certified Public Accountant (CPA) Internship Entrance Examination and began my professional accounting internship. I am currently continuing my education in the Thesis-Based Master\u2019s Program in [&hellip;]\" \/>\n<meta property=\"og:url\" content=\"http:\/\/ticaret.edu.tr\/iktisat\/en\/alumni\/\" \/>\n<meta property=\"og:site_name\" content=\"\u0130ktisat\" \/>\n<meta property=\"article:publisher\" content=\"https:\/\/www.facebook.com\/ticaretedutr\" \/>\n<meta property=\"article:modified_time\" content=\"2026-01-23T18:48:15+00:00\" \/>\n<meta property=\"og:image\" content=\"http:\/\/ticaret.edu.tr\/iktisat\/wp-content\/uploads\/sites\/9\/2021\/11\/web_logo-01.jpg\" \/>\n\t<meta property=\"og:image:width\" content=\"1250\" \/>\n\t<meta property=\"og:image:height\" content=\"833\" \/>\n\t<meta property=\"og:image:type\" content=\"image\/jpeg\" \/>\n<meta name=\"twitter:card\" content=\"summary_large_image\" \/>\n<meta name=\"twitter:site\" content=\"@ticaretedutr\" \/>\n<meta name=\"twitter:label1\" content=\"Tahmini okuma s\u00fcresi\" \/>\n\t<meta name=\"twitter:data1\" content=\"3 dakika\" \/>\n<script type=\"application\/ld+json\" class=\"yoast-schema-graph\">{\"@context\":\"https:\/\/schema.org\",\"@graph\":[{\"@type\":\"WebPage\",\"@id\":\"http:\/\/ticaret.edu.tr\/iktisat\/en\/alumni\/\",\"url\":\"http:\/\/ticaret.edu.tr\/iktisat\/en\/alumni\/\",\"name\":\"Alumni - \u0130ktisat\",\"isPartOf\":{\"@id\":\"https:\/\/ticaret.edu.tr\/iktisat\/#website\"},\"datePublished\":\"2025-01-26T16:36:31+00:00\",\"dateModified\":\"2026-01-23T18:48:15+00:00\",\"breadcrumb\":{\"@id\":\"http:\/\/ticaret.edu.tr\/iktisat\/en\/alumni\/#breadcrumb\"},\"inLanguage\":\"tr\",\"potentialAction\":[{\"@type\":\"ReadAction\",\"target\":[\"http:\/\/ticaret.edu.tr\/iktisat\/en\/alumni\/\"]}]},{\"@type\":\"BreadcrumbList\",\"@id\":\"http:\/\/ticaret.edu.tr\/iktisat\/en\/alumni\/#breadcrumb\",\"itemListElement\":[{\"@type\":\"ListItem\",\"position\":1,\"name\":\"Ana sayfa\",\"item\":\"https:\/\/ticaret.edu.tr\/iktisat\/\"},{\"@type\":\"ListItem\",\"position\":2,\"name\":\"Alumni\"}]},{\"@type\":\"WebSite\",\"@id\":\"https:\/\/ticaret.edu.tr\/iktisat\/#website\",\"url\":\"https:\/\/ticaret.edu.tr\/iktisat\/\",\"name\":\"\u0130ktisat\",\"description\":\"\",\"potentialAction\":[{\"@type\":\"SearchAction\",\"target\":{\"@type\":\"EntryPoint\",\"urlTemplate\":\"https:\/\/ticaret.edu.tr\/iktisat\/?s={search_term_string}\"},\"query-input\":\"required name=search_term_string\"}],\"inLanguage\":\"tr\"}]}<\/script>\n<!-- \/ Yoast SEO Premium plugin. -->","yoast_head_json":{"title":"Alumni - \u0130ktisat","robots":{"index":"index","follow":"follow","max-snippet":"max-snippet:-1","max-image-preview":"max-image-preview:large","max-video-preview":"max-video-preview:-1"},"canonical":"http:\/\/ticaret.edu.tr\/iktisat\/en\/alumni\/","og_locale":"tr_TR","og_type":"article","og_title":"Alumni","og_description":"Ece Melisa ArslanTrainee Certified Public Accountant I graduated from the Department of Economics and the Department of Business Administration (Double Major) at Istanbul Ticaret University. Upon graduation, I passed the Certified Public Accountant (CPA) Internship Entrance Examination and began my professional accounting internship. I am currently continuing my education in the Thesis-Based Master\u2019s Program in [&hellip;]","og_url":"http:\/\/ticaret.edu.tr\/iktisat\/en\/alumni\/","og_site_name":"\u0130ktisat","article_publisher":"https:\/\/www.facebook.com\/ticaretedutr","article_modified_time":"2026-01-23T18:48:15+00:00","og_image":[{"width":1250,"height":833,"url":"http:\/\/ticaret.edu.tr\/iktisat\/wp-content\/uploads\/sites\/9\/2021\/11\/web_logo-01.jpg","type":"image\/jpeg"}],"twitter_card":"summary_large_image","twitter_site":"@ticaretedutr","twitter_misc":{"Tahmini okuma s\u00fcresi":"3 dakika"},"schema":{"@context":"https:\/\/schema.org","@graph":[{"@type":"WebPage","@id":"http:\/\/ticaret.edu.tr\/iktisat\/en\/alumni\/","url":"http:\/\/ticaret.edu.tr\/iktisat\/en\/alumni\/","name":"Alumni - \u0130ktisat","isPartOf":{"@id":"https:\/\/ticaret.edu.tr\/iktisat\/#website"},"datePublished":"2025-01-26T16:36:31+00:00","dateModified":"2026-01-23T18:48:15+00:00","breadcrumb":{"@id":"http:\/\/ticaret.edu.tr\/iktisat\/en\/alumni\/#breadcrumb"},"inLanguage":"tr","potentialAction":[{"@type":"ReadAction","target":["http:\/\/ticaret.edu.tr\/iktisat\/en\/alumni\/"]}]},{"@type":"BreadcrumbList","@id":"http:\/\/ticaret.edu.tr\/iktisat\/en\/alumni\/#breadcrumb","itemListElement":[{"@type":"ListItem","position":1,"name":"Ana sayfa","item":"https:\/\/ticaret.edu.tr\/iktisat\/"},{"@type":"ListItem","position":2,"name":"Alumni"}]},{"@type":"WebSite","@id":"https:\/\/ticaret.edu.tr\/iktisat\/#website","url":"https:\/\/ticaret.edu.tr\/iktisat\/","name":"\u0130ktisat","description":"","potentialAction":[{"@type":"SearchAction","target":{"@type":"EntryPoint","urlTemplate":"https:\/\/ticaret.edu.tr\/iktisat\/?s={search_term_string}"},"query-input":"required name=search_term_string"}],"inLanguage":"tr"}]}},"lang":"en","translations":{"en":1632,"tr":1629},"pll_sync_post":[],"_links":{"self":[{"href":"http:\/\/ticaret.edu.tr\/iktisat\/wp-json\/wp\/v2\/pages\/1632"}],"collection":[{"href":"http:\/\/ticaret.edu.tr\/iktisat\/wp-json\/wp\/v2\/pages"}],"about":[{"href":"http:\/\/ticaret.edu.tr\/iktisat\/wp-json\/wp\/v2\/types\/page"}],"author":[{"embeddable":true,"href":"http:\/\/ticaret.edu.tr\/iktisat\/wp-json\/wp\/v2\/users\/139"}],"replies":[{"embeddable":true,"href":"http:\/\/ticaret.edu.tr\/iktisat\/wp-json\/wp\/v2\/comments?post=1632"}],"version-history":[{"count":2,"href":"http:\/\/ticaret.edu.tr\/iktisat\/wp-json\/wp\/v2\/pages\/1632\/revisions"}],"predecessor-version":[{"id":2573,"href":"http:\/\/ticaret.edu.tr\/iktisat\/wp-json\/wp\/v2\/pages\/1632\/revisions\/2573"}],"wp:attachment":[{"href":"http:\/\/ticaret.edu.tr\/iktisat\/wp-json\/wp\/v2\/media?parent=1632"}],"curies":[{"name":"wp","href":"https:\/\/api.w.org\/{rel}","templated":true}]}}