{"id":1638,"date":"2025-01-26T19:38:00","date_gmt":"2025-01-26T16:38:00","guid":{"rendered":"https:\/\/ticaret.edu.tr\/iktisat\/?page_id=1638"},"modified":"2025-07-23T17:04:17","modified_gmt":"2025-07-23T14:04:17","slug":"lisansustu-genel-bilgi","status":"publish","type":"page","link":"http:\/\/ticaret.edu.tr\/iktisat\/lisansustu-genel-bilgi\/","title":{"rendered":"Lisans\u00fcst\u00fc Genel Bilgi"},"content":{"rendered":"<h2 data-start=\"193\" data-end=\"264\">\u0130ktisat B\u00f6l\u00fcm\u00fc Lisans\u00fcst\u00fc Programlar\u0131<\/h2>\n<p data-start=\"266\" data-end=\"632\">\u0130stanbul Ticaret \u00dcniversitesi \u0130ktisat B\u00f6l\u00fcm\u00fc, lisans d\u00fczeyindeki k\u00f6kl\u00fc e\u011fitim gelene\u011fini, lisans\u00fcst\u00fc programlar\u0131yla akademik ve mesleki uzmanl\u0131k alanlar\u0131na ta\u015f\u0131yarak, hem akademik kariyer hedefleyenlere hem de \u00f6zel ya da kamu sekt\u00f6r\u00fcnde derinle\u015fmek isteyen profesyonellere hitap eden \u00e7ok y\u00f6nl\u00fc bir yap\u0131 sunar. B\u00f6l\u00fcm, g\u00fcncel ekonomik sorunlara teorik ve analitik d\u00fczeyde \u00e7\u00f6z\u00fcm \u00fcretme yetkinli\u011fine sahip uzmanlar yeti\u015ftirmek amac\u0131yla <strong data-start=\"558\" data-end=\"591\">tezli ve tezsiz y\u00fcksek lisans<\/strong> ile <strong data-start=\"596\" data-end=\"619\">doktora programlar\u0131<\/strong> sunmaktad\u0131r.<\/p>\n<h3 data-start=\"634\" data-end=\"679\"><strong data-start=\"639\" data-end=\"679\">\u0130ktisat Tezli\/Tezsiz Y\u00fcksek Lisans Programlar\u0131<\/strong><\/h3>\n<p>Y\u00fcksek lisans programlar\u0131m\u0131z; mikroekonomi, makroekonomi, ekonometri, matematiksel y\u00f6ntemler, uluslararas\u0131 iktisat gibi temel alanlarda derinlemesine teorik bilgi sunarken, ayn\u0131 zamanda \u00f6\u011frencilerin bilimsel ara\u015ft\u0131rma ve yaz\u0131m becerilerini geli\u015ftirmelerine olanak tan\u0131r.<\/p>\n<p data-start=\"680\" data-end=\"1180\">Tezli y\u00fcksek lisans program\u0131, iktisat alan\u0131nda akademik ara\u015ft\u0131rma yapmak, kamu sekt\u00f6r\u00fcnde veya \u00f6zel sekt\u00f6rde uzman pozisyonlarda \u00e7al\u0131\u015fmak ya da doktora e\u011fitimine devam etmek isteyen \u00f6\u011frenciler i\u00e7in tasarlanm\u0131\u015ft\u0131r. Bitirme projesi ile tamamlanan tezsiz y\u00fcksek lisans program\u0131 ise daha \u00e7ok i\u015f d\u00fcnyas\u0131nda uzmanla\u015fmak ve kariyerine akademik de\u011fil profesyonel d\u00fczlemde y\u00f6n vermek isteyen adaylara hitap edecek \u015fekilde tasarlanm\u0131\u015ft\u0131r.<\/p>\n<h3 data-start=\"1649\" data-end=\"1682\"><strong data-start=\"1654\" data-end=\"1682\">\u0130ktisat Doktora Program\u0131<\/strong><\/h3>\n<p data-start=\"1683\" data-end=\"2193\">\u0130ktisat alan\u0131nda akademik kariyer yapmak isteyen veya ileri d\u00fczeyde uzmanl\u0131k arayan bireyler i\u00e7in haz\u0131rlanan doktora program\u0131, g\u00fc\u00e7l\u00fc bir teorik altyap\u0131 ile birlikte \u00f6zg\u00fcn ara\u015ft\u0131rma yapma yetkinli\u011fi kazand\u0131rmay\u0131 hedefler. Doktora program\u0131nda ileri mikroekonomik ve makroekonomik teori, ekonometrik y\u00f6ntemler, geli\u015fmi\u015f ara\u015ft\u0131rma teknikleri ve \u00e7e\u015fitli uzmanl\u0131k alanlar\u0131na y\u00f6nelik se\u00e7meli dersler sunulmaktad\u0131r. Program\u0131n sonunda \u00f6\u011frenciler, literat\u00fcre katk\u0131 sunacak nitelikte bir doktora tezi yazarak bilimsel yeterliliklerini ortaya koyarlar.<\/p>\n","protected":false},"excerpt":{"rendered":"<p>\u0130ktisat B\u00f6l\u00fcm\u00fc Lisans\u00fcst\u00fc Programlar\u0131 \u0130stanbul Ticaret \u00dcniversitesi \u0130ktisat B\u00f6l\u00fcm\u00fc, lisans d\u00fczeyindeki k\u00f6kl\u00fc e\u011fitim gelene\u011fini, lisans\u00fcst\u00fc programlar\u0131yla akademik ve mesleki uzmanl\u0131k alanlar\u0131na ta\u015f\u0131yarak, hem akademik kariyer hedefleyenlere hem de \u00f6zel ya da kamu sekt\u00f6r\u00fcnde derinle\u015fmek isteyen profesyonellere hitap eden \u00e7ok y\u00f6nl\u00fc bir yap\u0131 sunar. B\u00f6l\u00fcm, g\u00fcncel ekonomik sorunlara teorik ve analitik d\u00fczeyde \u00e7\u00f6z\u00fcm \u00fcretme yetkinli\u011fine sahip [&hellip;]<\/p>\n","protected":false},"author":139,"featured_media":0,"parent":0,"menu_order":0,"comment_status":"closed","ping_status":"closed","template":"genel_sayfa.php","meta":{"footnotes":""},"yoast_head":"<!-- This site is optimized with the Yoast SEO Premium plugin v22.1 (Yoast SEO v22.1) - https:\/\/yoast.com\/wordpress\/plugins\/seo\/ -->\n<title>Lisans\u00fcst\u00fc Genel Bilgi - \u0130ktisat<\/title>\n<meta name=\"robots\" content=\"index, follow, max-snippet:-1, max-image-preview:large, max-video-preview:-1\" \/>\n<link rel=\"canonical\" href=\"https:\/\/ticaret.edu.tr\/iktisat\/lisansustu-genel-bilgi\/\" \/>\n<meta property=\"og:locale\" content=\"tr_TR\" \/>\n<meta property=\"og:type\" content=\"article\" \/>\n<meta property=\"og:title\" content=\"Lisans\u00fcst\u00fc Genel Bilgi\" \/>\n<meta property=\"og:description\" content=\"\u0130ktisat B\u00f6l\u00fcm\u00fc Lisans\u00fcst\u00fc Programlar\u0131 \u0130stanbul Ticaret \u00dcniversitesi \u0130ktisat B\u00f6l\u00fcm\u00fc, lisans d\u00fczeyindeki k\u00f6kl\u00fc e\u011fitim gelene\u011fini, lisans\u00fcst\u00fc programlar\u0131yla akademik ve mesleki uzmanl\u0131k alanlar\u0131na ta\u015f\u0131yarak, hem akademik kariyer hedefleyenlere hem de \u00f6zel ya da kamu sekt\u00f6r\u00fcnde derinle\u015fmek isteyen profesyonellere hitap eden \u00e7ok y\u00f6nl\u00fc bir yap\u0131 sunar. B\u00f6l\u00fcm, g\u00fcncel ekonomik sorunlara teorik ve analitik d\u00fczeyde \u00e7\u00f6z\u00fcm \u00fcretme yetkinli\u011fine sahip [&hellip;]\" \/>\n<meta property=\"og:url\" content=\"https:\/\/ticaret.edu.tr\/iktisat\/lisansustu-genel-bilgi\/\" \/>\n<meta property=\"og:site_name\" content=\"\u0130ktisat\" \/>\n<meta property=\"article:publisher\" content=\"https:\/\/www.facebook.com\/ticaretedutr\" \/>\n<meta property=\"article:modified_time\" content=\"2025-07-23T14:04:17+00:00\" \/>\n<meta property=\"og:image\" content=\"http:\/\/ticaret.edu.tr\/iktisat\/wp-content\/uploads\/sites\/9\/2021\/11\/web_logo-01.jpg\" \/>\n\t<meta property=\"og:image:width\" content=\"1250\" \/>\n\t<meta property=\"og:image:height\" content=\"833\" \/>\n\t<meta property=\"og:image:type\" content=\"image\/jpeg\" \/>\n<meta name=\"twitter:card\" content=\"summary_large_image\" \/>\n<meta name=\"twitter:site\" content=\"@ticaretedutr\" \/>\n<meta name=\"twitter:label1\" content=\"Tahmini okuma s\u00fcresi\" \/>\n\t<meta name=\"twitter:data1\" content=\"2 dakika\" \/>\n<script type=\"application\/ld+json\" class=\"yoast-schema-graph\">{\"@context\":\"https:\/\/schema.org\",\"@graph\":[{\"@type\":\"WebPage\",\"@id\":\"https:\/\/ticaret.edu.tr\/iktisat\/lisansustu-genel-bilgi\/\",\"url\":\"https:\/\/ticaret.edu.tr\/iktisat\/lisansustu-genel-bilgi\/\",\"name\":\"Lisans\u00fcst\u00fc Genel Bilgi - \u0130ktisat\",\"isPartOf\":{\"@id\":\"https:\/\/ticaret.edu.tr\/iktisat\/#website\"},\"datePublished\":\"2025-01-26T16:38:00+00:00\",\"dateModified\":\"2025-07-23T14:04:17+00:00\",\"breadcrumb\":{\"@id\":\"https:\/\/ticaret.edu.tr\/iktisat\/lisansustu-genel-bilgi\/#breadcrumb\"},\"inLanguage\":\"tr\",\"potentialAction\":[{\"@type\":\"ReadAction\",\"target\":[\"https:\/\/ticaret.edu.tr\/iktisat\/lisansustu-genel-bilgi\/\"]}]},{\"@type\":\"BreadcrumbList\",\"@id\":\"https:\/\/ticaret.edu.tr\/iktisat\/lisansustu-genel-bilgi\/#breadcrumb\",\"itemListElement\":[{\"@type\":\"ListItem\",\"position\":1,\"name\":\"Ana sayfa\",\"item\":\"https:\/\/ticaret.edu.tr\/iktisat\/\"},{\"@type\":\"ListItem\",\"position\":2,\"name\":\"Lisans\u00fcst\u00fc Genel Bilgi\"}]},{\"@type\":\"WebSite\",\"@id\":\"https:\/\/ticaret.edu.tr\/iktisat\/#website\",\"url\":\"https:\/\/ticaret.edu.tr\/iktisat\/\",\"name\":\"\u0130ktisat\",\"description\":\"\",\"potentialAction\":[{\"@type\":\"SearchAction\",\"target\":{\"@type\":\"EntryPoint\",\"urlTemplate\":\"https:\/\/ticaret.edu.tr\/iktisat\/?s={search_term_string}\"},\"query-input\":\"required name=search_term_string\"}],\"inLanguage\":\"tr\"}]}<\/script>\n<!-- \/ Yoast SEO Premium plugin. -->","yoast_head_json":{"title":"Lisans\u00fcst\u00fc Genel Bilgi - \u0130ktisat","robots":{"index":"index","follow":"follow","max-snippet":"max-snippet:-1","max-image-preview":"max-image-preview:large","max-video-preview":"max-video-preview:-1"},"canonical":"https:\/\/ticaret.edu.tr\/iktisat\/lisansustu-genel-bilgi\/","og_locale":"tr_TR","og_type":"article","og_title":"Lisans\u00fcst\u00fc Genel Bilgi","og_description":"\u0130ktisat B\u00f6l\u00fcm\u00fc Lisans\u00fcst\u00fc Programlar\u0131 \u0130stanbul Ticaret \u00dcniversitesi \u0130ktisat B\u00f6l\u00fcm\u00fc, lisans d\u00fczeyindeki k\u00f6kl\u00fc e\u011fitim gelene\u011fini, lisans\u00fcst\u00fc programlar\u0131yla akademik ve mesleki uzmanl\u0131k alanlar\u0131na ta\u015f\u0131yarak, hem akademik kariyer hedefleyenlere hem de \u00f6zel ya da kamu sekt\u00f6r\u00fcnde derinle\u015fmek isteyen profesyonellere hitap eden \u00e7ok y\u00f6nl\u00fc bir yap\u0131 sunar. B\u00f6l\u00fcm, g\u00fcncel ekonomik sorunlara teorik ve analitik d\u00fczeyde \u00e7\u00f6z\u00fcm \u00fcretme yetkinli\u011fine sahip [&hellip;]","og_url":"https:\/\/ticaret.edu.tr\/iktisat\/lisansustu-genel-bilgi\/","og_site_name":"\u0130ktisat","article_publisher":"https:\/\/www.facebook.com\/ticaretedutr","article_modified_time":"2025-07-23T14:04:17+00:00","og_image":[{"width":1250,"height":833,"url":"http:\/\/ticaret.edu.tr\/iktisat\/wp-content\/uploads\/sites\/9\/2021\/11\/web_logo-01.jpg","type":"image\/jpeg"}],"twitter_card":"summary_large_image","twitter_site":"@ticaretedutr","twitter_misc":{"Tahmini okuma s\u00fcresi":"2 dakika"},"schema":{"@context":"https:\/\/schema.org","@graph":[{"@type":"WebPage","@id":"https:\/\/ticaret.edu.tr\/iktisat\/lisansustu-genel-bilgi\/","url":"https:\/\/ticaret.edu.tr\/iktisat\/lisansustu-genel-bilgi\/","name":"Lisans\u00fcst\u00fc Genel Bilgi - \u0130ktisat","isPartOf":{"@id":"https:\/\/ticaret.edu.tr\/iktisat\/#website"},"datePublished":"2025-01-26T16:38:00+00:00","dateModified":"2025-07-23T14:04:17+00:00","breadcrumb":{"@id":"https:\/\/ticaret.edu.tr\/iktisat\/lisansustu-genel-bilgi\/#breadcrumb"},"inLanguage":"tr","potentialAction":[{"@type":"ReadAction","target":["https:\/\/ticaret.edu.tr\/iktisat\/lisansustu-genel-bilgi\/"]}]},{"@type":"BreadcrumbList","@id":"https:\/\/ticaret.edu.tr\/iktisat\/lisansustu-genel-bilgi\/#breadcrumb","itemListElement":[{"@type":"ListItem","position":1,"name":"Ana sayfa","item":"https:\/\/ticaret.edu.tr\/iktisat\/"},{"@type":"ListItem","position":2,"name":"Lisans\u00fcst\u00fc Genel Bilgi"}]},{"@type":"WebSite","@id":"https:\/\/ticaret.edu.tr\/iktisat\/#website","url":"https:\/\/ticaret.edu.tr\/iktisat\/","name":"\u0130ktisat","description":"","potentialAction":[{"@type":"SearchAction","target":{"@type":"EntryPoint","urlTemplate":"https:\/\/ticaret.edu.tr\/iktisat\/?s={search_term_string}"},"query-input":"required name=search_term_string"}],"inLanguage":"tr"}]}},"lang":"tr","translations":{"en":1640,"tr":1638},"pll_sync_post":[],"_links":{"self":[{"href":"http:\/\/ticaret.edu.tr\/iktisat\/wp-json\/wp\/v2\/pages\/1638"}],"collection":[{"href":"http:\/\/ticaret.edu.tr\/iktisat\/wp-json\/wp\/v2\/pages"}],"about":[{"href":"http:\/\/ticaret.edu.tr\/iktisat\/wp-json\/wp\/v2\/types\/page"}],"author":[{"embeddable":true,"href":"http:\/\/ticaret.edu.tr\/iktisat\/wp-json\/wp\/v2\/users\/139"}],"replies":[{"embeddable":true,"href":"http:\/\/ticaret.edu.tr\/iktisat\/wp-json\/wp\/v2\/comments?post=1638"}],"version-history":[{"count":4,"href":"http:\/\/ticaret.edu.tr\/iktisat\/wp-json\/wp\/v2\/pages\/1638\/revisions"}],"predecessor-version":[{"id":2125,"href":"http:\/\/ticaret.edu.tr\/iktisat\/wp-json\/wp\/v2\/pages\/1638\/revisions\/2125"}],"wp:attachment":[{"href":"http:\/\/ticaret.edu.tr\/iktisat\/wp-json\/wp\/v2\/media?parent=1638"}],"curies":[{"name":"wp","href":"https:\/\/api.w.org\/{rel}","templated":true}]}}