{"id":1642,"date":"2025-01-26T19:38:35","date_gmt":"2025-01-26T16:38:35","guid":{"rendered":"https:\/\/ticaret.edu.tr\/iktisat\/?page_id=1642"},"modified":"2025-07-23T17:22:03","modified_gmt":"2025-07-23T14:22:03","slug":"basvuru-kosullari","status":"publish","type":"page","link":"http:\/\/ticaret.edu.tr\/iktisat\/basvuru-kosullari\/","title":{"rendered":"Ba\u015fvuru Ko\u015fullar\u0131"},"content":{"rendered":"<h2>Y\u00fcksek Lisans Programlar\u0131 Ba\u015fvuru Ko\u015fullar\u0131<\/h2>\n<ul>\n<li>\u0130ktisat Tezli Y\u00fcksek Lisans Program\u0131 i\u00e7in adaylar ALES e\u015fit a\u011f\u0131rl\u0131k puan t\u00fcr\u00fcnden en az 55 alm\u0131\u015f olmal\u0131d\u0131r. \u0130ktisat Tezsiz Y\u00fcksek Lisans Program\u0131 i\u00e7in ALES ko\u015fulu aranmamaktad\u0131r.<\/li>\n<\/ul>\n<h3>E\u011fitim \u2013 \u00d6\u011fretim<\/h3>\n<ul>\n<li>Dersler hafta i\u00e7i 18.30 \u2013 21.30 saatleri aras\u0131 ve gerekti\u011finde hafta sonu yap\u0131lmaktad\u0131r.<\/li>\n<li>\u0130ktisat Tezli Y\u00fcksek Lisans Program\u0131 8 ders, seminer dersi ve tez \u00e7al\u0131\u015fmas\u0131ndan olu\u015fmaktad\u0131r.<\/li>\n<li>\u0130ktisat Tezsiz Y\u00fcksek Lisans Program\u0131 10 ders ve bitirme projesinden olu\u015fmaktad\u0131r.<\/li>\n<li>Derslere devam zorunlulu\u011fu %70\u2019tir.<\/li>\n<li>\u00d6\u011frencinin y\u00fcksek lisans tez savunmas\u0131na girebilmesi i\u00e7in ulusal veya uluslararas\u0131 hakemli dergilerde makalesinin yay\u0131nlanmas\u0131 gerekmektedir.<\/li>\n<\/ul>\n<h3>Bilimsel Haz\u0131rl\u0131k Dersleri<\/h3>\n<ul>\n<li>Lisans derecesini ba\u015fvurduklar\u0131 y\u00fcksek lisans program\u0131ndan farkl\u0131 alanlarda alm\u0131\u015f olan adaylara eksikliklerini gidermek amac\u0131yla bilimsel haz\u0131rl\u0131k dersleri verilmektedir.<\/li>\n<li>Bilimsel haz\u0131rl\u0131k dersleri kredisiz derslerdir ve ek \u00fccrete tabidir.<\/li>\n<\/ul>\n<h2>Doktora Program\u0131 Ba\u015fvuru Ko\u015fullar\u0131<\/h2>\n<ul>\n<li>\u0130ktisat Doktora Program\u0131 i\u00e7in y\u00fcksek lisans diplomas\u0131 ile ba\u015fvuran adaylar, ALES e\u015fit a\u011f\u0131rl\u0131k puan t\u00fcr\u00fcnden en az 55 alm\u0131\u015f olmal\u0131d\u0131r.<\/li>\n<li>Adaylar, \u00d6SYM taraf\u0131ndan yap\u0131lan YDS\/Y\u00d6KD\u0130L s\u0131navlar\u0131ndan en az 55 puan ya da e\u015fde\u011ferli\u011fi kabul edilen uluslararas\u0131 yabanc\u0131 dil s\u0131navlar\u0131ndan bu puana e\u015fde\u011fer bir puan alm\u0131\u015f olmal\u0131d\u0131r.<\/li>\n<\/ul>\n<h3>E\u011fitim \u2013 \u00d6\u011fretim<\/h3>\n<ul>\n<li>Dersler hafta i\u00e7i 18.30 \u2013 21.30 saatleri aras\u0131 ve gerekti\u011finde hafta sonu yap\u0131lmaktad\u0131r.<\/li>\n<li>\u0130ktisat Doktora Program\u0131, y\u00fcksek lisans derecesi ile kabul edilen \u00f6\u011frenciler i\u00e7in 8 ders, seminer dersi, yeterlik s\u0131nav\u0131 ve doktora tez \u00e7al\u0131\u015fmas\u0131ndan olu\u015fmaktad\u0131r.<\/li>\n<li>Derslere devam zorunlulu\u011fu %70\u2019tir.<\/li>\n<li>\u00d6\u011frencinin doktora tez savunmas\u0131na girebilmesi i\u00e7in ulusal veya uluslararas\u0131 hakemli dergilerde makalesinin yay\u0131nlanmas\u0131 gerekmektedir.<\/li>\n<\/ul>\n<h3>Bilimsel Haz\u0131rl\u0131k Dersleri<\/h3>\n<ul>\n<li>Y\u00fcksek lisans derecesini ba\u015fvurduklar\u0131 doktora program\u0131ndan farkl\u0131 alanlarda alm\u0131\u015f olan adaylara eksikliklerini gidermek amac\u0131yla bilimsel haz\u0131rl\u0131k dersleri verilmektedir.<\/li>\n<li>Bilimsel haz\u0131rl\u0131k dersleri kredisiz derslerdir ve ek \u00fccrete tabidir.<\/li>\n<\/ul>\n","protected":false},"excerpt":{"rendered":"<p>Y\u00fcksek Lisans Programlar\u0131 Ba\u015fvuru Ko\u015fullar\u0131 \u0130ktisat Tezli Y\u00fcksek Lisans Program\u0131 i\u00e7in adaylar ALES e\u015fit a\u011f\u0131rl\u0131k puan t\u00fcr\u00fcnden en az 55 alm\u0131\u015f olmal\u0131d\u0131r. \u0130ktisat Tezsiz Y\u00fcksek Lisans Program\u0131 i\u00e7in ALES ko\u015fulu aranmamaktad\u0131r. E\u011fitim \u2013 \u00d6\u011fretim Dersler hafta i\u00e7i 18.30 \u2013 21.30 saatleri aras\u0131 ve gerekti\u011finde hafta sonu yap\u0131lmaktad\u0131r. \u0130ktisat Tezli Y\u00fcksek Lisans Program\u0131 8 ders, seminer [&hellip;]<\/p>\n","protected":false},"author":139,"featured_media":0,"parent":0,"menu_order":0,"comment_status":"closed","ping_status":"closed","template":"genel_sayfa.php","meta":{"footnotes":""},"yoast_head":"<!-- This site is optimized with the Yoast SEO Premium plugin v22.1 (Yoast SEO v22.1) - https:\/\/yoast.com\/wordpress\/plugins\/seo\/ -->\n<title>Ba\u015fvuru Ko\u015fullar\u0131 - \u0130ktisat<\/title>\n<meta name=\"robots\" content=\"index, follow, max-snippet:-1, max-image-preview:large, max-video-preview:-1\" \/>\n<link rel=\"canonical\" href=\"https:\/\/ticaret.edu.tr\/iktisat\/basvuru-kosullari\/\" \/>\n<meta property=\"og:locale\" content=\"tr_TR\" \/>\n<meta property=\"og:type\" content=\"article\" \/>\n<meta property=\"og:title\" content=\"Ba\u015fvuru Ko\u015fullar\u0131\" \/>\n<meta property=\"og:description\" content=\"Y\u00fcksek Lisans Programlar\u0131 Ba\u015fvuru Ko\u015fullar\u0131 \u0130ktisat Tezli Y\u00fcksek Lisans Program\u0131 i\u00e7in adaylar ALES e\u015fit a\u011f\u0131rl\u0131k puan t\u00fcr\u00fcnden en az 55 alm\u0131\u015f olmal\u0131d\u0131r. \u0130ktisat Tezsiz Y\u00fcksek Lisans Program\u0131 i\u00e7in ALES ko\u015fulu aranmamaktad\u0131r. E\u011fitim \u2013 \u00d6\u011fretim Dersler hafta i\u00e7i 18.30 \u2013 21.30 saatleri aras\u0131 ve gerekti\u011finde hafta sonu yap\u0131lmaktad\u0131r. \u0130ktisat Tezli Y\u00fcksek Lisans Program\u0131 8 ders, seminer [&hellip;]\" \/>\n<meta property=\"og:url\" content=\"https:\/\/ticaret.edu.tr\/iktisat\/basvuru-kosullari\/\" \/>\n<meta property=\"og:site_name\" content=\"\u0130ktisat\" \/>\n<meta property=\"article:publisher\" content=\"https:\/\/www.facebook.com\/ticaretedutr\" \/>\n<meta property=\"article:modified_time\" content=\"2025-07-23T14:22:03+00:00\" \/>\n<meta property=\"og:image\" content=\"http:\/\/ticaret.edu.tr\/iktisat\/wp-content\/uploads\/sites\/9\/2021\/11\/web_logo-01.jpg\" \/>\n\t<meta property=\"og:image:width\" content=\"1250\" \/>\n\t<meta property=\"og:image:height\" content=\"833\" \/>\n\t<meta property=\"og:image:type\" content=\"image\/jpeg\" \/>\n<meta name=\"twitter:card\" content=\"summary_large_image\" \/>\n<meta name=\"twitter:site\" content=\"@ticaretedutr\" \/>\n<meta name=\"twitter:label1\" content=\"Tahmini okuma s\u00fcresi\" \/>\n\t<meta name=\"twitter:data1\" content=\"2 dakika\" \/>\n<script type=\"application\/ld+json\" class=\"yoast-schema-graph\">{\"@context\":\"https:\/\/schema.org\",\"@graph\":[{\"@type\":\"WebPage\",\"@id\":\"https:\/\/ticaret.edu.tr\/iktisat\/basvuru-kosullari\/\",\"url\":\"https:\/\/ticaret.edu.tr\/iktisat\/basvuru-kosullari\/\",\"name\":\"Ba\u015fvuru Ko\u015fullar\u0131 - \u0130ktisat\",\"isPartOf\":{\"@id\":\"https:\/\/ticaret.edu.tr\/iktisat\/#website\"},\"datePublished\":\"2025-01-26T16:38:35+00:00\",\"dateModified\":\"2025-07-23T14:22:03+00:00\",\"breadcrumb\":{\"@id\":\"https:\/\/ticaret.edu.tr\/iktisat\/basvuru-kosullari\/#breadcrumb\"},\"inLanguage\":\"tr\",\"potentialAction\":[{\"@type\":\"ReadAction\",\"target\":[\"https:\/\/ticaret.edu.tr\/iktisat\/basvuru-kosullari\/\"]}]},{\"@type\":\"BreadcrumbList\",\"@id\":\"https:\/\/ticaret.edu.tr\/iktisat\/basvuru-kosullari\/#breadcrumb\",\"itemListElement\":[{\"@type\":\"ListItem\",\"position\":1,\"name\":\"Ana sayfa\",\"item\":\"https:\/\/ticaret.edu.tr\/iktisat\/\"},{\"@type\":\"ListItem\",\"position\":2,\"name\":\"Ba\u015fvuru Ko\u015fullar\u0131\"}]},{\"@type\":\"WebSite\",\"@id\":\"https:\/\/ticaret.edu.tr\/iktisat\/#website\",\"url\":\"https:\/\/ticaret.edu.tr\/iktisat\/\",\"name\":\"\u0130ktisat\",\"description\":\"\",\"potentialAction\":[{\"@type\":\"SearchAction\",\"target\":{\"@type\":\"EntryPoint\",\"urlTemplate\":\"https:\/\/ticaret.edu.tr\/iktisat\/?s={search_term_string}\"},\"query-input\":\"required name=search_term_string\"}],\"inLanguage\":\"tr\"}]}<\/script>\n<!-- \/ Yoast SEO Premium plugin. -->","yoast_head_json":{"title":"Ba\u015fvuru Ko\u015fullar\u0131 - \u0130ktisat","robots":{"index":"index","follow":"follow","max-snippet":"max-snippet:-1","max-image-preview":"max-image-preview:large","max-video-preview":"max-video-preview:-1"},"canonical":"https:\/\/ticaret.edu.tr\/iktisat\/basvuru-kosullari\/","og_locale":"tr_TR","og_type":"article","og_title":"Ba\u015fvuru Ko\u015fullar\u0131","og_description":"Y\u00fcksek Lisans Programlar\u0131 Ba\u015fvuru Ko\u015fullar\u0131 \u0130ktisat Tezli Y\u00fcksek Lisans Program\u0131 i\u00e7in adaylar ALES e\u015fit a\u011f\u0131rl\u0131k puan t\u00fcr\u00fcnden en az 55 alm\u0131\u015f olmal\u0131d\u0131r. \u0130ktisat Tezsiz Y\u00fcksek Lisans Program\u0131 i\u00e7in ALES ko\u015fulu aranmamaktad\u0131r. E\u011fitim \u2013 \u00d6\u011fretim Dersler hafta i\u00e7i 18.30 \u2013 21.30 saatleri aras\u0131 ve gerekti\u011finde hafta sonu yap\u0131lmaktad\u0131r. \u0130ktisat Tezli Y\u00fcksek Lisans Program\u0131 8 ders, seminer [&hellip;]","og_url":"https:\/\/ticaret.edu.tr\/iktisat\/basvuru-kosullari\/","og_site_name":"\u0130ktisat","article_publisher":"https:\/\/www.facebook.com\/ticaretedutr","article_modified_time":"2025-07-23T14:22:03+00:00","og_image":[{"width":1250,"height":833,"url":"http:\/\/ticaret.edu.tr\/iktisat\/wp-content\/uploads\/sites\/9\/2021\/11\/web_logo-01.jpg","type":"image\/jpeg"}],"twitter_card":"summary_large_image","twitter_site":"@ticaretedutr","twitter_misc":{"Tahmini okuma s\u00fcresi":"2 dakika"},"schema":{"@context":"https:\/\/schema.org","@graph":[{"@type":"WebPage","@id":"https:\/\/ticaret.edu.tr\/iktisat\/basvuru-kosullari\/","url":"https:\/\/ticaret.edu.tr\/iktisat\/basvuru-kosullari\/","name":"Ba\u015fvuru Ko\u015fullar\u0131 - \u0130ktisat","isPartOf":{"@id":"https:\/\/ticaret.edu.tr\/iktisat\/#website"},"datePublished":"2025-01-26T16:38:35+00:00","dateModified":"2025-07-23T14:22:03+00:00","breadcrumb":{"@id":"https:\/\/ticaret.edu.tr\/iktisat\/basvuru-kosullari\/#breadcrumb"},"inLanguage":"tr","potentialAction":[{"@type":"ReadAction","target":["https:\/\/ticaret.edu.tr\/iktisat\/basvuru-kosullari\/"]}]},{"@type":"BreadcrumbList","@id":"https:\/\/ticaret.edu.tr\/iktisat\/basvuru-kosullari\/#breadcrumb","itemListElement":[{"@type":"ListItem","position":1,"name":"Ana sayfa","item":"https:\/\/ticaret.edu.tr\/iktisat\/"},{"@type":"ListItem","position":2,"name":"Ba\u015fvuru Ko\u015fullar\u0131"}]},{"@type":"WebSite","@id":"https:\/\/ticaret.edu.tr\/iktisat\/#website","url":"https:\/\/ticaret.edu.tr\/iktisat\/","name":"\u0130ktisat","description":"","potentialAction":[{"@type":"SearchAction","target":{"@type":"EntryPoint","urlTemplate":"https:\/\/ticaret.edu.tr\/iktisat\/?s={search_term_string}"},"query-input":"required name=search_term_string"}],"inLanguage":"tr"}]}},"lang":"tr","translations":{"en":1644,"tr":1642},"pll_sync_post":[],"_links":{"self":[{"href":"http:\/\/ticaret.edu.tr\/iktisat\/wp-json\/wp\/v2\/pages\/1642"}],"collection":[{"href":"http:\/\/ticaret.edu.tr\/iktisat\/wp-json\/wp\/v2\/pages"}],"about":[{"href":"http:\/\/ticaret.edu.tr\/iktisat\/wp-json\/wp\/v2\/types\/page"}],"author":[{"embeddable":true,"href":"http:\/\/ticaret.edu.tr\/iktisat\/wp-json\/wp\/v2\/users\/139"}],"replies":[{"embeddable":true,"href":"http:\/\/ticaret.edu.tr\/iktisat\/wp-json\/wp\/v2\/comments?post=1642"}],"version-history":[{"count":3,"href":"http:\/\/ticaret.edu.tr\/iktisat\/wp-json\/wp\/v2\/pages\/1642\/revisions"}],"predecessor-version":[{"id":2126,"href":"http:\/\/ticaret.edu.tr\/iktisat\/wp-json\/wp\/v2\/pages\/1642\/revisions\/2126"}],"wp:attachment":[{"href":"http:\/\/ticaret.edu.tr\/iktisat\/wp-json\/wp\/v2\/media?parent=1642"}],"curies":[{"name":"wp","href":"https:\/\/api.w.org\/{rel}","templated":true}]}}