{"id":1644,"date":"2025-01-26T19:38:47","date_gmt":"2025-01-26T16:38:47","guid":{"rendered":"https:\/\/ticaret.edu.tr\/iktisat\/?page_id=1644"},"modified":"2026-01-23T21:52:50","modified_gmt":"2026-01-23T18:52:50","slug":"admission-requirements","status":"publish","type":"page","link":"http:\/\/ticaret.edu.tr\/iktisat\/en\/admission-requirements\/","title":{"rendered":"Admission Requirements"},"content":{"rendered":"<h2 data-start=\"85\" data-end=\"134\">Master\u2019s Programs \u2013 Application Requirements<\/h2>\n<ul data-start=\"136\" data-end=\"379\">\n<li data-start=\"136\" data-end=\"287\">\n<p data-start=\"138\" data-end=\"287\">For the Thesis-Based Master\u2019s Program in Economics, applicants must obtain a minimum score of 55 in the ALES (Equal Weight score type).<\/p>\n<\/li>\n<li data-start=\"288\" data-end=\"379\">\n<p data-start=\"290\" data-end=\"379\">For the Non-Thesis Master\u2019s Program in Economics, the ALES requirement is waived.<\/p>\n<\/li>\n<\/ul>\n<h3 data-start=\"381\" data-end=\"412\">Education and Instruction<\/h3>\n<ul data-start=\"413\" data-end=\"975\">\n<li data-start=\"413\" data-end=\"506\">\n<p data-start=\"415\" data-end=\"506\">Classes are held on weekdays between 18:30 and 21:30, and on weekends when necessary.<\/p>\n<\/li>\n<li data-start=\"507\" data-end=\"629\">\n<p data-start=\"509\" data-end=\"629\">The Thesis-Based Master\u2019s Program in Economics consists of 8 courses, a seminar course, and a master\u2019s thesis.<\/p>\n<\/li>\n<li data-start=\"630\" data-end=\"730\">\n<p data-start=\"632\" data-end=\"730\">The Non-Thesis Master\u2019s Program in Economics consists of 10 courses and a final project.<\/p>\n<\/li>\n<li data-start=\"731\" data-end=\"803\">\n<p data-start=\"733\" data-end=\"803\">Attendance is compulsory, with a minimum requirement of 70%.<\/p>\n<\/li>\n<li data-start=\"804\" data-end=\"975\">\n<p data-start=\"806\" data-end=\"975\">In order to be eligible for the master\u2019s thesis defense, students are required to have an article published in a national or international peer-reviewed journal.<\/p>\n<\/li>\n<\/ul>\n<h3 data-start=\"977\" data-end=\"1013\">Scientific Preparatory Courses<\/h3>\n<ul data-start=\"1014\" data-end=\"1313\">\n<li data-start=\"1014\" data-end=\"1232\">\n<p data-start=\"1016\" data-end=\"1232\">Applicants who obtained their bachelor\u2019s degree in a field different from the master\u2019s program they are applying for are required to take scientific preparatory courses in order to remedy academic deficiencies.<\/p>\n<\/li>\n<li data-start=\"1233\" data-end=\"1313\">\n<p data-start=\"1235\" data-end=\"1313\">These courses are non-credit bearing and subject to an additional fee.<\/p>\n<\/li>\n<\/ul>\n<hr data-start=\"1315\" data-end=\"1318\" \/>\n<h2 data-start=\"1320\" data-end=\"1363\">PhD Program \u2013 Application Requirements<\/h2>\n<ul data-start=\"1365\" data-end=\"1737\">\n<li data-start=\"1365\" data-end=\"1532\">\n<p data-start=\"1367\" data-end=\"1532\">Applicants applying to the PhD Program in Economics with a master\u2019s degree must obtain a minimum score of 55 in the ALES (Equal Weight score type).<\/p>\n<\/li>\n<li data-start=\"1533\" data-end=\"1737\">\n<p data-start=\"1535\" data-end=\"1737\">Applicants must obtain a minimum score of 55 in the YDS\/Y\u00d6KD\u0130L examinations administered by \u00d6SYM, or an equivalent score from an internationally recognized foreign language proficiency exam.<\/p>\n<\/li>\n<\/ul>\n<h3 data-start=\"1739\" data-end=\"1770\">Education and Instruction<\/h3>\n<ul data-start=\"1771\" data-end=\"2302\">\n<li data-start=\"1771\" data-end=\"1864\">\n<p data-start=\"1773\" data-end=\"1864\">Classes are held on weekdays between 18:30 and 21:30, and on weekends when necessary.<\/p>\n<\/li>\n<li data-start=\"1865\" data-end=\"2051\">\n<p data-start=\"1867\" data-end=\"2051\">For students admitted with a master\u2019s degree, the PhD Program in Economics consists of 8 courses, a seminar course, a qualifying examination, and a doctoral dissertation.<\/p>\n<\/li>\n<li data-start=\"2052\" data-end=\"2124\">\n<p data-start=\"2054\" data-end=\"2124\">Attendance is compulsory, with a minimum requirement of 70%.<\/p>\n<\/li>\n<li data-start=\"2125\" data-end=\"2302\">\n<p data-start=\"2127\" data-end=\"2302\">In order to be eligible for the doctoral dissertation defense, students are required to have an article published in a national or international peer-reviewed journal.<\/p>\n<\/li>\n<\/ul>\n<h3 data-start=\"2304\" data-end=\"2340\">Scientific Preparatory Courses<\/h3>\n<ul data-start=\"2341\" data-end=\"2630\">\n<li data-start=\"2341\" data-end=\"2549\">\n<p data-start=\"2343\" data-end=\"2549\">Applicants who obtained their master\u2019s degree in a field different from the doctoral program they are applying for are required to take scientific preparatory courses to address academic deficiencies.<\/p>\n<\/li>\n<li data-start=\"2550\" data-end=\"2630\">\n<p data-start=\"2552\" data-end=\"2630\">These courses are non-credit bearing and subject to an additional fee.<\/p>\n<\/li>\n<\/ul>\n","protected":false},"excerpt":{"rendered":"<p>Master\u2019s Programs \u2013 Application Requirements For the Thesis-Based Master\u2019s Program in Economics, applicants must obtain a minimum score of 55 in the ALES (Equal Weight score type). For the Non-Thesis Master\u2019s Program in Economics, the ALES requirement is waived. Education and Instruction Classes are held on weekdays between 18:30 and 21:30, and on weekends when [&hellip;]<\/p>\n","protected":false},"author":139,"featured_media":0,"parent":0,"menu_order":0,"comment_status":"closed","ping_status":"closed","template":"genel_sayfa.php","meta":{"footnotes":""},"yoast_head":"<!-- This site is optimized with the Yoast SEO Premium plugin v22.1 (Yoast SEO v22.1) - https:\/\/yoast.com\/wordpress\/plugins\/seo\/ -->\n<title>Admission Requirements - \u0130ktisat<\/title>\n<meta name=\"robots\" content=\"index, follow, max-snippet:-1, max-image-preview:large, max-video-preview:-1\" \/>\n<link rel=\"canonical\" href=\"https:\/\/ticaret.edu.tr\/iktisat\/en\/admission-requirements\/\" \/>\n<meta property=\"og:locale\" content=\"tr_TR\" \/>\n<meta property=\"og:type\" content=\"article\" \/>\n<meta property=\"og:title\" content=\"Admission Requirements\" \/>\n<meta property=\"og:description\" content=\"Master\u2019s Programs \u2013 Application Requirements For the Thesis-Based Master\u2019s Program in Economics, applicants must obtain a minimum score of 55 in the ALES (Equal Weight score type). For the Non-Thesis Master\u2019s Program in Economics, the ALES requirement is waived. Education and Instruction Classes are held on weekdays between 18:30 and 21:30, and on weekends when [&hellip;]\" \/>\n<meta property=\"og:url\" content=\"https:\/\/ticaret.edu.tr\/iktisat\/en\/admission-requirements\/\" \/>\n<meta property=\"og:site_name\" content=\"\u0130ktisat\" \/>\n<meta property=\"article:publisher\" content=\"https:\/\/www.facebook.com\/ticaretedutr\" \/>\n<meta property=\"article:modified_time\" content=\"2026-01-23T18:52:50+00:00\" \/>\n<meta property=\"og:image\" content=\"http:\/\/ticaret.edu.tr\/iktisat\/wp-content\/uploads\/sites\/9\/2021\/11\/web_logo-01.jpg\" \/>\n\t<meta property=\"og:image:width\" content=\"1250\" \/>\n\t<meta property=\"og:image:height\" content=\"833\" \/>\n\t<meta property=\"og:image:type\" content=\"image\/jpeg\" \/>\n<meta name=\"twitter:card\" content=\"summary_large_image\" \/>\n<meta name=\"twitter:site\" content=\"@ticaretedutr\" \/>\n<meta name=\"twitter:label1\" content=\"Tahmini okuma s\u00fcresi\" \/>\n\t<meta name=\"twitter:data1\" content=\"3 dakika\" \/>\n<script type=\"application\/ld+json\" class=\"yoast-schema-graph\">{\"@context\":\"https:\/\/schema.org\",\"@graph\":[{\"@type\":\"WebPage\",\"@id\":\"https:\/\/ticaret.edu.tr\/iktisat\/en\/admission-requirements\/\",\"url\":\"https:\/\/ticaret.edu.tr\/iktisat\/en\/admission-requirements\/\",\"name\":\"Admission Requirements - \u0130ktisat\",\"isPartOf\":{\"@id\":\"https:\/\/ticaret.edu.tr\/iktisat\/#website\"},\"datePublished\":\"2025-01-26T16:38:47+00:00\",\"dateModified\":\"2026-01-23T18:52:50+00:00\",\"breadcrumb\":{\"@id\":\"https:\/\/ticaret.edu.tr\/iktisat\/en\/admission-requirements\/#breadcrumb\"},\"inLanguage\":\"tr\",\"potentialAction\":[{\"@type\":\"ReadAction\",\"target\":[\"https:\/\/ticaret.edu.tr\/iktisat\/en\/admission-requirements\/\"]}]},{\"@type\":\"BreadcrumbList\",\"@id\":\"https:\/\/ticaret.edu.tr\/iktisat\/en\/admission-requirements\/#breadcrumb\",\"itemListElement\":[{\"@type\":\"ListItem\",\"position\":1,\"name\":\"Ana sayfa\",\"item\":\"https:\/\/ticaret.edu.tr\/iktisat\/\"},{\"@type\":\"ListItem\",\"position\":2,\"name\":\"Admission Requirements\"}]},{\"@type\":\"WebSite\",\"@id\":\"https:\/\/ticaret.edu.tr\/iktisat\/#website\",\"url\":\"https:\/\/ticaret.edu.tr\/iktisat\/\",\"name\":\"\u0130ktisat\",\"description\":\"\",\"potentialAction\":[{\"@type\":\"SearchAction\",\"target\":{\"@type\":\"EntryPoint\",\"urlTemplate\":\"https:\/\/ticaret.edu.tr\/iktisat\/?s={search_term_string}\"},\"query-input\":\"required name=search_term_string\"}],\"inLanguage\":\"tr\"}]}<\/script>\n<!-- \/ Yoast SEO Premium plugin. -->","yoast_head_json":{"title":"Admission Requirements - \u0130ktisat","robots":{"index":"index","follow":"follow","max-snippet":"max-snippet:-1","max-image-preview":"max-image-preview:large","max-video-preview":"max-video-preview:-1"},"canonical":"https:\/\/ticaret.edu.tr\/iktisat\/en\/admission-requirements\/","og_locale":"tr_TR","og_type":"article","og_title":"Admission Requirements","og_description":"Master\u2019s Programs \u2013 Application Requirements For the Thesis-Based Master\u2019s Program in Economics, applicants must obtain a minimum score of 55 in the ALES (Equal Weight score type). For the Non-Thesis Master\u2019s Program in Economics, the ALES requirement is waived. Education and Instruction Classes are held on weekdays between 18:30 and 21:30, and on weekends when [&hellip;]","og_url":"https:\/\/ticaret.edu.tr\/iktisat\/en\/admission-requirements\/","og_site_name":"\u0130ktisat","article_publisher":"https:\/\/www.facebook.com\/ticaretedutr","article_modified_time":"2026-01-23T18:52:50+00:00","og_image":[{"width":1250,"height":833,"url":"http:\/\/ticaret.edu.tr\/iktisat\/wp-content\/uploads\/sites\/9\/2021\/11\/web_logo-01.jpg","type":"image\/jpeg"}],"twitter_card":"summary_large_image","twitter_site":"@ticaretedutr","twitter_misc":{"Tahmini okuma s\u00fcresi":"3 dakika"},"schema":{"@context":"https:\/\/schema.org","@graph":[{"@type":"WebPage","@id":"https:\/\/ticaret.edu.tr\/iktisat\/en\/admission-requirements\/","url":"https:\/\/ticaret.edu.tr\/iktisat\/en\/admission-requirements\/","name":"Admission Requirements - \u0130ktisat","isPartOf":{"@id":"https:\/\/ticaret.edu.tr\/iktisat\/#website"},"datePublished":"2025-01-26T16:38:47+00:00","dateModified":"2026-01-23T18:52:50+00:00","breadcrumb":{"@id":"https:\/\/ticaret.edu.tr\/iktisat\/en\/admission-requirements\/#breadcrumb"},"inLanguage":"tr","potentialAction":[{"@type":"ReadAction","target":["https:\/\/ticaret.edu.tr\/iktisat\/en\/admission-requirements\/"]}]},{"@type":"BreadcrumbList","@id":"https:\/\/ticaret.edu.tr\/iktisat\/en\/admission-requirements\/#breadcrumb","itemListElement":[{"@type":"ListItem","position":1,"name":"Ana sayfa","item":"https:\/\/ticaret.edu.tr\/iktisat\/"},{"@type":"ListItem","position":2,"name":"Admission Requirements"}]},{"@type":"WebSite","@id":"https:\/\/ticaret.edu.tr\/iktisat\/#website","url":"https:\/\/ticaret.edu.tr\/iktisat\/","name":"\u0130ktisat","description":"","potentialAction":[{"@type":"SearchAction","target":{"@type":"EntryPoint","urlTemplate":"https:\/\/ticaret.edu.tr\/iktisat\/?s={search_term_string}"},"query-input":"required name=search_term_string"}],"inLanguage":"tr"}]}},"lang":"en","translations":{"en":1644,"tr":1642},"pll_sync_post":[],"_links":{"self":[{"href":"http:\/\/ticaret.edu.tr\/iktisat\/wp-json\/wp\/v2\/pages\/1644"}],"collection":[{"href":"http:\/\/ticaret.edu.tr\/iktisat\/wp-json\/wp\/v2\/pages"}],"about":[{"href":"http:\/\/ticaret.edu.tr\/iktisat\/wp-json\/wp\/v2\/types\/page"}],"author":[{"embeddable":true,"href":"http:\/\/ticaret.edu.tr\/iktisat\/wp-json\/wp\/v2\/users\/139"}],"replies":[{"embeddable":true,"href":"http:\/\/ticaret.edu.tr\/iktisat\/wp-json\/wp\/v2\/comments?post=1644"}],"version-history":[{"count":3,"href":"http:\/\/ticaret.edu.tr\/iktisat\/wp-json\/wp\/v2\/pages\/1644\/revisions"}],"predecessor-version":[{"id":2576,"href":"http:\/\/ticaret.edu.tr\/iktisat\/wp-json\/wp\/v2\/pages\/1644\/revisions\/2576"}],"wp:attachment":[{"href":"http:\/\/ticaret.edu.tr\/iktisat\/wp-json\/wp\/v2\/media?parent=1644"}],"curies":[{"name":"wp","href":"https:\/\/api.w.org\/{rel}","templated":true}]}}