{"id":1679,"date":"2025-01-26T19:43:01","date_gmt":"2025-01-26T16:43:01","guid":{"rendered":"https:\/\/ticaret.edu.tr\/iktisat\/?page_id=1679"},"modified":"2026-02-11T03:34:00","modified_gmt":"2026-02-11T00:34:00","slug":"proje-destekler","status":"publish","type":"page","link":"http:\/\/ticaret.edu.tr\/iktisat\/proje-destekler\/","title":{"rendered":"Proje \/ Destekler"},"content":{"rendered":"<p><img loading=\"lazy\" decoding=\"async\" class=\"alignnone size-full wp-image-1267\" src=\"http:\/\/ticaret.edu.tr\/iktisat\/wp-content\/uploads\/sites\/9\/2024\/12\/kapak.jpeg\" alt=\"\" width=\"1131\" height=\"1600\" srcset=\"http:\/\/ticaret.edu.tr\/iktisat\/wp-content\/uploads\/sites\/9\/2024\/12\/kapak.jpeg 1131w, http:\/\/ticaret.edu.tr\/iktisat\/wp-content\/uploads\/sites\/9\/2024\/12\/kapak-212x300.jpeg 212w, http:\/\/ticaret.edu.tr\/iktisat\/wp-content\/uploads\/sites\/9\/2024\/12\/kapak-724x1024.jpeg 724w, http:\/\/ticaret.edu.tr\/iktisat\/wp-content\/uploads\/sites\/9\/2024\/12\/kapak-768x1086.jpeg 768w, http:\/\/ticaret.edu.tr\/iktisat\/wp-content\/uploads\/sites\/9\/2024\/12\/kapak-1086x1536.jpeg 1086w\" sizes=\"(max-width: 1131px) 100vw, 1131px\" \/><\/p>\n<p>AB D\u00f6ng\u00fcsel Ekonomi Politikalar\u0131 ve S\u00fcrd\u00fcr\u00fclebilirlik i\u00e7in Jean Monnet K\u00fcrs\u00fcs\u00fc\u00a0<em>(Jean Monnet Chair for EU\u2019s Circular Economy Policies and Sustainability \u2013 CESPEU)<\/em>\u00a0projesinin \u00e7evrim i\u00e7i <a style=\"color: blue;text-decoration: underline\" href=\"https:\/\/ticaret.edu.tr\/iktisat\/2024\/10\/30\/jean-monnet-kursusu-cespeu-acilis-toplantisi\/\">a\u00e7\u0131l\u0131\u015f toplant\u0131s\u0131<\/a>, 30 Ekim 2024 tarihinde yo\u011fun bir kat\u0131l\u0131mla ger\u00e7ekle\u015ftirildi. AB \u00e7evre politikalar\u0131 kapsam\u0131nda d\u00f6ng\u00fcsel ekonomi ve s\u00fcrd\u00fcr\u00fclebilirlik alan\u0131nda fark\u0131ndal\u0131\u011f\u0131 art\u0131rmay\u0131 hedefleyen CESPEU projesi, T\u00fcrkiye\u2019deki akademik ve profesyonel \u00e7evrelerden b\u00fcy\u00fck ilgi g\u00f6rd\u00fc. \u00c7e\u015fitli \u00fcniversitelerden akademisyenler, lisans ve lisans\u00fcst\u00fc \u00f6\u011frenciler, ara\u015ft\u0131rmac\u0131lar ve \u00f6zel sekt\u00f6r temsilcileri etkinli\u011fe kat\u0131ld\u0131. 100\u2019\u00fcn \u00fczerinde kat\u0131l\u0131mc\u0131n\u0131n yer ald\u0131\u011f\u0131 etkinlik ba\u015far\u0131l\u0131 bir \u015fekilde ger\u00e7ekle\u015ftirildi.<\/p>\n<p>&nbsp;<\/p>\n<hr \/>\n<p>&nbsp;<\/p>\n<p><img loading=\"lazy\" decoding=\"async\" class=\"size-full wp-image-2222 aligncenter\" src=\"http:\/\/ticaret.edu.tr\/iktisat\/wp-content\/uploads\/sites\/9\/2025\/10\/TUBITAK-2209-Proje-Yazma-Atolyesi-Duyuru-Afisi.jpg\" alt=\"\" width=\"1080\" height=\"1080\" srcset=\"http:\/\/ticaret.edu.tr\/iktisat\/wp-content\/uploads\/sites\/9\/2025\/10\/TUBITAK-2209-Proje-Yazma-Atolyesi-Duyuru-Afisi.jpg 1080w, http:\/\/ticaret.edu.tr\/iktisat\/wp-content\/uploads\/sites\/9\/2025\/10\/TUBITAK-2209-Proje-Yazma-Atolyesi-Duyuru-Afisi-300x300.jpg 300w, http:\/\/ticaret.edu.tr\/iktisat\/wp-content\/uploads\/sites\/9\/2025\/10\/TUBITAK-2209-Proje-Yazma-Atolyesi-Duyuru-Afisi-1024x1024.jpg 1024w, http:\/\/ticaret.edu.tr\/iktisat\/wp-content\/uploads\/sites\/9\/2025\/10\/TUBITAK-2209-Proje-Yazma-Atolyesi-Duyuru-Afisi-150x150.jpg 150w, http:\/\/ticaret.edu.tr\/iktisat\/wp-content\/uploads\/sites\/9\/2025\/10\/TUBITAK-2209-Proje-Yazma-Atolyesi-Duyuru-Afisi-768x768.jpg 768w\" sizes=\"(max-width: 1080px) 100vw, 1080px\" \/><\/p>\n<p>\u0130stanbul Ticaret \u00dcniversitesi Teknoloji Transfer Ofisi (TTO) taraf\u0131ndan d\u00fczenlenen \u201cT\u00dcB\u0130TAK 2209 Proje Yazma At\u00f6lyesi \u2013 Fikirden Uygulamaya: 48 Saatlik Proje Maratonu\u201d etkinli\u011fi i\u00e7in ba\u015fvurular ba\u015flam\u0131\u015ft\u0131r.<\/p>\n<p>T\u00dcB\u0130TAK 2209 programlar\u0131; lisans ve \u00f6n lisans \u00f6\u011frencilerimizin bilimsel ara\u015ft\u0131rma becerilerini geli\u015ftirmelerine, proje tabanl\u0131 d\u00fc\u015f\u00fcnme k\u00fclt\u00fcr\u00fc kazanmalar\u0131na ve \u00fcniversite-sanayi i\u015f birli\u011fini g\u00fc\u00e7lendirmelerine \u00f6nemli katk\u0131 sa\u011flamaktad\u0131r.<\/p>\n<p><strong>Yer:<\/strong> Sadabad Kamp\u00fcs\u00fc S\u00fctl\u00fcce<\/p>\n<p><strong>Tarih:<\/strong><\/p>\n<p>1. Grup: 22\u201323 Ekim 2025 | 18.00\u201320.00. <strong>Kay\u0131t i\u00e7in:<\/strong> <a href=\"https:\/\/tto.ticaret.edu.tr\/tr-TR\/Event\/72\">T\u0130CARET TTO<\/a><\/p>\n<p>2. Grup: 30\u201331 Ekim 2025 | 18.00\u201320.00. <strong>Kay\u0131t i\u00e7in:<\/strong> <a href=\"https:\/\/tto.ticaret.edu.tr\/tr-TR\/Event\/74\">T\u0130CARET TTO<\/a><\/p>\n<p>&nbsp;<\/p>\n<p><strong>Kat\u0131l\u0131mc\u0131lara sertifika verilecektir.<\/strong><\/p>\n<p><strong>E\u011fitim fiziksel olarak yap\u0131lacakt\u0131r, kaydolanlara s\u0131n\u0131f bilgisi payla\u015f\u0131lacakt\u0131r, kontenjan s\u0131n\u0131rl\u0131d\u0131r.<\/strong><\/p>\n<p>&nbsp;<\/p>\n<hr \/>\n<p>&nbsp;<\/p>\n<p><img loading=\"lazy\" decoding=\"async\" class=\"alignnone size-full wp-image-739\" src=\"http:\/\/ticaret.edu.tr\/iktisat\/wp-content\/uploads\/sites\/9\/2022\/07\/Yapay_Zeka_Yogunlasma_Programi_TWITTER.jpg\" alt=\"\" width=\"1921\" height=\"1080\" srcset=\"http:\/\/ticaret.edu.tr\/iktisat\/wp-content\/uploads\/sites\/9\/2022\/07\/Yapay_Zeka_Yogunlasma_Programi_TWITTER.jpg 1921w, http:\/\/ticaret.edu.tr\/iktisat\/wp-content\/uploads\/sites\/9\/2022\/07\/Yapay_Zeka_Yogunlasma_Programi_TWITTER-300x169.jpg 300w, http:\/\/ticaret.edu.tr\/iktisat\/wp-content\/uploads\/sites\/9\/2022\/07\/Yapay_Zeka_Yogunlasma_Programi_TWITTER-1024x576.jpg 1024w, http:\/\/ticaret.edu.tr\/iktisat\/wp-content\/uploads\/sites\/9\/2022\/07\/Yapay_Zeka_Yogunlasma_Programi_TWITTER-768x432.jpg 768w, http:\/\/ticaret.edu.tr\/iktisat\/wp-content\/uploads\/sites\/9\/2022\/07\/Yapay_Zeka_Yogunlasma_Programi_TWITTER-1536x864.jpg 1536w\" sizes=\"(max-width: 1921px) 100vw, 1921px\" \/><\/p>\n<p>B\u00f6l\u00fcm\u00fcm\u00fczde 2022 y\u0131l\u0131ndan itibaren \u201cSosyal S\u00fcre\u00e7 ve Sistemlerde Yapay Zek\u00e2 Yo\u011funla\u015fma Program\u0131\u201d ba\u015flat\u0131lm\u0131\u015ft\u0131r.<\/p>\n<p>Program\u0131n amac\u0131, \u00f6\u011frencilere, bilgi \u00e7a\u011f\u0131n\u0131n etkili y\u00f6ntemlerinden biri olan yapay zek\u00e2 ve ba\u011flant\u0131l\u0131 y\u00f6ntemler etraf\u0131nda \u00f6r\u00fclm\u00fc\u015f, teorik temeli sa\u011flam ve uygulama de\u011feri y\u00fcksek bir formasyon kazand\u0131rmakt\u0131r. \u00d6\u011frenciler, programlamadan yapay zek\u00e2 algoritmalar\u0131na, modelleme ve sim\u00fclasyon paradigmalar\u0131ndan iktisat ve i\u015f zek\u00e2s\u0131na kadar uzanan bir dizi ders alarak, ger\u00e7ek hayat i\u00e7in i\u015flevsel de\u011feri y\u00fcksek, \u201csorun \u00e7\u00f6zme\u201d ve \u201cdurum iyile\u015ftirme\u201d becerileri edineceklerdir.<\/p>\n<p>Programa kat\u0131l\u0131m g\u00f6n\u00fcll\u00fc olacakt\u0131r. Kat\u0131lan \u00f6\u011frenciler i\u00e7in programda <strong>8 adet al\u0131nmas\u0131 zorunlu, 4 adet al\u0131nmas\u0131 tercihe ba\u011fl\u0131 ders<\/strong> bulunacakt\u0131r. \u0130ktisat B\u00f6l\u00fcm\u00fc \u00f6\u011frencileri, b\u00f6l\u00fcm m\u00fcfredat\u0131 kapsam\u0131ndaki 12 se\u00e7meli dersin 8 tanesini Yapay Zek\u00e2 Yo\u011funla\u015fma Program\u0131&#8217;ndaki derslerden se\u00e7erek, hem 8 derse tekab\u00fcl eden se\u00e7meli ders y\u00fck\u00fcml\u00fcl\u00fc\u011f\u00fcn\u00fc hem de Yapay Zek\u00e2 Yo\u011funla\u015fma Program\u0131 y\u00fck\u00fcml\u00fcl\u00fc\u011f\u00fcn\u00fc yerine getirebileceklerdir. Dolay\u0131s\u0131yla, mezuniyet i\u00e7in almak durumunda olduklar\u0131 toplam ders say\u0131s\u0131 artmayacakt\u0131r.<\/p>\n<p>Sosyal S\u00fcre\u00e7 ve Sistemlerde Yapay Zek\u00e2 Yo\u011funla\u015fma Program\u0131n\u0131 tamamlayan \u00f6\u011frencilere, \u0130ktisat B\u00f6l\u00fcm Ba\u015fkanl\u0131\u011f\u0131 taraf\u0131ndan, kazand\u0131klar\u0131 yapay zek\u00e2 formasyonunu ve bu formasyonun i\u015f d\u00fcnyas\u0131 i\u00e7in yaratabilece\u011fi potansiyel katk\u0131lar\u0131 anlatan bir referans mektubu verilecektir.<\/p>\n<p>&nbsp;<\/p>\n<table style=\"width: 100%;border-collapse: collapse\" border=\"1\">\n<thead>\n<tr>\n<th style=\"padding: 12px;background-color: #ffd44e;text-align: center\" colspan=\"3\">Yapay Zek\u00e2 Yo\u011funla\u015fma Program\u0131 Kapsam\u0131nda Al\u0131nmas\u0131 Zorunlu Olan Se\u00e7meli Dersler<\/th>\n<\/tr>\n<\/thead>\n<thead>\n<tr>\n<th style=\"padding: 8px;text-align: center\">#<\/th>\n<th style=\"padding: 8px;text-align: center\">Ders Kodu ve Ders Ad\u0131<\/th>\n<th style=\"padding: 8px;text-align: center\">D\u00f6nem<\/th>\n<\/tr>\n<\/thead>\n<tbody>\n<tr>\n<td style=\"padding: 8px;text-align: center;font-size: 0.9em\">1<\/td>\n<td style=\"padding: 8px;text-align: left;font-size: 0.9em\">IKT283 &#8211; R Programlama 1 \/ R Programming 1<\/td>\n<td style=\"padding: 8px;text-align: center;font-size: 0.9em\">G\u00fcz<\/td>\n<\/tr>\n<tr>\n<td style=\"padding: 8px;text-align: center;font-size: 0.9em\">2<\/td>\n<td style=\"padding: 8px;text-align: left;font-size: 0.9em\">IKT284 &#8211; R Programlama 2 \/ R Programming 2<\/td>\n<td style=\"padding: 8px;text-align: center;font-size: 0.9em\">Bahar<\/td>\n<\/tr>\n<tr>\n<td style=\"padding: 8px;text-align: center;font-size: 0.9em\">3<\/td>\n<td style=\"padding: 8px;text-align: left;font-size: 0.9em\">IKT387 &#8211; Yapay Zek\u00e2 Algoritmalar\u0131 \/ Artificial Intelligence Algorithms<\/td>\n<td style=\"padding: 8px;text-align: center;font-size: 0.9em\">G\u00fcz<\/td>\n<\/tr>\n<tr>\n<td style=\"padding: 8px;text-align: center;font-size: 0.9em\">4<\/td>\n<td style=\"padding: 8px;text-align: left;font-size: 0.9em\">IKT388 &#8211; B\u00fcy\u00fck Veri Analiti\u011fi \/ Big Data Analytics<\/td>\n<td style=\"padding: 8px;text-align: center;font-size: 0.9em\">Bahar<\/td>\n<\/tr>\n<tr>\n<td style=\"padding: 8px;text-align: center;font-size: 0.9em\">5<\/td>\n<td style=\"padding: 8px;text-align: left;font-size: 0.9em\">IKT485 &#8211; Sistem Dinami\u011fi Modellemesi ve Sim\u00fclasyonlar\u0131 \/ System Dynamics Modeling and Applications<\/td>\n<td style=\"padding: 8px;text-align: center;font-size: 0.9em\">G\u00fcz<\/td>\n<\/tr>\n<tr>\n<td style=\"padding: 8px;text-align: center;font-size: 0.9em\">6<\/td>\n<td style=\"padding: 8px;text-align: left;font-size: 0.9em\">IKT486 &#8211; \u0130ktisat ve \u0130\u015f Zekas\u0131 \/ Economics and Business Intelligence<\/td>\n<td style=\"padding: 8px;text-align: center;font-size: 0.9em\">Bahar<\/td>\n<\/tr>\n<tr>\n<td style=\"padding: 8px;text-align: center;font-size: 0.9em\">7<\/td>\n<td style=\"padding: 8px;text-align: left;font-size: 0.9em\">IKT487 &#8211; Etmen\/Akt\u00f6r-Temelli Modelleme ve Sim\u00fclasyonlar \/ Agent-Based Modeling and Applications<\/td>\n<td style=\"padding: 8px;text-align: center;font-size: 0.9em\">G\u00fcz<\/td>\n<\/tr>\n<tr>\n<td style=\"padding: 8px;text-align: center;font-size: 0.9em\">8<\/td>\n<td style=\"padding: 8px;text-align: left;font-size: 0.9em\">IKT488 &#8211; Bilgi Teknolojilerinde Se\u00e7ili Konular \/ Selected Topics in Information Technology<\/td>\n<td style=\"padding: 8px;text-align: center;font-size: 0.9em\">Bahar<\/td>\n<\/tr>\n<\/tbody>\n<thead>\n<tr>\n<th style=\"padding: 12px;background-color: #ffd44e;text-align: center\" colspan=\"3\">Yapay Zek\u00e2 Yo\u011funla\u015fma Program\u0131 Kapsam\u0131nda Al\u0131nmas\u0131 Tercihe Ba\u011fl\u0131 Se\u00e7meli Dersler<\/th>\n<\/tr>\n<\/thead>\n<thead>\n<tr>\n<th style=\"padding: 8px;text-align: center\">#<\/th>\n<th style=\"padding: 8px;text-align: center\">Ders Kodu ve Ders Ad\u0131<\/th>\n<th style=\"padding: 8px;text-align: center\">D\u00f6nem<\/th>\n<\/tr>\n<\/thead>\n<tbody>\n<tr>\n<td style=\"padding: 8px;text-align: center;font-size: 0.9em\">1<\/td>\n<td style=\"padding: 8px;text-align: left;font-size: 0.9em\">IKT389 &#8211; Karma\u015f\u0131k Sistemler Teorisi ve Uygulamalar\u0131 \/ Complex Systems Theory and Applications<\/td>\n<td style=\"padding: 8px;text-align: center;font-size: 0.9em\">G\u00fcz<\/td>\n<\/tr>\n<tr>\n<td style=\"padding: 8px;text-align: center;font-size: 0.9em\">2<\/td>\n<td style=\"padding: 8px;text-align: left;font-size: 0.9em\">IKT390 &#8211; Mikro ve Makro S\u00fcre\u00e7 ve Sistem Tasar\u0131m\u0131 ve Uygulamalar\u0131 \/ Micro and Macro Process\/System Design and Applications<\/td>\n<td style=\"padding: 8px;text-align: center;font-size: 0.9em\">Bahar<\/td>\n<\/tr>\n<tr>\n<td style=\"padding: 8px;text-align: center;font-size: 0.9em\">3<\/td>\n<td style=\"padding: 8px;text-align: left;font-size: 0.9em\">IKT489 &#8211; Oyun Teorisi \/ Game Theory<\/td>\n<td style=\"padding: 8px;text-align: center;font-size: 0.9em\">G\u00fcz<\/td>\n<\/tr>\n<tr>\n<td style=\"padding: 8px;text-align: center;font-size: 0.9em\">4<\/td>\n<td style=\"padding: 8px;text-align: left;font-size: 0.9em\">IKT490 &#8211; Hesaplama Teorisi \/ Computation Theory<\/td>\n<td style=\"padding: 8px;text-align: center;font-size: 0.9em\">Bahar<\/td>\n<\/tr>\n<\/tbody>\n<\/table>\n","protected":false},"excerpt":{"rendered":"<p>AB D\u00f6ng\u00fcsel Ekonomi Politikalar\u0131 ve S\u00fcrd\u00fcr\u00fclebilirlik i\u00e7in Jean Monnet K\u00fcrs\u00fcs\u00fc\u00a0(Jean Monnet Chair for EU\u2019s Circular Economy Policies and Sustainability \u2013 CESPEU)\u00a0projesinin \u00e7evrim i\u00e7i a\u00e7\u0131l\u0131\u015f toplant\u0131s\u0131, 30 Ekim 2024 tarihinde yo\u011fun bir kat\u0131l\u0131mla ger\u00e7ekle\u015ftirildi. AB \u00e7evre politikalar\u0131 kapsam\u0131nda d\u00f6ng\u00fcsel ekonomi ve s\u00fcrd\u00fcr\u00fclebilirlik alan\u0131nda fark\u0131ndal\u0131\u011f\u0131 art\u0131rmay\u0131 hedefleyen CESPEU projesi, T\u00fcrkiye\u2019deki akademik ve profesyonel \u00e7evrelerden b\u00fcy\u00fck ilgi g\u00f6rd\u00fc. [&hellip;]<\/p>\n","protected":false},"author":139,"featured_media":0,"parent":0,"menu_order":0,"comment_status":"closed","ping_status":"closed","template":"genel_sayfa.php","meta":{"footnotes":""},"yoast_head":"<!-- This site is optimized with the Yoast SEO Premium plugin v22.1 (Yoast SEO v22.1) - https:\/\/yoast.com\/wordpress\/plugins\/seo\/ -->\n<title>Proje \/ Destekler - \u0130ktisat<\/title>\n<meta name=\"robots\" content=\"index, follow, max-snippet:-1, max-image-preview:large, max-video-preview:-1\" \/>\n<link rel=\"canonical\" href=\"https:\/\/ticaret.edu.tr\/iktisat\/proje-destekler\/\" \/>\n<meta property=\"og:locale\" content=\"tr_TR\" \/>\n<meta property=\"og:type\" content=\"article\" \/>\n<meta property=\"og:title\" content=\"Proje \/ Destekler\" \/>\n<meta property=\"og:description\" content=\"AB D\u00f6ng\u00fcsel Ekonomi Politikalar\u0131 ve S\u00fcrd\u00fcr\u00fclebilirlik i\u00e7in Jean Monnet K\u00fcrs\u00fcs\u00fc\u00a0(Jean Monnet Chair for EU\u2019s Circular Economy Policies and Sustainability \u2013 CESPEU)\u00a0projesinin \u00e7evrim i\u00e7i a\u00e7\u0131l\u0131\u015f toplant\u0131s\u0131, 30 Ekim 2024 tarihinde yo\u011fun bir kat\u0131l\u0131mla ger\u00e7ekle\u015ftirildi. AB \u00e7evre politikalar\u0131 kapsam\u0131nda d\u00f6ng\u00fcsel ekonomi ve s\u00fcrd\u00fcr\u00fclebilirlik alan\u0131nda fark\u0131ndal\u0131\u011f\u0131 art\u0131rmay\u0131 hedefleyen CESPEU projesi, T\u00fcrkiye\u2019deki akademik ve profesyonel \u00e7evrelerden b\u00fcy\u00fck ilgi g\u00f6rd\u00fc. [&hellip;]\" \/>\n<meta property=\"og:url\" content=\"https:\/\/ticaret.edu.tr\/iktisat\/proje-destekler\/\" \/>\n<meta property=\"og:site_name\" content=\"\u0130ktisat\" \/>\n<meta property=\"article:publisher\" content=\"https:\/\/www.facebook.com\/ticaretedutr\" \/>\n<meta property=\"article:modified_time\" content=\"2026-02-11T00:34:00+00:00\" \/>\n<meta property=\"og:image\" content=\"http:\/\/ticaret.edu.tr\/iktisat\/wp-content\/uploads\/sites\/9\/2024\/12\/kapak.jpeg\" \/>\n<meta name=\"twitter:card\" content=\"summary_large_image\" \/>\n<meta name=\"twitter:site\" content=\"@ticaretedutr\" \/>\n<meta name=\"twitter:label1\" content=\"Tahmini okuma s\u00fcresi\" \/>\n\t<meta name=\"twitter:data1\" content=\"4 dakika\" \/>\n<script type=\"application\/ld+json\" class=\"yoast-schema-graph\">{\"@context\":\"https:\/\/schema.org\",\"@graph\":[{\"@type\":\"WebPage\",\"@id\":\"https:\/\/ticaret.edu.tr\/iktisat\/proje-destekler\/\",\"url\":\"https:\/\/ticaret.edu.tr\/iktisat\/proje-destekler\/\",\"name\":\"Proje \/ Destekler - \u0130ktisat\",\"isPartOf\":{\"@id\":\"http:\/\/ticaret.edu.tr\/iktisat\/en\/#website\"},\"datePublished\":\"2025-01-26T16:43:01+00:00\",\"dateModified\":\"2026-02-11T00:34:00+00:00\",\"breadcrumb\":{\"@id\":\"https:\/\/ticaret.edu.tr\/iktisat\/proje-destekler\/#breadcrumb\"},\"inLanguage\":\"tr\",\"potentialAction\":[{\"@type\":\"ReadAction\",\"target\":[\"https:\/\/ticaret.edu.tr\/iktisat\/proje-destekler\/\"]}]},{\"@type\":\"BreadcrumbList\",\"@id\":\"https:\/\/ticaret.edu.tr\/iktisat\/proje-destekler\/#breadcrumb\",\"itemListElement\":[{\"@type\":\"ListItem\",\"position\":1,\"name\":\"Ana sayfa\",\"item\":\"https:\/\/ticaret.edu.tr\/iktisat\/\"},{\"@type\":\"ListItem\",\"position\":2,\"name\":\"Proje \/ Destekler\"}]},{\"@type\":\"WebSite\",\"@id\":\"http:\/\/ticaret.edu.tr\/iktisat\/en\/#website\",\"url\":\"http:\/\/ticaret.edu.tr\/iktisat\/en\/\",\"name\":\"\u0130ktisat\",\"description\":\"\",\"potentialAction\":[{\"@type\":\"SearchAction\",\"target\":{\"@type\":\"EntryPoint\",\"urlTemplate\":\"http:\/\/ticaret.edu.tr\/iktisat\/en\/?s={search_term_string}\"},\"query-input\":\"required name=search_term_string\"}],\"inLanguage\":\"tr\"}]}<\/script>\n<!-- \/ Yoast SEO Premium plugin. -->","yoast_head_json":{"title":"Proje \/ Destekler - \u0130ktisat","robots":{"index":"index","follow":"follow","max-snippet":"max-snippet:-1","max-image-preview":"max-image-preview:large","max-video-preview":"max-video-preview:-1"},"canonical":"https:\/\/ticaret.edu.tr\/iktisat\/proje-destekler\/","og_locale":"tr_TR","og_type":"article","og_title":"Proje \/ Destekler","og_description":"AB D\u00f6ng\u00fcsel Ekonomi Politikalar\u0131 ve S\u00fcrd\u00fcr\u00fclebilirlik i\u00e7in Jean Monnet K\u00fcrs\u00fcs\u00fc\u00a0(Jean Monnet Chair for EU\u2019s Circular Economy Policies and Sustainability \u2013 CESPEU)\u00a0projesinin \u00e7evrim i\u00e7i a\u00e7\u0131l\u0131\u015f toplant\u0131s\u0131, 30 Ekim 2024 tarihinde yo\u011fun bir kat\u0131l\u0131mla ger\u00e7ekle\u015ftirildi. AB \u00e7evre politikalar\u0131 kapsam\u0131nda d\u00f6ng\u00fcsel ekonomi ve s\u00fcrd\u00fcr\u00fclebilirlik alan\u0131nda fark\u0131ndal\u0131\u011f\u0131 art\u0131rmay\u0131 hedefleyen CESPEU projesi, T\u00fcrkiye\u2019deki akademik ve profesyonel \u00e7evrelerden b\u00fcy\u00fck ilgi g\u00f6rd\u00fc. [&hellip;]","og_url":"https:\/\/ticaret.edu.tr\/iktisat\/proje-destekler\/","og_site_name":"\u0130ktisat","article_publisher":"https:\/\/www.facebook.com\/ticaretedutr","article_modified_time":"2026-02-11T00:34:00+00:00","og_image":[{"url":"http:\/\/ticaret.edu.tr\/iktisat\/wp-content\/uploads\/sites\/9\/2024\/12\/kapak.jpeg"}],"twitter_card":"summary_large_image","twitter_site":"@ticaretedutr","twitter_misc":{"Tahmini okuma s\u00fcresi":"4 dakika"},"schema":{"@context":"https:\/\/schema.org","@graph":[{"@type":"WebPage","@id":"https:\/\/ticaret.edu.tr\/iktisat\/proje-destekler\/","url":"https:\/\/ticaret.edu.tr\/iktisat\/proje-destekler\/","name":"Proje \/ Destekler - \u0130ktisat","isPartOf":{"@id":"http:\/\/ticaret.edu.tr\/iktisat\/en\/#website"},"datePublished":"2025-01-26T16:43:01+00:00","dateModified":"2026-02-11T00:34:00+00:00","breadcrumb":{"@id":"https:\/\/ticaret.edu.tr\/iktisat\/proje-destekler\/#breadcrumb"},"inLanguage":"tr","potentialAction":[{"@type":"ReadAction","target":["https:\/\/ticaret.edu.tr\/iktisat\/proje-destekler\/"]}]},{"@type":"BreadcrumbList","@id":"https:\/\/ticaret.edu.tr\/iktisat\/proje-destekler\/#breadcrumb","itemListElement":[{"@type":"ListItem","position":1,"name":"Ana sayfa","item":"https:\/\/ticaret.edu.tr\/iktisat\/"},{"@type":"ListItem","position":2,"name":"Proje \/ Destekler"}]},{"@type":"WebSite","@id":"http:\/\/ticaret.edu.tr\/iktisat\/en\/#website","url":"http:\/\/ticaret.edu.tr\/iktisat\/en\/","name":"\u0130ktisat","description":"","potentialAction":[{"@type":"SearchAction","target":{"@type":"EntryPoint","urlTemplate":"http:\/\/ticaret.edu.tr\/iktisat\/en\/?s={search_term_string}"},"query-input":"required name=search_term_string"}],"inLanguage":"tr"}]}},"lang":"tr","translations":{"en":1682,"tr":1679},"pll_sync_post":[],"_links":{"self":[{"href":"http:\/\/ticaret.edu.tr\/iktisat\/wp-json\/wp\/v2\/pages\/1679"}],"collection":[{"href":"http:\/\/ticaret.edu.tr\/iktisat\/wp-json\/wp\/v2\/pages"}],"about":[{"href":"http:\/\/ticaret.edu.tr\/iktisat\/wp-json\/wp\/v2\/types\/page"}],"author":[{"embeddable":true,"href":"http:\/\/ticaret.edu.tr\/iktisat\/wp-json\/wp\/v2\/users\/139"}],"replies":[{"embeddable":true,"href":"http:\/\/ticaret.edu.tr\/iktisat\/wp-json\/wp\/v2\/comments?post=1679"}],"version-history":[{"count":11,"href":"http:\/\/ticaret.edu.tr\/iktisat\/wp-json\/wp\/v2\/pages\/1679\/revisions"}],"predecessor-version":[{"id":2783,"href":"http:\/\/ticaret.edu.tr\/iktisat\/wp-json\/wp\/v2\/pages\/1679\/revisions\/2783"}],"wp:attachment":[{"href":"http:\/\/ticaret.edu.tr\/iktisat\/wp-json\/wp\/v2\/media?parent=1679"}],"curies":[{"name":"wp","href":"https:\/\/api.w.org\/{rel}","templated":true}]}}