{"id":1682,"date":"2025-01-26T19:43:12","date_gmt":"2025-01-26T16:43:12","guid":{"rendered":"https:\/\/ticaret.edu.tr\/iktisat\/?page_id=1682"},"modified":"2026-02-11T03:51:57","modified_gmt":"2026-02-11T00:51:57","slug":"projects-incentives","status":"publish","type":"page","link":"http:\/\/ticaret.edu.tr\/iktisat\/en\/projects-incentives\/","title":{"rendered":"Projects \/ Incentives"},"content":{"rendered":"<p data-start=\"1229\" data-end=\"1577\"><img loading=\"lazy\" decoding=\"async\" class=\"alignnone size-full wp-image-1267\" src=\"http:\/\/ticaret.edu.tr\/iktisat\/wp-content\/uploads\/sites\/9\/2024\/12\/kapak.jpeg\" alt=\"\" width=\"1131\" height=\"1600\" srcset=\"http:\/\/ticaret.edu.tr\/iktisat\/wp-content\/uploads\/sites\/9\/2024\/12\/kapak.jpeg 1131w, http:\/\/ticaret.edu.tr\/iktisat\/wp-content\/uploads\/sites\/9\/2024\/12\/kapak-212x300.jpeg 212w, http:\/\/ticaret.edu.tr\/iktisat\/wp-content\/uploads\/sites\/9\/2024\/12\/kapak-724x1024.jpeg 724w, http:\/\/ticaret.edu.tr\/iktisat\/wp-content\/uploads\/sites\/9\/2024\/12\/kapak-768x1086.jpeg 768w, http:\/\/ticaret.edu.tr\/iktisat\/wp-content\/uploads\/sites\/9\/2024\/12\/kapak-1086x1536.jpeg 1086w\" sizes=\"(max-width: 1131px) 100vw, 1131px\" \/>The online opening meeting of the Jean Monnet Chair for EU\u2019s Circular Economy Policies and Sustainability (CESPEU) project was held on October 30, 2024, with strong participation. The CESPEU project, which aims to raise awareness in the fields of circular economy and sustainability within the framework of EU environmental policies, attracted significant interest from academic and professional communities across T\u00fcrkiye.<\/p>\n<p data-start=\"512\" data-end=\"741\">Academics from various universities, undergraduate and graduate students, researchers, and private sector representatives attended the event. The event was successfully conducted with more than 100 participants in attendance.<\/p>\n<p>&nbsp;<\/p>\n<hr \/>\n<p>&nbsp;<\/p>\n<p data-start=\"512\" data-end=\"741\"><img loading=\"lazy\" decoding=\"async\" class=\"size-full wp-image-2222 aligncenter\" src=\"http:\/\/ticaret.edu.tr\/iktisat\/wp-content\/uploads\/sites\/9\/2025\/10\/TUBITAK-2209-Proje-Yazma-Atolyesi-Duyuru-Afisi.jpg\" alt=\"\" width=\"1080\" height=\"1080\" srcset=\"http:\/\/ticaret.edu.tr\/iktisat\/wp-content\/uploads\/sites\/9\/2025\/10\/TUBITAK-2209-Proje-Yazma-Atolyesi-Duyuru-Afisi.jpg 1080w, http:\/\/ticaret.edu.tr\/iktisat\/wp-content\/uploads\/sites\/9\/2025\/10\/TUBITAK-2209-Proje-Yazma-Atolyesi-Duyuru-Afisi-300x300.jpg 300w, http:\/\/ticaret.edu.tr\/iktisat\/wp-content\/uploads\/sites\/9\/2025\/10\/TUBITAK-2209-Proje-Yazma-Atolyesi-Duyuru-Afisi-1024x1024.jpg 1024w, http:\/\/ticaret.edu.tr\/iktisat\/wp-content\/uploads\/sites\/9\/2025\/10\/TUBITAK-2209-Proje-Yazma-Atolyesi-Duyuru-Afisi-150x150.jpg 150w, http:\/\/ticaret.edu.tr\/iktisat\/wp-content\/uploads\/sites\/9\/2025\/10\/TUBITAK-2209-Proje-Yazma-Atolyesi-Duyuru-Afisi-768x768.jpg 768w\" sizes=\"(max-width: 1080px) 100vw, 1080px\" \/><\/p>\n<p data-start=\"92\" data-end=\"314\">Applications have now opened for the <strong data-start=\"129\" data-end=\"231\">\u201c<\/strong>T\u00dcB\u0130TAK 2209 Project Writing Workshop \u2013 From Idea to Implementation: A 48-Hour Project Marathon,\u201d organized by the Istanbul Ticaret University Technology Transfer Office (TTO)<strong data-start=\"249\" data-end=\"314\">.<\/strong><\/p>\n<p data-start=\"316\" data-end=\"569\">The T\u00dcB\u0130TAK 2209 programs make a significant contribution to enhancing the scientific research skills of our undergraduate and associate degree students, fostering a culture of project-based thinking, and strengthening university\u2013industry collaboration.<\/p>\n<p data-start=\"571\" data-end=\"607\"><strong data-start=\"571\" data-end=\"581\">Venue:<\/strong> S\u00fctl\u00fcce, Sadabad Campus<\/p>\n<p data-start=\"609\" data-end=\"619\"><strong data-start=\"609\" data-end=\"619\">Dates:<\/strong><\/p>\n<p data-start=\"621\" data-end=\"699\">Group 1: October 22\u201323, 2025 | 18:00\u201320:00<br data-start=\"667\" data-end=\"670\" \/>Registration: <a href=\"https:\/\/tto.ticaret.edu.tr\/tr-TR\/Event\/72\">T\u0130CARET TTO<\/a><\/p>\n<p data-start=\"701\" data-end=\"779\">Group 2<strong data-start=\"701\" data-end=\"713\">:<\/strong> October 30\u201331, 2025 | 18:00\u201320:00<br data-start=\"747\" data-end=\"750\" \/>Registration: <strong data-start=\"764\" data-end=\"779\"><a href=\"https:\/\/tto.ticaret.edu.tr\/tr-TR\/Event\/74\">T\u0130CARET TTO<\/a><\/strong><\/p>\n<p data-start=\"781\" data-end=\"842\"><strong>Participants will receive a certificate of participation.<\/strong><\/p>\n<p data-start=\"844\" data-end=\"977\"><strong>The training will be conducted in person. Classroom details will be shared with registered participants. Capacity is limited.<\/strong><\/p>\n<p>&nbsp;<\/p>\n<hr \/>\n<p>&nbsp;<\/p>\n<p data-start=\"72\" data-end=\"200\"><img loading=\"lazy\" decoding=\"async\" class=\"alignnone size-full wp-image-739\" src=\"http:\/\/ticaret.edu.tr\/iktisat\/wp-content\/uploads\/sites\/9\/2022\/07\/Yapay_Zeka_Yogunlasma_Programi_TWITTER.jpg\" alt=\"\" width=\"1921\" height=\"1080\" srcset=\"http:\/\/ticaret.edu.tr\/iktisat\/wp-content\/uploads\/sites\/9\/2022\/07\/Yapay_Zeka_Yogunlasma_Programi_TWITTER.jpg 1921w, http:\/\/ticaret.edu.tr\/iktisat\/wp-content\/uploads\/sites\/9\/2022\/07\/Yapay_Zeka_Yogunlasma_Programi_TWITTER-300x169.jpg 300w, http:\/\/ticaret.edu.tr\/iktisat\/wp-content\/uploads\/sites\/9\/2022\/07\/Yapay_Zeka_Yogunlasma_Programi_TWITTER-1024x576.jpg 1024w, http:\/\/ticaret.edu.tr\/iktisat\/wp-content\/uploads\/sites\/9\/2022\/07\/Yapay_Zeka_Yogunlasma_Programi_TWITTER-768x432.jpg 768w, http:\/\/ticaret.edu.tr\/iktisat\/wp-content\/uploads\/sites\/9\/2022\/07\/Yapay_Zeka_Yogunlasma_Programi_TWITTER-1536x864.jpg 1536w\" sizes=\"(max-width: 1921px) 100vw, 1921px\" \/><\/p>\n<p data-start=\"72\" data-end=\"200\">Since 2022, our department has launched the \u201cArtificial Intelligence Concentration Program in Social Processes and Systems.\u201d<\/p>\n<p data-start=\"202\" data-end=\"745\">The aim of the program is to provide students with a strong theoretical foundation and high practical value, built around artificial intelligence and related methods, which represent one of the most influential approaches of the information age. Through a series of courses ranging from programming and artificial intelligence algorithms to modeling and simulation paradigms, as well as economics and business intelligence, students will develop highly functional, real-world\u2013oriented skills in problem solving and process improvement.<\/p>\n<p data-start=\"747\" data-end=\"1227\">Participation in the program is voluntary. For students who enroll, the program includes <strong>8 required elective courses and 4 optional elective courses<\/strong>. Students in the Department of Economics may fulfill both their elective course requirements and the Artificial Intelligence Concentration Program requirements by selecting 8 out of their 12 elective courses from the courses offered within this program. Therefore, the total number of courses required for graduation will not increase.<\/p>\n<p data-start=\"1229\" data-end=\"1577\">Students who successfully complete the Artificial Intelligence Concentration Program in Social Processes and Systems will receive a letter of reference from the Head of the Department of Economics, describing the artificial intelligence training they have acquired and the potential contributions of this training to the professional world.<\/p>\n<p>&nbsp;<\/p>\n<table style=\"width: 100%;border-collapse: collapse\" border=\"1\">\n<thead>\n<tr>\n<th style=\"padding: 12px;background-color: #ffd44e;text-align: center\" colspan=\"3\">Required Elective Courses Within the Artificial Intelligence Concentration Program<\/th>\n<\/tr>\n<\/thead>\n<thead>\n<tr>\n<th style=\"padding: 8px;text-align: center\">#<\/th>\n<th style=\"padding: 8px;text-align: center\">Course Code and Course Title<\/th>\n<th style=\"padding: 8px;text-align: center\">Semester<\/th>\n<\/tr>\n<\/thead>\n<tbody>\n<tr>\n<td style=\"padding: 8px;text-align: center;font-size: 0.9em\">1<\/td>\n<td style=\"padding: 8px;text-align: left;font-size: 0.9em\">IKT283 &#8211; R Programlama 1 \/ R Programming 1<\/td>\n<td style=\"padding: 8px;text-align: center;font-size: 0.9em\">Fall<\/td>\n<\/tr>\n<tr>\n<td style=\"padding: 8px;text-align: center;font-size: 0.9em\">2<\/td>\n<td style=\"padding: 8px;text-align: left;font-size: 0.9em\">IKT284 &#8211; R Programlama 2 \/ R Programming 2<\/td>\n<td style=\"padding: 8px;text-align: center;font-size: 0.9em\">Spring<\/td>\n<\/tr>\n<tr>\n<td style=\"padding: 8px;text-align: center;font-size: 0.9em\">3<\/td>\n<td style=\"padding: 8px;text-align: left;font-size: 0.9em\">IKT387 &#8211; Yapay Zek\u00e2 Algoritmalar\u0131 \/ Artificial Intelligence Algorithms<\/td>\n<td style=\"padding: 8px;text-align: center;font-size: 0.9em\">Fall<\/td>\n<\/tr>\n<tr>\n<td style=\"padding: 8px;text-align: center;font-size: 0.9em\">4<\/td>\n<td style=\"padding: 8px;text-align: left;font-size: 0.9em\">IKT388 &#8211; B\u00fcy\u00fck Veri Analiti\u011fi \/ Big Data Analytics<\/td>\n<td style=\"padding: 8px;text-align: center;font-size: 0.9em\">Spring<\/td>\n<\/tr>\n<tr>\n<td style=\"padding: 8px;text-align: center;font-size: 0.9em\">5<\/td>\n<td style=\"padding: 8px;text-align: left;font-size: 0.9em\">IKT485 &#8211; Sistem Dinami\u011fi Modellemesi ve Sim\u00fclasyonlar\u0131 \/ System Dynamics Modeling and Applications<\/td>\n<td style=\"padding: 8px;text-align: center;font-size: 0.9em\">Fall<\/td>\n<\/tr>\n<tr>\n<td style=\"padding: 8px;text-align: center;font-size: 0.9em\">6<\/td>\n<td style=\"padding: 8px;text-align: left;font-size: 0.9em\">IKT486 &#8211; \u0130ktisat ve \u0130\u015f Zekas\u0131 \/ Economics and Business Intelligence<\/td>\n<td style=\"padding: 8px;text-align: center;font-size: 0.9em\">Spring<\/td>\n<\/tr>\n<tr>\n<td style=\"padding: 8px;text-align: center;font-size: 0.9em\">7<\/td>\n<td style=\"padding: 8px;text-align: left;font-size: 0.9em\">IKT487 &#8211; Etmen\/Akt\u00f6r-Temelli Modelleme ve Sim\u00fclasyonlar \/ Agent-Based Modeling and Applications<\/td>\n<td style=\"padding: 8px;text-align: center;font-size: 0.9em\">Fall<\/td>\n<\/tr>\n<tr>\n<td style=\"padding: 8px;text-align: center;font-size: 0.9em\">8<\/td>\n<td style=\"padding: 8px;text-align: left;font-size: 0.9em\">IKT488 &#8211; Bilgi Teknolojilerinde Se\u00e7ili Konular \/ Selected Topics in Information Technology<\/td>\n<td style=\"padding: 8px;text-align: center;font-size: 0.9em\">Spring<\/td>\n<\/tr>\n<\/tbody>\n<thead>\n<tr>\n<th style=\"padding: 12px;background-color: #ffd44e;text-align: center\" colspan=\"3\">Optional Elective Courses Within the Artificial Intelligence Concentration Program<\/th>\n<\/tr>\n<\/thead>\n<thead>\n<tr>\n<th style=\"padding: 8px;text-align: center\">#<\/th>\n<th style=\"padding: 8px;text-align: center\">Course Code and Course Title<\/th>\n<th style=\"padding: 8px;text-align: center\">Semester<\/th>\n<\/tr>\n<\/thead>\n<tbody>\n<tr>\n<td style=\"padding: 8px;text-align: center;font-size: 0.9em\">1<\/td>\n<td style=\"padding: 8px;text-align: left;font-size: 0.9em\">IKT389 &#8211; Karma\u015f\u0131k Sistemler Teorisi ve Uygulamalar\u0131 \/ Complex Systems Theory and Applications<\/td>\n<td style=\"padding: 8px;text-align: center;font-size: 0.9em\">Fall<\/td>\n<\/tr>\n<tr>\n<td style=\"padding: 8px;text-align: center;font-size: 0.9em\">2<\/td>\n<td style=\"padding: 8px;text-align: left;font-size: 0.9em\">IKT390 &#8211; Mikro ve Makro S\u00fcre\u00e7 ve Sistem Tasar\u0131m\u0131 ve Uygulamalar\u0131 \/ Micro and Macro Process\/System Design and Applications<\/td>\n<td style=\"padding: 8px;text-align: center;font-size: 0.9em\">Spring<\/td>\n<\/tr>\n<tr>\n<td style=\"padding: 8px;text-align: center;font-size: 0.9em\">3<\/td>\n<td style=\"padding: 8px;text-align: left;font-size: 0.9em\">IKT489 &#8211; Oyun Teorisi \/ Game Theory<\/td>\n<td style=\"padding: 8px;text-align: center;font-size: 0.9em\">Fall<\/td>\n<\/tr>\n<tr>\n<td style=\"padding: 8px;text-align: center;font-size: 0.9em\">4<\/td>\n<td style=\"padding: 8px;text-align: left;font-size: 0.9em\">IKT490 &#8211; Hesaplama Teorisi \/ Computation Theory<\/td>\n<td style=\"padding: 8px;text-align: center;font-size: 0.9em\">Spring<\/td>\n<\/tr>\n<\/tbody>\n<\/table>\n","protected":false},"excerpt":{"rendered":"<p>The online opening meeting of the Jean Monnet Chair for EU\u2019s Circular Economy Policies and Sustainability (CESPEU) project was held on October 30, 2024, with strong participation. The CESPEU project, which aims to raise awareness in the fields of circular economy and sustainability within the framework of EU environmental policies, attracted significant interest from academic [&hellip;]<\/p>\n","protected":false},"author":139,"featured_media":0,"parent":0,"menu_order":0,"comment_status":"closed","ping_status":"closed","template":"genel_sayfa.php","meta":{"footnotes":""},"yoast_head":"<!-- This site is optimized with the Yoast SEO Premium plugin v22.1 (Yoast SEO v22.1) - https:\/\/yoast.com\/wordpress\/plugins\/seo\/ -->\n<title>Projects \/ Incentives - \u0130ktisat<\/title>\n<meta name=\"robots\" content=\"index, follow, max-snippet:-1, max-image-preview:large, max-video-preview:-1\" \/>\n<link rel=\"canonical\" href=\"https:\/\/ticaret.edu.tr\/iktisat\/en\/projects-incentives\/\" \/>\n<meta property=\"og:locale\" content=\"tr_TR\" \/>\n<meta property=\"og:type\" content=\"article\" \/>\n<meta property=\"og:title\" content=\"Projects \/ Incentives\" \/>\n<meta property=\"og:description\" content=\"The online opening meeting of the Jean Monnet Chair for EU\u2019s Circular Economy Policies and Sustainability (CESPEU) project was held on October 30, 2024, with strong participation. The CESPEU project, which aims to raise awareness in the fields of circular economy and sustainability within the framework of EU environmental policies, attracted significant interest from academic [&hellip;]\" \/>\n<meta property=\"og:url\" content=\"https:\/\/ticaret.edu.tr\/iktisat\/en\/projects-incentives\/\" \/>\n<meta property=\"og:site_name\" content=\"\u0130ktisat\" \/>\n<meta property=\"article:publisher\" content=\"https:\/\/www.facebook.com\/ticaretedutr\" \/>\n<meta property=\"article:modified_time\" content=\"2026-02-11T00:51:57+00:00\" \/>\n<meta property=\"og:image\" content=\"http:\/\/ticaret.edu.tr\/iktisat\/wp-content\/uploads\/sites\/9\/2024\/12\/kapak.jpeg\" \/>\n<meta name=\"twitter:card\" content=\"summary_large_image\" \/>\n<meta name=\"twitter:site\" content=\"@ticaretedutr\" \/>\n<meta name=\"twitter:label1\" content=\"Tahmini okuma s\u00fcresi\" \/>\n\t<meta name=\"twitter:data1\" content=\"5 dakika\" \/>\n<script type=\"application\/ld+json\" class=\"yoast-schema-graph\">{\"@context\":\"https:\/\/schema.org\",\"@graph\":[{\"@type\":\"WebPage\",\"@id\":\"https:\/\/ticaret.edu.tr\/iktisat\/en\/projects-incentives\/\",\"url\":\"https:\/\/ticaret.edu.tr\/iktisat\/en\/projects-incentives\/\",\"name\":\"Projects \/ Incentives - \u0130ktisat\",\"isPartOf\":{\"@id\":\"https:\/\/ticaret.edu.tr\/iktisat\/#website\"},\"datePublished\":\"2025-01-26T16:43:12+00:00\",\"dateModified\":\"2026-02-11T00:51:57+00:00\",\"breadcrumb\":{\"@id\":\"https:\/\/ticaret.edu.tr\/iktisat\/en\/projects-incentives\/#breadcrumb\"},\"inLanguage\":\"tr\",\"potentialAction\":[{\"@type\":\"ReadAction\",\"target\":[\"https:\/\/ticaret.edu.tr\/iktisat\/en\/projects-incentives\/\"]}]},{\"@type\":\"BreadcrumbList\",\"@id\":\"https:\/\/ticaret.edu.tr\/iktisat\/en\/projects-incentives\/#breadcrumb\",\"itemListElement\":[{\"@type\":\"ListItem\",\"position\":1,\"name\":\"Ana sayfa\",\"item\":\"https:\/\/ticaret.edu.tr\/iktisat\/\"},{\"@type\":\"ListItem\",\"position\":2,\"name\":\"Projects \/ Incentives\"}]},{\"@type\":\"WebSite\",\"@id\":\"https:\/\/ticaret.edu.tr\/iktisat\/#website\",\"url\":\"https:\/\/ticaret.edu.tr\/iktisat\/\",\"name\":\"\u0130ktisat\",\"description\":\"\",\"potentialAction\":[{\"@type\":\"SearchAction\",\"target\":{\"@type\":\"EntryPoint\",\"urlTemplate\":\"https:\/\/ticaret.edu.tr\/iktisat\/?s={search_term_string}\"},\"query-input\":\"required name=search_term_string\"}],\"inLanguage\":\"tr\"}]}<\/script>\n<!-- \/ Yoast SEO Premium plugin. -->","yoast_head_json":{"title":"Projects \/ Incentives - \u0130ktisat","robots":{"index":"index","follow":"follow","max-snippet":"max-snippet:-1","max-image-preview":"max-image-preview:large","max-video-preview":"max-video-preview:-1"},"canonical":"https:\/\/ticaret.edu.tr\/iktisat\/en\/projects-incentives\/","og_locale":"tr_TR","og_type":"article","og_title":"Projects \/ Incentives","og_description":"The online opening meeting of the Jean Monnet Chair for EU\u2019s Circular Economy Policies and Sustainability (CESPEU) project was held on October 30, 2024, with strong participation. The CESPEU project, which aims to raise awareness in the fields of circular economy and sustainability within the framework of EU environmental policies, attracted significant interest from academic [&hellip;]","og_url":"https:\/\/ticaret.edu.tr\/iktisat\/en\/projects-incentives\/","og_site_name":"\u0130ktisat","article_publisher":"https:\/\/www.facebook.com\/ticaretedutr","article_modified_time":"2026-02-11T00:51:57+00:00","og_image":[{"url":"http:\/\/ticaret.edu.tr\/iktisat\/wp-content\/uploads\/sites\/9\/2024\/12\/kapak.jpeg"}],"twitter_card":"summary_large_image","twitter_site":"@ticaretedutr","twitter_misc":{"Tahmini okuma s\u00fcresi":"5 dakika"},"schema":{"@context":"https:\/\/schema.org","@graph":[{"@type":"WebPage","@id":"https:\/\/ticaret.edu.tr\/iktisat\/en\/projects-incentives\/","url":"https:\/\/ticaret.edu.tr\/iktisat\/en\/projects-incentives\/","name":"Projects \/ Incentives - \u0130ktisat","isPartOf":{"@id":"https:\/\/ticaret.edu.tr\/iktisat\/#website"},"datePublished":"2025-01-26T16:43:12+00:00","dateModified":"2026-02-11T00:51:57+00:00","breadcrumb":{"@id":"https:\/\/ticaret.edu.tr\/iktisat\/en\/projects-incentives\/#breadcrumb"},"inLanguage":"tr","potentialAction":[{"@type":"ReadAction","target":["https:\/\/ticaret.edu.tr\/iktisat\/en\/projects-incentives\/"]}]},{"@type":"BreadcrumbList","@id":"https:\/\/ticaret.edu.tr\/iktisat\/en\/projects-incentives\/#breadcrumb","itemListElement":[{"@type":"ListItem","position":1,"name":"Ana sayfa","item":"https:\/\/ticaret.edu.tr\/iktisat\/"},{"@type":"ListItem","position":2,"name":"Projects \/ Incentives"}]},{"@type":"WebSite","@id":"https:\/\/ticaret.edu.tr\/iktisat\/#website","url":"https:\/\/ticaret.edu.tr\/iktisat\/","name":"\u0130ktisat","description":"","potentialAction":[{"@type":"SearchAction","target":{"@type":"EntryPoint","urlTemplate":"https:\/\/ticaret.edu.tr\/iktisat\/?s={search_term_string}"},"query-input":"required name=search_term_string"}],"inLanguage":"tr"}]}},"lang":"en","translations":{"en":1682,"tr":1679},"pll_sync_post":[],"_links":{"self":[{"href":"http:\/\/ticaret.edu.tr\/iktisat\/wp-json\/wp\/v2\/pages\/1682"}],"collection":[{"href":"http:\/\/ticaret.edu.tr\/iktisat\/wp-json\/wp\/v2\/pages"}],"about":[{"href":"http:\/\/ticaret.edu.tr\/iktisat\/wp-json\/wp\/v2\/types\/page"}],"author":[{"embeddable":true,"href":"http:\/\/ticaret.edu.tr\/iktisat\/wp-json\/wp\/v2\/users\/139"}],"replies":[{"embeddable":true,"href":"http:\/\/ticaret.edu.tr\/iktisat\/wp-json\/wp\/v2\/comments?post=1682"}],"version-history":[{"count":7,"href":"http:\/\/ticaret.edu.tr\/iktisat\/wp-json\/wp\/v2\/pages\/1682\/revisions"}],"predecessor-version":[{"id":2784,"href":"http:\/\/ticaret.edu.tr\/iktisat\/wp-json\/wp\/v2\/pages\/1682\/revisions\/2784"}],"wp:attachment":[{"href":"http:\/\/ticaret.edu.tr\/iktisat\/wp-json\/wp\/v2\/media?parent=1682"}],"curies":[{"name":"wp","href":"https:\/\/api.w.org\/{rel}","templated":true}]}}