{"id":1687,"date":"2025-01-26T19:43:35","date_gmt":"2025-01-26T16:43:35","guid":{"rendered":"https:\/\/ticaret.edu.tr\/iktisat\/?page_id=1687"},"modified":"2026-02-13T11:47:26","modified_gmt":"2026-02-13T08:47:26","slug":"research-areas","status":"publish","type":"page","link":"http:\/\/ticaret.edu.tr\/iktisat\/en\/research-areas\/","title":{"rendered":"Research Areas"},"content":{"rendered":"<p>You can access the research areas of our academic staff through the links below:<\/p>\n<p>&nbsp;<\/p>\n<table style=\"width: 100%;border-collapse: collapse\" border=\"1\">\n<thead>\n<tr>\n<th style=\"padding: 10px;background-color: #ffd44e\">Faculty Member<\/th>\n<th style=\"padding: 10px;background-color: #ffd44e\">Research Areas Page<\/th>\n<\/tr>\n<\/thead>\n<tbody>\n<tr>\n<td style=\"padding: 10px;text-align: left\">Prof. Dr. Bet\u00fcl G\u00dcR<\/td>\n<td style=\"padding: 10px;text-align: left\"><a style=\"color: blue;text-decoration: underline\" href=\"https:\/\/avesis.ticaret.edu.tr\/bgur\/arastirma\"> https:\/\/avesis.ticaret.edu.tr\/bgur\/arastirma<\/a><\/td>\n<\/tr>\n<tr>\n<td style=\"padding: 10px;text-align: left\">Prof. Dr. Naz\u0131m EKREN<\/td>\n<td style=\"padding: 10px;text-align: left\"><a style=\"color: blue;text-decoration: underline\" href=\"https:\/\/avesis.ticaret.edu.tr\/nazimekren\/arastirma\">https:\/\/avesis.ticaret.edu.tr\/nazimekren\/arastirma<\/a><\/td>\n<\/tr>\n<tr>\n<td style=\"padding: 10px;text-align: left\">Prof. Dr. Rahmi Deniz \u00d6ZBAY<\/td>\n<td style=\"padding: 10px;text-align: left\"><a style=\"color: blue;text-decoration: underline\" href=\"https:\/\/avesis.ticaret.edu.tr\/rdozbay\/arastirma\">https:\/\/avesis.ticaret.edu.tr\/rdozbay\/arastirma<\/a><\/td>\n<\/tr>\n<tr>\n<td style=\"padding: 10px;text-align: left\">Do\u00e7. Dr. G\u00fcldenur \u00c7ET\u0130N<\/td>\n<td style=\"padding: 10px;text-align: left\"><a style=\"color: blue;text-decoration: underline\" href=\"https:\/\/avesis.ticaret.edu.tr\/gadiguzel\/arastirma\">https:\/\/avesis.ticaret.edu.tr\/gadiguzel\/arastirma<\/a><\/td>\n<\/tr>\n<tr>\n<td style=\"padding: 10px;text-align: left\">Do\u00e7. Dr. Muhittin ADIG\u00dcZEL<\/td>\n<td style=\"padding: 10px;text-align: left\"><a style=\"color: blue;text-decoration: underline\" href=\"https:\/\/avesis.ticaret.edu.tr\/madiguzel\/arastirma\">https:\/\/avesis.ticaret.edu.tr\/madiguzel\/arastirma<\/a><\/td>\n<\/tr>\n<tr>\n<td style=\"padding: 10px;text-align: left\">Do\u00e7. Dr. \u015eefik MEM\u0130\u015e<\/td>\n<td style=\"padding: 10px;text-align: left\"><a style=\"color: blue;text-decoration: underline\" href=\"https:\/\/avesis.ticaret.edu.tr\/smemis\/arastirma\">https:\/\/avesis.ticaret.edu.tr\/smemis\/arastirma<\/a><\/td>\n<\/tr>\n<tr>\n<td style=\"padding: 10px;text-align: left\">Dr. \u00d6\u011fr. \u00dcyesi Tu\u011frul ARIK<\/td>\n<td style=\"padding: 10px;text-align: left\"><a style=\"color: blue;text-decoration: underline\" href=\"https:\/\/avesis.ticaret.edu.tr\/tarik\/arastirma\">https:\/\/avesis.ticaret.edu.tr\/tarik\/arastirma<\/a><\/td>\n<\/tr>\n<tr>\n<td style=\"padding: 10px;text-align: left\">Ar\u015f. G\u00f6r. Sercan YILDIZ<\/td>\n<td style=\"padding: 10px;text-align: left\"><a style=\"color: blue;text-decoration: underline\" href=\"https:\/\/avesis.ticaret.edu.tr\/sercanyildiz\/arastirma\">https:\/\/avesis.ticaret.edu.tr\/sercanyildiz\/arastirma<\/a><\/td>\n<\/tr>\n<tr>\n<td style=\"padding: 10px;text-align: left\">Ar\u015f. G\u00f6r. Burak Kaan \u00d6Z\u00c7EL\u0130K<\/td>\n<td style=\"padding: 10px;text-align: left\"><a style=\"color: blue;text-decoration: underline\" href=\"https:\/\/avesis.ticaret.edu.tr\/bkozcelik\/arastirma\">https:\/\/avesis.ticaret.edu.tr\/bkozcelik\/arastirma<\/a><\/td>\n<\/tr>\n<\/tbody>\n<\/table>\n","protected":false},"excerpt":{"rendered":"<p>You can access the research areas of our academic staff through the links below: &nbsp; Faculty Member Research Areas Page Prof. Dr. Bet\u00fcl G\u00dcR https:\/\/avesis.ticaret.edu.tr\/bgur\/arastirma Prof. Dr. Naz\u0131m EKREN https:\/\/avesis.ticaret.edu.tr\/nazimekren\/arastirma Prof. Dr. Rahmi Deniz \u00d6ZBAY https:\/\/avesis.ticaret.edu.tr\/rdozbay\/arastirma Do\u00e7. Dr. G\u00fcldenur \u00c7ET\u0130N https:\/\/avesis.ticaret.edu.tr\/gadiguzel\/arastirma Do\u00e7. Dr. Muhittin ADIG\u00dcZEL https:\/\/avesis.ticaret.edu.tr\/madiguzel\/arastirma Do\u00e7. Dr. \u015eefik MEM\u0130\u015e https:\/\/avesis.ticaret.edu.tr\/smemis\/arastirma Dr. \u00d6\u011fr. \u00dcyesi Tu\u011frul [&hellip;]<\/p>\n","protected":false},"author":139,"featured_media":0,"parent":0,"menu_order":0,"comment_status":"closed","ping_status":"closed","template":"genel_sayfa.php","meta":{"footnotes":""},"yoast_head":"<!-- This site is optimized with the Yoast SEO Premium plugin v22.1 (Yoast SEO v22.1) - https:\/\/yoast.com\/wordpress\/plugins\/seo\/ -->\n<title>Research Areas - \u0130ktisat<\/title>\n<meta name=\"robots\" content=\"index, follow, max-snippet:-1, max-image-preview:large, max-video-preview:-1\" \/>\n<link rel=\"canonical\" href=\"http:\/\/ticaret.edu.tr\/iktisat\/en\/research-areas\/\" \/>\n<meta property=\"og:locale\" content=\"tr_TR\" \/>\n<meta property=\"og:type\" content=\"article\" \/>\n<meta property=\"og:title\" content=\"Research Areas\" \/>\n<meta property=\"og:description\" content=\"You can access the research areas of our academic staff through the links below: &nbsp; Faculty Member Research Areas Page Prof. Dr. Bet\u00fcl G\u00dcR https:\/\/avesis.ticaret.edu.tr\/bgur\/arastirma Prof. Dr. Naz\u0131m EKREN https:\/\/avesis.ticaret.edu.tr\/nazimekren\/arastirma Prof. Dr. Rahmi Deniz \u00d6ZBAY https:\/\/avesis.ticaret.edu.tr\/rdozbay\/arastirma Do\u00e7. Dr. G\u00fcldenur \u00c7ET\u0130N https:\/\/avesis.ticaret.edu.tr\/gadiguzel\/arastirma Do\u00e7. Dr. Muhittin ADIG\u00dcZEL https:\/\/avesis.ticaret.edu.tr\/madiguzel\/arastirma Do\u00e7. Dr. \u015eefik MEM\u0130\u015e https:\/\/avesis.ticaret.edu.tr\/smemis\/arastirma Dr. \u00d6\u011fr. \u00dcyesi Tu\u011frul [&hellip;]\" \/>\n<meta property=\"og:url\" content=\"http:\/\/ticaret.edu.tr\/iktisat\/en\/research-areas\/\" \/>\n<meta property=\"og:site_name\" content=\"\u0130ktisat\" \/>\n<meta property=\"article:publisher\" content=\"https:\/\/www.facebook.com\/ticaretedutr\" \/>\n<meta property=\"article:modified_time\" content=\"2026-02-13T08:47:26+00:00\" \/>\n<meta property=\"og:image\" content=\"http:\/\/ticaret.edu.tr\/iktisat\/wp-content\/uploads\/sites\/9\/2021\/11\/web_logo-01.jpg\" \/>\n\t<meta property=\"og:image:width\" content=\"1250\" \/>\n\t<meta property=\"og:image:height\" content=\"833\" \/>\n\t<meta property=\"og:image:type\" content=\"image\/jpeg\" \/>\n<meta name=\"twitter:card\" content=\"summary_large_image\" \/>\n<meta name=\"twitter:site\" content=\"@ticaretedutr\" \/>\n<meta name=\"twitter:label1\" content=\"Tahmini okuma s\u00fcresi\" \/>\n\t<meta name=\"twitter:data1\" content=\"1 dakika\" \/>\n<script type=\"application\/ld+json\" class=\"yoast-schema-graph\">{\"@context\":\"https:\/\/schema.org\",\"@graph\":[{\"@type\":\"WebPage\",\"@id\":\"http:\/\/ticaret.edu.tr\/iktisat\/en\/research-areas\/\",\"url\":\"http:\/\/ticaret.edu.tr\/iktisat\/en\/research-areas\/\",\"name\":\"Research Areas - \u0130ktisat\",\"isPartOf\":{\"@id\":\"https:\/\/ticaret.edu.tr\/iktisat\/#website\"},\"datePublished\":\"2025-01-26T16:43:35+00:00\",\"dateModified\":\"2026-02-13T08:47:26+00:00\",\"breadcrumb\":{\"@id\":\"http:\/\/ticaret.edu.tr\/iktisat\/en\/research-areas\/#breadcrumb\"},\"inLanguage\":\"tr\",\"potentialAction\":[{\"@type\":\"ReadAction\",\"target\":[\"http:\/\/ticaret.edu.tr\/iktisat\/en\/research-areas\/\"]}]},{\"@type\":\"BreadcrumbList\",\"@id\":\"http:\/\/ticaret.edu.tr\/iktisat\/en\/research-areas\/#breadcrumb\",\"itemListElement\":[{\"@type\":\"ListItem\",\"position\":1,\"name\":\"Ana sayfa\",\"item\":\"https:\/\/ticaret.edu.tr\/iktisat\/\"},{\"@type\":\"ListItem\",\"position\":2,\"name\":\"Research Areas\"}]},{\"@type\":\"WebSite\",\"@id\":\"https:\/\/ticaret.edu.tr\/iktisat\/#website\",\"url\":\"https:\/\/ticaret.edu.tr\/iktisat\/\",\"name\":\"\u0130ktisat\",\"description\":\"\",\"potentialAction\":[{\"@type\":\"SearchAction\",\"target\":{\"@type\":\"EntryPoint\",\"urlTemplate\":\"https:\/\/ticaret.edu.tr\/iktisat\/?s={search_term_string}\"},\"query-input\":\"required name=search_term_string\"}],\"inLanguage\":\"tr\"}]}<\/script>\n<!-- \/ Yoast SEO Premium plugin. -->","yoast_head_json":{"title":"Research Areas - \u0130ktisat","robots":{"index":"index","follow":"follow","max-snippet":"max-snippet:-1","max-image-preview":"max-image-preview:large","max-video-preview":"max-video-preview:-1"},"canonical":"http:\/\/ticaret.edu.tr\/iktisat\/en\/research-areas\/","og_locale":"tr_TR","og_type":"article","og_title":"Research Areas","og_description":"You can access the research areas of our academic staff through the links below: &nbsp; Faculty Member Research Areas Page Prof. Dr. Bet\u00fcl G\u00dcR https:\/\/avesis.ticaret.edu.tr\/bgur\/arastirma Prof. Dr. Naz\u0131m EKREN https:\/\/avesis.ticaret.edu.tr\/nazimekren\/arastirma Prof. Dr. Rahmi Deniz \u00d6ZBAY https:\/\/avesis.ticaret.edu.tr\/rdozbay\/arastirma Do\u00e7. Dr. G\u00fcldenur \u00c7ET\u0130N https:\/\/avesis.ticaret.edu.tr\/gadiguzel\/arastirma Do\u00e7. Dr. Muhittin ADIG\u00dcZEL https:\/\/avesis.ticaret.edu.tr\/madiguzel\/arastirma Do\u00e7. Dr. \u015eefik MEM\u0130\u015e https:\/\/avesis.ticaret.edu.tr\/smemis\/arastirma Dr. \u00d6\u011fr. \u00dcyesi Tu\u011frul [&hellip;]","og_url":"http:\/\/ticaret.edu.tr\/iktisat\/en\/research-areas\/","og_site_name":"\u0130ktisat","article_publisher":"https:\/\/www.facebook.com\/ticaretedutr","article_modified_time":"2026-02-13T08:47:26+00:00","og_image":[{"width":1250,"height":833,"url":"http:\/\/ticaret.edu.tr\/iktisat\/wp-content\/uploads\/sites\/9\/2021\/11\/web_logo-01.jpg","type":"image\/jpeg"}],"twitter_card":"summary_large_image","twitter_site":"@ticaretedutr","twitter_misc":{"Tahmini okuma s\u00fcresi":"1 dakika"},"schema":{"@context":"https:\/\/schema.org","@graph":[{"@type":"WebPage","@id":"http:\/\/ticaret.edu.tr\/iktisat\/en\/research-areas\/","url":"http:\/\/ticaret.edu.tr\/iktisat\/en\/research-areas\/","name":"Research Areas - \u0130ktisat","isPartOf":{"@id":"https:\/\/ticaret.edu.tr\/iktisat\/#website"},"datePublished":"2025-01-26T16:43:35+00:00","dateModified":"2026-02-13T08:47:26+00:00","breadcrumb":{"@id":"http:\/\/ticaret.edu.tr\/iktisat\/en\/research-areas\/#breadcrumb"},"inLanguage":"tr","potentialAction":[{"@type":"ReadAction","target":["http:\/\/ticaret.edu.tr\/iktisat\/en\/research-areas\/"]}]},{"@type":"BreadcrumbList","@id":"http:\/\/ticaret.edu.tr\/iktisat\/en\/research-areas\/#breadcrumb","itemListElement":[{"@type":"ListItem","position":1,"name":"Ana sayfa","item":"https:\/\/ticaret.edu.tr\/iktisat\/"},{"@type":"ListItem","position":2,"name":"Research Areas"}]},{"@type":"WebSite","@id":"https:\/\/ticaret.edu.tr\/iktisat\/#website","url":"https:\/\/ticaret.edu.tr\/iktisat\/","name":"\u0130ktisat","description":"","potentialAction":[{"@type":"SearchAction","target":{"@type":"EntryPoint","urlTemplate":"https:\/\/ticaret.edu.tr\/iktisat\/?s={search_term_string}"},"query-input":"required name=search_term_string"}],"inLanguage":"tr"}]}},"lang":"en","translations":{"en":1687,"tr":1685},"pll_sync_post":[],"_links":{"self":[{"href":"http:\/\/ticaret.edu.tr\/iktisat\/wp-json\/wp\/v2\/pages\/1687"}],"collection":[{"href":"http:\/\/ticaret.edu.tr\/iktisat\/wp-json\/wp\/v2\/pages"}],"about":[{"href":"http:\/\/ticaret.edu.tr\/iktisat\/wp-json\/wp\/v2\/types\/page"}],"author":[{"embeddable":true,"href":"http:\/\/ticaret.edu.tr\/iktisat\/wp-json\/wp\/v2\/users\/139"}],"replies":[{"embeddable":true,"href":"http:\/\/ticaret.edu.tr\/iktisat\/wp-json\/wp\/v2\/comments?post=1687"}],"version-history":[{"count":2,"href":"http:\/\/ticaret.edu.tr\/iktisat\/wp-json\/wp\/v2\/pages\/1687\/revisions"}],"predecessor-version":[{"id":2790,"href":"http:\/\/ticaret.edu.tr\/iktisat\/wp-json\/wp\/v2\/pages\/1687\/revisions\/2790"}],"wp:attachment":[{"href":"http:\/\/ticaret.edu.tr\/iktisat\/wp-json\/wp\/v2\/media?parent=1687"}],"curies":[{"name":"wp","href":"https:\/\/api.w.org\/{rel}","templated":true}]}}