{"id":1691,"date":"2025-01-26T19:43:59","date_gmt":"2025-01-26T16:43:59","guid":{"rendered":"https:\/\/ticaret.edu.tr\/iktisat\/?page_id=1691"},"modified":"2026-02-13T11:50:26","modified_gmt":"2026-02-13T08:50:26","slug":"publications","status":"publish","type":"page","link":"http:\/\/ticaret.edu.tr\/iktisat\/en\/publications\/","title":{"rendered":"Publications"},"content":{"rendered":"<p>You can access the publications of our academic staff through the links below:<\/p>\n<p>&nbsp;<\/p>\n<table style=\"width: 100%;border-collapse: collapse\" border=\"1\">\n<thead>\n<tr>\n<th style=\"padding: 10px;background-color: #ffd44e\">Faculty Member<\/th>\n<th style=\"padding: 10px;background-color: #ffd44e\">Publications Page<\/th>\n<\/tr>\n<\/thead>\n<tbody>\n<tr>\n<td style=\"padding: 10px;text-align: left\">Prof. Dr. Bet\u00fcl G\u00dcR<\/td>\n<td style=\"padding: 10px;text-align: left\"><a style=\"color: blue;text-decoration: underline\" href=\"https:\/\/avesis.ticaret.edu.tr\/bgur\/yayinlar\">https:\/\/avesis.ticaret.edu.tr\/bgur\/yayinlar<\/a><\/td>\n<\/tr>\n<tr>\n<td style=\"padding: 10px;text-align: left\">Prof. Dr. Naz\u0131m EKREN<\/td>\n<td style=\"padding: 10px;text-align: left\"><a style=\"color: blue;text-decoration: underline\" href=\"https:\/\/avesis.ticaret.edu.tr\/nazimekren\/yayinlar\">https:\/\/avesis.ticaret.edu.tr\/nazimekren\/yayinlar<\/a><\/td>\n<\/tr>\n<tr>\n<td style=\"padding: 10px;text-align: left\">Prof. Dr. Rahmi Deniz \u00d6ZBAY<\/td>\n<td style=\"padding: 10px;text-align: left\"><a style=\"color: blue;text-decoration: underline\" href=\"https:\/\/avesis.ticaret.edu.tr\/rdozbay\/yayinlar\">https:\/\/avesis.ticaret.edu.tr\/rdozbay\/yayinlar<\/a><\/td>\n<\/tr>\n<tr>\n<td style=\"padding: 10px;text-align: left\">Do\u00e7. Dr. G\u00fcldenur \u00c7ET\u0130N<\/td>\n<td style=\"padding: 10px;text-align: left\"><a style=\"color: blue;text-decoration: underline\" href=\"https:\/\/avesis.ticaret.edu.tr\/gadiguzel\/yayinlar\">https:\/\/avesis.ticaret.edu.tr\/gadiguzel\/yayinlar<\/a><\/td>\n<\/tr>\n<tr>\n<td style=\"padding: 10px;text-align: left\">Do\u00e7. Dr. Muhittin ADIG\u00dcZEL<\/td>\n<td style=\"padding: 10px;text-align: left\"><a style=\"color: blue;text-decoration: underline\" href=\"https:\/\/avesis.ticaret.edu.tr\/madiguzel\/yayinlar\">https:\/\/avesis.ticaret.edu.tr\/madiguzel\/yayinlar<\/a><\/td>\n<\/tr>\n<tr>\n<td style=\"padding: 10px;text-align: left\">Do\u00e7. Dr. \u015eefik MEM\u0130\u015e<\/td>\n<td style=\"padding: 10px;text-align: left\"><a style=\"color: blue;text-decoration: underline\" href=\"https:\/\/avesis.ticaret.edu.tr\/smemis\/yayinlar\">https:\/\/avesis.ticaret.edu.tr\/smemis\/yayinlar<\/a><\/td>\n<\/tr>\n<tr>\n<td style=\"padding: 10px;text-align: left\">Dr. \u00d6\u011fr. \u00dcyesi Tu\u011frul ARIK<\/td>\n<td style=\"padding: 10px;text-align: left\"><a style=\"color: blue;text-decoration: underline\" href=\"https:\/\/avesis.ticaret.edu.tr\/tarik\/yayinlar\">https:\/\/avesis.ticaret.edu.tr\/tarik\/yayinlar<\/a><\/td>\n<\/tr>\n<tr>\n<td style=\"padding: 10px;text-align: left\">Ar\u015f. G\u00f6r. Sercan YILDIZ<\/td>\n<td style=\"padding: 10px;text-align: left\"><a style=\"color: blue;text-decoration: underline\" href=\"https:\/\/avesis.ticaret.edu.tr\/sercanyildiz\/yayinlar\">https:\/\/avesis.ticaret.edu.tr\/sercanyildiz\/yayinlar<\/a><\/td>\n<\/tr>\n<tr>\n<td style=\"padding: 10px;text-align: left\">Ar\u015f. G\u00f6r. Burak Kaan \u00d6Z\u00c7EL\u0130K<\/td>\n<td style=\"padding: 10px;text-align: left\"><a style=\"color: blue;text-decoration: underline\" href=\"https:\/\/avesis.ticaret.edu.tr\/bkozcelik\/yayinlar\">https:\/\/avesis.ticaret.edu.tr\/bkozcelik\/yayinlar<\/a><\/td>\n<\/tr>\n<\/tbody>\n<\/table>\n","protected":false},"excerpt":{"rendered":"<p>You can access the publications of our academic staff through the links below: &nbsp; Faculty Member Publications Page Prof. Dr. Bet\u00fcl G\u00dcR https:\/\/avesis.ticaret.edu.tr\/bgur\/yayinlar Prof. Dr. Naz\u0131m EKREN https:\/\/avesis.ticaret.edu.tr\/nazimekren\/yayinlar Prof. Dr. Rahmi Deniz \u00d6ZBAY https:\/\/avesis.ticaret.edu.tr\/rdozbay\/yayinlar Do\u00e7. Dr. G\u00fcldenur \u00c7ET\u0130N https:\/\/avesis.ticaret.edu.tr\/gadiguzel\/yayinlar Do\u00e7. Dr. Muhittin ADIG\u00dcZEL https:\/\/avesis.ticaret.edu.tr\/madiguzel\/yayinlar Do\u00e7. Dr. \u015eefik MEM\u0130\u015e https:\/\/avesis.ticaret.edu.tr\/smemis\/yayinlar Dr. \u00d6\u011fr. \u00dcyesi Tu\u011frul ARIK https:\/\/avesis.ticaret.edu.tr\/tarik\/yayinlar [&hellip;]<\/p>\n","protected":false},"author":139,"featured_media":0,"parent":0,"menu_order":0,"comment_status":"closed","ping_status":"closed","template":"genel_sayfa.php","meta":{"footnotes":""},"yoast_head":"<!-- This site is optimized with the Yoast SEO Premium plugin v22.1 (Yoast SEO v22.1) - https:\/\/yoast.com\/wordpress\/plugins\/seo\/ -->\n<title>Publications - \u0130ktisat<\/title>\n<meta name=\"robots\" content=\"index, follow, max-snippet:-1, max-image-preview:large, max-video-preview:-1\" \/>\n<link rel=\"canonical\" href=\"https:\/\/ticaret.edu.tr\/iktisat\/en\/publications\/\" \/>\n<meta property=\"og:locale\" content=\"tr_TR\" \/>\n<meta property=\"og:type\" content=\"article\" \/>\n<meta property=\"og:title\" content=\"Publications\" \/>\n<meta property=\"og:description\" content=\"You can access the publications of our academic staff through the links below: &nbsp; Faculty Member Publications Page Prof. Dr. Bet\u00fcl G\u00dcR https:\/\/avesis.ticaret.edu.tr\/bgur\/yayinlar Prof. Dr. Naz\u0131m EKREN https:\/\/avesis.ticaret.edu.tr\/nazimekren\/yayinlar Prof. Dr. Rahmi Deniz \u00d6ZBAY https:\/\/avesis.ticaret.edu.tr\/rdozbay\/yayinlar Do\u00e7. Dr. G\u00fcldenur \u00c7ET\u0130N https:\/\/avesis.ticaret.edu.tr\/gadiguzel\/yayinlar Do\u00e7. Dr. Muhittin ADIG\u00dcZEL https:\/\/avesis.ticaret.edu.tr\/madiguzel\/yayinlar Do\u00e7. Dr. \u015eefik MEM\u0130\u015e https:\/\/avesis.ticaret.edu.tr\/smemis\/yayinlar Dr. \u00d6\u011fr. \u00dcyesi Tu\u011frul ARIK https:\/\/avesis.ticaret.edu.tr\/tarik\/yayinlar [&hellip;]\" \/>\n<meta property=\"og:url\" content=\"https:\/\/ticaret.edu.tr\/iktisat\/en\/publications\/\" \/>\n<meta property=\"og:site_name\" content=\"\u0130ktisat\" \/>\n<meta property=\"article:publisher\" content=\"https:\/\/www.facebook.com\/ticaretedutr\" \/>\n<meta property=\"article:modified_time\" content=\"2026-02-13T08:50:26+00:00\" \/>\n<meta property=\"og:image\" content=\"http:\/\/ticaret.edu.tr\/iktisat\/wp-content\/uploads\/sites\/9\/2021\/11\/web_logo-01.jpg\" \/>\n\t<meta property=\"og:image:width\" content=\"1250\" \/>\n\t<meta property=\"og:image:height\" content=\"833\" \/>\n\t<meta property=\"og:image:type\" content=\"image\/jpeg\" \/>\n<meta name=\"twitter:card\" content=\"summary_large_image\" \/>\n<meta name=\"twitter:site\" content=\"@ticaretedutr\" \/>\n<meta name=\"twitter:label1\" content=\"Tahmini okuma s\u00fcresi\" \/>\n\t<meta name=\"twitter:data1\" content=\"1 dakika\" \/>\n<script type=\"application\/ld+json\" class=\"yoast-schema-graph\">{\"@context\":\"https:\/\/schema.org\",\"@graph\":[{\"@type\":\"WebPage\",\"@id\":\"https:\/\/ticaret.edu.tr\/iktisat\/en\/publications\/\",\"url\":\"https:\/\/ticaret.edu.tr\/iktisat\/en\/publications\/\",\"name\":\"Publications - \u0130ktisat\",\"isPartOf\":{\"@id\":\"https:\/\/ticaret.edu.tr\/iktisat\/#website\"},\"datePublished\":\"2025-01-26T16:43:59+00:00\",\"dateModified\":\"2026-02-13T08:50:26+00:00\",\"breadcrumb\":{\"@id\":\"https:\/\/ticaret.edu.tr\/iktisat\/en\/publications\/#breadcrumb\"},\"inLanguage\":\"tr\",\"potentialAction\":[{\"@type\":\"ReadAction\",\"target\":[\"https:\/\/ticaret.edu.tr\/iktisat\/en\/publications\/\"]}]},{\"@type\":\"BreadcrumbList\",\"@id\":\"https:\/\/ticaret.edu.tr\/iktisat\/en\/publications\/#breadcrumb\",\"itemListElement\":[{\"@type\":\"ListItem\",\"position\":1,\"name\":\"Ana sayfa\",\"item\":\"https:\/\/ticaret.edu.tr\/iktisat\/\"},{\"@type\":\"ListItem\",\"position\":2,\"name\":\"Publications\"}]},{\"@type\":\"WebSite\",\"@id\":\"https:\/\/ticaret.edu.tr\/iktisat\/#website\",\"url\":\"https:\/\/ticaret.edu.tr\/iktisat\/\",\"name\":\"\u0130ktisat\",\"description\":\"\",\"potentialAction\":[{\"@type\":\"SearchAction\",\"target\":{\"@type\":\"EntryPoint\",\"urlTemplate\":\"https:\/\/ticaret.edu.tr\/iktisat\/?s={search_term_string}\"},\"query-input\":\"required name=search_term_string\"}],\"inLanguage\":\"tr\"}]}<\/script>\n<!-- \/ Yoast SEO Premium plugin. -->","yoast_head_json":{"title":"Publications - \u0130ktisat","robots":{"index":"index","follow":"follow","max-snippet":"max-snippet:-1","max-image-preview":"max-image-preview:large","max-video-preview":"max-video-preview:-1"},"canonical":"https:\/\/ticaret.edu.tr\/iktisat\/en\/publications\/","og_locale":"tr_TR","og_type":"article","og_title":"Publications","og_description":"You can access the publications of our academic staff through the links below: &nbsp; Faculty Member Publications Page Prof. Dr. Bet\u00fcl G\u00dcR https:\/\/avesis.ticaret.edu.tr\/bgur\/yayinlar Prof. Dr. Naz\u0131m EKREN https:\/\/avesis.ticaret.edu.tr\/nazimekren\/yayinlar Prof. Dr. Rahmi Deniz \u00d6ZBAY https:\/\/avesis.ticaret.edu.tr\/rdozbay\/yayinlar Do\u00e7. Dr. G\u00fcldenur \u00c7ET\u0130N https:\/\/avesis.ticaret.edu.tr\/gadiguzel\/yayinlar Do\u00e7. Dr. Muhittin ADIG\u00dcZEL https:\/\/avesis.ticaret.edu.tr\/madiguzel\/yayinlar Do\u00e7. Dr. \u015eefik MEM\u0130\u015e https:\/\/avesis.ticaret.edu.tr\/smemis\/yayinlar Dr. \u00d6\u011fr. \u00dcyesi Tu\u011frul ARIK https:\/\/avesis.ticaret.edu.tr\/tarik\/yayinlar [&hellip;]","og_url":"https:\/\/ticaret.edu.tr\/iktisat\/en\/publications\/","og_site_name":"\u0130ktisat","article_publisher":"https:\/\/www.facebook.com\/ticaretedutr","article_modified_time":"2026-02-13T08:50:26+00:00","og_image":[{"width":1250,"height":833,"url":"http:\/\/ticaret.edu.tr\/iktisat\/wp-content\/uploads\/sites\/9\/2021\/11\/web_logo-01.jpg","type":"image\/jpeg"}],"twitter_card":"summary_large_image","twitter_site":"@ticaretedutr","twitter_misc":{"Tahmini okuma s\u00fcresi":"1 dakika"},"schema":{"@context":"https:\/\/schema.org","@graph":[{"@type":"WebPage","@id":"https:\/\/ticaret.edu.tr\/iktisat\/en\/publications\/","url":"https:\/\/ticaret.edu.tr\/iktisat\/en\/publications\/","name":"Publications - \u0130ktisat","isPartOf":{"@id":"https:\/\/ticaret.edu.tr\/iktisat\/#website"},"datePublished":"2025-01-26T16:43:59+00:00","dateModified":"2026-02-13T08:50:26+00:00","breadcrumb":{"@id":"https:\/\/ticaret.edu.tr\/iktisat\/en\/publications\/#breadcrumb"},"inLanguage":"tr","potentialAction":[{"@type":"ReadAction","target":["https:\/\/ticaret.edu.tr\/iktisat\/en\/publications\/"]}]},{"@type":"BreadcrumbList","@id":"https:\/\/ticaret.edu.tr\/iktisat\/en\/publications\/#breadcrumb","itemListElement":[{"@type":"ListItem","position":1,"name":"Ana sayfa","item":"https:\/\/ticaret.edu.tr\/iktisat\/"},{"@type":"ListItem","position":2,"name":"Publications"}]},{"@type":"WebSite","@id":"https:\/\/ticaret.edu.tr\/iktisat\/#website","url":"https:\/\/ticaret.edu.tr\/iktisat\/","name":"\u0130ktisat","description":"","potentialAction":[{"@type":"SearchAction","target":{"@type":"EntryPoint","urlTemplate":"https:\/\/ticaret.edu.tr\/iktisat\/?s={search_term_string}"},"query-input":"required name=search_term_string"}],"inLanguage":"tr"}]}},"lang":"en","translations":{"en":1691,"tr":1689},"pll_sync_post":[],"_links":{"self":[{"href":"http:\/\/ticaret.edu.tr\/iktisat\/wp-json\/wp\/v2\/pages\/1691"}],"collection":[{"href":"http:\/\/ticaret.edu.tr\/iktisat\/wp-json\/wp\/v2\/pages"}],"about":[{"href":"http:\/\/ticaret.edu.tr\/iktisat\/wp-json\/wp\/v2\/types\/page"}],"author":[{"embeddable":true,"href":"http:\/\/ticaret.edu.tr\/iktisat\/wp-json\/wp\/v2\/users\/139"}],"replies":[{"embeddable":true,"href":"http:\/\/ticaret.edu.tr\/iktisat\/wp-json\/wp\/v2\/comments?post=1691"}],"version-history":[{"count":3,"href":"http:\/\/ticaret.edu.tr\/iktisat\/wp-json\/wp\/v2\/pages\/1691\/revisions"}],"predecessor-version":[{"id":2792,"href":"http:\/\/ticaret.edu.tr\/iktisat\/wp-json\/wp\/v2\/pages\/1691\/revisions\/2792"}],"wp:attachment":[{"href":"http:\/\/ticaret.edu.tr\/iktisat\/wp-json\/wp\/v2\/media?parent=1691"}],"curies":[{"name":"wp","href":"https:\/\/api.w.org\/{rel}","templated":true}]}}