{"id":1697,"date":"2025-01-26T19:44:55","date_gmt":"2025-01-26T16:44:55","guid":{"rendered":"https:\/\/ticaret.edu.tr\/iktisat\/?page_id=1697"},"modified":"2025-10-20T19:50:36","modified_gmt":"2025-10-20T16:50:36","slug":"akreditasyon","status":"publish","type":"page","link":"http:\/\/ticaret.edu.tr\/iktisat\/akreditasyon\/","title":{"rendered":"Akreditasyon"},"content":{"rendered":"<p>\u0130ktisat B\u00f6l\u00fcm\u00fc, kalite g\u00fcvencesi ve akreditasyon standartlar\u0131n\u0131 kar\u015f\u0131lamak \u00fczere \u015fu ad\u0131mlar\u0131 izlemektedir:<\/p>\n<p><strong>\u00d6zde\u011ferlendirme Raporu Haz\u0131rlama:<\/strong> E\u011fitim-\u00f6\u011fretim program\u0131m\u0131z, ara\u015ft\u0131rma \u00e7\u0131kt\u0131lar\u0131m\u0131z ve idari s\u00fcre\u00e7lerimiz kapsaml\u0131 bir \u00f6zde\u011ferlendirme ile ele al\u0131n\u0131r.<\/p>\n<p><strong>Kalite Komisyonu ve Dan\u0131\u015fma Kurulu:<\/strong> B\u00f6l\u00fcm b\u00fcnyesinde bir kalite komisyonu kurulmu\u015ftur; ayr\u0131ca sekt\u00f6r ve akademi temsilcilerinden olu\u015fan bir dan\u0131\u015fma kurulu ile \u00e7al\u0131\u015fmalar\u0131m\u0131z de\u011ferlendirilmektedir.<\/p>\n<p><strong>D\u0131\u015f Denetim \/ Akreditasyon Kurulu\u015fu De\u011ferlendirmesi:<\/strong> \u0130lgili akreditasyon s\u00fcre\u00e7lerine ba\u015fvurularak, program\u0131m\u0131z\u0131n ulusal ve uluslararas\u0131 standartlara uygunlu\u011fu denetlenir.<\/p>\n<p><strong>Sonu\u00e7lar\u0131n Yay\u0131nlanmas\u0131 ve S\u00fcrekli Geli\u015ftirme:<\/strong> De\u011ferlendirme sonu\u00e7lar\u0131 a\u00e7\u0131k bir \u015fekilde payda\u015flar\u0131m\u0131zla payla\u015f\u0131l\u0131r; iyile\u015ftirme planlar\u0131 haz\u0131rlan\u0131r ve uygulan\u0131r.<\/p>\n<p>Bu s\u00fcre\u00e7lerin tamamlanmas\u0131 sayesinde b\u00f6l\u00fcm\u00fcm\u00fcz\u00fcn e\u011fitim kalitesi \u015feffaf ve g\u00fcven verici bir bi\u00e7imde ortaya konur.<\/p>\n","protected":false},"excerpt":{"rendered":"<p>\u0130ktisat B\u00f6l\u00fcm\u00fc, kalite g\u00fcvencesi ve akreditasyon standartlar\u0131n\u0131 kar\u015f\u0131lamak \u00fczere \u015fu ad\u0131mlar\u0131 izlemektedir: \u00d6zde\u011ferlendirme Raporu Haz\u0131rlama: E\u011fitim-\u00f6\u011fretim program\u0131m\u0131z, ara\u015ft\u0131rma \u00e7\u0131kt\u0131lar\u0131m\u0131z ve idari s\u00fcre\u00e7lerimiz kapsaml\u0131 bir \u00f6zde\u011ferlendirme ile ele al\u0131n\u0131r. Kalite Komisyonu ve Dan\u0131\u015fma Kurulu: B\u00f6l\u00fcm b\u00fcnyesinde bir kalite komisyonu kurulmu\u015ftur; ayr\u0131ca sekt\u00f6r ve akademi temsilcilerinden olu\u015fan bir dan\u0131\u015fma kurulu ile \u00e7al\u0131\u015fmalar\u0131m\u0131z de\u011ferlendirilmektedir. D\u0131\u015f Denetim \/ Akreditasyon [&hellip;]<\/p>\n","protected":false},"author":139,"featured_media":0,"parent":0,"menu_order":0,"comment_status":"closed","ping_status":"closed","template":"genel_sayfa.php","meta":{"footnotes":""},"yoast_head":"<!-- This site is optimized with the Yoast SEO Premium plugin v22.1 (Yoast SEO v22.1) - https:\/\/yoast.com\/wordpress\/plugins\/seo\/ -->\n<title>Akreditasyon - \u0130ktisat<\/title>\n<meta name=\"robots\" content=\"index, follow, max-snippet:-1, max-image-preview:large, max-video-preview:-1\" \/>\n<link rel=\"canonical\" href=\"https:\/\/ticaret.edu.tr\/iktisat\/akreditasyon\/\" \/>\n<meta property=\"og:locale\" content=\"tr_TR\" \/>\n<meta property=\"og:type\" content=\"article\" \/>\n<meta property=\"og:title\" content=\"Akreditasyon\" \/>\n<meta property=\"og:description\" content=\"\u0130ktisat B\u00f6l\u00fcm\u00fc, kalite g\u00fcvencesi ve akreditasyon standartlar\u0131n\u0131 kar\u015f\u0131lamak \u00fczere \u015fu ad\u0131mlar\u0131 izlemektedir: \u00d6zde\u011ferlendirme Raporu Haz\u0131rlama: E\u011fitim-\u00f6\u011fretim program\u0131m\u0131z, ara\u015ft\u0131rma \u00e7\u0131kt\u0131lar\u0131m\u0131z ve idari s\u00fcre\u00e7lerimiz kapsaml\u0131 bir \u00f6zde\u011ferlendirme ile ele al\u0131n\u0131r. Kalite Komisyonu ve Dan\u0131\u015fma Kurulu: B\u00f6l\u00fcm b\u00fcnyesinde bir kalite komisyonu kurulmu\u015ftur; ayr\u0131ca sekt\u00f6r ve akademi temsilcilerinden olu\u015fan bir dan\u0131\u015fma kurulu ile \u00e7al\u0131\u015fmalar\u0131m\u0131z de\u011ferlendirilmektedir. D\u0131\u015f Denetim \/ Akreditasyon [&hellip;]\" \/>\n<meta property=\"og:url\" content=\"https:\/\/ticaret.edu.tr\/iktisat\/akreditasyon\/\" \/>\n<meta property=\"og:site_name\" content=\"\u0130ktisat\" \/>\n<meta property=\"article:publisher\" content=\"https:\/\/www.facebook.com\/ticaretedutr\" \/>\n<meta property=\"article:modified_time\" content=\"2025-10-20T16:50:36+00:00\" \/>\n<meta property=\"og:image\" content=\"http:\/\/ticaret.edu.tr\/iktisat\/wp-content\/uploads\/sites\/9\/2021\/11\/web_logo-01.jpg\" \/>\n\t<meta property=\"og:image:width\" content=\"1250\" \/>\n\t<meta property=\"og:image:height\" content=\"833\" \/>\n\t<meta property=\"og:image:type\" content=\"image\/jpeg\" \/>\n<meta name=\"twitter:card\" content=\"summary_large_image\" \/>\n<meta name=\"twitter:site\" content=\"@ticaretedutr\" \/>\n<meta name=\"twitter:label1\" content=\"Tahmini okuma s\u00fcresi\" \/>\n\t<meta name=\"twitter:data1\" content=\"1 dakika\" \/>\n<script type=\"application\/ld+json\" class=\"yoast-schema-graph\">{\"@context\":\"https:\/\/schema.org\",\"@graph\":[{\"@type\":\"WebPage\",\"@id\":\"https:\/\/ticaret.edu.tr\/iktisat\/akreditasyon\/\",\"url\":\"https:\/\/ticaret.edu.tr\/iktisat\/akreditasyon\/\",\"name\":\"Akreditasyon - \u0130ktisat\",\"isPartOf\":{\"@id\":\"https:\/\/ticaret.edu.tr\/iktisat\/#website\"},\"datePublished\":\"2025-01-26T16:44:55+00:00\",\"dateModified\":\"2025-10-20T16:50:36+00:00\",\"breadcrumb\":{\"@id\":\"https:\/\/ticaret.edu.tr\/iktisat\/akreditasyon\/#breadcrumb\"},\"inLanguage\":\"tr\",\"potentialAction\":[{\"@type\":\"ReadAction\",\"target\":[\"https:\/\/ticaret.edu.tr\/iktisat\/akreditasyon\/\"]}]},{\"@type\":\"BreadcrumbList\",\"@id\":\"https:\/\/ticaret.edu.tr\/iktisat\/akreditasyon\/#breadcrumb\",\"itemListElement\":[{\"@type\":\"ListItem\",\"position\":1,\"name\":\"Ana sayfa\",\"item\":\"https:\/\/ticaret.edu.tr\/iktisat\/\"},{\"@type\":\"ListItem\",\"position\":2,\"name\":\"Akreditasyon\"}]},{\"@type\":\"WebSite\",\"@id\":\"https:\/\/ticaret.edu.tr\/iktisat\/#website\",\"url\":\"https:\/\/ticaret.edu.tr\/iktisat\/\",\"name\":\"\u0130ktisat\",\"description\":\"\",\"potentialAction\":[{\"@type\":\"SearchAction\",\"target\":{\"@type\":\"EntryPoint\",\"urlTemplate\":\"https:\/\/ticaret.edu.tr\/iktisat\/?s={search_term_string}\"},\"query-input\":\"required name=search_term_string\"}],\"inLanguage\":\"tr\"}]}<\/script>\n<!-- \/ Yoast SEO Premium plugin. -->","yoast_head_json":{"title":"Akreditasyon - \u0130ktisat","robots":{"index":"index","follow":"follow","max-snippet":"max-snippet:-1","max-image-preview":"max-image-preview:large","max-video-preview":"max-video-preview:-1"},"canonical":"https:\/\/ticaret.edu.tr\/iktisat\/akreditasyon\/","og_locale":"tr_TR","og_type":"article","og_title":"Akreditasyon","og_description":"\u0130ktisat B\u00f6l\u00fcm\u00fc, kalite g\u00fcvencesi ve akreditasyon standartlar\u0131n\u0131 kar\u015f\u0131lamak \u00fczere \u015fu ad\u0131mlar\u0131 izlemektedir: \u00d6zde\u011ferlendirme Raporu Haz\u0131rlama: E\u011fitim-\u00f6\u011fretim program\u0131m\u0131z, ara\u015ft\u0131rma \u00e7\u0131kt\u0131lar\u0131m\u0131z ve idari s\u00fcre\u00e7lerimiz kapsaml\u0131 bir \u00f6zde\u011ferlendirme ile ele al\u0131n\u0131r. Kalite Komisyonu ve Dan\u0131\u015fma Kurulu: B\u00f6l\u00fcm b\u00fcnyesinde bir kalite komisyonu kurulmu\u015ftur; ayr\u0131ca sekt\u00f6r ve akademi temsilcilerinden olu\u015fan bir dan\u0131\u015fma kurulu ile \u00e7al\u0131\u015fmalar\u0131m\u0131z de\u011ferlendirilmektedir. D\u0131\u015f Denetim \/ Akreditasyon [&hellip;]","og_url":"https:\/\/ticaret.edu.tr\/iktisat\/akreditasyon\/","og_site_name":"\u0130ktisat","article_publisher":"https:\/\/www.facebook.com\/ticaretedutr","article_modified_time":"2025-10-20T16:50:36+00:00","og_image":[{"width":1250,"height":833,"url":"http:\/\/ticaret.edu.tr\/iktisat\/wp-content\/uploads\/sites\/9\/2021\/11\/web_logo-01.jpg","type":"image\/jpeg"}],"twitter_card":"summary_large_image","twitter_site":"@ticaretedutr","twitter_misc":{"Tahmini okuma s\u00fcresi":"1 dakika"},"schema":{"@context":"https:\/\/schema.org","@graph":[{"@type":"WebPage","@id":"https:\/\/ticaret.edu.tr\/iktisat\/akreditasyon\/","url":"https:\/\/ticaret.edu.tr\/iktisat\/akreditasyon\/","name":"Akreditasyon - \u0130ktisat","isPartOf":{"@id":"https:\/\/ticaret.edu.tr\/iktisat\/#website"},"datePublished":"2025-01-26T16:44:55+00:00","dateModified":"2025-10-20T16:50:36+00:00","breadcrumb":{"@id":"https:\/\/ticaret.edu.tr\/iktisat\/akreditasyon\/#breadcrumb"},"inLanguage":"tr","potentialAction":[{"@type":"ReadAction","target":["https:\/\/ticaret.edu.tr\/iktisat\/akreditasyon\/"]}]},{"@type":"BreadcrumbList","@id":"https:\/\/ticaret.edu.tr\/iktisat\/akreditasyon\/#breadcrumb","itemListElement":[{"@type":"ListItem","position":1,"name":"Ana sayfa","item":"https:\/\/ticaret.edu.tr\/iktisat\/"},{"@type":"ListItem","position":2,"name":"Akreditasyon"}]},{"@type":"WebSite","@id":"https:\/\/ticaret.edu.tr\/iktisat\/#website","url":"https:\/\/ticaret.edu.tr\/iktisat\/","name":"\u0130ktisat","description":"","potentialAction":[{"@type":"SearchAction","target":{"@type":"EntryPoint","urlTemplate":"https:\/\/ticaret.edu.tr\/iktisat\/?s={search_term_string}"},"query-input":"required name=search_term_string"}],"inLanguage":"tr"}]}},"lang":"tr","translations":{"en":1699,"tr":1697},"pll_sync_post":[],"_links":{"self":[{"href":"http:\/\/ticaret.edu.tr\/iktisat\/wp-json\/wp\/v2\/pages\/1697"}],"collection":[{"href":"http:\/\/ticaret.edu.tr\/iktisat\/wp-json\/wp\/v2\/pages"}],"about":[{"href":"http:\/\/ticaret.edu.tr\/iktisat\/wp-json\/wp\/v2\/types\/page"}],"author":[{"embeddable":true,"href":"http:\/\/ticaret.edu.tr\/iktisat\/wp-json\/wp\/v2\/users\/139"}],"replies":[{"embeddable":true,"href":"http:\/\/ticaret.edu.tr\/iktisat\/wp-json\/wp\/v2\/comments?post=1697"}],"version-history":[{"count":3,"href":"http:\/\/ticaret.edu.tr\/iktisat\/wp-json\/wp\/v2\/pages\/1697\/revisions"}],"predecessor-version":[{"id":2191,"href":"http:\/\/ticaret.edu.tr\/iktisat\/wp-json\/wp\/v2\/pages\/1697\/revisions\/2191"}],"wp:attachment":[{"href":"http:\/\/ticaret.edu.tr\/iktisat\/wp-json\/wp\/v2\/media?parent=1697"}],"curies":[{"name":"wp","href":"https:\/\/api.w.org\/{rel}","templated":true}]}}